{"id":18307,"date":"2024-09-24T15:25:07","date_gmt":"2024-09-24T13:25:07","guid":{"rendered":"https:\/\/poppersschweiz.com\/product\/poppers-booster-cap-xtrm-double-xs-black-leak-proof-for-double-scorpio-15ml\/"},"modified":"2025-03-27T03:15:42","modified_gmt":"2025-03-27T02:15:42","slug":"poppers-booster-cap-xtrm-double-xs-black-leak-proof-for-double-scorpio-15ml","status":"publish","type":"product","link":"https:\/\/poppersschweiz.com\/fr\/produit\/poppers-booster-cap-xtrm-double-xs-black-leak-proof-for-double-scorpio-15ml\/","title":{"rendered":"Poppers Booster Cap XTRM Double XS Black LEAK PROOF for Double Scorpio 15ml"},"content":{"rendered":"<p><span style=\"font-weight: 400;\"><strong>Poppers Booster Cap XTRM Double XS Black LEAK PROOF for Double Scorpio 15ml.<\/strong>  Si le sniff de poppers est imm\u00e9diatement suivi d&rsquo;une agitation, il peut arriver que la bouteille de poppers soit renvers\u00e9e et qu&rsquo;elle ait fui. L&rsquo;\u00e9quipe XTRM a d\u00e9velopp\u00e9 \u00e0 cet effet une ing\u00e9nieuse casquette Poppers Booster XTRM Double Small Black LEAK PROOF anti-fuite et facile d&rsquo;utilisation avec bouton-pression. Tu visses le sniffer anti-fuite sur la bouteille comme d&rsquo;habitude. Ce n&rsquo;est que lorsque tu appuies sur le bouton-poussoir situ\u00e9 sur le c\u00f4t\u00e9 du couvercle que le poppers s&rsquo;\u00e9coule de la bouteille par le canal de kick. Lorsque tu rel\u00e2ches le bouton-poussoir, le sniffer est \u00e0 nouveau \u00e9tanche \u00e0 100% et le poppers reste dans la bouteille, m\u00eame si celle-ci se renverse parce qu&rsquo;elle est en train de chauffer.<\/span><\/p>\n<p><span style=\"font-weight: 400;\">Ce nouveau syst\u00e8me de fermeture avec bouton-poussoir est fabriqu\u00e9 en Autriche avec beaucoup d&rsquo;engagement.<br \/>\nLe Double XS Black LEAK PROOF Booster Cap s&rsquo;adapte \u00e0 tous les 15ml de Double Scorpio et toutes les bouteilles en aluminium de 10 ml de Royal Hexagon.  D\u00e9couvre le frisson et le confort suppl\u00e9mentaires en tirant des poppers. Plus jamais de bouteilles de Poppers renvers\u00e9es, gr\u00e2ce \u00e0 la capsule anti-fuite Poppers Booster LEAK PROOF. Conseil d&rsquo;utilisation : pour d\u00e9visser, tenez le LEAK PROOF par le bas, vissez avec pr\u00e9caution et ne serrez pas trop le filetage.<\/span><\/p>\n","protected":false},"excerpt":{"rendered":"<p>Poppers Booster Cap XTRM Double XS Black LEAK PROOF for Double Scorpio 15ml. Si le sniff de poppers est imm\u00e9diatement<\/p>\n","protected":false},"featured_media":18305,"comment_status":"open","ping_status":"closed","template":"","meta":{"_acf_changed":false,"_glsr_average":0,"_glsr_ranking":0,"_glsr_reviews":0},"product_brand":[],"product_cat":[533,530],"product_tag":[],"class_list":{"0":"post-18307","1":"product","2":"type-product","3":"status-publish","4":"has-post-thumbnail","6":"product_cat-accessoires-poppers","7":"product_cat-poppers-suisse","9":"first","10":"instock","11":"taxable","12":"shipping-taxable","13":"purchasable","14":"product-type-simple"},"bundled_by":[],"bundle_stock_status":"instock","bundle_stock_quantity":null,"bundle_virtual":false,"bundle_layout":"","bundle_add_to_cart_form_location":"","bundle_editable_in_cart":false,"bundle_sold_individually_context":"","bundle_item_grouping":"","bundle_min_size":"","bundle_max_size":"","bundled_items":[],"bundle_sell_ids":[],"acf":[],"yoast_head":"<!-- This site is optimized with the Yoast SEO plugin v27.2 - https:\/\/yoast.com\/product\/yoast-seo-wordpress\/ -->\n<title>Poppers Booster Cap XTRM Double XS Black LEAK PROOF for Double Scorpio 15ml \u25b7 hier g\u00fcnstig kaufen | poppersschweiz.com<\/title>\n<meta name=\"description\" content=\"Poppers Booster Cap XTRM Double XS Black LEAK PROOF for Double Scorpio 15ml \u25b7 hier g\u00fcnstig online kaufen. Schneller Versand \u2713 Nur Original-Produkte \u2713 Jetzt kaufen &amp; Spa\u00df haben.\" \/>\n<meta name=\"robots\" content=\"index, follow, max-snippet:-1, max-image-preview:large, max-video-preview:-1\" \/>\n<link rel=\"canonical\" href=\"https:\/\/poppersschweiz.com\/fr\/produit\/poppers-booster-cap-xtrm-double-xs-black-leak-proof-for-double-scorpio-15ml\/\" \/>\n<meta property=\"og:locale\" content=\"fr_FR\" \/>\n<meta property=\"og:type\" content=\"article\" \/>\n<meta property=\"og:title\" content=\"Poppers Booster Cap XTRM Double XS Black LEAK PROOF for Double Scorpio 15ml \u25b7 hier g\u00fcnstig kaufen | poppersschweiz.com\" \/>\n<meta property=\"og:description\" content=\"Poppers Booster Cap XTRM Double XS Black LEAK PROOF for Double Scorpio 15ml \u25b7 hier g\u00fcnstig online kaufen. Schneller Versand \u2713 Nur Original-Produkte \u2713 Jetzt kaufen &amp; Spa\u00df haben.\" \/>\n<meta property=\"og:url\" content=\"https:\/\/poppersschweiz.com\/fr\/produit\/poppers-booster-cap-xtrm-double-xs-black-leak-proof-for-double-scorpio-15ml\/\" \/>\n<meta property=\"og:site_name\" content=\"poppersschweiz.com\" \/>\n<meta property=\"article:modified_time\" content=\"2025-03-27T02:15:42+00:00\" \/>\n<meta property=\"og:image\" content=\"https:\/\/poppersschweiz.com\/wp-content\/uploads\/2024\/09\/Poppers-Booster-Cap-XTRM-Double-XS-Black-LEAK-PROOF-for-Double-Scorpio-15ml.png\" \/>\n\t<meta property=\"og:image:width\" content=\"600\" \/>\n\t<meta property=\"og:image:height\" content=\"600\" \/>\n\t<meta property=\"og:image:type\" content=\"image\/png\" \/>\n<meta name=\"twitter:card\" content=\"summary_large_image\" \/>\n<meta name=\"twitter:label1\" content=\"Prix\" \/>\n\t<meta name=\"twitter:data1\" content=\"&#067;&#072;&#070;&nbsp;43.90\" \/>\n\t<meta name=\"twitter:label2\" content=\"Disponibilit\u00e9\" \/>\n\t<meta name=\"twitter:data2\" content=\"En stock\" \/>\n<script type=\"application\/ld+json\" class=\"yoast-schema-graph\">{\"@context\":\"https:\/\/schema.org\",\"@graph\":[{\"@type\":\"WebPage\",\"@id\":\"https:\/\/poppersschweiz.com\/fr\/produit\/poppers-booster-cap-xtrm-double-xs-black-leak-proof-for-double-scorpio-15ml\/\",\"url\":\"https:\/\/poppersschweiz.com\/fr\/produit\/poppers-booster-cap-xtrm-double-xs-black-leak-proof-for-double-scorpio-15ml\/\",\"name\":\"Poppers Booster Cap XTRM Double XS Black LEAK PROOF for Double Scorpio 15ml \u25b7 hier g\u00fcnstig kaufen | poppersschweiz.com\",\"isPartOf\":{\"@id\":\"https:\/\/poppersschweiz.com\/fr\/#website\"},\"primaryImageOfPage\":{\"@id\":\"https:\/\/poppersschweiz.com\/fr\/produit\/poppers-booster-cap-xtrm-double-xs-black-leak-proof-for-double-scorpio-15ml\/#primaryimage\"},\"image\":{\"@id\":\"https:\/\/poppersschweiz.com\/fr\/produit\/poppers-booster-cap-xtrm-double-xs-black-leak-proof-for-double-scorpio-15ml\/#primaryimage\"},\"thumbnailUrl\":\"https:\/\/poppersschweiz.com\/wp-content\/uploads\/2024\/09\/Poppers-Booster-Cap-XTRM-Double-XS-Black-LEAK-PROOF-for-Double-Scorpio-15ml.png\",\"datePublished\":\"2024-09-24T13:25:07+00:00\",\"dateModified\":\"2025-03-27T02:15:42+00:00\",\"description\":\"Poppers Booster Cap XTRM Double XS Black LEAK PROOF for Double Scorpio 15ml \u25b7 hier g\u00fcnstig online kaufen. Schneller Versand \u2713 Nur Original-Produkte \u2713 Jetzt kaufen & Spa\u00df haben.\",\"breadcrumb\":{\"@id\":\"https:\/\/poppersschweiz.com\/fr\/produit\/poppers-booster-cap-xtrm-double-xs-black-leak-proof-for-double-scorpio-15ml\/#breadcrumb\"},\"inLanguage\":\"fr-FR\",\"potentialAction\":[{\"@type\":\"ReadAction\",\"target\":[\"https:\/\/poppersschweiz.com\/fr\/produit\/poppers-booster-cap-xtrm-double-xs-black-leak-proof-for-double-scorpio-15ml\/\"]}]},{\"@type\":\"ImageObject\",\"inLanguage\":\"fr-FR\",\"@id\":\"https:\/\/poppersschweiz.com\/fr\/produit\/poppers-booster-cap-xtrm-double-xs-black-leak-proof-for-double-scorpio-15ml\/#primaryimage\",\"url\":\"https:\/\/poppersschweiz.com\/wp-content\/uploads\/2024\/09\/Poppers-Booster-Cap-XTRM-Double-XS-Black-LEAK-PROOF-for-Double-Scorpio-15ml.png\",\"contentUrl\":\"https:\/\/poppersschweiz.com\/wp-content\/uploads\/2024\/09\/Poppers-Booster-Cap-XTRM-Double-XS-Black-LEAK-PROOF-for-Double-Scorpio-15ml.png\",\"width\":600,\"height\":600,\"caption\":\"Poppers Booster Cap XTRM Double XS Black LEAK PROOF for Double Scorpio 15ml\"},{\"@type\":\"BreadcrumbList\",\"@id\":\"https:\/\/poppersschweiz.com\/fr\/produit\/poppers-booster-cap-xtrm-double-xs-black-leak-proof-for-double-scorpio-15ml\/#breadcrumb\",\"itemListElement\":[{\"@type\":\"ListItem\",\"position\":1,\"name\":\"Page d'accueil\",\"item\":\"https:\/\/poppersschweiz.com\/fr\/\"},{\"@type\":\"ListItem\",\"position\":2,\"name\":\"Poppers, accessoires pour poppers et plus encore\",\"item\":\"https:\/\/poppersschweiz.com\/fr\/poppers-accessoires-pour-poppers-et-plus-encore\/\"},{\"@type\":\"ListItem\",\"position\":3,\"name\":\"Poppers Booster Cap XTRM Double XS Black LEAK PROOF for Double Scorpio 15ml\"}]},{\"@type\":\"WebSite\",\"@id\":\"https:\/\/poppersschweiz.com\/fr\/#website\",\"url\":\"https:\/\/poppersschweiz.com\/fr\/\",\"name\":\"poppersschweiz.com\",\"description\":\"\",\"potentialAction\":[{\"@type\":\"SearchAction\",\"target\":{\"@type\":\"EntryPoint\",\"urlTemplate\":\"https:\/\/poppersschweiz.com\/fr\/?s={search_term_string}\"},\"query-input\":{\"@type\":\"PropertyValueSpecification\",\"valueRequired\":true,\"valueName\":\"search_term_string\"}}],\"inLanguage\":\"fr-FR\"}]}<\/script>\n<meta property=\"product:price:amount\" content=\"43.90\" \/>\n<meta property=\"product:price:currency\" content=\"CHF\" \/>\n<meta property=\"og:availability\" content=\"instock\" \/>\n<meta property=\"product:availability\" content=\"instock\" \/>\n<meta property=\"product:retailer_item_id\" content=\"XTRM-LP-XS\" \/>\n<meta property=\"product:condition\" content=\"new\" \/>\n<!-- \/ Yoast SEO plugin. -->","yoast_head_json":{"title":"Poppers Booster Cap XTRM Double XS Black LEAK PROOF for Double Scorpio 15ml \u25b7 hier g\u00fcnstig kaufen | poppersschweiz.com","description":"Poppers Booster Cap XTRM Double XS Black LEAK PROOF for Double Scorpio 15ml \u25b7 hier g\u00fcnstig online kaufen. Schneller Versand \u2713 Nur Original-Produkte \u2713 Jetzt kaufen & Spa\u00df haben.","robots":{"index":"index","follow":"follow","max-snippet":"max-snippet:-1","max-image-preview":"max-image-preview:large","max-video-preview":"max-video-preview:-1"},"canonical":"https:\/\/poppersschweiz.com\/fr\/produit\/poppers-booster-cap-xtrm-double-xs-black-leak-proof-for-double-scorpio-15ml\/","og_locale":"fr_FR","og_type":"article","og_title":"Poppers Booster Cap XTRM Double XS Black LEAK PROOF for Double Scorpio 15ml \u25b7 hier g\u00fcnstig kaufen | poppersschweiz.com","og_description":"Poppers Booster Cap XTRM Double XS Black LEAK PROOF for Double Scorpio 15ml \u25b7 hier g\u00fcnstig online kaufen. Schneller Versand \u2713 Nur Original-Produkte \u2713 Jetzt kaufen & Spa\u00df haben.","og_url":"https:\/\/poppersschweiz.com\/fr\/produit\/poppers-booster-cap-xtrm-double-xs-black-leak-proof-for-double-scorpio-15ml\/","og_site_name":"poppersschweiz.com","article_modified_time":"2025-03-27T02:15:42+00:00","og_image":[{"width":600,"height":600,"url":"https:\/\/poppersschweiz.com\/wp-content\/uploads\/2024\/09\/Poppers-Booster-Cap-XTRM-Double-XS-Black-LEAK-PROOF-for-Double-Scorpio-15ml.png","type":"image\/png"}],"twitter_card":"summary_large_image","twitter_misc":{"Prix":"&#67;&#72;&#70;&nbsp;43.90","Disponibilit\u00e9":"En stock"},"schema":{"@context":"https:\/\/schema.org","@graph":[{"@type":"WebPage","@id":"https:\/\/poppersschweiz.com\/fr\/produit\/poppers-booster-cap-xtrm-double-xs-black-leak-proof-for-double-scorpio-15ml\/","url":"https:\/\/poppersschweiz.com\/fr\/produit\/poppers-booster-cap-xtrm-double-xs-black-leak-proof-for-double-scorpio-15ml\/","name":"Poppers Booster Cap XTRM Double XS Black LEAK PROOF for Double Scorpio 15ml \u25b7 hier g\u00fcnstig kaufen | poppersschweiz.com","isPartOf":{"@id":"https:\/\/poppersschweiz.com\/fr\/#website"},"primaryImageOfPage":{"@id":"https:\/\/poppersschweiz.com\/fr\/produit\/poppers-booster-cap-xtrm-double-xs-black-leak-proof-for-double-scorpio-15ml\/#primaryimage"},"image":{"@id":"https:\/\/poppersschweiz.com\/fr\/produit\/poppers-booster-cap-xtrm-double-xs-black-leak-proof-for-double-scorpio-15ml\/#primaryimage"},"thumbnailUrl":"https:\/\/poppersschweiz.com\/wp-content\/uploads\/2024\/09\/Poppers-Booster-Cap-XTRM-Double-XS-Black-LEAK-PROOF-for-Double-Scorpio-15ml.png","datePublished":"2024-09-24T13:25:07+00:00","dateModified":"2025-03-27T02:15:42+00:00","description":"Poppers Booster Cap XTRM Double XS Black LEAK PROOF for Double Scorpio 15ml \u25b7 hier g\u00fcnstig online kaufen. Schneller Versand \u2713 Nur Original-Produkte \u2713 Jetzt kaufen & Spa\u00df haben.","breadcrumb":{"@id":"https:\/\/poppersschweiz.com\/fr\/produit\/poppers-booster-cap-xtrm-double-xs-black-leak-proof-for-double-scorpio-15ml\/#breadcrumb"},"inLanguage":"fr-FR","potentialAction":[{"@type":"ReadAction","target":["https:\/\/poppersschweiz.com\/fr\/produit\/poppers-booster-cap-xtrm-double-xs-black-leak-proof-for-double-scorpio-15ml\/"]}]},{"@type":"ImageObject","inLanguage":"fr-FR","@id":"https:\/\/poppersschweiz.com\/fr\/produit\/poppers-booster-cap-xtrm-double-xs-black-leak-proof-for-double-scorpio-15ml\/#primaryimage","url":"https:\/\/poppersschweiz.com\/wp-content\/uploads\/2024\/09\/Poppers-Booster-Cap-XTRM-Double-XS-Black-LEAK-PROOF-for-Double-Scorpio-15ml.png","contentUrl":"https:\/\/poppersschweiz.com\/wp-content\/uploads\/2024\/09\/Poppers-Booster-Cap-XTRM-Double-XS-Black-LEAK-PROOF-for-Double-Scorpio-15ml.png","width":600,"height":600,"caption":"Poppers Booster Cap XTRM Double XS Black LEAK PROOF for Double Scorpio 15ml"},{"@type":"BreadcrumbList","@id":"https:\/\/poppersschweiz.com\/fr\/produit\/poppers-booster-cap-xtrm-double-xs-black-leak-proof-for-double-scorpio-15ml\/#breadcrumb","itemListElement":[{"@type":"ListItem","position":1,"name":"Page d'accueil","item":"https:\/\/poppersschweiz.com\/fr\/"},{"@type":"ListItem","position":2,"name":"Poppers, accessoires pour poppers et plus encore","item":"https:\/\/poppersschweiz.com\/fr\/poppers-accessoires-pour-poppers-et-plus-encore\/"},{"@type":"ListItem","position":3,"name":"Poppers Booster Cap XTRM Double XS Black LEAK PROOF for Double Scorpio 15ml"}]},{"@type":"WebSite","@id":"https:\/\/poppersschweiz.com\/fr\/#website","url":"https:\/\/poppersschweiz.com\/fr\/","name":"poppersschweiz.com","description":"","potentialAction":[{"@type":"SearchAction","target":{"@type":"EntryPoint","urlTemplate":"https:\/\/poppersschweiz.com\/fr\/?s={search_term_string}"},"query-input":{"@type":"PropertyValueSpecification","valueRequired":true,"valueName":"search_term_string"}}],"inLanguage":"fr-FR"}]},"product_price_amount":"43.90","product_price_currency":"CHF","og_availability":"instock","product_availability":"instock","product_retailer_item_id":"XTRM-LP-XS","product_condition":"new"},"_links":{"self":[{"href":"https:\/\/poppersschweiz.com\/fr\/wp-json\/wp\/v2\/product\/18307","targetHints":{"allow":["GET"]}}],"collection":[{"href":"https:\/\/poppersschweiz.com\/fr\/wp-json\/wp\/v2\/product"}],"about":[{"href":"https:\/\/poppersschweiz.com\/fr\/wp-json\/wp\/v2\/types\/product"}],"replies":[{"embeddable":true,"href":"https:\/\/poppersschweiz.com\/fr\/wp-json\/wp\/v2\/comments?post=18307"}],"wp:featuredmedia":[{"embeddable":true,"href":"https:\/\/poppersschweiz.com\/fr\/wp-json\/wp\/v2\/media\/18305"}],"wp:attachment":[{"href":"https:\/\/poppersschweiz.com\/fr\/wp-json\/wp\/v2\/media?parent=18307"}],"wp:term":[{"taxonomy":"product_brand","embeddable":true,"href":"https:\/\/poppersschweiz.com\/fr\/wp-json\/wp\/v2\/product_brand?post=18307"},{"taxonomy":"product_cat","embeddable":true,"href":"https:\/\/poppersschweiz.com\/fr\/wp-json\/wp\/v2\/product_cat?post=18307"},{"taxonomy":"product_tag","embeddable":true,"href":"https:\/\/poppersschweiz.com\/fr\/wp-json\/wp\/v2\/product_tag?post=18307"}],"curies":[{"name":"wp","href":"https:\/\/api.w.org\/{rel}","templated":true}]}}