{"id":18319,"date":"2024-09-24T16:02:04","date_gmt":"2024-09-24T14:02:04","guid":{"rendered":"https:\/\/poppersschweiz.com\/product\/hit-hold-release-livre-de-poche-a-gay-adult-poppers-fantasy-edition-francaise-3\/"},"modified":"2024-09-24T16:02:04","modified_gmt":"2024-09-24T14:02:04","slug":"hit-hold-release-livre-de-poche-a-gay-adult-poppers-fantasy-edition-francaise-3","status":"publish","type":"product","link":"https:\/\/poppersschweiz.com\/fr\/produit\/hit-hold-release-livre-de-poche-a-gay-adult-poppers-fantasy-edition-francaise-3\/","title":{"rendered":"Hit Hold Release &#8211; Livre de poche &#8211; A Gay Adult Poppers Fantasy &#8211; \u00c9dition fran\u00e7aise 3"},"content":{"rendered":"<p><b>Hit Hold Release &#8211; Livre de poche &#8211; A Gay Adult Poppers Fantasy &#8211; \u00c9dition fran\u00e7aise 3<\/b><span style=\"font-weight: 400;\">L&rsquo;\u00e9dition 3 du premier livre porno gay sur les poppers au monde, \u00ab\u00a0HIT HOLD RELEASE\u00a0\u00bb, est enfin disponible !<\/span><\/p>\n<p><span style=\"font-weight: 400;\">Un livre plein d&rsquo;histoires de poppers que Tim Willems a v\u00e9cues et qu&rsquo;il a \u00e9crites pour ses fans.<br \/>\nIl d\u00e9crit ses exp\u00e9riences de mani\u00e8re honn\u00eate, forte et excitante, et donne \u00e0 nouveau la parole \u00e0 ses amis poppers d&rsquo;autres pays pour qu&rsquo;ils racontent leurs exp\u00e9riences ou leurs fantasmes avec les poppers. <\/span><\/p>\n<p><span style=\"font-weight: 400;\">Suite \u00e0 un vote sur Internet, le th\u00e8me de la c\u00e9l\u00e8bre formation Popper de ce livre est \u00ab\u00a0p\u00e8re\/fils\u00a0\u00bb.<br \/>\nTim vous fait vibrer \u00e0 coup s\u00fbr avec ses descriptions d\u00e9taill\u00e9es des diff\u00e9rentes sc\u00e8nes.<br \/>\nSes instructions sont tr\u00e8s faciles \u00e0 suivre car, \u00e0 chaque s\u00e9quence, la taille des caract\u00e8res augmente parall\u00e8lement \u00e0 la quantit\u00e9 de poppers inhal\u00e9e.  <\/span><\/p>\n<p><span style=\"font-weight: 400;\">Quelque chose de tr\u00e8s sp\u00e9cial se trouve au milieu du livre.<br \/>\nL&rsquo;ami et pote poppeur de Tim, @Blowdiver, connu dans le milieu pour ses d\u00e9fis de board game, cube et sniff sur Skype, a cr\u00e9\u00e9 sp\u00e9cialement pour cette \u00e9dition du livre un jeu qui est dur et g\u00e9nial et qui peut \u00eatre jou\u00e9 par des d\u00e9butants ou des professionnels : \u00ab\u00a0POPPERS ISLAND\u00a0\u00bb. <\/span><\/p>\n<p><span style=\"font-weight: 400;\">Alors, vous avez des fourmis dans les doigts, votre queue fr\u00e9mit d\u00e9j\u00e0 d&rsquo;impatience ?<br \/>\nAlors, prenez votre poppers, amusez-vous avec les histoires et suivez les instructions. <\/span><\/p>\n<p><span style=\"font-weight: 400;\">C&rsquo;est parti !<\/span><\/p>\n<p><span style=\"font-weight: 400;\">HIT !<\/span><\/p>\n<p><span style=\"font-weight: 400;\">HOLD !<\/span><\/p>\n<p><span style=\"font-weight: 400;\">RELEASE !<\/span><\/p>\n","protected":false},"excerpt":{"rendered":"<p>Hit Hold Release &#8211; Livre de poche &#8211; A Gay Adult Poppers Fantasy &#8211; \u00c9dition fran\u00e7aise 3L&rsquo;\u00e9dition 3 du premier<\/p>\n","protected":false},"featured_media":18318,"comment_status":"open","ping_status":"closed","template":"","meta":{"_acf_changed":false,"_glsr_average":0,"_glsr_ranking":0,"_glsr_reviews":0},"product_brand":[],"product_cat":[533,530],"product_tag":[],"class_list":{"0":"post-18319","1":"product","2":"type-product","3":"status-publish","4":"has-post-thumbnail","6":"product_cat-accessoires-poppers","7":"product_cat-poppers-suisse","9":"first","10":"instock","11":"taxable","12":"shipping-taxable","13":"purchasable","14":"product-type-simple"},"bundled_by":[],"bundle_stock_status":"instock","bundle_stock_quantity":null,"bundle_virtual":false,"bundle_layout":"","bundle_add_to_cart_form_location":"","bundle_editable_in_cart":false,"bundle_sold_individually_context":"","bundle_item_grouping":"","bundle_min_size":"","bundle_max_size":"","bundled_items":[],"bundle_sell_ids":[],"acf":[],"yoast_head":"<!-- This site is optimized with the Yoast SEO plugin v27.4 - https:\/\/yoast.com\/product\/yoast-seo-wordpress\/ -->\n<title>Hit Hold Release - Livre de poche - A Gay Adult Poppers Fantasy - \u00c9dition fran\u00e7aise 3 \u25b7 hier g\u00fcnstig kaufen | poppersschweiz.com<\/title>\n<meta name=\"description\" content=\"Hit Hold Release - Livre de poche - A Gay Adult Poppers Fantasy - \u00c9dition fran\u00e7aise 3 \u25b7 hier g\u00fcnstig online kaufen. Schneller Versand \u2713 Nur Original-Produkte \u2713 Jetzt kaufen &amp; Spa\u00df haben.\" \/>\n<meta name=\"robots\" content=\"index, follow, max-snippet:-1, max-image-preview:large, max-video-preview:-1\" \/>\n<link rel=\"canonical\" href=\"https:\/\/poppersschweiz.com\/fr\/produit\/hit-hold-release-livre-de-poche-a-gay-adult-poppers-fantasy-edition-francaise-3\/\" \/>\n<meta property=\"og:locale\" content=\"fr_FR\" \/>\n<meta property=\"og:type\" content=\"article\" \/>\n<meta property=\"og:title\" content=\"Hit Hold Release - Livre de poche - A Gay Adult Poppers Fantasy - \u00c9dition fran\u00e7aise 3 \u25b7 hier g\u00fcnstig kaufen | poppersschweiz.com\" \/>\n<meta property=\"og:description\" content=\"Hit Hold Release - Livre de poche - A Gay Adult Poppers Fantasy - \u00c9dition fran\u00e7aise 3 \u25b7 hier g\u00fcnstig online kaufen. Schneller Versand \u2713 Nur Original-Produkte \u2713 Jetzt kaufen &amp; Spa\u00df haben.\" \/>\n<meta property=\"og:url\" content=\"https:\/\/poppersschweiz.com\/fr\/produit\/hit-hold-release-livre-de-poche-a-gay-adult-poppers-fantasy-edition-francaise-3\/\" \/>\n<meta property=\"og:site_name\" content=\"poppersschweiz.com\" \/>\n<meta property=\"og:image\" content=\"https:\/\/poppersschweiz.com\/wp-content\/uploads\/2024\/09\/Hit-Hold-Release-\u2013-Taschenbuch-\u2013-A-Gay-Adult-Poppers-Fantasy-\u2013-Deutsche-Ausgabe-3.png\" \/>\n\t<meta property=\"og:image:width\" content=\"600\" \/>\n\t<meta property=\"og:image:height\" content=\"600\" \/>\n\t<meta property=\"og:image:type\" content=\"image\/png\" \/>\n<meta name=\"twitter:card\" content=\"summary_large_image\" \/>\n<meta name=\"twitter:label1\" content=\"Prix\" \/>\n\t<meta name=\"twitter:data1\" content=\"&#067;&#072;&#070;&nbsp;24.50\" \/>\n\t<meta name=\"twitter:label2\" content=\"Disponibilit\u00e9\" \/>\n\t<meta name=\"twitter:data2\" content=\"En stock\" \/>\n<script type=\"application\/ld+json\" class=\"yoast-schema-graph\">{\"@context\":\"https:\\\/\\\/schema.org\",\"@graph\":[{\"@type\":\"WebPage\",\"@id\":\"https:\\\/\\\/poppersschweiz.com\\\/fr\\\/produit\\\/hit-hold-release-livre-de-poche-a-gay-adult-poppers-fantasy-edition-francaise-3\\\/\",\"url\":\"https:\\\/\\\/poppersschweiz.com\\\/fr\\\/produit\\\/hit-hold-release-livre-de-poche-a-gay-adult-poppers-fantasy-edition-francaise-3\\\/\",\"name\":\"Hit Hold Release - Livre de poche - A Gay Adult Poppers Fantasy - \u00c9dition fran\u00e7aise 3 \u25b7 hier g\u00fcnstig kaufen | poppersschweiz.com\",\"isPartOf\":{\"@id\":\"https:\\\/\\\/poppersschweiz.com\\\/fr\\\/#website\"},\"primaryImageOfPage\":{\"@id\":\"https:\\\/\\\/poppersschweiz.com\\\/fr\\\/produit\\\/hit-hold-release-livre-de-poche-a-gay-adult-poppers-fantasy-edition-francaise-3\\\/#primaryimage\"},\"image\":{\"@id\":\"https:\\\/\\\/poppersschweiz.com\\\/fr\\\/produit\\\/hit-hold-release-livre-de-poche-a-gay-adult-poppers-fantasy-edition-francaise-3\\\/#primaryimage\"},\"thumbnailUrl\":\"https:\\\/\\\/poppersschweiz.com\\\/wp-content\\\/uploads\\\/2024\\\/09\\\/Hit-Hold-Release-\u2013-Taschenbuch-\u2013-A-Gay-Adult-Poppers-Fantasy-\u2013-Deutsche-Ausgabe-3.png\",\"datePublished\":\"2024-09-24T14:02:04+00:00\",\"description\":\"Hit Hold Release - Livre de poche - A Gay Adult Poppers Fantasy - \u00c9dition fran\u00e7aise 3 \u25b7 hier g\u00fcnstig online kaufen. Schneller Versand \u2713 Nur Original-Produkte \u2713 Jetzt kaufen & Spa\u00df haben.\",\"breadcrumb\":{\"@id\":\"https:\\\/\\\/poppersschweiz.com\\\/fr\\\/produit\\\/hit-hold-release-livre-de-poche-a-gay-adult-poppers-fantasy-edition-francaise-3\\\/#breadcrumb\"},\"inLanguage\":\"fr-FR\",\"potentialAction\":[{\"@type\":\"ReadAction\",\"target\":[\"https:\\\/\\\/poppersschweiz.com\\\/fr\\\/produit\\\/hit-hold-release-livre-de-poche-a-gay-adult-poppers-fantasy-edition-francaise-3\\\/\"]}]},{\"@type\":\"ImageObject\",\"inLanguage\":\"fr-FR\",\"@id\":\"https:\\\/\\\/poppersschweiz.com\\\/fr\\\/produit\\\/hit-hold-release-livre-de-poche-a-gay-adult-poppers-fantasy-edition-francaise-3\\\/#primaryimage\",\"url\":\"https:\\\/\\\/poppersschweiz.com\\\/wp-content\\\/uploads\\\/2024\\\/09\\\/Hit-Hold-Release-\u2013-Taschenbuch-\u2013-A-Gay-Adult-Poppers-Fantasy-\u2013-Deutsche-Ausgabe-3.png\",\"contentUrl\":\"https:\\\/\\\/poppersschweiz.com\\\/wp-content\\\/uploads\\\/2024\\\/09\\\/Hit-Hold-Release-\u2013-Taschenbuch-\u2013-A-Gay-Adult-Poppers-Fantasy-\u2013-Deutsche-Ausgabe-3.png\",\"width\":600,\"height\":600,\"caption\":\"Hit Hold Release - Livre de poche - A Gay Adult Poppers Fantasy - \u00c9dition fran\u00e7aise 3\"},{\"@type\":\"BreadcrumbList\",\"@id\":\"https:\\\/\\\/poppersschweiz.com\\\/fr\\\/produit\\\/hit-hold-release-livre-de-poche-a-gay-adult-poppers-fantasy-edition-francaise-3\\\/#breadcrumb\",\"itemListElement\":[{\"@type\":\"ListItem\",\"position\":1,\"name\":\"Page d'accueil\",\"item\":\"https:\\\/\\\/poppersschweiz.com\\\/fr\\\/\"},{\"@type\":\"ListItem\",\"position\":2,\"name\":\"Poppers, accessoires pour poppers et plus encore\",\"item\":\"https:\\\/\\\/poppersschweiz.com\\\/fr\\\/poppers-accessoires-pour-poppers-et-plus-encore\\\/\"},{\"@type\":\"ListItem\",\"position\":3,\"name\":\"Hit Hold Release &#8211; Livre de poche &#8211; A Gay Adult Poppers Fantasy &#8211; \u00c9dition fran\u00e7aise 3\"}]},{\"@type\":\"WebSite\",\"@id\":\"https:\\\/\\\/poppersschweiz.com\\\/fr\\\/#website\",\"url\":\"https:\\\/\\\/poppersschweiz.com\\\/fr\\\/\",\"name\":\"poppersschweiz.com\",\"description\":\"\",\"potentialAction\":[{\"@type\":\"SearchAction\",\"target\":{\"@type\":\"EntryPoint\",\"urlTemplate\":\"https:\\\/\\\/poppersschweiz.com\\\/fr\\\/?s={search_term_string}\"},\"query-input\":{\"@type\":\"PropertyValueSpecification\",\"valueRequired\":true,\"valueName\":\"search_term_string\"}}],\"inLanguage\":\"fr-FR\"}]}<\/script>\n<meta property=\"product:price:amount\" content=\"24.50\" \/>\n<meta property=\"product:price:currency\" content=\"CHF\" \/>\n<meta property=\"og:availability\" content=\"instock\" \/>\n<meta property=\"product:availability\" content=\"instock\" \/>\n<meta property=\"product:retailer_item_id\" content=\"HHR-3D\" \/>\n<meta property=\"product:condition\" content=\"new\" \/>\n<!-- \/ Yoast SEO plugin. -->","yoast_head_json":{"title":"Hit Hold Release - Livre de poche - A Gay Adult Poppers Fantasy - \u00c9dition fran\u00e7aise 3 \u25b7 hier g\u00fcnstig kaufen | poppersschweiz.com","description":"Hit Hold Release - Livre de poche - A Gay Adult Poppers Fantasy - \u00c9dition fran\u00e7aise 3 \u25b7 hier g\u00fcnstig online kaufen. Schneller Versand \u2713 Nur Original-Produkte \u2713 Jetzt kaufen & Spa\u00df haben.","robots":{"index":"index","follow":"follow","max-snippet":"max-snippet:-1","max-image-preview":"max-image-preview:large","max-video-preview":"max-video-preview:-1"},"canonical":"https:\/\/poppersschweiz.com\/fr\/produit\/hit-hold-release-livre-de-poche-a-gay-adult-poppers-fantasy-edition-francaise-3\/","og_locale":"fr_FR","og_type":"article","og_title":"Hit Hold Release - Livre de poche - A Gay Adult Poppers Fantasy - \u00c9dition fran\u00e7aise 3 \u25b7 hier g\u00fcnstig kaufen | poppersschweiz.com","og_description":"Hit Hold Release - Livre de poche - A Gay Adult Poppers Fantasy - \u00c9dition fran\u00e7aise 3 \u25b7 hier g\u00fcnstig online kaufen. Schneller Versand \u2713 Nur Original-Produkte \u2713 Jetzt kaufen & Spa\u00df haben.","og_url":"https:\/\/poppersschweiz.com\/fr\/produit\/hit-hold-release-livre-de-poche-a-gay-adult-poppers-fantasy-edition-francaise-3\/","og_site_name":"poppersschweiz.com","og_image":[{"width":600,"height":600,"url":"https:\/\/poppersschweiz.com\/wp-content\/uploads\/2024\/09\/Hit-Hold-Release-\u2013-Taschenbuch-\u2013-A-Gay-Adult-Poppers-Fantasy-\u2013-Deutsche-Ausgabe-3.png","type":"image\/png"}],"twitter_card":"summary_large_image","twitter_misc":{"Prix":"&#67;&#72;&#70;&nbsp;24.50","Disponibilit\u00e9":"En stock"},"schema":{"@context":"https:\/\/schema.org","@graph":[{"@type":"WebPage","@id":"https:\/\/poppersschweiz.com\/fr\/produit\/hit-hold-release-livre-de-poche-a-gay-adult-poppers-fantasy-edition-francaise-3\/","url":"https:\/\/poppersschweiz.com\/fr\/produit\/hit-hold-release-livre-de-poche-a-gay-adult-poppers-fantasy-edition-francaise-3\/","name":"Hit Hold Release - Livre de poche - A Gay Adult Poppers Fantasy - \u00c9dition fran\u00e7aise 3 \u25b7 hier g\u00fcnstig kaufen | poppersschweiz.com","isPartOf":{"@id":"https:\/\/poppersschweiz.com\/fr\/#website"},"primaryImageOfPage":{"@id":"https:\/\/poppersschweiz.com\/fr\/produit\/hit-hold-release-livre-de-poche-a-gay-adult-poppers-fantasy-edition-francaise-3\/#primaryimage"},"image":{"@id":"https:\/\/poppersschweiz.com\/fr\/produit\/hit-hold-release-livre-de-poche-a-gay-adult-poppers-fantasy-edition-francaise-3\/#primaryimage"},"thumbnailUrl":"https:\/\/poppersschweiz.com\/wp-content\/uploads\/2024\/09\/Hit-Hold-Release-\u2013-Taschenbuch-\u2013-A-Gay-Adult-Poppers-Fantasy-\u2013-Deutsche-Ausgabe-3.png","datePublished":"2024-09-24T14:02:04+00:00","description":"Hit Hold Release - Livre de poche - A Gay Adult Poppers Fantasy - \u00c9dition fran\u00e7aise 3 \u25b7 hier g\u00fcnstig online kaufen. Schneller Versand \u2713 Nur Original-Produkte \u2713 Jetzt kaufen & Spa\u00df haben.","breadcrumb":{"@id":"https:\/\/poppersschweiz.com\/fr\/produit\/hit-hold-release-livre-de-poche-a-gay-adult-poppers-fantasy-edition-francaise-3\/#breadcrumb"},"inLanguage":"fr-FR","potentialAction":[{"@type":"ReadAction","target":["https:\/\/poppersschweiz.com\/fr\/produit\/hit-hold-release-livre-de-poche-a-gay-adult-poppers-fantasy-edition-francaise-3\/"]}]},{"@type":"ImageObject","inLanguage":"fr-FR","@id":"https:\/\/poppersschweiz.com\/fr\/produit\/hit-hold-release-livre-de-poche-a-gay-adult-poppers-fantasy-edition-francaise-3\/#primaryimage","url":"https:\/\/poppersschweiz.com\/wp-content\/uploads\/2024\/09\/Hit-Hold-Release-\u2013-Taschenbuch-\u2013-A-Gay-Adult-Poppers-Fantasy-\u2013-Deutsche-Ausgabe-3.png","contentUrl":"https:\/\/poppersschweiz.com\/wp-content\/uploads\/2024\/09\/Hit-Hold-Release-\u2013-Taschenbuch-\u2013-A-Gay-Adult-Poppers-Fantasy-\u2013-Deutsche-Ausgabe-3.png","width":600,"height":600,"caption":"Hit Hold Release - Livre de poche - A Gay Adult Poppers Fantasy - \u00c9dition fran\u00e7aise 3"},{"@type":"BreadcrumbList","@id":"https:\/\/poppersschweiz.com\/fr\/produit\/hit-hold-release-livre-de-poche-a-gay-adult-poppers-fantasy-edition-francaise-3\/#breadcrumb","itemListElement":[{"@type":"ListItem","position":1,"name":"Page d'accueil","item":"https:\/\/poppersschweiz.com\/fr\/"},{"@type":"ListItem","position":2,"name":"Poppers, accessoires pour poppers et plus encore","item":"https:\/\/poppersschweiz.com\/fr\/poppers-accessoires-pour-poppers-et-plus-encore\/"},{"@type":"ListItem","position":3,"name":"Hit Hold Release &#8211; Livre de poche &#8211; A Gay Adult Poppers Fantasy &#8211; \u00c9dition fran\u00e7aise 3"}]},{"@type":"WebSite","@id":"https:\/\/poppersschweiz.com\/fr\/#website","url":"https:\/\/poppersschweiz.com\/fr\/","name":"poppersschweiz.com","description":"","potentialAction":[{"@type":"SearchAction","target":{"@type":"EntryPoint","urlTemplate":"https:\/\/poppersschweiz.com\/fr\/?s={search_term_string}"},"query-input":{"@type":"PropertyValueSpecification","valueRequired":true,"valueName":"search_term_string"}}],"inLanguage":"fr-FR"}]},"product_price_amount":"24.50","product_price_currency":"CHF","og_availability":"instock","product_availability":"instock","product_retailer_item_id":"HHR-3D","product_condition":"new"},"_links":{"self":[{"href":"https:\/\/poppersschweiz.com\/fr\/wp-json\/wp\/v2\/product\/18319","targetHints":{"allow":["GET"]}}],"collection":[{"href":"https:\/\/poppersschweiz.com\/fr\/wp-json\/wp\/v2\/product"}],"about":[{"href":"https:\/\/poppersschweiz.com\/fr\/wp-json\/wp\/v2\/types\/product"}],"replies":[{"embeddable":true,"href":"https:\/\/poppersschweiz.com\/fr\/wp-json\/wp\/v2\/comments?post=18319"}],"wp:featuredmedia":[{"embeddable":true,"href":"https:\/\/poppersschweiz.com\/fr\/wp-json\/wp\/v2\/media\/18318"}],"wp:attachment":[{"href":"https:\/\/poppersschweiz.com\/fr\/wp-json\/wp\/v2\/media?parent=18319"}],"wp:term":[{"taxonomy":"product_brand","embeddable":true,"href":"https:\/\/poppersschweiz.com\/fr\/wp-json\/wp\/v2\/product_brand?post=18319"},{"taxonomy":"product_cat","embeddable":true,"href":"https:\/\/poppersschweiz.com\/fr\/wp-json\/wp\/v2\/product_cat?post=18319"},{"taxonomy":"product_tag","embeddable":true,"href":"https:\/\/poppersschweiz.com\/fr\/wp-json\/wp\/v2\/product_tag?post=18319"}],"curies":[{"name":"wp","href":"https:\/\/api.w.org\/{rel}","templated":true}]}}