{"id":18336,"date":"2024-09-24T16:49:11","date_gmt":"2024-09-24T14:49:11","guid":{"rendered":"https:\/\/poppersschweiz.com\/product\/masque-en-caoutchouc-xtrm-monster-red\/"},"modified":"2025-11-30T03:15:52","modified_gmt":"2025-11-30T02:15:52","slug":"masque-en-caoutchouc-xtrm-monster-red","status":"publish","type":"product","link":"https:\/\/poppersschweiz.com\/fr\/produit\/masque-en-caoutchouc-xtrm-monster-red\/","title":{"rendered":"Masque en caoutchouc XTRM Monster Red"},"content":{"rendered":"<p><span style=\"font-weight: 400;\">Le <strong>masque en caoutchouc XTRM Monster Red<\/strong> est une tenue styl\u00e9e pour tous les fans de caoutchouc et de BDSM.<br \/>\nXTRM a r\u00e9ussi \u00e0 faire de ce masque un v\u00e9ritable accroche-regard.<br \/>\nLes cernes rouges et l&#8217;embout rouge sur le filetage du tuyau symbolisent votre f\u00e9tichisme et conf\u00e8rent au masque en caoutchouc un style exclusif.<br \/>\nLes sangles \u00e0 l&rsquo;arri\u00e8re peuvent \u00eatre facilement ajust\u00e9es \u00e0 n&rsquo;importe quelle taille de t\u00eate afin que le masque s&rsquo;adapte parfaitement \u00e0 votre t\u00eate.<br \/>\nComme accessoires, vous pouvez acheter dans notre boutique, entre autres, un tuyau, un filtre ou un contr\u00f4leur esclave.<br \/>\nAinsi, vous pouvez redessiner le masque en caoutchouc Monster RED de XTRM avec diff\u00e9rentes variantes de jeu.<br \/>\nLe masque en caoutchouc XTRM donne vie \u00e0 vos fantasmes f\u00e9tichistes.<br \/>\nId\u00e9al pour tous les amateurs de f\u00e9tichisme du caoutchouc et de jeux de contr\u00f4le de la respiration, le MONSTER RED XTRM Rubber Mask offre une possibilit\u00e9 exclusive d&rsquo;assouvir vos d\u00e9sirs les plus fous.<br \/>\nQue ce soit pour le f\u00e9tichisme du caoutchouc ou les jeux de contr\u00f4le de la respiration, ce masque est votre compagnon id\u00e9al.<br \/>\nLes accessoires peuvent \u00eatre command\u00e9s comme article s\u00e9par\u00e9 dans notre boutique.         <\/span><\/p>\n","protected":false},"excerpt":{"rendered":"<p>Le masque en caoutchouc XTRM Monster Red est une tenue styl\u00e9e pour tous les fans de caoutchouc et de BDSM.<\/p>\n","protected":false},"featured_media":18325,"comment_status":"open","ping_status":"closed","template":"","meta":{"_acf_changed":false,"_glsr_average":0,"_glsr_ranking":0,"_glsr_reviews":0},"product_brand":[],"product_cat":[533,546,583,530],"product_tag":[],"class_list":{"0":"post-18336","1":"product","2":"type-product","3":"status-publish","4":"has-post-thumbnail","6":"product_cat-accessoires-poppers","7":"product_cat-bdsm-fr","8":"product_cat-masques","9":"product_cat-poppers-suisse","11":"first","12":"instock","13":"taxable","14":"shipping-taxable","15":"purchasable","16":"product-type-simple"},"bundled_by":[],"bundle_stock_status":"instock","bundle_stock_quantity":null,"bundle_virtual":false,"bundle_layout":"","bundle_add_to_cart_form_location":"","bundle_editable_in_cart":false,"bundle_sold_individually_context":"","bundle_item_grouping":"","bundle_min_size":"","bundle_max_size":"","bundled_items":[],"bundle_sell_ids":[],"acf":[],"yoast_head":"<!-- This site is optimized with the Yoast SEO plugin v27.2 - https:\/\/yoast.com\/product\/yoast-seo-wordpress\/ -->\n<title>Masque en caoutchouc XTRM Monster Red \u25b7 hier g\u00fcnstig kaufen | poppersschweiz.com<\/title>\n<meta name=\"description\" content=\"Masque en caoutchouc XTRM Monster Red \u25b7 hier g\u00fcnstig online kaufen. Schneller Versand \u2713 Nur Original-Produkte \u2713 Jetzt kaufen &amp; Spa\u00df haben.\" \/>\n<meta name=\"robots\" content=\"index, follow, max-snippet:-1, max-image-preview:large, max-video-preview:-1\" \/>\n<link rel=\"canonical\" href=\"https:\/\/poppersschweiz.com\/fr\/produit\/masque-en-caoutchouc-xtrm-monster-red\/\" \/>\n<meta property=\"og:locale\" content=\"fr_FR\" \/>\n<meta property=\"og:type\" content=\"article\" \/>\n<meta property=\"og:title\" content=\"Masque en caoutchouc XTRM Monster Red \u25b7 hier g\u00fcnstig kaufen | poppersschweiz.com\" \/>\n<meta property=\"og:description\" content=\"Masque en caoutchouc XTRM Monster Red \u25b7 hier g\u00fcnstig online kaufen. Schneller Versand \u2713 Nur Original-Produkte \u2713 Jetzt kaufen &amp; Spa\u00df haben.\" \/>\n<meta property=\"og:url\" content=\"https:\/\/poppersschweiz.com\/fr\/produit\/masque-en-caoutchouc-xtrm-monster-red\/\" \/>\n<meta property=\"og:site_name\" content=\"poppersschweiz.com\" \/>\n<meta property=\"article:modified_time\" content=\"2025-11-30T02:15:52+00:00\" \/>\n<meta property=\"og:image\" content=\"https:\/\/poppersschweiz.com\/wp-content\/uploads\/2024\/09\/XTRM-Rubber-Mask-Monster-Red.png\" \/>\n\t<meta property=\"og:image:width\" content=\"600\" \/>\n\t<meta property=\"og:image:height\" content=\"600\" \/>\n\t<meta property=\"og:image:type\" content=\"image\/png\" \/>\n<meta name=\"twitter:card\" content=\"summary_large_image\" \/>\n<meta name=\"twitter:label1\" content=\"Prix\" \/>\n\t<meta name=\"twitter:data1\" content=\"&#067;&#072;&#070;&nbsp;78.50\" \/>\n\t<meta name=\"twitter:label2\" content=\"Disponibilit\u00e9\" \/>\n\t<meta name=\"twitter:data2\" content=\"En stock\" \/>\n<script type=\"application\/ld+json\" class=\"yoast-schema-graph\">{\"@context\":\"https:\/\/schema.org\",\"@graph\":[{\"@type\":\"WebPage\",\"@id\":\"https:\/\/poppersschweiz.com\/fr\/produit\/masque-en-caoutchouc-xtrm-monster-red\/\",\"url\":\"https:\/\/poppersschweiz.com\/fr\/produit\/masque-en-caoutchouc-xtrm-monster-red\/\",\"name\":\"Masque en caoutchouc XTRM Monster Red \u25b7 hier g\u00fcnstig kaufen | poppersschweiz.com\",\"isPartOf\":{\"@id\":\"https:\/\/poppersschweiz.com\/fr\/#website\"},\"primaryImageOfPage\":{\"@id\":\"https:\/\/poppersschweiz.com\/fr\/produit\/masque-en-caoutchouc-xtrm-monster-red\/#primaryimage\"},\"image\":{\"@id\":\"https:\/\/poppersschweiz.com\/fr\/produit\/masque-en-caoutchouc-xtrm-monster-red\/#primaryimage\"},\"thumbnailUrl\":\"https:\/\/poppersschweiz.com\/wp-content\/uploads\/2024\/09\/XTRM-Rubber-Mask-Monster-Red.png\",\"datePublished\":\"2024-09-24T14:49:11+00:00\",\"dateModified\":\"2025-11-30T02:15:52+00:00\",\"description\":\"Masque en caoutchouc XTRM Monster Red \u25b7 hier g\u00fcnstig online kaufen. Schneller Versand \u2713 Nur Original-Produkte \u2713 Jetzt kaufen & Spa\u00df haben.\",\"breadcrumb\":{\"@id\":\"https:\/\/poppersschweiz.com\/fr\/produit\/masque-en-caoutchouc-xtrm-monster-red\/#breadcrumb\"},\"inLanguage\":\"fr-FR\",\"potentialAction\":[{\"@type\":\"ReadAction\",\"target\":[\"https:\/\/poppersschweiz.com\/fr\/produit\/masque-en-caoutchouc-xtrm-monster-red\/\"]}]},{\"@type\":\"ImageObject\",\"inLanguage\":\"fr-FR\",\"@id\":\"https:\/\/poppersschweiz.com\/fr\/produit\/masque-en-caoutchouc-xtrm-monster-red\/#primaryimage\",\"url\":\"https:\/\/poppersschweiz.com\/wp-content\/uploads\/2024\/09\/XTRM-Rubber-Mask-Monster-Red.png\",\"contentUrl\":\"https:\/\/poppersschweiz.com\/wp-content\/uploads\/2024\/09\/XTRM-Rubber-Mask-Monster-Red.png\",\"width\":600,\"height\":600,\"caption\":\"Masque en caoutchouc XTRM Monster Red\"},{\"@type\":\"BreadcrumbList\",\"@id\":\"https:\/\/poppersschweiz.com\/fr\/produit\/masque-en-caoutchouc-xtrm-monster-red\/#breadcrumb\",\"itemListElement\":[{\"@type\":\"ListItem\",\"position\":1,\"name\":\"Page d'accueil\",\"item\":\"https:\/\/poppersschweiz.com\/fr\/\"},{\"@type\":\"ListItem\",\"position\":2,\"name\":\"Poppers, accessoires pour poppers et plus encore\",\"item\":\"https:\/\/poppersschweiz.com\/fr\/poppers-accessoires-pour-poppers-et-plus-encore\/\"},{\"@type\":\"ListItem\",\"position\":3,\"name\":\"Masque en caoutchouc XTRM Monster Red\"}]},{\"@type\":\"WebSite\",\"@id\":\"https:\/\/poppersschweiz.com\/fr\/#website\",\"url\":\"https:\/\/poppersschweiz.com\/fr\/\",\"name\":\"poppersschweiz.com\",\"description\":\"\",\"potentialAction\":[{\"@type\":\"SearchAction\",\"target\":{\"@type\":\"EntryPoint\",\"urlTemplate\":\"https:\/\/poppersschweiz.com\/fr\/?s={search_term_string}\"},\"query-input\":{\"@type\":\"PropertyValueSpecification\",\"valueRequired\":true,\"valueName\":\"search_term_string\"}}],\"inLanguage\":\"fr-FR\"}]}<\/script>\n<meta property=\"product:price:amount\" content=\"78.50\" \/>\n<meta property=\"product:price:currency\" content=\"CHF\" \/>\n<meta property=\"og:availability\" content=\"instock\" \/>\n<meta property=\"product:availability\" content=\"instock\" \/>\n<meta property=\"product:retailer_item_id\" content=\"XTRM-RUB-MASK-RED\" \/>\n<meta property=\"product:condition\" content=\"new\" \/>\n<!-- \/ Yoast SEO plugin. -->","yoast_head_json":{"title":"Masque en caoutchouc XTRM Monster Red \u25b7 hier g\u00fcnstig kaufen | poppersschweiz.com","description":"Masque en caoutchouc XTRM Monster Red \u25b7 hier g\u00fcnstig online kaufen. Schneller Versand \u2713 Nur Original-Produkte \u2713 Jetzt kaufen & Spa\u00df haben.","robots":{"index":"index","follow":"follow","max-snippet":"max-snippet:-1","max-image-preview":"max-image-preview:large","max-video-preview":"max-video-preview:-1"},"canonical":"https:\/\/poppersschweiz.com\/fr\/produit\/masque-en-caoutchouc-xtrm-monster-red\/","og_locale":"fr_FR","og_type":"article","og_title":"Masque en caoutchouc XTRM Monster Red \u25b7 hier g\u00fcnstig kaufen | poppersschweiz.com","og_description":"Masque en caoutchouc XTRM Monster Red \u25b7 hier g\u00fcnstig online kaufen. Schneller Versand \u2713 Nur Original-Produkte \u2713 Jetzt kaufen & Spa\u00df haben.","og_url":"https:\/\/poppersschweiz.com\/fr\/produit\/masque-en-caoutchouc-xtrm-monster-red\/","og_site_name":"poppersschweiz.com","article_modified_time":"2025-11-30T02:15:52+00:00","og_image":[{"width":600,"height":600,"url":"https:\/\/poppersschweiz.com\/wp-content\/uploads\/2024\/09\/XTRM-Rubber-Mask-Monster-Red.png","type":"image\/png"}],"twitter_card":"summary_large_image","twitter_misc":{"Prix":"&#67;&#72;&#70;&nbsp;78.50","Disponibilit\u00e9":"En stock"},"schema":{"@context":"https:\/\/schema.org","@graph":[{"@type":"WebPage","@id":"https:\/\/poppersschweiz.com\/fr\/produit\/masque-en-caoutchouc-xtrm-monster-red\/","url":"https:\/\/poppersschweiz.com\/fr\/produit\/masque-en-caoutchouc-xtrm-monster-red\/","name":"Masque en caoutchouc XTRM Monster Red \u25b7 hier g\u00fcnstig kaufen | poppersschweiz.com","isPartOf":{"@id":"https:\/\/poppersschweiz.com\/fr\/#website"},"primaryImageOfPage":{"@id":"https:\/\/poppersschweiz.com\/fr\/produit\/masque-en-caoutchouc-xtrm-monster-red\/#primaryimage"},"image":{"@id":"https:\/\/poppersschweiz.com\/fr\/produit\/masque-en-caoutchouc-xtrm-monster-red\/#primaryimage"},"thumbnailUrl":"https:\/\/poppersschweiz.com\/wp-content\/uploads\/2024\/09\/XTRM-Rubber-Mask-Monster-Red.png","datePublished":"2024-09-24T14:49:11+00:00","dateModified":"2025-11-30T02:15:52+00:00","description":"Masque en caoutchouc XTRM Monster Red \u25b7 hier g\u00fcnstig online kaufen. Schneller Versand \u2713 Nur Original-Produkte \u2713 Jetzt kaufen & Spa\u00df haben.","breadcrumb":{"@id":"https:\/\/poppersschweiz.com\/fr\/produit\/masque-en-caoutchouc-xtrm-monster-red\/#breadcrumb"},"inLanguage":"fr-FR","potentialAction":[{"@type":"ReadAction","target":["https:\/\/poppersschweiz.com\/fr\/produit\/masque-en-caoutchouc-xtrm-monster-red\/"]}]},{"@type":"ImageObject","inLanguage":"fr-FR","@id":"https:\/\/poppersschweiz.com\/fr\/produit\/masque-en-caoutchouc-xtrm-monster-red\/#primaryimage","url":"https:\/\/poppersschweiz.com\/wp-content\/uploads\/2024\/09\/XTRM-Rubber-Mask-Monster-Red.png","contentUrl":"https:\/\/poppersschweiz.com\/wp-content\/uploads\/2024\/09\/XTRM-Rubber-Mask-Monster-Red.png","width":600,"height":600,"caption":"Masque en caoutchouc XTRM Monster Red"},{"@type":"BreadcrumbList","@id":"https:\/\/poppersschweiz.com\/fr\/produit\/masque-en-caoutchouc-xtrm-monster-red\/#breadcrumb","itemListElement":[{"@type":"ListItem","position":1,"name":"Page d'accueil","item":"https:\/\/poppersschweiz.com\/fr\/"},{"@type":"ListItem","position":2,"name":"Poppers, accessoires pour poppers et plus encore","item":"https:\/\/poppersschweiz.com\/fr\/poppers-accessoires-pour-poppers-et-plus-encore\/"},{"@type":"ListItem","position":3,"name":"Masque en caoutchouc XTRM Monster Red"}]},{"@type":"WebSite","@id":"https:\/\/poppersschweiz.com\/fr\/#website","url":"https:\/\/poppersschweiz.com\/fr\/","name":"poppersschweiz.com","description":"","potentialAction":[{"@type":"SearchAction","target":{"@type":"EntryPoint","urlTemplate":"https:\/\/poppersschweiz.com\/fr\/?s={search_term_string}"},"query-input":{"@type":"PropertyValueSpecification","valueRequired":true,"valueName":"search_term_string"}}],"inLanguage":"fr-FR"}]},"product_price_amount":"78.50","product_price_currency":"CHF","og_availability":"instock","product_availability":"instock","product_retailer_item_id":"XTRM-RUB-MASK-RED","product_condition":"new"},"_links":{"self":[{"href":"https:\/\/poppersschweiz.com\/fr\/wp-json\/wp\/v2\/product\/18336","targetHints":{"allow":["GET"]}}],"collection":[{"href":"https:\/\/poppersschweiz.com\/fr\/wp-json\/wp\/v2\/product"}],"about":[{"href":"https:\/\/poppersschweiz.com\/fr\/wp-json\/wp\/v2\/types\/product"}],"replies":[{"embeddable":true,"href":"https:\/\/poppersschweiz.com\/fr\/wp-json\/wp\/v2\/comments?post=18336"}],"wp:featuredmedia":[{"embeddable":true,"href":"https:\/\/poppersschweiz.com\/fr\/wp-json\/wp\/v2\/media\/18325"}],"wp:attachment":[{"href":"https:\/\/poppersschweiz.com\/fr\/wp-json\/wp\/v2\/media?parent=18336"}],"wp:term":[{"taxonomy":"product_brand","embeddable":true,"href":"https:\/\/poppersschweiz.com\/fr\/wp-json\/wp\/v2\/product_brand?post=18336"},{"taxonomy":"product_cat","embeddable":true,"href":"https:\/\/poppersschweiz.com\/fr\/wp-json\/wp\/v2\/product_cat?post=18336"},{"taxonomy":"product_tag","embeddable":true,"href":"https:\/\/poppersschweiz.com\/fr\/wp-json\/wp\/v2\/product_tag?post=18336"}],"curies":[{"name":"wp","href":"https:\/\/api.w.org\/{rel}","templated":true}]}}