{"id":18557,"date":"2024-05-16T13:41:13","date_gmt":"2024-05-16T11:41:13","guid":{"rendered":"https:\/\/poppersschweiz.com\/product\/colt-turbo-bullet-rechargeable\/"},"modified":"2024-05-16T13:41:13","modified_gmt":"2024-05-16T11:41:13","slug":"colt-turbo-bullet-rechargeable","status":"publish","type":"product","link":"https:\/\/poppersschweiz.com\/fr\/produit\/colt-turbo-bullet-rechargeable\/","title":{"rendered":"COLT Turbo Bullet rechargeable"},"content":{"rendered":"<p>Les professionnels du plaisir de la puissance de Colt ont mis \u00e0 jour des designs classiques avec des performances passionnantes pour cr\u00e9er le <strong>COLT Rechargeable Turbo Bullet de<\/strong> Colt. La boule \u00e0 10 fonctions offre des actions circulaires intenses qui vous feront revenir encore et encore. La boule vrombissante est parfaite pour taquiner toutes les zones \u00e9rog\u00e8nes avec des sensations profondes et circulaires. Rechargez la boule premium en 1,5 heure avec le c\u00e2ble de charge USB fourni pour profiter de 55 minutes de stimulation rapide ou de 80 minutes de vibrations lentes. Alors que les boutons simples contr\u00f4lent l&rsquo;intensit\u00e9, la puce m\u00e9moire high-tech int\u00e9gr\u00e9e se souvient de la fa\u00e7on dont vous pr\u00e9f\u00e9rez faire les choses, en d\u00e9marrant avec la derni\u00e8re fonction utilis\u00e9e. Profitez de cette boule tournoyante dans l&rsquo;eau ou en dehors.<\/p>\n<p><strong>Information suppl\u00e9mentaire :<\/strong><\/p>\n<ul>\n<li>10 fonctions d&rsquo;action circulaire intense<\/li>\n<li>Une puce m\u00e9moire de pointe d\u00e9marre avec la derni\u00e8re fonction utilis\u00e9e<\/li>\n<li>Fonction de verrouillage de s\u00e9curit\u00e9 &#8211; Maintenez enfonc\u00e9 pendant 3 secondes pour activer ou d\u00e9sactiver la fonction<\/li>\n<li>Rechargeable par USB &#8211; c\u00e2ble de recharge inclus<\/li>\n<li>Charge compl\u00e8te en 1,5 heure<\/li>\n<li>Fonctionnement pendant 55 minutes \u00e0 haute vitesse et 80 minutes \u00e0 basse vitesse<\/li>\n<\/ul>\n<div class=\"info-block--item\">\n<div><strong>Dimensions du produit<\/strong>: 7,5 x 3,25 cm<\/div>\n<\/div>\n<div class=\"info-block--item\">\n<div>Vibration : Oui<\/div>\n<\/div>\n<div class=\"info-block--item\">\n<div><strong>Modes de vibration<\/strong>: 10<\/div>\n<\/div>\n<div class=\"info-block--item\">\n<div>R\u00e9sistance \u00e0 l&rsquo;eau : \u00e9tanche<\/div>\n<\/div>\n<div class=\"info-block--item\">\n<div>Mat\u00e9riau : ABS Plastic \/ Plaqu\u00e9 m\u00e9tallique<\/div>\n<\/div>\n<div class=\"info-block--item\">\n<div>Rechargeable, en fait : Oui<\/div>\n<\/div>\n<div class=\"info-block--item\">\n<div>Dur\u00e9e d&rsquo;utilisation en minutes : 80<\/div>\n<\/div>\n<div class=\"info-block--item\">\n<div>Temps de charge en minutes : 90<\/div>\n<\/div>\n<div class=\"info-block--item\">\n<div>Chauffage : Non<\/div>\n<\/div>\n","protected":false},"excerpt":{"rendered":"<p>Les professionnels du plaisir de la puissance de Colt ont mis \u00e0 jour des designs classiques avec des performances passionnantes<\/p>\n","protected":false},"featured_media":18558,"comment_status":"open","ping_status":"closed","template":"","meta":{"_acf_changed":false,"_glsr_average":0,"_glsr_ranking":0,"_glsr_reviews":0},"product_brand":[],"product_cat":[556,544],"product_tag":[],"class_list":{"0":"post-18557","1":"product","2":"type-product","3":"status-publish","4":"has-post-thumbnail","6":"product_cat-godemiches-anaux","7":"product_cat-jouets","9":"first","10":"instock","11":"taxable","12":"shipping-taxable","13":"purchasable","14":"product-type-simple"},"bundled_by":[],"bundle_stock_status":"instock","bundle_stock_quantity":null,"bundle_virtual":false,"bundle_layout":"","bundle_add_to_cart_form_location":"","bundle_editable_in_cart":false,"bundle_sold_individually_context":"","bundle_item_grouping":"","bundle_min_size":"","bundle_max_size":"","bundled_items":[],"bundle_sell_ids":[],"acf":[],"yoast_head":"<!-- This site is optimized with the Yoast SEO plugin v27.2 - https:\/\/yoast.com\/product\/yoast-seo-wordpress\/ -->\n<title>COLT Turbo Bullet rechargeable \u25b7 hier g\u00fcnstig kaufen | poppersschweiz.com<\/title>\n<meta name=\"description\" content=\"COLT Turbo Bullet rechargeable \u25b7 hier g\u00fcnstig online kaufen. Schneller Versand \u2713 Nur Original-Produkte \u2713 Jetzt kaufen &amp; Spa\u00df haben.\" \/>\n<meta name=\"robots\" content=\"index, follow, max-snippet:-1, max-image-preview:large, max-video-preview:-1\" \/>\n<link rel=\"canonical\" href=\"https:\/\/poppersschweiz.com\/fr\/produit\/colt-turbo-bullet-rechargeable\/\" \/>\n<meta property=\"og:locale\" content=\"fr_FR\" \/>\n<meta property=\"og:type\" content=\"article\" \/>\n<meta property=\"og:title\" content=\"COLT Turbo Bullet rechargeable \u25b7 hier g\u00fcnstig kaufen | poppersschweiz.com\" \/>\n<meta property=\"og:description\" content=\"COLT Turbo Bullet rechargeable \u25b7 hier g\u00fcnstig online kaufen. Schneller Versand \u2713 Nur Original-Produkte \u2713 Jetzt kaufen &amp; Spa\u00df haben.\" \/>\n<meta property=\"og:url\" content=\"https:\/\/poppersschweiz.com\/fr\/produit\/colt-turbo-bullet-rechargeable\/\" \/>\n<meta property=\"og:site_name\" content=\"poppersschweiz.com\" \/>\n<meta property=\"og:image\" content=\"https:\/\/poppersschweiz.com\/wp-content\/uploads\/2024\/05\/COLT-Rechargeable-Turbo-Bullet.png\" \/>\n\t<meta property=\"og:image:width\" content=\"600\" \/>\n\t<meta property=\"og:image:height\" content=\"600\" \/>\n\t<meta property=\"og:image:type\" content=\"image\/png\" \/>\n<meta name=\"twitter:card\" content=\"summary_large_image\" \/>\n<meta name=\"twitter:label1\" content=\"Prix\" \/>\n\t<meta name=\"twitter:data1\" content=\"&#067;&#072;&#070;&nbsp;28.90\" \/>\n\t<meta name=\"twitter:label2\" content=\"Disponibilit\u00e9\" \/>\n\t<meta name=\"twitter:data2\" content=\"En stock\" \/>\n<script type=\"application\/ld+json\" class=\"yoast-schema-graph\">{\"@context\":\"https:\/\/schema.org\",\"@graph\":[{\"@type\":\"WebPage\",\"@id\":\"https:\/\/poppersschweiz.com\/fr\/produit\/colt-turbo-bullet-rechargeable\/\",\"url\":\"https:\/\/poppersschweiz.com\/fr\/produit\/colt-turbo-bullet-rechargeable\/\",\"name\":\"COLT Turbo Bullet rechargeable \u25b7 hier g\u00fcnstig kaufen | poppersschweiz.com\",\"isPartOf\":{\"@id\":\"https:\/\/poppersschweiz.com\/fr\/#website\"},\"primaryImageOfPage\":{\"@id\":\"https:\/\/poppersschweiz.com\/fr\/produit\/colt-turbo-bullet-rechargeable\/#primaryimage\"},\"image\":{\"@id\":\"https:\/\/poppersschweiz.com\/fr\/produit\/colt-turbo-bullet-rechargeable\/#primaryimage\"},\"thumbnailUrl\":\"https:\/\/poppersschweiz.com\/wp-content\/uploads\/2024\/05\/COLT-Rechargeable-Turbo-Bullet.png\",\"datePublished\":\"2024-05-16T11:41:13+00:00\",\"description\":\"COLT Turbo Bullet rechargeable \u25b7 hier g\u00fcnstig online kaufen. Schneller Versand \u2713 Nur Original-Produkte \u2713 Jetzt kaufen & Spa\u00df haben.\",\"breadcrumb\":{\"@id\":\"https:\/\/poppersschweiz.com\/fr\/produit\/colt-turbo-bullet-rechargeable\/#breadcrumb\"},\"inLanguage\":\"fr-FR\",\"potentialAction\":[{\"@type\":\"ReadAction\",\"target\":[\"https:\/\/poppersschweiz.com\/fr\/produit\/colt-turbo-bullet-rechargeable\/\"]}]},{\"@type\":\"ImageObject\",\"inLanguage\":\"fr-FR\",\"@id\":\"https:\/\/poppersschweiz.com\/fr\/produit\/colt-turbo-bullet-rechargeable\/#primaryimage\",\"url\":\"https:\/\/poppersschweiz.com\/wp-content\/uploads\/2024\/05\/COLT-Rechargeable-Turbo-Bullet.png\",\"contentUrl\":\"https:\/\/poppersschweiz.com\/wp-content\/uploads\/2024\/05\/COLT-Rechargeable-Turbo-Bullet.png\",\"width\":600,\"height\":600,\"caption\":\"COLT Rechargeable Turbo Bullet\"},{\"@type\":\"BreadcrumbList\",\"@id\":\"https:\/\/poppersschweiz.com\/fr\/produit\/colt-turbo-bullet-rechargeable\/#breadcrumb\",\"itemListElement\":[{\"@type\":\"ListItem\",\"position\":1,\"name\":\"Page d'accueil\",\"item\":\"https:\/\/poppersschweiz.com\/fr\/\"},{\"@type\":\"ListItem\",\"position\":2,\"name\":\"Poppers, accessoires pour poppers et plus encore\",\"item\":\"https:\/\/poppersschweiz.com\/fr\/poppers-accessoires-pour-poppers-et-plus-encore\/\"},{\"@type\":\"ListItem\",\"position\":3,\"name\":\"COLT Turbo Bullet rechargeable\"}]},{\"@type\":\"WebSite\",\"@id\":\"https:\/\/poppersschweiz.com\/fr\/#website\",\"url\":\"https:\/\/poppersschweiz.com\/fr\/\",\"name\":\"poppersschweiz.com\",\"description\":\"\",\"potentialAction\":[{\"@type\":\"SearchAction\",\"target\":{\"@type\":\"EntryPoint\",\"urlTemplate\":\"https:\/\/poppersschweiz.com\/fr\/?s={search_term_string}\"},\"query-input\":{\"@type\":\"PropertyValueSpecification\",\"valueRequired\":true,\"valueName\":\"search_term_string\"}}],\"inLanguage\":\"fr-FR\"}]}<\/script>\n<meta property=\"product:price:amount\" content=\"28.90\" \/>\n<meta property=\"product:price:currency\" content=\"CHF\" \/>\n<meta property=\"og:availability\" content=\"instock\" \/>\n<meta property=\"product:availability\" content=\"instock\" \/>\n<meta property=\"product:retailer_item_id\" content=\"T-C-TBUL\" \/>\n<meta property=\"product:condition\" content=\"new\" \/>\n<!-- \/ Yoast SEO plugin. -->","yoast_head_json":{"title":"COLT Turbo Bullet rechargeable \u25b7 hier g\u00fcnstig kaufen | poppersschweiz.com","description":"COLT Turbo Bullet rechargeable \u25b7 hier g\u00fcnstig online kaufen. Schneller Versand \u2713 Nur Original-Produkte \u2713 Jetzt kaufen & Spa\u00df haben.","robots":{"index":"index","follow":"follow","max-snippet":"max-snippet:-1","max-image-preview":"max-image-preview:large","max-video-preview":"max-video-preview:-1"},"canonical":"https:\/\/poppersschweiz.com\/fr\/produit\/colt-turbo-bullet-rechargeable\/","og_locale":"fr_FR","og_type":"article","og_title":"COLT Turbo Bullet rechargeable \u25b7 hier g\u00fcnstig kaufen | poppersschweiz.com","og_description":"COLT Turbo Bullet rechargeable \u25b7 hier g\u00fcnstig online kaufen. Schneller Versand \u2713 Nur Original-Produkte \u2713 Jetzt kaufen & Spa\u00df haben.","og_url":"https:\/\/poppersschweiz.com\/fr\/produit\/colt-turbo-bullet-rechargeable\/","og_site_name":"poppersschweiz.com","og_image":[{"width":600,"height":600,"url":"https:\/\/poppersschweiz.com\/wp-content\/uploads\/2024\/05\/COLT-Rechargeable-Turbo-Bullet.png","type":"image\/png"}],"twitter_card":"summary_large_image","twitter_misc":{"Prix":"&#67;&#72;&#70;&nbsp;28.90","Disponibilit\u00e9":"En stock"},"schema":{"@context":"https:\/\/schema.org","@graph":[{"@type":"WebPage","@id":"https:\/\/poppersschweiz.com\/fr\/produit\/colt-turbo-bullet-rechargeable\/","url":"https:\/\/poppersschweiz.com\/fr\/produit\/colt-turbo-bullet-rechargeable\/","name":"COLT Turbo Bullet rechargeable \u25b7 hier g\u00fcnstig kaufen | poppersschweiz.com","isPartOf":{"@id":"https:\/\/poppersschweiz.com\/fr\/#website"},"primaryImageOfPage":{"@id":"https:\/\/poppersschweiz.com\/fr\/produit\/colt-turbo-bullet-rechargeable\/#primaryimage"},"image":{"@id":"https:\/\/poppersschweiz.com\/fr\/produit\/colt-turbo-bullet-rechargeable\/#primaryimage"},"thumbnailUrl":"https:\/\/poppersschweiz.com\/wp-content\/uploads\/2024\/05\/COLT-Rechargeable-Turbo-Bullet.png","datePublished":"2024-05-16T11:41:13+00:00","description":"COLT Turbo Bullet rechargeable \u25b7 hier g\u00fcnstig online kaufen. Schneller Versand \u2713 Nur Original-Produkte \u2713 Jetzt kaufen & Spa\u00df haben.","breadcrumb":{"@id":"https:\/\/poppersschweiz.com\/fr\/produit\/colt-turbo-bullet-rechargeable\/#breadcrumb"},"inLanguage":"fr-FR","potentialAction":[{"@type":"ReadAction","target":["https:\/\/poppersschweiz.com\/fr\/produit\/colt-turbo-bullet-rechargeable\/"]}]},{"@type":"ImageObject","inLanguage":"fr-FR","@id":"https:\/\/poppersschweiz.com\/fr\/produit\/colt-turbo-bullet-rechargeable\/#primaryimage","url":"https:\/\/poppersschweiz.com\/wp-content\/uploads\/2024\/05\/COLT-Rechargeable-Turbo-Bullet.png","contentUrl":"https:\/\/poppersschweiz.com\/wp-content\/uploads\/2024\/05\/COLT-Rechargeable-Turbo-Bullet.png","width":600,"height":600,"caption":"COLT Rechargeable Turbo Bullet"},{"@type":"BreadcrumbList","@id":"https:\/\/poppersschweiz.com\/fr\/produit\/colt-turbo-bullet-rechargeable\/#breadcrumb","itemListElement":[{"@type":"ListItem","position":1,"name":"Page d'accueil","item":"https:\/\/poppersschweiz.com\/fr\/"},{"@type":"ListItem","position":2,"name":"Poppers, accessoires pour poppers et plus encore","item":"https:\/\/poppersschweiz.com\/fr\/poppers-accessoires-pour-poppers-et-plus-encore\/"},{"@type":"ListItem","position":3,"name":"COLT Turbo Bullet rechargeable"}]},{"@type":"WebSite","@id":"https:\/\/poppersschweiz.com\/fr\/#website","url":"https:\/\/poppersschweiz.com\/fr\/","name":"poppersschweiz.com","description":"","potentialAction":[{"@type":"SearchAction","target":{"@type":"EntryPoint","urlTemplate":"https:\/\/poppersschweiz.com\/fr\/?s={search_term_string}"},"query-input":{"@type":"PropertyValueSpecification","valueRequired":true,"valueName":"search_term_string"}}],"inLanguage":"fr-FR"}]},"product_price_amount":"28.90","product_price_currency":"CHF","og_availability":"instock","product_availability":"instock","product_retailer_item_id":"T-C-TBUL","product_condition":"new"},"_links":{"self":[{"href":"https:\/\/poppersschweiz.com\/fr\/wp-json\/wp\/v2\/product\/18557","targetHints":{"allow":["GET"]}}],"collection":[{"href":"https:\/\/poppersschweiz.com\/fr\/wp-json\/wp\/v2\/product"}],"about":[{"href":"https:\/\/poppersschweiz.com\/fr\/wp-json\/wp\/v2\/types\/product"}],"replies":[{"embeddable":true,"href":"https:\/\/poppersschweiz.com\/fr\/wp-json\/wp\/v2\/comments?post=18557"}],"wp:featuredmedia":[{"embeddable":true,"href":"https:\/\/poppersschweiz.com\/fr\/wp-json\/wp\/v2\/media\/18558"}],"wp:attachment":[{"href":"https:\/\/poppersschweiz.com\/fr\/wp-json\/wp\/v2\/media?parent=18557"}],"wp:term":[{"taxonomy":"product_brand","embeddable":true,"href":"https:\/\/poppersschweiz.com\/fr\/wp-json\/wp\/v2\/product_brand?post=18557"},{"taxonomy":"product_cat","embeddable":true,"href":"https:\/\/poppersschweiz.com\/fr\/wp-json\/wp\/v2\/product_cat?post=18557"},{"taxonomy":"product_tag","embeddable":true,"href":"https:\/\/poppersschweiz.com\/fr\/wp-json\/wp\/v2\/product_tag?post=18557"}],"curies":[{"name":"wp","href":"https:\/\/api.w.org\/{rel}","templated":true}]}}