{"id":18577,"date":"2024-05-15T19:02:15","date_gmt":"2024-05-15T17:02:15","guid":{"rendered":"https:\/\/poppersschweiz.com\/product\/s8-4-in-1-dessert-lube-125ml-fraise-ananas\/"},"modified":"2024-05-15T19:02:15","modified_gmt":"2024-05-15T17:02:15","slug":"s8-4-in-1-dessert-lube-125ml-fraise-ananas","status":"publish","type":"product","link":"https:\/\/poppersschweiz.com\/fr\/produit\/s8-4-in-1-dessert-lube-125ml-fraise-ananas\/","title":{"rendered":"S8 4-in-1 Dessert Lube 125ml Fraise Ananas"},"content":{"rendered":"<p>Le <strong>S8 4-in-1 Dessert Lube 125ml Fraise Ananas<\/strong> de S8 est le choix parfait pour des pr\u00e9liminaires sensuels et coquins. La formule de haute qualit\u00e9 est compos\u00e9e d&rsquo;ingr\u00e9dients respectueux du corps. Cela signifie qu&rsquo;il est \u00e9galement embrassable et comestible ! Le gel lubrifiant S8 4-en-1 Dessert peut \u00eatre appr\u00e9ci\u00e9 de multiples fa\u00e7ons : comme lubrifiant, huile de massage, d\u00e9licieuse friandise ou huile chauffante. La formule a des propri\u00e9t\u00e9s chauffantes, ce qui signifie que lorsqu&rsquo;elle est appliqu\u00e9e sur les zones \u00e9rog\u00e8nes, elle vous r\u00e9chauffe doucement avec une excitation br\u00fblante ! Amusez-vous bien !<\/p>\n<p><strong>Contenu<\/strong>: 125ml (variantes : fraise, ananas)<\/p>\n<p><strong>Ingr\u00e9dients fraise:<\/strong>GLYCERIN, WATER, PROPYLENEGLYCOL, AROMA, SODIUM SACCHARIN<\/p>\n<p><strong>Ingr\u00e9dients ananas : <\/strong>GLYCERIN, WATER, PROPYLENEGLYCOL, AROMA, SODIUM SACCHARIN<\/p>\n","protected":false},"excerpt":{"rendered":"<p>Le S8 4-in-1 Dessert Lube 125ml Fraise Ananas de S8 est le choix parfait pour des pr\u00e9liminaires sensuels et coquins.<\/p>\n","protected":false},"featured_media":18578,"comment_status":"open","ping_status":"closed","template":"","meta":{"_acf_changed":false,"_glsr_average":0,"_glsr_ranking":0,"_glsr_reviews":0},"product_brand":[],"product_cat":[576,548,569],"product_tag":[],"class_list":{"0":"post-18577","1":"product","2":"type-product","3":"status-publish","4":"has-post-thumbnail","6":"product_cat-bien-etre","7":"product_cat-droguerie","8":"product_cat-lubrifiant","10":"first","11":"instock","12":"taxable","13":"shipping-taxable","14":"purchasable","15":"product-type-variable","16":"has-default-attributes"},"bundled_by":[],"bundle_stock_status":"instock","bundle_stock_quantity":null,"bundle_virtual":false,"bundle_layout":"","bundle_add_to_cart_form_location":"","bundle_editable_in_cart":false,"bundle_sold_individually_context":"","bundle_item_grouping":"","bundle_min_size":"","bundle_max_size":"","bundled_items":[],"bundle_sell_ids":[],"acf":[],"yoast_head":"<!-- This site is optimized with the Yoast SEO plugin v27.2 - https:\/\/yoast.com\/product\/yoast-seo-wordpress\/ -->\n<title>S8 4-in-1 Dessert Lube 125ml Fraise Ananas \u25b7 hier g\u00fcnstig kaufen | poppersschweiz.com<\/title>\n<meta name=\"description\" content=\"S8 4-in-1 Dessert Lube 125ml Fraise Ananas \u25b7 hier g\u00fcnstig online kaufen. Schneller Versand \u2713 Nur Original-Produkte \u2713 Jetzt kaufen &amp; Spa\u00df haben.\" \/>\n<meta name=\"robots\" content=\"index, follow, max-snippet:-1, max-image-preview:large, max-video-preview:-1\" \/>\n<link rel=\"canonical\" href=\"https:\/\/poppersschweiz.com\/fr\/produit\/s8-4-in-1-dessert-lube-125ml-fraise-ananas\/\" \/>\n<meta property=\"og:locale\" content=\"fr_FR\" \/>\n<meta property=\"og:type\" content=\"article\" \/>\n<meta property=\"og:title\" content=\"S8 4-in-1 Dessert Lube 125ml Fraise Ananas \u25b7 hier g\u00fcnstig kaufen | poppersschweiz.com\" \/>\n<meta property=\"og:description\" content=\"S8 4-in-1 Dessert Lube 125ml Fraise Ananas \u25b7 hier g\u00fcnstig online kaufen. Schneller Versand \u2713 Nur Original-Produkte \u2713 Jetzt kaufen &amp; Spa\u00df haben.\" \/>\n<meta property=\"og:url\" content=\"https:\/\/poppersschweiz.com\/fr\/produit\/s8-4-in-1-dessert-lube-125ml-fraise-ananas\/\" \/>\n<meta property=\"og:site_name\" content=\"poppersschweiz.com\" \/>\n<meta property=\"og:image\" content=\"https:\/\/poppersschweiz.com\/wp-content\/uploads\/2024\/05\/S8-4-in-1-Dessert-Lube-125ml-Erdbeere-Ananas.png\" \/>\n\t<meta property=\"og:image:width\" content=\"600\" \/>\n\t<meta property=\"og:image:height\" content=\"600\" \/>\n\t<meta property=\"og:image:type\" content=\"image\/png\" \/>\n<meta name=\"twitter:card\" content=\"summary_large_image\" \/>\n<meta name=\"twitter:label1\" content=\"Disponibilit\u00e9\" \/>\n\t<meta name=\"twitter:data1\" content=\"En stock\" \/>\n<script type=\"application\/ld+json\" class=\"yoast-schema-graph\">{\"@context\":\"https:\/\/schema.org\",\"@graph\":[{\"@type\":\"WebPage\",\"@id\":\"https:\/\/poppersschweiz.com\/fr\/produit\/s8-4-in-1-dessert-lube-125ml-fraise-ananas\/\",\"url\":\"https:\/\/poppersschweiz.com\/fr\/produit\/s8-4-in-1-dessert-lube-125ml-fraise-ananas\/\",\"name\":\"S8 4-in-1 Dessert Lube 125ml Fraise Ananas \u25b7 hier g\u00fcnstig kaufen | poppersschweiz.com\",\"isPartOf\":{\"@id\":\"https:\/\/poppersschweiz.com\/fr\/#website\"},\"primaryImageOfPage\":{\"@id\":\"https:\/\/poppersschweiz.com\/fr\/produit\/s8-4-in-1-dessert-lube-125ml-fraise-ananas\/#primaryimage\"},\"image\":{\"@id\":\"https:\/\/poppersschweiz.com\/fr\/produit\/s8-4-in-1-dessert-lube-125ml-fraise-ananas\/#primaryimage\"},\"thumbnailUrl\":\"https:\/\/poppersschweiz.com\/wp-content\/uploads\/2024\/05\/S8-4-in-1-Dessert-Lube-125ml-Erdbeere-Ananas.png\",\"datePublished\":\"2024-05-15T17:02:15+00:00\",\"description\":\"S8 4-in-1 Dessert Lube 125ml Fraise Ananas \u25b7 hier g\u00fcnstig online kaufen. Schneller Versand \u2713 Nur Original-Produkte \u2713 Jetzt kaufen & Spa\u00df haben.\",\"breadcrumb\":{\"@id\":\"https:\/\/poppersschweiz.com\/fr\/produit\/s8-4-in-1-dessert-lube-125ml-fraise-ananas\/#breadcrumb\"},\"inLanguage\":\"fr-FR\",\"potentialAction\":[{\"@type\":\"ReadAction\",\"target\":[\"https:\/\/poppersschweiz.com\/fr\/produit\/s8-4-in-1-dessert-lube-125ml-fraise-ananas\/\"]}]},{\"@type\":\"ImageObject\",\"inLanguage\":\"fr-FR\",\"@id\":\"https:\/\/poppersschweiz.com\/fr\/produit\/s8-4-in-1-dessert-lube-125ml-fraise-ananas\/#primaryimage\",\"url\":\"https:\/\/poppersschweiz.com\/wp-content\/uploads\/2024\/05\/S8-4-in-1-Dessert-Lube-125ml-Erdbeere-Ananas.png\",\"contentUrl\":\"https:\/\/poppersschweiz.com\/wp-content\/uploads\/2024\/05\/S8-4-in-1-Dessert-Lube-125ml-Erdbeere-Ananas.png\",\"width\":600,\"height\":600,\"caption\":\"S8 4-in-1 Dessert Lube 125ml Erdbeere Ananas\"},{\"@type\":\"BreadcrumbList\",\"@id\":\"https:\/\/poppersschweiz.com\/fr\/produit\/s8-4-in-1-dessert-lube-125ml-fraise-ananas\/#breadcrumb\",\"itemListElement\":[{\"@type\":\"ListItem\",\"position\":1,\"name\":\"Page d'accueil\",\"item\":\"https:\/\/poppersschweiz.com\/fr\/\"},{\"@type\":\"ListItem\",\"position\":2,\"name\":\"Poppers, accessoires pour poppers et plus encore\",\"item\":\"https:\/\/poppersschweiz.com\/fr\/poppers-accessoires-pour-poppers-et-plus-encore\/\"},{\"@type\":\"ListItem\",\"position\":3,\"name\":\"S8 4-in-1 Dessert Lube 125ml Fraise Ananas\"}]},{\"@type\":\"WebSite\",\"@id\":\"https:\/\/poppersschweiz.com\/fr\/#website\",\"url\":\"https:\/\/poppersschweiz.com\/fr\/\",\"name\":\"poppersschweiz.com\",\"description\":\"\",\"potentialAction\":[{\"@type\":\"SearchAction\",\"target\":{\"@type\":\"EntryPoint\",\"urlTemplate\":\"https:\/\/poppersschweiz.com\/fr\/?s={search_term_string}\"},\"query-input\":{\"@type\":\"PropertyValueSpecification\",\"valueRequired\":true,\"valueName\":\"search_term_string\"}}],\"inLanguage\":\"fr-FR\"}]}<\/script>\n<meta property=\"og:availability\" content=\"instock\" \/>\n<meta property=\"product:availability\" content=\"instock\" \/>\n<meta property=\"product:condition\" content=\"new\" \/>\n<!-- \/ Yoast SEO plugin. -->","yoast_head_json":{"title":"S8 4-in-1 Dessert Lube 125ml Fraise Ananas \u25b7 hier g\u00fcnstig kaufen | poppersschweiz.com","description":"S8 4-in-1 Dessert Lube 125ml Fraise Ananas \u25b7 hier g\u00fcnstig online kaufen. Schneller Versand \u2713 Nur Original-Produkte \u2713 Jetzt kaufen & Spa\u00df haben.","robots":{"index":"index","follow":"follow","max-snippet":"max-snippet:-1","max-image-preview":"max-image-preview:large","max-video-preview":"max-video-preview:-1"},"canonical":"https:\/\/poppersschweiz.com\/fr\/produit\/s8-4-in-1-dessert-lube-125ml-fraise-ananas\/","og_locale":"fr_FR","og_type":"article","og_title":"S8 4-in-1 Dessert Lube 125ml Fraise Ananas \u25b7 hier g\u00fcnstig kaufen | poppersschweiz.com","og_description":"S8 4-in-1 Dessert Lube 125ml Fraise Ananas \u25b7 hier g\u00fcnstig online kaufen. Schneller Versand \u2713 Nur Original-Produkte \u2713 Jetzt kaufen & Spa\u00df haben.","og_url":"https:\/\/poppersschweiz.com\/fr\/produit\/s8-4-in-1-dessert-lube-125ml-fraise-ananas\/","og_site_name":"poppersschweiz.com","og_image":[{"width":600,"height":600,"url":"https:\/\/poppersschweiz.com\/wp-content\/uploads\/2024\/05\/S8-4-in-1-Dessert-Lube-125ml-Erdbeere-Ananas.png","type":"image\/png"}],"twitter_card":"summary_large_image","twitter_misc":{"Disponibilit\u00e9":"En stock"},"schema":{"@context":"https:\/\/schema.org","@graph":[{"@type":"WebPage","@id":"https:\/\/poppersschweiz.com\/fr\/produit\/s8-4-in-1-dessert-lube-125ml-fraise-ananas\/","url":"https:\/\/poppersschweiz.com\/fr\/produit\/s8-4-in-1-dessert-lube-125ml-fraise-ananas\/","name":"S8 4-in-1 Dessert Lube 125ml Fraise Ananas \u25b7 hier g\u00fcnstig kaufen | poppersschweiz.com","isPartOf":{"@id":"https:\/\/poppersschweiz.com\/fr\/#website"},"primaryImageOfPage":{"@id":"https:\/\/poppersschweiz.com\/fr\/produit\/s8-4-in-1-dessert-lube-125ml-fraise-ananas\/#primaryimage"},"image":{"@id":"https:\/\/poppersschweiz.com\/fr\/produit\/s8-4-in-1-dessert-lube-125ml-fraise-ananas\/#primaryimage"},"thumbnailUrl":"https:\/\/poppersschweiz.com\/wp-content\/uploads\/2024\/05\/S8-4-in-1-Dessert-Lube-125ml-Erdbeere-Ananas.png","datePublished":"2024-05-15T17:02:15+00:00","description":"S8 4-in-1 Dessert Lube 125ml Fraise Ananas \u25b7 hier g\u00fcnstig online kaufen. Schneller Versand \u2713 Nur Original-Produkte \u2713 Jetzt kaufen & Spa\u00df haben.","breadcrumb":{"@id":"https:\/\/poppersschweiz.com\/fr\/produit\/s8-4-in-1-dessert-lube-125ml-fraise-ananas\/#breadcrumb"},"inLanguage":"fr-FR","potentialAction":[{"@type":"ReadAction","target":["https:\/\/poppersschweiz.com\/fr\/produit\/s8-4-in-1-dessert-lube-125ml-fraise-ananas\/"]}]},{"@type":"ImageObject","inLanguage":"fr-FR","@id":"https:\/\/poppersschweiz.com\/fr\/produit\/s8-4-in-1-dessert-lube-125ml-fraise-ananas\/#primaryimage","url":"https:\/\/poppersschweiz.com\/wp-content\/uploads\/2024\/05\/S8-4-in-1-Dessert-Lube-125ml-Erdbeere-Ananas.png","contentUrl":"https:\/\/poppersschweiz.com\/wp-content\/uploads\/2024\/05\/S8-4-in-1-Dessert-Lube-125ml-Erdbeere-Ananas.png","width":600,"height":600,"caption":"S8 4-in-1 Dessert Lube 125ml Erdbeere Ananas"},{"@type":"BreadcrumbList","@id":"https:\/\/poppersschweiz.com\/fr\/produit\/s8-4-in-1-dessert-lube-125ml-fraise-ananas\/#breadcrumb","itemListElement":[{"@type":"ListItem","position":1,"name":"Page d'accueil","item":"https:\/\/poppersschweiz.com\/fr\/"},{"@type":"ListItem","position":2,"name":"Poppers, accessoires pour poppers et plus encore","item":"https:\/\/poppersschweiz.com\/fr\/poppers-accessoires-pour-poppers-et-plus-encore\/"},{"@type":"ListItem","position":3,"name":"S8 4-in-1 Dessert Lube 125ml Fraise Ananas"}]},{"@type":"WebSite","@id":"https:\/\/poppersschweiz.com\/fr\/#website","url":"https:\/\/poppersschweiz.com\/fr\/","name":"poppersschweiz.com","description":"","potentialAction":[{"@type":"SearchAction","target":{"@type":"EntryPoint","urlTemplate":"https:\/\/poppersschweiz.com\/fr\/?s={search_term_string}"},"query-input":{"@type":"PropertyValueSpecification","valueRequired":true,"valueName":"search_term_string"}}],"inLanguage":"fr-FR"}]},"og_availability":"instock","product_availability":"instock","product_condition":"new"},"_links":{"self":[{"href":"https:\/\/poppersschweiz.com\/fr\/wp-json\/wp\/v2\/product\/18577","targetHints":{"allow":["GET"]}}],"collection":[{"href":"https:\/\/poppersschweiz.com\/fr\/wp-json\/wp\/v2\/product"}],"about":[{"href":"https:\/\/poppersschweiz.com\/fr\/wp-json\/wp\/v2\/types\/product"}],"replies":[{"embeddable":true,"href":"https:\/\/poppersschweiz.com\/fr\/wp-json\/wp\/v2\/comments?post=18577"}],"wp:featuredmedia":[{"embeddable":true,"href":"https:\/\/poppersschweiz.com\/fr\/wp-json\/wp\/v2\/media\/18578"}],"wp:attachment":[{"href":"https:\/\/poppersschweiz.com\/fr\/wp-json\/wp\/v2\/media?parent=18577"}],"wp:term":[{"taxonomy":"product_brand","embeddable":true,"href":"https:\/\/poppersschweiz.com\/fr\/wp-json\/wp\/v2\/product_brand?post=18577"},{"taxonomy":"product_cat","embeddable":true,"href":"https:\/\/poppersschweiz.com\/fr\/wp-json\/wp\/v2\/product_cat?post=18577"},{"taxonomy":"product_tag","embeddable":true,"href":"https:\/\/poppersschweiz.com\/fr\/wp-json\/wp\/v2\/product_tag?post=18577"}],"curies":[{"name":"wp","href":"https:\/\/api.w.org\/{rel}","templated":true}]}}