{"id":18643,"date":"2024-05-19T20:28:53","date_gmt":"2024-05-19T18:28:53","guid":{"rendered":"https:\/\/poppersschweiz.com\/product\/poppers-booster-cap-xtrm-snffr-solo-large\/"},"modified":"2024-10-15T12:18:19","modified_gmt":"2024-10-15T10:18:19","slug":"poppers-booster-cap-xtrm-snffr-solo-large","status":"publish","type":"product","link":"https:\/\/poppersschweiz.com\/fr\/produit\/poppers-booster-cap-xtrm-snffr-solo-large\/","title":{"rendered":"Poppers Booster Cap XTRM SNFFR Solo Large"},"content":{"rendered":"<p>Le<strong> Poppers Booster Cap XTRM SNFFR Solo Large<\/strong> de XTRM fait passer l&rsquo;utilisation des poppers \u00e0 un niveau sup\u00e9rieur. Tu d\u00e9visses le bouchon original du fabricant et tu visses le booster cap sur la bouteille. Tu sentiras vite la diff\u00e9rence. Un autre avantage est que vous prot\u00e9gez votre peau des irritations et des br\u00fblures avec le booster cap, car vous n&rsquo;avez pas de contact direct principal avec le poppers. Apr\u00e8s utilisation, remettre imp\u00e9rativement le couvercle d&rsquo;origine du fabricant pour \u00e9viter les fuites. Essaye le Booster Cap et \u00e9cris un commentaire sur ce produit sur cette page. Le Poppers Booster Cap XTRM SNFFR Solo Large est adapt\u00e9 \u00e0 tous les flacons de 25 ml du fabricant Lockerroom.<\/p>\n","protected":false},"excerpt":{"rendered":"<p>Le Poppers Booster Cap XTRM SNFFR Solo Large de XTRM fait passer l&rsquo;utilisation des poppers \u00e0 un niveau sup\u00e9rieur. Tu<\/p>\n","protected":false},"featured_media":18644,"comment_status":"open","ping_status":"closed","template":"","meta":{"_acf_changed":false,"_glsr_average":0,"_glsr_ranking":0,"_glsr_reviews":0},"product_brand":[],"product_cat":[533,530],"product_tag":[],"class_list":{"0":"post-18643","1":"product","2":"type-product","3":"status-publish","4":"has-post-thumbnail","6":"product_cat-accessoires-poppers","7":"product_cat-poppers-suisse","9":"first","10":"instock","11":"taxable","12":"shipping-taxable","13":"purchasable","14":"product-type-simple"},"bundled_by":[],"bundle_stock_status":"instock","bundle_stock_quantity":null,"bundle_virtual":false,"bundle_layout":"","bundle_add_to_cart_form_location":"","bundle_editable_in_cart":false,"bundle_sold_individually_context":"","bundle_item_grouping":"","bundle_min_size":"","bundle_max_size":"","bundled_items":[],"bundle_sell_ids":[],"acf":[],"yoast_head":"<!-- This site is optimized with the Yoast SEO plugin v27.2 - https:\/\/yoast.com\/product\/yoast-seo-wordpress\/ -->\n<title>Poppers Booster Cap XTRM SNFFR Solo Large \u25b7 hier g\u00fcnstig kaufen | poppersschweiz.com<\/title>\n<meta name=\"description\" content=\"Poppers Booster Cap XTRM SNFFR Solo Large \u25b7 hier g\u00fcnstig online kaufen. Schneller Versand \u2713 Nur Original-Produkte \u2713 Jetzt kaufen &amp; Spa\u00df haben.\" \/>\n<meta name=\"robots\" content=\"index, follow, max-snippet:-1, max-image-preview:large, max-video-preview:-1\" \/>\n<link rel=\"canonical\" href=\"https:\/\/poppersschweiz.com\/fr\/produit\/poppers-booster-cap-xtrm-snffr-solo-large\/\" \/>\n<meta property=\"og:locale\" content=\"fr_FR\" \/>\n<meta property=\"og:type\" content=\"article\" \/>\n<meta property=\"og:title\" content=\"Poppers Booster Cap XTRM SNFFR Solo Large \u25b7 hier g\u00fcnstig kaufen | poppersschweiz.com\" \/>\n<meta property=\"og:description\" content=\"Poppers Booster Cap XTRM SNFFR Solo Large \u25b7 hier g\u00fcnstig online kaufen. Schneller Versand \u2713 Nur Original-Produkte \u2713 Jetzt kaufen &amp; Spa\u00df haben.\" \/>\n<meta property=\"og:url\" content=\"https:\/\/poppersschweiz.com\/fr\/produit\/poppers-booster-cap-xtrm-snffr-solo-large\/\" \/>\n<meta property=\"og:site_name\" content=\"poppersschweiz.com\" \/>\n<meta property=\"article:modified_time\" content=\"2024-10-15T10:18:19+00:00\" \/>\n<meta property=\"og:image\" content=\"https:\/\/poppersschweiz.com\/wp-content\/uploads\/2024\/05\/Poppers-Booster-Cap-XTRM-SNFFR-Solo-Large.png\" \/>\n\t<meta property=\"og:image:width\" content=\"600\" \/>\n\t<meta property=\"og:image:height\" content=\"600\" \/>\n\t<meta property=\"og:image:type\" content=\"image\/png\" \/>\n<meta name=\"twitter:card\" content=\"summary_large_image\" \/>\n<meta name=\"twitter:label1\" content=\"Prix\" \/>\n\t<meta name=\"twitter:data1\" content=\"&#067;&#072;&#070;&nbsp;19.90\" \/>\n\t<meta name=\"twitter:label2\" content=\"Disponibilit\u00e9\" \/>\n\t<meta name=\"twitter:data2\" content=\"En stock\" \/>\n<script type=\"application\/ld+json\" class=\"yoast-schema-graph\">{\"@context\":\"https:\/\/schema.org\",\"@graph\":[{\"@type\":\"WebPage\",\"@id\":\"https:\/\/poppersschweiz.com\/fr\/produit\/poppers-booster-cap-xtrm-snffr-solo-large\/\",\"url\":\"https:\/\/poppersschweiz.com\/fr\/produit\/poppers-booster-cap-xtrm-snffr-solo-large\/\",\"name\":\"Poppers Booster Cap XTRM SNFFR Solo Large \u25b7 hier g\u00fcnstig kaufen | poppersschweiz.com\",\"isPartOf\":{\"@id\":\"https:\/\/poppersschweiz.com\/fr\/#website\"},\"primaryImageOfPage\":{\"@id\":\"https:\/\/poppersschweiz.com\/fr\/produit\/poppers-booster-cap-xtrm-snffr-solo-large\/#primaryimage\"},\"image\":{\"@id\":\"https:\/\/poppersschweiz.com\/fr\/produit\/poppers-booster-cap-xtrm-snffr-solo-large\/#primaryimage\"},\"thumbnailUrl\":\"https:\/\/poppersschweiz.com\/wp-content\/uploads\/2024\/05\/Poppers-Booster-Cap-XTRM-SNFFR-Solo-Large.png\",\"datePublished\":\"2024-05-19T18:28:53+00:00\",\"dateModified\":\"2024-10-15T10:18:19+00:00\",\"description\":\"Poppers Booster Cap XTRM SNFFR Solo Large \u25b7 hier g\u00fcnstig online kaufen. Schneller Versand \u2713 Nur Original-Produkte \u2713 Jetzt kaufen & Spa\u00df haben.\",\"breadcrumb\":{\"@id\":\"https:\/\/poppersschweiz.com\/fr\/produit\/poppers-booster-cap-xtrm-snffr-solo-large\/#breadcrumb\"},\"inLanguage\":\"fr-FR\",\"potentialAction\":[{\"@type\":\"ReadAction\",\"target\":[\"https:\/\/poppersschweiz.com\/fr\/produit\/poppers-booster-cap-xtrm-snffr-solo-large\/\"]}]},{\"@type\":\"ImageObject\",\"inLanguage\":\"fr-FR\",\"@id\":\"https:\/\/poppersschweiz.com\/fr\/produit\/poppers-booster-cap-xtrm-snffr-solo-large\/#primaryimage\",\"url\":\"https:\/\/poppersschweiz.com\/wp-content\/uploads\/2024\/05\/Poppers-Booster-Cap-XTRM-SNFFR-Solo-Large.png\",\"contentUrl\":\"https:\/\/poppersschweiz.com\/wp-content\/uploads\/2024\/05\/Poppers-Booster-Cap-XTRM-SNFFR-Solo-Large.png\",\"width\":600,\"height\":600,\"caption\":\"Poppers Booster Cap XTRM SNFFR Solo Large\"},{\"@type\":\"BreadcrumbList\",\"@id\":\"https:\/\/poppersschweiz.com\/fr\/produit\/poppers-booster-cap-xtrm-snffr-solo-large\/#breadcrumb\",\"itemListElement\":[{\"@type\":\"ListItem\",\"position\":1,\"name\":\"Page d'accueil\",\"item\":\"https:\/\/poppersschweiz.com\/fr\/\"},{\"@type\":\"ListItem\",\"position\":2,\"name\":\"Poppers, accessoires pour poppers et plus encore\",\"item\":\"https:\/\/poppersschweiz.com\/fr\/poppers-accessoires-pour-poppers-et-plus-encore\/\"},{\"@type\":\"ListItem\",\"position\":3,\"name\":\"Poppers Booster Cap XTRM SNFFR Solo Large\"}]},{\"@type\":\"WebSite\",\"@id\":\"https:\/\/poppersschweiz.com\/fr\/#website\",\"url\":\"https:\/\/poppersschweiz.com\/fr\/\",\"name\":\"poppersschweiz.com\",\"description\":\"\",\"potentialAction\":[{\"@type\":\"SearchAction\",\"target\":{\"@type\":\"EntryPoint\",\"urlTemplate\":\"https:\/\/poppersschweiz.com\/fr\/?s={search_term_string}\"},\"query-input\":{\"@type\":\"PropertyValueSpecification\",\"valueRequired\":true,\"valueName\":\"search_term_string\"}}],\"inLanguage\":\"fr-FR\"}]}<\/script>\n<meta property=\"product:price:amount\" content=\"19.90\" \/>\n<meta property=\"product:price:currency\" content=\"CHF\" \/>\n<meta property=\"og:availability\" content=\"instock\" \/>\n<meta property=\"product:availability\" content=\"instock\" \/>\n<meta property=\"product:retailer_item_id\" content=\"XTRM-SL\" \/>\n<meta property=\"product:condition\" content=\"new\" \/>\n<!-- \/ Yoast SEO plugin. -->","yoast_head_json":{"title":"Poppers Booster Cap XTRM SNFFR Solo Large \u25b7 hier g\u00fcnstig kaufen | poppersschweiz.com","description":"Poppers Booster Cap XTRM SNFFR Solo Large \u25b7 hier g\u00fcnstig online kaufen. Schneller Versand \u2713 Nur Original-Produkte \u2713 Jetzt kaufen & Spa\u00df haben.","robots":{"index":"index","follow":"follow","max-snippet":"max-snippet:-1","max-image-preview":"max-image-preview:large","max-video-preview":"max-video-preview:-1"},"canonical":"https:\/\/poppersschweiz.com\/fr\/produit\/poppers-booster-cap-xtrm-snffr-solo-large\/","og_locale":"fr_FR","og_type":"article","og_title":"Poppers Booster Cap XTRM SNFFR Solo Large \u25b7 hier g\u00fcnstig kaufen | poppersschweiz.com","og_description":"Poppers Booster Cap XTRM SNFFR Solo Large \u25b7 hier g\u00fcnstig online kaufen. Schneller Versand \u2713 Nur Original-Produkte \u2713 Jetzt kaufen & Spa\u00df haben.","og_url":"https:\/\/poppersschweiz.com\/fr\/produit\/poppers-booster-cap-xtrm-snffr-solo-large\/","og_site_name":"poppersschweiz.com","article_modified_time":"2024-10-15T10:18:19+00:00","og_image":[{"width":600,"height":600,"url":"https:\/\/poppersschweiz.com\/wp-content\/uploads\/2024\/05\/Poppers-Booster-Cap-XTRM-SNFFR-Solo-Large.png","type":"image\/png"}],"twitter_card":"summary_large_image","twitter_misc":{"Prix":"&#67;&#72;&#70;&nbsp;19.90","Disponibilit\u00e9":"En stock"},"schema":{"@context":"https:\/\/schema.org","@graph":[{"@type":"WebPage","@id":"https:\/\/poppersschweiz.com\/fr\/produit\/poppers-booster-cap-xtrm-snffr-solo-large\/","url":"https:\/\/poppersschweiz.com\/fr\/produit\/poppers-booster-cap-xtrm-snffr-solo-large\/","name":"Poppers Booster Cap XTRM SNFFR Solo Large \u25b7 hier g\u00fcnstig kaufen | poppersschweiz.com","isPartOf":{"@id":"https:\/\/poppersschweiz.com\/fr\/#website"},"primaryImageOfPage":{"@id":"https:\/\/poppersschweiz.com\/fr\/produit\/poppers-booster-cap-xtrm-snffr-solo-large\/#primaryimage"},"image":{"@id":"https:\/\/poppersschweiz.com\/fr\/produit\/poppers-booster-cap-xtrm-snffr-solo-large\/#primaryimage"},"thumbnailUrl":"https:\/\/poppersschweiz.com\/wp-content\/uploads\/2024\/05\/Poppers-Booster-Cap-XTRM-SNFFR-Solo-Large.png","datePublished":"2024-05-19T18:28:53+00:00","dateModified":"2024-10-15T10:18:19+00:00","description":"Poppers Booster Cap XTRM SNFFR Solo Large \u25b7 hier g\u00fcnstig online kaufen. Schneller Versand \u2713 Nur Original-Produkte \u2713 Jetzt kaufen & Spa\u00df haben.","breadcrumb":{"@id":"https:\/\/poppersschweiz.com\/fr\/produit\/poppers-booster-cap-xtrm-snffr-solo-large\/#breadcrumb"},"inLanguage":"fr-FR","potentialAction":[{"@type":"ReadAction","target":["https:\/\/poppersschweiz.com\/fr\/produit\/poppers-booster-cap-xtrm-snffr-solo-large\/"]}]},{"@type":"ImageObject","inLanguage":"fr-FR","@id":"https:\/\/poppersschweiz.com\/fr\/produit\/poppers-booster-cap-xtrm-snffr-solo-large\/#primaryimage","url":"https:\/\/poppersschweiz.com\/wp-content\/uploads\/2024\/05\/Poppers-Booster-Cap-XTRM-SNFFR-Solo-Large.png","contentUrl":"https:\/\/poppersschweiz.com\/wp-content\/uploads\/2024\/05\/Poppers-Booster-Cap-XTRM-SNFFR-Solo-Large.png","width":600,"height":600,"caption":"Poppers Booster Cap XTRM SNFFR Solo Large"},{"@type":"BreadcrumbList","@id":"https:\/\/poppersschweiz.com\/fr\/produit\/poppers-booster-cap-xtrm-snffr-solo-large\/#breadcrumb","itemListElement":[{"@type":"ListItem","position":1,"name":"Page d'accueil","item":"https:\/\/poppersschweiz.com\/fr\/"},{"@type":"ListItem","position":2,"name":"Poppers, accessoires pour poppers et plus encore","item":"https:\/\/poppersschweiz.com\/fr\/poppers-accessoires-pour-poppers-et-plus-encore\/"},{"@type":"ListItem","position":3,"name":"Poppers Booster Cap XTRM SNFFR Solo Large"}]},{"@type":"WebSite","@id":"https:\/\/poppersschweiz.com\/fr\/#website","url":"https:\/\/poppersschweiz.com\/fr\/","name":"poppersschweiz.com","description":"","potentialAction":[{"@type":"SearchAction","target":{"@type":"EntryPoint","urlTemplate":"https:\/\/poppersschweiz.com\/fr\/?s={search_term_string}"},"query-input":{"@type":"PropertyValueSpecification","valueRequired":true,"valueName":"search_term_string"}}],"inLanguage":"fr-FR"}]},"product_price_amount":"19.90","product_price_currency":"CHF","og_availability":"instock","product_availability":"instock","product_retailer_item_id":"XTRM-SL","product_condition":"new"},"_links":{"self":[{"href":"https:\/\/poppersschweiz.com\/fr\/wp-json\/wp\/v2\/product\/18643","targetHints":{"allow":["GET"]}}],"collection":[{"href":"https:\/\/poppersschweiz.com\/fr\/wp-json\/wp\/v2\/product"}],"about":[{"href":"https:\/\/poppersschweiz.com\/fr\/wp-json\/wp\/v2\/types\/product"}],"replies":[{"embeddable":true,"href":"https:\/\/poppersschweiz.com\/fr\/wp-json\/wp\/v2\/comments?post=18643"}],"wp:featuredmedia":[{"embeddable":true,"href":"https:\/\/poppersschweiz.com\/fr\/wp-json\/wp\/v2\/media\/18644"}],"wp:attachment":[{"href":"https:\/\/poppersschweiz.com\/fr\/wp-json\/wp\/v2\/media?parent=18643"}],"wp:term":[{"taxonomy":"product_brand","embeddable":true,"href":"https:\/\/poppersschweiz.com\/fr\/wp-json\/wp\/v2\/product_brand?post=18643"},{"taxonomy":"product_cat","embeddable":true,"href":"https:\/\/poppersschweiz.com\/fr\/wp-json\/wp\/v2\/product_cat?post=18643"},{"taxonomy":"product_tag","embeddable":true,"href":"https:\/\/poppersschweiz.com\/fr\/wp-json\/wp\/v2\/product_tag?post=18643"}],"curies":[{"name":"wp","href":"https:\/\/api.w.org\/{rel}","templated":true}]}}