{"id":18716,"date":"2024-04-24T12:23:01","date_gmt":"2024-04-24T10:23:01","guid":{"rendered":"https:\/\/poppersschweiz.com\/product\/cock-and-ball-strap-titus-silicon-series\/"},"modified":"2024-04-24T12:23:01","modified_gmt":"2024-04-24T10:23:01","slug":"cock-and-ball-strap-titus-silicon-series","status":"publish","type":"product","link":"https:\/\/poppersschweiz.com\/fr\/produit\/cock-and-ball-strap-titus-silicon-series\/","title":{"rendered":"Cock and Ball Strap titus Silicon Series"},"content":{"rendered":"<p><b>Cock and Ball Strap titus Silicon Series  <\/b><span style=\"font-weight: 400;\">en silicone souple apporte de la vari\u00e9t\u00e9. Vous pouvez facilement r\u00e9gler le Cock et Ball Strap en trois tailles diff\u00e9rentes pour renforcer votre \u00e9rection. Cette pi\u00e8ce comprime la base de votre queue et de vos couilles pour une meilleure \u00e9rection et des sensations plus fortes lors de la pr\u00e9paration \u00e0 l&rsquo;orgasme. Les boutons-pression robustes sont faciles \u00e0 utiliser et vous pouvez facilement changer la taille de l&rsquo;anneau en 35 mm, 45 mm ou 55 mm. C&rsquo;est id\u00e9al pour les sessions prolong\u00e9es ou pour le port pendant la journ\u00e9e. Le silicone de haute qualit\u00e9 se sent comme une seconde peau, m\u00eame sur une longue p\u00e9riode. Fonctionne parfaitement avec les lubrifiants \u00e0 base d&rsquo;eau ou hybrides.<\/span><\/p>\n","protected":false},"excerpt":{"rendered":"<p>Cock and Ball Strap titus Silicon Series en silicone souple apporte de la vari\u00e9t\u00e9. Vous pouvez facilement r\u00e9gler le Cock<\/p>\n","protected":false},"featured_media":18718,"comment_status":"open","ping_status":"closed","template":"","meta":{"_acf_changed":false,"_glsr_average":0,"_glsr_ranking":0,"_glsr_reviews":0},"product_brand":[],"product_cat":[544,553,557],"product_tag":[],"class_list":{"0":"post-18716","1":"product","2":"type-product","3":"status-publish","4":"has-post-thumbnail","6":"product_cat-jouets","7":"product_cat-jouets-a-balles","8":"product_cat-jouets-de-cock","10":"first","11":"instock","12":"taxable","13":"shipping-taxable","14":"purchasable","15":"product-type-simple"},"bundled_by":[],"bundle_stock_status":"instock","bundle_stock_quantity":null,"bundle_virtual":false,"bundle_layout":"","bundle_add_to_cart_form_location":"","bundle_editable_in_cart":false,"bundle_sold_individually_context":"","bundle_item_grouping":"","bundle_min_size":"","bundle_max_size":"","bundled_items":[],"bundle_sell_ids":[],"acf":[],"yoast_head":"<!-- This site is optimized with the Yoast SEO plugin v27.2 - https:\/\/yoast.com\/product\/yoast-seo-wordpress\/ -->\n<title>Cock and Ball Strap titus Silicon Series \u25b7 hier g\u00fcnstig kaufen | poppersschweiz.com<\/title>\n<meta name=\"description\" content=\"Cock and Ball Strap titus Silicon Series \u25b7 hier g\u00fcnstig online kaufen. Schneller Versand \u2713 Nur Original-Produkte \u2713 Jetzt kaufen &amp; Spa\u00df haben.\" \/>\n<meta name=\"robots\" content=\"index, follow, max-snippet:-1, max-image-preview:large, max-video-preview:-1\" \/>\n<link rel=\"canonical\" href=\"https:\/\/poppersschweiz.com\/fr\/produit\/cock-and-ball-strap-titus-silicon-series\/\" \/>\n<meta property=\"og:locale\" content=\"fr_FR\" \/>\n<meta property=\"og:type\" content=\"article\" \/>\n<meta property=\"og:title\" content=\"Cock and Ball Strap titus Silicon Series \u25b7 hier g\u00fcnstig kaufen | poppersschweiz.com\" \/>\n<meta property=\"og:description\" content=\"Cock and Ball Strap titus Silicon Series \u25b7 hier g\u00fcnstig online kaufen. Schneller Versand \u2713 Nur Original-Produkte \u2713 Jetzt kaufen &amp; Spa\u00df haben.\" \/>\n<meta property=\"og:url\" content=\"https:\/\/poppersschweiz.com\/fr\/produit\/cock-and-ball-strap-titus-silicon-series\/\" \/>\n<meta property=\"og:site_name\" content=\"poppersschweiz.com\" \/>\n<meta property=\"og:image\" content=\"https:\/\/poppersschweiz.com\/wp-content\/uploads\/2024\/04\/KlikKlak-2024-04-24T121147.366.png\" \/>\n\t<meta property=\"og:image:width\" content=\"600\" \/>\n\t<meta property=\"og:image:height\" content=\"600\" \/>\n\t<meta property=\"og:image:type\" content=\"image\/png\" \/>\n<meta name=\"twitter:card\" content=\"summary_large_image\" \/>\n<meta name=\"twitter:label1\" content=\"Prix\" \/>\n\t<meta name=\"twitter:data1\" content=\"&#067;&#072;&#070;&nbsp;11.90\" \/>\n\t<meta name=\"twitter:label2\" content=\"Disponibilit\u00e9\" \/>\n\t<meta name=\"twitter:data2\" content=\"En stock\" \/>\n<script type=\"application\/ld+json\" class=\"yoast-schema-graph\">{\"@context\":\"https:\/\/schema.org\",\"@graph\":[{\"@type\":\"WebPage\",\"@id\":\"https:\/\/poppersschweiz.com\/fr\/produit\/cock-and-ball-strap-titus-silicon-series\/\",\"url\":\"https:\/\/poppersschweiz.com\/fr\/produit\/cock-and-ball-strap-titus-silicon-series\/\",\"name\":\"Cock and Ball Strap titus Silicon Series \u25b7 hier g\u00fcnstig kaufen | poppersschweiz.com\",\"isPartOf\":{\"@id\":\"https:\/\/poppersschweiz.com\/fr\/#website\"},\"primaryImageOfPage\":{\"@id\":\"https:\/\/poppersschweiz.com\/fr\/produit\/cock-and-ball-strap-titus-silicon-series\/#primaryimage\"},\"image\":{\"@id\":\"https:\/\/poppersschweiz.com\/fr\/produit\/cock-and-ball-strap-titus-silicon-series\/#primaryimage\"},\"thumbnailUrl\":\"https:\/\/poppersschweiz.com\/wp-content\/uploads\/2024\/04\/KlikKlak-2024-04-24T121147.366.png\",\"datePublished\":\"2024-04-24T10:23:01+00:00\",\"description\":\"Cock and Ball Strap titus Silicon Series \u25b7 hier g\u00fcnstig online kaufen. Schneller Versand \u2713 Nur Original-Produkte \u2713 Jetzt kaufen & Spa\u00df haben.\",\"breadcrumb\":{\"@id\":\"https:\/\/poppersschweiz.com\/fr\/produit\/cock-and-ball-strap-titus-silicon-series\/#breadcrumb\"},\"inLanguage\":\"fr-FR\",\"potentialAction\":[{\"@type\":\"ReadAction\",\"target\":[\"https:\/\/poppersschweiz.com\/fr\/produit\/cock-and-ball-strap-titus-silicon-series\/\"]}]},{\"@type\":\"ImageObject\",\"inLanguage\":\"fr-FR\",\"@id\":\"https:\/\/poppersschweiz.com\/fr\/produit\/cock-and-ball-strap-titus-silicon-series\/#primaryimage\",\"url\":\"https:\/\/poppersschweiz.com\/wp-content\/uploads\/2024\/04\/KlikKlak-2024-04-24T121147.366.png\",\"contentUrl\":\"https:\/\/poppersschweiz.com\/wp-content\/uploads\/2024\/04\/KlikKlak-2024-04-24T121147.366.png\",\"width\":600,\"height\":600,\"caption\":\"Cock and Ball Strap titus Silicon Series\"},{\"@type\":\"BreadcrumbList\",\"@id\":\"https:\/\/poppersschweiz.com\/fr\/produit\/cock-and-ball-strap-titus-silicon-series\/#breadcrumb\",\"itemListElement\":[{\"@type\":\"ListItem\",\"position\":1,\"name\":\"Page d'accueil\",\"item\":\"https:\/\/poppersschweiz.com\/fr\/\"},{\"@type\":\"ListItem\",\"position\":2,\"name\":\"Poppers, accessoires pour poppers et plus encore\",\"item\":\"https:\/\/poppersschweiz.com\/fr\/poppers-accessoires-pour-poppers-et-plus-encore\/\"},{\"@type\":\"ListItem\",\"position\":3,\"name\":\"Cock and Ball Strap titus Silicon Series\"}]},{\"@type\":\"WebSite\",\"@id\":\"https:\/\/poppersschweiz.com\/fr\/#website\",\"url\":\"https:\/\/poppersschweiz.com\/fr\/\",\"name\":\"poppersschweiz.com\",\"description\":\"\",\"potentialAction\":[{\"@type\":\"SearchAction\",\"target\":{\"@type\":\"EntryPoint\",\"urlTemplate\":\"https:\/\/poppersschweiz.com\/fr\/?s={search_term_string}\"},\"query-input\":{\"@type\":\"PropertyValueSpecification\",\"valueRequired\":true,\"valueName\":\"search_term_string\"}}],\"inLanguage\":\"fr-FR\"}]}<\/script>\n<meta property=\"product:price:amount\" content=\"11.90\" \/>\n<meta property=\"product:price:currency\" content=\"CHF\" \/>\n<meta property=\"og:availability\" content=\"instock\" \/>\n<meta property=\"product:availability\" content=\"instock\" \/>\n<meta property=\"product:retailer_item_id\" content=\"T-TIT-SCB\" \/>\n<meta property=\"product:condition\" content=\"new\" \/>\n<!-- \/ Yoast SEO plugin. -->","yoast_head_json":{"title":"Cock and Ball Strap titus Silicon Series \u25b7 hier g\u00fcnstig kaufen | poppersschweiz.com","description":"Cock and Ball Strap titus Silicon Series \u25b7 hier g\u00fcnstig online kaufen. Schneller Versand \u2713 Nur Original-Produkte \u2713 Jetzt kaufen & Spa\u00df haben.","robots":{"index":"index","follow":"follow","max-snippet":"max-snippet:-1","max-image-preview":"max-image-preview:large","max-video-preview":"max-video-preview:-1"},"canonical":"https:\/\/poppersschweiz.com\/fr\/produit\/cock-and-ball-strap-titus-silicon-series\/","og_locale":"fr_FR","og_type":"article","og_title":"Cock and Ball Strap titus Silicon Series \u25b7 hier g\u00fcnstig kaufen | poppersschweiz.com","og_description":"Cock and Ball Strap titus Silicon Series \u25b7 hier g\u00fcnstig online kaufen. Schneller Versand \u2713 Nur Original-Produkte \u2713 Jetzt kaufen & Spa\u00df haben.","og_url":"https:\/\/poppersschweiz.com\/fr\/produit\/cock-and-ball-strap-titus-silicon-series\/","og_site_name":"poppersschweiz.com","og_image":[{"width":600,"height":600,"url":"https:\/\/poppersschweiz.com\/wp-content\/uploads\/2024\/04\/KlikKlak-2024-04-24T121147.366.png","type":"image\/png"}],"twitter_card":"summary_large_image","twitter_misc":{"Prix":"&#67;&#72;&#70;&nbsp;11.90","Disponibilit\u00e9":"En stock"},"schema":{"@context":"https:\/\/schema.org","@graph":[{"@type":"WebPage","@id":"https:\/\/poppersschweiz.com\/fr\/produit\/cock-and-ball-strap-titus-silicon-series\/","url":"https:\/\/poppersschweiz.com\/fr\/produit\/cock-and-ball-strap-titus-silicon-series\/","name":"Cock and Ball Strap titus Silicon Series \u25b7 hier g\u00fcnstig kaufen | poppersschweiz.com","isPartOf":{"@id":"https:\/\/poppersschweiz.com\/fr\/#website"},"primaryImageOfPage":{"@id":"https:\/\/poppersschweiz.com\/fr\/produit\/cock-and-ball-strap-titus-silicon-series\/#primaryimage"},"image":{"@id":"https:\/\/poppersschweiz.com\/fr\/produit\/cock-and-ball-strap-titus-silicon-series\/#primaryimage"},"thumbnailUrl":"https:\/\/poppersschweiz.com\/wp-content\/uploads\/2024\/04\/KlikKlak-2024-04-24T121147.366.png","datePublished":"2024-04-24T10:23:01+00:00","description":"Cock and Ball Strap titus Silicon Series \u25b7 hier g\u00fcnstig online kaufen. Schneller Versand \u2713 Nur Original-Produkte \u2713 Jetzt kaufen & Spa\u00df haben.","breadcrumb":{"@id":"https:\/\/poppersschweiz.com\/fr\/produit\/cock-and-ball-strap-titus-silicon-series\/#breadcrumb"},"inLanguage":"fr-FR","potentialAction":[{"@type":"ReadAction","target":["https:\/\/poppersschweiz.com\/fr\/produit\/cock-and-ball-strap-titus-silicon-series\/"]}]},{"@type":"ImageObject","inLanguage":"fr-FR","@id":"https:\/\/poppersschweiz.com\/fr\/produit\/cock-and-ball-strap-titus-silicon-series\/#primaryimage","url":"https:\/\/poppersschweiz.com\/wp-content\/uploads\/2024\/04\/KlikKlak-2024-04-24T121147.366.png","contentUrl":"https:\/\/poppersschweiz.com\/wp-content\/uploads\/2024\/04\/KlikKlak-2024-04-24T121147.366.png","width":600,"height":600,"caption":"Cock and Ball Strap titus Silicon Series"},{"@type":"BreadcrumbList","@id":"https:\/\/poppersschweiz.com\/fr\/produit\/cock-and-ball-strap-titus-silicon-series\/#breadcrumb","itemListElement":[{"@type":"ListItem","position":1,"name":"Page d'accueil","item":"https:\/\/poppersschweiz.com\/fr\/"},{"@type":"ListItem","position":2,"name":"Poppers, accessoires pour poppers et plus encore","item":"https:\/\/poppersschweiz.com\/fr\/poppers-accessoires-pour-poppers-et-plus-encore\/"},{"@type":"ListItem","position":3,"name":"Cock and Ball Strap titus Silicon Series"}]},{"@type":"WebSite","@id":"https:\/\/poppersschweiz.com\/fr\/#website","url":"https:\/\/poppersschweiz.com\/fr\/","name":"poppersschweiz.com","description":"","potentialAction":[{"@type":"SearchAction","target":{"@type":"EntryPoint","urlTemplate":"https:\/\/poppersschweiz.com\/fr\/?s={search_term_string}"},"query-input":{"@type":"PropertyValueSpecification","valueRequired":true,"valueName":"search_term_string"}}],"inLanguage":"fr-FR"}]},"product_price_amount":"11.90","product_price_currency":"CHF","og_availability":"instock","product_availability":"instock","product_retailer_item_id":"T-TIT-SCB","product_condition":"new"},"_links":{"self":[{"href":"https:\/\/poppersschweiz.com\/fr\/wp-json\/wp\/v2\/product\/18716","targetHints":{"allow":["GET"]}}],"collection":[{"href":"https:\/\/poppersschweiz.com\/fr\/wp-json\/wp\/v2\/product"}],"about":[{"href":"https:\/\/poppersschweiz.com\/fr\/wp-json\/wp\/v2\/types\/product"}],"replies":[{"embeddable":true,"href":"https:\/\/poppersschweiz.com\/fr\/wp-json\/wp\/v2\/comments?post=18716"}],"wp:featuredmedia":[{"embeddable":true,"href":"https:\/\/poppersschweiz.com\/fr\/wp-json\/wp\/v2\/media\/18718"}],"wp:attachment":[{"href":"https:\/\/poppersschweiz.com\/fr\/wp-json\/wp\/v2\/media?parent=18716"}],"wp:term":[{"taxonomy":"product_brand","embeddable":true,"href":"https:\/\/poppersschweiz.com\/fr\/wp-json\/wp\/v2\/product_brand?post=18716"},{"taxonomy":"product_cat","embeddable":true,"href":"https:\/\/poppersschweiz.com\/fr\/wp-json\/wp\/v2\/product_cat?post=18716"},{"taxonomy":"product_tag","embeddable":true,"href":"https:\/\/poppersschweiz.com\/fr\/wp-json\/wp\/v2\/product_tag?post=18716"}],"curies":[{"name":"wp","href":"https:\/\/api.w.org\/{rel}","templated":true}]}}