{"id":18746,"date":"2024-04-24T14:53:26","date_gmt":"2024-04-24T12:53:26","guid":{"rendered":"https:\/\/poppersschweiz.com\/product\/sniff-it-combo-iron-fist-poppers-black-label-24ml-avec-poppers-booster-cap-xtrm-double-small-black-leak-proof\/"},"modified":"2026-01-05T13:29:58","modified_gmt":"2026-01-05T12:29:58","slug":"sniff-it-combo-iron-fist-poppers-black-label-24ml-avec-poppers-booster-cap-xtrm-double-small-black-leak-proof","status":"publish","type":"product","link":"https:\/\/poppersschweiz.com\/fr\/produit\/sniff-it-combo-iron-fist-poppers-black-label-24ml-avec-poppers-booster-cap-xtrm-double-small-black-leak-proof\/","title":{"rendered":"Sniff it Combo ! Iron Fist Poppers Black Label 24ml avec Poppers Booster Cap XTRM Double Small Black LEAK PROOF"},"content":{"rendered":"<p><strong>Sniff it<\/strong> Combo \u00e0 un prix HAMMER-Package ! Sniff it Combo ! <strong>Iron Fist Poppers Black Label 24ml avec Poppers Booster Cap XTRM Double Small Black LEAK PROOF<\/strong> pour un poppers kick encore plus intense. Effet renforc\u00e9 garanti. Mega <strong>Sniff it<\/strong> Combo \u00e0 un prix attractif est l&rsquo;offre ultime pour ton coup de pouce suppl\u00e9mentaire en poppers ! Iron Fist Poppers Black Label 24ml est fabriqu\u00e9 \u00e0 base de nitrite de pentyle.<\/p>\n<p>&nbsp;<\/p>\n<p><span style=\"font-weight: 400;\">Nous l&rsquo;attendions depuis longtemps, nous et nos amis de Fist : Le <\/span><b><a href=\"https:\/\/poppersschweiz.com\/produkt\/iron-fist-poppers-black-label-24ml\/\">Iron Fist Poppers Black Label 24ml<\/a><\/b> <span style=\"font-weight: 400;\">est l\u00e0, dans une formule pentyle puissante et, de plus, dans une bouteille en aluminium indestructible. Ce poppers puissant est destin\u00e9 \u00e0 tous les experts intr\u00e9pides et aux amateurs de jeux FF et de sessions difficiles. Une fois ouvert, Iron Fist Black Label fait de vous un animal sans retenue qui tressaille apr\u00e8s les grosses bites, les poings et les jouets. Le format de poche pratique dans une bouteille en aluminium l\u00e9g\u00e8re et indestructible se glisse dans une poche de pantalon et vous s\u00e9duira \u00e9galement.  <\/span><\/p>\n<p>&nbsp;<\/p>\n<p>Si les choses se g\u00e2tent imm\u00e9diatement apr\u00e8s avoir sniff\u00e9 des poppers, il peut arriver que le flacon de poppers Swiss Premium Juice 10ml soit ensuite renvers\u00e9 et qu&rsquo;il se soit \u00e9chapp\u00e9. L&rsquo;\u00e9quipe XTRM a d\u00e9velopp\u00e9 \u00e0 cet effet une ing\u00e9nieuse casquette Poppers Booster \u00e0 bouton-pression, anti-fuite et facile \u00e0 utiliser. Tu visses le sniffer anti-fuite comme d&rsquo;habitude sur le flacon Swiss Premium Juice 10 ml. Ce n&rsquo;est que lorsque tu appuies sur le bouton-poussoir situ\u00e9 sur le c\u00f4t\u00e9 du couvercle que le poppers s&rsquo;\u00e9coule de la bouteille par le canal de kick. Lorsque tu rel\u00e2ches le bouton-poussoir, le sniffer est \u00e0 nouveau <strong>\u00e9tanche \u00e0 100%<\/strong> et le poppers reste dans la bouteille, m\u00eame si celle-ci se renverse parce qu&rsquo;il fait chaud en ce moment. Ce nouveau syst\u00e8me de fermeture avec bouton-poussoir est de grande qualit\u00e9, ce n&rsquo;est pas un produit de masse et il est fabriqu\u00e9 en Autriche avec beaucoup d&rsquo;engagement. Le <a href=\"https:\/\/poppersschweiz.com\/produkt\/poppers-booster-cap-xtrm-double-small-black-leak-proof\/\"><strong>Double Small Black LEAK PROOF Booster Cap<\/strong><\/a>s&rsquo;adapte \u00e0 tous les flacons de <strong>10ml et 30ml<\/strong> de Lockerroom ainsi qu&rsquo;\u00e0 tous les flacons de Shelbora et Oxymoron. D\u00e9couvre le frisson et le confort suppl\u00e9mentaires en tirant des poppers. Plus jamais de bouteilles de Poppers renvers\u00e9es, gr\u00e2ce \u00e0 la capsule anti-fuite Poppers Booster LEAK PROOF.<\/p>\n","protected":false},"excerpt":{"rendered":"<p>Ingr\u00e9dient : nitrite d&rsquo;alcool isoamylique &#8211; vente \u00e0 partir de 18 ans &#8211; non destin\u00e9 \u00e0 la consommation humaine<\/p>\n","protected":false},"featured_media":18750,"comment_status":"open","ping_status":"closed","template":"","meta":{"_acf_changed":false,"_glsr_average":0,"_glsr_ranking":0,"_glsr_reviews":0},"product_brand":[],"product_cat":[531,534,530],"product_tag":[],"class_list":{"0":"post-18746","1":"product","2":"type-product","3":"status-publish","4":"has-post-thumbnail","6":"product_cat-grandes-bouteilles-de-poppers","7":"product_cat-paquets-economiques-poppers","8":"product_cat-poppers-suisse","10":"first","11":"instock","12":"sale","13":"taxable","14":"shipping-taxable","15":"purchasable","16":"product-type-simple"},"bundled_by":[],"bundle_stock_status":"instock","bundle_stock_quantity":null,"bundle_virtual":false,"bundle_layout":"","bundle_add_to_cart_form_location":"","bundle_editable_in_cart":false,"bundle_sold_individually_context":"","bundle_item_grouping":"","bundle_min_size":"","bundle_max_size":"","bundled_items":[],"bundle_sell_ids":[],"acf":[],"yoast_head":"<!-- This site is optimized with the Yoast SEO plugin v27.2 - https:\/\/yoast.com\/product\/yoast-seo-wordpress\/ -->\n<title>Sniff it Combo ! Iron Fist Poppers Black Label 24ml avec Poppers Booster Cap XTRM Double Small Black LEAK PROOF \u25b7 hier g\u00fcnstig kaufen | poppersschweiz.com<\/title>\n<meta name=\"description\" content=\"Sniff it Combo ! Iron Fist Poppers Black Label 24ml avec Poppers Booster Cap XTRM Double Small Black LEAK PROOF \u25b7 hier g\u00fcnstig online kaufen. Schneller Versand \u2713 Nur Original-Produkte \u2713 Jetzt kaufen &amp; Spa\u00df haben.\" \/>\n<meta name=\"robots\" content=\"index, follow, max-snippet:-1, max-image-preview:large, max-video-preview:-1\" \/>\n<link rel=\"canonical\" href=\"https:\/\/poppersschweiz.com\/fr\/produit\/sniff-it-combo-iron-fist-poppers-black-label-24ml-avec-poppers-booster-cap-xtrm-double-small-black-leak-proof\/\" \/>\n<meta property=\"og:locale\" content=\"fr_FR\" \/>\n<meta property=\"og:type\" content=\"article\" \/>\n<meta property=\"og:title\" content=\"Sniff it Combo ! Iron Fist Poppers Black Label 24ml avec Poppers Booster Cap XTRM Double Small Black LEAK PROOF \u25b7 hier g\u00fcnstig kaufen | poppersschweiz.com\" \/>\n<meta property=\"og:description\" content=\"Sniff it Combo ! Iron Fist Poppers Black Label 24ml avec Poppers Booster Cap XTRM Double Small Black LEAK PROOF \u25b7 hier g\u00fcnstig online kaufen. Schneller Versand \u2713 Nur Original-Produkte \u2713 Jetzt kaufen &amp; Spa\u00df haben.\" \/>\n<meta property=\"og:url\" content=\"https:\/\/poppersschweiz.com\/fr\/produit\/sniff-it-combo-iron-fist-poppers-black-label-24ml-avec-poppers-booster-cap-xtrm-double-small-black-leak-proof\/\" \/>\n<meta property=\"og:site_name\" content=\"poppersschweiz.com\" \/>\n<meta property=\"article:modified_time\" content=\"2026-01-05T12:29:58+00:00\" \/>\n<meta property=\"og:image\" content=\"https:\/\/poppersschweiz.com\/wp-content\/uploads\/2024\/04\/Sniff-it-Combo-Iron-Fist-Poppers-Black-Label-24ml-mit-Poppers-Booster-Cap-XTRM-Double-Small-Black-LEAK-PROOF.png\" \/>\n\t<meta property=\"og:image:width\" content=\"600\" \/>\n\t<meta property=\"og:image:height\" content=\"600\" \/>\n\t<meta property=\"og:image:type\" content=\"image\/png\" \/>\n<meta name=\"twitter:card\" content=\"summary_large_image\" \/>\n<meta name=\"twitter:label1\" content=\"Prix\" \/>\n\t<meta name=\"twitter:data1\" content=\"&#067;&#072;&#070;&nbsp;54.90\" \/>\n\t<meta name=\"twitter:label2\" content=\"Disponibilit\u00e9\" \/>\n\t<meta name=\"twitter:data2\" content=\"En stock\" \/>\n<script type=\"application\/ld+json\" class=\"yoast-schema-graph\">{\"@context\":\"https:\/\/schema.org\",\"@graph\":[{\"@type\":\"WebPage\",\"@id\":\"https:\/\/poppersschweiz.com\/fr\/produit\/sniff-it-combo-iron-fist-poppers-black-label-24ml-avec-poppers-booster-cap-xtrm-double-small-black-leak-proof\/\",\"url\":\"https:\/\/poppersschweiz.com\/fr\/produit\/sniff-it-combo-iron-fist-poppers-black-label-24ml-avec-poppers-booster-cap-xtrm-double-small-black-leak-proof\/\",\"name\":\"Sniff it Combo ! Iron Fist Poppers Black Label 24ml avec Poppers Booster Cap XTRM Double Small Black LEAK PROOF \u25b7 hier g\u00fcnstig kaufen | poppersschweiz.com\",\"isPartOf\":{\"@id\":\"https:\/\/poppersschweiz.com\/fr\/#website\"},\"primaryImageOfPage\":{\"@id\":\"https:\/\/poppersschweiz.com\/fr\/produit\/sniff-it-combo-iron-fist-poppers-black-label-24ml-avec-poppers-booster-cap-xtrm-double-small-black-leak-proof\/#primaryimage\"},\"image\":{\"@id\":\"https:\/\/poppersschweiz.com\/fr\/produit\/sniff-it-combo-iron-fist-poppers-black-label-24ml-avec-poppers-booster-cap-xtrm-double-small-black-leak-proof\/#primaryimage\"},\"thumbnailUrl\":\"https:\/\/poppersschweiz.com\/wp-content\/uploads\/2024\/04\/Sniff-it-Combo-Iron-Fist-Poppers-Black-Label-24ml-mit-Poppers-Booster-Cap-XTRM-Double-Small-Black-LEAK-PROOF.png\",\"datePublished\":\"2024-04-24T12:53:26+00:00\",\"dateModified\":\"2026-01-05T12:29:58+00:00\",\"description\":\"Sniff it Combo ! Iron Fist Poppers Black Label 24ml avec Poppers Booster Cap XTRM Double Small Black LEAK PROOF \u25b7 hier g\u00fcnstig online kaufen. Schneller Versand \u2713 Nur Original-Produkte \u2713 Jetzt kaufen & Spa\u00df haben.\",\"breadcrumb\":{\"@id\":\"https:\/\/poppersschweiz.com\/fr\/produit\/sniff-it-combo-iron-fist-poppers-black-label-24ml-avec-poppers-booster-cap-xtrm-double-small-black-leak-proof\/#breadcrumb\"},\"inLanguage\":\"fr-FR\",\"potentialAction\":[{\"@type\":\"ReadAction\",\"target\":[\"https:\/\/poppersschweiz.com\/fr\/produit\/sniff-it-combo-iron-fist-poppers-black-label-24ml-avec-poppers-booster-cap-xtrm-double-small-black-leak-proof\/\"]}]},{\"@type\":\"ImageObject\",\"inLanguage\":\"fr-FR\",\"@id\":\"https:\/\/poppersschweiz.com\/fr\/produit\/sniff-it-combo-iron-fist-poppers-black-label-24ml-avec-poppers-booster-cap-xtrm-double-small-black-leak-proof\/#primaryimage\",\"url\":\"https:\/\/poppersschweiz.com\/wp-content\/uploads\/2024\/04\/Sniff-it-Combo-Iron-Fist-Poppers-Black-Label-24ml-mit-Poppers-Booster-Cap-XTRM-Double-Small-Black-LEAK-PROOF.png\",\"contentUrl\":\"https:\/\/poppersschweiz.com\/wp-content\/uploads\/2024\/04\/Sniff-it-Combo-Iron-Fist-Poppers-Black-Label-24ml-mit-Poppers-Booster-Cap-XTRM-Double-Small-Black-LEAK-PROOF.png\",\"width\":600,\"height\":600},{\"@type\":\"BreadcrumbList\",\"@id\":\"https:\/\/poppersschweiz.com\/fr\/produit\/sniff-it-combo-iron-fist-poppers-black-label-24ml-avec-poppers-booster-cap-xtrm-double-small-black-leak-proof\/#breadcrumb\",\"itemListElement\":[{\"@type\":\"ListItem\",\"position\":1,\"name\":\"Page d'accueil\",\"item\":\"https:\/\/poppersschweiz.com\/fr\/\"},{\"@type\":\"ListItem\",\"position\":2,\"name\":\"Poppers, accessoires pour poppers et plus encore\",\"item\":\"https:\/\/poppersschweiz.com\/fr\/poppers-accessoires-pour-poppers-et-plus-encore\/\"},{\"@type\":\"ListItem\",\"position\":3,\"name\":\"Sniff it Combo ! Iron Fist Poppers Black Label 24ml avec Poppers Booster Cap XTRM Double Small Black LEAK PROOF\"}]},{\"@type\":\"WebSite\",\"@id\":\"https:\/\/poppersschweiz.com\/fr\/#website\",\"url\":\"https:\/\/poppersschweiz.com\/fr\/\",\"name\":\"poppersschweiz.com\",\"description\":\"\",\"potentialAction\":[{\"@type\":\"SearchAction\",\"target\":{\"@type\":\"EntryPoint\",\"urlTemplate\":\"https:\/\/poppersschweiz.com\/fr\/?s={search_term_string}\"},\"query-input\":{\"@type\":\"PropertyValueSpecification\",\"valueRequired\":true,\"valueName\":\"search_term_string\"}}],\"inLanguage\":\"fr-FR\"}]}<\/script>\n<meta property=\"product:price:amount\" content=\"54.90\" \/>\n<meta property=\"product:price:currency\" content=\"CHF\" \/>\n<meta property=\"og:availability\" content=\"instock\" \/>\n<meta property=\"product:availability\" content=\"instock\" \/>\n<meta property=\"product:retailer_item_id\" content=\"1x IFB24, 1x XTRM-LP-SB\" \/>\n<meta property=\"product:condition\" content=\"new\" \/>\n<!-- \/ Yoast SEO plugin. -->","yoast_head_json":{"title":"Sniff it Combo ! Iron Fist Poppers Black Label 24ml avec Poppers Booster Cap XTRM Double Small Black LEAK PROOF \u25b7 hier g\u00fcnstig kaufen | poppersschweiz.com","description":"Sniff it Combo ! Iron Fist Poppers Black Label 24ml avec Poppers Booster Cap XTRM Double Small Black LEAK PROOF \u25b7 hier g\u00fcnstig online kaufen. Schneller Versand \u2713 Nur Original-Produkte \u2713 Jetzt kaufen & Spa\u00df haben.","robots":{"index":"index","follow":"follow","max-snippet":"max-snippet:-1","max-image-preview":"max-image-preview:large","max-video-preview":"max-video-preview:-1"},"canonical":"https:\/\/poppersschweiz.com\/fr\/produit\/sniff-it-combo-iron-fist-poppers-black-label-24ml-avec-poppers-booster-cap-xtrm-double-small-black-leak-proof\/","og_locale":"fr_FR","og_type":"article","og_title":"Sniff it Combo ! Iron Fist Poppers Black Label 24ml avec Poppers Booster Cap XTRM Double Small Black LEAK PROOF \u25b7 hier g\u00fcnstig kaufen | poppersschweiz.com","og_description":"Sniff it Combo ! Iron Fist Poppers Black Label 24ml avec Poppers Booster Cap XTRM Double Small Black LEAK PROOF \u25b7 hier g\u00fcnstig online kaufen. Schneller Versand \u2713 Nur Original-Produkte \u2713 Jetzt kaufen & Spa\u00df haben.","og_url":"https:\/\/poppersschweiz.com\/fr\/produit\/sniff-it-combo-iron-fist-poppers-black-label-24ml-avec-poppers-booster-cap-xtrm-double-small-black-leak-proof\/","og_site_name":"poppersschweiz.com","article_modified_time":"2026-01-05T12:29:58+00:00","og_image":[{"width":600,"height":600,"url":"https:\/\/poppersschweiz.com\/wp-content\/uploads\/2024\/04\/Sniff-it-Combo-Iron-Fist-Poppers-Black-Label-24ml-mit-Poppers-Booster-Cap-XTRM-Double-Small-Black-LEAK-PROOF.png","type":"image\/png"}],"twitter_card":"summary_large_image","twitter_misc":{"Prix":"&#67;&#72;&#70;&nbsp;54.90","Disponibilit\u00e9":"En stock"},"schema":{"@context":"https:\/\/schema.org","@graph":[{"@type":"WebPage","@id":"https:\/\/poppersschweiz.com\/fr\/produit\/sniff-it-combo-iron-fist-poppers-black-label-24ml-avec-poppers-booster-cap-xtrm-double-small-black-leak-proof\/","url":"https:\/\/poppersschweiz.com\/fr\/produit\/sniff-it-combo-iron-fist-poppers-black-label-24ml-avec-poppers-booster-cap-xtrm-double-small-black-leak-proof\/","name":"Sniff it Combo ! Iron Fist Poppers Black Label 24ml avec Poppers Booster Cap XTRM Double Small Black LEAK PROOF \u25b7 hier g\u00fcnstig kaufen | poppersschweiz.com","isPartOf":{"@id":"https:\/\/poppersschweiz.com\/fr\/#website"},"primaryImageOfPage":{"@id":"https:\/\/poppersschweiz.com\/fr\/produit\/sniff-it-combo-iron-fist-poppers-black-label-24ml-avec-poppers-booster-cap-xtrm-double-small-black-leak-proof\/#primaryimage"},"image":{"@id":"https:\/\/poppersschweiz.com\/fr\/produit\/sniff-it-combo-iron-fist-poppers-black-label-24ml-avec-poppers-booster-cap-xtrm-double-small-black-leak-proof\/#primaryimage"},"thumbnailUrl":"https:\/\/poppersschweiz.com\/wp-content\/uploads\/2024\/04\/Sniff-it-Combo-Iron-Fist-Poppers-Black-Label-24ml-mit-Poppers-Booster-Cap-XTRM-Double-Small-Black-LEAK-PROOF.png","datePublished":"2024-04-24T12:53:26+00:00","dateModified":"2026-01-05T12:29:58+00:00","description":"Sniff it Combo ! Iron Fist Poppers Black Label 24ml avec Poppers Booster Cap XTRM Double Small Black LEAK PROOF \u25b7 hier g\u00fcnstig online kaufen. Schneller Versand \u2713 Nur Original-Produkte \u2713 Jetzt kaufen & Spa\u00df haben.","breadcrumb":{"@id":"https:\/\/poppersschweiz.com\/fr\/produit\/sniff-it-combo-iron-fist-poppers-black-label-24ml-avec-poppers-booster-cap-xtrm-double-small-black-leak-proof\/#breadcrumb"},"inLanguage":"fr-FR","potentialAction":[{"@type":"ReadAction","target":["https:\/\/poppersschweiz.com\/fr\/produit\/sniff-it-combo-iron-fist-poppers-black-label-24ml-avec-poppers-booster-cap-xtrm-double-small-black-leak-proof\/"]}]},{"@type":"ImageObject","inLanguage":"fr-FR","@id":"https:\/\/poppersschweiz.com\/fr\/produit\/sniff-it-combo-iron-fist-poppers-black-label-24ml-avec-poppers-booster-cap-xtrm-double-small-black-leak-proof\/#primaryimage","url":"https:\/\/poppersschweiz.com\/wp-content\/uploads\/2024\/04\/Sniff-it-Combo-Iron-Fist-Poppers-Black-Label-24ml-mit-Poppers-Booster-Cap-XTRM-Double-Small-Black-LEAK-PROOF.png","contentUrl":"https:\/\/poppersschweiz.com\/wp-content\/uploads\/2024\/04\/Sniff-it-Combo-Iron-Fist-Poppers-Black-Label-24ml-mit-Poppers-Booster-Cap-XTRM-Double-Small-Black-LEAK-PROOF.png","width":600,"height":600},{"@type":"BreadcrumbList","@id":"https:\/\/poppersschweiz.com\/fr\/produit\/sniff-it-combo-iron-fist-poppers-black-label-24ml-avec-poppers-booster-cap-xtrm-double-small-black-leak-proof\/#breadcrumb","itemListElement":[{"@type":"ListItem","position":1,"name":"Page d'accueil","item":"https:\/\/poppersschweiz.com\/fr\/"},{"@type":"ListItem","position":2,"name":"Poppers, accessoires pour poppers et plus encore","item":"https:\/\/poppersschweiz.com\/fr\/poppers-accessoires-pour-poppers-et-plus-encore\/"},{"@type":"ListItem","position":3,"name":"Sniff it Combo ! Iron Fist Poppers Black Label 24ml avec Poppers Booster Cap XTRM Double Small Black LEAK PROOF"}]},{"@type":"WebSite","@id":"https:\/\/poppersschweiz.com\/fr\/#website","url":"https:\/\/poppersschweiz.com\/fr\/","name":"poppersschweiz.com","description":"","potentialAction":[{"@type":"SearchAction","target":{"@type":"EntryPoint","urlTemplate":"https:\/\/poppersschweiz.com\/fr\/?s={search_term_string}"},"query-input":{"@type":"PropertyValueSpecification","valueRequired":true,"valueName":"search_term_string"}}],"inLanguage":"fr-FR"}]},"product_price_amount":"54.90","product_price_currency":"CHF","og_availability":"instock","product_availability":"instock","product_retailer_item_id":"1x IFB24, 1x XTRM-LP-SB","product_condition":"new"},"_links":{"self":[{"href":"https:\/\/poppersschweiz.com\/fr\/wp-json\/wp\/v2\/product\/18746","targetHints":{"allow":["GET"]}}],"collection":[{"href":"https:\/\/poppersschweiz.com\/fr\/wp-json\/wp\/v2\/product"}],"about":[{"href":"https:\/\/poppersschweiz.com\/fr\/wp-json\/wp\/v2\/types\/product"}],"replies":[{"embeddable":true,"href":"https:\/\/poppersschweiz.com\/fr\/wp-json\/wp\/v2\/comments?post=18746"}],"wp:featuredmedia":[{"embeddable":true,"href":"https:\/\/poppersschweiz.com\/fr\/wp-json\/wp\/v2\/media\/18750"}],"wp:attachment":[{"href":"https:\/\/poppersschweiz.com\/fr\/wp-json\/wp\/v2\/media?parent=18746"}],"wp:term":[{"taxonomy":"product_brand","embeddable":true,"href":"https:\/\/poppersschweiz.com\/fr\/wp-json\/wp\/v2\/product_brand?post=18746"},{"taxonomy":"product_cat","embeddable":true,"href":"https:\/\/poppersschweiz.com\/fr\/wp-json\/wp\/v2\/product_cat?post=18746"},{"taxonomy":"product_tag","embeddable":true,"href":"https:\/\/poppersschweiz.com\/fr\/wp-json\/wp\/v2\/product_tag?post=18746"}],"curies":[{"name":"wp","href":"https:\/\/api.w.org\/{rel}","templated":true}]}}