{"id":18753,"date":"2024-04-25T12:35:19","date_gmt":"2024-04-25T10:35:19","guid":{"rendered":"https:\/\/poppersschweiz.com\/product\/couvercle-a-fermeture-confort-taille-de-filetage-small-5-pieces\/"},"modified":"2024-04-25T12:35:19","modified_gmt":"2024-04-25T10:35:19","slug":"couvercle-a-fermeture-confort-taille-de-filetage-small-5-pieces","status":"publish","type":"product","link":"https:\/\/poppersschweiz.com\/fr\/produit\/couvercle-a-fermeture-confort-taille-de-filetage-small-5-pieces\/","title":{"rendered":"Couvercle \u00e0 fermeture confort Taille de filetage small &#8211; 5 pi\u00e8ces"},"content":{"rendered":"<p><span style=\"font-weight: 400;\">La fermeture \u00e0 l&rsquo;\u00e9preuve des enfants est l&rsquo;une des innombrables prescriptions permettant de mettre sur le march\u00e9 diff\u00e9rentes sortes de poppers conform\u00e9ment \u00e0 la r\u00e9glementation. Nous respectons en permanence ces r\u00e8gles strictes de distribution des poppers. Le bouchon \u00e0 l&rsquo;\u00e9preuve des enfants est toutefois g\u00eanant \u00e0 l&rsquo;usage, en particulier lorsque les choses se bousculent et que vous souhaitez ouvrir le flacon de poppers facilement et rapidement. Ces couvercles confortables de haute qualit\u00e9, sans fermeture de s\u00e9curit\u00e9 pour les enfants, sont parfaitement \u00e9tanches et conviennent \u00e9galement pour le stockage permanent des poppers apr\u00e8s la session. Ces <strong>bouchons confort \u00e0 pas de vis small &#8211; 5 pi\u00e8ces &#8211;<\/strong> s&rsquo;adaptent \u00e0 toutes les bouteilles des fabricants Lockerroom, Oxymoron, Shelbora et Royal Hexagon. Les bouchons ne s&rsquo;adaptent pas aux bouteilles Retro-Line 25ml de Lockerroom. Remarque : si des enfants vivent dans votre foyer et que vous remplacez en permanence le couvercle de la bouteille de poppers pour votre confort, pensez \u00e0 vos enfants : veuillez ne pas laisser les bouteilles de poppers \u00e0 la port\u00e9e des enfants !<\/span><\/p>\n","protected":false},"excerpt":{"rendered":"<p>La fermeture \u00e0 l&rsquo;\u00e9preuve des enfants est l&rsquo;une des innombrables prescriptions permettant de mettre sur le march\u00e9 diff\u00e9rentes sortes de<\/p>\n","protected":false},"featured_media":18755,"comment_status":"open","ping_status":"closed","template":"","meta":{"_acf_changed":false,"_glsr_average":0,"_glsr_ranking":0,"_glsr_reviews":0},"product_brand":[],"product_cat":[533,530],"product_tag":[],"class_list":{"0":"post-18753","1":"product","2":"type-product","3":"status-publish","4":"has-post-thumbnail","6":"product_cat-accessoires-poppers","7":"product_cat-poppers-suisse","9":"first","10":"instock","11":"sale","12":"taxable","13":"shipping-taxable","14":"purchasable","15":"product-type-simple"},"bundled_by":[],"bundle_stock_status":"instock","bundle_stock_quantity":null,"bundle_virtual":false,"bundle_layout":"","bundle_add_to_cart_form_location":"","bundle_editable_in_cart":false,"bundle_sold_individually_context":"","bundle_item_grouping":"","bundle_min_size":"","bundle_max_size":"","bundled_items":[],"bundle_sell_ids":[],"acf":[],"yoast_head":"<!-- This site is optimized with the Yoast SEO plugin v27.2 - https:\/\/yoast.com\/product\/yoast-seo-wordpress\/ -->\n<title>Couvercle \u00e0 fermeture confort Taille de filetage small - 5 pi\u00e8ces \u25b7 hier g\u00fcnstig kaufen | poppersschweiz.com<\/title>\n<meta name=\"description\" content=\"Couvercle \u00e0 fermeture confort Taille de filetage small - 5 pi\u00e8ces \u25b7 hier g\u00fcnstig online kaufen. Schneller Versand \u2713 Nur Original-Produkte \u2713 Jetzt kaufen &amp; Spa\u00df haben.\" \/>\n<meta name=\"robots\" content=\"index, follow, max-snippet:-1, max-image-preview:large, max-video-preview:-1\" \/>\n<link rel=\"canonical\" href=\"https:\/\/poppersschweiz.com\/fr\/produit\/couvercle-a-fermeture-confort-taille-de-filetage-small-5-pieces\/\" \/>\n<meta property=\"og:locale\" content=\"fr_FR\" \/>\n<meta property=\"og:type\" content=\"article\" \/>\n<meta property=\"og:title\" content=\"Couvercle \u00e0 fermeture confort Taille de filetage small - 5 pi\u00e8ces \u25b7 hier g\u00fcnstig kaufen | poppersschweiz.com\" \/>\n<meta property=\"og:description\" content=\"Couvercle \u00e0 fermeture confort Taille de filetage small - 5 pi\u00e8ces \u25b7 hier g\u00fcnstig online kaufen. Schneller Versand \u2713 Nur Original-Produkte \u2713 Jetzt kaufen &amp; Spa\u00df haben.\" \/>\n<meta property=\"og:url\" content=\"https:\/\/poppersschweiz.com\/fr\/produit\/couvercle-a-fermeture-confort-taille-de-filetage-small-5-pieces\/\" \/>\n<meta property=\"og:site_name\" content=\"poppersschweiz.com\" \/>\n<meta property=\"og:image\" content=\"https:\/\/poppersschweiz.com\/wp-content\/uploads\/2024\/04\/KlikKlak-2024-04-25T122234.871.png\" \/>\n\t<meta property=\"og:image:width\" content=\"600\" \/>\n\t<meta property=\"og:image:height\" content=\"600\" \/>\n\t<meta property=\"og:image:type\" content=\"image\/png\" \/>\n<meta name=\"twitter:card\" content=\"summary_large_image\" \/>\n<meta name=\"twitter:label1\" content=\"Prix\" \/>\n\t<meta name=\"twitter:data1\" content=\"&#067;&#072;&#070;&nbsp;4.90\" \/>\n\t<meta name=\"twitter:label2\" content=\"Disponibilit\u00e9\" \/>\n\t<meta name=\"twitter:data2\" content=\"En stock\" \/>\n<script type=\"application\/ld+json\" class=\"yoast-schema-graph\">{\"@context\":\"https:\/\/schema.org\",\"@graph\":[{\"@type\":\"WebPage\",\"@id\":\"https:\/\/poppersschweiz.com\/fr\/produit\/couvercle-a-fermeture-confort-taille-de-filetage-small-5-pieces\/\",\"url\":\"https:\/\/poppersschweiz.com\/fr\/produit\/couvercle-a-fermeture-confort-taille-de-filetage-small-5-pieces\/\",\"name\":\"Couvercle \u00e0 fermeture confort Taille de filetage small - 5 pi\u00e8ces \u25b7 hier g\u00fcnstig kaufen | poppersschweiz.com\",\"isPartOf\":{\"@id\":\"https:\/\/poppersschweiz.com\/fr\/#website\"},\"primaryImageOfPage\":{\"@id\":\"https:\/\/poppersschweiz.com\/fr\/produit\/couvercle-a-fermeture-confort-taille-de-filetage-small-5-pieces\/#primaryimage\"},\"image\":{\"@id\":\"https:\/\/poppersschweiz.com\/fr\/produit\/couvercle-a-fermeture-confort-taille-de-filetage-small-5-pieces\/#primaryimage\"},\"thumbnailUrl\":\"https:\/\/poppersschweiz.com\/wp-content\/uploads\/2024\/04\/KlikKlak-2024-04-25T122234.871.png\",\"datePublished\":\"2024-04-25T10:35:19+00:00\",\"description\":\"Couvercle \u00e0 fermeture confort Taille de filetage small - 5 pi\u00e8ces \u25b7 hier g\u00fcnstig online kaufen. Schneller Versand \u2713 Nur Original-Produkte \u2713 Jetzt kaufen & Spa\u00df haben.\",\"breadcrumb\":{\"@id\":\"https:\/\/poppersschweiz.com\/fr\/produit\/couvercle-a-fermeture-confort-taille-de-filetage-small-5-pieces\/#breadcrumb\"},\"inLanguage\":\"fr-FR\",\"potentialAction\":[{\"@type\":\"ReadAction\",\"target\":[\"https:\/\/poppersschweiz.com\/fr\/produit\/couvercle-a-fermeture-confort-taille-de-filetage-small-5-pieces\/\"]}]},{\"@type\":\"ImageObject\",\"inLanguage\":\"fr-FR\",\"@id\":\"https:\/\/poppersschweiz.com\/fr\/produit\/couvercle-a-fermeture-confort-taille-de-filetage-small-5-pieces\/#primaryimage\",\"url\":\"https:\/\/poppersschweiz.com\/wp-content\/uploads\/2024\/04\/KlikKlak-2024-04-25T122234.871.png\",\"contentUrl\":\"https:\/\/poppersschweiz.com\/wp-content\/uploads\/2024\/04\/KlikKlak-2024-04-25T122234.871.png\",\"width\":600,\"height\":600,\"caption\":\"Komfort-Verschluss-Deckel Gewindegr\u00f6sse small - 5 St\u00fcck\"},{\"@type\":\"BreadcrumbList\",\"@id\":\"https:\/\/poppersschweiz.com\/fr\/produit\/couvercle-a-fermeture-confort-taille-de-filetage-small-5-pieces\/#breadcrumb\",\"itemListElement\":[{\"@type\":\"ListItem\",\"position\":1,\"name\":\"Page d'accueil\",\"item\":\"https:\/\/poppersschweiz.com\/fr\/\"},{\"@type\":\"ListItem\",\"position\":2,\"name\":\"Poppers, accessoires pour poppers et plus encore\",\"item\":\"https:\/\/poppersschweiz.com\/fr\/poppers-accessoires-pour-poppers-et-plus-encore\/\"},{\"@type\":\"ListItem\",\"position\":3,\"name\":\"Couvercle \u00e0 fermeture confort Taille de filetage small &#8211; 5 pi\u00e8ces\"}]},{\"@type\":\"WebSite\",\"@id\":\"https:\/\/poppersschweiz.com\/fr\/#website\",\"url\":\"https:\/\/poppersschweiz.com\/fr\/\",\"name\":\"poppersschweiz.com\",\"description\":\"\",\"potentialAction\":[{\"@type\":\"SearchAction\",\"target\":{\"@type\":\"EntryPoint\",\"urlTemplate\":\"https:\/\/poppersschweiz.com\/fr\/?s={search_term_string}\"},\"query-input\":{\"@type\":\"PropertyValueSpecification\",\"valueRequired\":true,\"valueName\":\"search_term_string\"}}],\"inLanguage\":\"fr-FR\"}]}<\/script>\n<meta property=\"product:price:amount\" content=\"4.90\" \/>\n<meta property=\"product:price:currency\" content=\"CHF\" \/>\n<meta property=\"og:availability\" content=\"instock\" \/>\n<meta property=\"product:availability\" content=\"instock\" \/>\n<meta property=\"product:retailer_item_id\" content=\"MF-CAP5\" \/>\n<meta property=\"product:condition\" content=\"new\" \/>\n<!-- \/ Yoast SEO plugin. -->","yoast_head_json":{"title":"Couvercle \u00e0 fermeture confort Taille de filetage small - 5 pi\u00e8ces \u25b7 hier g\u00fcnstig kaufen | poppersschweiz.com","description":"Couvercle \u00e0 fermeture confort Taille de filetage small - 5 pi\u00e8ces \u25b7 hier g\u00fcnstig online kaufen. Schneller Versand \u2713 Nur Original-Produkte \u2713 Jetzt kaufen & Spa\u00df haben.","robots":{"index":"index","follow":"follow","max-snippet":"max-snippet:-1","max-image-preview":"max-image-preview:large","max-video-preview":"max-video-preview:-1"},"canonical":"https:\/\/poppersschweiz.com\/fr\/produit\/couvercle-a-fermeture-confort-taille-de-filetage-small-5-pieces\/","og_locale":"fr_FR","og_type":"article","og_title":"Couvercle \u00e0 fermeture confort Taille de filetage small - 5 pi\u00e8ces \u25b7 hier g\u00fcnstig kaufen | poppersschweiz.com","og_description":"Couvercle \u00e0 fermeture confort Taille de filetage small - 5 pi\u00e8ces \u25b7 hier g\u00fcnstig online kaufen. Schneller Versand \u2713 Nur Original-Produkte \u2713 Jetzt kaufen & Spa\u00df haben.","og_url":"https:\/\/poppersschweiz.com\/fr\/produit\/couvercle-a-fermeture-confort-taille-de-filetage-small-5-pieces\/","og_site_name":"poppersschweiz.com","og_image":[{"width":600,"height":600,"url":"https:\/\/poppersschweiz.com\/wp-content\/uploads\/2024\/04\/KlikKlak-2024-04-25T122234.871.png","type":"image\/png"}],"twitter_card":"summary_large_image","twitter_misc":{"Prix":"&#67;&#72;&#70;&nbsp;4.90","Disponibilit\u00e9":"En stock"},"schema":{"@context":"https:\/\/schema.org","@graph":[{"@type":"WebPage","@id":"https:\/\/poppersschweiz.com\/fr\/produit\/couvercle-a-fermeture-confort-taille-de-filetage-small-5-pieces\/","url":"https:\/\/poppersschweiz.com\/fr\/produit\/couvercle-a-fermeture-confort-taille-de-filetage-small-5-pieces\/","name":"Couvercle \u00e0 fermeture confort Taille de filetage small - 5 pi\u00e8ces \u25b7 hier g\u00fcnstig kaufen | poppersschweiz.com","isPartOf":{"@id":"https:\/\/poppersschweiz.com\/fr\/#website"},"primaryImageOfPage":{"@id":"https:\/\/poppersschweiz.com\/fr\/produit\/couvercle-a-fermeture-confort-taille-de-filetage-small-5-pieces\/#primaryimage"},"image":{"@id":"https:\/\/poppersschweiz.com\/fr\/produit\/couvercle-a-fermeture-confort-taille-de-filetage-small-5-pieces\/#primaryimage"},"thumbnailUrl":"https:\/\/poppersschweiz.com\/wp-content\/uploads\/2024\/04\/KlikKlak-2024-04-25T122234.871.png","datePublished":"2024-04-25T10:35:19+00:00","description":"Couvercle \u00e0 fermeture confort Taille de filetage small - 5 pi\u00e8ces \u25b7 hier g\u00fcnstig online kaufen. Schneller Versand \u2713 Nur Original-Produkte \u2713 Jetzt kaufen & Spa\u00df haben.","breadcrumb":{"@id":"https:\/\/poppersschweiz.com\/fr\/produit\/couvercle-a-fermeture-confort-taille-de-filetage-small-5-pieces\/#breadcrumb"},"inLanguage":"fr-FR","potentialAction":[{"@type":"ReadAction","target":["https:\/\/poppersschweiz.com\/fr\/produit\/couvercle-a-fermeture-confort-taille-de-filetage-small-5-pieces\/"]}]},{"@type":"ImageObject","inLanguage":"fr-FR","@id":"https:\/\/poppersschweiz.com\/fr\/produit\/couvercle-a-fermeture-confort-taille-de-filetage-small-5-pieces\/#primaryimage","url":"https:\/\/poppersschweiz.com\/wp-content\/uploads\/2024\/04\/KlikKlak-2024-04-25T122234.871.png","contentUrl":"https:\/\/poppersschweiz.com\/wp-content\/uploads\/2024\/04\/KlikKlak-2024-04-25T122234.871.png","width":600,"height":600,"caption":"Komfort-Verschluss-Deckel Gewindegr\u00f6sse small - 5 St\u00fcck"},{"@type":"BreadcrumbList","@id":"https:\/\/poppersschweiz.com\/fr\/produit\/couvercle-a-fermeture-confort-taille-de-filetage-small-5-pieces\/#breadcrumb","itemListElement":[{"@type":"ListItem","position":1,"name":"Page d'accueil","item":"https:\/\/poppersschweiz.com\/fr\/"},{"@type":"ListItem","position":2,"name":"Poppers, accessoires pour poppers et plus encore","item":"https:\/\/poppersschweiz.com\/fr\/poppers-accessoires-pour-poppers-et-plus-encore\/"},{"@type":"ListItem","position":3,"name":"Couvercle \u00e0 fermeture confort Taille de filetage small &#8211; 5 pi\u00e8ces"}]},{"@type":"WebSite","@id":"https:\/\/poppersschweiz.com\/fr\/#website","url":"https:\/\/poppersschweiz.com\/fr\/","name":"poppersschweiz.com","description":"","potentialAction":[{"@type":"SearchAction","target":{"@type":"EntryPoint","urlTemplate":"https:\/\/poppersschweiz.com\/fr\/?s={search_term_string}"},"query-input":{"@type":"PropertyValueSpecification","valueRequired":true,"valueName":"search_term_string"}}],"inLanguage":"fr-FR"}]},"product_price_amount":"4.90","product_price_currency":"CHF","og_availability":"instock","product_availability":"instock","product_retailer_item_id":"MF-CAP5","product_condition":"new"},"_links":{"self":[{"href":"https:\/\/poppersschweiz.com\/fr\/wp-json\/wp\/v2\/product\/18753","targetHints":{"allow":["GET"]}}],"collection":[{"href":"https:\/\/poppersschweiz.com\/fr\/wp-json\/wp\/v2\/product"}],"about":[{"href":"https:\/\/poppersschweiz.com\/fr\/wp-json\/wp\/v2\/types\/product"}],"replies":[{"embeddable":true,"href":"https:\/\/poppersschweiz.com\/fr\/wp-json\/wp\/v2\/comments?post=18753"}],"wp:featuredmedia":[{"embeddable":true,"href":"https:\/\/poppersschweiz.com\/fr\/wp-json\/wp\/v2\/media\/18755"}],"wp:attachment":[{"href":"https:\/\/poppersschweiz.com\/fr\/wp-json\/wp\/v2\/media?parent=18753"}],"wp:term":[{"taxonomy":"product_brand","embeddable":true,"href":"https:\/\/poppersschweiz.com\/fr\/wp-json\/wp\/v2\/product_brand?post=18753"},{"taxonomy":"product_cat","embeddable":true,"href":"https:\/\/poppersschweiz.com\/fr\/wp-json\/wp\/v2\/product_cat?post=18753"},{"taxonomy":"product_tag","embeddable":true,"href":"https:\/\/poppersschweiz.com\/fr\/wp-json\/wp\/v2\/product_tag?post=18753"}],"curies":[{"name":"wp","href":"https:\/\/api.w.org\/{rel}","templated":true}]}}