{"id":18768,"date":"2024-04-25T12:59:24","date_gmt":"2024-04-25T10:59:24","guid":{"rendered":"https:\/\/poppersschweiz.com\/product\/hit-hold-release-livre-de-poche-a-gay-adult-poppers-quickie-edition-anglaise-vol-2\/"},"modified":"2024-04-25T12:59:24","modified_gmt":"2024-04-25T10:59:24","slug":"hit-hold-release-livre-de-poche-a-gay-adult-poppers-quickie-edition-anglaise-vol-2","status":"publish","type":"product","link":"https:\/\/poppersschweiz.com\/fr\/produit\/hit-hold-release-livre-de-poche-a-gay-adult-poppers-quickie-edition-anglaise-vol-2\/","title":{"rendered":"Hit Hold Release &#8211; Livre de poche &#8211; A Gay Adult Poppers Quickie &#8211; Edition anglaise Vol.2"},"content":{"rendered":"<p><strong>Hit Hold Release &#8211; Livre de poche &#8211; A Gay Adult Poppers Quickie &#8211; Edition anglaise Vol.2<\/strong><\/p>\n<p><span style=\"font-weight: 400;\">L<strong>&lsquo;\u00e9dition 2<\/strong> du premier livre porno gay au monde, \u00ab\u00a0Hit Hold Release\u00a0\u00bb, est arriv\u00e9e !<\/span><\/p>\n<p><span style=\"font-weight: 400;\"><strong>Tim Willems<\/strong> a entendu les appels de ses fans \u00e0 se r\u00e9approvisionner et a publi\u00e9 un livret pour le quickie Poppers de temps en temps.<\/span><\/p>\n<p><span style=\"font-weight: 400;\">Courtes, excitantes et dures, ces histoires gays sont de nouvelles exp\u00e9riences de Tim et de ses potes poppers de diff\u00e9rentes nationalit\u00e9s.<\/span><\/p>\n<p><span style=\"font-weight: 400;\">Hart est \u00e9galement &#8211; comme dans le premier livre &#8211; le point fort de cette \u00e9dition : l&rsquo;entra\u00eenement au poppers. Tim vous emm\u00e8ne \u00e0 nouveau en voyage, vous allez tirer, tenir et expirer des poppers selon ses instructions. Le porno le plus chaud se d\u00e9roule dans votre esprit : le porno que votre imagination et les images que Tim vous met dans la t\u00eate cr\u00e9ent ensemble. Vous pouvez vous abandonner enti\u00e8rement \u00e0 sa guidance lorsqu&rsquo;il vous dit les mots magiques.<\/span><\/p>\n<p><span style=\"font-weight: 400;\">Vous allez en profiter ! Maintenant, prenez votre poppers et allez-y !<\/span><span style=\"font-weight: 400;\"><br \/>\n<\/span><strong><br \/>\nHIT !<br \/>\nHOLD !<br \/>\nRELEASE !<\/strong><\/p>\n","protected":false},"excerpt":{"rendered":"<p>Hit Hold Release &#8211; Livre de poche &#8211; A Gay Adult Poppers Quickie &#8211; Edition anglaise Vol.2 L&lsquo;\u00e9dition 2 du<\/p>\n","protected":false},"featured_media":18749,"comment_status":"open","ping_status":"closed","template":"","meta":{"_acf_changed":false,"_glsr_average":0,"_glsr_ranking":0,"_glsr_reviews":0},"product_brand":[],"product_cat":[533,530],"product_tag":[],"class_list":{"0":"post-18768","1":"product","2":"type-product","3":"status-publish","4":"has-post-thumbnail","6":"product_cat-accessoires-poppers","7":"product_cat-poppers-suisse","9":"first","10":"instock","11":"taxable","12":"shipping-taxable","13":"purchasable","14":"product-type-simple"},"bundled_by":[],"bundle_stock_status":"instock","bundle_stock_quantity":null,"bundle_virtual":false,"bundle_layout":"","bundle_add_to_cart_form_location":"","bundle_editable_in_cart":false,"bundle_sold_individually_context":"","bundle_item_grouping":"","bundle_min_size":"","bundle_max_size":"","bundled_items":[],"bundle_sell_ids":[],"acf":[],"yoast_head":"<!-- This site is optimized with the Yoast SEO plugin v27.2 - https:\/\/yoast.com\/product\/yoast-seo-wordpress\/ -->\n<title>Hit Hold Release - Livre de poche - A Gay Adult Poppers Quickie - Edition anglaise Vol.2 \u25b7 hier g\u00fcnstig kaufen | poppersschweiz.com<\/title>\n<meta name=\"description\" content=\"Hit Hold Release - Livre de poche - A Gay Adult Poppers Quickie - Edition anglaise Vol.2 \u25b7 hier g\u00fcnstig online kaufen. Schneller Versand \u2713 Nur Original-Produkte \u2713 Jetzt kaufen &amp; Spa\u00df haben.\" \/>\n<meta name=\"robots\" content=\"index, follow, max-snippet:-1, max-image-preview:large, max-video-preview:-1\" \/>\n<link rel=\"canonical\" href=\"https:\/\/poppersschweiz.com\/fr\/produit\/hit-hold-release-livre-de-poche-a-gay-adult-poppers-quickie-edition-anglaise-vol-2\/\" \/>\n<meta property=\"og:locale\" content=\"fr_FR\" \/>\n<meta property=\"og:type\" content=\"article\" \/>\n<meta property=\"og:title\" content=\"Hit Hold Release - Livre de poche - A Gay Adult Poppers Quickie - Edition anglaise Vol.2 \u25b7 hier g\u00fcnstig kaufen | poppersschweiz.com\" \/>\n<meta property=\"og:description\" content=\"Hit Hold Release - Livre de poche - A Gay Adult Poppers Quickie - Edition anglaise Vol.2 \u25b7 hier g\u00fcnstig online kaufen. Schneller Versand \u2713 Nur Original-Produkte \u2713 Jetzt kaufen &amp; Spa\u00df haben.\" \/>\n<meta property=\"og:url\" content=\"https:\/\/poppersschweiz.com\/fr\/produit\/hit-hold-release-livre-de-poche-a-gay-adult-poppers-quickie-edition-anglaise-vol-2\/\" \/>\n<meta property=\"og:site_name\" content=\"poppersschweiz.com\" \/>\n<meta property=\"og:image\" content=\"https:\/\/poppersschweiz.com\/wp-content\/uploads\/2024\/04\/KlikKlak-2024-04-25T130102.462.png\" \/>\n\t<meta property=\"og:image:width\" content=\"600\" \/>\n\t<meta property=\"og:image:height\" content=\"600\" \/>\n\t<meta property=\"og:image:type\" content=\"image\/png\" \/>\n<meta name=\"twitter:card\" content=\"summary_large_image\" \/>\n<meta name=\"twitter:label1\" content=\"Prix\" \/>\n\t<meta name=\"twitter:data1\" content=\"&#067;&#072;&#070;&nbsp;7.90\" \/>\n\t<meta name=\"twitter:label2\" content=\"Disponibilit\u00e9\" \/>\n\t<meta name=\"twitter:data2\" content=\"En stock\" \/>\n<script type=\"application\/ld+json\" class=\"yoast-schema-graph\">{\"@context\":\"https:\/\/schema.org\",\"@graph\":[{\"@type\":\"WebPage\",\"@id\":\"https:\/\/poppersschweiz.com\/fr\/produit\/hit-hold-release-livre-de-poche-a-gay-adult-poppers-quickie-edition-anglaise-vol-2\/\",\"url\":\"https:\/\/poppersschweiz.com\/fr\/produit\/hit-hold-release-livre-de-poche-a-gay-adult-poppers-quickie-edition-anglaise-vol-2\/\",\"name\":\"Hit Hold Release - Livre de poche - A Gay Adult Poppers Quickie - Edition anglaise Vol.2 \u25b7 hier g\u00fcnstig kaufen | poppersschweiz.com\",\"isPartOf\":{\"@id\":\"https:\/\/poppersschweiz.com\/fr\/#website\"},\"primaryImageOfPage\":{\"@id\":\"https:\/\/poppersschweiz.com\/fr\/produit\/hit-hold-release-livre-de-poche-a-gay-adult-poppers-quickie-edition-anglaise-vol-2\/#primaryimage\"},\"image\":{\"@id\":\"https:\/\/poppersschweiz.com\/fr\/produit\/hit-hold-release-livre-de-poche-a-gay-adult-poppers-quickie-edition-anglaise-vol-2\/#primaryimage\"},\"thumbnailUrl\":\"https:\/\/poppersschweiz.com\/wp-content\/uploads\/2024\/04\/KlikKlak-2024-04-25T130102.462.png\",\"datePublished\":\"2024-04-25T10:59:24+00:00\",\"description\":\"Hit Hold Release - Livre de poche - A Gay Adult Poppers Quickie - Edition anglaise Vol.2 \u25b7 hier g\u00fcnstig online kaufen. Schneller Versand \u2713 Nur Original-Produkte \u2713 Jetzt kaufen & Spa\u00df haben.\",\"breadcrumb\":{\"@id\":\"https:\/\/poppersschweiz.com\/fr\/produit\/hit-hold-release-livre-de-poche-a-gay-adult-poppers-quickie-edition-anglaise-vol-2\/#breadcrumb\"},\"inLanguage\":\"fr-FR\",\"potentialAction\":[{\"@type\":\"ReadAction\",\"target\":[\"https:\/\/poppersschweiz.com\/fr\/produit\/hit-hold-release-livre-de-poche-a-gay-adult-poppers-quickie-edition-anglaise-vol-2\/\"]}]},{\"@type\":\"ImageObject\",\"inLanguage\":\"fr-FR\",\"@id\":\"https:\/\/poppersschweiz.com\/fr\/produit\/hit-hold-release-livre-de-poche-a-gay-adult-poppers-quickie-edition-anglaise-vol-2\/#primaryimage\",\"url\":\"https:\/\/poppersschweiz.com\/wp-content\/uploads\/2024\/04\/KlikKlak-2024-04-25T130102.462.png\",\"contentUrl\":\"https:\/\/poppersschweiz.com\/wp-content\/uploads\/2024\/04\/KlikKlak-2024-04-25T130102.462.png\",\"width\":600,\"height\":600,\"caption\":\"Hit Hold Release - Livre de poche - A Gay Adult Poppers Quickie - Edition anglaise Vol.2\"},{\"@type\":\"BreadcrumbList\",\"@id\":\"https:\/\/poppersschweiz.com\/fr\/produit\/hit-hold-release-livre-de-poche-a-gay-adult-poppers-quickie-edition-anglaise-vol-2\/#breadcrumb\",\"itemListElement\":[{\"@type\":\"ListItem\",\"position\":1,\"name\":\"Page d'accueil\",\"item\":\"https:\/\/poppersschweiz.com\/fr\/\"},{\"@type\":\"ListItem\",\"position\":2,\"name\":\"Poppers, accessoires pour poppers et plus encore\",\"item\":\"https:\/\/poppersschweiz.com\/fr\/poppers-accessoires-pour-poppers-et-plus-encore\/\"},{\"@type\":\"ListItem\",\"position\":3,\"name\":\"Hit Hold Release &#8211; Livre de poche &#8211; A Gay Adult Poppers Quickie &#8211; Edition anglaise Vol.2\"}]},{\"@type\":\"WebSite\",\"@id\":\"https:\/\/poppersschweiz.com\/fr\/#website\",\"url\":\"https:\/\/poppersschweiz.com\/fr\/\",\"name\":\"poppersschweiz.com\",\"description\":\"\",\"potentialAction\":[{\"@type\":\"SearchAction\",\"target\":{\"@type\":\"EntryPoint\",\"urlTemplate\":\"https:\/\/poppersschweiz.com\/fr\/?s={search_term_string}\"},\"query-input\":{\"@type\":\"PropertyValueSpecification\",\"valueRequired\":true,\"valueName\":\"search_term_string\"}}],\"inLanguage\":\"fr-FR\"}]}<\/script>\n<meta property=\"product:price:amount\" content=\"7.90\" \/>\n<meta property=\"product:price:currency\" content=\"CHF\" \/>\n<meta property=\"og:availability\" content=\"instock\" \/>\n<meta property=\"product:availability\" content=\"instock\" \/>\n<meta property=\"product:retailer_item_id\" content=\"HHR-2E\" \/>\n<meta property=\"product:condition\" content=\"new\" \/>\n<!-- \/ Yoast SEO plugin. -->","yoast_head_json":{"title":"Hit Hold Release - Livre de poche - A Gay Adult Poppers Quickie - Edition anglaise Vol.2 \u25b7 hier g\u00fcnstig kaufen | poppersschweiz.com","description":"Hit Hold Release - Livre de poche - A Gay Adult Poppers Quickie - Edition anglaise Vol.2 \u25b7 hier g\u00fcnstig online kaufen. Schneller Versand \u2713 Nur Original-Produkte \u2713 Jetzt kaufen & Spa\u00df haben.","robots":{"index":"index","follow":"follow","max-snippet":"max-snippet:-1","max-image-preview":"max-image-preview:large","max-video-preview":"max-video-preview:-1"},"canonical":"https:\/\/poppersschweiz.com\/fr\/produit\/hit-hold-release-livre-de-poche-a-gay-adult-poppers-quickie-edition-anglaise-vol-2\/","og_locale":"fr_FR","og_type":"article","og_title":"Hit Hold Release - Livre de poche - A Gay Adult Poppers Quickie - Edition anglaise Vol.2 \u25b7 hier g\u00fcnstig kaufen | poppersschweiz.com","og_description":"Hit Hold Release - Livre de poche - A Gay Adult Poppers Quickie - Edition anglaise Vol.2 \u25b7 hier g\u00fcnstig online kaufen. Schneller Versand \u2713 Nur Original-Produkte \u2713 Jetzt kaufen & Spa\u00df haben.","og_url":"https:\/\/poppersschweiz.com\/fr\/produit\/hit-hold-release-livre-de-poche-a-gay-adult-poppers-quickie-edition-anglaise-vol-2\/","og_site_name":"poppersschweiz.com","og_image":[{"width":600,"height":600,"url":"https:\/\/poppersschweiz.com\/wp-content\/uploads\/2024\/04\/KlikKlak-2024-04-25T130102.462.png","type":"image\/png"}],"twitter_card":"summary_large_image","twitter_misc":{"Prix":"&#67;&#72;&#70;&nbsp;7.90","Disponibilit\u00e9":"En stock"},"schema":{"@context":"https:\/\/schema.org","@graph":[{"@type":"WebPage","@id":"https:\/\/poppersschweiz.com\/fr\/produit\/hit-hold-release-livre-de-poche-a-gay-adult-poppers-quickie-edition-anglaise-vol-2\/","url":"https:\/\/poppersschweiz.com\/fr\/produit\/hit-hold-release-livre-de-poche-a-gay-adult-poppers-quickie-edition-anglaise-vol-2\/","name":"Hit Hold Release - Livre de poche - A Gay Adult Poppers Quickie - Edition anglaise Vol.2 \u25b7 hier g\u00fcnstig kaufen | poppersschweiz.com","isPartOf":{"@id":"https:\/\/poppersschweiz.com\/fr\/#website"},"primaryImageOfPage":{"@id":"https:\/\/poppersschweiz.com\/fr\/produit\/hit-hold-release-livre-de-poche-a-gay-adult-poppers-quickie-edition-anglaise-vol-2\/#primaryimage"},"image":{"@id":"https:\/\/poppersschweiz.com\/fr\/produit\/hit-hold-release-livre-de-poche-a-gay-adult-poppers-quickie-edition-anglaise-vol-2\/#primaryimage"},"thumbnailUrl":"https:\/\/poppersschweiz.com\/wp-content\/uploads\/2024\/04\/KlikKlak-2024-04-25T130102.462.png","datePublished":"2024-04-25T10:59:24+00:00","description":"Hit Hold Release - Livre de poche - A Gay Adult Poppers Quickie - Edition anglaise Vol.2 \u25b7 hier g\u00fcnstig online kaufen. Schneller Versand \u2713 Nur Original-Produkte \u2713 Jetzt kaufen & Spa\u00df haben.","breadcrumb":{"@id":"https:\/\/poppersschweiz.com\/fr\/produit\/hit-hold-release-livre-de-poche-a-gay-adult-poppers-quickie-edition-anglaise-vol-2\/#breadcrumb"},"inLanguage":"fr-FR","potentialAction":[{"@type":"ReadAction","target":["https:\/\/poppersschweiz.com\/fr\/produit\/hit-hold-release-livre-de-poche-a-gay-adult-poppers-quickie-edition-anglaise-vol-2\/"]}]},{"@type":"ImageObject","inLanguage":"fr-FR","@id":"https:\/\/poppersschweiz.com\/fr\/produit\/hit-hold-release-livre-de-poche-a-gay-adult-poppers-quickie-edition-anglaise-vol-2\/#primaryimage","url":"https:\/\/poppersschweiz.com\/wp-content\/uploads\/2024\/04\/KlikKlak-2024-04-25T130102.462.png","contentUrl":"https:\/\/poppersschweiz.com\/wp-content\/uploads\/2024\/04\/KlikKlak-2024-04-25T130102.462.png","width":600,"height":600,"caption":"Hit Hold Release - Livre de poche - A Gay Adult Poppers Quickie - Edition anglaise Vol.2"},{"@type":"BreadcrumbList","@id":"https:\/\/poppersschweiz.com\/fr\/produit\/hit-hold-release-livre-de-poche-a-gay-adult-poppers-quickie-edition-anglaise-vol-2\/#breadcrumb","itemListElement":[{"@type":"ListItem","position":1,"name":"Page d'accueil","item":"https:\/\/poppersschweiz.com\/fr\/"},{"@type":"ListItem","position":2,"name":"Poppers, accessoires pour poppers et plus encore","item":"https:\/\/poppersschweiz.com\/fr\/poppers-accessoires-pour-poppers-et-plus-encore\/"},{"@type":"ListItem","position":3,"name":"Hit Hold Release &#8211; Livre de poche &#8211; A Gay Adult Poppers Quickie &#8211; Edition anglaise Vol.2"}]},{"@type":"WebSite","@id":"https:\/\/poppersschweiz.com\/fr\/#website","url":"https:\/\/poppersschweiz.com\/fr\/","name":"poppersschweiz.com","description":"","potentialAction":[{"@type":"SearchAction","target":{"@type":"EntryPoint","urlTemplate":"https:\/\/poppersschweiz.com\/fr\/?s={search_term_string}"},"query-input":{"@type":"PropertyValueSpecification","valueRequired":true,"valueName":"search_term_string"}}],"inLanguage":"fr-FR"}]},"product_price_amount":"7.90","product_price_currency":"CHF","og_availability":"instock","product_availability":"instock","product_retailer_item_id":"HHR-2E","product_condition":"new"},"_links":{"self":[{"href":"https:\/\/poppersschweiz.com\/fr\/wp-json\/wp\/v2\/product\/18768","targetHints":{"allow":["GET"]}}],"collection":[{"href":"https:\/\/poppersschweiz.com\/fr\/wp-json\/wp\/v2\/product"}],"about":[{"href":"https:\/\/poppersschweiz.com\/fr\/wp-json\/wp\/v2\/types\/product"}],"replies":[{"embeddable":true,"href":"https:\/\/poppersschweiz.com\/fr\/wp-json\/wp\/v2\/comments?post=18768"}],"wp:featuredmedia":[{"embeddable":true,"href":"https:\/\/poppersschweiz.com\/fr\/wp-json\/wp\/v2\/media\/18749"}],"wp:attachment":[{"href":"https:\/\/poppersschweiz.com\/fr\/wp-json\/wp\/v2\/media?parent=18768"}],"wp:term":[{"taxonomy":"product_brand","embeddable":true,"href":"https:\/\/poppersschweiz.com\/fr\/wp-json\/wp\/v2\/product_brand?post=18768"},{"taxonomy":"product_cat","embeddable":true,"href":"https:\/\/poppersschweiz.com\/fr\/wp-json\/wp\/v2\/product_cat?post=18768"},{"taxonomy":"product_tag","embeddable":true,"href":"https:\/\/poppersschweiz.com\/fr\/wp-json\/wp\/v2\/product_tag?post=18768"}],"curies":[{"name":"wp","href":"https:\/\/api.w.org\/{rel}","templated":true}]}}