{"id":18834,"date":"2024-05-03T13:33:15","date_gmt":"2024-05-03T11:33:15","guid":{"rendered":"https:\/\/poppersschweiz.com\/product\/anal-fantasy-deluxe-vibro-balls\/"},"modified":"2024-05-03T13:33:15","modified_gmt":"2024-05-03T11:33:15","slug":"anal-fantasy-deluxe-vibro-balls","status":"publish","type":"product","link":"https:\/\/poppersschweiz.com\/fr\/produit\/anal-fantasy-deluxe-vibro-balls\/","title":{"rendered":"Anal Fantasy Deluxe Vibro Balls"},"content":{"rendered":"<p>Laissez tomber le tabou autour du sexe anal et d\u00e9couvrez un plaisir incroyable avec nos <strong>Anal Fantasy Deluxe Vibro Balls<\/strong>. Si vous n&rsquo;avez jamais essay\u00e9 les jeux anaux, ces Deluxe Vibro Balls sont parfaites pour explorer le monde \u00e9tonnant de la stimulation anale. Les Deluxe Vibro Balls ont un diam\u00e8tre de 3 cm et sont munies d&rsquo;une solide sangle de rappel, pour une manipulation s\u00fbre et facile. Les \u00e9l\u00e9gantes boules de poids vous procurent du plaisir de mani\u00e8re autonome et continuent de vibrer \u00e0 chaque mouvement de votre corps. M\u00eame le moindre fr\u00e9missement active des vibrations exquis\u00e9ment silencieuses qui ne n\u00e9cessitent jamais de piles ! Le nettoyage apr\u00e8s le plaisir est un jeu d&rsquo;enfant avec Refresh Toy Cleaner et de l&rsquo;eau chaude. Profitez des sensations excitantes de pression et de plaisir dans l&rsquo;anus en ins\u00e9rant une boule \u00e0 la fois, autant que vous vous sentez \u00e0 l&rsquo;aise auparavant, avant de tirer doucement sur la solide bande de rappel pour lib\u00e9rer chaque boule pour encore plus de stimulation. Essayez de tirer vos Deluxe Vibro Balls pendant l&rsquo;orgasme, pour le point culminant le plus explosif que vous ayez jamais imagin\u00e9 ! La cl\u00e9 du jeu anal est d&rsquo;y aller doucement ! Une tentative de p\u00e9n\u00e9tration anale avant d&rsquo;\u00eatre vraiment excit\u00e9 peut \u00eatre d\u00e9sagr\u00e9able, alors permettez-vous de vous d\u00e9tendre pour profiter de l&rsquo;exp\u00e9rience. Jouer avec les doigts est un excellent moyen de d\u00e9tendre l&rsquo;anus. L&rsquo;anus et le rectum n&rsquo;ont pas de syst\u00e8me de lubrification automatique comme le vagin, utilisez donc beaucoup de lubrifiant pour r\u00e9duire les frottements et augmenter le plaisir. Atteindre l&rsquo;orgasme par la stimulation anale est incroyablement excitant, gr\u00e2ce \u00e0 la forte concentration de terminaisons nerveuses dans cette zone, et notre collection Anal Fantasy comprend des jouets qui stimulent chacun de ces nerfs. Permettez-vous donc d&rsquo;entrer dans un nouveau monde de bonheur arri\u00e8re&#8230; les possibilit\u00e9s de plaisir sont infinies !<\/p>\n<p>&nbsp;<\/p>\n<p>Longueur totale : 44 cm &#8211; 17,44 pouces<\/p>\n<p>Diam\u00e8tre : 3 cm<\/p>\n<p>Longueur d&rsquo;insertion : 44 cm<\/p>\n<p>Mat\u00e9riau : ABS<\/p>\n","protected":false},"excerpt":{"rendered":"<p>Laissez tomber le tabou autour du sexe anal et d\u00e9couvrez un plaisir incroyable avec nos Anal Fantasy Deluxe Vibro Balls.<\/p>\n","protected":false},"featured_media":18836,"comment_status":"open","ping_status":"closed","template":"","meta":{"_acf_changed":false,"_glsr_average":0,"_glsr_ranking":0,"_glsr_reviews":0},"product_brand":[],"product_cat":[556,544],"product_tag":[],"class_list":{"0":"post-18834","1":"product","2":"type-product","3":"status-publish","4":"has-post-thumbnail","6":"product_cat-godemiches-anaux","7":"product_cat-jouets","9":"first","10":"instock","11":"taxable","12":"shipping-taxable","13":"purchasable","14":"product-type-simple"},"bundled_by":[],"bundle_stock_status":"instock","bundle_stock_quantity":null,"bundle_virtual":false,"bundle_layout":"","bundle_add_to_cart_form_location":"","bundle_editable_in_cart":false,"bundle_sold_individually_context":"","bundle_item_grouping":"","bundle_min_size":"","bundle_max_size":"","bundled_items":[],"bundle_sell_ids":[],"acf":[],"yoast_head":"<!-- This site is optimized with the Yoast SEO plugin v27.2 - https:\/\/yoast.com\/product\/yoast-seo-wordpress\/ -->\n<title>Anal Fantasy Deluxe Vibro Balls \u25b7 hier g\u00fcnstig kaufen | poppersschweiz.com<\/title>\n<meta name=\"description\" content=\"Anal Fantasy Deluxe Vibro Balls \u25b7 hier g\u00fcnstig online kaufen. Schneller Versand \u2713 Nur Original-Produkte \u2713 Jetzt kaufen &amp; Spa\u00df haben.\" \/>\n<meta name=\"robots\" content=\"index, follow, max-snippet:-1, max-image-preview:large, max-video-preview:-1\" \/>\n<link rel=\"canonical\" href=\"https:\/\/poppersschweiz.com\/fr\/produit\/anal-fantasy-deluxe-vibro-balls\/\" \/>\n<meta property=\"og:locale\" content=\"fr_FR\" \/>\n<meta property=\"og:type\" content=\"article\" \/>\n<meta property=\"og:title\" content=\"Anal Fantasy Deluxe Vibro Balls \u25b7 hier g\u00fcnstig kaufen | poppersschweiz.com\" \/>\n<meta property=\"og:description\" content=\"Anal Fantasy Deluxe Vibro Balls \u25b7 hier g\u00fcnstig online kaufen. Schneller Versand \u2713 Nur Original-Produkte \u2713 Jetzt kaufen &amp; Spa\u00df haben.\" \/>\n<meta property=\"og:url\" content=\"https:\/\/poppersschweiz.com\/fr\/produit\/anal-fantasy-deluxe-vibro-balls\/\" \/>\n<meta property=\"og:site_name\" content=\"poppersschweiz.com\" \/>\n<meta property=\"og:image\" content=\"https:\/\/poppersschweiz.com\/wp-content\/uploads\/2024\/05\/KlikKlak-2024-05-03T131754.899.png\" \/>\n\t<meta property=\"og:image:width\" content=\"600\" \/>\n\t<meta property=\"og:image:height\" content=\"600\" \/>\n\t<meta property=\"og:image:type\" content=\"image\/png\" \/>\n<meta name=\"twitter:card\" content=\"summary_large_image\" \/>\n<meta name=\"twitter:label1\" content=\"Prix\" \/>\n\t<meta name=\"twitter:data1\" content=\"&#067;&#072;&#070;&nbsp;18.50\" \/>\n\t<meta name=\"twitter:label2\" content=\"Disponibilit\u00e9\" \/>\n\t<meta name=\"twitter:data2\" content=\"En stock\" \/>\n<script type=\"application\/ld+json\" class=\"yoast-schema-graph\">{\"@context\":\"https:\/\/schema.org\",\"@graph\":[{\"@type\":\"WebPage\",\"@id\":\"https:\/\/poppersschweiz.com\/fr\/produit\/anal-fantasy-deluxe-vibro-balls\/\",\"url\":\"https:\/\/poppersschweiz.com\/fr\/produit\/anal-fantasy-deluxe-vibro-balls\/\",\"name\":\"Anal Fantasy Deluxe Vibro Balls \u25b7 hier g\u00fcnstig kaufen | poppersschweiz.com\",\"isPartOf\":{\"@id\":\"https:\/\/poppersschweiz.com\/fr\/#website\"},\"primaryImageOfPage\":{\"@id\":\"https:\/\/poppersschweiz.com\/fr\/produit\/anal-fantasy-deluxe-vibro-balls\/#primaryimage\"},\"image\":{\"@id\":\"https:\/\/poppersschweiz.com\/fr\/produit\/anal-fantasy-deluxe-vibro-balls\/#primaryimage\"},\"thumbnailUrl\":\"https:\/\/poppersschweiz.com\/wp-content\/uploads\/2024\/05\/KlikKlak-2024-05-03T131754.899.png\",\"datePublished\":\"2024-05-03T11:33:15+00:00\",\"description\":\"Anal Fantasy Deluxe Vibro Balls \u25b7 hier g\u00fcnstig online kaufen. Schneller Versand \u2713 Nur Original-Produkte \u2713 Jetzt kaufen & Spa\u00df haben.\",\"breadcrumb\":{\"@id\":\"https:\/\/poppersschweiz.com\/fr\/produit\/anal-fantasy-deluxe-vibro-balls\/#breadcrumb\"},\"inLanguage\":\"fr-FR\",\"potentialAction\":[{\"@type\":\"ReadAction\",\"target\":[\"https:\/\/poppersschweiz.com\/fr\/produit\/anal-fantasy-deluxe-vibro-balls\/\"]}]},{\"@type\":\"ImageObject\",\"inLanguage\":\"fr-FR\",\"@id\":\"https:\/\/poppersschweiz.com\/fr\/produit\/anal-fantasy-deluxe-vibro-balls\/#primaryimage\",\"url\":\"https:\/\/poppersschweiz.com\/wp-content\/uploads\/2024\/05\/KlikKlak-2024-05-03T131754.899.png\",\"contentUrl\":\"https:\/\/poppersschweiz.com\/wp-content\/uploads\/2024\/05\/KlikKlak-2024-05-03T131754.899.png\",\"width\":600,\"height\":600,\"caption\":\"Anal Fantasy Deluxe Vibro Balls\"},{\"@type\":\"BreadcrumbList\",\"@id\":\"https:\/\/poppersschweiz.com\/fr\/produit\/anal-fantasy-deluxe-vibro-balls\/#breadcrumb\",\"itemListElement\":[{\"@type\":\"ListItem\",\"position\":1,\"name\":\"Page d'accueil\",\"item\":\"https:\/\/poppersschweiz.com\/fr\/\"},{\"@type\":\"ListItem\",\"position\":2,\"name\":\"Poppers, accessoires pour poppers et plus encore\",\"item\":\"https:\/\/poppersschweiz.com\/fr\/poppers-accessoires-pour-poppers-et-plus-encore\/\"},{\"@type\":\"ListItem\",\"position\":3,\"name\":\"Anal Fantasy Deluxe Vibro Balls\"}]},{\"@type\":\"WebSite\",\"@id\":\"https:\/\/poppersschweiz.com\/fr\/#website\",\"url\":\"https:\/\/poppersschweiz.com\/fr\/\",\"name\":\"poppersschweiz.com\",\"description\":\"\",\"potentialAction\":[{\"@type\":\"SearchAction\",\"target\":{\"@type\":\"EntryPoint\",\"urlTemplate\":\"https:\/\/poppersschweiz.com\/fr\/?s={search_term_string}\"},\"query-input\":{\"@type\":\"PropertyValueSpecification\",\"valueRequired\":true,\"valueName\":\"search_term_string\"}}],\"inLanguage\":\"fr-FR\"}]}<\/script>\n<meta property=\"product:price:amount\" content=\"18.50\" \/>\n<meta property=\"product:price:currency\" content=\"CHF\" \/>\n<meta property=\"og:availability\" content=\"instock\" \/>\n<meta property=\"product:availability\" content=\"instock\" \/>\n<meta property=\"product:retailer_item_id\" content=\"T-PD-VB\" \/>\n<meta property=\"product:condition\" content=\"new\" \/>\n<!-- \/ Yoast SEO plugin. -->","yoast_head_json":{"title":"Anal Fantasy Deluxe Vibro Balls \u25b7 hier g\u00fcnstig kaufen | poppersschweiz.com","description":"Anal Fantasy Deluxe Vibro Balls \u25b7 hier g\u00fcnstig online kaufen. Schneller Versand \u2713 Nur Original-Produkte \u2713 Jetzt kaufen & Spa\u00df haben.","robots":{"index":"index","follow":"follow","max-snippet":"max-snippet:-1","max-image-preview":"max-image-preview:large","max-video-preview":"max-video-preview:-1"},"canonical":"https:\/\/poppersschweiz.com\/fr\/produit\/anal-fantasy-deluxe-vibro-balls\/","og_locale":"fr_FR","og_type":"article","og_title":"Anal Fantasy Deluxe Vibro Balls \u25b7 hier g\u00fcnstig kaufen | poppersschweiz.com","og_description":"Anal Fantasy Deluxe Vibro Balls \u25b7 hier g\u00fcnstig online kaufen. Schneller Versand \u2713 Nur Original-Produkte \u2713 Jetzt kaufen & Spa\u00df haben.","og_url":"https:\/\/poppersschweiz.com\/fr\/produit\/anal-fantasy-deluxe-vibro-balls\/","og_site_name":"poppersschweiz.com","og_image":[{"width":600,"height":600,"url":"https:\/\/poppersschweiz.com\/wp-content\/uploads\/2024\/05\/KlikKlak-2024-05-03T131754.899.png","type":"image\/png"}],"twitter_card":"summary_large_image","twitter_misc":{"Prix":"&#67;&#72;&#70;&nbsp;18.50","Disponibilit\u00e9":"En stock"},"schema":{"@context":"https:\/\/schema.org","@graph":[{"@type":"WebPage","@id":"https:\/\/poppersschweiz.com\/fr\/produit\/anal-fantasy-deluxe-vibro-balls\/","url":"https:\/\/poppersschweiz.com\/fr\/produit\/anal-fantasy-deluxe-vibro-balls\/","name":"Anal Fantasy Deluxe Vibro Balls \u25b7 hier g\u00fcnstig kaufen | poppersschweiz.com","isPartOf":{"@id":"https:\/\/poppersschweiz.com\/fr\/#website"},"primaryImageOfPage":{"@id":"https:\/\/poppersschweiz.com\/fr\/produit\/anal-fantasy-deluxe-vibro-balls\/#primaryimage"},"image":{"@id":"https:\/\/poppersschweiz.com\/fr\/produit\/anal-fantasy-deluxe-vibro-balls\/#primaryimage"},"thumbnailUrl":"https:\/\/poppersschweiz.com\/wp-content\/uploads\/2024\/05\/KlikKlak-2024-05-03T131754.899.png","datePublished":"2024-05-03T11:33:15+00:00","description":"Anal Fantasy Deluxe Vibro Balls \u25b7 hier g\u00fcnstig online kaufen. Schneller Versand \u2713 Nur Original-Produkte \u2713 Jetzt kaufen & Spa\u00df haben.","breadcrumb":{"@id":"https:\/\/poppersschweiz.com\/fr\/produit\/anal-fantasy-deluxe-vibro-balls\/#breadcrumb"},"inLanguage":"fr-FR","potentialAction":[{"@type":"ReadAction","target":["https:\/\/poppersschweiz.com\/fr\/produit\/anal-fantasy-deluxe-vibro-balls\/"]}]},{"@type":"ImageObject","inLanguage":"fr-FR","@id":"https:\/\/poppersschweiz.com\/fr\/produit\/anal-fantasy-deluxe-vibro-balls\/#primaryimage","url":"https:\/\/poppersschweiz.com\/wp-content\/uploads\/2024\/05\/KlikKlak-2024-05-03T131754.899.png","contentUrl":"https:\/\/poppersschweiz.com\/wp-content\/uploads\/2024\/05\/KlikKlak-2024-05-03T131754.899.png","width":600,"height":600,"caption":"Anal Fantasy Deluxe Vibro Balls"},{"@type":"BreadcrumbList","@id":"https:\/\/poppersschweiz.com\/fr\/produit\/anal-fantasy-deluxe-vibro-balls\/#breadcrumb","itemListElement":[{"@type":"ListItem","position":1,"name":"Page d'accueil","item":"https:\/\/poppersschweiz.com\/fr\/"},{"@type":"ListItem","position":2,"name":"Poppers, accessoires pour poppers et plus encore","item":"https:\/\/poppersschweiz.com\/fr\/poppers-accessoires-pour-poppers-et-plus-encore\/"},{"@type":"ListItem","position":3,"name":"Anal Fantasy Deluxe Vibro Balls"}]},{"@type":"WebSite","@id":"https:\/\/poppersschweiz.com\/fr\/#website","url":"https:\/\/poppersschweiz.com\/fr\/","name":"poppersschweiz.com","description":"","potentialAction":[{"@type":"SearchAction","target":{"@type":"EntryPoint","urlTemplate":"https:\/\/poppersschweiz.com\/fr\/?s={search_term_string}"},"query-input":{"@type":"PropertyValueSpecification","valueRequired":true,"valueName":"search_term_string"}}],"inLanguage":"fr-FR"}]},"product_price_amount":"18.50","product_price_currency":"CHF","og_availability":"instock","product_availability":"instock","product_retailer_item_id":"T-PD-VB","product_condition":"new"},"_links":{"self":[{"href":"https:\/\/poppersschweiz.com\/fr\/wp-json\/wp\/v2\/product\/18834","targetHints":{"allow":["GET"]}}],"collection":[{"href":"https:\/\/poppersschweiz.com\/fr\/wp-json\/wp\/v2\/product"}],"about":[{"href":"https:\/\/poppersschweiz.com\/fr\/wp-json\/wp\/v2\/types\/product"}],"replies":[{"embeddable":true,"href":"https:\/\/poppersschweiz.com\/fr\/wp-json\/wp\/v2\/comments?post=18834"}],"wp:featuredmedia":[{"embeddable":true,"href":"https:\/\/poppersschweiz.com\/fr\/wp-json\/wp\/v2\/media\/18836"}],"wp:attachment":[{"href":"https:\/\/poppersschweiz.com\/fr\/wp-json\/wp\/v2\/media?parent=18834"}],"wp:term":[{"taxonomy":"product_brand","embeddable":true,"href":"https:\/\/poppersschweiz.com\/fr\/wp-json\/wp\/v2\/product_brand?post=18834"},{"taxonomy":"product_cat","embeddable":true,"href":"https:\/\/poppersschweiz.com\/fr\/wp-json\/wp\/v2\/product_cat?post=18834"},{"taxonomy":"product_tag","embeddable":true,"href":"https:\/\/poppersschweiz.com\/fr\/wp-json\/wp\/v2\/product_tag?post=18834"}],"curies":[{"name":"wp","href":"https:\/\/api.w.org\/{rel}","templated":true}]}}