{"id":18845,"date":"2024-05-02T21:16:11","date_gmt":"2024-05-02T19:16:11","guid":{"rendered":"https:\/\/poppersschweiz.com\/product\/calexotics-admiral-2-cock-ring-set\/"},"modified":"2024-05-02T21:16:11","modified_gmt":"2024-05-02T19:16:11","slug":"calexotics-admiral-2-cock-ring-set","status":"publish","type":"product","link":"https:\/\/poppersschweiz.com\/fr\/produit\/calexotics-admiral-2-cock-ring-set\/","title":{"rendered":"CalExotics Admiral 2 Cock Ring Set"},"content":{"rendered":"<p>D\u00e9couvrez le <strong>CalExotics Admiral 2 Cock Ring Set<\/strong>, un duo d&rsquo;amplificateurs en silicone de premi\u00e8re qualit\u00e9, con\u00e7u pour am\u00e9liorer les performances et le plaisir. Dimensionn\u00e9s \u00e0 l&rsquo;entrejambe pour la polyvalence, ces anneaux extensibles et confortables assurent un ajustement fluide pour que vous puissiez vous concentrer sur le plaisir sans \u00eatre distrait. Utilis\u00e9s seuls ou ensemble, ils offrent un soutien suppl\u00e9mentaire pour une satisfaction plus forte et plus durable. Fabriqu\u00e9 en silicone respectueux du corps, l&rsquo;ensemble met l&rsquo;accent sur votre s\u00e9curit\u00e9 et votre confort et garantit une exp\u00e9rience sans souci. Explorer un plaisir et une performance accrus, que ce soit en augmentant l&rsquo;endurance ou en am\u00e9liorant les sensations. Donnez la priorit\u00e9 \u00e0 une sensibilit\u00e9 accrue et \u00e0 un plaisir durable avec cet ensemble d&rsquo;anneaux Admiral 2, polyvalent et efficace, qui r\u00e9pond \u00e0 vos d\u00e9sirs et valorise vos exp\u00e9riences intimes.<\/p>\n<p><strong>Information suppl\u00e9mentaire :<\/strong><\/p>\n<ul>\n<li>Jeu de 2 amplificateurs en silicone premium \u00e0 dimensionnement progressif<\/li>\n<li>Conception extensible, confortable, robuste et sans couture pour am\u00e9liorer les performances<\/li>\n<li>Peut \u00eatre utilis\u00e9 comme un seul anneau ou combin\u00e9 pour un renforcement suppl\u00e9mentaire<\/li>\n<li>Silicone respectueux du corps<\/li>\n<\/ul>\n<p><strong>Dimensions du produit :<\/strong><\/p>\n<ul>\n<li>4,5 cm (diam\u00e8tre &#8211; grand anneau) &amp; 5 cm (diam\u00e8tre &#8211; tr\u00e8s grand anneau)<\/li>\n<li>R\u00e9sistance \u00e0 l&rsquo;eau : \u00e9tanche<\/li>\n<li>Mat\u00e9riau : silicone<\/li>\n<\/ul>\n","protected":false},"excerpt":{"rendered":"<p>D\u00e9couvrez le CalExotics Admiral 2 Cock Ring Set, un duo d&rsquo;amplificateurs en silicone de premi\u00e8re qualit\u00e9, con\u00e7u pour am\u00e9liorer les<\/p>\n","protected":false},"featured_media":18849,"comment_status":"open","ping_status":"closed","template":"","meta":{"_acf_changed":false,"_glsr_average":0,"_glsr_ranking":0,"_glsr_reviews":0},"product_brand":[],"product_cat":[544,557],"product_tag":[],"class_list":{"0":"post-18845","1":"product","2":"type-product","3":"status-publish","4":"has-post-thumbnail","6":"product_cat-jouets","7":"product_cat-jouets-de-cock","9":"first","10":"instock","11":"taxable","12":"shipping-taxable","13":"purchasable","14":"product-type-simple"},"bundled_by":[],"bundle_stock_status":"instock","bundle_stock_quantity":null,"bundle_virtual":false,"bundle_layout":"","bundle_add_to_cart_form_location":"","bundle_editable_in_cart":false,"bundle_sold_individually_context":"","bundle_item_grouping":"","bundle_min_size":"","bundle_max_size":"","bundled_items":[],"bundle_sell_ids":[],"acf":[],"yoast_head":"<!-- This site is optimized with the Yoast SEO plugin v27.2 - https:\/\/yoast.com\/product\/yoast-seo-wordpress\/ -->\n<title>CalExotics Admiral 2 Cock Ring Set \u25b7 hier g\u00fcnstig kaufen | poppersschweiz.com<\/title>\n<meta name=\"description\" content=\"CalExotics Admiral 2 Cock Ring Set \u25b7 hier g\u00fcnstig online kaufen. Schneller Versand \u2713 Nur Original-Produkte \u2713 Jetzt kaufen &amp; Spa\u00df haben.\" \/>\n<meta name=\"robots\" content=\"index, follow, max-snippet:-1, max-image-preview:large, max-video-preview:-1\" \/>\n<link rel=\"canonical\" href=\"https:\/\/poppersschweiz.com\/fr\/produit\/calexotics-admiral-2-cock-ring-set\/\" \/>\n<meta property=\"og:locale\" content=\"fr_FR\" \/>\n<meta property=\"og:type\" content=\"article\" \/>\n<meta property=\"og:title\" content=\"CalExotics Admiral 2 Cock Ring Set \u25b7 hier g\u00fcnstig kaufen | poppersschweiz.com\" \/>\n<meta property=\"og:description\" content=\"CalExotics Admiral 2 Cock Ring Set \u25b7 hier g\u00fcnstig online kaufen. Schneller Versand \u2713 Nur Original-Produkte \u2713 Jetzt kaufen &amp; Spa\u00df haben.\" \/>\n<meta property=\"og:url\" content=\"https:\/\/poppersschweiz.com\/fr\/produit\/calexotics-admiral-2-cock-ring-set\/\" \/>\n<meta property=\"og:site_name\" content=\"poppersschweiz.com\" \/>\n<meta property=\"og:image\" content=\"https:\/\/poppersschweiz.com\/wp-content\/uploads\/2024\/05\/KlikKlak-2024-05-02T210200.796.png\" \/>\n\t<meta property=\"og:image:width\" content=\"600\" \/>\n\t<meta property=\"og:image:height\" content=\"600\" \/>\n\t<meta property=\"og:image:type\" content=\"image\/png\" \/>\n<meta name=\"twitter:card\" content=\"summary_large_image\" \/>\n<meta name=\"twitter:label1\" content=\"Prix\" \/>\n\t<meta name=\"twitter:data1\" content=\"&#067;&#072;&#070;&nbsp;13.50\" \/>\n\t<meta name=\"twitter:label2\" content=\"Disponibilit\u00e9\" \/>\n\t<meta name=\"twitter:data2\" content=\"En stock\" \/>\n<script type=\"application\/ld+json\" class=\"yoast-schema-graph\">{\"@context\":\"https:\/\/schema.org\",\"@graph\":[{\"@type\":\"WebPage\",\"@id\":\"https:\/\/poppersschweiz.com\/fr\/produit\/calexotics-admiral-2-cock-ring-set\/\",\"url\":\"https:\/\/poppersschweiz.com\/fr\/produit\/calexotics-admiral-2-cock-ring-set\/\",\"name\":\"CalExotics Admiral 2 Cock Ring Set \u25b7 hier g\u00fcnstig kaufen | poppersschweiz.com\",\"isPartOf\":{\"@id\":\"https:\/\/poppersschweiz.com\/fr\/#website\"},\"primaryImageOfPage\":{\"@id\":\"https:\/\/poppersschweiz.com\/fr\/produit\/calexotics-admiral-2-cock-ring-set\/#primaryimage\"},\"image\":{\"@id\":\"https:\/\/poppersschweiz.com\/fr\/produit\/calexotics-admiral-2-cock-ring-set\/#primaryimage\"},\"thumbnailUrl\":\"https:\/\/poppersschweiz.com\/wp-content\/uploads\/2024\/05\/KlikKlak-2024-05-02T210200.796.png\",\"datePublished\":\"2024-05-02T19:16:11+00:00\",\"description\":\"CalExotics Admiral 2 Cock Ring Set \u25b7 hier g\u00fcnstig online kaufen. Schneller Versand \u2713 Nur Original-Produkte \u2713 Jetzt kaufen & Spa\u00df haben.\",\"breadcrumb\":{\"@id\":\"https:\/\/poppersschweiz.com\/fr\/produit\/calexotics-admiral-2-cock-ring-set\/#breadcrumb\"},\"inLanguage\":\"fr-FR\",\"potentialAction\":[{\"@type\":\"ReadAction\",\"target\":[\"https:\/\/poppersschweiz.com\/fr\/produit\/calexotics-admiral-2-cock-ring-set\/\"]}]},{\"@type\":\"ImageObject\",\"inLanguage\":\"fr-FR\",\"@id\":\"https:\/\/poppersschweiz.com\/fr\/produit\/calexotics-admiral-2-cock-ring-set\/#primaryimage\",\"url\":\"https:\/\/poppersschweiz.com\/wp-content\/uploads\/2024\/05\/KlikKlak-2024-05-02T210200.796.png\",\"contentUrl\":\"https:\/\/poppersschweiz.com\/wp-content\/uploads\/2024\/05\/KlikKlak-2024-05-02T210200.796.png\",\"width\":600,\"height\":600,\"caption\":\"CalExotics Admiral 2 Cock Ring Set\"},{\"@type\":\"BreadcrumbList\",\"@id\":\"https:\/\/poppersschweiz.com\/fr\/produit\/calexotics-admiral-2-cock-ring-set\/#breadcrumb\",\"itemListElement\":[{\"@type\":\"ListItem\",\"position\":1,\"name\":\"Page d'accueil\",\"item\":\"https:\/\/poppersschweiz.com\/fr\/\"},{\"@type\":\"ListItem\",\"position\":2,\"name\":\"Poppers, accessoires pour poppers et plus encore\",\"item\":\"https:\/\/poppersschweiz.com\/fr\/poppers-accessoires-pour-poppers-et-plus-encore\/\"},{\"@type\":\"ListItem\",\"position\":3,\"name\":\"CalExotics Admiral 2 Cock Ring Set\"}]},{\"@type\":\"WebSite\",\"@id\":\"https:\/\/poppersschweiz.com\/fr\/#website\",\"url\":\"https:\/\/poppersschweiz.com\/fr\/\",\"name\":\"poppersschweiz.com\",\"description\":\"\",\"potentialAction\":[{\"@type\":\"SearchAction\",\"target\":{\"@type\":\"EntryPoint\",\"urlTemplate\":\"https:\/\/poppersschweiz.com\/fr\/?s={search_term_string}\"},\"query-input\":{\"@type\":\"PropertyValueSpecification\",\"valueRequired\":true,\"valueName\":\"search_term_string\"}}],\"inLanguage\":\"fr-FR\"}]}<\/script>\n<meta property=\"product:price:amount\" content=\"13.50\" \/>\n<meta property=\"product:price:currency\" content=\"CHF\" \/>\n<meta property=\"og:availability\" content=\"instock\" \/>\n<meta property=\"product:availability\" content=\"instock\" \/>\n<meta property=\"product:retailer_item_id\" content=\"T-C-ASET\" \/>\n<meta property=\"product:condition\" content=\"new\" \/>\n<!-- \/ Yoast SEO plugin. -->","yoast_head_json":{"title":"CalExotics Admiral 2 Cock Ring Set \u25b7 hier g\u00fcnstig kaufen | poppersschweiz.com","description":"CalExotics Admiral 2 Cock Ring Set \u25b7 hier g\u00fcnstig online kaufen. Schneller Versand \u2713 Nur Original-Produkte \u2713 Jetzt kaufen & Spa\u00df haben.","robots":{"index":"index","follow":"follow","max-snippet":"max-snippet:-1","max-image-preview":"max-image-preview:large","max-video-preview":"max-video-preview:-1"},"canonical":"https:\/\/poppersschweiz.com\/fr\/produit\/calexotics-admiral-2-cock-ring-set\/","og_locale":"fr_FR","og_type":"article","og_title":"CalExotics Admiral 2 Cock Ring Set \u25b7 hier g\u00fcnstig kaufen | poppersschweiz.com","og_description":"CalExotics Admiral 2 Cock Ring Set \u25b7 hier g\u00fcnstig online kaufen. Schneller Versand \u2713 Nur Original-Produkte \u2713 Jetzt kaufen & Spa\u00df haben.","og_url":"https:\/\/poppersschweiz.com\/fr\/produit\/calexotics-admiral-2-cock-ring-set\/","og_site_name":"poppersschweiz.com","og_image":[{"width":600,"height":600,"url":"https:\/\/poppersschweiz.com\/wp-content\/uploads\/2024\/05\/KlikKlak-2024-05-02T210200.796.png","type":"image\/png"}],"twitter_card":"summary_large_image","twitter_misc":{"Prix":"&#67;&#72;&#70;&nbsp;13.50","Disponibilit\u00e9":"En stock"},"schema":{"@context":"https:\/\/schema.org","@graph":[{"@type":"WebPage","@id":"https:\/\/poppersschweiz.com\/fr\/produit\/calexotics-admiral-2-cock-ring-set\/","url":"https:\/\/poppersschweiz.com\/fr\/produit\/calexotics-admiral-2-cock-ring-set\/","name":"CalExotics Admiral 2 Cock Ring Set \u25b7 hier g\u00fcnstig kaufen | poppersschweiz.com","isPartOf":{"@id":"https:\/\/poppersschweiz.com\/fr\/#website"},"primaryImageOfPage":{"@id":"https:\/\/poppersschweiz.com\/fr\/produit\/calexotics-admiral-2-cock-ring-set\/#primaryimage"},"image":{"@id":"https:\/\/poppersschweiz.com\/fr\/produit\/calexotics-admiral-2-cock-ring-set\/#primaryimage"},"thumbnailUrl":"https:\/\/poppersschweiz.com\/wp-content\/uploads\/2024\/05\/KlikKlak-2024-05-02T210200.796.png","datePublished":"2024-05-02T19:16:11+00:00","description":"CalExotics Admiral 2 Cock Ring Set \u25b7 hier g\u00fcnstig online kaufen. Schneller Versand \u2713 Nur Original-Produkte \u2713 Jetzt kaufen & Spa\u00df haben.","breadcrumb":{"@id":"https:\/\/poppersschweiz.com\/fr\/produit\/calexotics-admiral-2-cock-ring-set\/#breadcrumb"},"inLanguage":"fr-FR","potentialAction":[{"@type":"ReadAction","target":["https:\/\/poppersschweiz.com\/fr\/produit\/calexotics-admiral-2-cock-ring-set\/"]}]},{"@type":"ImageObject","inLanguage":"fr-FR","@id":"https:\/\/poppersschweiz.com\/fr\/produit\/calexotics-admiral-2-cock-ring-set\/#primaryimage","url":"https:\/\/poppersschweiz.com\/wp-content\/uploads\/2024\/05\/KlikKlak-2024-05-02T210200.796.png","contentUrl":"https:\/\/poppersschweiz.com\/wp-content\/uploads\/2024\/05\/KlikKlak-2024-05-02T210200.796.png","width":600,"height":600,"caption":"CalExotics Admiral 2 Cock Ring Set"},{"@type":"BreadcrumbList","@id":"https:\/\/poppersschweiz.com\/fr\/produit\/calexotics-admiral-2-cock-ring-set\/#breadcrumb","itemListElement":[{"@type":"ListItem","position":1,"name":"Page d'accueil","item":"https:\/\/poppersschweiz.com\/fr\/"},{"@type":"ListItem","position":2,"name":"Poppers, accessoires pour poppers et plus encore","item":"https:\/\/poppersschweiz.com\/fr\/poppers-accessoires-pour-poppers-et-plus-encore\/"},{"@type":"ListItem","position":3,"name":"CalExotics Admiral 2 Cock Ring Set"}]},{"@type":"WebSite","@id":"https:\/\/poppersschweiz.com\/fr\/#website","url":"https:\/\/poppersschweiz.com\/fr\/","name":"poppersschweiz.com","description":"","potentialAction":[{"@type":"SearchAction","target":{"@type":"EntryPoint","urlTemplate":"https:\/\/poppersschweiz.com\/fr\/?s={search_term_string}"},"query-input":{"@type":"PropertyValueSpecification","valueRequired":true,"valueName":"search_term_string"}}],"inLanguage":"fr-FR"}]},"product_price_amount":"13.50","product_price_currency":"CHF","og_availability":"instock","product_availability":"instock","product_retailer_item_id":"T-C-ASET","product_condition":"new"},"_links":{"self":[{"href":"https:\/\/poppersschweiz.com\/fr\/wp-json\/wp\/v2\/product\/18845","targetHints":{"allow":["GET"]}}],"collection":[{"href":"https:\/\/poppersschweiz.com\/fr\/wp-json\/wp\/v2\/product"}],"about":[{"href":"https:\/\/poppersschweiz.com\/fr\/wp-json\/wp\/v2\/types\/product"}],"replies":[{"embeddable":true,"href":"https:\/\/poppersschweiz.com\/fr\/wp-json\/wp\/v2\/comments?post=18845"}],"wp:featuredmedia":[{"embeddable":true,"href":"https:\/\/poppersschweiz.com\/fr\/wp-json\/wp\/v2\/media\/18849"}],"wp:attachment":[{"href":"https:\/\/poppersschweiz.com\/fr\/wp-json\/wp\/v2\/media?parent=18845"}],"wp:term":[{"taxonomy":"product_brand","embeddable":true,"href":"https:\/\/poppersschweiz.com\/fr\/wp-json\/wp\/v2\/product_brand?post=18845"},{"taxonomy":"product_cat","embeddable":true,"href":"https:\/\/poppersschweiz.com\/fr\/wp-json\/wp\/v2\/product_cat?post=18845"},{"taxonomy":"product_tag","embeddable":true,"href":"https:\/\/poppersschweiz.com\/fr\/wp-json\/wp\/v2\/product_tag?post=18845"}],"curies":[{"name":"wp","href":"https:\/\/api.w.org\/{rel}","templated":true}]}}