{"id":18887,"date":"2024-05-05T18:48:02","date_gmt":"2024-05-05T16:48:02","guid":{"rendered":"https:\/\/poppersschweiz.com\/product\/calexotics-colt-snug-tugger\/"},"modified":"2024-05-05T18:48:02","modified_gmt":"2024-05-05T16:48:02","slug":"calexotics-colt-snug-tugger","status":"publish","type":"product","link":"https:\/\/poppersschweiz.com\/fr\/produit\/calexotics-colt-snug-tugger\/","title":{"rendered":"CalExotics COLT Snug Tugger"},"content":{"rendered":"<p>S&rsquo;amuser, c&rsquo;est facile. Obtenez plus de plaisir et d&rsquo;excitation avec le <strong>CalExotics COLT Snug Tugger<\/strong>; c&rsquo;est un double anneau p\u00e9nien super extensible et confortable avec un support testiculaire int\u00e9gr\u00e9. Le Tugger offre une prise intense et excitante sur le p\u00e9nis et les testicules pour les garder longs et durs. Con\u00e7u pour s&rsquo;adapter sur le p\u00e9nis et les testicules, le Snug Tugger cr\u00e9e un ajustement serr\u00e9 pour une meilleure endurance et maximise l&rsquo;apparence et la performance \u00e0 chaque \u00e9rection. Contrairement aux autres bandes pour p\u00e9nis et testicules, le Snug Tugger est fabriqu\u00e9 en TPR lisse et extensible, sans phtalate, pour un confort et une s\u00e9curit\u00e9 maximum, tout en aidant \u00e0 maintenir le plaisir. Avec un soutien comme celui-ci, vous serez la star du spectacle, tout comme chaque homme COLT. Pr\u00e9parez-vous, soyez pr\u00eat \u00e0 d\u00e9coller et tenez bon jusqu&rsquo;\u00e0 ce que vous soyez pr\u00eat \u00e0 exploser ! Le COLT Snug Tugger a exactement ce qu&rsquo;il vous faut pour obtenir exactement ce que vous voulez. Une fois le feu d&rsquo;artifice termin\u00e9, prenez soin de votre Snug Tugger en le lavant \u00e0 l&rsquo;eau chaude et au savon ou en utilisant un nettoyant pour jouets de qualit\u00e9.<\/p>\n<div class=\"info-block--item\">\n<div>Longueur totale : 5 cm<\/div>\n<\/div>\n<div class=\"info-block--item\">\n<div>Diam\u00e8tre : 6.25 cm<\/div>\n<\/div>\n<div class=\"info-block--item\">\n<div>Mat\u00e9riau : caoutchouc thermoplastique<\/div>\n<\/div>\n","protected":false},"excerpt":{"rendered":"<p>S&rsquo;amuser, c&rsquo;est facile. Obtenez plus de plaisir et d&rsquo;excitation avec le CalExotics COLT Snug Tugger; c&rsquo;est un double anneau p\u00e9nien<\/p>\n","protected":false},"featured_media":18889,"comment_status":"open","ping_status":"closed","template":"","meta":{"_acf_changed":false,"_glsr_average":0,"_glsr_ranking":0,"_glsr_reviews":0},"product_brand":[],"product_cat":[544,557],"product_tag":[],"class_list":{"0":"post-18887","1":"product","2":"type-product","3":"status-publish","4":"has-post-thumbnail","6":"product_cat-jouets","7":"product_cat-jouets-de-cock","9":"first","10":"instock","11":"taxable","12":"shipping-taxable","13":"purchasable","14":"product-type-simple"},"bundled_by":[],"bundle_stock_status":"instock","bundle_stock_quantity":null,"bundle_virtual":false,"bundle_layout":"","bundle_add_to_cart_form_location":"","bundle_editable_in_cart":false,"bundle_sold_individually_context":"","bundle_item_grouping":"","bundle_min_size":"","bundle_max_size":"","bundled_items":[],"bundle_sell_ids":[],"acf":[],"yoast_head":"<!-- This site is optimized with the Yoast SEO plugin v27.2 - https:\/\/yoast.com\/product\/yoast-seo-wordpress\/ -->\n<title>CalExotics COLT Snug Tugger \u25b7 hier g\u00fcnstig kaufen | poppersschweiz.com<\/title>\n<meta name=\"description\" content=\"CalExotics COLT Snug Tugger \u25b7 hier g\u00fcnstig online kaufen. Schneller Versand \u2713 Nur Original-Produkte \u2713 Jetzt kaufen &amp; Spa\u00df haben.\" \/>\n<meta name=\"robots\" content=\"index, follow, max-snippet:-1, max-image-preview:large, max-video-preview:-1\" \/>\n<link rel=\"canonical\" href=\"https:\/\/poppersschweiz.com\/fr\/produit\/calexotics-colt-snug-tugger\/\" \/>\n<meta property=\"og:locale\" content=\"fr_FR\" \/>\n<meta property=\"og:type\" content=\"article\" \/>\n<meta property=\"og:title\" content=\"CalExotics COLT Snug Tugger \u25b7 hier g\u00fcnstig kaufen | poppersschweiz.com\" \/>\n<meta property=\"og:description\" content=\"CalExotics COLT Snug Tugger \u25b7 hier g\u00fcnstig online kaufen. Schneller Versand \u2713 Nur Original-Produkte \u2713 Jetzt kaufen &amp; Spa\u00df haben.\" \/>\n<meta property=\"og:url\" content=\"https:\/\/poppersschweiz.com\/fr\/produit\/calexotics-colt-snug-tugger\/\" \/>\n<meta property=\"og:site_name\" content=\"poppersschweiz.com\" \/>\n<meta property=\"og:image\" content=\"https:\/\/poppersschweiz.com\/wp-content\/uploads\/2024\/05\/KlikKlak-2024-05-05T183959.877.png\" \/>\n\t<meta property=\"og:image:width\" content=\"600\" \/>\n\t<meta property=\"og:image:height\" content=\"600\" \/>\n\t<meta property=\"og:image:type\" content=\"image\/png\" \/>\n<meta name=\"twitter:card\" content=\"summary_large_image\" \/>\n<meta name=\"twitter:label1\" content=\"Prix\" \/>\n\t<meta name=\"twitter:data1\" content=\"&#067;&#072;&#070;&nbsp;12.90\" \/>\n\t<meta name=\"twitter:label2\" content=\"Disponibilit\u00e9\" \/>\n\t<meta name=\"twitter:data2\" content=\"En stock\" \/>\n<script type=\"application\/ld+json\" class=\"yoast-schema-graph\">{\"@context\":\"https:\/\/schema.org\",\"@graph\":[{\"@type\":\"WebPage\",\"@id\":\"https:\/\/poppersschweiz.com\/fr\/produit\/calexotics-colt-snug-tugger\/\",\"url\":\"https:\/\/poppersschweiz.com\/fr\/produit\/calexotics-colt-snug-tugger\/\",\"name\":\"CalExotics COLT Snug Tugger \u25b7 hier g\u00fcnstig kaufen | poppersschweiz.com\",\"isPartOf\":{\"@id\":\"https:\/\/poppersschweiz.com\/fr\/#website\"},\"primaryImageOfPage\":{\"@id\":\"https:\/\/poppersschweiz.com\/fr\/produit\/calexotics-colt-snug-tugger\/#primaryimage\"},\"image\":{\"@id\":\"https:\/\/poppersschweiz.com\/fr\/produit\/calexotics-colt-snug-tugger\/#primaryimage\"},\"thumbnailUrl\":\"https:\/\/poppersschweiz.com\/wp-content\/uploads\/2024\/05\/KlikKlak-2024-05-05T183959.877.png\",\"datePublished\":\"2024-05-05T16:48:02+00:00\",\"description\":\"CalExotics COLT Snug Tugger \u25b7 hier g\u00fcnstig online kaufen. Schneller Versand \u2713 Nur Original-Produkte \u2713 Jetzt kaufen & Spa\u00df haben.\",\"breadcrumb\":{\"@id\":\"https:\/\/poppersschweiz.com\/fr\/produit\/calexotics-colt-snug-tugger\/#breadcrumb\"},\"inLanguage\":\"fr-FR\",\"potentialAction\":[{\"@type\":\"ReadAction\",\"target\":[\"https:\/\/poppersschweiz.com\/fr\/produit\/calexotics-colt-snug-tugger\/\"]}]},{\"@type\":\"ImageObject\",\"inLanguage\":\"fr-FR\",\"@id\":\"https:\/\/poppersschweiz.com\/fr\/produit\/calexotics-colt-snug-tugger\/#primaryimage\",\"url\":\"https:\/\/poppersschweiz.com\/wp-content\/uploads\/2024\/05\/KlikKlak-2024-05-05T183959.877.png\",\"contentUrl\":\"https:\/\/poppersschweiz.com\/wp-content\/uploads\/2024\/05\/KlikKlak-2024-05-05T183959.877.png\",\"width\":600,\"height\":600,\"caption\":\"CalExotics COLT Snug Tugger\"},{\"@type\":\"BreadcrumbList\",\"@id\":\"https:\/\/poppersschweiz.com\/fr\/produit\/calexotics-colt-snug-tugger\/#breadcrumb\",\"itemListElement\":[{\"@type\":\"ListItem\",\"position\":1,\"name\":\"Page d'accueil\",\"item\":\"https:\/\/poppersschweiz.com\/fr\/\"},{\"@type\":\"ListItem\",\"position\":2,\"name\":\"Poppers, accessoires pour poppers et plus encore\",\"item\":\"https:\/\/poppersschweiz.com\/fr\/poppers-accessoires-pour-poppers-et-plus-encore\/\"},{\"@type\":\"ListItem\",\"position\":3,\"name\":\"CalExotics COLT Snug Tugger\"}]},{\"@type\":\"WebSite\",\"@id\":\"https:\/\/poppersschweiz.com\/fr\/#website\",\"url\":\"https:\/\/poppersschweiz.com\/fr\/\",\"name\":\"poppersschweiz.com\",\"description\":\"\",\"potentialAction\":[{\"@type\":\"SearchAction\",\"target\":{\"@type\":\"EntryPoint\",\"urlTemplate\":\"https:\/\/poppersschweiz.com\/fr\/?s={search_term_string}\"},\"query-input\":{\"@type\":\"PropertyValueSpecification\",\"valueRequired\":true,\"valueName\":\"search_term_string\"}}],\"inLanguage\":\"fr-FR\"}]}<\/script>\n<meta property=\"product:price:amount\" content=\"12.90\" \/>\n<meta property=\"product:price:currency\" content=\"CHF\" \/>\n<meta property=\"og:availability\" content=\"instock\" \/>\n<meta property=\"product:availability\" content=\"instock\" \/>\n<meta property=\"product:retailer_item_id\" content=\"T-C-SNTR\" \/>\n<meta property=\"product:condition\" content=\"new\" \/>\n<!-- \/ Yoast SEO plugin. -->","yoast_head_json":{"title":"CalExotics COLT Snug Tugger \u25b7 hier g\u00fcnstig kaufen | poppersschweiz.com","description":"CalExotics COLT Snug Tugger \u25b7 hier g\u00fcnstig online kaufen. Schneller Versand \u2713 Nur Original-Produkte \u2713 Jetzt kaufen & Spa\u00df haben.","robots":{"index":"index","follow":"follow","max-snippet":"max-snippet:-1","max-image-preview":"max-image-preview:large","max-video-preview":"max-video-preview:-1"},"canonical":"https:\/\/poppersschweiz.com\/fr\/produit\/calexotics-colt-snug-tugger\/","og_locale":"fr_FR","og_type":"article","og_title":"CalExotics COLT Snug Tugger \u25b7 hier g\u00fcnstig kaufen | poppersschweiz.com","og_description":"CalExotics COLT Snug Tugger \u25b7 hier g\u00fcnstig online kaufen. Schneller Versand \u2713 Nur Original-Produkte \u2713 Jetzt kaufen & Spa\u00df haben.","og_url":"https:\/\/poppersschweiz.com\/fr\/produit\/calexotics-colt-snug-tugger\/","og_site_name":"poppersschweiz.com","og_image":[{"width":600,"height":600,"url":"https:\/\/poppersschweiz.com\/wp-content\/uploads\/2024\/05\/KlikKlak-2024-05-05T183959.877.png","type":"image\/png"}],"twitter_card":"summary_large_image","twitter_misc":{"Prix":"&#67;&#72;&#70;&nbsp;12.90","Disponibilit\u00e9":"En stock"},"schema":{"@context":"https:\/\/schema.org","@graph":[{"@type":"WebPage","@id":"https:\/\/poppersschweiz.com\/fr\/produit\/calexotics-colt-snug-tugger\/","url":"https:\/\/poppersschweiz.com\/fr\/produit\/calexotics-colt-snug-tugger\/","name":"CalExotics COLT Snug Tugger \u25b7 hier g\u00fcnstig kaufen | poppersschweiz.com","isPartOf":{"@id":"https:\/\/poppersschweiz.com\/fr\/#website"},"primaryImageOfPage":{"@id":"https:\/\/poppersschweiz.com\/fr\/produit\/calexotics-colt-snug-tugger\/#primaryimage"},"image":{"@id":"https:\/\/poppersschweiz.com\/fr\/produit\/calexotics-colt-snug-tugger\/#primaryimage"},"thumbnailUrl":"https:\/\/poppersschweiz.com\/wp-content\/uploads\/2024\/05\/KlikKlak-2024-05-05T183959.877.png","datePublished":"2024-05-05T16:48:02+00:00","description":"CalExotics COLT Snug Tugger \u25b7 hier g\u00fcnstig online kaufen. Schneller Versand \u2713 Nur Original-Produkte \u2713 Jetzt kaufen & Spa\u00df haben.","breadcrumb":{"@id":"https:\/\/poppersschweiz.com\/fr\/produit\/calexotics-colt-snug-tugger\/#breadcrumb"},"inLanguage":"fr-FR","potentialAction":[{"@type":"ReadAction","target":["https:\/\/poppersschweiz.com\/fr\/produit\/calexotics-colt-snug-tugger\/"]}]},{"@type":"ImageObject","inLanguage":"fr-FR","@id":"https:\/\/poppersschweiz.com\/fr\/produit\/calexotics-colt-snug-tugger\/#primaryimage","url":"https:\/\/poppersschweiz.com\/wp-content\/uploads\/2024\/05\/KlikKlak-2024-05-05T183959.877.png","contentUrl":"https:\/\/poppersschweiz.com\/wp-content\/uploads\/2024\/05\/KlikKlak-2024-05-05T183959.877.png","width":600,"height":600,"caption":"CalExotics COLT Snug Tugger"},{"@type":"BreadcrumbList","@id":"https:\/\/poppersschweiz.com\/fr\/produit\/calexotics-colt-snug-tugger\/#breadcrumb","itemListElement":[{"@type":"ListItem","position":1,"name":"Page d'accueil","item":"https:\/\/poppersschweiz.com\/fr\/"},{"@type":"ListItem","position":2,"name":"Poppers, accessoires pour poppers et plus encore","item":"https:\/\/poppersschweiz.com\/fr\/poppers-accessoires-pour-poppers-et-plus-encore\/"},{"@type":"ListItem","position":3,"name":"CalExotics COLT Snug Tugger"}]},{"@type":"WebSite","@id":"https:\/\/poppersschweiz.com\/fr\/#website","url":"https:\/\/poppersschweiz.com\/fr\/","name":"poppersschweiz.com","description":"","potentialAction":[{"@type":"SearchAction","target":{"@type":"EntryPoint","urlTemplate":"https:\/\/poppersschweiz.com\/fr\/?s={search_term_string}"},"query-input":{"@type":"PropertyValueSpecification","valueRequired":true,"valueName":"search_term_string"}}],"inLanguage":"fr-FR"}]},"product_price_amount":"12.90","product_price_currency":"CHF","og_availability":"instock","product_availability":"instock","product_retailer_item_id":"T-C-SNTR","product_condition":"new"},"_links":{"self":[{"href":"https:\/\/poppersschweiz.com\/fr\/wp-json\/wp\/v2\/product\/18887","targetHints":{"allow":["GET"]}}],"collection":[{"href":"https:\/\/poppersschweiz.com\/fr\/wp-json\/wp\/v2\/product"}],"about":[{"href":"https:\/\/poppersschweiz.com\/fr\/wp-json\/wp\/v2\/types\/product"}],"replies":[{"embeddable":true,"href":"https:\/\/poppersschweiz.com\/fr\/wp-json\/wp\/v2\/comments?post=18887"}],"wp:featuredmedia":[{"embeddable":true,"href":"https:\/\/poppersschweiz.com\/fr\/wp-json\/wp\/v2\/media\/18889"}],"wp:attachment":[{"href":"https:\/\/poppersschweiz.com\/fr\/wp-json\/wp\/v2\/media?parent=18887"}],"wp:term":[{"taxonomy":"product_brand","embeddable":true,"href":"https:\/\/poppersschweiz.com\/fr\/wp-json\/wp\/v2\/product_brand?post=18887"},{"taxonomy":"product_cat","embeddable":true,"href":"https:\/\/poppersschweiz.com\/fr\/wp-json\/wp\/v2\/product_cat?post=18887"},{"taxonomy":"product_tag","embeddable":true,"href":"https:\/\/poppersschweiz.com\/fr\/wp-json\/wp\/v2\/product_tag?post=18887"}],"curies":[{"name":"wp","href":"https:\/\/api.w.org\/{rel}","templated":true}]}}