{"id":18896,"date":"2024-05-05T16:57:22","date_gmt":"2024-05-05T14:57:22","guid":{"rendered":"https:\/\/poppersschweiz.com\/product\/s8-extreme-hybr-extreme-fist-lube-500ml\/"},"modified":"2024-05-05T16:57:22","modified_gmt":"2024-05-05T14:57:22","slug":"s8-extreme-hybr-extreme-fist-lube-500ml","status":"publish","type":"product","link":"https:\/\/poppersschweiz.com\/fr\/produit\/s8-extreme-hybr-extreme-fist-lube-500ml\/","title":{"rendered":"S8 Extreme Hybr Extreme Fist Lube 500ml"},"content":{"rendered":"<p><strong>S8 Extreme Hybr Extreme Fist Lube 500ml<\/strong> a \u00e9t\u00e9 soigneusement con\u00e7u pour fournir une relaxation, un retard et une d\u00e9sensibilisation gr\u00e2ce \u00e0 l&rsquo;inclusion de LAURETH-9. Cet ingr\u00e9dient unique assure une p\u00e9n\u00e9tration sans douleur pour que vous puissiez profiter pleinement de vos moments intimes. Ce gel lubrifiant hybride est compatible avec les pr\u00e9servatifs et offre une exp\u00e9rience s\u00fbre et prot\u00e9g\u00e9e. Sa texture soyeuse permet de glisser en douceur, sans coller ni \u00eatre collant, pour que vous puissiez vous immerger totalement dans le plaisir. Gr\u00e2ce \u00e0 sa formule ultra longue dur\u00e9e, S8 Extreme Fist suit le rythme de votre passion et de vos envies et vous \u00e9vite de devoir renouveler fr\u00e9quemment l&rsquo;application. Il est non toxique, sans go\u00fbt ni parfum et permet une exp\u00e9rience authentique et sensationnelle. <strong>S8 Extreme Fist<\/strong> est exempt d&rsquo;huile et de graisse, ce qui minimise la salet\u00e9 et les r\u00e9sidus. Pour l&rsquo;utiliser, il suffit d&rsquo;appliquer S8 Extreme Fist sur la zone souhait\u00e9e et de profiter de sensations et d&rsquo;un plaisir accrus. Si une irritation se produit, cessez imm\u00e9diatement l&rsquo;utilisation et consultez un m\u00e9decin.<\/p>\n<p><strong>Contenu<\/strong>: 500ml<\/p>\n<p><strong>Ingr\u00e9dients<\/strong>: AQUA, GLYCERIN, PROPYLENE GLYCOL, LAURETH-9, CYCLOMETHICONE, SODIUM ACRYLATE \/ ACRYLOYLDIMETHYL TAURATE, DIMETHICONOL, ISOHEXADECANE, POLSYSORBATE 80, HYDROXYETHYLCELLULOSE, PHENOXYETHANOL, ETHYLHEXYLGLYCERIN<\/p>\n","protected":false},"excerpt":{"rendered":"<p>S8 Extreme Hybr Extreme Fist Lube 500ml a \u00e9t\u00e9 soigneusement con\u00e7u pour fournir une relaxation, un retard et une d\u00e9sensibilisation<\/p>\n","protected":false},"featured_media":18897,"comment_status":"open","ping_status":"closed","template":"","meta":{"_acf_changed":false,"_glsr_average":0,"_glsr_ranking":0,"_glsr_reviews":0},"product_brand":[],"product_cat":[548,569],"product_tag":[],"class_list":{"0":"post-18896","1":"product","2":"type-product","3":"status-publish","4":"has-post-thumbnail","6":"product_cat-droguerie","7":"product_cat-lubrifiant","9":"first","10":"instock","11":"taxable","12":"shipping-taxable","13":"purchasable","14":"product-type-simple"},"bundled_by":[],"bundle_stock_status":"instock","bundle_stock_quantity":null,"bundle_virtual":false,"bundle_layout":"","bundle_add_to_cart_form_location":"","bundle_editable_in_cart":false,"bundle_sold_individually_context":"","bundle_item_grouping":"","bundle_min_size":"","bundle_max_size":"","bundled_items":[],"bundle_sell_ids":[],"acf":[],"yoast_head":"<!-- This site is optimized with the Yoast SEO plugin v27.2 - https:\/\/yoast.com\/product\/yoast-seo-wordpress\/ -->\n<title>S8 Extreme Hybr Extreme Fist Lube 500ml \u25b7 hier g\u00fcnstig kaufen | poppersschweiz.com<\/title>\n<meta name=\"description\" content=\"S8 Extreme Hybr Extreme Fist Lube 500ml \u25b7 hier g\u00fcnstig online kaufen. Schneller Versand \u2713 Nur Original-Produkte \u2713 Jetzt kaufen &amp; Spa\u00df haben.\" \/>\n<meta name=\"robots\" content=\"index, follow, max-snippet:-1, max-image-preview:large, max-video-preview:-1\" \/>\n<link rel=\"canonical\" href=\"https:\/\/poppersschweiz.com\/fr\/produit\/s8-extreme-hybr-extreme-fist-lube-500ml\/\" \/>\n<meta property=\"og:locale\" content=\"fr_FR\" \/>\n<meta property=\"og:type\" content=\"article\" \/>\n<meta property=\"og:title\" content=\"S8 Extreme Hybr Extreme Fist Lube 500ml \u25b7 hier g\u00fcnstig kaufen | poppersschweiz.com\" \/>\n<meta property=\"og:description\" content=\"S8 Extreme Hybr Extreme Fist Lube 500ml \u25b7 hier g\u00fcnstig online kaufen. Schneller Versand \u2713 Nur Original-Produkte \u2713 Jetzt kaufen &amp; Spa\u00df haben.\" \/>\n<meta property=\"og:url\" content=\"https:\/\/poppersschweiz.com\/fr\/produit\/s8-extreme-hybr-extreme-fist-lube-500ml\/\" \/>\n<meta property=\"og:site_name\" content=\"poppersschweiz.com\" \/>\n<meta property=\"og:image\" content=\"https:\/\/poppersschweiz.com\/wp-content\/uploads\/2024\/05\/KlikKlak-2024-05-05T165022.622.png\" \/>\n\t<meta property=\"og:image:width\" content=\"600\" \/>\n\t<meta property=\"og:image:height\" content=\"600\" \/>\n\t<meta property=\"og:image:type\" content=\"image\/png\" \/>\n<meta name=\"twitter:card\" content=\"summary_large_image\" \/>\n<meta name=\"twitter:label1\" content=\"Prix\" \/>\n\t<meta name=\"twitter:data1\" content=\"&#067;&#072;&#070;&nbsp;29.50\" \/>\n\t<meta name=\"twitter:label2\" content=\"Disponibilit\u00e9\" \/>\n\t<meta name=\"twitter:data2\" content=\"En stock\" \/>\n<script type=\"application\/ld+json\" class=\"yoast-schema-graph\">{\"@context\":\"https:\/\/schema.org\",\"@graph\":[{\"@type\":\"WebPage\",\"@id\":\"https:\/\/poppersschweiz.com\/fr\/produit\/s8-extreme-hybr-extreme-fist-lube-500ml\/\",\"url\":\"https:\/\/poppersschweiz.com\/fr\/produit\/s8-extreme-hybr-extreme-fist-lube-500ml\/\",\"name\":\"S8 Extreme Hybr Extreme Fist Lube 500ml \u25b7 hier g\u00fcnstig kaufen | poppersschweiz.com\",\"isPartOf\":{\"@id\":\"https:\/\/poppersschweiz.com\/fr\/#website\"},\"primaryImageOfPage\":{\"@id\":\"https:\/\/poppersschweiz.com\/fr\/produit\/s8-extreme-hybr-extreme-fist-lube-500ml\/#primaryimage\"},\"image\":{\"@id\":\"https:\/\/poppersschweiz.com\/fr\/produit\/s8-extreme-hybr-extreme-fist-lube-500ml\/#primaryimage\"},\"thumbnailUrl\":\"https:\/\/poppersschweiz.com\/wp-content\/uploads\/2024\/05\/KlikKlak-2024-05-05T165022.622.png\",\"datePublished\":\"2024-05-05T14:57:22+00:00\",\"description\":\"S8 Extreme Hybr Extreme Fist Lube 500ml \u25b7 hier g\u00fcnstig online kaufen. Schneller Versand \u2713 Nur Original-Produkte \u2713 Jetzt kaufen & Spa\u00df haben.\",\"breadcrumb\":{\"@id\":\"https:\/\/poppersschweiz.com\/fr\/produit\/s8-extreme-hybr-extreme-fist-lube-500ml\/#breadcrumb\"},\"inLanguage\":\"fr-FR\",\"potentialAction\":[{\"@type\":\"ReadAction\",\"target\":[\"https:\/\/poppersschweiz.com\/fr\/produit\/s8-extreme-hybr-extreme-fist-lube-500ml\/\"]}]},{\"@type\":\"ImageObject\",\"inLanguage\":\"fr-FR\",\"@id\":\"https:\/\/poppersschweiz.com\/fr\/produit\/s8-extreme-hybr-extreme-fist-lube-500ml\/#primaryimage\",\"url\":\"https:\/\/poppersschweiz.com\/wp-content\/uploads\/2024\/05\/KlikKlak-2024-05-05T165022.622.png\",\"contentUrl\":\"https:\/\/poppersschweiz.com\/wp-content\/uploads\/2024\/05\/KlikKlak-2024-05-05T165022.622.png\",\"width\":600,\"height\":600,\"caption\":\"S8 Extreme Hybr Extreme Fist Lube 500ml\"},{\"@type\":\"BreadcrumbList\",\"@id\":\"https:\/\/poppersschweiz.com\/fr\/produit\/s8-extreme-hybr-extreme-fist-lube-500ml\/#breadcrumb\",\"itemListElement\":[{\"@type\":\"ListItem\",\"position\":1,\"name\":\"Page d'accueil\",\"item\":\"https:\/\/poppersschweiz.com\/fr\/\"},{\"@type\":\"ListItem\",\"position\":2,\"name\":\"Poppers, accessoires pour poppers et plus encore\",\"item\":\"https:\/\/poppersschweiz.com\/fr\/poppers-accessoires-pour-poppers-et-plus-encore\/\"},{\"@type\":\"ListItem\",\"position\":3,\"name\":\"S8 Extreme Hybr Extreme Fist Lube 500ml\"}]},{\"@type\":\"WebSite\",\"@id\":\"https:\/\/poppersschweiz.com\/fr\/#website\",\"url\":\"https:\/\/poppersschweiz.com\/fr\/\",\"name\":\"poppersschweiz.com\",\"description\":\"\",\"potentialAction\":[{\"@type\":\"SearchAction\",\"target\":{\"@type\":\"EntryPoint\",\"urlTemplate\":\"https:\/\/poppersschweiz.com\/fr\/?s={search_term_string}\"},\"query-input\":{\"@type\":\"PropertyValueSpecification\",\"valueRequired\":true,\"valueName\":\"search_term_string\"}}],\"inLanguage\":\"fr-FR\"}]}<\/script>\n<meta property=\"product:price:amount\" content=\"29.50\" \/>\n<meta property=\"product:price:currency\" content=\"CHF\" \/>\n<meta property=\"og:availability\" content=\"instock\" \/>\n<meta property=\"product:availability\" content=\"instock\" \/>\n<meta property=\"product:retailer_item_id\" content=\"S8-FL500\" \/>\n<meta property=\"product:condition\" content=\"new\" \/>\n<!-- \/ Yoast SEO plugin. -->","yoast_head_json":{"title":"S8 Extreme Hybr Extreme Fist Lube 500ml \u25b7 hier g\u00fcnstig kaufen | poppersschweiz.com","description":"S8 Extreme Hybr Extreme Fist Lube 500ml \u25b7 hier g\u00fcnstig online kaufen. Schneller Versand \u2713 Nur Original-Produkte \u2713 Jetzt kaufen & Spa\u00df haben.","robots":{"index":"index","follow":"follow","max-snippet":"max-snippet:-1","max-image-preview":"max-image-preview:large","max-video-preview":"max-video-preview:-1"},"canonical":"https:\/\/poppersschweiz.com\/fr\/produit\/s8-extreme-hybr-extreme-fist-lube-500ml\/","og_locale":"fr_FR","og_type":"article","og_title":"S8 Extreme Hybr Extreme Fist Lube 500ml \u25b7 hier g\u00fcnstig kaufen | poppersschweiz.com","og_description":"S8 Extreme Hybr Extreme Fist Lube 500ml \u25b7 hier g\u00fcnstig online kaufen. Schneller Versand \u2713 Nur Original-Produkte \u2713 Jetzt kaufen & Spa\u00df haben.","og_url":"https:\/\/poppersschweiz.com\/fr\/produit\/s8-extreme-hybr-extreme-fist-lube-500ml\/","og_site_name":"poppersschweiz.com","og_image":[{"width":600,"height":600,"url":"https:\/\/poppersschweiz.com\/wp-content\/uploads\/2024\/05\/KlikKlak-2024-05-05T165022.622.png","type":"image\/png"}],"twitter_card":"summary_large_image","twitter_misc":{"Prix":"&#67;&#72;&#70;&nbsp;29.50","Disponibilit\u00e9":"En stock"},"schema":{"@context":"https:\/\/schema.org","@graph":[{"@type":"WebPage","@id":"https:\/\/poppersschweiz.com\/fr\/produit\/s8-extreme-hybr-extreme-fist-lube-500ml\/","url":"https:\/\/poppersschweiz.com\/fr\/produit\/s8-extreme-hybr-extreme-fist-lube-500ml\/","name":"S8 Extreme Hybr Extreme Fist Lube 500ml \u25b7 hier g\u00fcnstig kaufen | poppersschweiz.com","isPartOf":{"@id":"https:\/\/poppersschweiz.com\/fr\/#website"},"primaryImageOfPage":{"@id":"https:\/\/poppersschweiz.com\/fr\/produit\/s8-extreme-hybr-extreme-fist-lube-500ml\/#primaryimage"},"image":{"@id":"https:\/\/poppersschweiz.com\/fr\/produit\/s8-extreme-hybr-extreme-fist-lube-500ml\/#primaryimage"},"thumbnailUrl":"https:\/\/poppersschweiz.com\/wp-content\/uploads\/2024\/05\/KlikKlak-2024-05-05T165022.622.png","datePublished":"2024-05-05T14:57:22+00:00","description":"S8 Extreme Hybr Extreme Fist Lube 500ml \u25b7 hier g\u00fcnstig online kaufen. Schneller Versand \u2713 Nur Original-Produkte \u2713 Jetzt kaufen & Spa\u00df haben.","breadcrumb":{"@id":"https:\/\/poppersschweiz.com\/fr\/produit\/s8-extreme-hybr-extreme-fist-lube-500ml\/#breadcrumb"},"inLanguage":"fr-FR","potentialAction":[{"@type":"ReadAction","target":["https:\/\/poppersschweiz.com\/fr\/produit\/s8-extreme-hybr-extreme-fist-lube-500ml\/"]}]},{"@type":"ImageObject","inLanguage":"fr-FR","@id":"https:\/\/poppersschweiz.com\/fr\/produit\/s8-extreme-hybr-extreme-fist-lube-500ml\/#primaryimage","url":"https:\/\/poppersschweiz.com\/wp-content\/uploads\/2024\/05\/KlikKlak-2024-05-05T165022.622.png","contentUrl":"https:\/\/poppersschweiz.com\/wp-content\/uploads\/2024\/05\/KlikKlak-2024-05-05T165022.622.png","width":600,"height":600,"caption":"S8 Extreme Hybr Extreme Fist Lube 500ml"},{"@type":"BreadcrumbList","@id":"https:\/\/poppersschweiz.com\/fr\/produit\/s8-extreme-hybr-extreme-fist-lube-500ml\/#breadcrumb","itemListElement":[{"@type":"ListItem","position":1,"name":"Page d'accueil","item":"https:\/\/poppersschweiz.com\/fr\/"},{"@type":"ListItem","position":2,"name":"Poppers, accessoires pour poppers et plus encore","item":"https:\/\/poppersschweiz.com\/fr\/poppers-accessoires-pour-poppers-et-plus-encore\/"},{"@type":"ListItem","position":3,"name":"S8 Extreme Hybr Extreme Fist Lube 500ml"}]},{"@type":"WebSite","@id":"https:\/\/poppersschweiz.com\/fr\/#website","url":"https:\/\/poppersschweiz.com\/fr\/","name":"poppersschweiz.com","description":"","potentialAction":[{"@type":"SearchAction","target":{"@type":"EntryPoint","urlTemplate":"https:\/\/poppersschweiz.com\/fr\/?s={search_term_string}"},"query-input":{"@type":"PropertyValueSpecification","valueRequired":true,"valueName":"search_term_string"}}],"inLanguage":"fr-FR"}]},"product_price_amount":"29.50","product_price_currency":"CHF","og_availability":"instock","product_availability":"instock","product_retailer_item_id":"S8-FL500","product_condition":"new"},"_links":{"self":[{"href":"https:\/\/poppersschweiz.com\/fr\/wp-json\/wp\/v2\/product\/18896","targetHints":{"allow":["GET"]}}],"collection":[{"href":"https:\/\/poppersschweiz.com\/fr\/wp-json\/wp\/v2\/product"}],"about":[{"href":"https:\/\/poppersschweiz.com\/fr\/wp-json\/wp\/v2\/types\/product"}],"replies":[{"embeddable":true,"href":"https:\/\/poppersschweiz.com\/fr\/wp-json\/wp\/v2\/comments?post=18896"}],"wp:featuredmedia":[{"embeddable":true,"href":"https:\/\/poppersschweiz.com\/fr\/wp-json\/wp\/v2\/media\/18897"}],"wp:attachment":[{"href":"https:\/\/poppersschweiz.com\/fr\/wp-json\/wp\/v2\/media?parent=18896"}],"wp:term":[{"taxonomy":"product_brand","embeddable":true,"href":"https:\/\/poppersschweiz.com\/fr\/wp-json\/wp\/v2\/product_brand?post=18896"},{"taxonomy":"product_cat","embeddable":true,"href":"https:\/\/poppersschweiz.com\/fr\/wp-json\/wp\/v2\/product_cat?post=18896"},{"taxonomy":"product_tag","embeddable":true,"href":"https:\/\/poppersschweiz.com\/fr\/wp-json\/wp\/v2\/product_tag?post=18896"}],"curies":[{"name":"wp","href":"https:\/\/api.w.org\/{rel}","templated":true}]}}