{"id":18912,"date":"2024-02-05T15:50:52","date_gmt":"2024-02-05T14:50:52","guid":{"rendered":"https:\/\/poppersschweiz.com\/product\/xtrm-blubber-poppers-controller-rouge-avec-flacon-de-100ml\/"},"modified":"2025-09-29T15:36:32","modified_gmt":"2025-09-29T13:36:32","slug":"xtrm-blubber-poppers-controller-rouge-avec-flacon-de-100ml","status":"publish","type":"product","link":"https:\/\/poppersschweiz.com\/fr\/produit\/xtrm-blubber-poppers-controller-rouge-avec-flacon-de-100ml\/","title":{"rendered":"XTRM BLUBBER POPPERS CONTROLLER ROUGE avec flacon de 100ml"},"content":{"rendered":"<p><span style=\"font-weight: 400;\">Avec <strong>XTRM BLUBBER POPPERS CONTROLLER ROUGE avec bouteille de 100ml<\/strong>, tu peux contr\u00f4ler le flux d&rsquo;air avec un simple bouton rotatif pour toi ou ton slave ou subboy. Tu connectes le d\u00e9tendeur \u00e0 la bouteille en aluminium fournie et au tuyau de ton masque \u00e0 gaz ou directement au masque \u00e0 gaz. Avec le BLUBBER POPPERS CONTROLLER de XTRM, fais passer ton exp\u00e9rience Kinky \u00e0 un niveau sup\u00e9rieur.<\/span><\/p>\n<p><span style=\"font-weight: 400;\">Le r\u00e9gulateur s&rsquo;adapte \u00e0 tous les masques \u00e0 gaz et tuyaux standard avec filetage DIN EN-148-1 (GP5). Ce produit est r\u00e9serv\u00e9 aux utilisateurs exp\u00e9riment\u00e9s de poppers et ne doit pas \u00eatre utilis\u00e9 en position allong\u00e9e.<\/span><\/p>\n<p><strong>Contenu de la livraison :<\/strong><\/p>\n<ul>\n<li style=\"font-weight: 400;\"><span style=\"font-weight: 400;\">Flacon en aluminium incassable 100 ml<\/span><\/li>\n<li style=\"font-weight: 400;\"><span style=\"font-weight: 400;\">R\u00e9gulateur en rouge, hauteur 55 mm<\/span><\/li>\n<li style=\"font-weight: 400;\"><span style=\"font-weight: 400;\">Couvercle de fermeture de la bouteille en aluminium pour le stockage<\/span><\/li>\n<li style=\"font-weight: 400;\"><span style=\"font-weight: 400;\">Sacs de rangement XTRM<\/span><\/li>\n<\/ul>\n","protected":false},"excerpt":{"rendered":"<p>Avec XTRM BLUBBER POPPERS CONTROLLER ROUGE avec bouteille de 100ml, tu peux contr\u00f4ler le flux d&rsquo;air avec un simple bouton<\/p>\n","protected":false},"featured_media":18913,"comment_status":"open","ping_status":"closed","template":"","meta":{"_acf_changed":false,"_glsr_average":0,"_glsr_ranking":0,"_glsr_reviews":0},"product_brand":[],"product_cat":[533,530],"product_tag":[],"class_list":{"0":"post-18912","1":"product","2":"type-product","3":"status-publish","4":"has-post-thumbnail","6":"product_cat-accessoires-poppers","7":"product_cat-poppers-suisse","9":"first","10":"instock","11":"taxable","12":"shipping-taxable","13":"purchasable","14":"product-type-simple"},"bundled_by":[],"bundle_stock_status":"instock","bundle_stock_quantity":null,"bundle_virtual":false,"bundle_layout":"","bundle_add_to_cart_form_location":"","bundle_editable_in_cart":false,"bundle_sold_individually_context":"","bundle_item_grouping":"","bundle_min_size":"","bundle_max_size":"","bundled_items":[],"bundle_sell_ids":[],"acf":[],"yoast_head":"<!-- This site is optimized with the Yoast SEO plugin v27.2 - https:\/\/yoast.com\/product\/yoast-seo-wordpress\/ -->\n<title>XTRM BLUBBER POPPERS CONTROLLER ROUGE avec flacon de 100ml \u25b7 hier g\u00fcnstig kaufen | poppersschweiz.com<\/title>\n<meta name=\"description\" content=\"XTRM BLUBBER POPPERS CONTROLLER ROUGE avec flacon de 100ml \u25b7 hier g\u00fcnstig online kaufen. Schneller Versand \u2713 Nur Original-Produkte \u2713 Jetzt kaufen &amp; Spa\u00df haben.\" \/>\n<meta name=\"robots\" content=\"index, follow, max-snippet:-1, max-image-preview:large, max-video-preview:-1\" \/>\n<link rel=\"canonical\" href=\"https:\/\/poppersschweiz.com\/fr\/produit\/xtrm-blubber-poppers-controller-rouge-avec-flacon-de-100ml\/\" \/>\n<meta property=\"og:locale\" content=\"fr_FR\" \/>\n<meta property=\"og:type\" content=\"article\" \/>\n<meta property=\"og:title\" content=\"XTRM BLUBBER POPPERS CONTROLLER ROUGE avec flacon de 100ml \u25b7 hier g\u00fcnstig kaufen | poppersschweiz.com\" \/>\n<meta property=\"og:description\" content=\"XTRM BLUBBER POPPERS CONTROLLER ROUGE avec flacon de 100ml \u25b7 hier g\u00fcnstig online kaufen. Schneller Versand \u2713 Nur Original-Produkte \u2713 Jetzt kaufen &amp; Spa\u00df haben.\" \/>\n<meta property=\"og:url\" content=\"https:\/\/poppersschweiz.com\/fr\/produit\/xtrm-blubber-poppers-controller-rouge-avec-flacon-de-100ml\/\" \/>\n<meta property=\"og:site_name\" content=\"poppersschweiz.com\" \/>\n<meta property=\"article:modified_time\" content=\"2025-09-29T13:36:32+00:00\" \/>\n<meta property=\"og:image\" content=\"https:\/\/poppersschweiz.com\/wp-content\/uploads\/2024\/02\/KlikKlak-2024-02-05T152905.830.png\" \/>\n\t<meta property=\"og:image:width\" content=\"600\" \/>\n\t<meta property=\"og:image:height\" content=\"600\" \/>\n\t<meta property=\"og:image:type\" content=\"image\/png\" \/>\n<meta name=\"twitter:card\" content=\"summary_large_image\" \/>\n<meta name=\"twitter:label1\" content=\"Prix\" \/>\n\t<meta name=\"twitter:data1\" content=\"&#067;&#072;&#070;&nbsp;49.00\" \/>\n\t<meta name=\"twitter:label2\" content=\"Disponibilit\u00e9\" \/>\n\t<meta name=\"twitter:data2\" content=\"En stock\" \/>\n<script type=\"application\/ld+json\" class=\"yoast-schema-graph\">{\"@context\":\"https:\/\/schema.org\",\"@graph\":[{\"@type\":\"WebPage\",\"@id\":\"https:\/\/poppersschweiz.com\/fr\/produit\/xtrm-blubber-poppers-controller-rouge-avec-flacon-de-100ml\/\",\"url\":\"https:\/\/poppersschweiz.com\/fr\/produit\/xtrm-blubber-poppers-controller-rouge-avec-flacon-de-100ml\/\",\"name\":\"XTRM BLUBBER POPPERS CONTROLLER ROUGE avec flacon de 100ml \u25b7 hier g\u00fcnstig kaufen | poppersschweiz.com\",\"isPartOf\":{\"@id\":\"https:\/\/poppersschweiz.com\/fr\/#website\"},\"primaryImageOfPage\":{\"@id\":\"https:\/\/poppersschweiz.com\/fr\/produit\/xtrm-blubber-poppers-controller-rouge-avec-flacon-de-100ml\/#primaryimage\"},\"image\":{\"@id\":\"https:\/\/poppersschweiz.com\/fr\/produit\/xtrm-blubber-poppers-controller-rouge-avec-flacon-de-100ml\/#primaryimage\"},\"thumbnailUrl\":\"https:\/\/poppersschweiz.com\/wp-content\/uploads\/2024\/02\/KlikKlak-2024-02-05T152905.830.png\",\"datePublished\":\"2024-02-05T14:50:52+00:00\",\"dateModified\":\"2025-09-29T13:36:32+00:00\",\"description\":\"XTRM BLUBBER POPPERS CONTROLLER ROUGE avec flacon de 100ml \u25b7 hier g\u00fcnstig online kaufen. Schneller Versand \u2713 Nur Original-Produkte \u2713 Jetzt kaufen & Spa\u00df haben.\",\"breadcrumb\":{\"@id\":\"https:\/\/poppersschweiz.com\/fr\/produit\/xtrm-blubber-poppers-controller-rouge-avec-flacon-de-100ml\/#breadcrumb\"},\"inLanguage\":\"fr-FR\",\"potentialAction\":[{\"@type\":\"ReadAction\",\"target\":[\"https:\/\/poppersschweiz.com\/fr\/produit\/xtrm-blubber-poppers-controller-rouge-avec-flacon-de-100ml\/\"]}]},{\"@type\":\"ImageObject\",\"inLanguage\":\"fr-FR\",\"@id\":\"https:\/\/poppersschweiz.com\/fr\/produit\/xtrm-blubber-poppers-controller-rouge-avec-flacon-de-100ml\/#primaryimage\",\"url\":\"https:\/\/poppersschweiz.com\/wp-content\/uploads\/2024\/02\/KlikKlak-2024-02-05T152905.830.png\",\"contentUrl\":\"https:\/\/poppersschweiz.com\/wp-content\/uploads\/2024\/02\/KlikKlak-2024-02-05T152905.830.png\",\"width\":600,\"height\":600,\"caption\":\"XTRM BLUBBER POPPERS CONTROLLER ROT mit 100ml Flasche\"},{\"@type\":\"BreadcrumbList\",\"@id\":\"https:\/\/poppersschweiz.com\/fr\/produit\/xtrm-blubber-poppers-controller-rouge-avec-flacon-de-100ml\/#breadcrumb\",\"itemListElement\":[{\"@type\":\"ListItem\",\"position\":1,\"name\":\"Page d'accueil\",\"item\":\"https:\/\/poppersschweiz.com\/fr\/\"},{\"@type\":\"ListItem\",\"position\":2,\"name\":\"Poppers, accessoires pour poppers et plus encore\",\"item\":\"https:\/\/poppersschweiz.com\/fr\/poppers-accessoires-pour-poppers-et-plus-encore\/\"},{\"@type\":\"ListItem\",\"position\":3,\"name\":\"XTRM BLUBBER POPPERS CONTROLLER ROUGE avec flacon de 100ml\"}]},{\"@type\":\"WebSite\",\"@id\":\"https:\/\/poppersschweiz.com\/fr\/#website\",\"url\":\"https:\/\/poppersschweiz.com\/fr\/\",\"name\":\"poppersschweiz.com\",\"description\":\"\",\"potentialAction\":[{\"@type\":\"SearchAction\",\"target\":{\"@type\":\"EntryPoint\",\"urlTemplate\":\"https:\/\/poppersschweiz.com\/fr\/?s={search_term_string}\"},\"query-input\":{\"@type\":\"PropertyValueSpecification\",\"valueRequired\":true,\"valueName\":\"search_term_string\"}}],\"inLanguage\":\"fr-FR\"}]}<\/script>\n<meta property=\"product:price:amount\" content=\"49.00\" \/>\n<meta property=\"product:price:currency\" content=\"CHF\" \/>\n<meta property=\"og:availability\" content=\"instock\" \/>\n<meta property=\"product:availability\" content=\"instock\" \/>\n<meta property=\"product:retailer_item_id\" content=\"XTRM-BLUBBER\" \/>\n<meta property=\"product:condition\" content=\"new\" \/>\n<!-- \/ Yoast SEO plugin. -->","yoast_head_json":{"title":"XTRM BLUBBER POPPERS CONTROLLER ROUGE avec flacon de 100ml \u25b7 hier g\u00fcnstig kaufen | poppersschweiz.com","description":"XTRM BLUBBER POPPERS CONTROLLER ROUGE avec flacon de 100ml \u25b7 hier g\u00fcnstig online kaufen. Schneller Versand \u2713 Nur Original-Produkte \u2713 Jetzt kaufen & Spa\u00df haben.","robots":{"index":"index","follow":"follow","max-snippet":"max-snippet:-1","max-image-preview":"max-image-preview:large","max-video-preview":"max-video-preview:-1"},"canonical":"https:\/\/poppersschweiz.com\/fr\/produit\/xtrm-blubber-poppers-controller-rouge-avec-flacon-de-100ml\/","og_locale":"fr_FR","og_type":"article","og_title":"XTRM BLUBBER POPPERS CONTROLLER ROUGE avec flacon de 100ml \u25b7 hier g\u00fcnstig kaufen | poppersschweiz.com","og_description":"XTRM BLUBBER POPPERS CONTROLLER ROUGE avec flacon de 100ml \u25b7 hier g\u00fcnstig online kaufen. Schneller Versand \u2713 Nur Original-Produkte \u2713 Jetzt kaufen & Spa\u00df haben.","og_url":"https:\/\/poppersschweiz.com\/fr\/produit\/xtrm-blubber-poppers-controller-rouge-avec-flacon-de-100ml\/","og_site_name":"poppersschweiz.com","article_modified_time":"2025-09-29T13:36:32+00:00","og_image":[{"width":600,"height":600,"url":"https:\/\/poppersschweiz.com\/wp-content\/uploads\/2024\/02\/KlikKlak-2024-02-05T152905.830.png","type":"image\/png"}],"twitter_card":"summary_large_image","twitter_misc":{"Prix":"&#67;&#72;&#70;&nbsp;49.00","Disponibilit\u00e9":"En stock"},"schema":{"@context":"https:\/\/schema.org","@graph":[{"@type":"WebPage","@id":"https:\/\/poppersschweiz.com\/fr\/produit\/xtrm-blubber-poppers-controller-rouge-avec-flacon-de-100ml\/","url":"https:\/\/poppersschweiz.com\/fr\/produit\/xtrm-blubber-poppers-controller-rouge-avec-flacon-de-100ml\/","name":"XTRM BLUBBER POPPERS CONTROLLER ROUGE avec flacon de 100ml \u25b7 hier g\u00fcnstig kaufen | poppersschweiz.com","isPartOf":{"@id":"https:\/\/poppersschweiz.com\/fr\/#website"},"primaryImageOfPage":{"@id":"https:\/\/poppersschweiz.com\/fr\/produit\/xtrm-blubber-poppers-controller-rouge-avec-flacon-de-100ml\/#primaryimage"},"image":{"@id":"https:\/\/poppersschweiz.com\/fr\/produit\/xtrm-blubber-poppers-controller-rouge-avec-flacon-de-100ml\/#primaryimage"},"thumbnailUrl":"https:\/\/poppersschweiz.com\/wp-content\/uploads\/2024\/02\/KlikKlak-2024-02-05T152905.830.png","datePublished":"2024-02-05T14:50:52+00:00","dateModified":"2025-09-29T13:36:32+00:00","description":"XTRM BLUBBER POPPERS CONTROLLER ROUGE avec flacon de 100ml \u25b7 hier g\u00fcnstig online kaufen. Schneller Versand \u2713 Nur Original-Produkte \u2713 Jetzt kaufen & Spa\u00df haben.","breadcrumb":{"@id":"https:\/\/poppersschweiz.com\/fr\/produit\/xtrm-blubber-poppers-controller-rouge-avec-flacon-de-100ml\/#breadcrumb"},"inLanguage":"fr-FR","potentialAction":[{"@type":"ReadAction","target":["https:\/\/poppersschweiz.com\/fr\/produit\/xtrm-blubber-poppers-controller-rouge-avec-flacon-de-100ml\/"]}]},{"@type":"ImageObject","inLanguage":"fr-FR","@id":"https:\/\/poppersschweiz.com\/fr\/produit\/xtrm-blubber-poppers-controller-rouge-avec-flacon-de-100ml\/#primaryimage","url":"https:\/\/poppersschweiz.com\/wp-content\/uploads\/2024\/02\/KlikKlak-2024-02-05T152905.830.png","contentUrl":"https:\/\/poppersschweiz.com\/wp-content\/uploads\/2024\/02\/KlikKlak-2024-02-05T152905.830.png","width":600,"height":600,"caption":"XTRM BLUBBER POPPERS CONTROLLER ROT mit 100ml Flasche"},{"@type":"BreadcrumbList","@id":"https:\/\/poppersschweiz.com\/fr\/produit\/xtrm-blubber-poppers-controller-rouge-avec-flacon-de-100ml\/#breadcrumb","itemListElement":[{"@type":"ListItem","position":1,"name":"Page d'accueil","item":"https:\/\/poppersschweiz.com\/fr\/"},{"@type":"ListItem","position":2,"name":"Poppers, accessoires pour poppers et plus encore","item":"https:\/\/poppersschweiz.com\/fr\/poppers-accessoires-pour-poppers-et-plus-encore\/"},{"@type":"ListItem","position":3,"name":"XTRM BLUBBER POPPERS CONTROLLER ROUGE avec flacon de 100ml"}]},{"@type":"WebSite","@id":"https:\/\/poppersschweiz.com\/fr\/#website","url":"https:\/\/poppersschweiz.com\/fr\/","name":"poppersschweiz.com","description":"","potentialAction":[{"@type":"SearchAction","target":{"@type":"EntryPoint","urlTemplate":"https:\/\/poppersschweiz.com\/fr\/?s={search_term_string}"},"query-input":{"@type":"PropertyValueSpecification","valueRequired":true,"valueName":"search_term_string"}}],"inLanguage":"fr-FR"}]},"product_price_amount":"49.00","product_price_currency":"CHF","og_availability":"instock","product_availability":"instock","product_retailer_item_id":"XTRM-BLUBBER","product_condition":"new"},"_links":{"self":[{"href":"https:\/\/poppersschweiz.com\/fr\/wp-json\/wp\/v2\/product\/18912","targetHints":{"allow":["GET"]}}],"collection":[{"href":"https:\/\/poppersschweiz.com\/fr\/wp-json\/wp\/v2\/product"}],"about":[{"href":"https:\/\/poppersschweiz.com\/fr\/wp-json\/wp\/v2\/types\/product"}],"replies":[{"embeddable":true,"href":"https:\/\/poppersschweiz.com\/fr\/wp-json\/wp\/v2\/comments?post=18912"}],"wp:featuredmedia":[{"embeddable":true,"href":"https:\/\/poppersschweiz.com\/fr\/wp-json\/wp\/v2\/media\/18913"}],"wp:attachment":[{"href":"https:\/\/poppersschweiz.com\/fr\/wp-json\/wp\/v2\/media?parent=18912"}],"wp:term":[{"taxonomy":"product_brand","embeddable":true,"href":"https:\/\/poppersschweiz.com\/fr\/wp-json\/wp\/v2\/product_brand?post=18912"},{"taxonomy":"product_cat","embeddable":true,"href":"https:\/\/poppersschweiz.com\/fr\/wp-json\/wp\/v2\/product_cat?post=18912"},{"taxonomy":"product_tag","embeddable":true,"href":"https:\/\/poppersschweiz.com\/fr\/wp-json\/wp\/v2\/product_tag?post=18912"}],"curies":[{"name":"wp","href":"https:\/\/api.w.org\/{rel}","templated":true}]}}