{"id":18973,"date":"2024-03-12T15:23:07","date_gmt":"2024-03-12T14:23:07","guid":{"rendered":"https:\/\/poppersschweiz.com\/product\/working-stiff-le-godemiche-lifeguard-calexotics\/"},"modified":"2024-03-12T15:23:07","modified_gmt":"2024-03-12T14:23:07","slug":"working-stiff-le-godemiche-lifeguard-calexotics","status":"publish","type":"product","link":"https:\/\/poppersschweiz.com\/fr\/produit\/working-stiff-le-godemiche-lifeguard-calexotics\/","title":{"rendered":"Working Stiff &#8211; Le godemich\u00e9 Lifeguard CalExotics"},"content":{"rendered":"<p>Le <strong>gode Working Stiff &#8211; The Lifeguard CalExotics<\/strong> est l\u00e0 pour te sauver et r\u00e9aliser tous tes fantasmes sexuels de l&rsquo;\u00e9t\u00e9 ! Sois pr\u00eat \u00e0 t&rsquo;amuser beaucoup avec la petite mais puissante queue de ton nageur sauveteur pr\u00e9f\u00e9r\u00e9 et \u00e0 vivre des sensations de plaisir \u00e0 un autre niveau. La mati\u00e8re TPE agr\u00e9able et agr\u00e9able pour le corps, associ\u00e9e au design plein de veines et de testicules r\u00e9alistes, font des p\u00e9n\u00e9trations avec cette queue puissante un plaisir br\u00fblant. Tu auras l&rsquo;impression d&rsquo;avoir \u00e9t\u00e9 proprement pass\u00e9 au crible sur la plage ou dans une petite crique cach\u00e9e. Au bas du godemich\u00e9, tu trouveras une ventouse qui te permettra de fixer le Lifeguard sur des surfaces lisses afin de chevaucher horizontalement ou verticalement le p\u00e9nis de ce nageur sauveteur passionn\u00e9. De cette mani\u00e8re, tu as les mains libres pour masser ton propre p\u00e9nis et profiter d&rsquo;une double stimulation incomparable, qui te poussera \u00e0 coup s\u00fbr \u00e0 l&rsquo;orgasme. Le godemich\u00e9 peut \u00e9galement \u00eatre utilis\u00e9 avec des harnais. Pour profiter au maximum de la queue du Lifeguard et pour qu&rsquo;elle glisse parfaitement dans ton trou, applique un peu de lubrifiant \u00e0 base d&rsquo;eau. Apr\u00e8s utilisation, lavez-le \u00e0 l&rsquo;eau chaude et au savon doux ou avec un nettoyant sp\u00e9cial pour sextoys, puis laissez-le s\u00e9cher compl\u00e8tement \u00e0 l&rsquo;air libre. <strong>D\u00e9tails du produit :<\/strong> \u2713 Design r\u00e9aliste \u2713 Ventouse puissante \u2713 Respectueux du corps et sans phtalates \u2713 Mat\u00e9riau flexible, confortable et \u00e9tanche \u2713 Utilisable avec les urinoirs \u2713 Compatible avec les lubrifiants \u00e0 base d&rsquo;eau \u2713 Facile \u00e0 utiliser et \u00e0 nettoyer Longueur totale : environ 16 cm Longueur ins\u00e9rable : environ 11,5 cm Diam\u00e8tre ins\u00e9rable : environ 3,75 cm Mat\u00e9riau : TPE Couleur : Peau bronz\u00e9e<\/p>\n","protected":false},"excerpt":{"rendered":"<p>Le gode Working Stiff &#8211; The Lifeguard CalExotics est l\u00e0 pour te sauver et r\u00e9aliser tous tes fantasmes sexuels de<\/p>\n","protected":false},"featured_media":18975,"comment_status":"open","ping_status":"closed","template":"","meta":{"_acf_changed":false,"_glsr_average":0,"_glsr_ranking":0,"_glsr_reviews":0},"product_brand":[],"product_cat":[556,544],"product_tag":[],"class_list":{"0":"post-18973","1":"product","2":"type-product","3":"status-publish","4":"has-post-thumbnail","6":"product_cat-godemiches-anaux","7":"product_cat-jouets","9":"first","10":"instock","11":"taxable","12":"shipping-taxable","13":"purchasable","14":"product-type-simple"},"bundled_by":[],"bundle_stock_status":"instock","bundle_stock_quantity":null,"bundle_virtual":false,"bundle_layout":"","bundle_add_to_cart_form_location":"","bundle_editable_in_cart":false,"bundle_sold_individually_context":"","bundle_item_grouping":"","bundle_min_size":"","bundle_max_size":"","bundled_items":[],"bundle_sell_ids":[],"acf":[],"yoast_head":"<!-- This site is optimized with the Yoast SEO plugin v27.2 - https:\/\/yoast.com\/product\/yoast-seo-wordpress\/ -->\n<title>Working Stiff - Le godemich\u00e9 Lifeguard CalExotics \u25b7 hier g\u00fcnstig kaufen | poppersschweiz.com<\/title>\n<meta name=\"description\" content=\"Working Stiff - Le godemich\u00e9 Lifeguard CalExotics \u25b7 hier g\u00fcnstig online kaufen. Schneller Versand \u2713 Nur Original-Produkte \u2713 Jetzt kaufen &amp; Spa\u00df haben.\" \/>\n<meta name=\"robots\" content=\"index, follow, max-snippet:-1, max-image-preview:large, max-video-preview:-1\" \/>\n<link rel=\"canonical\" href=\"https:\/\/poppersschweiz.com\/fr\/produit\/working-stiff-le-godemiche-lifeguard-calexotics\/\" \/>\n<meta property=\"og:locale\" content=\"fr_FR\" \/>\n<meta property=\"og:type\" content=\"article\" \/>\n<meta property=\"og:title\" content=\"Working Stiff - Le godemich\u00e9 Lifeguard CalExotics \u25b7 hier g\u00fcnstig kaufen | poppersschweiz.com\" \/>\n<meta property=\"og:description\" content=\"Working Stiff - Le godemich\u00e9 Lifeguard CalExotics \u25b7 hier g\u00fcnstig online kaufen. Schneller Versand \u2713 Nur Original-Produkte \u2713 Jetzt kaufen &amp; Spa\u00df haben.\" \/>\n<meta property=\"og:url\" content=\"https:\/\/poppersschweiz.com\/fr\/produit\/working-stiff-le-godemiche-lifeguard-calexotics\/\" \/>\n<meta property=\"og:site_name\" content=\"poppersschweiz.com\" \/>\n<meta property=\"og:image\" content=\"https:\/\/poppersschweiz.com\/wp-content\/uploads\/2024\/03\/The-lifeguard-Dildo-1.png\" \/>\n\t<meta property=\"og:image:width\" content=\"600\" \/>\n\t<meta property=\"og:image:height\" content=\"600\" \/>\n\t<meta property=\"og:image:type\" content=\"image\/png\" \/>\n<meta name=\"twitter:card\" content=\"summary_large_image\" \/>\n<meta name=\"twitter:label1\" content=\"Prix\" \/>\n\t<meta name=\"twitter:data1\" content=\"&#067;&#072;&#070;&nbsp;25.90\" \/>\n\t<meta name=\"twitter:label2\" content=\"Disponibilit\u00e9\" \/>\n\t<meta name=\"twitter:data2\" content=\"En stock\" \/>\n<script type=\"application\/ld+json\" class=\"yoast-schema-graph\">{\"@context\":\"https:\/\/schema.org\",\"@graph\":[{\"@type\":\"WebPage\",\"@id\":\"https:\/\/poppersschweiz.com\/fr\/produit\/working-stiff-le-godemiche-lifeguard-calexotics\/\",\"url\":\"https:\/\/poppersschweiz.com\/fr\/produit\/working-stiff-le-godemiche-lifeguard-calexotics\/\",\"name\":\"Working Stiff - Le godemich\u00e9 Lifeguard CalExotics \u25b7 hier g\u00fcnstig kaufen | poppersschweiz.com\",\"isPartOf\":{\"@id\":\"https:\/\/poppersschweiz.com\/fr\/#website\"},\"primaryImageOfPage\":{\"@id\":\"https:\/\/poppersschweiz.com\/fr\/produit\/working-stiff-le-godemiche-lifeguard-calexotics\/#primaryimage\"},\"image\":{\"@id\":\"https:\/\/poppersschweiz.com\/fr\/produit\/working-stiff-le-godemiche-lifeguard-calexotics\/#primaryimage\"},\"thumbnailUrl\":\"https:\/\/poppersschweiz.com\/wp-content\/uploads\/2024\/03\/The-lifeguard-Dildo-1.png\",\"datePublished\":\"2024-03-12T14:23:07+00:00\",\"description\":\"Working Stiff - Le godemich\u00e9 Lifeguard CalExotics \u25b7 hier g\u00fcnstig online kaufen. Schneller Versand \u2713 Nur Original-Produkte \u2713 Jetzt kaufen & Spa\u00df haben.\",\"breadcrumb\":{\"@id\":\"https:\/\/poppersschweiz.com\/fr\/produit\/working-stiff-le-godemiche-lifeguard-calexotics\/#breadcrumb\"},\"inLanguage\":\"fr-FR\",\"potentialAction\":[{\"@type\":\"ReadAction\",\"target\":[\"https:\/\/poppersschweiz.com\/fr\/produit\/working-stiff-le-godemiche-lifeguard-calexotics\/\"]}]},{\"@type\":\"ImageObject\",\"inLanguage\":\"fr-FR\",\"@id\":\"https:\/\/poppersschweiz.com\/fr\/produit\/working-stiff-le-godemiche-lifeguard-calexotics\/#primaryimage\",\"url\":\"https:\/\/poppersschweiz.com\/wp-content\/uploads\/2024\/03\/The-lifeguard-Dildo-1.png\",\"contentUrl\":\"https:\/\/poppersschweiz.com\/wp-content\/uploads\/2024\/03\/The-lifeguard-Dildo-1.png\",\"width\":600,\"height\":600},{\"@type\":\"BreadcrumbList\",\"@id\":\"https:\/\/poppersschweiz.com\/fr\/produit\/working-stiff-le-godemiche-lifeguard-calexotics\/#breadcrumb\",\"itemListElement\":[{\"@type\":\"ListItem\",\"position\":1,\"name\":\"Page d'accueil\",\"item\":\"https:\/\/poppersschweiz.com\/fr\/\"},{\"@type\":\"ListItem\",\"position\":2,\"name\":\"Poppers, accessoires pour poppers et plus encore\",\"item\":\"https:\/\/poppersschweiz.com\/fr\/poppers-accessoires-pour-poppers-et-plus-encore\/\"},{\"@type\":\"ListItem\",\"position\":3,\"name\":\"Working Stiff &#8211; Le godemich\u00e9 Lifeguard CalExotics\"}]},{\"@type\":\"WebSite\",\"@id\":\"https:\/\/poppersschweiz.com\/fr\/#website\",\"url\":\"https:\/\/poppersschweiz.com\/fr\/\",\"name\":\"poppersschweiz.com\",\"description\":\"\",\"potentialAction\":[{\"@type\":\"SearchAction\",\"target\":{\"@type\":\"EntryPoint\",\"urlTemplate\":\"https:\/\/poppersschweiz.com\/fr\/?s={search_term_string}\"},\"query-input\":{\"@type\":\"PropertyValueSpecification\",\"valueRequired\":true,\"valueName\":\"search_term_string\"}}],\"inLanguage\":\"fr-FR\"}]}<\/script>\n<meta property=\"product:price:amount\" content=\"25.90\" \/>\n<meta property=\"product:price:currency\" content=\"CHF\" \/>\n<meta property=\"og:availability\" content=\"instock\" \/>\n<meta property=\"product:availability\" content=\"instock\" \/>\n<meta property=\"product:retailer_item_id\" content=\"T-WS-LD\" \/>\n<meta property=\"product:condition\" content=\"new\" \/>\n<!-- \/ Yoast SEO plugin. -->","yoast_head_json":{"title":"Working Stiff - Le godemich\u00e9 Lifeguard CalExotics \u25b7 hier g\u00fcnstig kaufen | poppersschweiz.com","description":"Working Stiff - Le godemich\u00e9 Lifeguard CalExotics \u25b7 hier g\u00fcnstig online kaufen. Schneller Versand \u2713 Nur Original-Produkte \u2713 Jetzt kaufen & Spa\u00df haben.","robots":{"index":"index","follow":"follow","max-snippet":"max-snippet:-1","max-image-preview":"max-image-preview:large","max-video-preview":"max-video-preview:-1"},"canonical":"https:\/\/poppersschweiz.com\/fr\/produit\/working-stiff-le-godemiche-lifeguard-calexotics\/","og_locale":"fr_FR","og_type":"article","og_title":"Working Stiff - Le godemich\u00e9 Lifeguard CalExotics \u25b7 hier g\u00fcnstig kaufen | poppersschweiz.com","og_description":"Working Stiff - Le godemich\u00e9 Lifeguard CalExotics \u25b7 hier g\u00fcnstig online kaufen. Schneller Versand \u2713 Nur Original-Produkte \u2713 Jetzt kaufen & Spa\u00df haben.","og_url":"https:\/\/poppersschweiz.com\/fr\/produit\/working-stiff-le-godemiche-lifeguard-calexotics\/","og_site_name":"poppersschweiz.com","og_image":[{"width":600,"height":600,"url":"https:\/\/poppersschweiz.com\/wp-content\/uploads\/2024\/03\/The-lifeguard-Dildo-1.png","type":"image\/png"}],"twitter_card":"summary_large_image","twitter_misc":{"Prix":"&#67;&#72;&#70;&nbsp;25.90","Disponibilit\u00e9":"En stock"},"schema":{"@context":"https:\/\/schema.org","@graph":[{"@type":"WebPage","@id":"https:\/\/poppersschweiz.com\/fr\/produit\/working-stiff-le-godemiche-lifeguard-calexotics\/","url":"https:\/\/poppersschweiz.com\/fr\/produit\/working-stiff-le-godemiche-lifeguard-calexotics\/","name":"Working Stiff - Le godemich\u00e9 Lifeguard CalExotics \u25b7 hier g\u00fcnstig kaufen | poppersschweiz.com","isPartOf":{"@id":"https:\/\/poppersschweiz.com\/fr\/#website"},"primaryImageOfPage":{"@id":"https:\/\/poppersschweiz.com\/fr\/produit\/working-stiff-le-godemiche-lifeguard-calexotics\/#primaryimage"},"image":{"@id":"https:\/\/poppersschweiz.com\/fr\/produit\/working-stiff-le-godemiche-lifeguard-calexotics\/#primaryimage"},"thumbnailUrl":"https:\/\/poppersschweiz.com\/wp-content\/uploads\/2024\/03\/The-lifeguard-Dildo-1.png","datePublished":"2024-03-12T14:23:07+00:00","description":"Working Stiff - Le godemich\u00e9 Lifeguard CalExotics \u25b7 hier g\u00fcnstig online kaufen. Schneller Versand \u2713 Nur Original-Produkte \u2713 Jetzt kaufen & Spa\u00df haben.","breadcrumb":{"@id":"https:\/\/poppersschweiz.com\/fr\/produit\/working-stiff-le-godemiche-lifeguard-calexotics\/#breadcrumb"},"inLanguage":"fr-FR","potentialAction":[{"@type":"ReadAction","target":["https:\/\/poppersschweiz.com\/fr\/produit\/working-stiff-le-godemiche-lifeguard-calexotics\/"]}]},{"@type":"ImageObject","inLanguage":"fr-FR","@id":"https:\/\/poppersschweiz.com\/fr\/produit\/working-stiff-le-godemiche-lifeguard-calexotics\/#primaryimage","url":"https:\/\/poppersschweiz.com\/wp-content\/uploads\/2024\/03\/The-lifeguard-Dildo-1.png","contentUrl":"https:\/\/poppersschweiz.com\/wp-content\/uploads\/2024\/03\/The-lifeguard-Dildo-1.png","width":600,"height":600},{"@type":"BreadcrumbList","@id":"https:\/\/poppersschweiz.com\/fr\/produit\/working-stiff-le-godemiche-lifeguard-calexotics\/#breadcrumb","itemListElement":[{"@type":"ListItem","position":1,"name":"Page d'accueil","item":"https:\/\/poppersschweiz.com\/fr\/"},{"@type":"ListItem","position":2,"name":"Poppers, accessoires pour poppers et plus encore","item":"https:\/\/poppersschweiz.com\/fr\/poppers-accessoires-pour-poppers-et-plus-encore\/"},{"@type":"ListItem","position":3,"name":"Working Stiff &#8211; Le godemich\u00e9 Lifeguard CalExotics"}]},{"@type":"WebSite","@id":"https:\/\/poppersschweiz.com\/fr\/#website","url":"https:\/\/poppersschweiz.com\/fr\/","name":"poppersschweiz.com","description":"","potentialAction":[{"@type":"SearchAction","target":{"@type":"EntryPoint","urlTemplate":"https:\/\/poppersschweiz.com\/fr\/?s={search_term_string}"},"query-input":{"@type":"PropertyValueSpecification","valueRequired":true,"valueName":"search_term_string"}}],"inLanguage":"fr-FR"}]},"product_price_amount":"25.90","product_price_currency":"CHF","og_availability":"instock","product_availability":"instock","product_retailer_item_id":"T-WS-LD","product_condition":"new"},"_links":{"self":[{"href":"https:\/\/poppersschweiz.com\/fr\/wp-json\/wp\/v2\/product\/18973","targetHints":{"allow":["GET"]}}],"collection":[{"href":"https:\/\/poppersschweiz.com\/fr\/wp-json\/wp\/v2\/product"}],"about":[{"href":"https:\/\/poppersschweiz.com\/fr\/wp-json\/wp\/v2\/types\/product"}],"replies":[{"embeddable":true,"href":"https:\/\/poppersschweiz.com\/fr\/wp-json\/wp\/v2\/comments?post=18973"}],"wp:featuredmedia":[{"embeddable":true,"href":"https:\/\/poppersschweiz.com\/fr\/wp-json\/wp\/v2\/media\/18975"}],"wp:attachment":[{"href":"https:\/\/poppersschweiz.com\/fr\/wp-json\/wp\/v2\/media?parent=18973"}],"wp:term":[{"taxonomy":"product_brand","embeddable":true,"href":"https:\/\/poppersschweiz.com\/fr\/wp-json\/wp\/v2\/product_brand?post=18973"},{"taxonomy":"product_cat","embeddable":true,"href":"https:\/\/poppersschweiz.com\/fr\/wp-json\/wp\/v2\/product_cat?post=18973"},{"taxonomy":"product_tag","embeddable":true,"href":"https:\/\/poppersschweiz.com\/fr\/wp-json\/wp\/v2\/product_tag?post=18973"}],"curies":[{"name":"wp","href":"https:\/\/api.w.org\/{rel}","templated":true}]}}