{"id":18995,"date":"2024-03-26T11:06:04","date_gmt":"2024-03-26T10:06:04","guid":{"rendered":"https:\/\/poppersschweiz.com\/product\/mister-b-lube-gel-lubrifiant-a-base-deau-30-ml\/"},"modified":"2024-03-26T11:06:04","modified_gmt":"2024-03-26T10:06:04","slug":"mister-b-lube-gel-lubrifiant-a-base-deau-30-ml","status":"publish","type":"product","link":"https:\/\/poppersschweiz.com\/fr\/produit\/mister-b-lube-gel-lubrifiant-a-base-deau-30-ml\/","title":{"rendered":"Mister B LUBE gel lubrifiant \u00e0 base d&rsquo;eau 30 ml"},"content":{"rendered":"<p><strong>Avec le gel lubrifiant \u00e0 base d&rsquo;eau Mister B LUBE 30 ml<\/strong>, tu en as pour ton argent. Ce gel lubrifiant \u00e0 base d&rsquo;eau est velout\u00e9, ne colle pas et dure encore plus longtemps, car nous avons r\u00e9cemment am\u00e9lior\u00e9 notre formule. LUBE est fabriqu\u00e9 en Allemagne dans de si bonnes conditions que nous n&rsquo;avons pas besoin de conservateurs et que le gel peut encore \u00eatre utilis\u00e9 jusqu&rsquo;\u00e0 4 ans apr\u00e8s sa production. Cela veut dire quelque chose et c&rsquo;est pourquoi nous pensons que LUBE a le meilleur rapport qualit\u00e9-prix de tous les gels lubrifiants \u00e0 base d&rsquo;eau.<\/p>\n<p>Tu peux combiner Mister B LUBE avec tout ce que tu veux. Il a subi diff\u00e9rents tests dermatologiques selon les normes allemandes et est donc parfaitement adapt\u00e9 \u00e0 la baise. Les gels lubrifiants \u00e0 base d&rsquo;eau sont g\u00e9n\u00e9ralement les seuls lubrifiants qui n&rsquo;attaquent pas les jouets, surtout s&rsquo;ils sont en silicone.<br \/>\nMister B LUBE est non toxique et sans go\u00fbt. Il est sans danger pour les pr\u00e9servatifs, car il est exempt d&rsquo;huile et de graisse. Notre LUBE est si bon qu&rsquo;il pourrait sans probl\u00e8me \u00eatre certifi\u00e9 CE en tant que gel lubrifiant m\u00e9dical en Allemagne.<\/p>\n<p>Un autre avantage pratique est que LUBE peut \u00eatre lav\u00e9 facilement et rapidement sans laisser de taches sur les draps. Tu n&rsquo;as pas besoin de rincer dix fois avec du savon comme avec les produits \u00e0 base de silicone. L&rsquo;eau chaude suffit. M\u00eame si tu renverses du LUBE sur le sol, ce n&rsquo;est pas une catastrophe.<\/p>\n<p>Mister B LUBE se pr\u00e9sente sous la forme d&rsquo;un flacon \u00e0 couvercle rabattable que vous pouvez ouvrir m\u00eame si vos mains sont glissantes. Disponible en 30 ml, 100 ml, 250 ml.<br \/>\nPour ce qui est de l&rsquo;utilisation, la seule chose \u00e0 dire est : utilisez-le ! Si \u00e7a fait mal, c&rsquo;est peut-\u00eatre que ton jouet ou ta queue est trop gros. Si cela fait tr\u00e8s mal, nous te conseillons d&rsquo;arr\u00eater.<\/p>\n<p><strong>Ingr\u00e9dients :<\/strong> Aqua (eau), glyc\u00e9rine, propyl\u00e8ne glycol, ac\u00e9tate de tocoph\u00e9ryle, copolym\u00e8re de sodium acrylique \/ sodium acryloyldimethyl taurate, isohexadecane, hydroxy\u00e9thylcellulose, polysorbate 80, ph\u00e9noxy\u00e9thanol, \u00e9thylhexylglyc\u00e9rine<\/p>\n","protected":false},"excerpt":{"rendered":"<p>Avec le gel lubrifiant \u00e0 base d&rsquo;eau Mister B LUBE 30 ml, tu en as pour ton argent. Ce gel<\/p>\n","protected":false},"featured_media":18902,"comment_status":"open","ping_status":"closed","template":"","meta":{"_acf_changed":false,"_glsr_average":0,"_glsr_ranking":0,"_glsr_reviews":0},"product_brand":[],"product_cat":[548,569],"product_tag":[],"class_list":{"0":"post-18995","1":"product","2":"type-product","3":"status-publish","4":"has-post-thumbnail","6":"product_cat-droguerie","7":"product_cat-lubrifiant","9":"first","10":"instock","11":"taxable","12":"shipping-taxable","13":"purchasable","14":"product-type-simple"},"bundled_by":[],"bundle_stock_status":"instock","bundle_stock_quantity":null,"bundle_virtual":false,"bundle_layout":"","bundle_add_to_cart_form_location":"","bundle_editable_in_cart":false,"bundle_sold_individually_context":"","bundle_item_grouping":"","bundle_min_size":"","bundle_max_size":"","bundled_items":[],"bundle_sell_ids":[],"acf":[],"yoast_head":"<!-- This site is optimized with the Yoast SEO plugin v27.2 - https:\/\/yoast.com\/product\/yoast-seo-wordpress\/ -->\n<title>Mister B LUBE gel lubrifiant \u00e0 base d&#039;eau 30 ml \u25b7 hier g\u00fcnstig kaufen | poppersschweiz.com<\/title>\n<meta name=\"description\" content=\"Mister B LUBE gel lubrifiant \u00e0 base d&#039;eau 30 ml \u25b7 hier g\u00fcnstig online kaufen. Schneller Versand \u2713 Nur Original-Produkte \u2713 Jetzt kaufen &amp; Spa\u00df haben.\" \/>\n<meta name=\"robots\" content=\"index, follow, max-snippet:-1, max-image-preview:large, max-video-preview:-1\" \/>\n<link rel=\"canonical\" href=\"https:\/\/poppersschweiz.com\/fr\/produit\/mister-b-lube-gel-lubrifiant-a-base-deau-30-ml\/\" \/>\n<meta property=\"og:locale\" content=\"fr_FR\" \/>\n<meta property=\"og:type\" content=\"article\" \/>\n<meta property=\"og:title\" content=\"Mister B LUBE gel lubrifiant \u00e0 base d&#039;eau 30 ml \u25b7 hier g\u00fcnstig kaufen | poppersschweiz.com\" \/>\n<meta property=\"og:description\" content=\"Mister B LUBE gel lubrifiant \u00e0 base d&#039;eau 30 ml \u25b7 hier g\u00fcnstig online kaufen. Schneller Versand \u2713 Nur Original-Produkte \u2713 Jetzt kaufen &amp; Spa\u00df haben.\" \/>\n<meta property=\"og:url\" content=\"https:\/\/poppersschweiz.com\/fr\/produit\/mister-b-lube-gel-lubrifiant-a-base-deau-30-ml\/\" \/>\n<meta property=\"og:site_name\" content=\"poppersschweiz.com\" \/>\n<meta property=\"og:image\" content=\"https:\/\/poppersschweiz.com\/wp-content\/uploads\/2024\/03\/mb-l30.png\" \/>\n\t<meta property=\"og:image:width\" content=\"600\" \/>\n\t<meta property=\"og:image:height\" content=\"600\" \/>\n\t<meta property=\"og:image:type\" content=\"image\/png\" \/>\n<meta name=\"twitter:card\" content=\"summary_large_image\" \/>\n<meta name=\"twitter:label1\" content=\"Prix\" \/>\n\t<meta name=\"twitter:data1\" content=\"&#067;&#072;&#070;&nbsp;8.90\" \/>\n\t<meta name=\"twitter:label2\" content=\"Disponibilit\u00e9\" \/>\n\t<meta name=\"twitter:data2\" content=\"En stock\" \/>\n<script type=\"application\/ld+json\" class=\"yoast-schema-graph\">{\"@context\":\"https:\/\/schema.org\",\"@graph\":[{\"@type\":\"WebPage\",\"@id\":\"https:\/\/poppersschweiz.com\/fr\/produit\/mister-b-lube-gel-lubrifiant-a-base-deau-30-ml\/\",\"url\":\"https:\/\/poppersschweiz.com\/fr\/produit\/mister-b-lube-gel-lubrifiant-a-base-deau-30-ml\/\",\"name\":\"Mister B LUBE gel lubrifiant \u00e0 base d'eau 30 ml \u25b7 hier g\u00fcnstig kaufen | poppersschweiz.com\",\"isPartOf\":{\"@id\":\"https:\/\/poppersschweiz.com\/fr\/#website\"},\"primaryImageOfPage\":{\"@id\":\"https:\/\/poppersschweiz.com\/fr\/produit\/mister-b-lube-gel-lubrifiant-a-base-deau-30-ml\/#primaryimage\"},\"image\":{\"@id\":\"https:\/\/poppersschweiz.com\/fr\/produit\/mister-b-lube-gel-lubrifiant-a-base-deau-30-ml\/#primaryimage\"},\"thumbnailUrl\":\"https:\/\/poppersschweiz.com\/wp-content\/uploads\/2024\/03\/mb-l30.png\",\"datePublished\":\"2024-03-26T10:06:04+00:00\",\"description\":\"Mister B LUBE gel lubrifiant \u00e0 base d'eau 30 ml \u25b7 hier g\u00fcnstig online kaufen. Schneller Versand \u2713 Nur Original-Produkte \u2713 Jetzt kaufen & Spa\u00df haben.\",\"breadcrumb\":{\"@id\":\"https:\/\/poppersschweiz.com\/fr\/produit\/mister-b-lube-gel-lubrifiant-a-base-deau-30-ml\/#breadcrumb\"},\"inLanguage\":\"fr-FR\",\"potentialAction\":[{\"@type\":\"ReadAction\",\"target\":[\"https:\/\/poppersschweiz.com\/fr\/produit\/mister-b-lube-gel-lubrifiant-a-base-deau-30-ml\/\"]}]},{\"@type\":\"ImageObject\",\"inLanguage\":\"fr-FR\",\"@id\":\"https:\/\/poppersschweiz.com\/fr\/produit\/mister-b-lube-gel-lubrifiant-a-base-deau-30-ml\/#primaryimage\",\"url\":\"https:\/\/poppersschweiz.com\/wp-content\/uploads\/2024\/03\/mb-l30.png\",\"contentUrl\":\"https:\/\/poppersschweiz.com\/wp-content\/uploads\/2024\/03\/mb-l30.png\",\"width\":600,\"height\":600,\"caption\":\"Mister B LUBE gel lubrifiant \u00e0 base d'eau 100 ml\"},{\"@type\":\"BreadcrumbList\",\"@id\":\"https:\/\/poppersschweiz.com\/fr\/produit\/mister-b-lube-gel-lubrifiant-a-base-deau-30-ml\/#breadcrumb\",\"itemListElement\":[{\"@type\":\"ListItem\",\"position\":1,\"name\":\"Page d'accueil\",\"item\":\"https:\/\/poppersschweiz.com\/fr\/\"},{\"@type\":\"ListItem\",\"position\":2,\"name\":\"Poppers, accessoires pour poppers et plus encore\",\"item\":\"https:\/\/poppersschweiz.com\/fr\/poppers-accessoires-pour-poppers-et-plus-encore\/\"},{\"@type\":\"ListItem\",\"position\":3,\"name\":\"Mister B LUBE gel lubrifiant \u00e0 base d&rsquo;eau 30 ml\"}]},{\"@type\":\"WebSite\",\"@id\":\"https:\/\/poppersschweiz.com\/fr\/#website\",\"url\":\"https:\/\/poppersschweiz.com\/fr\/\",\"name\":\"poppersschweiz.com\",\"description\":\"\",\"potentialAction\":[{\"@type\":\"SearchAction\",\"target\":{\"@type\":\"EntryPoint\",\"urlTemplate\":\"https:\/\/poppersschweiz.com\/fr\/?s={search_term_string}\"},\"query-input\":{\"@type\":\"PropertyValueSpecification\",\"valueRequired\":true,\"valueName\":\"search_term_string\"}}],\"inLanguage\":\"fr-FR\"}]}<\/script>\n<meta property=\"product:price:amount\" content=\"8.90\" \/>\n<meta property=\"product:price:currency\" content=\"CHF\" \/>\n<meta property=\"og:availability\" content=\"instock\" \/>\n<meta property=\"product:availability\" content=\"instock\" \/>\n<meta property=\"product:retailer_item_id\" content=\"MB-L30\" \/>\n<meta property=\"product:condition\" content=\"new\" \/>\n<!-- \/ Yoast SEO plugin. -->","yoast_head_json":{"title":"Mister B LUBE gel lubrifiant \u00e0 base d'eau 30 ml \u25b7 hier g\u00fcnstig kaufen | poppersschweiz.com","description":"Mister B LUBE gel lubrifiant \u00e0 base d'eau 30 ml \u25b7 hier g\u00fcnstig online kaufen. Schneller Versand \u2713 Nur Original-Produkte \u2713 Jetzt kaufen & Spa\u00df haben.","robots":{"index":"index","follow":"follow","max-snippet":"max-snippet:-1","max-image-preview":"max-image-preview:large","max-video-preview":"max-video-preview:-1"},"canonical":"https:\/\/poppersschweiz.com\/fr\/produit\/mister-b-lube-gel-lubrifiant-a-base-deau-30-ml\/","og_locale":"fr_FR","og_type":"article","og_title":"Mister B LUBE gel lubrifiant \u00e0 base d'eau 30 ml \u25b7 hier g\u00fcnstig kaufen | poppersschweiz.com","og_description":"Mister B LUBE gel lubrifiant \u00e0 base d'eau 30 ml \u25b7 hier g\u00fcnstig online kaufen. Schneller Versand \u2713 Nur Original-Produkte \u2713 Jetzt kaufen & Spa\u00df haben.","og_url":"https:\/\/poppersschweiz.com\/fr\/produit\/mister-b-lube-gel-lubrifiant-a-base-deau-30-ml\/","og_site_name":"poppersschweiz.com","og_image":[{"width":600,"height":600,"url":"https:\/\/poppersschweiz.com\/wp-content\/uploads\/2024\/03\/mb-l30.png","type":"image\/png"}],"twitter_card":"summary_large_image","twitter_misc":{"Prix":"&#67;&#72;&#70;&nbsp;8.90","Disponibilit\u00e9":"En stock"},"schema":{"@context":"https:\/\/schema.org","@graph":[{"@type":"WebPage","@id":"https:\/\/poppersschweiz.com\/fr\/produit\/mister-b-lube-gel-lubrifiant-a-base-deau-30-ml\/","url":"https:\/\/poppersschweiz.com\/fr\/produit\/mister-b-lube-gel-lubrifiant-a-base-deau-30-ml\/","name":"Mister B LUBE gel lubrifiant \u00e0 base d'eau 30 ml \u25b7 hier g\u00fcnstig kaufen | poppersschweiz.com","isPartOf":{"@id":"https:\/\/poppersschweiz.com\/fr\/#website"},"primaryImageOfPage":{"@id":"https:\/\/poppersschweiz.com\/fr\/produit\/mister-b-lube-gel-lubrifiant-a-base-deau-30-ml\/#primaryimage"},"image":{"@id":"https:\/\/poppersschweiz.com\/fr\/produit\/mister-b-lube-gel-lubrifiant-a-base-deau-30-ml\/#primaryimage"},"thumbnailUrl":"https:\/\/poppersschweiz.com\/wp-content\/uploads\/2024\/03\/mb-l30.png","datePublished":"2024-03-26T10:06:04+00:00","description":"Mister B LUBE gel lubrifiant \u00e0 base d'eau 30 ml \u25b7 hier g\u00fcnstig online kaufen. Schneller Versand \u2713 Nur Original-Produkte \u2713 Jetzt kaufen & Spa\u00df haben.","breadcrumb":{"@id":"https:\/\/poppersschweiz.com\/fr\/produit\/mister-b-lube-gel-lubrifiant-a-base-deau-30-ml\/#breadcrumb"},"inLanguage":"fr-FR","potentialAction":[{"@type":"ReadAction","target":["https:\/\/poppersschweiz.com\/fr\/produit\/mister-b-lube-gel-lubrifiant-a-base-deau-30-ml\/"]}]},{"@type":"ImageObject","inLanguage":"fr-FR","@id":"https:\/\/poppersschweiz.com\/fr\/produit\/mister-b-lube-gel-lubrifiant-a-base-deau-30-ml\/#primaryimage","url":"https:\/\/poppersschweiz.com\/wp-content\/uploads\/2024\/03\/mb-l30.png","contentUrl":"https:\/\/poppersschweiz.com\/wp-content\/uploads\/2024\/03\/mb-l30.png","width":600,"height":600,"caption":"Mister B LUBE gel lubrifiant \u00e0 base d'eau 100 ml"},{"@type":"BreadcrumbList","@id":"https:\/\/poppersschweiz.com\/fr\/produit\/mister-b-lube-gel-lubrifiant-a-base-deau-30-ml\/#breadcrumb","itemListElement":[{"@type":"ListItem","position":1,"name":"Page d'accueil","item":"https:\/\/poppersschweiz.com\/fr\/"},{"@type":"ListItem","position":2,"name":"Poppers, accessoires pour poppers et plus encore","item":"https:\/\/poppersschweiz.com\/fr\/poppers-accessoires-pour-poppers-et-plus-encore\/"},{"@type":"ListItem","position":3,"name":"Mister B LUBE gel lubrifiant \u00e0 base d&rsquo;eau 30 ml"}]},{"@type":"WebSite","@id":"https:\/\/poppersschweiz.com\/fr\/#website","url":"https:\/\/poppersschweiz.com\/fr\/","name":"poppersschweiz.com","description":"","potentialAction":[{"@type":"SearchAction","target":{"@type":"EntryPoint","urlTemplate":"https:\/\/poppersschweiz.com\/fr\/?s={search_term_string}"},"query-input":{"@type":"PropertyValueSpecification","valueRequired":true,"valueName":"search_term_string"}}],"inLanguage":"fr-FR"}]},"product_price_amount":"8.90","product_price_currency":"CHF","og_availability":"instock","product_availability":"instock","product_retailer_item_id":"MB-L30","product_condition":"new"},"_links":{"self":[{"href":"https:\/\/poppersschweiz.com\/fr\/wp-json\/wp\/v2\/product\/18995","targetHints":{"allow":["GET"]}}],"collection":[{"href":"https:\/\/poppersschweiz.com\/fr\/wp-json\/wp\/v2\/product"}],"about":[{"href":"https:\/\/poppersschweiz.com\/fr\/wp-json\/wp\/v2\/types\/product"}],"replies":[{"embeddable":true,"href":"https:\/\/poppersschweiz.com\/fr\/wp-json\/wp\/v2\/comments?post=18995"}],"wp:featuredmedia":[{"embeddable":true,"href":"https:\/\/poppersschweiz.com\/fr\/wp-json\/wp\/v2\/media\/18902"}],"wp:attachment":[{"href":"https:\/\/poppersschweiz.com\/fr\/wp-json\/wp\/v2\/media?parent=18995"}],"wp:term":[{"taxonomy":"product_brand","embeddable":true,"href":"https:\/\/poppersschweiz.com\/fr\/wp-json\/wp\/v2\/product_brand?post=18995"},{"taxonomy":"product_cat","embeddable":true,"href":"https:\/\/poppersschweiz.com\/fr\/wp-json\/wp\/v2\/product_cat?post=18995"},{"taxonomy":"product_tag","embeddable":true,"href":"https:\/\/poppersschweiz.com\/fr\/wp-json\/wp\/v2\/product_tag?post=18995"}],"curies":[{"name":"wp","href":"https:\/\/api.w.org\/{rel}","templated":true}]}}