{"id":19040,"date":"2023-11-01T14:35:40","date_gmt":"2023-11-01T13:35:40","guid":{"rendered":"https:\/\/poppersschweiz.com\/product\/sport-fucker-douche-anale-flexible-locker-room-pantalon-noir-23-cm\/"},"modified":"2023-11-01T14:35:40","modified_gmt":"2023-11-01T13:35:40","slug":"sport-fucker-douche-anale-flexible-locker-room-pantalon-noir-23-cm","status":"publish","type":"product","link":"https:\/\/poppersschweiz.com\/fr\/produit\/sport-fucker-douche-anale-flexible-locker-room-pantalon-noir-23-cm\/","title":{"rendered":"Sport Fucker Douche anale flexible Locker Room pantalon noir 23 cm"},"content":{"rendered":"<div>La <strong>douche anale Sport Fucker Flexible Locker Room Hose noir 23 cm<\/strong> est une douche anale extra longue et flexible. S&rsquo;adapte \u00e0 tous les tuyaux de douche avec un filetage habituel &#8211; il suffit de d\u00e9visser le pommeau de douche et de visser le pommeau de douche intime. Sport Fucker Douche anale flexible Locker Room pantalon noir 23 cm s&rsquo;adapte parfaitement aux courbes de ton int\u00e9rieur gr\u00e2ce \u00e0 son \u00e9norme flexibilit\u00e9. Facile \u00e0 nettoyer apr\u00e8s utilisation, passe au lave-vaisselle. Convient pour une utilisation avec des gels lubrifiants.<\/div>\n<div><\/div>\n<ul>\n<li>longueur : 23 cm<\/li>\n<li>diam\u00e8tre : environ 3 cm<\/li>\n<li>couleur : noir<\/li>\n<li>Mat\u00e9riaux : TPE, TPR, silicone<\/li>\n<\/ul>\n<p>La version bleue, aux caract\u00e9ristiques identiques, est \u00e9galement disponible dans notre assortiment.<\/p>\n","protected":false},"excerpt":{"rendered":"<p>La <strong>douche anale Sport Fucker Flexible Locker Room Hose noir 23 cm<\/strong> est une douche anale extra longue et flexible.<\/p>\n","protected":false},"featured_media":19041,"comment_status":"open","ping_status":"closed","template":"","meta":{"_acf_changed":false,"_glsr_average":0,"_glsr_ranking":0,"_glsr_reviews":0},"product_brand":[],"product_cat":[573,548],"product_tag":[],"class_list":{"0":"post-19040","1":"product","2":"type-product","3":"status-publish","4":"has-post-thumbnail","6":"product_cat-douches-anales","7":"product_cat-droguerie","9":"first","10":"outofstock","11":"taxable","12":"shipping-taxable","13":"purchasable","14":"product-type-simple"},"bundled_by":[],"bundle_stock_status":"outofstock","bundle_stock_quantity":null,"bundle_virtual":false,"bundle_layout":"","bundle_add_to_cart_form_location":"","bundle_editable_in_cart":false,"bundle_sold_individually_context":"","bundle_item_grouping":"","bundle_min_size":"","bundle_max_size":"","bundled_items":[],"bundle_sell_ids":[],"acf":[],"yoast_head":"<!-- This site is optimized with the Yoast SEO plugin v27.2 - https:\/\/yoast.com\/product\/yoast-seo-wordpress\/ -->\n<title>Sport Fucker Douche anale flexible Locker Room pantalon noir 23 cm \u25b7 hier g\u00fcnstig kaufen | poppersschweiz.com<\/title>\n<meta name=\"description\" content=\"Sport Fucker Douche anale flexible Locker Room pantalon noir 23 cm \u25b7 hier g\u00fcnstig online kaufen. Schneller Versand \u2713 Nur Original-Produkte \u2713 Jetzt kaufen &amp; Spa\u00df haben.\" \/>\n<meta name=\"robots\" content=\"index, follow, max-snippet:-1, max-image-preview:large, max-video-preview:-1\" \/>\n<link rel=\"canonical\" href=\"https:\/\/poppersschweiz.com\/fr\/produit\/sport-fucker-douche-anale-flexible-locker-room-pantalon-noir-23-cm\/\" \/>\n<meta property=\"og:locale\" content=\"fr_FR\" \/>\n<meta property=\"og:type\" content=\"article\" \/>\n<meta property=\"og:title\" content=\"Sport Fucker Douche anale flexible Locker Room pantalon noir 23 cm \u25b7 hier g\u00fcnstig kaufen | poppersschweiz.com\" \/>\n<meta property=\"og:description\" content=\"Sport Fucker Douche anale flexible Locker Room pantalon noir 23 cm \u25b7 hier g\u00fcnstig online kaufen. Schneller Versand \u2713 Nur Original-Produkte \u2713 Jetzt kaufen &amp; Spa\u00df haben.\" \/>\n<meta property=\"og:url\" content=\"https:\/\/poppersschweiz.com\/fr\/produit\/sport-fucker-douche-anale-flexible-locker-room-pantalon-noir-23-cm\/\" \/>\n<meta property=\"og:site_name\" content=\"poppersschweiz.com\" \/>\n<meta property=\"og:image\" content=\"https:\/\/poppersschweiz.com\/wp-content\/uploads\/2023\/11\/KlikKlak-97.png\" \/>\n\t<meta property=\"og:image:width\" content=\"600\" \/>\n\t<meta property=\"og:image:height\" content=\"600\" \/>\n\t<meta property=\"og:image:type\" content=\"image\/png\" \/>\n<meta name=\"twitter:card\" content=\"summary_large_image\" \/>\n<meta name=\"twitter:label1\" content=\"Prix\" \/>\n\t<meta name=\"twitter:data1\" content=\"&#067;&#072;&#070;&nbsp;29.90\" \/>\n\t<meta name=\"twitter:label2\" content=\"Disponibilit\u00e9\" \/>\n\t<meta name=\"twitter:data2\" content=\"Rupture de stock\" \/>\n<script type=\"application\/ld+json\" class=\"yoast-schema-graph\">{\"@context\":\"https:\/\/schema.org\",\"@graph\":[{\"@type\":\"WebPage\",\"@id\":\"https:\/\/poppersschweiz.com\/fr\/produit\/sport-fucker-douche-anale-flexible-locker-room-pantalon-noir-23-cm\/\",\"url\":\"https:\/\/poppersschweiz.com\/fr\/produit\/sport-fucker-douche-anale-flexible-locker-room-pantalon-noir-23-cm\/\",\"name\":\"Sport Fucker Douche anale flexible Locker Room pantalon noir 23 cm \u25b7 hier g\u00fcnstig kaufen | poppersschweiz.com\",\"isPartOf\":{\"@id\":\"https:\/\/poppersschweiz.com\/fr\/#website\"},\"primaryImageOfPage\":{\"@id\":\"https:\/\/poppersschweiz.com\/fr\/produit\/sport-fucker-douche-anale-flexible-locker-room-pantalon-noir-23-cm\/#primaryimage\"},\"image\":{\"@id\":\"https:\/\/poppersschweiz.com\/fr\/produit\/sport-fucker-douche-anale-flexible-locker-room-pantalon-noir-23-cm\/#primaryimage\"},\"thumbnailUrl\":\"https:\/\/poppersschweiz.com\/wp-content\/uploads\/2023\/11\/KlikKlak-97.png\",\"datePublished\":\"2023-11-01T13:35:40+00:00\",\"description\":\"Sport Fucker Douche anale flexible Locker Room pantalon noir 23 cm \u25b7 hier g\u00fcnstig online kaufen. Schneller Versand \u2713 Nur Original-Produkte \u2713 Jetzt kaufen & Spa\u00df haben.\",\"breadcrumb\":{\"@id\":\"https:\/\/poppersschweiz.com\/fr\/produit\/sport-fucker-douche-anale-flexible-locker-room-pantalon-noir-23-cm\/#breadcrumb\"},\"inLanguage\":\"fr-FR\",\"potentialAction\":[{\"@type\":\"ReadAction\",\"target\":[\"https:\/\/poppersschweiz.com\/fr\/produit\/sport-fucker-douche-anale-flexible-locker-room-pantalon-noir-23-cm\/\"]}]},{\"@type\":\"ImageObject\",\"inLanguage\":\"fr-FR\",\"@id\":\"https:\/\/poppersschweiz.com\/fr\/produit\/sport-fucker-douche-anale-flexible-locker-room-pantalon-noir-23-cm\/#primaryimage\",\"url\":\"https:\/\/poppersschweiz.com\/wp-content\/uploads\/2023\/11\/KlikKlak-97.png\",\"contentUrl\":\"https:\/\/poppersschweiz.com\/wp-content\/uploads\/2023\/11\/KlikKlak-97.png\",\"width\":600,\"height\":600},{\"@type\":\"BreadcrumbList\",\"@id\":\"https:\/\/poppersschweiz.com\/fr\/produit\/sport-fucker-douche-anale-flexible-locker-room-pantalon-noir-23-cm\/#breadcrumb\",\"itemListElement\":[{\"@type\":\"ListItem\",\"position\":1,\"name\":\"Page d'accueil\",\"item\":\"https:\/\/poppersschweiz.com\/fr\/\"},{\"@type\":\"ListItem\",\"position\":2,\"name\":\"Poppers, accessoires pour poppers et plus encore\",\"item\":\"https:\/\/poppersschweiz.com\/fr\/poppers-accessoires-pour-poppers-et-plus-encore\/\"},{\"@type\":\"ListItem\",\"position\":3,\"name\":\"Sport Fucker Douche anale flexible Locker Room pantalon noir 23 cm\"}]},{\"@type\":\"WebSite\",\"@id\":\"https:\/\/poppersschweiz.com\/fr\/#website\",\"url\":\"https:\/\/poppersschweiz.com\/fr\/\",\"name\":\"poppersschweiz.com\",\"description\":\"\",\"potentialAction\":[{\"@type\":\"SearchAction\",\"target\":{\"@type\":\"EntryPoint\",\"urlTemplate\":\"https:\/\/poppersschweiz.com\/fr\/?s={search_term_string}\"},\"query-input\":{\"@type\":\"PropertyValueSpecification\",\"valueRequired\":true,\"valueName\":\"search_term_string\"}}],\"inLanguage\":\"fr-FR\"}]}<\/script>\n<meta property=\"product:price:amount\" content=\"29.90\" \/>\n<meta property=\"product:price:currency\" content=\"CHF\" \/>\n<meta property=\"og:availability\" content=\"out of stock\" \/>\n<meta property=\"product:availability\" content=\"out of stock\" \/>\n<meta property=\"product:retailer_item_id\" content=\"SF-ADS25\" \/>\n<meta property=\"product:condition\" content=\"new\" \/>\n<!-- \/ Yoast SEO plugin. -->","yoast_head_json":{"title":"Sport Fucker Douche anale flexible Locker Room pantalon noir 23 cm \u25b7 hier g\u00fcnstig kaufen | poppersschweiz.com","description":"Sport Fucker Douche anale flexible Locker Room pantalon noir 23 cm \u25b7 hier g\u00fcnstig online kaufen. Schneller Versand \u2713 Nur Original-Produkte \u2713 Jetzt kaufen & Spa\u00df haben.","robots":{"index":"index","follow":"follow","max-snippet":"max-snippet:-1","max-image-preview":"max-image-preview:large","max-video-preview":"max-video-preview:-1"},"canonical":"https:\/\/poppersschweiz.com\/fr\/produit\/sport-fucker-douche-anale-flexible-locker-room-pantalon-noir-23-cm\/","og_locale":"fr_FR","og_type":"article","og_title":"Sport Fucker Douche anale flexible Locker Room pantalon noir 23 cm \u25b7 hier g\u00fcnstig kaufen | poppersschweiz.com","og_description":"Sport Fucker Douche anale flexible Locker Room pantalon noir 23 cm \u25b7 hier g\u00fcnstig online kaufen. Schneller Versand \u2713 Nur Original-Produkte \u2713 Jetzt kaufen & Spa\u00df haben.","og_url":"https:\/\/poppersschweiz.com\/fr\/produit\/sport-fucker-douche-anale-flexible-locker-room-pantalon-noir-23-cm\/","og_site_name":"poppersschweiz.com","og_image":[{"width":600,"height":600,"url":"https:\/\/poppersschweiz.com\/wp-content\/uploads\/2023\/11\/KlikKlak-97.png","type":"image\/png"}],"twitter_card":"summary_large_image","twitter_misc":{"Prix":"&#67;&#72;&#70;&nbsp;29.90","Disponibilit\u00e9":"Rupture de stock"},"schema":{"@context":"https:\/\/schema.org","@graph":[{"@type":"WebPage","@id":"https:\/\/poppersschweiz.com\/fr\/produit\/sport-fucker-douche-anale-flexible-locker-room-pantalon-noir-23-cm\/","url":"https:\/\/poppersschweiz.com\/fr\/produit\/sport-fucker-douche-anale-flexible-locker-room-pantalon-noir-23-cm\/","name":"Sport Fucker Douche anale flexible Locker Room pantalon noir 23 cm \u25b7 hier g\u00fcnstig kaufen | poppersschweiz.com","isPartOf":{"@id":"https:\/\/poppersschweiz.com\/fr\/#website"},"primaryImageOfPage":{"@id":"https:\/\/poppersschweiz.com\/fr\/produit\/sport-fucker-douche-anale-flexible-locker-room-pantalon-noir-23-cm\/#primaryimage"},"image":{"@id":"https:\/\/poppersschweiz.com\/fr\/produit\/sport-fucker-douche-anale-flexible-locker-room-pantalon-noir-23-cm\/#primaryimage"},"thumbnailUrl":"https:\/\/poppersschweiz.com\/wp-content\/uploads\/2023\/11\/KlikKlak-97.png","datePublished":"2023-11-01T13:35:40+00:00","description":"Sport Fucker Douche anale flexible Locker Room pantalon noir 23 cm \u25b7 hier g\u00fcnstig online kaufen. Schneller Versand \u2713 Nur Original-Produkte \u2713 Jetzt kaufen & Spa\u00df haben.","breadcrumb":{"@id":"https:\/\/poppersschweiz.com\/fr\/produit\/sport-fucker-douche-anale-flexible-locker-room-pantalon-noir-23-cm\/#breadcrumb"},"inLanguage":"fr-FR","potentialAction":[{"@type":"ReadAction","target":["https:\/\/poppersschweiz.com\/fr\/produit\/sport-fucker-douche-anale-flexible-locker-room-pantalon-noir-23-cm\/"]}]},{"@type":"ImageObject","inLanguage":"fr-FR","@id":"https:\/\/poppersschweiz.com\/fr\/produit\/sport-fucker-douche-anale-flexible-locker-room-pantalon-noir-23-cm\/#primaryimage","url":"https:\/\/poppersschweiz.com\/wp-content\/uploads\/2023\/11\/KlikKlak-97.png","contentUrl":"https:\/\/poppersschweiz.com\/wp-content\/uploads\/2023\/11\/KlikKlak-97.png","width":600,"height":600},{"@type":"BreadcrumbList","@id":"https:\/\/poppersschweiz.com\/fr\/produit\/sport-fucker-douche-anale-flexible-locker-room-pantalon-noir-23-cm\/#breadcrumb","itemListElement":[{"@type":"ListItem","position":1,"name":"Page d'accueil","item":"https:\/\/poppersschweiz.com\/fr\/"},{"@type":"ListItem","position":2,"name":"Poppers, accessoires pour poppers et plus encore","item":"https:\/\/poppersschweiz.com\/fr\/poppers-accessoires-pour-poppers-et-plus-encore\/"},{"@type":"ListItem","position":3,"name":"Sport Fucker Douche anale flexible Locker Room pantalon noir 23 cm"}]},{"@type":"WebSite","@id":"https:\/\/poppersschweiz.com\/fr\/#website","url":"https:\/\/poppersschweiz.com\/fr\/","name":"poppersschweiz.com","description":"","potentialAction":[{"@type":"SearchAction","target":{"@type":"EntryPoint","urlTemplate":"https:\/\/poppersschweiz.com\/fr\/?s={search_term_string}"},"query-input":{"@type":"PropertyValueSpecification","valueRequired":true,"valueName":"search_term_string"}}],"inLanguage":"fr-FR"}]},"product_price_amount":"29.90","product_price_currency":"CHF","og_availability":"out of stock","product_availability":"out of stock","product_retailer_item_id":"SF-ADS25","product_condition":"new"},"_links":{"self":[{"href":"https:\/\/poppersschweiz.com\/fr\/wp-json\/wp\/v2\/product\/19040","targetHints":{"allow":["GET"]}}],"collection":[{"href":"https:\/\/poppersschweiz.com\/fr\/wp-json\/wp\/v2\/product"}],"about":[{"href":"https:\/\/poppersschweiz.com\/fr\/wp-json\/wp\/v2\/types\/product"}],"replies":[{"embeddable":true,"href":"https:\/\/poppersschweiz.com\/fr\/wp-json\/wp\/v2\/comments?post=19040"}],"wp:featuredmedia":[{"embeddable":true,"href":"https:\/\/poppersschweiz.com\/fr\/wp-json\/wp\/v2\/media\/19041"}],"wp:attachment":[{"href":"https:\/\/poppersschweiz.com\/fr\/wp-json\/wp\/v2\/media?parent=19040"}],"wp:term":[{"taxonomy":"product_brand","embeddable":true,"href":"https:\/\/poppersschweiz.com\/fr\/wp-json\/wp\/v2\/product_brand?post=19040"},{"taxonomy":"product_cat","embeddable":true,"href":"https:\/\/poppersschweiz.com\/fr\/wp-json\/wp\/v2\/product_cat?post=19040"},{"taxonomy":"product_tag","embeddable":true,"href":"https:\/\/poppersschweiz.com\/fr\/wp-json\/wp\/v2\/product_tag?post=19040"}],"curies":[{"name":"wp","href":"https:\/\/api.w.org\/{rel}","templated":true}]}}