{"id":19065,"date":"2023-11-06T16:17:17","date_gmt":"2023-11-06T15:17:17","guid":{"rendered":"https:\/\/poppersschweiz.com\/product\/kinky-monster-ball-strecher-rond-en-acier-inoxydable-diametre-18mm\/"},"modified":"2023-11-06T16:17:17","modified_gmt":"2023-11-06T15:17:17","slug":"kinky-monster-ball-strecher-rond-en-acier-inoxydable-diametre-18mm","status":"publish","type":"product","link":"https:\/\/poppersschweiz.com\/fr\/produit\/kinky-monster-ball-strecher-rond-en-acier-inoxydable-diametre-18mm\/","title":{"rendered":"Kinky Monster Ball strecher rond en acier inoxydable &#8211; diam\u00e8tre 18mm"},"content":{"rendered":"<p><span style=\"font-weight: 400;\">L&rsquo;extenseur de testicules Kinky Monster en acier inoxydable poli est particuli\u00e8rement confortable \u00e0 porter gr\u00e2ce \u00e0 sa forme ronde. La surface lisse et arrondie assure un confort particuli\u00e8rement agr\u00e9able et durable. Le ballstretcher est en deux parties et se fixe \u00e0 l&rsquo;aide d&rsquo;une vis \u00e0 six pans creux. Nous fournissons \u00e9galement la cl\u00e9 Allen correspondante. Avec 290g, l&rsquo;anneau est assez lourd et convient \u00e0 l&rsquo;entra\u00eenement au poids. Bien s\u00fbr, tu peux aussi fixer deux anneaux extenseurs de testicules sur ton scrotum ou celui de ton partenaire. En cas de douleur, tu dois imm\u00e9diatement retirer le ball stretcher. Pour cela, tu dois garder la cl\u00e9 Allen \u00e0 port\u00e9e de main. L&rsquo;acier inoxydable assure une longue dur\u00e9e de vie et un nettoyage tr\u00e8s facile et hygi\u00e9nique. Le strecher rond Kinky Monster Ball en acier inoxydable est disponible en quatre diam\u00e8tres int\u00e9rieurs diff\u00e9rents<strong>(40mm = S, 45mm = M, 50mm = L, 55mm = XL<\/strong>). Le poids est de 290g et le diam\u00e8tre de l&rsquo;anneau est de 18mm.<\/span><\/p>\n","protected":false},"excerpt":{"rendered":"<p>L&rsquo;extenseur de testicules Kinky Monster en acier inoxydable poli est particuli\u00e8rement confortable \u00e0 porter gr\u00e2ce \u00e0 sa forme ronde. La<\/p>\n","protected":false},"featured_media":19067,"comment_status":"open","ping_status":"closed","template":"","meta":{"_acf_changed":false,"_glsr_average":0,"_glsr_ranking":0,"_glsr_reviews":0},"product_brand":[],"product_cat":[544,553],"product_tag":[],"class_list":{"0":"post-19065","1":"product","2":"type-product","3":"status-publish","4":"has-post-thumbnail","6":"product_cat-jouets","7":"product_cat-jouets-a-balles","9":"first","10":"instock","11":"taxable","12":"shipping-taxable","13":"purchasable","14":"product-type-variable","15":"has-default-attributes"},"bundled_by":[],"bundle_stock_status":"instock","bundle_stock_quantity":null,"bundle_virtual":false,"bundle_layout":"","bundle_add_to_cart_form_location":"","bundle_editable_in_cart":false,"bundle_sold_individually_context":"","bundle_item_grouping":"","bundle_min_size":"","bundle_max_size":"","bundled_items":[],"bundle_sell_ids":[],"acf":[],"yoast_head":"<!-- This site is optimized with the Yoast SEO plugin v27.2 - https:\/\/yoast.com\/product\/yoast-seo-wordpress\/ -->\n<title>Kinky Monster Ball strecher rond en acier inoxydable - diam\u00e8tre 18mm \u25b7 hier g\u00fcnstig kaufen | poppersschweiz.com<\/title>\n<meta name=\"description\" content=\"Kinky Monster Ball strecher rond en acier inoxydable - diam\u00e8tre 18mm \u25b7 hier g\u00fcnstig online kaufen. Schneller Versand \u2713 Nur Original-Produkte \u2713 Jetzt kaufen &amp; Spa\u00df haben.\" \/>\n<meta name=\"robots\" content=\"index, follow, max-snippet:-1, max-image-preview:large, max-video-preview:-1\" \/>\n<link rel=\"canonical\" href=\"https:\/\/poppersschweiz.com\/fr\/produit\/kinky-monster-ball-strecher-rond-en-acier-inoxydable-diametre-18mm\/\" \/>\n<meta property=\"og:locale\" content=\"fr_FR\" \/>\n<meta property=\"og:type\" content=\"article\" \/>\n<meta property=\"og:title\" content=\"Kinky Monster Ball strecher rond en acier inoxydable - diam\u00e8tre 18mm \u25b7 hier g\u00fcnstig kaufen | poppersschweiz.com\" \/>\n<meta property=\"og:description\" content=\"Kinky Monster Ball strecher rond en acier inoxydable - diam\u00e8tre 18mm \u25b7 hier g\u00fcnstig online kaufen. Schneller Versand \u2713 Nur Original-Produkte \u2713 Jetzt kaufen &amp; Spa\u00df haben.\" \/>\n<meta property=\"og:url\" content=\"https:\/\/poppersschweiz.com\/fr\/produit\/kinky-monster-ball-strecher-rond-en-acier-inoxydable-diametre-18mm\/\" \/>\n<meta property=\"og:site_name\" content=\"poppersschweiz.com\" \/>\n<meta property=\"og:image\" content=\"https:\/\/poppersschweiz.com\/wp-content\/uploads\/2023\/11\/KlikKlak-10.png\" \/>\n\t<meta property=\"og:image:width\" content=\"600\" \/>\n\t<meta property=\"og:image:height\" content=\"600\" \/>\n\t<meta property=\"og:image:type\" content=\"image\/png\" \/>\n<meta name=\"twitter:card\" content=\"summary_large_image\" \/>\n<meta name=\"twitter:label1\" content=\"Disponibilit\u00e9\" \/>\n\t<meta name=\"twitter:data1\" content=\"En stock\" \/>\n<script type=\"application\/ld+json\" class=\"yoast-schema-graph\">{\"@context\":\"https:\/\/schema.org\",\"@graph\":[{\"@type\":\"WebPage\",\"@id\":\"https:\/\/poppersschweiz.com\/fr\/produit\/kinky-monster-ball-strecher-rond-en-acier-inoxydable-diametre-18mm\/\",\"url\":\"https:\/\/poppersschweiz.com\/fr\/produit\/kinky-monster-ball-strecher-rond-en-acier-inoxydable-diametre-18mm\/\",\"name\":\"Kinky Monster Ball strecher rond en acier inoxydable - diam\u00e8tre 18mm \u25b7 hier g\u00fcnstig kaufen | poppersschweiz.com\",\"isPartOf\":{\"@id\":\"https:\/\/poppersschweiz.com\/fr\/#website\"},\"primaryImageOfPage\":{\"@id\":\"https:\/\/poppersschweiz.com\/fr\/produit\/kinky-monster-ball-strecher-rond-en-acier-inoxydable-diametre-18mm\/#primaryimage\"},\"image\":{\"@id\":\"https:\/\/poppersschweiz.com\/fr\/produit\/kinky-monster-ball-strecher-rond-en-acier-inoxydable-diametre-18mm\/#primaryimage\"},\"thumbnailUrl\":\"https:\/\/poppersschweiz.com\/wp-content\/uploads\/2023\/11\/KlikKlak-10.png\",\"datePublished\":\"2023-11-06T15:17:17+00:00\",\"description\":\"Kinky Monster Ball strecher rond en acier inoxydable - diam\u00e8tre 18mm \u25b7 hier g\u00fcnstig online kaufen. Schneller Versand \u2713 Nur Original-Produkte \u2713 Jetzt kaufen & Spa\u00df haben.\",\"breadcrumb\":{\"@id\":\"https:\/\/poppersschweiz.com\/fr\/produit\/kinky-monster-ball-strecher-rond-en-acier-inoxydable-diametre-18mm\/#breadcrumb\"},\"inLanguage\":\"fr-FR\",\"potentialAction\":[{\"@type\":\"ReadAction\",\"target\":[\"https:\/\/poppersschweiz.com\/fr\/produit\/kinky-monster-ball-strecher-rond-en-acier-inoxydable-diametre-18mm\/\"]}]},{\"@type\":\"ImageObject\",\"inLanguage\":\"fr-FR\",\"@id\":\"https:\/\/poppersschweiz.com\/fr\/produit\/kinky-monster-ball-strecher-rond-en-acier-inoxydable-diametre-18mm\/#primaryimage\",\"url\":\"https:\/\/poppersschweiz.com\/wp-content\/uploads\/2023\/11\/KlikKlak-10.png\",\"contentUrl\":\"https:\/\/poppersschweiz.com\/wp-content\/uploads\/2023\/11\/KlikKlak-10.png\",\"width\":600,\"height\":600},{\"@type\":\"BreadcrumbList\",\"@id\":\"https:\/\/poppersschweiz.com\/fr\/produit\/kinky-monster-ball-strecher-rond-en-acier-inoxydable-diametre-18mm\/#breadcrumb\",\"itemListElement\":[{\"@type\":\"ListItem\",\"position\":1,\"name\":\"Page d'accueil\",\"item\":\"https:\/\/poppersschweiz.com\/fr\/\"},{\"@type\":\"ListItem\",\"position\":2,\"name\":\"Poppers, accessoires pour poppers et plus encore\",\"item\":\"https:\/\/poppersschweiz.com\/fr\/poppers-accessoires-pour-poppers-et-plus-encore\/\"},{\"@type\":\"ListItem\",\"position\":3,\"name\":\"Kinky Monster Ball strecher rond en acier inoxydable &#8211; diam\u00e8tre 18mm\"}]},{\"@type\":\"WebSite\",\"@id\":\"https:\/\/poppersschweiz.com\/fr\/#website\",\"url\":\"https:\/\/poppersschweiz.com\/fr\/\",\"name\":\"poppersschweiz.com\",\"description\":\"\",\"potentialAction\":[{\"@type\":\"SearchAction\",\"target\":{\"@type\":\"EntryPoint\",\"urlTemplate\":\"https:\/\/poppersschweiz.com\/fr\/?s={search_term_string}\"},\"query-input\":{\"@type\":\"PropertyValueSpecification\",\"valueRequired\":true,\"valueName\":\"search_term_string\"}}],\"inLanguage\":\"fr-FR\"}]}<\/script>\n<meta property=\"og:availability\" content=\"instock\" \/>\n<meta property=\"product:availability\" content=\"instock\" \/>\n<meta property=\"product:condition\" content=\"new\" \/>\n<!-- \/ Yoast SEO plugin. -->","yoast_head_json":{"title":"Kinky Monster Ball strecher rond en acier inoxydable - diam\u00e8tre 18mm \u25b7 hier g\u00fcnstig kaufen | poppersschweiz.com","description":"Kinky Monster Ball strecher rond en acier inoxydable - diam\u00e8tre 18mm \u25b7 hier g\u00fcnstig online kaufen. Schneller Versand \u2713 Nur Original-Produkte \u2713 Jetzt kaufen & Spa\u00df haben.","robots":{"index":"index","follow":"follow","max-snippet":"max-snippet:-1","max-image-preview":"max-image-preview:large","max-video-preview":"max-video-preview:-1"},"canonical":"https:\/\/poppersschweiz.com\/fr\/produit\/kinky-monster-ball-strecher-rond-en-acier-inoxydable-diametre-18mm\/","og_locale":"fr_FR","og_type":"article","og_title":"Kinky Monster Ball strecher rond en acier inoxydable - diam\u00e8tre 18mm \u25b7 hier g\u00fcnstig kaufen | poppersschweiz.com","og_description":"Kinky Monster Ball strecher rond en acier inoxydable - diam\u00e8tre 18mm \u25b7 hier g\u00fcnstig online kaufen. Schneller Versand \u2713 Nur Original-Produkte \u2713 Jetzt kaufen & Spa\u00df haben.","og_url":"https:\/\/poppersschweiz.com\/fr\/produit\/kinky-monster-ball-strecher-rond-en-acier-inoxydable-diametre-18mm\/","og_site_name":"poppersschweiz.com","og_image":[{"width":600,"height":600,"url":"https:\/\/poppersschweiz.com\/wp-content\/uploads\/2023\/11\/KlikKlak-10.png","type":"image\/png"}],"twitter_card":"summary_large_image","twitter_misc":{"Disponibilit\u00e9":"En stock"},"schema":{"@context":"https:\/\/schema.org","@graph":[{"@type":"WebPage","@id":"https:\/\/poppersschweiz.com\/fr\/produit\/kinky-monster-ball-strecher-rond-en-acier-inoxydable-diametre-18mm\/","url":"https:\/\/poppersschweiz.com\/fr\/produit\/kinky-monster-ball-strecher-rond-en-acier-inoxydable-diametre-18mm\/","name":"Kinky Monster Ball strecher rond en acier inoxydable - diam\u00e8tre 18mm \u25b7 hier g\u00fcnstig kaufen | poppersschweiz.com","isPartOf":{"@id":"https:\/\/poppersschweiz.com\/fr\/#website"},"primaryImageOfPage":{"@id":"https:\/\/poppersschweiz.com\/fr\/produit\/kinky-monster-ball-strecher-rond-en-acier-inoxydable-diametre-18mm\/#primaryimage"},"image":{"@id":"https:\/\/poppersschweiz.com\/fr\/produit\/kinky-monster-ball-strecher-rond-en-acier-inoxydable-diametre-18mm\/#primaryimage"},"thumbnailUrl":"https:\/\/poppersschweiz.com\/wp-content\/uploads\/2023\/11\/KlikKlak-10.png","datePublished":"2023-11-06T15:17:17+00:00","description":"Kinky Monster Ball strecher rond en acier inoxydable - diam\u00e8tre 18mm \u25b7 hier g\u00fcnstig online kaufen. Schneller Versand \u2713 Nur Original-Produkte \u2713 Jetzt kaufen & Spa\u00df haben.","breadcrumb":{"@id":"https:\/\/poppersschweiz.com\/fr\/produit\/kinky-monster-ball-strecher-rond-en-acier-inoxydable-diametre-18mm\/#breadcrumb"},"inLanguage":"fr-FR","potentialAction":[{"@type":"ReadAction","target":["https:\/\/poppersschweiz.com\/fr\/produit\/kinky-monster-ball-strecher-rond-en-acier-inoxydable-diametre-18mm\/"]}]},{"@type":"ImageObject","inLanguage":"fr-FR","@id":"https:\/\/poppersschweiz.com\/fr\/produit\/kinky-monster-ball-strecher-rond-en-acier-inoxydable-diametre-18mm\/#primaryimage","url":"https:\/\/poppersschweiz.com\/wp-content\/uploads\/2023\/11\/KlikKlak-10.png","contentUrl":"https:\/\/poppersschweiz.com\/wp-content\/uploads\/2023\/11\/KlikKlak-10.png","width":600,"height":600},{"@type":"BreadcrumbList","@id":"https:\/\/poppersschweiz.com\/fr\/produit\/kinky-monster-ball-strecher-rond-en-acier-inoxydable-diametre-18mm\/#breadcrumb","itemListElement":[{"@type":"ListItem","position":1,"name":"Page d'accueil","item":"https:\/\/poppersschweiz.com\/fr\/"},{"@type":"ListItem","position":2,"name":"Poppers, accessoires pour poppers et plus encore","item":"https:\/\/poppersschweiz.com\/fr\/poppers-accessoires-pour-poppers-et-plus-encore\/"},{"@type":"ListItem","position":3,"name":"Kinky Monster Ball strecher rond en acier inoxydable &#8211; diam\u00e8tre 18mm"}]},{"@type":"WebSite","@id":"https:\/\/poppersschweiz.com\/fr\/#website","url":"https:\/\/poppersschweiz.com\/fr\/","name":"poppersschweiz.com","description":"","potentialAction":[{"@type":"SearchAction","target":{"@type":"EntryPoint","urlTemplate":"https:\/\/poppersschweiz.com\/fr\/?s={search_term_string}"},"query-input":{"@type":"PropertyValueSpecification","valueRequired":true,"valueName":"search_term_string"}}],"inLanguage":"fr-FR"}]},"og_availability":"instock","product_availability":"instock","product_condition":"new"},"_links":{"self":[{"href":"https:\/\/poppersschweiz.com\/fr\/wp-json\/wp\/v2\/product\/19065","targetHints":{"allow":["GET"]}}],"collection":[{"href":"https:\/\/poppersschweiz.com\/fr\/wp-json\/wp\/v2\/product"}],"about":[{"href":"https:\/\/poppersschweiz.com\/fr\/wp-json\/wp\/v2\/types\/product"}],"replies":[{"embeddable":true,"href":"https:\/\/poppersschweiz.com\/fr\/wp-json\/wp\/v2\/comments?post=19065"}],"wp:featuredmedia":[{"embeddable":true,"href":"https:\/\/poppersschweiz.com\/fr\/wp-json\/wp\/v2\/media\/19067"}],"wp:attachment":[{"href":"https:\/\/poppersschweiz.com\/fr\/wp-json\/wp\/v2\/media?parent=19065"}],"wp:term":[{"taxonomy":"product_brand","embeddable":true,"href":"https:\/\/poppersschweiz.com\/fr\/wp-json\/wp\/v2\/product_brand?post=19065"},{"taxonomy":"product_cat","embeddable":true,"href":"https:\/\/poppersschweiz.com\/fr\/wp-json\/wp\/v2\/product_cat?post=19065"},{"taxonomy":"product_tag","embeddable":true,"href":"https:\/\/poppersschweiz.com\/fr\/wp-json\/wp\/v2\/product_tag?post=19065"}],"curies":[{"name":"wp","href":"https:\/\/api.w.org\/{rel}","templated":true}]}}