{"id":19273,"date":"2024-03-26T12:20:00","date_gmt":"2024-03-26T11:20:00","guid":{"rendered":"https:\/\/poppersschweiz.com\/product\/mister-b-fist-lube-creme-lubrifiante-flacon-pompe-200-ml\/"},"modified":"2024-03-26T12:20:00","modified_gmt":"2024-03-26T11:20:00","slug":"mister-b-fist-lube-creme-lubrifiante-flacon-pompe-200-ml","status":"publish","type":"product","link":"https:\/\/poppersschweiz.com\/fr\/produit\/mister-b-fist-lube-creme-lubrifiante-flacon-pompe-200-ml\/","title":{"rendered":"Mister B FIST Lube cr\u00e8me lubrifiante flacon pompe 200 ml"},"content":{"rendered":"<p>Mister B FIST Lube cr\u00e8me lubrifiante flacon pompe 200 ml est un lubrifiant hybride qui convient parfaitement aux sessions prolong\u00e9es et aux jouets plus grands. Il est sans danger pour les pr\u00e9servatifs, soyeux, non collant, longue dur\u00e9e, non toxique, sans go\u00fbt, sans parfum, hypoallerg\u00e9nique et sans huile ni graisse. Il n&rsquo;a pas \u00e9t\u00e9 test\u00e9 sur les animaux et ne contient pas de produits d&rsquo;origine animale.<\/p>\n<p><strong>Ingr\u00e9dients :<\/strong> Aqua (eau), glyc\u00e9rine, propyl\u00e8ne glycol, sodium acrylates \/ acryloyldimethyl taurate, dim\u00e9thiconol, isohexadecane, polsysorbate 80, hydroxy\u00e9thylcellulose, ph\u00e9noxy\u00e9thanol, \u00e9thylhexylglyc\u00e9rine<\/p>\n","protected":false},"excerpt":{"rendered":"<p>Mister B FIST Lube cr\u00e8me lubrifiante flacon pompe 200 ml est un lubrifiant hybride qui convient parfaitement aux sessions prolong\u00e9es<\/p>\n","protected":false},"featured_media":19274,"comment_status":"open","ping_status":"closed","template":"","meta":{"_acf_changed":false,"_glsr_average":0,"_glsr_ranking":0,"_glsr_reviews":0},"product_brand":[],"product_cat":[548,569],"product_tag":[],"class_list":{"0":"post-19273","1":"product","2":"type-product","3":"status-publish","4":"has-post-thumbnail","6":"product_cat-droguerie","7":"product_cat-lubrifiant","9":"first","10":"instock","11":"taxable","12":"shipping-taxable","13":"purchasable","14":"product-type-simple"},"bundled_by":[],"bundle_stock_status":"instock","bundle_stock_quantity":null,"bundle_virtual":false,"bundle_layout":"","bundle_add_to_cart_form_location":"","bundle_editable_in_cart":false,"bundle_sold_individually_context":"","bundle_item_grouping":"","bundle_min_size":"","bundle_max_size":"","bundled_items":[],"bundle_sell_ids":[],"acf":[],"yoast_head":"<!-- This site is optimized with the Yoast SEO plugin v27.2 - https:\/\/yoast.com\/product\/yoast-seo-wordpress\/ -->\n<title>Mister B FIST Lube cr\u00e8me lubrifiante flacon pompe 200 ml \u25b7 hier g\u00fcnstig kaufen | poppersschweiz.com<\/title>\n<meta name=\"description\" content=\"Mister B FIST Lube cr\u00e8me lubrifiante flacon pompe 200 ml \u25b7 hier g\u00fcnstig online kaufen. Schneller Versand \u2713 Nur Original-Produkte \u2713 Jetzt kaufen &amp; Spa\u00df haben.\" \/>\n<meta name=\"robots\" content=\"index, follow, max-snippet:-1, max-image-preview:large, max-video-preview:-1\" \/>\n<link rel=\"canonical\" href=\"https:\/\/poppersschweiz.com\/fr\/produit\/mister-b-fist-lube-creme-lubrifiante-flacon-pompe-200-ml\/\" \/>\n<meta property=\"og:locale\" content=\"fr_FR\" \/>\n<meta property=\"og:type\" content=\"article\" \/>\n<meta property=\"og:title\" content=\"Mister B FIST Lube cr\u00e8me lubrifiante flacon pompe 200 ml \u25b7 hier g\u00fcnstig kaufen | poppersschweiz.com\" \/>\n<meta property=\"og:description\" content=\"Mister B FIST Lube cr\u00e8me lubrifiante flacon pompe 200 ml \u25b7 hier g\u00fcnstig online kaufen. Schneller Versand \u2713 Nur Original-Produkte \u2713 Jetzt kaufen &amp; Spa\u00df haben.\" \/>\n<meta property=\"og:url\" content=\"https:\/\/poppersschweiz.com\/fr\/produit\/mister-b-fist-lube-creme-lubrifiante-flacon-pompe-200-ml\/\" \/>\n<meta property=\"og:site_name\" content=\"poppersschweiz.com\" \/>\n<meta property=\"og:image\" content=\"https:\/\/poppersschweiz.com\/wp-content\/uploads\/2024\/03\/mb1.png\" \/>\n\t<meta property=\"og:image:width\" content=\"600\" \/>\n\t<meta property=\"og:image:height\" content=\"600\" \/>\n\t<meta property=\"og:image:type\" content=\"image\/png\" \/>\n<meta name=\"twitter:card\" content=\"summary_large_image\" \/>\n<meta name=\"twitter:label1\" content=\"Prix\" \/>\n\t<meta name=\"twitter:data1\" content=\"&#067;&#072;&#070;&nbsp;21.90\" \/>\n\t<meta name=\"twitter:label2\" content=\"Disponibilit\u00e9\" \/>\n\t<meta name=\"twitter:data2\" content=\"En stock\" \/>\n<script type=\"application\/ld+json\" class=\"yoast-schema-graph\">{\"@context\":\"https:\/\/schema.org\",\"@graph\":[{\"@type\":\"WebPage\",\"@id\":\"https:\/\/poppersschweiz.com\/fr\/produit\/mister-b-fist-lube-creme-lubrifiante-flacon-pompe-200-ml\/\",\"url\":\"https:\/\/poppersschweiz.com\/fr\/produit\/mister-b-fist-lube-creme-lubrifiante-flacon-pompe-200-ml\/\",\"name\":\"Mister B FIST Lube cr\u00e8me lubrifiante flacon pompe 200 ml \u25b7 hier g\u00fcnstig kaufen | poppersschweiz.com\",\"isPartOf\":{\"@id\":\"https:\/\/poppersschweiz.com\/fr\/#website\"},\"primaryImageOfPage\":{\"@id\":\"https:\/\/poppersschweiz.com\/fr\/produit\/mister-b-fist-lube-creme-lubrifiante-flacon-pompe-200-ml\/#primaryimage\"},\"image\":{\"@id\":\"https:\/\/poppersschweiz.com\/fr\/produit\/mister-b-fist-lube-creme-lubrifiante-flacon-pompe-200-ml\/#primaryimage\"},\"thumbnailUrl\":\"https:\/\/poppersschweiz.com\/wp-content\/uploads\/2024\/03\/mb1.png\",\"datePublished\":\"2024-03-26T11:20:00+00:00\",\"description\":\"Mister B FIST Lube cr\u00e8me lubrifiante flacon pompe 200 ml \u25b7 hier g\u00fcnstig online kaufen. Schneller Versand \u2713 Nur Original-Produkte \u2713 Jetzt kaufen & Spa\u00df haben.\",\"breadcrumb\":{\"@id\":\"https:\/\/poppersschweiz.com\/fr\/produit\/mister-b-fist-lube-creme-lubrifiante-flacon-pompe-200-ml\/#breadcrumb\"},\"inLanguage\":\"fr-FR\",\"potentialAction\":[{\"@type\":\"ReadAction\",\"target\":[\"https:\/\/poppersschweiz.com\/fr\/produit\/mister-b-fist-lube-creme-lubrifiante-flacon-pompe-200-ml\/\"]}]},{\"@type\":\"ImageObject\",\"inLanguage\":\"fr-FR\",\"@id\":\"https:\/\/poppersschweiz.com\/fr\/produit\/mister-b-fist-lube-creme-lubrifiante-flacon-pompe-200-ml\/#primaryimage\",\"url\":\"https:\/\/poppersschweiz.com\/wp-content\/uploads\/2024\/03\/mb1.png\",\"contentUrl\":\"https:\/\/poppersschweiz.com\/wp-content\/uploads\/2024\/03\/mb1.png\",\"width\":600,\"height\":600,\"caption\":\"Mister B FIST Lube Gleitcreme Pumpflasche 200 ml\"},{\"@type\":\"BreadcrumbList\",\"@id\":\"https:\/\/poppersschweiz.com\/fr\/produit\/mister-b-fist-lube-creme-lubrifiante-flacon-pompe-200-ml\/#breadcrumb\",\"itemListElement\":[{\"@type\":\"ListItem\",\"position\":1,\"name\":\"Page d'accueil\",\"item\":\"https:\/\/poppersschweiz.com\/fr\/\"},{\"@type\":\"ListItem\",\"position\":2,\"name\":\"Poppers, accessoires pour poppers et plus encore\",\"item\":\"https:\/\/poppersschweiz.com\/fr\/poppers-accessoires-pour-poppers-et-plus-encore\/\"},{\"@type\":\"ListItem\",\"position\":3,\"name\":\"Mister B FIST Lube cr\u00e8me lubrifiante flacon pompe 200 ml\"}]},{\"@type\":\"WebSite\",\"@id\":\"https:\/\/poppersschweiz.com\/fr\/#website\",\"url\":\"https:\/\/poppersschweiz.com\/fr\/\",\"name\":\"poppersschweiz.com\",\"description\":\"\",\"potentialAction\":[{\"@type\":\"SearchAction\",\"target\":{\"@type\":\"EntryPoint\",\"urlTemplate\":\"https:\/\/poppersschweiz.com\/fr\/?s={search_term_string}\"},\"query-input\":{\"@type\":\"PropertyValueSpecification\",\"valueRequired\":true,\"valueName\":\"search_term_string\"}}],\"inLanguage\":\"fr-FR\"}]}<\/script>\n<meta property=\"product:price:amount\" content=\"21.90\" \/>\n<meta property=\"product:price:currency\" content=\"CHF\" \/>\n<meta property=\"og:availability\" content=\"instock\" \/>\n<meta property=\"product:availability\" content=\"instock\" \/>\n<meta property=\"product:retailer_item_id\" content=\"MB-CL200\" \/>\n<meta property=\"product:condition\" content=\"new\" \/>\n<!-- \/ Yoast SEO plugin. -->","yoast_head_json":{"title":"Mister B FIST Lube cr\u00e8me lubrifiante flacon pompe 200 ml \u25b7 hier g\u00fcnstig kaufen | poppersschweiz.com","description":"Mister B FIST Lube cr\u00e8me lubrifiante flacon pompe 200 ml \u25b7 hier g\u00fcnstig online kaufen. Schneller Versand \u2713 Nur Original-Produkte \u2713 Jetzt kaufen & Spa\u00df haben.","robots":{"index":"index","follow":"follow","max-snippet":"max-snippet:-1","max-image-preview":"max-image-preview:large","max-video-preview":"max-video-preview:-1"},"canonical":"https:\/\/poppersschweiz.com\/fr\/produit\/mister-b-fist-lube-creme-lubrifiante-flacon-pompe-200-ml\/","og_locale":"fr_FR","og_type":"article","og_title":"Mister B FIST Lube cr\u00e8me lubrifiante flacon pompe 200 ml \u25b7 hier g\u00fcnstig kaufen | poppersschweiz.com","og_description":"Mister B FIST Lube cr\u00e8me lubrifiante flacon pompe 200 ml \u25b7 hier g\u00fcnstig online kaufen. Schneller Versand \u2713 Nur Original-Produkte \u2713 Jetzt kaufen & Spa\u00df haben.","og_url":"https:\/\/poppersschweiz.com\/fr\/produit\/mister-b-fist-lube-creme-lubrifiante-flacon-pompe-200-ml\/","og_site_name":"poppersschweiz.com","og_image":[{"width":600,"height":600,"url":"https:\/\/poppersschweiz.com\/wp-content\/uploads\/2024\/03\/mb1.png","type":"image\/png"}],"twitter_card":"summary_large_image","twitter_misc":{"Prix":"&#67;&#72;&#70;&nbsp;21.90","Disponibilit\u00e9":"En stock"},"schema":{"@context":"https:\/\/schema.org","@graph":[{"@type":"WebPage","@id":"https:\/\/poppersschweiz.com\/fr\/produit\/mister-b-fist-lube-creme-lubrifiante-flacon-pompe-200-ml\/","url":"https:\/\/poppersschweiz.com\/fr\/produit\/mister-b-fist-lube-creme-lubrifiante-flacon-pompe-200-ml\/","name":"Mister B FIST Lube cr\u00e8me lubrifiante flacon pompe 200 ml \u25b7 hier g\u00fcnstig kaufen | poppersschweiz.com","isPartOf":{"@id":"https:\/\/poppersschweiz.com\/fr\/#website"},"primaryImageOfPage":{"@id":"https:\/\/poppersschweiz.com\/fr\/produit\/mister-b-fist-lube-creme-lubrifiante-flacon-pompe-200-ml\/#primaryimage"},"image":{"@id":"https:\/\/poppersschweiz.com\/fr\/produit\/mister-b-fist-lube-creme-lubrifiante-flacon-pompe-200-ml\/#primaryimage"},"thumbnailUrl":"https:\/\/poppersschweiz.com\/wp-content\/uploads\/2024\/03\/mb1.png","datePublished":"2024-03-26T11:20:00+00:00","description":"Mister B FIST Lube cr\u00e8me lubrifiante flacon pompe 200 ml \u25b7 hier g\u00fcnstig online kaufen. Schneller Versand \u2713 Nur Original-Produkte \u2713 Jetzt kaufen & Spa\u00df haben.","breadcrumb":{"@id":"https:\/\/poppersschweiz.com\/fr\/produit\/mister-b-fist-lube-creme-lubrifiante-flacon-pompe-200-ml\/#breadcrumb"},"inLanguage":"fr-FR","potentialAction":[{"@type":"ReadAction","target":["https:\/\/poppersschweiz.com\/fr\/produit\/mister-b-fist-lube-creme-lubrifiante-flacon-pompe-200-ml\/"]}]},{"@type":"ImageObject","inLanguage":"fr-FR","@id":"https:\/\/poppersschweiz.com\/fr\/produit\/mister-b-fist-lube-creme-lubrifiante-flacon-pompe-200-ml\/#primaryimage","url":"https:\/\/poppersschweiz.com\/wp-content\/uploads\/2024\/03\/mb1.png","contentUrl":"https:\/\/poppersschweiz.com\/wp-content\/uploads\/2024\/03\/mb1.png","width":600,"height":600,"caption":"Mister B FIST Lube Gleitcreme Pumpflasche 200 ml"},{"@type":"BreadcrumbList","@id":"https:\/\/poppersschweiz.com\/fr\/produit\/mister-b-fist-lube-creme-lubrifiante-flacon-pompe-200-ml\/#breadcrumb","itemListElement":[{"@type":"ListItem","position":1,"name":"Page d'accueil","item":"https:\/\/poppersschweiz.com\/fr\/"},{"@type":"ListItem","position":2,"name":"Poppers, accessoires pour poppers et plus encore","item":"https:\/\/poppersschweiz.com\/fr\/poppers-accessoires-pour-poppers-et-plus-encore\/"},{"@type":"ListItem","position":3,"name":"Mister B FIST Lube cr\u00e8me lubrifiante flacon pompe 200 ml"}]},{"@type":"WebSite","@id":"https:\/\/poppersschweiz.com\/fr\/#website","url":"https:\/\/poppersschweiz.com\/fr\/","name":"poppersschweiz.com","description":"","potentialAction":[{"@type":"SearchAction","target":{"@type":"EntryPoint","urlTemplate":"https:\/\/poppersschweiz.com\/fr\/?s={search_term_string}"},"query-input":{"@type":"PropertyValueSpecification","valueRequired":true,"valueName":"search_term_string"}}],"inLanguage":"fr-FR"}]},"product_price_amount":"21.90","product_price_currency":"CHF","og_availability":"instock","product_availability":"instock","product_retailer_item_id":"MB-CL200","product_condition":"new"},"_links":{"self":[{"href":"https:\/\/poppersschweiz.com\/fr\/wp-json\/wp\/v2\/product\/19273","targetHints":{"allow":["GET"]}}],"collection":[{"href":"https:\/\/poppersschweiz.com\/fr\/wp-json\/wp\/v2\/product"}],"about":[{"href":"https:\/\/poppersschweiz.com\/fr\/wp-json\/wp\/v2\/types\/product"}],"replies":[{"embeddable":true,"href":"https:\/\/poppersschweiz.com\/fr\/wp-json\/wp\/v2\/comments?post=19273"}],"wp:featuredmedia":[{"embeddable":true,"href":"https:\/\/poppersschweiz.com\/fr\/wp-json\/wp\/v2\/media\/19274"}],"wp:attachment":[{"href":"https:\/\/poppersschweiz.com\/fr\/wp-json\/wp\/v2\/media?parent=19273"}],"wp:term":[{"taxonomy":"product_brand","embeddable":true,"href":"https:\/\/poppersschweiz.com\/fr\/wp-json\/wp\/v2\/product_brand?post=19273"},{"taxonomy":"product_cat","embeddable":true,"href":"https:\/\/poppersschweiz.com\/fr\/wp-json\/wp\/v2\/product_cat?post=19273"},{"taxonomy":"product_tag","embeddable":true,"href":"https:\/\/poppersschweiz.com\/fr\/wp-json\/wp\/v2\/product_tag?post=19273"}],"curies":[{"name":"wp","href":"https:\/\/api.w.org\/{rel}","templated":true}]}}