{"id":19305,"date":"2024-03-26T13:34:17","date_gmt":"2024-03-26T12:34:17","guid":{"rendered":"https:\/\/poppersschweiz.com\/product\/pdx-masturbateur-slide-glide-self-lube\/"},"modified":"2024-03-26T13:34:17","modified_gmt":"2024-03-26T12:34:17","slug":"pdx-masturbateur-slide-glide-self-lube","status":"publish","type":"product","link":"https:\/\/poppersschweiz.com\/fr\/produit\/pdx-masturbateur-slide-glide-self-lube\/","title":{"rendered":"PDX &#8211; Masturbateur Slide &amp; Glide Self-Lube"},"content":{"rendered":"<p>Pas de lubrifiant sous la main ? Pas de probl\u00e8me ! Le masturbateur Slide &amp; Glide Self-Lube est la solution \u00e0 vos besoins.<\/p>\n<p>Ce stroker transparent est dot\u00e9 de la technologie r\u00e9volutionnaire Self-Lubricating, qui rend les lubrifiants traditionnels superflus. Il suffit de faire couler une petite quantit\u00e9 d&rsquo;eau dans le tunnel et tu profites d\u00e9j\u00e0 de la glisse souple de ton jouet. Tu peux te d\u00e9tendre sans effort, partout et \u00e0 tout moment. Le tunnel int\u00e9rieur rainur\u00e9 se transforme, gr\u00e2ce \u00e0 l&rsquo;eau, en une grotte de plaisir glissante qui accueille ton p\u00e9nis en profondeur. Les rainures int\u00e9rieures le massent intens\u00e9ment, et en comprimant l\u00e9g\u00e8rement le masturbateur, tu peux rendre ton exp\u00e9rience encore plus \u00e9troite et excitante, jusqu&rsquo;\u00e0 ce que tu exploses dans un orgasme intense !<\/p>\n<p>Ce jouet est compatible avec les lubrifiants \u00e0 base d&rsquo;eau et se nettoie facilement. Utilise simplement de l&rsquo;eau chaude ou un nettoyant sp\u00e9cial pour sextoys, puis laisse-le s\u00e9cher compl\u00e8tement \u00e0 l&rsquo;air libre.<\/p>\n<p>D\u00e9tails du produit :<\/p>\n<ul>\n<li>Design classique et attrayant<\/li>\n<li>Autolubrifiant gr\u00e2ce \u00e0 une technologie innovante<\/li>\n<li>Un peu d&rsquo;eau suffit pour la fonction de glissement<\/li>\n<li>Int\u00e9rieur avec rainures stimulantes<\/li>\n<li>Surface douce et lisse<\/li>\n<li>Facile \u00e0 nettoyer<\/li>\n<\/ul>\n<p>Longueur d&rsquo;insertion : environ 12,7 cm<\/p>\n<p>largeur : environ 7 cm<\/p>\n<p>Mat\u00e9riau : TPR<\/p>\n<p>Couleur : Transparent<\/p>\n","protected":false},"excerpt":{"rendered":"<p>Pas de lubrifiant sous la main ? Pas de probl\u00e8me ! Le masturbateur Slide &amp; Glide Self-Lube est la solution<\/p>\n","protected":false},"featured_media":19306,"comment_status":"open","ping_status":"closed","template":"","meta":{"_acf_changed":false,"_glsr_average":0,"_glsr_ranking":0,"_glsr_reviews":0},"product_brand":[],"product_cat":[544,560],"product_tag":[],"class_list":{"0":"post-19305","1":"product","2":"type-product","3":"status-publish","4":"has-post-thumbnail","6":"product_cat-jouets","7":"product_cat-masturbateurs","9":"first","10":"instock","11":"taxable","12":"shipping-taxable","13":"purchasable","14":"product-type-simple"},"bundled_by":[],"bundle_stock_status":"instock","bundle_stock_quantity":null,"bundle_virtual":false,"bundle_layout":"","bundle_add_to_cart_form_location":"","bundle_editable_in_cart":false,"bundle_sold_individually_context":"","bundle_item_grouping":"","bundle_min_size":"","bundle_max_size":"","bundled_items":[],"bundle_sell_ids":[],"acf":[],"yoast_head":"<!-- This site is optimized with the Yoast SEO plugin v27.2 - https:\/\/yoast.com\/product\/yoast-seo-wordpress\/ -->\n<title>PDX - Masturbateur Slide &amp; Glide Self-Lube \u25b7 hier g\u00fcnstig kaufen | poppersschweiz.com<\/title>\n<meta name=\"description\" content=\"PDX - Masturbateur Slide &amp; Glide Self-Lube \u25b7 hier g\u00fcnstig online kaufen. Schneller Versand \u2713 Nur Original-Produkte \u2713 Jetzt kaufen &amp; Spa\u00df haben.\" \/>\n<meta name=\"robots\" content=\"index, follow, max-snippet:-1, max-image-preview:large, max-video-preview:-1\" \/>\n<link rel=\"canonical\" href=\"https:\/\/poppersschweiz.com\/fr\/produit\/pdx-masturbateur-slide-glide-self-lube\/\" \/>\n<meta property=\"og:locale\" content=\"fr_FR\" \/>\n<meta property=\"og:type\" content=\"article\" \/>\n<meta property=\"og:title\" content=\"PDX - Masturbateur Slide &amp; Glide Self-Lube \u25b7 hier g\u00fcnstig kaufen | poppersschweiz.com\" \/>\n<meta property=\"og:description\" content=\"PDX - Masturbateur Slide &amp; Glide Self-Lube \u25b7 hier g\u00fcnstig online kaufen. Schneller Versand \u2713 Nur Original-Produkte \u2713 Jetzt kaufen &amp; Spa\u00df haben.\" \/>\n<meta property=\"og:url\" content=\"https:\/\/poppersschweiz.com\/fr\/produit\/pdx-masturbateur-slide-glide-self-lube\/\" \/>\n<meta property=\"og:site_name\" content=\"poppersschweiz.com\" \/>\n<meta property=\"og:image\" content=\"https:\/\/poppersschweiz.com\/wp-content\/uploads\/2024\/03\/PDX-Slide-Glide-Self-Lube-Masturbator1.png\" \/>\n\t<meta property=\"og:image:width\" content=\"600\" \/>\n\t<meta property=\"og:image:height\" content=\"600\" \/>\n\t<meta property=\"og:image:type\" content=\"image\/png\" \/>\n<meta name=\"twitter:card\" content=\"summary_large_image\" \/>\n<meta name=\"twitter:label1\" content=\"Prix\" \/>\n\t<meta name=\"twitter:data1\" content=\"&#067;&#072;&#070;&nbsp;22.90\" \/>\n\t<meta name=\"twitter:label2\" content=\"Disponibilit\u00e9\" \/>\n\t<meta name=\"twitter:data2\" content=\"En stock\" \/>\n<script type=\"application\/ld+json\" class=\"yoast-schema-graph\">{\"@context\":\"https:\/\/schema.org\",\"@graph\":[{\"@type\":\"WebPage\",\"@id\":\"https:\/\/poppersschweiz.com\/fr\/produit\/pdx-masturbateur-slide-glide-self-lube\/\",\"url\":\"https:\/\/poppersschweiz.com\/fr\/produit\/pdx-masturbateur-slide-glide-self-lube\/\",\"name\":\"PDX - Masturbateur Slide &amp; Glide Self-Lube \u25b7 hier g\u00fcnstig kaufen | poppersschweiz.com\",\"isPartOf\":{\"@id\":\"https:\/\/poppersschweiz.com\/fr\/#website\"},\"primaryImageOfPage\":{\"@id\":\"https:\/\/poppersschweiz.com\/fr\/produit\/pdx-masturbateur-slide-glide-self-lube\/#primaryimage\"},\"image\":{\"@id\":\"https:\/\/poppersschweiz.com\/fr\/produit\/pdx-masturbateur-slide-glide-self-lube\/#primaryimage\"},\"thumbnailUrl\":\"https:\/\/poppersschweiz.com\/wp-content\/uploads\/2024\/03\/PDX-Slide-Glide-Self-Lube-Masturbator1.png\",\"datePublished\":\"2024-03-26T12:34:17+00:00\",\"description\":\"PDX - Masturbateur Slide &amp; Glide Self-Lube \u25b7 hier g\u00fcnstig online kaufen. Schneller Versand \u2713 Nur Original-Produkte \u2713 Jetzt kaufen & Spa\u00df haben.\",\"breadcrumb\":{\"@id\":\"https:\/\/poppersschweiz.com\/fr\/produit\/pdx-masturbateur-slide-glide-self-lube\/#breadcrumb\"},\"inLanguage\":\"fr-FR\",\"potentialAction\":[{\"@type\":\"ReadAction\",\"target\":[\"https:\/\/poppersschweiz.com\/fr\/produit\/pdx-masturbateur-slide-glide-self-lube\/\"]}]},{\"@type\":\"ImageObject\",\"inLanguage\":\"fr-FR\",\"@id\":\"https:\/\/poppersschweiz.com\/fr\/produit\/pdx-masturbateur-slide-glide-self-lube\/#primaryimage\",\"url\":\"https:\/\/poppersschweiz.com\/wp-content\/uploads\/2024\/03\/PDX-Slide-Glide-Self-Lube-Masturbator1.png\",\"contentUrl\":\"https:\/\/poppersschweiz.com\/wp-content\/uploads\/2024\/03\/PDX-Slide-Glide-Self-Lube-Masturbator1.png\",\"width\":600,\"height\":600,\"caption\":\"PDX - Slide & Glide Self-Lube Masturbator\"},{\"@type\":\"BreadcrumbList\",\"@id\":\"https:\/\/poppersschweiz.com\/fr\/produit\/pdx-masturbateur-slide-glide-self-lube\/#breadcrumb\",\"itemListElement\":[{\"@type\":\"ListItem\",\"position\":1,\"name\":\"Page d'accueil\",\"item\":\"https:\/\/poppersschweiz.com\/fr\/\"},{\"@type\":\"ListItem\",\"position\":2,\"name\":\"Poppers, accessoires pour poppers et plus encore\",\"item\":\"https:\/\/poppersschweiz.com\/fr\/poppers-accessoires-pour-poppers-et-plus-encore\/\"},{\"@type\":\"ListItem\",\"position\":3,\"name\":\"PDX &#8211; Masturbateur Slide &amp; Glide Self-Lube\"}]},{\"@type\":\"WebSite\",\"@id\":\"https:\/\/poppersschweiz.com\/fr\/#website\",\"url\":\"https:\/\/poppersschweiz.com\/fr\/\",\"name\":\"poppersschweiz.com\",\"description\":\"\",\"potentialAction\":[{\"@type\":\"SearchAction\",\"target\":{\"@type\":\"EntryPoint\",\"urlTemplate\":\"https:\/\/poppersschweiz.com\/fr\/?s={search_term_string}\"},\"query-input\":{\"@type\":\"PropertyValueSpecification\",\"valueRequired\":true,\"valueName\":\"search_term_string\"}}],\"inLanguage\":\"fr-FR\"}]}<\/script>\n<meta property=\"product:price:amount\" content=\"22.90\" \/>\n<meta property=\"product:price:currency\" content=\"CHF\" \/>\n<meta property=\"og:availability\" content=\"instock\" \/>\n<meta property=\"product:availability\" content=\"instock\" \/>\n<meta property=\"product:condition\" content=\"new\" \/>\n<!-- \/ Yoast SEO plugin. -->","yoast_head_json":{"title":"PDX - Masturbateur Slide &amp; Glide Self-Lube \u25b7 hier g\u00fcnstig kaufen | poppersschweiz.com","description":"PDX - Masturbateur Slide &amp; Glide Self-Lube \u25b7 hier g\u00fcnstig online kaufen. Schneller Versand \u2713 Nur Original-Produkte \u2713 Jetzt kaufen & Spa\u00df haben.","robots":{"index":"index","follow":"follow","max-snippet":"max-snippet:-1","max-image-preview":"max-image-preview:large","max-video-preview":"max-video-preview:-1"},"canonical":"https:\/\/poppersschweiz.com\/fr\/produit\/pdx-masturbateur-slide-glide-self-lube\/","og_locale":"fr_FR","og_type":"article","og_title":"PDX - Masturbateur Slide &amp; Glide Self-Lube \u25b7 hier g\u00fcnstig kaufen | poppersschweiz.com","og_description":"PDX - Masturbateur Slide &amp; Glide Self-Lube \u25b7 hier g\u00fcnstig online kaufen. Schneller Versand \u2713 Nur Original-Produkte \u2713 Jetzt kaufen & Spa\u00df haben.","og_url":"https:\/\/poppersschweiz.com\/fr\/produit\/pdx-masturbateur-slide-glide-self-lube\/","og_site_name":"poppersschweiz.com","og_image":[{"width":600,"height":600,"url":"https:\/\/poppersschweiz.com\/wp-content\/uploads\/2024\/03\/PDX-Slide-Glide-Self-Lube-Masturbator1.png","type":"image\/png"}],"twitter_card":"summary_large_image","twitter_misc":{"Prix":"&#67;&#72;&#70;&nbsp;22.90","Disponibilit\u00e9":"En stock"},"schema":{"@context":"https:\/\/schema.org","@graph":[{"@type":"WebPage","@id":"https:\/\/poppersschweiz.com\/fr\/produit\/pdx-masturbateur-slide-glide-self-lube\/","url":"https:\/\/poppersschweiz.com\/fr\/produit\/pdx-masturbateur-slide-glide-self-lube\/","name":"PDX - Masturbateur Slide &amp; Glide Self-Lube \u25b7 hier g\u00fcnstig kaufen | poppersschweiz.com","isPartOf":{"@id":"https:\/\/poppersschweiz.com\/fr\/#website"},"primaryImageOfPage":{"@id":"https:\/\/poppersschweiz.com\/fr\/produit\/pdx-masturbateur-slide-glide-self-lube\/#primaryimage"},"image":{"@id":"https:\/\/poppersschweiz.com\/fr\/produit\/pdx-masturbateur-slide-glide-self-lube\/#primaryimage"},"thumbnailUrl":"https:\/\/poppersschweiz.com\/wp-content\/uploads\/2024\/03\/PDX-Slide-Glide-Self-Lube-Masturbator1.png","datePublished":"2024-03-26T12:34:17+00:00","description":"PDX - Masturbateur Slide &amp; Glide Self-Lube \u25b7 hier g\u00fcnstig online kaufen. Schneller Versand \u2713 Nur Original-Produkte \u2713 Jetzt kaufen & Spa\u00df haben.","breadcrumb":{"@id":"https:\/\/poppersschweiz.com\/fr\/produit\/pdx-masturbateur-slide-glide-self-lube\/#breadcrumb"},"inLanguage":"fr-FR","potentialAction":[{"@type":"ReadAction","target":["https:\/\/poppersschweiz.com\/fr\/produit\/pdx-masturbateur-slide-glide-self-lube\/"]}]},{"@type":"ImageObject","inLanguage":"fr-FR","@id":"https:\/\/poppersschweiz.com\/fr\/produit\/pdx-masturbateur-slide-glide-self-lube\/#primaryimage","url":"https:\/\/poppersschweiz.com\/wp-content\/uploads\/2024\/03\/PDX-Slide-Glide-Self-Lube-Masturbator1.png","contentUrl":"https:\/\/poppersschweiz.com\/wp-content\/uploads\/2024\/03\/PDX-Slide-Glide-Self-Lube-Masturbator1.png","width":600,"height":600,"caption":"PDX - Slide & Glide Self-Lube Masturbator"},{"@type":"BreadcrumbList","@id":"https:\/\/poppersschweiz.com\/fr\/produit\/pdx-masturbateur-slide-glide-self-lube\/#breadcrumb","itemListElement":[{"@type":"ListItem","position":1,"name":"Page d'accueil","item":"https:\/\/poppersschweiz.com\/fr\/"},{"@type":"ListItem","position":2,"name":"Poppers, accessoires pour poppers et plus encore","item":"https:\/\/poppersschweiz.com\/fr\/poppers-accessoires-pour-poppers-et-plus-encore\/"},{"@type":"ListItem","position":3,"name":"PDX &#8211; Masturbateur Slide &amp; Glide Self-Lube"}]},{"@type":"WebSite","@id":"https:\/\/poppersschweiz.com\/fr\/#website","url":"https:\/\/poppersschweiz.com\/fr\/","name":"poppersschweiz.com","description":"","potentialAction":[{"@type":"SearchAction","target":{"@type":"EntryPoint","urlTemplate":"https:\/\/poppersschweiz.com\/fr\/?s={search_term_string}"},"query-input":{"@type":"PropertyValueSpecification","valueRequired":true,"valueName":"search_term_string"}}],"inLanguage":"fr-FR"}]},"product_price_amount":"22.90","product_price_currency":"CHF","og_availability":"instock","product_availability":"instock","product_condition":"new"},"_links":{"self":[{"href":"https:\/\/poppersschweiz.com\/fr\/wp-json\/wp\/v2\/product\/19305","targetHints":{"allow":["GET"]}}],"collection":[{"href":"https:\/\/poppersschweiz.com\/fr\/wp-json\/wp\/v2\/product"}],"about":[{"href":"https:\/\/poppersschweiz.com\/fr\/wp-json\/wp\/v2\/types\/product"}],"replies":[{"embeddable":true,"href":"https:\/\/poppersschweiz.com\/fr\/wp-json\/wp\/v2\/comments?post=19305"}],"wp:featuredmedia":[{"embeddable":true,"href":"https:\/\/poppersschweiz.com\/fr\/wp-json\/wp\/v2\/media\/19306"}],"wp:attachment":[{"href":"https:\/\/poppersschweiz.com\/fr\/wp-json\/wp\/v2\/media?parent=19305"}],"wp:term":[{"taxonomy":"product_brand","embeddable":true,"href":"https:\/\/poppersschweiz.com\/fr\/wp-json\/wp\/v2\/product_brand?post=19305"},{"taxonomy":"product_cat","embeddable":true,"href":"https:\/\/poppersschweiz.com\/fr\/wp-json\/wp\/v2\/product_cat?post=19305"},{"taxonomy":"product_tag","embeddable":true,"href":"https:\/\/poppersschweiz.com\/fr\/wp-json\/wp\/v2\/product_tag?post=19305"}],"curies":[{"name":"wp","href":"https:\/\/api.w.org\/{rel}","templated":true}]}}