{"id":19357,"date":"2023-10-25T15:54:15","date_gmt":"2023-10-25T13:54:15","guid":{"rendered":"https:\/\/poppersschweiz.com\/product\/solo-sex-poppers-combo-tenga-premium-masturbateur-vacuum-cup-strong-kinky-monster-poppers-10ml-ultra-strong\/"},"modified":"2025-09-15T14:19:24","modified_gmt":"2025-09-15T12:19:24","slug":"solo-sex-poppers-combo-tenga-premium-masturbateur-vacuum-cup-strong-kinky-monster-poppers-10ml-ultra-strong","status":"publish","type":"product","link":"https:\/\/poppersschweiz.com\/fr\/produit\/solo-sex-poppers-combo-tenga-premium-masturbateur-vacuum-cup-strong-kinky-monster-poppers-10ml-ultra-strong\/","title":{"rendered":"Solo Sex Poppers Combo Tenga Premium Masturbateur Vacuum Cup Strong Kinky Monster Poppers 10ml Ultra Strong"},"content":{"rendered":"<p><strong>Solo Sex Poppers Combo<\/strong> se compose de deux produits : <strong>1x Tenga Premium Original Vacuum Cup Strong<\/strong> et <strong>1x Kinky Monster Ultra Strong 10ml Poppers<\/strong>. La combinaison id\u00e9ale de deux produits de premi\u00e8re qualit\u00e9 pour tous ceux qui aiment faire une pause et profiter. <\/p>\n<p>Le <strong>Kinky Monster Black Poppers 10ml<\/strong> s&rsquo;adresse \u00e0 tous les kinksters et est synonyme de poppers encore plus fort et plus durable. En outre, les bouteilles de Kinky Monster Poppers contiennent du nitrite de pentyle particuli\u00e8rement pur et hautement concentr\u00e9. Les poppers Kinky Monster existent en 8 vari\u00e9t\u00e9s diff\u00e9rentes. Le Kinky Monster Black Poppers fait partie des poppers les plus puissants. Nous avons con\u00e7u ce poppers sp\u00e9cialement pour tous les fans de rubber et les kinky rubber boys. Aimes-tu \u00eatre en latex de haut en bas ou m\u00eame \u00eatre \u00e0 la merci de ton ma\u00eetre en tant que Rubber Gimp ? Alors, Kinky Monster Black Poppers fera certainement partie de ta prochaine session Rubber.<\/p>\n<p><strong>Tenga Premium Original Vacuum Cup Strong<\/strong> offre des mises \u00e0 niveau exquises pour l&rsquo;\u00e9talon-or du plaisir, soutenues par 15 ans d&rsquo;exp\u00e9rience et de technologie accumul\u00e9es. Cette version premium de la c\u00e9l\u00e8bre Vacuum CUP originale de TENGA est dot\u00e9e d&rsquo;une enveloppe en \u00e9lastom\u00e8re 1,5 fois plus \u00e9paisse, pour des sensations encore plus intenses de l&rsquo;insertion \u00e0 la fin.<\/p>\n<p>Le brassard en \u00e9lastom\u00e8re est 1,5 fois plus \u00e9pais que celui de la s\u00e9rie CUP standard, avec des d\u00e9tails int\u00e9rieurs revus et compliqu\u00e9s, pr\u00e9-lubrifi\u00e9s avec notre lotion int\u00e9rieure premium pour une exp\u00e9rience TENGA CUP ultime.<\/p>\n<p>Achetez maintenant Solo Sex Poppers Combo Tenga Premium Masturbator Vacuum Cup Strong avec Kinky Monster Poppers 10ml Ultra Strong et profitez de votre temps seul !<\/p>\n","protected":false},"excerpt":{"rendered":"<p>Ingr\u00e9dient : nitrite de pentyle &#8211; vente \u00e0 partir de 18 ans &#8211; non destin\u00e9 \u00e0 la consommation humaine<\/p>\n<p>Le <strong>masturbateur Tenga<\/strong> donne la sensation d&rsquo;une <strong>fellation intense<\/strong>. Le bruit de succion typique qui en r\u00e9sulte te donne l&rsquo;impression <strong>de vivre une v\u00e9ritable fellation<\/strong>.<\/p>\n","protected":false},"featured_media":19358,"comment_status":"open","ping_status":"closed","template":"","meta":{"_acf_changed":false,"_glsr_average":0,"_glsr_ranking":0,"_glsr_reviews":0},"product_brand":[],"product_cat":[544,543,560,534,530],"product_tag":[1493,681],"class_list":{"0":"post-19357","1":"product","2":"type-product","3":"status-publish","4":"has-post-thumbnail","6":"product_cat-jouets","7":"product_cat-kinky-monster-poppers-fr","8":"product_cat-masturbateurs","9":"product_cat-paquets-economiques-poppers","10":"product_cat-poppers-suisse","11":"product_tag-solo-sex-poppers-combo-tenga-premium-masturbator-vacuum-cup-strong-kinky-monster-poppers-10ml-ultra-strong-fr","12":"product_tag-tenga-masturbateur-original-vacuum-cup","14":"first","15":"instock","16":"taxable","17":"shipping-taxable","18":"purchasable","19":"product-type-simple"},"bundled_by":[],"bundle_stock_status":"instock","bundle_stock_quantity":null,"bundle_virtual":false,"bundle_layout":"","bundle_add_to_cart_form_location":"","bundle_editable_in_cart":false,"bundle_sold_individually_context":"","bundle_item_grouping":"","bundle_min_size":"","bundle_max_size":"","bundled_items":[],"bundle_sell_ids":[],"acf":[],"yoast_head":"<!-- This site is optimized with the Yoast SEO plugin v27.2 - https:\/\/yoast.com\/product\/yoast-seo-wordpress\/ -->\n<title>Solo Sex Poppers Combo Tenga Premium Masturbateur Vacuum Cup Strong Kinky Monster Poppers 10ml Ultra Strong \u25b7 hier g\u00fcnstig kaufen | poppersschweiz.com<\/title>\n<meta name=\"description\" content=\"Solo Sex Poppers Combo Tenga Premium Masturbateur Vacuum Cup Strong Kinky Monster Poppers 10ml Ultra Strong \u25b7 hier g\u00fcnstig online kaufen. Schneller Versand \u2713 Nur Original-Produkte \u2713 Jetzt kaufen &amp; Spa\u00df haben.\" \/>\n<meta name=\"robots\" content=\"index, follow, max-snippet:-1, max-image-preview:large, max-video-preview:-1\" \/>\n<link rel=\"canonical\" href=\"https:\/\/poppersschweiz.com\/fr\/produit\/solo-sex-poppers-combo-tenga-premium-masturbateur-vacuum-cup-strong-kinky-monster-poppers-10ml-ultra-strong\/\" \/>\n<meta property=\"og:locale\" content=\"fr_FR\" \/>\n<meta property=\"og:type\" content=\"article\" \/>\n<meta property=\"og:title\" content=\"Solo Sex Poppers Combo Tenga Premium Masturbateur Vacuum Cup Strong Kinky Monster Poppers 10ml Ultra Strong \u25b7 hier g\u00fcnstig kaufen | poppersschweiz.com\" \/>\n<meta property=\"og:description\" content=\"Solo Sex Poppers Combo Tenga Premium Masturbateur Vacuum Cup Strong Kinky Monster Poppers 10ml Ultra Strong \u25b7 hier g\u00fcnstig online kaufen. Schneller Versand \u2713 Nur Original-Produkte \u2713 Jetzt kaufen &amp; Spa\u00df haben.\" \/>\n<meta property=\"og:url\" content=\"https:\/\/poppersschweiz.com\/fr\/produit\/solo-sex-poppers-combo-tenga-premium-masturbateur-vacuum-cup-strong-kinky-monster-poppers-10ml-ultra-strong\/\" \/>\n<meta property=\"og:site_name\" content=\"poppersschweiz.com\" \/>\n<meta property=\"article:modified_time\" content=\"2025-09-15T12:19:24+00:00\" \/>\n<meta property=\"og:image\" content=\"https:\/\/poppersschweiz.com\/wp-content\/uploads\/2024\/01\/KlikKlak-44.png\" \/>\n\t<meta property=\"og:image:width\" content=\"600\" \/>\n\t<meta property=\"og:image:height\" content=\"600\" \/>\n\t<meta property=\"og:image:type\" content=\"image\/png\" \/>\n<meta name=\"twitter:card\" content=\"summary_large_image\" \/>\n<meta name=\"twitter:label1\" content=\"Prix\" \/>\n\t<meta name=\"twitter:data1\" content=\"&#067;&#072;&#070;&nbsp;35.90\" \/>\n\t<meta name=\"twitter:label2\" content=\"Disponibilit\u00e9\" \/>\n\t<meta name=\"twitter:data2\" content=\"En stock\" \/>\n<script type=\"application\/ld+json\" class=\"yoast-schema-graph\">{\"@context\":\"https:\/\/schema.org\",\"@graph\":[{\"@type\":\"WebPage\",\"@id\":\"https:\/\/poppersschweiz.com\/fr\/produit\/solo-sex-poppers-combo-tenga-premium-masturbateur-vacuum-cup-strong-kinky-monster-poppers-10ml-ultra-strong\/\",\"url\":\"https:\/\/poppersschweiz.com\/fr\/produit\/solo-sex-poppers-combo-tenga-premium-masturbateur-vacuum-cup-strong-kinky-monster-poppers-10ml-ultra-strong\/\",\"name\":\"Solo Sex Poppers Combo Tenga Premium Masturbateur Vacuum Cup Strong Kinky Monster Poppers 10ml Ultra Strong \u25b7 hier g\u00fcnstig kaufen | poppersschweiz.com\",\"isPartOf\":{\"@id\":\"https:\/\/poppersschweiz.com\/fr\/#website\"},\"primaryImageOfPage\":{\"@id\":\"https:\/\/poppersschweiz.com\/fr\/produit\/solo-sex-poppers-combo-tenga-premium-masturbateur-vacuum-cup-strong-kinky-monster-poppers-10ml-ultra-strong\/#primaryimage\"},\"image\":{\"@id\":\"https:\/\/poppersschweiz.com\/fr\/produit\/solo-sex-poppers-combo-tenga-premium-masturbateur-vacuum-cup-strong-kinky-monster-poppers-10ml-ultra-strong\/#primaryimage\"},\"thumbnailUrl\":\"https:\/\/poppersschweiz.com\/wp-content\/uploads\/2024\/01\/KlikKlak-44.png\",\"datePublished\":\"2023-10-25T13:54:15+00:00\",\"dateModified\":\"2025-09-15T12:19:24+00:00\",\"description\":\"Solo Sex Poppers Combo Tenga Premium Masturbateur Vacuum Cup Strong Kinky Monster Poppers 10ml Ultra Strong \u25b7 hier g\u00fcnstig online kaufen. Schneller Versand \u2713 Nur Original-Produkte \u2713 Jetzt kaufen & Spa\u00df haben.\",\"breadcrumb\":{\"@id\":\"https:\/\/poppersschweiz.com\/fr\/produit\/solo-sex-poppers-combo-tenga-premium-masturbateur-vacuum-cup-strong-kinky-monster-poppers-10ml-ultra-strong\/#breadcrumb\"},\"inLanguage\":\"fr-FR\",\"potentialAction\":[{\"@type\":\"ReadAction\",\"target\":[\"https:\/\/poppersschweiz.com\/fr\/produit\/solo-sex-poppers-combo-tenga-premium-masturbateur-vacuum-cup-strong-kinky-monster-poppers-10ml-ultra-strong\/\"]}]},{\"@type\":\"ImageObject\",\"inLanguage\":\"fr-FR\",\"@id\":\"https:\/\/poppersschweiz.com\/fr\/produit\/solo-sex-poppers-combo-tenga-premium-masturbateur-vacuum-cup-strong-kinky-monster-poppers-10ml-ultra-strong\/#primaryimage\",\"url\":\"https:\/\/poppersschweiz.com\/wp-content\/uploads\/2024\/01\/KlikKlak-44.png\",\"contentUrl\":\"https:\/\/poppersschweiz.com\/wp-content\/uploads\/2024\/01\/KlikKlak-44.png\",\"width\":600,\"height\":600},{\"@type\":\"BreadcrumbList\",\"@id\":\"https:\/\/poppersschweiz.com\/fr\/produit\/solo-sex-poppers-combo-tenga-premium-masturbateur-vacuum-cup-strong-kinky-monster-poppers-10ml-ultra-strong\/#breadcrumb\",\"itemListElement\":[{\"@type\":\"ListItem\",\"position\":1,\"name\":\"Page d'accueil\",\"item\":\"https:\/\/poppersschweiz.com\/fr\/\"},{\"@type\":\"ListItem\",\"position\":2,\"name\":\"Poppers, accessoires pour poppers et plus encore\",\"item\":\"https:\/\/poppersschweiz.com\/fr\/poppers-accessoires-pour-poppers-et-plus-encore\/\"},{\"@type\":\"ListItem\",\"position\":3,\"name\":\"Solo Sex Poppers Combo Tenga Premium Masturbateur Vacuum Cup Strong Kinky Monster Poppers 10ml Ultra Strong\"}]},{\"@type\":\"WebSite\",\"@id\":\"https:\/\/poppersschweiz.com\/fr\/#website\",\"url\":\"https:\/\/poppersschweiz.com\/fr\/\",\"name\":\"poppersschweiz.com\",\"description\":\"\",\"potentialAction\":[{\"@type\":\"SearchAction\",\"target\":{\"@type\":\"EntryPoint\",\"urlTemplate\":\"https:\/\/poppersschweiz.com\/fr\/?s={search_term_string}\"},\"query-input\":{\"@type\":\"PropertyValueSpecification\",\"valueRequired\":true,\"valueName\":\"search_term_string\"}}],\"inLanguage\":\"fr-FR\"}]}<\/script>\n<meta property=\"product:price:amount\" content=\"35.90\" \/>\n<meta property=\"product:price:currency\" content=\"CHF\" \/>\n<meta property=\"og:availability\" content=\"instock\" \/>\n<meta property=\"product:availability\" content=\"instock\" \/>\n<meta property=\"product:retailer_item_id\" content=\"1x T-T-POS, 1x KM-US10\" \/>\n<meta property=\"product:condition\" content=\"new\" \/>\n<!-- \/ Yoast SEO plugin. -->","yoast_head_json":{"title":"Solo Sex Poppers Combo Tenga Premium Masturbateur Vacuum Cup Strong Kinky Monster Poppers 10ml Ultra Strong \u25b7 hier g\u00fcnstig kaufen | poppersschweiz.com","description":"Solo Sex Poppers Combo Tenga Premium Masturbateur Vacuum Cup Strong Kinky Monster Poppers 10ml Ultra Strong \u25b7 hier g\u00fcnstig online kaufen. Schneller Versand \u2713 Nur Original-Produkte \u2713 Jetzt kaufen & Spa\u00df haben.","robots":{"index":"index","follow":"follow","max-snippet":"max-snippet:-1","max-image-preview":"max-image-preview:large","max-video-preview":"max-video-preview:-1"},"canonical":"https:\/\/poppersschweiz.com\/fr\/produit\/solo-sex-poppers-combo-tenga-premium-masturbateur-vacuum-cup-strong-kinky-monster-poppers-10ml-ultra-strong\/","og_locale":"fr_FR","og_type":"article","og_title":"Solo Sex Poppers Combo Tenga Premium Masturbateur Vacuum Cup Strong Kinky Monster Poppers 10ml Ultra Strong \u25b7 hier g\u00fcnstig kaufen | poppersschweiz.com","og_description":"Solo Sex Poppers Combo Tenga Premium Masturbateur Vacuum Cup Strong Kinky Monster Poppers 10ml Ultra Strong \u25b7 hier g\u00fcnstig online kaufen. Schneller Versand \u2713 Nur Original-Produkte \u2713 Jetzt kaufen & Spa\u00df haben.","og_url":"https:\/\/poppersschweiz.com\/fr\/produit\/solo-sex-poppers-combo-tenga-premium-masturbateur-vacuum-cup-strong-kinky-monster-poppers-10ml-ultra-strong\/","og_site_name":"poppersschweiz.com","article_modified_time":"2025-09-15T12:19:24+00:00","og_image":[{"width":600,"height":600,"url":"https:\/\/poppersschweiz.com\/wp-content\/uploads\/2024\/01\/KlikKlak-44.png","type":"image\/png"}],"twitter_card":"summary_large_image","twitter_misc":{"Prix":"&#67;&#72;&#70;&nbsp;35.90","Disponibilit\u00e9":"En stock"},"schema":{"@context":"https:\/\/schema.org","@graph":[{"@type":"WebPage","@id":"https:\/\/poppersschweiz.com\/fr\/produit\/solo-sex-poppers-combo-tenga-premium-masturbateur-vacuum-cup-strong-kinky-monster-poppers-10ml-ultra-strong\/","url":"https:\/\/poppersschweiz.com\/fr\/produit\/solo-sex-poppers-combo-tenga-premium-masturbateur-vacuum-cup-strong-kinky-monster-poppers-10ml-ultra-strong\/","name":"Solo Sex Poppers Combo Tenga Premium Masturbateur Vacuum Cup Strong Kinky Monster Poppers 10ml Ultra Strong \u25b7 hier g\u00fcnstig kaufen | poppersschweiz.com","isPartOf":{"@id":"https:\/\/poppersschweiz.com\/fr\/#website"},"primaryImageOfPage":{"@id":"https:\/\/poppersschweiz.com\/fr\/produit\/solo-sex-poppers-combo-tenga-premium-masturbateur-vacuum-cup-strong-kinky-monster-poppers-10ml-ultra-strong\/#primaryimage"},"image":{"@id":"https:\/\/poppersschweiz.com\/fr\/produit\/solo-sex-poppers-combo-tenga-premium-masturbateur-vacuum-cup-strong-kinky-monster-poppers-10ml-ultra-strong\/#primaryimage"},"thumbnailUrl":"https:\/\/poppersschweiz.com\/wp-content\/uploads\/2024\/01\/KlikKlak-44.png","datePublished":"2023-10-25T13:54:15+00:00","dateModified":"2025-09-15T12:19:24+00:00","description":"Solo Sex Poppers Combo Tenga Premium Masturbateur Vacuum Cup Strong Kinky Monster Poppers 10ml Ultra Strong \u25b7 hier g\u00fcnstig online kaufen. Schneller Versand \u2713 Nur Original-Produkte \u2713 Jetzt kaufen & Spa\u00df haben.","breadcrumb":{"@id":"https:\/\/poppersschweiz.com\/fr\/produit\/solo-sex-poppers-combo-tenga-premium-masturbateur-vacuum-cup-strong-kinky-monster-poppers-10ml-ultra-strong\/#breadcrumb"},"inLanguage":"fr-FR","potentialAction":[{"@type":"ReadAction","target":["https:\/\/poppersschweiz.com\/fr\/produit\/solo-sex-poppers-combo-tenga-premium-masturbateur-vacuum-cup-strong-kinky-monster-poppers-10ml-ultra-strong\/"]}]},{"@type":"ImageObject","inLanguage":"fr-FR","@id":"https:\/\/poppersschweiz.com\/fr\/produit\/solo-sex-poppers-combo-tenga-premium-masturbateur-vacuum-cup-strong-kinky-monster-poppers-10ml-ultra-strong\/#primaryimage","url":"https:\/\/poppersschweiz.com\/wp-content\/uploads\/2024\/01\/KlikKlak-44.png","contentUrl":"https:\/\/poppersschweiz.com\/wp-content\/uploads\/2024\/01\/KlikKlak-44.png","width":600,"height":600},{"@type":"BreadcrumbList","@id":"https:\/\/poppersschweiz.com\/fr\/produit\/solo-sex-poppers-combo-tenga-premium-masturbateur-vacuum-cup-strong-kinky-monster-poppers-10ml-ultra-strong\/#breadcrumb","itemListElement":[{"@type":"ListItem","position":1,"name":"Page d'accueil","item":"https:\/\/poppersschweiz.com\/fr\/"},{"@type":"ListItem","position":2,"name":"Poppers, accessoires pour poppers et plus encore","item":"https:\/\/poppersschweiz.com\/fr\/poppers-accessoires-pour-poppers-et-plus-encore\/"},{"@type":"ListItem","position":3,"name":"Solo Sex Poppers Combo Tenga Premium Masturbateur Vacuum Cup Strong Kinky Monster Poppers 10ml Ultra Strong"}]},{"@type":"WebSite","@id":"https:\/\/poppersschweiz.com\/fr\/#website","url":"https:\/\/poppersschweiz.com\/fr\/","name":"poppersschweiz.com","description":"","potentialAction":[{"@type":"SearchAction","target":{"@type":"EntryPoint","urlTemplate":"https:\/\/poppersschweiz.com\/fr\/?s={search_term_string}"},"query-input":{"@type":"PropertyValueSpecification","valueRequired":true,"valueName":"search_term_string"}}],"inLanguage":"fr-FR"}]},"product_price_amount":"35.90","product_price_currency":"CHF","og_availability":"instock","product_availability":"instock","product_retailer_item_id":"1x T-T-POS, 1x KM-US10","product_condition":"new"},"_links":{"self":[{"href":"https:\/\/poppersschweiz.com\/fr\/wp-json\/wp\/v2\/product\/19357","targetHints":{"allow":["GET"]}}],"collection":[{"href":"https:\/\/poppersschweiz.com\/fr\/wp-json\/wp\/v2\/product"}],"about":[{"href":"https:\/\/poppersschweiz.com\/fr\/wp-json\/wp\/v2\/types\/product"}],"replies":[{"embeddable":true,"href":"https:\/\/poppersschweiz.com\/fr\/wp-json\/wp\/v2\/comments?post=19357"}],"wp:featuredmedia":[{"embeddable":true,"href":"https:\/\/poppersschweiz.com\/fr\/wp-json\/wp\/v2\/media\/19358"}],"wp:attachment":[{"href":"https:\/\/poppersschweiz.com\/fr\/wp-json\/wp\/v2\/media?parent=19357"}],"wp:term":[{"taxonomy":"product_brand","embeddable":true,"href":"https:\/\/poppersschweiz.com\/fr\/wp-json\/wp\/v2\/product_brand?post=19357"},{"taxonomy":"product_cat","embeddable":true,"href":"https:\/\/poppersschweiz.com\/fr\/wp-json\/wp\/v2\/product_cat?post=19357"},{"taxonomy":"product_tag","embeddable":true,"href":"https:\/\/poppersschweiz.com\/fr\/wp-json\/wp\/v2\/product_tag?post=19357"}],"curies":[{"name":"wp","href":"https:\/\/api.w.org\/{rel}","templated":true}]}}