{"id":19370,"date":"2023-10-27T16:48:40","date_gmt":"2023-10-27T14:48:40","guid":{"rendered":"https:\/\/poppersschweiz.com\/product\/colt-snug-grip\/"},"modified":"2023-10-27T16:48:40","modified_gmt":"2023-10-27T14:48:40","slug":"colt-snug-grip","status":"publish","type":"product","link":"https:\/\/poppersschweiz.com\/fr\/produit\/colt-snug-grip\/","title":{"rendered":"COLT Snug Grip"},"content":{"rendered":"<p>Incroyable mais vrai : avec le Snug Grip, Colt a cr\u00e9\u00e9 un autre point fort pour le monde des cockrings.<\/p>\n<p>Avec ce jouet extensible et confortable, ta vie amoureuse sera encore plus enrichie et ta stimulation augmentera \u00e0 chaque fois. La possibilit\u00e9 de porter Snug Grip comme cockring et en m\u00eame temps sur les testicules ouvre de toutes nouvelles possibilit\u00e9s \u00e0 tes sensations de plaisir.<\/p>\n<p>Pour mettre le jouet en place, il te suffit d&rsquo;ins\u00e9rer ton p\u00e9nis dans le trou rond en veillant \u00e0 ce que la partie aplatie se trouve sur la partie inf\u00e9rieure du manche. Une fois que l&rsquo;anneau est arriv\u00e9 \u00e0 la base du p\u00e9nis, place tes testicules \u00e0 travers le balltugger. Tu verras d\u00e9j\u00e0 pourquoi cet accessoire est un ajout fantastique \u00e0 ta collection. La traction vers le bas pr\u00e9pare parfaitement ton orgasme intense, tandis que l&rsquo;anneau p\u00e9nien te permet de tenir nettement plus longtemps gr\u00e2ce \u00e0 ton \u00e9rection plus rebondie.<\/p>\n<p>Pour augmenter encore ton plaisir, Colt Snug Grip est compatible avec tous les gels lubrifiants \u00e0 base d&rsquo;eau. Le TPE doux pour le corps se nettoie rapidement et facilement avec de l&rsquo;eau chaude savonneuse ou du Toy Cleaner.<\/p>\n<p>Profite de cette exp\u00e9rience passionnante et admire tout ce que tu peux accomplir avec ce jouet chaud.<\/p>\n<p><strong>D\u00e9tails du produit :<\/strong><br \/>\n\u2713 Cockring et Ball-Tugger en un<br \/>\n\u2713 extra extensible<br \/>\n\u2713 confortable et efficace<br \/>\n\u2713 r\u00e9sistant \u00e0 l&rsquo;eau<br \/>\n\u2713 sans phtalates Longueur : environ 7 cm<br \/>\n\u00e9paisseur : environ 1.2 &#8211; 2.1 cm<br \/>\ndiam\u00e8tre int\u00e9rieur : environ 4 cm<br \/>\nmati\u00e8re : TPE<br \/>\ncouleur : noir<\/p>\n","protected":false},"excerpt":{"rendered":"<p>Incroyable mais vrai : avec le Snug Grip, Colt a cr\u00e9\u00e9 un autre point fort pour le monde des cockrings.<\/p>\n","protected":false},"featured_media":19371,"comment_status":"open","ping_status":"closed","template":"","meta":{"_acf_changed":false,"_glsr_average":0,"_glsr_ranking":0,"_glsr_reviews":0},"product_brand":[],"product_cat":[544,557],"product_tag":[],"class_list":{"0":"post-19370","1":"product","2":"type-product","3":"status-publish","4":"has-post-thumbnail","6":"product_cat-jouets","7":"product_cat-jouets-de-cock","9":"first","10":"instock","11":"taxable","12":"shipping-taxable","13":"purchasable","14":"product-type-simple"},"bundled_by":[],"bundle_stock_status":"instock","bundle_stock_quantity":null,"bundle_virtual":false,"bundle_layout":"","bundle_add_to_cart_form_location":"","bundle_editable_in_cart":false,"bundle_sold_individually_context":"","bundle_item_grouping":"","bundle_min_size":"","bundle_max_size":"","bundled_items":[],"bundle_sell_ids":[],"acf":[],"yoast_head":"<!-- This site is optimized with the Yoast SEO plugin v27.2 - https:\/\/yoast.com\/product\/yoast-seo-wordpress\/ -->\n<title>COLT Snug Grip \u25b7 hier g\u00fcnstig kaufen | poppersschweiz.com<\/title>\n<meta name=\"description\" content=\"COLT Snug Grip \u25b7 hier g\u00fcnstig online kaufen. Schneller Versand \u2713 Nur Original-Produkte \u2713 Jetzt kaufen &amp; Spa\u00df haben.\" \/>\n<meta name=\"robots\" content=\"index, follow, max-snippet:-1, max-image-preview:large, max-video-preview:-1\" \/>\n<link rel=\"canonical\" href=\"https:\/\/poppersschweiz.com\/fr\/produit\/colt-snug-grip\/\" \/>\n<meta property=\"og:locale\" content=\"fr_FR\" \/>\n<meta property=\"og:type\" content=\"article\" \/>\n<meta property=\"og:title\" content=\"COLT Snug Grip \u25b7 hier g\u00fcnstig kaufen | poppersschweiz.com\" \/>\n<meta property=\"og:description\" content=\"COLT Snug Grip \u25b7 hier g\u00fcnstig online kaufen. Schneller Versand \u2713 Nur Original-Produkte \u2713 Jetzt kaufen &amp; Spa\u00df haben.\" \/>\n<meta property=\"og:url\" content=\"https:\/\/poppersschweiz.com\/fr\/produit\/colt-snug-grip\/\" \/>\n<meta property=\"og:site_name\" content=\"poppersschweiz.com\" \/>\n<meta property=\"og:image\" content=\"https:\/\/poppersschweiz.com\/wp-content\/uploads\/2023\/10\/KlikKlak-62.png\" \/>\n\t<meta property=\"og:image:width\" content=\"600\" \/>\n\t<meta property=\"og:image:height\" content=\"600\" \/>\n\t<meta property=\"og:image:type\" content=\"image\/png\" \/>\n<meta name=\"twitter:card\" content=\"summary_large_image\" \/>\n<meta name=\"twitter:label1\" content=\"Prix\" \/>\n\t<meta name=\"twitter:data1\" content=\"&#067;&#072;&#070;&nbsp;15.50\" \/>\n\t<meta name=\"twitter:label2\" content=\"Disponibilit\u00e9\" \/>\n\t<meta name=\"twitter:data2\" content=\"En stock\" \/>\n<script type=\"application\/ld+json\" class=\"yoast-schema-graph\">{\"@context\":\"https:\/\/schema.org\",\"@graph\":[{\"@type\":\"WebPage\",\"@id\":\"https:\/\/poppersschweiz.com\/fr\/produit\/colt-snug-grip\/\",\"url\":\"https:\/\/poppersschweiz.com\/fr\/produit\/colt-snug-grip\/\",\"name\":\"COLT Snug Grip \u25b7 hier g\u00fcnstig kaufen | poppersschweiz.com\",\"isPartOf\":{\"@id\":\"https:\/\/poppersschweiz.com\/fr\/#website\"},\"primaryImageOfPage\":{\"@id\":\"https:\/\/poppersschweiz.com\/fr\/produit\/colt-snug-grip\/#primaryimage\"},\"image\":{\"@id\":\"https:\/\/poppersschweiz.com\/fr\/produit\/colt-snug-grip\/#primaryimage\"},\"thumbnailUrl\":\"https:\/\/poppersschweiz.com\/wp-content\/uploads\/2023\/10\/KlikKlak-62.png\",\"datePublished\":\"2023-10-27T14:48:40+00:00\",\"description\":\"COLT Snug Grip \u25b7 hier g\u00fcnstig online kaufen. Schneller Versand \u2713 Nur Original-Produkte \u2713 Jetzt kaufen & Spa\u00df haben.\",\"breadcrumb\":{\"@id\":\"https:\/\/poppersschweiz.com\/fr\/produit\/colt-snug-grip\/#breadcrumb\"},\"inLanguage\":\"fr-FR\",\"potentialAction\":[{\"@type\":\"ReadAction\",\"target\":[\"https:\/\/poppersschweiz.com\/fr\/produit\/colt-snug-grip\/\"]}]},{\"@type\":\"ImageObject\",\"inLanguage\":\"fr-FR\",\"@id\":\"https:\/\/poppersschweiz.com\/fr\/produit\/colt-snug-grip\/#primaryimage\",\"url\":\"https:\/\/poppersschweiz.com\/wp-content\/uploads\/2023\/10\/KlikKlak-62.png\",\"contentUrl\":\"https:\/\/poppersschweiz.com\/wp-content\/uploads\/2023\/10\/KlikKlak-62.png\",\"width\":600,\"height\":600},{\"@type\":\"BreadcrumbList\",\"@id\":\"https:\/\/poppersschweiz.com\/fr\/produit\/colt-snug-grip\/#breadcrumb\",\"itemListElement\":[{\"@type\":\"ListItem\",\"position\":1,\"name\":\"Page d'accueil\",\"item\":\"https:\/\/poppersschweiz.com\/fr\/\"},{\"@type\":\"ListItem\",\"position\":2,\"name\":\"Poppers, accessoires pour poppers et plus encore\",\"item\":\"https:\/\/poppersschweiz.com\/fr\/poppers-accessoires-pour-poppers-et-plus-encore\/\"},{\"@type\":\"ListItem\",\"position\":3,\"name\":\"COLT Snug Grip\"}]},{\"@type\":\"WebSite\",\"@id\":\"https:\/\/poppersschweiz.com\/fr\/#website\",\"url\":\"https:\/\/poppersschweiz.com\/fr\/\",\"name\":\"poppersschweiz.com\",\"description\":\"\",\"potentialAction\":[{\"@type\":\"SearchAction\",\"target\":{\"@type\":\"EntryPoint\",\"urlTemplate\":\"https:\/\/poppersschweiz.com\/fr\/?s={search_term_string}\"},\"query-input\":{\"@type\":\"PropertyValueSpecification\",\"valueRequired\":true,\"valueName\":\"search_term_string\"}}],\"inLanguage\":\"fr-FR\"}]}<\/script>\n<meta property=\"product:price:amount\" content=\"15.50\" \/>\n<meta property=\"product:price:currency\" content=\"CHF\" \/>\n<meta property=\"og:availability\" content=\"instock\" \/>\n<meta property=\"product:availability\" content=\"instock\" \/>\n<meta property=\"product:retailer_item_id\" content=\"T-COL-SNGR\" \/>\n<meta property=\"product:condition\" content=\"new\" \/>\n<!-- \/ Yoast SEO plugin. -->","yoast_head_json":{"title":"COLT Snug Grip \u25b7 hier g\u00fcnstig kaufen | poppersschweiz.com","description":"COLT Snug Grip \u25b7 hier g\u00fcnstig online kaufen. Schneller Versand \u2713 Nur Original-Produkte \u2713 Jetzt kaufen & Spa\u00df haben.","robots":{"index":"index","follow":"follow","max-snippet":"max-snippet:-1","max-image-preview":"max-image-preview:large","max-video-preview":"max-video-preview:-1"},"canonical":"https:\/\/poppersschweiz.com\/fr\/produit\/colt-snug-grip\/","og_locale":"fr_FR","og_type":"article","og_title":"COLT Snug Grip \u25b7 hier g\u00fcnstig kaufen | poppersschweiz.com","og_description":"COLT Snug Grip \u25b7 hier g\u00fcnstig online kaufen. Schneller Versand \u2713 Nur Original-Produkte \u2713 Jetzt kaufen & Spa\u00df haben.","og_url":"https:\/\/poppersschweiz.com\/fr\/produit\/colt-snug-grip\/","og_site_name":"poppersschweiz.com","og_image":[{"width":600,"height":600,"url":"https:\/\/poppersschweiz.com\/wp-content\/uploads\/2023\/10\/KlikKlak-62.png","type":"image\/png"}],"twitter_card":"summary_large_image","twitter_misc":{"Prix":"&#67;&#72;&#70;&nbsp;15.50","Disponibilit\u00e9":"En stock"},"schema":{"@context":"https:\/\/schema.org","@graph":[{"@type":"WebPage","@id":"https:\/\/poppersschweiz.com\/fr\/produit\/colt-snug-grip\/","url":"https:\/\/poppersschweiz.com\/fr\/produit\/colt-snug-grip\/","name":"COLT Snug Grip \u25b7 hier g\u00fcnstig kaufen | poppersschweiz.com","isPartOf":{"@id":"https:\/\/poppersschweiz.com\/fr\/#website"},"primaryImageOfPage":{"@id":"https:\/\/poppersschweiz.com\/fr\/produit\/colt-snug-grip\/#primaryimage"},"image":{"@id":"https:\/\/poppersschweiz.com\/fr\/produit\/colt-snug-grip\/#primaryimage"},"thumbnailUrl":"https:\/\/poppersschweiz.com\/wp-content\/uploads\/2023\/10\/KlikKlak-62.png","datePublished":"2023-10-27T14:48:40+00:00","description":"COLT Snug Grip \u25b7 hier g\u00fcnstig online kaufen. Schneller Versand \u2713 Nur Original-Produkte \u2713 Jetzt kaufen & Spa\u00df haben.","breadcrumb":{"@id":"https:\/\/poppersschweiz.com\/fr\/produit\/colt-snug-grip\/#breadcrumb"},"inLanguage":"fr-FR","potentialAction":[{"@type":"ReadAction","target":["https:\/\/poppersschweiz.com\/fr\/produit\/colt-snug-grip\/"]}]},{"@type":"ImageObject","inLanguage":"fr-FR","@id":"https:\/\/poppersschweiz.com\/fr\/produit\/colt-snug-grip\/#primaryimage","url":"https:\/\/poppersschweiz.com\/wp-content\/uploads\/2023\/10\/KlikKlak-62.png","contentUrl":"https:\/\/poppersschweiz.com\/wp-content\/uploads\/2023\/10\/KlikKlak-62.png","width":600,"height":600},{"@type":"BreadcrumbList","@id":"https:\/\/poppersschweiz.com\/fr\/produit\/colt-snug-grip\/#breadcrumb","itemListElement":[{"@type":"ListItem","position":1,"name":"Page d'accueil","item":"https:\/\/poppersschweiz.com\/fr\/"},{"@type":"ListItem","position":2,"name":"Poppers, accessoires pour poppers et plus encore","item":"https:\/\/poppersschweiz.com\/fr\/poppers-accessoires-pour-poppers-et-plus-encore\/"},{"@type":"ListItem","position":3,"name":"COLT Snug Grip"}]},{"@type":"WebSite","@id":"https:\/\/poppersschweiz.com\/fr\/#website","url":"https:\/\/poppersschweiz.com\/fr\/","name":"poppersschweiz.com","description":"","potentialAction":[{"@type":"SearchAction","target":{"@type":"EntryPoint","urlTemplate":"https:\/\/poppersschweiz.com\/fr\/?s={search_term_string}"},"query-input":{"@type":"PropertyValueSpecification","valueRequired":true,"valueName":"search_term_string"}}],"inLanguage":"fr-FR"}]},"product_price_amount":"15.50","product_price_currency":"CHF","og_availability":"instock","product_availability":"instock","product_retailer_item_id":"T-COL-SNGR","product_condition":"new"},"_links":{"self":[{"href":"https:\/\/poppersschweiz.com\/fr\/wp-json\/wp\/v2\/product\/19370","targetHints":{"allow":["GET"]}}],"collection":[{"href":"https:\/\/poppersschweiz.com\/fr\/wp-json\/wp\/v2\/product"}],"about":[{"href":"https:\/\/poppersschweiz.com\/fr\/wp-json\/wp\/v2\/types\/product"}],"replies":[{"embeddable":true,"href":"https:\/\/poppersschweiz.com\/fr\/wp-json\/wp\/v2\/comments?post=19370"}],"wp:featuredmedia":[{"embeddable":true,"href":"https:\/\/poppersschweiz.com\/fr\/wp-json\/wp\/v2\/media\/19371"}],"wp:attachment":[{"href":"https:\/\/poppersschweiz.com\/fr\/wp-json\/wp\/v2\/media?parent=19370"}],"wp:term":[{"taxonomy":"product_brand","embeddable":true,"href":"https:\/\/poppersschweiz.com\/fr\/wp-json\/wp\/v2\/product_brand?post=19370"},{"taxonomy":"product_cat","embeddable":true,"href":"https:\/\/poppersschweiz.com\/fr\/wp-json\/wp\/v2\/product_cat?post=19370"},{"taxonomy":"product_tag","embeddable":true,"href":"https:\/\/poppersschweiz.com\/fr\/wp-json\/wp\/v2\/product_tag?post=19370"}],"curies":[{"name":"wp","href":"https:\/\/api.w.org\/{rel}","templated":true}]}}