{"id":19379,"date":"2023-08-26T15:52:53","date_gmt":"2023-08-26T13:52:53","guid":{"rendered":"https:\/\/poppersschweiz.com\/product\/crisco-453g-lubrifiant-fisting\/"},"modified":"2025-12-13T03:15:32","modified_gmt":"2025-12-13T02:15:32","slug":"crisco-453g-lubrifiant-fisting","status":"publish","type":"product","link":"https:\/\/poppersschweiz.com\/fr\/produit\/crisco-453g-lubrifiant-fisting\/","title":{"rendered":"Crisco 453g Lubrifiant Fisting"},"content":{"rendered":"<div>La fameuse graisse \u00e0 frire des Etats-Unis &#8211; aux propri\u00e9t\u00e9s de glisse s\u00e9duisantes &#8211; sp\u00e9cialement adapt\u00e9e au <strong>fisting<\/strong>. Crisco est un lubrifiant \u00e0 forte teneur en huile et ne doit pas \u00eatre utilis\u00e9 avec des pr\u00e9servatifs en latex, des gants ou autres. Tu seras enthousiasm\u00e9 par la mani\u00e8re dont la graisse \u00e0 r\u00f4tir venue des \u00c9tats-Unis peut \u00eatre utilis\u00e9e comme un lubrifiant g\u00e9nial.<\/div>\n<div><strong>Contenu :<\/strong> 453 g<\/div>\n<p>Ingr\u00e9dients : Huile de soja, Huile de palme enti\u00e8rement hydrog\u00e9n\u00e9e, Huiles de palme et de soja partiellement hydrog\u00e9n\u00e9es, Emulsifiant : E471, Antioxydants : E319 &amp; E330<\/p>\n","protected":false},"excerpt":{"rendered":"<p>La fameuse graisse \u00e0 frire des Etats-Unis &#8211; aux propri\u00e9t\u00e9s de glisse s\u00e9duisantes &#8211; sp\u00e9cialement adapt\u00e9e au <strong>fisting<\/strong>.<\/p>\n","protected":false},"featured_media":19380,"comment_status":"open","ping_status":"closed","template":"","meta":{"_acf_changed":false,"_glsr_average":0,"_glsr_ranking":0,"_glsr_reviews":0},"product_brand":[],"product_cat":[548,569],"product_tag":[878,879],"class_list":{"0":"post-19379","1":"product","2":"type-product","3":"status-publish","4":"has-post-thumbnail","6":"product_cat-droguerie","7":"product_cat-lubrifiant","8":"product_tag-crisco-453-g-fr","9":"product_tag-crisco-453g-lubrifiant-fisting","11":"first","12":"instock","13":"taxable","14":"shipping-taxable","15":"purchasable","16":"product-type-simple"},"bundled_by":[],"bundle_stock_status":"instock","bundle_stock_quantity":null,"bundle_virtual":false,"bundle_layout":"","bundle_add_to_cart_form_location":"","bundle_editable_in_cart":false,"bundle_sold_individually_context":"","bundle_item_grouping":"","bundle_min_size":"","bundle_max_size":"","bundled_items":[],"bundle_sell_ids":[],"acf":[],"yoast_head":"<!-- This site is optimized with the Yoast SEO plugin v27.2 - https:\/\/yoast.com\/product\/yoast-seo-wordpress\/ -->\n<title>Crisco 453g Lubrifiant Fisting \u25b7 hier g\u00fcnstig kaufen | poppersschweiz.com<\/title>\n<meta name=\"description\" content=\"Crisco 453g Lubrifiant Fisting \u25b7 hier g\u00fcnstig online kaufen. Schneller Versand \u2713 Nur Original-Produkte \u2713 Jetzt kaufen &amp; Spa\u00df haben.\" \/>\n<meta name=\"robots\" content=\"index, follow, max-snippet:-1, max-image-preview:large, max-video-preview:-1\" \/>\n<link rel=\"canonical\" href=\"https:\/\/poppersschweiz.com\/fr\/produit\/crisco-453g-lubrifiant-fisting\/\" \/>\n<meta property=\"og:locale\" content=\"fr_FR\" \/>\n<meta property=\"og:type\" content=\"article\" \/>\n<meta property=\"og:title\" content=\"Crisco 453g Lubrifiant Fisting \u25b7 hier g\u00fcnstig kaufen | poppersschweiz.com\" \/>\n<meta property=\"og:description\" content=\"Crisco 453g Lubrifiant Fisting \u25b7 hier g\u00fcnstig online kaufen. Schneller Versand \u2713 Nur Original-Produkte \u2713 Jetzt kaufen &amp; Spa\u00df haben.\" \/>\n<meta property=\"og:url\" content=\"https:\/\/poppersschweiz.com\/fr\/produit\/crisco-453g-lubrifiant-fisting\/\" \/>\n<meta property=\"og:site_name\" content=\"poppersschweiz.com\" \/>\n<meta property=\"article:modified_time\" content=\"2025-12-13T02:15:32+00:00\" \/>\n<meta property=\"og:image\" content=\"https:\/\/poppersschweiz.com\/wp-content\/uploads\/2023\/08\/crisco-crisco-453-g.webp\" \/>\n\t<meta property=\"og:image:width\" content=\"1600\" \/>\n\t<meta property=\"og:image:height\" content=\"2048\" \/>\n\t<meta property=\"og:image:type\" content=\"image\/webp\" \/>\n<meta name=\"twitter:card\" content=\"summary_large_image\" \/>\n<meta name=\"twitter:label1\" content=\"Prix\" \/>\n\t<meta name=\"twitter:data1\" content=\"&#067;&#072;&#070;&nbsp;9.50\" \/>\n\t<meta name=\"twitter:label2\" content=\"Disponibilit\u00e9\" \/>\n\t<meta name=\"twitter:data2\" content=\"En stock\" \/>\n<script type=\"application\/ld+json\" class=\"yoast-schema-graph\">{\"@context\":\"https:\/\/schema.org\",\"@graph\":[{\"@type\":\"WebPage\",\"@id\":\"https:\/\/poppersschweiz.com\/fr\/produit\/crisco-453g-lubrifiant-fisting\/\",\"url\":\"https:\/\/poppersschweiz.com\/fr\/produit\/crisco-453g-lubrifiant-fisting\/\",\"name\":\"Crisco 453g Lubrifiant Fisting \u25b7 hier g\u00fcnstig kaufen | poppersschweiz.com\",\"isPartOf\":{\"@id\":\"https:\/\/poppersschweiz.com\/fr\/#website\"},\"primaryImageOfPage\":{\"@id\":\"https:\/\/poppersschweiz.com\/fr\/produit\/crisco-453g-lubrifiant-fisting\/#primaryimage\"},\"image\":{\"@id\":\"https:\/\/poppersschweiz.com\/fr\/produit\/crisco-453g-lubrifiant-fisting\/#primaryimage\"},\"thumbnailUrl\":\"https:\/\/poppersschweiz.com\/wp-content\/uploads\/2023\/08\/crisco-crisco-453-g.webp\",\"datePublished\":\"2023-08-26T13:52:53+00:00\",\"dateModified\":\"2025-12-13T02:15:32+00:00\",\"description\":\"Crisco 453g Lubrifiant Fisting \u25b7 hier g\u00fcnstig online kaufen. Schneller Versand \u2713 Nur Original-Produkte \u2713 Jetzt kaufen & Spa\u00df haben.\",\"breadcrumb\":{\"@id\":\"https:\/\/poppersschweiz.com\/fr\/produit\/crisco-453g-lubrifiant-fisting\/#breadcrumb\"},\"inLanguage\":\"fr-FR\",\"potentialAction\":[{\"@type\":\"ReadAction\",\"target\":[\"https:\/\/poppersschweiz.com\/fr\/produit\/crisco-453g-lubrifiant-fisting\/\"]}]},{\"@type\":\"ImageObject\",\"inLanguage\":\"fr-FR\",\"@id\":\"https:\/\/poppersschweiz.com\/fr\/produit\/crisco-453g-lubrifiant-fisting\/#primaryimage\",\"url\":\"https:\/\/poppersschweiz.com\/wp-content\/uploads\/2023\/08\/crisco-crisco-453-g.webp\",\"contentUrl\":\"https:\/\/poppersschweiz.com\/wp-content\/uploads\/2023\/08\/crisco-crisco-453-g.webp\",\"width\":1600,\"height\":2048,\"caption\":\"Crisco 453 g\"},{\"@type\":\"BreadcrumbList\",\"@id\":\"https:\/\/poppersschweiz.com\/fr\/produit\/crisco-453g-lubrifiant-fisting\/#breadcrumb\",\"itemListElement\":[{\"@type\":\"ListItem\",\"position\":1,\"name\":\"Page d'accueil\",\"item\":\"https:\/\/poppersschweiz.com\/fr\/\"},{\"@type\":\"ListItem\",\"position\":2,\"name\":\"Poppers, accessoires pour poppers et plus encore\",\"item\":\"https:\/\/poppersschweiz.com\/fr\/poppers-accessoires-pour-poppers-et-plus-encore\/\"},{\"@type\":\"ListItem\",\"position\":3,\"name\":\"Crisco 453g Lubrifiant Fisting\"}]},{\"@type\":\"WebSite\",\"@id\":\"https:\/\/poppersschweiz.com\/fr\/#website\",\"url\":\"https:\/\/poppersschweiz.com\/fr\/\",\"name\":\"poppersschweiz.com\",\"description\":\"\",\"potentialAction\":[{\"@type\":\"SearchAction\",\"target\":{\"@type\":\"EntryPoint\",\"urlTemplate\":\"https:\/\/poppersschweiz.com\/fr\/?s={search_term_string}\"},\"query-input\":{\"@type\":\"PropertyValueSpecification\",\"valueRequired\":true,\"valueName\":\"search_term_string\"}}],\"inLanguage\":\"fr-FR\"}]}<\/script>\n<meta property=\"product:price:amount\" content=\"9.50\" \/>\n<meta property=\"product:price:currency\" content=\"CHF\" \/>\n<meta property=\"og:availability\" content=\"instock\" \/>\n<meta property=\"product:availability\" content=\"instock\" \/>\n<meta property=\"product:retailer_item_id\" content=\"CRI-453\" \/>\n<meta property=\"product:condition\" content=\"new\" \/>\n<!-- \/ Yoast SEO plugin. -->","yoast_head_json":{"title":"Crisco 453g Lubrifiant Fisting \u25b7 hier g\u00fcnstig kaufen | poppersschweiz.com","description":"Crisco 453g Lubrifiant Fisting \u25b7 hier g\u00fcnstig online kaufen. Schneller Versand \u2713 Nur Original-Produkte \u2713 Jetzt kaufen & Spa\u00df haben.","robots":{"index":"index","follow":"follow","max-snippet":"max-snippet:-1","max-image-preview":"max-image-preview:large","max-video-preview":"max-video-preview:-1"},"canonical":"https:\/\/poppersschweiz.com\/fr\/produit\/crisco-453g-lubrifiant-fisting\/","og_locale":"fr_FR","og_type":"article","og_title":"Crisco 453g Lubrifiant Fisting \u25b7 hier g\u00fcnstig kaufen | poppersschweiz.com","og_description":"Crisco 453g Lubrifiant Fisting \u25b7 hier g\u00fcnstig online kaufen. Schneller Versand \u2713 Nur Original-Produkte \u2713 Jetzt kaufen & Spa\u00df haben.","og_url":"https:\/\/poppersschweiz.com\/fr\/produit\/crisco-453g-lubrifiant-fisting\/","og_site_name":"poppersschweiz.com","article_modified_time":"2025-12-13T02:15:32+00:00","og_image":[{"width":1600,"height":2048,"url":"https:\/\/poppersschweiz.com\/wp-content\/uploads\/2023\/08\/crisco-crisco-453-g.webp","type":"image\/webp"}],"twitter_card":"summary_large_image","twitter_misc":{"Prix":"&#67;&#72;&#70;&nbsp;9.50","Disponibilit\u00e9":"En stock"},"schema":{"@context":"https:\/\/schema.org","@graph":[{"@type":"WebPage","@id":"https:\/\/poppersschweiz.com\/fr\/produit\/crisco-453g-lubrifiant-fisting\/","url":"https:\/\/poppersschweiz.com\/fr\/produit\/crisco-453g-lubrifiant-fisting\/","name":"Crisco 453g Lubrifiant Fisting \u25b7 hier g\u00fcnstig kaufen | poppersschweiz.com","isPartOf":{"@id":"https:\/\/poppersschweiz.com\/fr\/#website"},"primaryImageOfPage":{"@id":"https:\/\/poppersschweiz.com\/fr\/produit\/crisco-453g-lubrifiant-fisting\/#primaryimage"},"image":{"@id":"https:\/\/poppersschweiz.com\/fr\/produit\/crisco-453g-lubrifiant-fisting\/#primaryimage"},"thumbnailUrl":"https:\/\/poppersschweiz.com\/wp-content\/uploads\/2023\/08\/crisco-crisco-453-g.webp","datePublished":"2023-08-26T13:52:53+00:00","dateModified":"2025-12-13T02:15:32+00:00","description":"Crisco 453g Lubrifiant Fisting \u25b7 hier g\u00fcnstig online kaufen. Schneller Versand \u2713 Nur Original-Produkte \u2713 Jetzt kaufen & Spa\u00df haben.","breadcrumb":{"@id":"https:\/\/poppersschweiz.com\/fr\/produit\/crisco-453g-lubrifiant-fisting\/#breadcrumb"},"inLanguage":"fr-FR","potentialAction":[{"@type":"ReadAction","target":["https:\/\/poppersschweiz.com\/fr\/produit\/crisco-453g-lubrifiant-fisting\/"]}]},{"@type":"ImageObject","inLanguage":"fr-FR","@id":"https:\/\/poppersschweiz.com\/fr\/produit\/crisco-453g-lubrifiant-fisting\/#primaryimage","url":"https:\/\/poppersschweiz.com\/wp-content\/uploads\/2023\/08\/crisco-crisco-453-g.webp","contentUrl":"https:\/\/poppersschweiz.com\/wp-content\/uploads\/2023\/08\/crisco-crisco-453-g.webp","width":1600,"height":2048,"caption":"Crisco 453 g"},{"@type":"BreadcrumbList","@id":"https:\/\/poppersschweiz.com\/fr\/produit\/crisco-453g-lubrifiant-fisting\/#breadcrumb","itemListElement":[{"@type":"ListItem","position":1,"name":"Page d'accueil","item":"https:\/\/poppersschweiz.com\/fr\/"},{"@type":"ListItem","position":2,"name":"Poppers, accessoires pour poppers et plus encore","item":"https:\/\/poppersschweiz.com\/fr\/poppers-accessoires-pour-poppers-et-plus-encore\/"},{"@type":"ListItem","position":3,"name":"Crisco 453g Lubrifiant Fisting"}]},{"@type":"WebSite","@id":"https:\/\/poppersschweiz.com\/fr\/#website","url":"https:\/\/poppersschweiz.com\/fr\/","name":"poppersschweiz.com","description":"","potentialAction":[{"@type":"SearchAction","target":{"@type":"EntryPoint","urlTemplate":"https:\/\/poppersschweiz.com\/fr\/?s={search_term_string}"},"query-input":{"@type":"PropertyValueSpecification","valueRequired":true,"valueName":"search_term_string"}}],"inLanguage":"fr-FR"}]},"product_price_amount":"9.50","product_price_currency":"CHF","og_availability":"instock","product_availability":"instock","product_retailer_item_id":"CRI-453","product_condition":"new"},"_links":{"self":[{"href":"https:\/\/poppersschweiz.com\/fr\/wp-json\/wp\/v2\/product\/19379","targetHints":{"allow":["GET"]}}],"collection":[{"href":"https:\/\/poppersschweiz.com\/fr\/wp-json\/wp\/v2\/product"}],"about":[{"href":"https:\/\/poppersschweiz.com\/fr\/wp-json\/wp\/v2\/types\/product"}],"replies":[{"embeddable":true,"href":"https:\/\/poppersschweiz.com\/fr\/wp-json\/wp\/v2\/comments?post=19379"}],"wp:featuredmedia":[{"embeddable":true,"href":"https:\/\/poppersschweiz.com\/fr\/wp-json\/wp\/v2\/media\/19380"}],"wp:attachment":[{"href":"https:\/\/poppersschweiz.com\/fr\/wp-json\/wp\/v2\/media?parent=19379"}],"wp:term":[{"taxonomy":"product_brand","embeddable":true,"href":"https:\/\/poppersschweiz.com\/fr\/wp-json\/wp\/v2\/product_brand?post=19379"},{"taxonomy":"product_cat","embeddable":true,"href":"https:\/\/poppersschweiz.com\/fr\/wp-json\/wp\/v2\/product_cat?post=19379"},{"taxonomy":"product_tag","embeddable":true,"href":"https:\/\/poppersschweiz.com\/fr\/wp-json\/wp\/v2\/product_tag?post=19379"}],"curies":[{"name":"wp","href":"https:\/\/api.w.org\/{rel}","templated":true}]}}