{"id":19381,"date":"2023-09-17T15:33:07","date_gmt":"2023-09-17T13:33:07","guid":{"rendered":"https:\/\/poppersschweiz.com\/product\/boy-19-masturbateur-teen-twink-cyrus-stark\/"},"modified":"2023-09-17T15:33:07","modified_gmt":"2023-09-17T13:33:07","slug":"boy-19-masturbateur-teen-twink-cyrus-stark","status":"publish","type":"product","link":"https:\/\/poppersschweiz.com\/fr\/produit\/boy-19-masturbateur-teen-twink-cyrus-stark\/","title":{"rendered":"Boy 19 ! Masturbateur Teen Twink &#8211; Cyrus Stark"},"content":{"rendered":"<p>Ne te laisse pas berner par son doux visage et ses yeux bleus. Cyrus Stark aime la vie sauvage. En bas ou en haut, tout fonctionne pour lui ! Merci \u00e0 Boy 19 ! Maintenant, tu peux avoir sa bouche affam\u00e9e quand tu veux. Ce masturbateur a \u00e9t\u00e9 moul\u00e9 en d\u00e9tail par la star du porno elle-m\u00eame, tu reconna\u00eetras ses l\u00e8vres sexy d\u00e8s que tu les verras !<\/p>\n<p>Le Stroker de Cyrus Stark est fabriqu\u00e9 en TPR sans phtalate et dispose d&rsquo;un tunnel structur\u00e9 pour de v\u00e9ritables sensations de fellation. Le masturbateur est lisse et souple, ce qui te permet de le presser avec la main pendant l&rsquo;action afin d&rsquo;obtenir une stimulation plus forte. .<\/p>\n<p>Le cou \u00e9troit est aussi d\u00e9licieux qu&rsquo;il peut l&rsquo;\u00eatre. Nous recommandons d&rsquo;utiliser un lubrifiant \u00e0 base d&rsquo;eau pour profiter pleinement de l&rsquo;exp\u00e9rience. Nettoie soigneusement ton masturbateur apr\u00e8s utilisation avec de l&rsquo;eau ti\u00e8de et du savon doux. Laisse-le s\u00e9cher \u00e0 l&rsquo;air libre et applique du Toy Cleaner.<\/p>\n<p>D\u00e9tails du produit :<br \/>\n&#8211; moul\u00e9 par Cyrus Stark lui-m\u00eame<br \/>\n&#8211; tunnel int\u00e9rieur structur\u00e9 pour des sensations semblables \u00e0 la fellation<br \/>\n&#8211; compatible avec les lubrifiants \u00e0 base d&rsquo;eau<br \/>\n&#8211; TPR sans phtalate Longueur totale : environ 15 cm<br \/>\nDiam\u00e8tre : environ 5 &#8211; 6 cm<br \/>\nMat\u00e9riau : TPR<br \/>\nCouleur : peau claire<\/p>\n","protected":false},"excerpt":{"rendered":"<p>Ne te laisse pas berner par son doux visage et ses yeux bleus.  <strong>Cyrus Stark aime la vie sauvage.<\/strong>  En bas ou en haut, tout fonctionne pour lui !<\/p>\n","protected":false},"featured_media":19382,"comment_status":"open","ping_status":"closed","template":"","meta":{"_acf_changed":false,"_glsr_average":0,"_glsr_ranking":0,"_glsr_reviews":0},"product_brand":[],"product_cat":[544,560],"product_tag":[712],"class_list":{"0":"post-19381","1":"product","2":"type-product","3":"status-publish","4":"has-post-thumbnail","6":"product_cat-jouets","7":"product_cat-masturbateurs","8":"product_tag-boy-19-masturbateur-teen-twink-cyrus-stark","10":"first","11":"instock","12":"taxable","13":"shipping-taxable","14":"purchasable","15":"product-type-simple"},"bundled_by":[],"bundle_stock_status":"instock","bundle_stock_quantity":null,"bundle_virtual":false,"bundle_layout":"","bundle_add_to_cart_form_location":"","bundle_editable_in_cart":false,"bundle_sold_individually_context":"","bundle_item_grouping":"","bundle_min_size":"","bundle_max_size":"","bundled_items":[],"bundle_sell_ids":[],"acf":[],"yoast_head":"<!-- This site is optimized with the Yoast SEO plugin v27.2 - https:\/\/yoast.com\/product\/yoast-seo-wordpress\/ -->\n<title>Boy 19 ! Masturbateur Teen Twink - Cyrus Stark \u25b7 hier g\u00fcnstig kaufen | poppersschweiz.com<\/title>\n<meta name=\"description\" content=\"Boy 19 ! Masturbateur Teen Twink - Cyrus Stark \u25b7 hier g\u00fcnstig online kaufen. Schneller Versand \u2713 Nur Original-Produkte \u2713 Jetzt kaufen &amp; Spa\u00df haben.\" \/>\n<meta name=\"robots\" content=\"index, follow, max-snippet:-1, max-image-preview:large, max-video-preview:-1\" \/>\n<link rel=\"canonical\" href=\"https:\/\/poppersschweiz.com\/fr\/produit\/boy-19-masturbateur-teen-twink-cyrus-stark\/\" \/>\n<meta property=\"og:locale\" content=\"fr_FR\" \/>\n<meta property=\"og:type\" content=\"article\" \/>\n<meta property=\"og:title\" content=\"Boy 19 ! Masturbateur Teen Twink - Cyrus Stark \u25b7 hier g\u00fcnstig kaufen | poppersschweiz.com\" \/>\n<meta property=\"og:description\" content=\"Boy 19 ! Masturbateur Teen Twink - Cyrus Stark \u25b7 hier g\u00fcnstig online kaufen. Schneller Versand \u2713 Nur Original-Produkte \u2713 Jetzt kaufen &amp; Spa\u00df haben.\" \/>\n<meta property=\"og:url\" content=\"https:\/\/poppersschweiz.com\/fr\/produit\/boy-19-masturbateur-teen-twink-cyrus-stark\/\" \/>\n<meta property=\"og:site_name\" content=\"poppersschweiz.com\" \/>\n<meta property=\"og:image\" content=\"https:\/\/poppersschweiz.com\/wp-content\/uploads\/2023\/09\/138669_image_1.jpg\" \/>\n\t<meta property=\"og:image:width\" content=\"1035\" \/>\n\t<meta property=\"og:image:height\" content=\"1035\" \/>\n\t<meta property=\"og:image:type\" content=\"image\/jpeg\" \/>\n<meta name=\"twitter:card\" content=\"summary_large_image\" \/>\n<meta name=\"twitter:label1\" content=\"Prix\" \/>\n\t<meta name=\"twitter:data1\" content=\"&#067;&#072;&#070;&nbsp;27.90\" \/>\n\t<meta name=\"twitter:label2\" content=\"Disponibilit\u00e9\" \/>\n\t<meta name=\"twitter:data2\" content=\"En stock\" \/>\n<script type=\"application\/ld+json\" class=\"yoast-schema-graph\">{\"@context\":\"https:\/\/schema.org\",\"@graph\":[{\"@type\":\"WebPage\",\"@id\":\"https:\/\/poppersschweiz.com\/fr\/produit\/boy-19-masturbateur-teen-twink-cyrus-stark\/\",\"url\":\"https:\/\/poppersschweiz.com\/fr\/produit\/boy-19-masturbateur-teen-twink-cyrus-stark\/\",\"name\":\"Boy 19 ! Masturbateur Teen Twink - Cyrus Stark \u25b7 hier g\u00fcnstig kaufen | poppersschweiz.com\",\"isPartOf\":{\"@id\":\"https:\/\/poppersschweiz.com\/fr\/#website\"},\"primaryImageOfPage\":{\"@id\":\"https:\/\/poppersschweiz.com\/fr\/produit\/boy-19-masturbateur-teen-twink-cyrus-stark\/#primaryimage\"},\"image\":{\"@id\":\"https:\/\/poppersschweiz.com\/fr\/produit\/boy-19-masturbateur-teen-twink-cyrus-stark\/#primaryimage\"},\"thumbnailUrl\":\"https:\/\/poppersschweiz.com\/wp-content\/uploads\/2023\/09\/138669_image_1.jpg\",\"datePublished\":\"2023-09-17T13:33:07+00:00\",\"description\":\"Boy 19 ! Masturbateur Teen Twink - Cyrus Stark \u25b7 hier g\u00fcnstig online kaufen. Schneller Versand \u2713 Nur Original-Produkte \u2713 Jetzt kaufen & Spa\u00df haben.\",\"breadcrumb\":{\"@id\":\"https:\/\/poppersschweiz.com\/fr\/produit\/boy-19-masturbateur-teen-twink-cyrus-stark\/#breadcrumb\"},\"inLanguage\":\"fr-FR\",\"potentialAction\":[{\"@type\":\"ReadAction\",\"target\":[\"https:\/\/poppersschweiz.com\/fr\/produit\/boy-19-masturbateur-teen-twink-cyrus-stark\/\"]}]},{\"@type\":\"ImageObject\",\"inLanguage\":\"fr-FR\",\"@id\":\"https:\/\/poppersschweiz.com\/fr\/produit\/boy-19-masturbateur-teen-twink-cyrus-stark\/#primaryimage\",\"url\":\"https:\/\/poppersschweiz.com\/wp-content\/uploads\/2023\/09\/138669_image_1.jpg\",\"contentUrl\":\"https:\/\/poppersschweiz.com\/wp-content\/uploads\/2023\/09\/138669_image_1.jpg\",\"width\":1035,\"height\":1035,\"caption\":\"Boy 19! Teen Twink Masturbator - Cyrus Stark\"},{\"@type\":\"BreadcrumbList\",\"@id\":\"https:\/\/poppersschweiz.com\/fr\/produit\/boy-19-masturbateur-teen-twink-cyrus-stark\/#breadcrumb\",\"itemListElement\":[{\"@type\":\"ListItem\",\"position\":1,\"name\":\"Page d'accueil\",\"item\":\"https:\/\/poppersschweiz.com\/fr\/\"},{\"@type\":\"ListItem\",\"position\":2,\"name\":\"Poppers, accessoires pour poppers et plus encore\",\"item\":\"https:\/\/poppersschweiz.com\/fr\/poppers-accessoires-pour-poppers-et-plus-encore\/\"},{\"@type\":\"ListItem\",\"position\":3,\"name\":\"Boy 19 ! Masturbateur Teen Twink &#8211; Cyrus Stark\"}]},{\"@type\":\"WebSite\",\"@id\":\"https:\/\/poppersschweiz.com\/fr\/#website\",\"url\":\"https:\/\/poppersschweiz.com\/fr\/\",\"name\":\"poppersschweiz.com\",\"description\":\"\",\"potentialAction\":[{\"@type\":\"SearchAction\",\"target\":{\"@type\":\"EntryPoint\",\"urlTemplate\":\"https:\/\/poppersschweiz.com\/fr\/?s={search_term_string}\"},\"query-input\":{\"@type\":\"PropertyValueSpecification\",\"valueRequired\":true,\"valueName\":\"search_term_string\"}}],\"inLanguage\":\"fr-FR\"}]}<\/script>\n<meta property=\"product:price:amount\" content=\"27.90\" \/>\n<meta property=\"product:price:currency\" content=\"CHF\" \/>\n<meta property=\"og:availability\" content=\"instock\" \/>\n<meta property=\"product:availability\" content=\"instock\" \/>\n<meta property=\"product:retailer_item_id\" content=\"T-BOY19-CS\" \/>\n<meta property=\"product:condition\" content=\"new\" \/>\n<!-- \/ Yoast SEO plugin. -->","yoast_head_json":{"title":"Boy 19 ! Masturbateur Teen Twink - Cyrus Stark \u25b7 hier g\u00fcnstig kaufen | poppersschweiz.com","description":"Boy 19 ! Masturbateur Teen Twink - Cyrus Stark \u25b7 hier g\u00fcnstig online kaufen. Schneller Versand \u2713 Nur Original-Produkte \u2713 Jetzt kaufen & Spa\u00df haben.","robots":{"index":"index","follow":"follow","max-snippet":"max-snippet:-1","max-image-preview":"max-image-preview:large","max-video-preview":"max-video-preview:-1"},"canonical":"https:\/\/poppersschweiz.com\/fr\/produit\/boy-19-masturbateur-teen-twink-cyrus-stark\/","og_locale":"fr_FR","og_type":"article","og_title":"Boy 19 ! Masturbateur Teen Twink - Cyrus Stark \u25b7 hier g\u00fcnstig kaufen | poppersschweiz.com","og_description":"Boy 19 ! Masturbateur Teen Twink - Cyrus Stark \u25b7 hier g\u00fcnstig online kaufen. Schneller Versand \u2713 Nur Original-Produkte \u2713 Jetzt kaufen & Spa\u00df haben.","og_url":"https:\/\/poppersschweiz.com\/fr\/produit\/boy-19-masturbateur-teen-twink-cyrus-stark\/","og_site_name":"poppersschweiz.com","og_image":[{"width":1035,"height":1035,"url":"https:\/\/poppersschweiz.com\/wp-content\/uploads\/2023\/09\/138669_image_1.jpg","type":"image\/jpeg"}],"twitter_card":"summary_large_image","twitter_misc":{"Prix":"&#67;&#72;&#70;&nbsp;27.90","Disponibilit\u00e9":"En stock"},"schema":{"@context":"https:\/\/schema.org","@graph":[{"@type":"WebPage","@id":"https:\/\/poppersschweiz.com\/fr\/produit\/boy-19-masturbateur-teen-twink-cyrus-stark\/","url":"https:\/\/poppersschweiz.com\/fr\/produit\/boy-19-masturbateur-teen-twink-cyrus-stark\/","name":"Boy 19 ! Masturbateur Teen Twink - Cyrus Stark \u25b7 hier g\u00fcnstig kaufen | poppersschweiz.com","isPartOf":{"@id":"https:\/\/poppersschweiz.com\/fr\/#website"},"primaryImageOfPage":{"@id":"https:\/\/poppersschweiz.com\/fr\/produit\/boy-19-masturbateur-teen-twink-cyrus-stark\/#primaryimage"},"image":{"@id":"https:\/\/poppersschweiz.com\/fr\/produit\/boy-19-masturbateur-teen-twink-cyrus-stark\/#primaryimage"},"thumbnailUrl":"https:\/\/poppersschweiz.com\/wp-content\/uploads\/2023\/09\/138669_image_1.jpg","datePublished":"2023-09-17T13:33:07+00:00","description":"Boy 19 ! Masturbateur Teen Twink - Cyrus Stark \u25b7 hier g\u00fcnstig online kaufen. Schneller Versand \u2713 Nur Original-Produkte \u2713 Jetzt kaufen & Spa\u00df haben.","breadcrumb":{"@id":"https:\/\/poppersschweiz.com\/fr\/produit\/boy-19-masturbateur-teen-twink-cyrus-stark\/#breadcrumb"},"inLanguage":"fr-FR","potentialAction":[{"@type":"ReadAction","target":["https:\/\/poppersschweiz.com\/fr\/produit\/boy-19-masturbateur-teen-twink-cyrus-stark\/"]}]},{"@type":"ImageObject","inLanguage":"fr-FR","@id":"https:\/\/poppersschweiz.com\/fr\/produit\/boy-19-masturbateur-teen-twink-cyrus-stark\/#primaryimage","url":"https:\/\/poppersschweiz.com\/wp-content\/uploads\/2023\/09\/138669_image_1.jpg","contentUrl":"https:\/\/poppersschweiz.com\/wp-content\/uploads\/2023\/09\/138669_image_1.jpg","width":1035,"height":1035,"caption":"Boy 19! Teen Twink Masturbator - Cyrus Stark"},{"@type":"BreadcrumbList","@id":"https:\/\/poppersschweiz.com\/fr\/produit\/boy-19-masturbateur-teen-twink-cyrus-stark\/#breadcrumb","itemListElement":[{"@type":"ListItem","position":1,"name":"Page d'accueil","item":"https:\/\/poppersschweiz.com\/fr\/"},{"@type":"ListItem","position":2,"name":"Poppers, accessoires pour poppers et plus encore","item":"https:\/\/poppersschweiz.com\/fr\/poppers-accessoires-pour-poppers-et-plus-encore\/"},{"@type":"ListItem","position":3,"name":"Boy 19 ! Masturbateur Teen Twink &#8211; Cyrus Stark"}]},{"@type":"WebSite","@id":"https:\/\/poppersschweiz.com\/fr\/#website","url":"https:\/\/poppersschweiz.com\/fr\/","name":"poppersschweiz.com","description":"","potentialAction":[{"@type":"SearchAction","target":{"@type":"EntryPoint","urlTemplate":"https:\/\/poppersschweiz.com\/fr\/?s={search_term_string}"},"query-input":{"@type":"PropertyValueSpecification","valueRequired":true,"valueName":"search_term_string"}}],"inLanguage":"fr-FR"}]},"product_price_amount":"27.90","product_price_currency":"CHF","og_availability":"instock","product_availability":"instock","product_retailer_item_id":"T-BOY19-CS","product_condition":"new"},"_links":{"self":[{"href":"https:\/\/poppersschweiz.com\/fr\/wp-json\/wp\/v2\/product\/19381","targetHints":{"allow":["GET"]}}],"collection":[{"href":"https:\/\/poppersschweiz.com\/fr\/wp-json\/wp\/v2\/product"}],"about":[{"href":"https:\/\/poppersschweiz.com\/fr\/wp-json\/wp\/v2\/types\/product"}],"replies":[{"embeddable":true,"href":"https:\/\/poppersschweiz.com\/fr\/wp-json\/wp\/v2\/comments?post=19381"}],"wp:featuredmedia":[{"embeddable":true,"href":"https:\/\/poppersschweiz.com\/fr\/wp-json\/wp\/v2\/media\/19382"}],"wp:attachment":[{"href":"https:\/\/poppersschweiz.com\/fr\/wp-json\/wp\/v2\/media?parent=19381"}],"wp:term":[{"taxonomy":"product_brand","embeddable":true,"href":"https:\/\/poppersschweiz.com\/fr\/wp-json\/wp\/v2\/product_brand?post=19381"},{"taxonomy":"product_cat","embeddable":true,"href":"https:\/\/poppersschweiz.com\/fr\/wp-json\/wp\/v2\/product_cat?post=19381"},{"taxonomy":"product_tag","embeddable":true,"href":"https:\/\/poppersschweiz.com\/fr\/wp-json\/wp\/v2\/product_tag?post=19381"}],"curies":[{"name":"wp","href":"https:\/\/api.w.org\/{rel}","templated":true}]}}