{"id":19402,"date":"2023-09-17T20:31:38","date_gmt":"2023-09-17T18:31:38","guid":{"rendered":"https:\/\/poppersschweiz.com\/product\/boite-cadeau-poppers-noire-avec-4-bouteilles-de-poppers\/"},"modified":"2025-02-13T13:17:09","modified_gmt":"2025-02-13T12:17:09","slug":"boite-cadeau-poppers-noire-avec-4-bouteilles-de-poppers","status":"publish","type":"product","link":"https:\/\/poppersschweiz.com\/fr\/produit\/boite-cadeau-poppers-noire-avec-4-bouteilles-de-poppers\/","title":{"rendered":"Bo\u00eete cadeau Poppers noire avec 4 bouteilles de Poppers"},"content":{"rendered":"<p><span style=\"font-weight: 400;\">Tu cherches un cadeau pour un fan de poppers ou pour toi-m\u00eame ? Notre bo\u00eete cadeau Poppers noire contenant 4 bouteilles de Poppers attirera l&rsquo;attention de la personne \u00e0 qui tu l&rsquo;offres. Ce coffret cadeau contient les 5 produits suivants :<\/span><\/p>\n<ul>\n<li><a href=\"https:\/\/poppersschweiz.com\/produkt\/swiss-premium-juice-poppers-10ml-2\/\"><br \/>\n  <strong>Swiss Premium Juice Poppers 10ml<\/strong><br \/>\n<\/a> Le Swiss Premium Juice Poppers 10ml est nouveau sur le march\u00e9 suisse depuis 2022. Il est bas\u00e9 sur le nitrite de pentyle original. Ce puissant poppers Swiss Premium Juice de tr\u00e8s haute qualit\u00e9 te donne le coup de fouet ultime pour ta prochaine session de sexe suisse.<\/li>\n<li><a href=\"https:\/\/poppersschweiz.com\/produkt\/kinky-monster-extreme-poppers-10ml\/\"><br \/>\n  <strong>Kinky Monster Extreme Poppers 10ml<\/strong><br \/>\n<\/a>Kinky Monster Extreme Poppers 10ml s&rsquo;adresse \u00e0 tous les kinksters et est synonyme de poppers encore plus fort et encore plus durable. En outre, les bouteilles de Kinky Monster Poppers contiennent du nitrite de pentyle particuli\u00e8rement pur et hautement concentr\u00e9. Les poppers Kinky Monster existent en 8 vari\u00e9t\u00e9s diff\u00e9rentes. Kinky Monster Extreme fait partie des poppers les plus puissants. Nous avons con\u00e7u ce poppers pour tous les fans de sneakers et de sox. Tu aimes aussi les tracksuits d&rsquo;Adidas, les baskets ou les Speedo moulants ? Ce poppers fait partie de ta prochaine session de baskets, de tracksuits et de Sox.<\/li>\n<li><a href=\"https:\/\/poppersschweiz.com\/produkt\/pervert-subboy-poppers-10ml\/\"><strong>PERVERT SUBBOY Poppers 10ml :<\/strong> <\/a><strong>PERVERT SUBBOY Poppers 10ml<\/strong> est sur le march\u00e9 depuis 2023 et contient l&rsquo;ancien v\u00e9ritable nitrite de pentyle. Ce poppers ne doit en aucun cas manquer lors de ta prochaine session DOM et SUB. Gr\u00e2ce \u00e0 la <strong>force 6 de<\/strong> ce flacon, n&rsquo;importe quel gar\u00e7on normal devient un SUBBOY soumis et d\u00e9vou\u00e9. PERVERT SUBBOY Poppers est \u00e9galement disponible en flacon de 24 ml.<\/li>\n<li><a href=\"https:\/\/poppersschweiz.com\/produkt\/sox-snffr-premium-poppers-10ml\/\"><br \/>\n  <strong>SOX SNFFR Premium Poppers 24ml<\/strong><br \/>\n<\/a>: <strong>SOX SNFFR Premium Poppers 24ml<\/strong> est sur le march\u00e9 depuis 2023 et contient l&rsquo;ancien vrai nitrite de pentyle. Ce poppers ne doit en aucun cas manquer \u00e0 ta prochaine session de Sox et de sneakers endiabl\u00e9s. Gr\u00e2ce \u00e0 la <strong>force 6 de<\/strong> cette bouteille, toi et tous les skateurs et sneakers boys, vous \u00eates en pleine forme. SOX SNFFR Premium Poppers est \u00e9galement disponible en flacon de 10 ml.<\/li>\n<li><strong><a href=\"https:\/\/poppersschweiz.com\/produkt\/poppers-aufbewahrungs-depot-fuer-4-flaschen-schwarz\/\">D\u00e9p\u00f4t de rangement Poppers pour 4 bouteilles noir<\/a>: <\/strong>Le d\u00e9p\u00f4t de rangement r\u00e9volutionnaire Poppers r\u00e9sout un probl\u00e8me bien connu : les bouteilles tra\u00eenent jusqu&rsquo;\u00e0 la prochaine utilisation, sont rang\u00e9es dans un tiroir ou dans une armoire f\u00e9tiche. Avec le d\u00e9p\u00f4t de stockage de poppers, les bouteilles sont garanties de rester debout et de ne pas tomber pendant le stockage. De plus, ce produit pratique pour le rangement donne aux poppers une place fixe et s\u00fbre dans ton tiroir, sur ton bureau, dans ton armoire f\u00e9tiche ou sur ta table de nuit. Cr\u00e9e de l&rsquo;ordre et donne \u00e0 tes bouteilles une place s\u00fbre et fixe. Ce mod\u00e8le peut accueillir<strong> 3 petites bouteilles rondes<\/strong> ou<strong> XTRM Booster Cap<\/strong> et <strong>une bouteille ovale de Shelbora ou Oxymoron.<\/strong><\/li>\n<\/ul>\n","protected":false},"excerpt":{"rendered":"<p>Ingr\u00e9dient : nitrite de pentyle &#8211; vente \u00e0 partir de 18 ans &#8211; non destin\u00e9 \u00e0 la consommation humaine<\/p>\n","protected":false},"featured_media":19403,"comment_status":"open","ping_status":"closed","template":"","meta":{"_acf_changed":false,"_glsr_average":0,"_glsr_ranking":0,"_glsr_reviews":0},"product_brand":[],"product_cat":[534,530],"product_tag":[700],"class_list":{"0":"post-19402","1":"product","2":"type-product","3":"status-publish","4":"has-post-thumbnail","6":"product_cat-paquets-economiques-poppers","7":"product_cat-poppers-suisse","8":"product_tag-boite-cadeau-poppers-noire-avec-4-bouteilles-de-poppers","10":"first","11":"instock","12":"sale","13":"taxable","14":"shipping-taxable","15":"purchasable","16":"product-type-simple"},"bundled_by":[],"bundle_stock_status":"instock","bundle_stock_quantity":null,"bundle_virtual":false,"bundle_layout":"","bundle_add_to_cart_form_location":"","bundle_editable_in_cart":false,"bundle_sold_individually_context":"","bundle_item_grouping":"","bundle_min_size":"","bundle_max_size":"","bundled_items":[],"bundle_sell_ids":[],"acf":[],"yoast_head":"<!-- This site is optimized with the Yoast SEO plugin v27.2 - https:\/\/yoast.com\/product\/yoast-seo-wordpress\/ -->\n<title>Bo\u00eete cadeau Poppers noire avec 4 bouteilles de Poppers \u25b7 hier g\u00fcnstig kaufen | poppersschweiz.com<\/title>\n<meta name=\"description\" content=\"Bo\u00eete cadeau Poppers noire avec 4 bouteilles de Poppers \u25b7 hier g\u00fcnstig online kaufen. Schneller Versand \u2713 Nur Original-Produkte \u2713 Jetzt kaufen &amp; Spa\u00df haben.\" \/>\n<meta name=\"robots\" content=\"index, follow, max-snippet:-1, max-image-preview:large, max-video-preview:-1\" \/>\n<link rel=\"canonical\" href=\"https:\/\/poppersschweiz.com\/fr\/produit\/boite-cadeau-poppers-noire-avec-4-bouteilles-de-poppers\/\" \/>\n<meta property=\"og:locale\" content=\"fr_FR\" \/>\n<meta property=\"og:type\" content=\"article\" \/>\n<meta property=\"og:title\" content=\"Bo\u00eete cadeau Poppers noire avec 4 bouteilles de Poppers \u25b7 hier g\u00fcnstig kaufen | poppersschweiz.com\" \/>\n<meta property=\"og:description\" content=\"Bo\u00eete cadeau Poppers noire avec 4 bouteilles de Poppers \u25b7 hier g\u00fcnstig online kaufen. Schneller Versand \u2713 Nur Original-Produkte \u2713 Jetzt kaufen &amp; Spa\u00df haben.\" \/>\n<meta property=\"og:url\" content=\"https:\/\/poppersschweiz.com\/fr\/produit\/boite-cadeau-poppers-noire-avec-4-bouteilles-de-poppers\/\" \/>\n<meta property=\"og:site_name\" content=\"poppersschweiz.com\" \/>\n<meta property=\"article:modified_time\" content=\"2025-02-13T12:17:09+00:00\" \/>\n<meta property=\"og:image\" content=\"https:\/\/poppersschweiz.com\/wp-content\/uploads\/2024\/01\/185.png\" \/>\n\t<meta property=\"og:image:width\" content=\"600\" \/>\n\t<meta property=\"og:image:height\" content=\"600\" \/>\n\t<meta property=\"og:image:type\" content=\"image\/png\" \/>\n<meta name=\"twitter:card\" content=\"summary_large_image\" \/>\n<meta name=\"twitter:label1\" content=\"Prix\" \/>\n\t<meta name=\"twitter:data1\" content=\"&#067;&#072;&#070;&nbsp;69.80\" \/>\n\t<meta name=\"twitter:label2\" content=\"Disponibilit\u00e9\" \/>\n\t<meta name=\"twitter:data2\" content=\"En stock\" \/>\n<script type=\"application\/ld+json\" class=\"yoast-schema-graph\">{\"@context\":\"https:\/\/schema.org\",\"@graph\":[{\"@type\":\"WebPage\",\"@id\":\"https:\/\/poppersschweiz.com\/fr\/produit\/boite-cadeau-poppers-noire-avec-4-bouteilles-de-poppers\/\",\"url\":\"https:\/\/poppersschweiz.com\/fr\/produit\/boite-cadeau-poppers-noire-avec-4-bouteilles-de-poppers\/\",\"name\":\"Bo\u00eete cadeau Poppers noire avec 4 bouteilles de Poppers \u25b7 hier g\u00fcnstig kaufen | poppersschweiz.com\",\"isPartOf\":{\"@id\":\"https:\/\/poppersschweiz.com\/fr\/#website\"},\"primaryImageOfPage\":{\"@id\":\"https:\/\/poppersschweiz.com\/fr\/produit\/boite-cadeau-poppers-noire-avec-4-bouteilles-de-poppers\/#primaryimage\"},\"image\":{\"@id\":\"https:\/\/poppersschweiz.com\/fr\/produit\/boite-cadeau-poppers-noire-avec-4-bouteilles-de-poppers\/#primaryimage\"},\"thumbnailUrl\":\"https:\/\/poppersschweiz.com\/wp-content\/uploads\/2024\/01\/185.png\",\"datePublished\":\"2023-09-17T18:31:38+00:00\",\"dateModified\":\"2025-02-13T12:17:09+00:00\",\"description\":\"Bo\u00eete cadeau Poppers noire avec 4 bouteilles de Poppers \u25b7 hier g\u00fcnstig online kaufen. Schneller Versand \u2713 Nur Original-Produkte \u2713 Jetzt kaufen & Spa\u00df haben.\",\"breadcrumb\":{\"@id\":\"https:\/\/poppersschweiz.com\/fr\/produit\/boite-cadeau-poppers-noire-avec-4-bouteilles-de-poppers\/#breadcrumb\"},\"inLanguage\":\"fr-FR\",\"potentialAction\":[{\"@type\":\"ReadAction\",\"target\":[\"https:\/\/poppersschweiz.com\/fr\/produit\/boite-cadeau-poppers-noire-avec-4-bouteilles-de-poppers\/\"]}]},{\"@type\":\"ImageObject\",\"inLanguage\":\"fr-FR\",\"@id\":\"https:\/\/poppersschweiz.com\/fr\/produit\/boite-cadeau-poppers-noire-avec-4-bouteilles-de-poppers\/#primaryimage\",\"url\":\"https:\/\/poppersschweiz.com\/wp-content\/uploads\/2024\/01\/185.png\",\"contentUrl\":\"https:\/\/poppersschweiz.com\/wp-content\/uploads\/2024\/01\/185.png\",\"width\":600,\"height\":600},{\"@type\":\"BreadcrumbList\",\"@id\":\"https:\/\/poppersschweiz.com\/fr\/produit\/boite-cadeau-poppers-noire-avec-4-bouteilles-de-poppers\/#breadcrumb\",\"itemListElement\":[{\"@type\":\"ListItem\",\"position\":1,\"name\":\"Page d'accueil\",\"item\":\"https:\/\/poppersschweiz.com\/fr\/\"},{\"@type\":\"ListItem\",\"position\":2,\"name\":\"Poppers, accessoires pour poppers et plus encore\",\"item\":\"https:\/\/poppersschweiz.com\/fr\/poppers-accessoires-pour-poppers-et-plus-encore\/\"},{\"@type\":\"ListItem\",\"position\":3,\"name\":\"Bo\u00eete cadeau Poppers noire avec 4 bouteilles de Poppers\"}]},{\"@type\":\"WebSite\",\"@id\":\"https:\/\/poppersschweiz.com\/fr\/#website\",\"url\":\"https:\/\/poppersschweiz.com\/fr\/\",\"name\":\"poppersschweiz.com\",\"description\":\"\",\"potentialAction\":[{\"@type\":\"SearchAction\",\"target\":{\"@type\":\"EntryPoint\",\"urlTemplate\":\"https:\/\/poppersschweiz.com\/fr\/?s={search_term_string}\"},\"query-input\":{\"@type\":\"PropertyValueSpecification\",\"valueRequired\":true,\"valueName\":\"search_term_string\"}}],\"inLanguage\":\"fr-FR\"}]}<\/script>\n<meta property=\"product:price:amount\" content=\"69.80\" \/>\n<meta property=\"product:price:currency\" content=\"CHF\" \/>\n<meta property=\"og:availability\" content=\"instock\" \/>\n<meta property=\"product:availability\" content=\"instock\" \/>\n<meta property=\"product:retailer_item_id\" content=\"1x XTRM-DE-4S, 1x SPJ10, 1x KM-E10, 1x PSB10, 1x SOX24\" \/>\n<meta property=\"product:condition\" content=\"new\" \/>\n<!-- \/ Yoast SEO plugin. -->","yoast_head_json":{"title":"Bo\u00eete cadeau Poppers noire avec 4 bouteilles de Poppers \u25b7 hier g\u00fcnstig kaufen | poppersschweiz.com","description":"Bo\u00eete cadeau Poppers noire avec 4 bouteilles de Poppers \u25b7 hier g\u00fcnstig online kaufen. Schneller Versand \u2713 Nur Original-Produkte \u2713 Jetzt kaufen & Spa\u00df haben.","robots":{"index":"index","follow":"follow","max-snippet":"max-snippet:-1","max-image-preview":"max-image-preview:large","max-video-preview":"max-video-preview:-1"},"canonical":"https:\/\/poppersschweiz.com\/fr\/produit\/boite-cadeau-poppers-noire-avec-4-bouteilles-de-poppers\/","og_locale":"fr_FR","og_type":"article","og_title":"Bo\u00eete cadeau Poppers noire avec 4 bouteilles de Poppers \u25b7 hier g\u00fcnstig kaufen | poppersschweiz.com","og_description":"Bo\u00eete cadeau Poppers noire avec 4 bouteilles de Poppers \u25b7 hier g\u00fcnstig online kaufen. Schneller Versand \u2713 Nur Original-Produkte \u2713 Jetzt kaufen & Spa\u00df haben.","og_url":"https:\/\/poppersschweiz.com\/fr\/produit\/boite-cadeau-poppers-noire-avec-4-bouteilles-de-poppers\/","og_site_name":"poppersschweiz.com","article_modified_time":"2025-02-13T12:17:09+00:00","og_image":[{"width":600,"height":600,"url":"https:\/\/poppersschweiz.com\/wp-content\/uploads\/2024\/01\/185.png","type":"image\/png"}],"twitter_card":"summary_large_image","twitter_misc":{"Prix":"&#67;&#72;&#70;&nbsp;69.80","Disponibilit\u00e9":"En stock"},"schema":{"@context":"https:\/\/schema.org","@graph":[{"@type":"WebPage","@id":"https:\/\/poppersschweiz.com\/fr\/produit\/boite-cadeau-poppers-noire-avec-4-bouteilles-de-poppers\/","url":"https:\/\/poppersschweiz.com\/fr\/produit\/boite-cadeau-poppers-noire-avec-4-bouteilles-de-poppers\/","name":"Bo\u00eete cadeau Poppers noire avec 4 bouteilles de Poppers \u25b7 hier g\u00fcnstig kaufen | poppersschweiz.com","isPartOf":{"@id":"https:\/\/poppersschweiz.com\/fr\/#website"},"primaryImageOfPage":{"@id":"https:\/\/poppersschweiz.com\/fr\/produit\/boite-cadeau-poppers-noire-avec-4-bouteilles-de-poppers\/#primaryimage"},"image":{"@id":"https:\/\/poppersschweiz.com\/fr\/produit\/boite-cadeau-poppers-noire-avec-4-bouteilles-de-poppers\/#primaryimage"},"thumbnailUrl":"https:\/\/poppersschweiz.com\/wp-content\/uploads\/2024\/01\/185.png","datePublished":"2023-09-17T18:31:38+00:00","dateModified":"2025-02-13T12:17:09+00:00","description":"Bo\u00eete cadeau Poppers noire avec 4 bouteilles de Poppers \u25b7 hier g\u00fcnstig online kaufen. Schneller Versand \u2713 Nur Original-Produkte \u2713 Jetzt kaufen & Spa\u00df haben.","breadcrumb":{"@id":"https:\/\/poppersschweiz.com\/fr\/produit\/boite-cadeau-poppers-noire-avec-4-bouteilles-de-poppers\/#breadcrumb"},"inLanguage":"fr-FR","potentialAction":[{"@type":"ReadAction","target":["https:\/\/poppersschweiz.com\/fr\/produit\/boite-cadeau-poppers-noire-avec-4-bouteilles-de-poppers\/"]}]},{"@type":"ImageObject","inLanguage":"fr-FR","@id":"https:\/\/poppersschweiz.com\/fr\/produit\/boite-cadeau-poppers-noire-avec-4-bouteilles-de-poppers\/#primaryimage","url":"https:\/\/poppersschweiz.com\/wp-content\/uploads\/2024\/01\/185.png","contentUrl":"https:\/\/poppersschweiz.com\/wp-content\/uploads\/2024\/01\/185.png","width":600,"height":600},{"@type":"BreadcrumbList","@id":"https:\/\/poppersschweiz.com\/fr\/produit\/boite-cadeau-poppers-noire-avec-4-bouteilles-de-poppers\/#breadcrumb","itemListElement":[{"@type":"ListItem","position":1,"name":"Page d'accueil","item":"https:\/\/poppersschweiz.com\/fr\/"},{"@type":"ListItem","position":2,"name":"Poppers, accessoires pour poppers et plus encore","item":"https:\/\/poppersschweiz.com\/fr\/poppers-accessoires-pour-poppers-et-plus-encore\/"},{"@type":"ListItem","position":3,"name":"Bo\u00eete cadeau Poppers noire avec 4 bouteilles de Poppers"}]},{"@type":"WebSite","@id":"https:\/\/poppersschweiz.com\/fr\/#website","url":"https:\/\/poppersschweiz.com\/fr\/","name":"poppersschweiz.com","description":"","potentialAction":[{"@type":"SearchAction","target":{"@type":"EntryPoint","urlTemplate":"https:\/\/poppersschweiz.com\/fr\/?s={search_term_string}"},"query-input":{"@type":"PropertyValueSpecification","valueRequired":true,"valueName":"search_term_string"}}],"inLanguage":"fr-FR"}]},"product_price_amount":"69.80","product_price_currency":"CHF","og_availability":"instock","product_availability":"instock","product_retailer_item_id":"1x XTRM-DE-4S, 1x SPJ10, 1x KM-E10, 1x PSB10, 1x SOX24","product_condition":"new"},"_links":{"self":[{"href":"https:\/\/poppersschweiz.com\/fr\/wp-json\/wp\/v2\/product\/19402","targetHints":{"allow":["GET"]}}],"collection":[{"href":"https:\/\/poppersschweiz.com\/fr\/wp-json\/wp\/v2\/product"}],"about":[{"href":"https:\/\/poppersschweiz.com\/fr\/wp-json\/wp\/v2\/types\/product"}],"replies":[{"embeddable":true,"href":"https:\/\/poppersschweiz.com\/fr\/wp-json\/wp\/v2\/comments?post=19402"}],"wp:featuredmedia":[{"embeddable":true,"href":"https:\/\/poppersschweiz.com\/fr\/wp-json\/wp\/v2\/media\/19403"}],"wp:attachment":[{"href":"https:\/\/poppersschweiz.com\/fr\/wp-json\/wp\/v2\/media?parent=19402"}],"wp:term":[{"taxonomy":"product_brand","embeddable":true,"href":"https:\/\/poppersschweiz.com\/fr\/wp-json\/wp\/v2\/product_brand?post=19402"},{"taxonomy":"product_cat","embeddable":true,"href":"https:\/\/poppersschweiz.com\/fr\/wp-json\/wp\/v2\/product_cat?post=19402"},{"taxonomy":"product_tag","embeddable":true,"href":"https:\/\/poppersschweiz.com\/fr\/wp-json\/wp\/v2\/product_tag?post=19402"}],"curies":[{"name":"wp","href":"https:\/\/api.w.org\/{rel}","templated":true}]}}