{"id":19407,"date":"2023-08-27T18:44:07","date_gmt":"2023-08-27T16:44:07","guid":{"rendered":"https:\/\/poppersschweiz.com\/product\/poppers-rangement-depot-pour-4-bouteilles-rouge\/"},"modified":"2023-08-27T18:44:07","modified_gmt":"2023-08-27T16:44:07","slug":"poppers-rangement-depot-pour-4-bouteilles-rouge","status":"publish","type":"product","link":"https:\/\/poppersschweiz.com\/fr\/produit\/poppers-rangement-depot-pour-4-bouteilles-rouge\/","title":{"rendered":"Poppers Rangement-D\u00e9p\u00f4t pour 4 bouteilles rouge"},"content":{"rendered":"<p><span style=\"font-weight: 400;\">Le d\u00e9p\u00f4t r\u00e9volutionnaire pour poppers r\u00e9sout un probl\u00e8me bien connu : les bouteilles tra\u00eenent jusqu&rsquo;\u00e0 la prochaine utilisation, sont rang\u00e9es dans un tiroir ou dans une armoire f\u00e9tiche. Avec le d\u00e9p\u00f4t de stockage de poppers, les bouteilles sont garanties de rester debout et de ne pas tomber pendant le stockage. De plus, ce produit pratique pour le rangement donne aux poppers une place fixe et s\u00fbre dans ton tiroir, sur ton bureau, dans ton armoire f\u00e9tiche ou sur ta table de nuit. Cr\u00e9e de l&rsquo;ordre et donne \u00e0 tes bouteilles une place s\u00fbre et fixe. <\/span><\/p>\n<p><span style=\"font-weight: 400;\">Ce mod\u00e8le peut accueillir <strong>3 petites bouteilles rondes<\/strong> ou XTRM Booster Cap et une bouteille ovale de Shelbora ou Oxymoron. Cet article comprend le d\u00e9p\u00f4t et non les bouteilles.<\/span><\/p>\n","protected":false},"excerpt":{"rendered":"<p><span style=\"font-weight: 400;\">Cr\u00e9e de l&rsquo;ordre et donne \u00e0 tes bouteilles une place s\u00fbre et fixe.<\/span><\/p>\n","protected":false},"featured_media":19409,"comment_status":"open","ping_status":"closed","template":"","meta":{"_acf_changed":false,"_glsr_average":0,"_glsr_ranking":0,"_glsr_reviews":0},"product_brand":[],"product_cat":[533,530],"product_tag":[813],"class_list":{"0":"post-19407","1":"product","2":"type-product","3":"status-publish","4":"has-post-thumbnail","6":"product_cat-accessoires-poppers","7":"product_cat-poppers-suisse","8":"product_tag-poppers-rangement-depot-pour-4-bouteilles-rouge","10":"first","11":"instock","12":"taxable","13":"shipping-taxable","14":"purchasable","15":"product-type-simple"},"bundled_by":[],"bundle_stock_status":"instock","bundle_stock_quantity":null,"bundle_virtual":false,"bundle_layout":"","bundle_add_to_cart_form_location":"","bundle_editable_in_cart":false,"bundle_sold_individually_context":"","bundle_item_grouping":"","bundle_min_size":"","bundle_max_size":"","bundled_items":[],"bundle_sell_ids":[],"acf":[],"yoast_head":"<!-- This site is optimized with the Yoast SEO plugin v27.2 - https:\/\/yoast.com\/product\/yoast-seo-wordpress\/ -->\n<title>Poppers Rangement-D\u00e9p\u00f4t pour 4 bouteilles rouge \u25b7 hier g\u00fcnstig kaufen | poppersschweiz.com<\/title>\n<meta name=\"description\" content=\"Poppers Rangement-D\u00e9p\u00f4t pour 4 bouteilles rouge \u25b7 hier g\u00fcnstig online kaufen. Schneller Versand \u2713 Nur Original-Produkte \u2713 Jetzt kaufen &amp; Spa\u00df haben.\" \/>\n<meta name=\"robots\" content=\"index, follow, max-snippet:-1, max-image-preview:large, max-video-preview:-1\" \/>\n<link rel=\"canonical\" href=\"https:\/\/poppersschweiz.com\/fr\/produit\/poppers-rangement-depot-pour-4-bouteilles-rouge\/\" \/>\n<meta property=\"og:locale\" content=\"fr_FR\" \/>\n<meta property=\"og:type\" content=\"article\" \/>\n<meta property=\"og:title\" content=\"Poppers Rangement-D\u00e9p\u00f4t pour 4 bouteilles rouge \u25b7 hier g\u00fcnstig kaufen | poppersschweiz.com\" \/>\n<meta property=\"og:description\" content=\"Poppers Rangement-D\u00e9p\u00f4t pour 4 bouteilles rouge \u25b7 hier g\u00fcnstig online kaufen. Schneller Versand \u2713 Nur Original-Produkte \u2713 Jetzt kaufen &amp; Spa\u00df haben.\" \/>\n<meta property=\"og:url\" content=\"https:\/\/poppersschweiz.com\/fr\/produit\/poppers-rangement-depot-pour-4-bouteilles-rouge\/\" \/>\n<meta property=\"og:site_name\" content=\"poppersschweiz.com\" \/>\n<meta property=\"og:image\" content=\"https:\/\/poppersschweiz.com\/wp-content\/uploads\/2024\/01\/182.png\" \/>\n\t<meta property=\"og:image:width\" content=\"600\" \/>\n\t<meta property=\"og:image:height\" content=\"600\" \/>\n\t<meta property=\"og:image:type\" content=\"image\/png\" \/>\n<meta name=\"twitter:card\" content=\"summary_large_image\" \/>\n<meta name=\"twitter:label1\" content=\"Prix\" \/>\n\t<meta name=\"twitter:data1\" content=\"&#067;&#072;&#070;&nbsp;17.60\" \/>\n\t<meta name=\"twitter:label2\" content=\"Disponibilit\u00e9\" \/>\n\t<meta name=\"twitter:data2\" content=\"En stock\" \/>\n<script type=\"application\/ld+json\" class=\"yoast-schema-graph\">{\"@context\":\"https:\/\/schema.org\",\"@graph\":[{\"@type\":\"WebPage\",\"@id\":\"https:\/\/poppersschweiz.com\/fr\/produit\/poppers-rangement-depot-pour-4-bouteilles-rouge\/\",\"url\":\"https:\/\/poppersschweiz.com\/fr\/produit\/poppers-rangement-depot-pour-4-bouteilles-rouge\/\",\"name\":\"Poppers Rangement-D\u00e9p\u00f4t pour 4 bouteilles rouge \u25b7 hier g\u00fcnstig kaufen | poppersschweiz.com\",\"isPartOf\":{\"@id\":\"https:\/\/poppersschweiz.com\/fr\/#website\"},\"primaryImageOfPage\":{\"@id\":\"https:\/\/poppersschweiz.com\/fr\/produit\/poppers-rangement-depot-pour-4-bouteilles-rouge\/#primaryimage\"},\"image\":{\"@id\":\"https:\/\/poppersschweiz.com\/fr\/produit\/poppers-rangement-depot-pour-4-bouteilles-rouge\/#primaryimage\"},\"thumbnailUrl\":\"https:\/\/poppersschweiz.com\/wp-content\/uploads\/2024\/01\/182.png\",\"datePublished\":\"2023-08-27T16:44:07+00:00\",\"description\":\"Poppers Rangement-D\u00e9p\u00f4t pour 4 bouteilles rouge \u25b7 hier g\u00fcnstig online kaufen. Schneller Versand \u2713 Nur Original-Produkte \u2713 Jetzt kaufen & Spa\u00df haben.\",\"breadcrumb\":{\"@id\":\"https:\/\/poppersschweiz.com\/fr\/produit\/poppers-rangement-depot-pour-4-bouteilles-rouge\/#breadcrumb\"},\"inLanguage\":\"fr-FR\",\"potentialAction\":[{\"@type\":\"ReadAction\",\"target\":[\"https:\/\/poppersschweiz.com\/fr\/produit\/poppers-rangement-depot-pour-4-bouteilles-rouge\/\"]}]},{\"@type\":\"ImageObject\",\"inLanguage\":\"fr-FR\",\"@id\":\"https:\/\/poppersschweiz.com\/fr\/produit\/poppers-rangement-depot-pour-4-bouteilles-rouge\/#primaryimage\",\"url\":\"https:\/\/poppersschweiz.com\/wp-content\/uploads\/2024\/01\/182.png\",\"contentUrl\":\"https:\/\/poppersschweiz.com\/wp-content\/uploads\/2024\/01\/182.png\",\"width\":600,\"height\":600},{\"@type\":\"BreadcrumbList\",\"@id\":\"https:\/\/poppersschweiz.com\/fr\/produit\/poppers-rangement-depot-pour-4-bouteilles-rouge\/#breadcrumb\",\"itemListElement\":[{\"@type\":\"ListItem\",\"position\":1,\"name\":\"Page d'accueil\",\"item\":\"https:\/\/poppersschweiz.com\/fr\/\"},{\"@type\":\"ListItem\",\"position\":2,\"name\":\"Poppers, accessoires pour poppers et plus encore\",\"item\":\"https:\/\/poppersschweiz.com\/fr\/poppers-accessoires-pour-poppers-et-plus-encore\/\"},{\"@type\":\"ListItem\",\"position\":3,\"name\":\"Poppers Rangement-D\u00e9p\u00f4t pour 4 bouteilles rouge\"}]},{\"@type\":\"WebSite\",\"@id\":\"https:\/\/poppersschweiz.com\/fr\/#website\",\"url\":\"https:\/\/poppersschweiz.com\/fr\/\",\"name\":\"poppersschweiz.com\",\"description\":\"\",\"potentialAction\":[{\"@type\":\"SearchAction\",\"target\":{\"@type\":\"EntryPoint\",\"urlTemplate\":\"https:\/\/poppersschweiz.com\/fr\/?s={search_term_string}\"},\"query-input\":{\"@type\":\"PropertyValueSpecification\",\"valueRequired\":true,\"valueName\":\"search_term_string\"}}],\"inLanguage\":\"fr-FR\"}]}<\/script>\n<meta property=\"product:price:amount\" content=\"17.60\" \/>\n<meta property=\"product:price:currency\" content=\"CHF\" \/>\n<meta property=\"og:availability\" content=\"instock\" \/>\n<meta property=\"product:availability\" content=\"instock\" \/>\n<meta property=\"product:retailer_item_id\" content=\"XTRM-DE-4R\" \/>\n<meta property=\"product:condition\" content=\"new\" \/>\n<!-- \/ Yoast SEO plugin. -->","yoast_head_json":{"title":"Poppers Rangement-D\u00e9p\u00f4t pour 4 bouteilles rouge \u25b7 hier g\u00fcnstig kaufen | poppersschweiz.com","description":"Poppers Rangement-D\u00e9p\u00f4t pour 4 bouteilles rouge \u25b7 hier g\u00fcnstig online kaufen. Schneller Versand \u2713 Nur Original-Produkte \u2713 Jetzt kaufen & Spa\u00df haben.","robots":{"index":"index","follow":"follow","max-snippet":"max-snippet:-1","max-image-preview":"max-image-preview:large","max-video-preview":"max-video-preview:-1"},"canonical":"https:\/\/poppersschweiz.com\/fr\/produit\/poppers-rangement-depot-pour-4-bouteilles-rouge\/","og_locale":"fr_FR","og_type":"article","og_title":"Poppers Rangement-D\u00e9p\u00f4t pour 4 bouteilles rouge \u25b7 hier g\u00fcnstig kaufen | poppersschweiz.com","og_description":"Poppers Rangement-D\u00e9p\u00f4t pour 4 bouteilles rouge \u25b7 hier g\u00fcnstig online kaufen. Schneller Versand \u2713 Nur Original-Produkte \u2713 Jetzt kaufen & Spa\u00df haben.","og_url":"https:\/\/poppersschweiz.com\/fr\/produit\/poppers-rangement-depot-pour-4-bouteilles-rouge\/","og_site_name":"poppersschweiz.com","og_image":[{"width":600,"height":600,"url":"https:\/\/poppersschweiz.com\/wp-content\/uploads\/2024\/01\/182.png","type":"image\/png"}],"twitter_card":"summary_large_image","twitter_misc":{"Prix":"&#67;&#72;&#70;&nbsp;17.60","Disponibilit\u00e9":"En stock"},"schema":{"@context":"https:\/\/schema.org","@graph":[{"@type":"WebPage","@id":"https:\/\/poppersschweiz.com\/fr\/produit\/poppers-rangement-depot-pour-4-bouteilles-rouge\/","url":"https:\/\/poppersschweiz.com\/fr\/produit\/poppers-rangement-depot-pour-4-bouteilles-rouge\/","name":"Poppers Rangement-D\u00e9p\u00f4t pour 4 bouteilles rouge \u25b7 hier g\u00fcnstig kaufen | poppersschweiz.com","isPartOf":{"@id":"https:\/\/poppersschweiz.com\/fr\/#website"},"primaryImageOfPage":{"@id":"https:\/\/poppersschweiz.com\/fr\/produit\/poppers-rangement-depot-pour-4-bouteilles-rouge\/#primaryimage"},"image":{"@id":"https:\/\/poppersschweiz.com\/fr\/produit\/poppers-rangement-depot-pour-4-bouteilles-rouge\/#primaryimage"},"thumbnailUrl":"https:\/\/poppersschweiz.com\/wp-content\/uploads\/2024\/01\/182.png","datePublished":"2023-08-27T16:44:07+00:00","description":"Poppers Rangement-D\u00e9p\u00f4t pour 4 bouteilles rouge \u25b7 hier g\u00fcnstig online kaufen. Schneller Versand \u2713 Nur Original-Produkte \u2713 Jetzt kaufen & Spa\u00df haben.","breadcrumb":{"@id":"https:\/\/poppersschweiz.com\/fr\/produit\/poppers-rangement-depot-pour-4-bouteilles-rouge\/#breadcrumb"},"inLanguage":"fr-FR","potentialAction":[{"@type":"ReadAction","target":["https:\/\/poppersschweiz.com\/fr\/produit\/poppers-rangement-depot-pour-4-bouteilles-rouge\/"]}]},{"@type":"ImageObject","inLanguage":"fr-FR","@id":"https:\/\/poppersschweiz.com\/fr\/produit\/poppers-rangement-depot-pour-4-bouteilles-rouge\/#primaryimage","url":"https:\/\/poppersschweiz.com\/wp-content\/uploads\/2024\/01\/182.png","contentUrl":"https:\/\/poppersschweiz.com\/wp-content\/uploads\/2024\/01\/182.png","width":600,"height":600},{"@type":"BreadcrumbList","@id":"https:\/\/poppersschweiz.com\/fr\/produit\/poppers-rangement-depot-pour-4-bouteilles-rouge\/#breadcrumb","itemListElement":[{"@type":"ListItem","position":1,"name":"Page d'accueil","item":"https:\/\/poppersschweiz.com\/fr\/"},{"@type":"ListItem","position":2,"name":"Poppers, accessoires pour poppers et plus encore","item":"https:\/\/poppersschweiz.com\/fr\/poppers-accessoires-pour-poppers-et-plus-encore\/"},{"@type":"ListItem","position":3,"name":"Poppers Rangement-D\u00e9p\u00f4t pour 4 bouteilles rouge"}]},{"@type":"WebSite","@id":"https:\/\/poppersschweiz.com\/fr\/#website","url":"https:\/\/poppersschweiz.com\/fr\/","name":"poppersschweiz.com","description":"","potentialAction":[{"@type":"SearchAction","target":{"@type":"EntryPoint","urlTemplate":"https:\/\/poppersschweiz.com\/fr\/?s={search_term_string}"},"query-input":{"@type":"PropertyValueSpecification","valueRequired":true,"valueName":"search_term_string"}}],"inLanguage":"fr-FR"}]},"product_price_amount":"17.60","product_price_currency":"CHF","og_availability":"instock","product_availability":"instock","product_retailer_item_id":"XTRM-DE-4R","product_condition":"new"},"_links":{"self":[{"href":"https:\/\/poppersschweiz.com\/fr\/wp-json\/wp\/v2\/product\/19407","targetHints":{"allow":["GET"]}}],"collection":[{"href":"https:\/\/poppersschweiz.com\/fr\/wp-json\/wp\/v2\/product"}],"about":[{"href":"https:\/\/poppersschweiz.com\/fr\/wp-json\/wp\/v2\/types\/product"}],"replies":[{"embeddable":true,"href":"https:\/\/poppersschweiz.com\/fr\/wp-json\/wp\/v2\/comments?post=19407"}],"wp:featuredmedia":[{"embeddable":true,"href":"https:\/\/poppersschweiz.com\/fr\/wp-json\/wp\/v2\/media\/19409"}],"wp:attachment":[{"href":"https:\/\/poppersschweiz.com\/fr\/wp-json\/wp\/v2\/media?parent=19407"}],"wp:term":[{"taxonomy":"product_brand","embeddable":true,"href":"https:\/\/poppersschweiz.com\/fr\/wp-json\/wp\/v2\/product_brand?post=19407"},{"taxonomy":"product_cat","embeddable":true,"href":"https:\/\/poppersschweiz.com\/fr\/wp-json\/wp\/v2\/product_cat?post=19407"},{"taxonomy":"product_tag","embeddable":true,"href":"https:\/\/poppersschweiz.com\/fr\/wp-json\/wp\/v2\/product_tag?post=19407"}],"curies":[{"name":"wp","href":"https:\/\/api.w.org\/{rel}","templated":true}]}}