{"id":19443,"date":"2023-10-03T15:43:08","date_gmt":"2023-10-03T13:43:08","guid":{"rendered":"https:\/\/poppersschweiz.com\/product\/beginner-combo-pack-3-x-10ml-poppers\/"},"modified":"2025-02-13T12:56:07","modified_gmt":"2025-02-13T11:56:07","slug":"beginner-combo-pack-3-x-10ml-poppers","status":"publish","type":"product","link":"https:\/\/poppersschweiz.com\/fr\/produit\/beginner-combo-pack-3-x-10ml-poppers\/","title":{"rendered":"Beginner Combo Pack 3 x 10ml Poppers"},"content":{"rendered":"<p><span style=\"font-weight: 400;\"><strong>Beginner Combo Pack 3 x 10ml Poppers <\/strong>contient : 1x Basic Bitch for Beginners Poppers 10ml, 1x Kinky Monster Poppers Original 10ml et Dirty PIG 10ml Poppers.  <\/span><\/p>\n<p><a href=\"https:\/\/poppersschweiz.com\/produkt\/basic-bitch-for-beginners-poppers-10ml\/\"><br \/>\n  <strong>BASIC BITCH FOR BEGINNERS Poppers 10ml<\/strong><br \/>\n<\/a> est sur le march\u00e9 depuis 2023 et contient l&rsquo;ancien vrai pentyl nitrite. Ce poppers est destin\u00e9 aux hommes et aux femmes qui souhaitent s&rsquo;initier au monde du poppers. Ce poppers te lib\u00e8re de tes inhibitions et fait de toi une simple salope au lit ou en soir\u00e9e. Si tu n&rsquo;as jamais consomm\u00e9 de poppers, consulte nos conseils dans la section FAQ de ce site. Le poppers BASIC BITCH FOR BEGINNERS est \u00e9galement disponible dans un flacon de 24 ml.<\/p>\n<p><a href=\"https:\/\/poppersschweiz.com\/produkt\/kinky-monster-original-poppers-10ml\/\"><br \/>\n  <strong>Kinky Monster Original Poppers 10ml<\/strong><br \/>\n<\/a> s&rsquo;adresse \u00e0 tous les kinksters et est synonyme de poppers encore plus forts et qui durent encore plus longtemps. En outre, les bouteilles de Kinky Monster Poppers contiennent du nitrite de pentyle particuli\u00e8rement pur et hautement concentr\u00e9. Les poppers Kinky Monster existent en 8 vari\u00e9t\u00e9s diff\u00e9rentes. Kinky Monster Original est la formule de base de tous les produits Kinky Monster Poppers.<\/p>\n<p><a href=\"https:\/\/poppersschweiz.com\/produkt\/dirty-pig-poppers-10ml\/\"><br \/>\n  <strong>Dirty PIG Poppers 10ml<\/strong><br \/>\n<\/a> est sur le march\u00e9 depuis 2023 et contient l&rsquo;ancien vrai pentyl nitrite. Ce poppers ne doit en aucun cas manquer lors de ta prochaine session coquine. La <strong>force 5 de<\/strong> cette bouteille te permet de profiter pleinement de tes aventures sexuelles porcines. Dirty PIG Poppers fera de toi une vraie truie au lit. Dirty PIG Poppers est \u00e9galement disponible en flacon de 24 ml.<\/p>\n","protected":false},"excerpt":{"rendered":"<p>Ingr\u00e9dient : nitrite de pentyle &#8211; vente \u00e0 partir de 18 ans &#8211; non destin\u00e9 \u00e0 la consommation humaine<\/p>\n","protected":false},"featured_media":19445,"comment_status":"open","ping_status":"closed","template":"","meta":{"_acf_changed":false,"_glsr_average":0,"_glsr_ranking":0,"_glsr_reviews":0},"product_brand":[],"product_cat":[543,534,532,530],"product_tag":[662,659],"class_list":{"0":"post-19443","1":"product","2":"type-product","3":"status-publish","4":"has-post-thumbnail","6":"product_cat-kinky-monster-poppers-fr","7":"product_cat-paquets-economiques-poppers","8":"product_cat-petites-bouteilles-de-poppers","9":"product_cat-poppers-suisse","10":"product_tag-beginner-combo-pack-3-x-10ml-poppers-fr","11":"product_tag-swiss-edition-poppers-combo-3-x-10ml-poppers-fr","13":"first","14":"instock","15":"sale","16":"taxable","17":"shipping-taxable","18":"purchasable","19":"product-type-simple"},"bundled_by":[],"bundle_stock_status":"instock","bundle_stock_quantity":null,"bundle_virtual":false,"bundle_layout":"","bundle_add_to_cart_form_location":"","bundle_editable_in_cart":false,"bundle_sold_individually_context":"","bundle_item_grouping":"","bundle_min_size":"","bundle_max_size":"","bundled_items":[],"bundle_sell_ids":[],"acf":[],"yoast_head":"<!-- This site is optimized with the Yoast SEO plugin v27.2 - https:\/\/yoast.com\/product\/yoast-seo-wordpress\/ -->\n<title>Beginner Combo Pack 3 x 10ml Poppers \u25b7 hier g\u00fcnstig kaufen | poppersschweiz.com<\/title>\n<meta name=\"description\" content=\"Beginner Combo Pack 3 x 10ml Poppers \u25b7 hier g\u00fcnstig online kaufen. Schneller Versand \u2713 Nur Original-Produkte \u2713 Jetzt kaufen &amp; Spa\u00df haben.\" \/>\n<meta name=\"robots\" content=\"index, follow, max-snippet:-1, max-image-preview:large, max-video-preview:-1\" \/>\n<link rel=\"canonical\" href=\"https:\/\/poppersschweiz.com\/fr\/produit\/beginner-combo-pack-3-x-10ml-poppers\/\" \/>\n<meta property=\"og:locale\" content=\"fr_FR\" \/>\n<meta property=\"og:type\" content=\"article\" \/>\n<meta property=\"og:title\" content=\"Beginner Combo Pack 3 x 10ml Poppers \u25b7 hier g\u00fcnstig kaufen | poppersschweiz.com\" \/>\n<meta property=\"og:description\" content=\"Beginner Combo Pack 3 x 10ml Poppers \u25b7 hier g\u00fcnstig online kaufen. Schneller Versand \u2713 Nur Original-Produkte \u2713 Jetzt kaufen &amp; Spa\u00df haben.\" \/>\n<meta property=\"og:url\" content=\"https:\/\/poppersschweiz.com\/fr\/produit\/beginner-combo-pack-3-x-10ml-poppers\/\" \/>\n<meta property=\"og:site_name\" content=\"poppersschweiz.com\" \/>\n<meta property=\"article:modified_time\" content=\"2025-02-13T11:56:07+00:00\" \/>\n<meta property=\"og:image\" content=\"https:\/\/poppersschweiz.com\/wp-content\/uploads\/2024\/01\/KlikKlak-34-1.png\" \/>\n\t<meta property=\"og:image:width\" content=\"600\" \/>\n\t<meta property=\"og:image:height\" content=\"600\" \/>\n\t<meta property=\"og:image:type\" content=\"image\/png\" \/>\n<meta name=\"twitter:card\" content=\"summary_large_image\" \/>\n<meta name=\"twitter:label1\" content=\"Prix\" \/>\n\t<meta name=\"twitter:data1\" content=\"&#067;&#072;&#070;&nbsp;34.50\" \/>\n\t<meta name=\"twitter:label2\" content=\"Disponibilit\u00e9\" \/>\n\t<meta name=\"twitter:data2\" content=\"En stock\" \/>\n<script type=\"application\/ld+json\" class=\"yoast-schema-graph\">{\"@context\":\"https:\/\/schema.org\",\"@graph\":[{\"@type\":\"WebPage\",\"@id\":\"https:\/\/poppersschweiz.com\/fr\/produit\/beginner-combo-pack-3-x-10ml-poppers\/\",\"url\":\"https:\/\/poppersschweiz.com\/fr\/produit\/beginner-combo-pack-3-x-10ml-poppers\/\",\"name\":\"Beginner Combo Pack 3 x 10ml Poppers \u25b7 hier g\u00fcnstig kaufen | poppersschweiz.com\",\"isPartOf\":{\"@id\":\"https:\/\/poppersschweiz.com\/fr\/#website\"},\"primaryImageOfPage\":{\"@id\":\"https:\/\/poppersschweiz.com\/fr\/produit\/beginner-combo-pack-3-x-10ml-poppers\/#primaryimage\"},\"image\":{\"@id\":\"https:\/\/poppersschweiz.com\/fr\/produit\/beginner-combo-pack-3-x-10ml-poppers\/#primaryimage\"},\"thumbnailUrl\":\"https:\/\/poppersschweiz.com\/wp-content\/uploads\/2024\/01\/KlikKlak-34-1.png\",\"datePublished\":\"2023-10-03T13:43:08+00:00\",\"dateModified\":\"2025-02-13T11:56:07+00:00\",\"description\":\"Beginner Combo Pack 3 x 10ml Poppers \u25b7 hier g\u00fcnstig online kaufen. Schneller Versand \u2713 Nur Original-Produkte \u2713 Jetzt kaufen & Spa\u00df haben.\",\"breadcrumb\":{\"@id\":\"https:\/\/poppersschweiz.com\/fr\/produit\/beginner-combo-pack-3-x-10ml-poppers\/#breadcrumb\"},\"inLanguage\":\"fr-FR\",\"potentialAction\":[{\"@type\":\"ReadAction\",\"target\":[\"https:\/\/poppersschweiz.com\/fr\/produit\/beginner-combo-pack-3-x-10ml-poppers\/\"]}]},{\"@type\":\"ImageObject\",\"inLanguage\":\"fr-FR\",\"@id\":\"https:\/\/poppersschweiz.com\/fr\/produit\/beginner-combo-pack-3-x-10ml-poppers\/#primaryimage\",\"url\":\"https:\/\/poppersschweiz.com\/wp-content\/uploads\/2024\/01\/KlikKlak-34-1.png\",\"contentUrl\":\"https:\/\/poppersschweiz.com\/wp-content\/uploads\/2024\/01\/KlikKlak-34-1.png\",\"width\":600,\"height\":600},{\"@type\":\"BreadcrumbList\",\"@id\":\"https:\/\/poppersschweiz.com\/fr\/produit\/beginner-combo-pack-3-x-10ml-poppers\/#breadcrumb\",\"itemListElement\":[{\"@type\":\"ListItem\",\"position\":1,\"name\":\"Page d'accueil\",\"item\":\"https:\/\/poppersschweiz.com\/fr\/\"},{\"@type\":\"ListItem\",\"position\":2,\"name\":\"Poppers, accessoires pour poppers et plus encore\",\"item\":\"https:\/\/poppersschweiz.com\/fr\/poppers-accessoires-pour-poppers-et-plus-encore\/\"},{\"@type\":\"ListItem\",\"position\":3,\"name\":\"Beginner Combo Pack 3 x 10ml Poppers\"}]},{\"@type\":\"WebSite\",\"@id\":\"https:\/\/poppersschweiz.com\/fr\/#website\",\"url\":\"https:\/\/poppersschweiz.com\/fr\/\",\"name\":\"poppersschweiz.com\",\"description\":\"\",\"potentialAction\":[{\"@type\":\"SearchAction\",\"target\":{\"@type\":\"EntryPoint\",\"urlTemplate\":\"https:\/\/poppersschweiz.com\/fr\/?s={search_term_string}\"},\"query-input\":{\"@type\":\"PropertyValueSpecification\",\"valueRequired\":true,\"valueName\":\"search_term_string\"}}],\"inLanguage\":\"fr-FR\"}]}<\/script>\n<meta property=\"product:price:amount\" content=\"34.50\" \/>\n<meta property=\"product:price:currency\" content=\"CHF\" \/>\n<meta property=\"og:availability\" content=\"instock\" \/>\n<meta property=\"product:availability\" content=\"instock\" \/>\n<meta property=\"product:retailer_item_id\" content=\"1x BBFB10, 1x DP10, 1x KM-O10\" \/>\n<meta property=\"product:condition\" content=\"new\" \/>\n<!-- \/ Yoast SEO plugin. -->","yoast_head_json":{"title":"Beginner Combo Pack 3 x 10ml Poppers \u25b7 hier g\u00fcnstig kaufen | poppersschweiz.com","description":"Beginner Combo Pack 3 x 10ml Poppers \u25b7 hier g\u00fcnstig online kaufen. Schneller Versand \u2713 Nur Original-Produkte \u2713 Jetzt kaufen & Spa\u00df haben.","robots":{"index":"index","follow":"follow","max-snippet":"max-snippet:-1","max-image-preview":"max-image-preview:large","max-video-preview":"max-video-preview:-1"},"canonical":"https:\/\/poppersschweiz.com\/fr\/produit\/beginner-combo-pack-3-x-10ml-poppers\/","og_locale":"fr_FR","og_type":"article","og_title":"Beginner Combo Pack 3 x 10ml Poppers \u25b7 hier g\u00fcnstig kaufen | poppersschweiz.com","og_description":"Beginner Combo Pack 3 x 10ml Poppers \u25b7 hier g\u00fcnstig online kaufen. Schneller Versand \u2713 Nur Original-Produkte \u2713 Jetzt kaufen & Spa\u00df haben.","og_url":"https:\/\/poppersschweiz.com\/fr\/produit\/beginner-combo-pack-3-x-10ml-poppers\/","og_site_name":"poppersschweiz.com","article_modified_time":"2025-02-13T11:56:07+00:00","og_image":[{"width":600,"height":600,"url":"https:\/\/poppersschweiz.com\/wp-content\/uploads\/2024\/01\/KlikKlak-34-1.png","type":"image\/png"}],"twitter_card":"summary_large_image","twitter_misc":{"Prix":"&#67;&#72;&#70;&nbsp;34.50","Disponibilit\u00e9":"En stock"},"schema":{"@context":"https:\/\/schema.org","@graph":[{"@type":"WebPage","@id":"https:\/\/poppersschweiz.com\/fr\/produit\/beginner-combo-pack-3-x-10ml-poppers\/","url":"https:\/\/poppersschweiz.com\/fr\/produit\/beginner-combo-pack-3-x-10ml-poppers\/","name":"Beginner Combo Pack 3 x 10ml Poppers \u25b7 hier g\u00fcnstig kaufen | poppersschweiz.com","isPartOf":{"@id":"https:\/\/poppersschweiz.com\/fr\/#website"},"primaryImageOfPage":{"@id":"https:\/\/poppersschweiz.com\/fr\/produit\/beginner-combo-pack-3-x-10ml-poppers\/#primaryimage"},"image":{"@id":"https:\/\/poppersschweiz.com\/fr\/produit\/beginner-combo-pack-3-x-10ml-poppers\/#primaryimage"},"thumbnailUrl":"https:\/\/poppersschweiz.com\/wp-content\/uploads\/2024\/01\/KlikKlak-34-1.png","datePublished":"2023-10-03T13:43:08+00:00","dateModified":"2025-02-13T11:56:07+00:00","description":"Beginner Combo Pack 3 x 10ml Poppers \u25b7 hier g\u00fcnstig online kaufen. Schneller Versand \u2713 Nur Original-Produkte \u2713 Jetzt kaufen & Spa\u00df haben.","breadcrumb":{"@id":"https:\/\/poppersschweiz.com\/fr\/produit\/beginner-combo-pack-3-x-10ml-poppers\/#breadcrumb"},"inLanguage":"fr-FR","potentialAction":[{"@type":"ReadAction","target":["https:\/\/poppersschweiz.com\/fr\/produit\/beginner-combo-pack-3-x-10ml-poppers\/"]}]},{"@type":"ImageObject","inLanguage":"fr-FR","@id":"https:\/\/poppersschweiz.com\/fr\/produit\/beginner-combo-pack-3-x-10ml-poppers\/#primaryimage","url":"https:\/\/poppersschweiz.com\/wp-content\/uploads\/2024\/01\/KlikKlak-34-1.png","contentUrl":"https:\/\/poppersschweiz.com\/wp-content\/uploads\/2024\/01\/KlikKlak-34-1.png","width":600,"height":600},{"@type":"BreadcrumbList","@id":"https:\/\/poppersschweiz.com\/fr\/produit\/beginner-combo-pack-3-x-10ml-poppers\/#breadcrumb","itemListElement":[{"@type":"ListItem","position":1,"name":"Page d'accueil","item":"https:\/\/poppersschweiz.com\/fr\/"},{"@type":"ListItem","position":2,"name":"Poppers, accessoires pour poppers et plus encore","item":"https:\/\/poppersschweiz.com\/fr\/poppers-accessoires-pour-poppers-et-plus-encore\/"},{"@type":"ListItem","position":3,"name":"Beginner Combo Pack 3 x 10ml Poppers"}]},{"@type":"WebSite","@id":"https:\/\/poppersschweiz.com\/fr\/#website","url":"https:\/\/poppersschweiz.com\/fr\/","name":"poppersschweiz.com","description":"","potentialAction":[{"@type":"SearchAction","target":{"@type":"EntryPoint","urlTemplate":"https:\/\/poppersschweiz.com\/fr\/?s={search_term_string}"},"query-input":{"@type":"PropertyValueSpecification","valueRequired":true,"valueName":"search_term_string"}}],"inLanguage":"fr-FR"}]},"product_price_amount":"34.50","product_price_currency":"CHF","og_availability":"instock","product_availability":"instock","product_retailer_item_id":"1x BBFB10, 1x DP10, 1x KM-O10","product_condition":"new"},"_links":{"self":[{"href":"https:\/\/poppersschweiz.com\/fr\/wp-json\/wp\/v2\/product\/19443","targetHints":{"allow":["GET"]}}],"collection":[{"href":"https:\/\/poppersschweiz.com\/fr\/wp-json\/wp\/v2\/product"}],"about":[{"href":"https:\/\/poppersschweiz.com\/fr\/wp-json\/wp\/v2\/types\/product"}],"replies":[{"embeddable":true,"href":"https:\/\/poppersschweiz.com\/fr\/wp-json\/wp\/v2\/comments?post=19443"}],"wp:featuredmedia":[{"embeddable":true,"href":"https:\/\/poppersschweiz.com\/fr\/wp-json\/wp\/v2\/media\/19445"}],"wp:attachment":[{"href":"https:\/\/poppersschweiz.com\/fr\/wp-json\/wp\/v2\/media?parent=19443"}],"wp:term":[{"taxonomy":"product_brand","embeddable":true,"href":"https:\/\/poppersschweiz.com\/fr\/wp-json\/wp\/v2\/product_brand?post=19443"},{"taxonomy":"product_cat","embeddable":true,"href":"https:\/\/poppersschweiz.com\/fr\/wp-json\/wp\/v2\/product_cat?post=19443"},{"taxonomy":"product_tag","embeddable":true,"href":"https:\/\/poppersschweiz.com\/fr\/wp-json\/wp\/v2\/product_tag?post=19443"}],"curies":[{"name":"wp","href":"https:\/\/api.w.org\/{rel}","templated":true}]}}