{"id":19476,"date":"2023-10-25T22:49:46","date_gmt":"2023-10-25T20:49:46","guid":{"rendered":"https:\/\/poppersschweiz.com\/product\/anal-fantasy-ass-kicker-avec-cockring\/"},"modified":"2023-10-25T22:49:46","modified_gmt":"2023-10-25T20:49:46","slug":"anal-fantasy-ass-kicker-avec-cockring","status":"publish","type":"product","link":"https:\/\/poppersschweiz.com\/fr\/produit\/anal-fantasy-ass-kicker-avec-cockring\/","title":{"rendered":"Anal Fantasy Ass Kicker avec cockring"},"content":{"rendered":"<div>Profite d&rsquo;\u00e9jaculations explosives encore et encore avec le Ass-Kicker avec cockring. Deux fonctions &#8211; deux fois plus de plaisir. Le plug portable retarde d&rsquo;une part l&rsquo;\u00e9jaculation, mais assure en m\u00eame temps une stimulation anale stimulante. Le cockring extensible et le plug anal sont tous deux \u00e9quip\u00e9s de leur propre unit\u00e9 de vibration. La mati\u00e8re en silicone souple transmet les vibrations excitantes le long de ton p\u00e9nis et au plus profond de ton cul. Une \u00e9jaculation plus dure et plus intense est garantie. Le jouet est fabriqu\u00e9 en silicone Elite, qui est absolument hygi\u00e9nique et respectueux du corps. Pour une longue dur\u00e9e de vie, il doit \u00eatre nettoy\u00e9 apr\u00e8s chaque utilisation avec un Toy Cleaner et de l&rsquo;eau chaude. Livr\u00e9 avec un kit de pr\u00e9paration gratuit de 5 pi\u00e8ces comprenant 2 doigtiers, une cr\u00e8me d\u00e9sensibilisante anale, un lubrifiant anal et un nettoyant pour jouets.<\/div>\n<div><\/div>\n<div>longueur totale : environ 27 cm<\/div>\n<div>Longueur d&rsquo;insertion : approx. 10 cm<\/div>\n<div>diam\u00e8tre : environ 3,2 cm<\/div>\n<div>Piles : 2 piles AAA (non incluses)<\/div>\n<div>Mat\u00e9riau : plastique ABS\/silicone.<\/div>\n","protected":false},"excerpt":{"rendered":"<p>Profite d&rsquo;\u00e9jaculations explosives encore et encore avec le Ass-Kicker avec cockring. Deux fonctions &#8211; deux fois plus de plaisir. Le<\/p>\n","protected":false},"featured_media":19477,"comment_status":"open","ping_status":"closed","template":"","meta":{"_acf_changed":false,"_glsr_average":0,"_glsr_ranking":0,"_glsr_reviews":0},"product_brand":[],"product_cat":[556,544,557],"product_tag":[],"class_list":{"0":"post-19476","1":"product","2":"type-product","3":"status-publish","4":"has-post-thumbnail","6":"product_cat-godemiches-anaux","7":"product_cat-jouets","8":"product_cat-jouets-de-cock","10":"first","11":"outofstock","12":"taxable","13":"shipping-taxable","14":"purchasable","15":"product-type-simple"},"bundled_by":[],"bundle_stock_status":"outofstock","bundle_stock_quantity":null,"bundle_virtual":false,"bundle_layout":"","bundle_add_to_cart_form_location":"","bundle_editable_in_cart":false,"bundle_sold_individually_context":"","bundle_item_grouping":"","bundle_min_size":"","bundle_max_size":"","bundled_items":[],"bundle_sell_ids":[],"acf":[],"yoast_head":"<!-- This site is optimized with the Yoast SEO plugin v27.2 - https:\/\/yoast.com\/product\/yoast-seo-wordpress\/ -->\n<title>Anal Fantasy Ass Kicker avec cockring \u25b7 hier g\u00fcnstig kaufen | poppersschweiz.com<\/title>\n<meta name=\"description\" content=\"Anal Fantasy Ass Kicker avec cockring \u25b7 hier g\u00fcnstig online kaufen. Schneller Versand \u2713 Nur Original-Produkte \u2713 Jetzt kaufen &amp; Spa\u00df haben.\" \/>\n<meta name=\"robots\" content=\"index, follow, max-snippet:-1, max-image-preview:large, max-video-preview:-1\" \/>\n<link rel=\"canonical\" href=\"https:\/\/poppersschweiz.com\/fr\/produit\/anal-fantasy-ass-kicker-avec-cockring\/\" \/>\n<meta property=\"og:locale\" content=\"fr_FR\" \/>\n<meta property=\"og:type\" content=\"article\" \/>\n<meta property=\"og:title\" content=\"Anal Fantasy Ass Kicker avec cockring \u25b7 hier g\u00fcnstig kaufen | poppersschweiz.com\" \/>\n<meta property=\"og:description\" content=\"Anal Fantasy Ass Kicker avec cockring \u25b7 hier g\u00fcnstig online kaufen. Schneller Versand \u2713 Nur Original-Produkte \u2713 Jetzt kaufen &amp; Spa\u00df haben.\" \/>\n<meta property=\"og:url\" content=\"https:\/\/poppersschweiz.com\/fr\/produit\/anal-fantasy-ass-kicker-avec-cockring\/\" \/>\n<meta property=\"og:site_name\" content=\"poppersschweiz.com\" \/>\n<meta property=\"og:image\" content=\"https:\/\/poppersschweiz.com\/wp-content\/uploads\/2023\/10\/KlikKlak-46.png\" \/>\n\t<meta property=\"og:image:width\" content=\"600\" \/>\n\t<meta property=\"og:image:height\" content=\"600\" \/>\n\t<meta property=\"og:image:type\" content=\"image\/png\" \/>\n<meta name=\"twitter:card\" content=\"summary_large_image\" \/>\n<meta name=\"twitter:label1\" content=\"Prix\" \/>\n\t<meta name=\"twitter:data1\" content=\"&#067;&#072;&#070;&nbsp;42.50\" \/>\n\t<meta name=\"twitter:label2\" content=\"Disponibilit\u00e9\" \/>\n\t<meta name=\"twitter:data2\" content=\"Rupture de stock\" \/>\n<script type=\"application\/ld+json\" class=\"yoast-schema-graph\">{\"@context\":\"https:\/\/schema.org\",\"@graph\":[{\"@type\":\"WebPage\",\"@id\":\"https:\/\/poppersschweiz.com\/fr\/produit\/anal-fantasy-ass-kicker-avec-cockring\/\",\"url\":\"https:\/\/poppersschweiz.com\/fr\/produit\/anal-fantasy-ass-kicker-avec-cockring\/\",\"name\":\"Anal Fantasy Ass Kicker avec cockring \u25b7 hier g\u00fcnstig kaufen | poppersschweiz.com\",\"isPartOf\":{\"@id\":\"https:\/\/poppersschweiz.com\/fr\/#website\"},\"primaryImageOfPage\":{\"@id\":\"https:\/\/poppersschweiz.com\/fr\/produit\/anal-fantasy-ass-kicker-avec-cockring\/#primaryimage\"},\"image\":{\"@id\":\"https:\/\/poppersschweiz.com\/fr\/produit\/anal-fantasy-ass-kicker-avec-cockring\/#primaryimage\"},\"thumbnailUrl\":\"https:\/\/poppersschweiz.com\/wp-content\/uploads\/2023\/10\/KlikKlak-46.png\",\"datePublished\":\"2023-10-25T20:49:46+00:00\",\"description\":\"Anal Fantasy Ass Kicker avec cockring \u25b7 hier g\u00fcnstig online kaufen. Schneller Versand \u2713 Nur Original-Produkte \u2713 Jetzt kaufen & Spa\u00df haben.\",\"breadcrumb\":{\"@id\":\"https:\/\/poppersschweiz.com\/fr\/produit\/anal-fantasy-ass-kicker-avec-cockring\/#breadcrumb\"},\"inLanguage\":\"fr-FR\",\"potentialAction\":[{\"@type\":\"ReadAction\",\"target\":[\"https:\/\/poppersschweiz.com\/fr\/produit\/anal-fantasy-ass-kicker-avec-cockring\/\"]}]},{\"@type\":\"ImageObject\",\"inLanguage\":\"fr-FR\",\"@id\":\"https:\/\/poppersschweiz.com\/fr\/produit\/anal-fantasy-ass-kicker-avec-cockring\/#primaryimage\",\"url\":\"https:\/\/poppersschweiz.com\/wp-content\/uploads\/2023\/10\/KlikKlak-46.png\",\"contentUrl\":\"https:\/\/poppersschweiz.com\/wp-content\/uploads\/2023\/10\/KlikKlak-46.png\",\"width\":600,\"height\":600},{\"@type\":\"BreadcrumbList\",\"@id\":\"https:\/\/poppersschweiz.com\/fr\/produit\/anal-fantasy-ass-kicker-avec-cockring\/#breadcrumb\",\"itemListElement\":[{\"@type\":\"ListItem\",\"position\":1,\"name\":\"Page d'accueil\",\"item\":\"https:\/\/poppersschweiz.com\/fr\/\"},{\"@type\":\"ListItem\",\"position\":2,\"name\":\"Poppers, accessoires pour poppers et plus encore\",\"item\":\"https:\/\/poppersschweiz.com\/fr\/poppers-accessoires-pour-poppers-et-plus-encore\/\"},{\"@type\":\"ListItem\",\"position\":3,\"name\":\"Anal Fantasy Ass Kicker avec cockring\"}]},{\"@type\":\"WebSite\",\"@id\":\"https:\/\/poppersschweiz.com\/fr\/#website\",\"url\":\"https:\/\/poppersschweiz.com\/fr\/\",\"name\":\"poppersschweiz.com\",\"description\":\"\",\"potentialAction\":[{\"@type\":\"SearchAction\",\"target\":{\"@type\":\"EntryPoint\",\"urlTemplate\":\"https:\/\/poppersschweiz.com\/fr\/?s={search_term_string}\"},\"query-input\":{\"@type\":\"PropertyValueSpecification\",\"valueRequired\":true,\"valueName\":\"search_term_string\"}}],\"inLanguage\":\"fr-FR\"}]}<\/script>\n<meta property=\"product:price:amount\" content=\"42.50\" \/>\n<meta property=\"product:price:currency\" content=\"CHF\" \/>\n<meta property=\"og:availability\" content=\"out of stock\" \/>\n<meta property=\"product:availability\" content=\"out of stock\" \/>\n<meta property=\"product:retailer_item_id\" content=\"39309 S\" \/>\n<meta property=\"product:condition\" content=\"new\" \/>\n<!-- \/ Yoast SEO plugin. -->","yoast_head_json":{"title":"Anal Fantasy Ass Kicker avec cockring \u25b7 hier g\u00fcnstig kaufen | poppersschweiz.com","description":"Anal Fantasy Ass Kicker avec cockring \u25b7 hier g\u00fcnstig online kaufen. Schneller Versand \u2713 Nur Original-Produkte \u2713 Jetzt kaufen & Spa\u00df haben.","robots":{"index":"index","follow":"follow","max-snippet":"max-snippet:-1","max-image-preview":"max-image-preview:large","max-video-preview":"max-video-preview:-1"},"canonical":"https:\/\/poppersschweiz.com\/fr\/produit\/anal-fantasy-ass-kicker-avec-cockring\/","og_locale":"fr_FR","og_type":"article","og_title":"Anal Fantasy Ass Kicker avec cockring \u25b7 hier g\u00fcnstig kaufen | poppersschweiz.com","og_description":"Anal Fantasy Ass Kicker avec cockring \u25b7 hier g\u00fcnstig online kaufen. Schneller Versand \u2713 Nur Original-Produkte \u2713 Jetzt kaufen & Spa\u00df haben.","og_url":"https:\/\/poppersschweiz.com\/fr\/produit\/anal-fantasy-ass-kicker-avec-cockring\/","og_site_name":"poppersschweiz.com","og_image":[{"width":600,"height":600,"url":"https:\/\/poppersschweiz.com\/wp-content\/uploads\/2023\/10\/KlikKlak-46.png","type":"image\/png"}],"twitter_card":"summary_large_image","twitter_misc":{"Prix":"&#67;&#72;&#70;&nbsp;42.50","Disponibilit\u00e9":"Rupture de stock"},"schema":{"@context":"https:\/\/schema.org","@graph":[{"@type":"WebPage","@id":"https:\/\/poppersschweiz.com\/fr\/produit\/anal-fantasy-ass-kicker-avec-cockring\/","url":"https:\/\/poppersschweiz.com\/fr\/produit\/anal-fantasy-ass-kicker-avec-cockring\/","name":"Anal Fantasy Ass Kicker avec cockring \u25b7 hier g\u00fcnstig kaufen | poppersschweiz.com","isPartOf":{"@id":"https:\/\/poppersschweiz.com\/fr\/#website"},"primaryImageOfPage":{"@id":"https:\/\/poppersschweiz.com\/fr\/produit\/anal-fantasy-ass-kicker-avec-cockring\/#primaryimage"},"image":{"@id":"https:\/\/poppersschweiz.com\/fr\/produit\/anal-fantasy-ass-kicker-avec-cockring\/#primaryimage"},"thumbnailUrl":"https:\/\/poppersschweiz.com\/wp-content\/uploads\/2023\/10\/KlikKlak-46.png","datePublished":"2023-10-25T20:49:46+00:00","description":"Anal Fantasy Ass Kicker avec cockring \u25b7 hier g\u00fcnstig online kaufen. Schneller Versand \u2713 Nur Original-Produkte \u2713 Jetzt kaufen & Spa\u00df haben.","breadcrumb":{"@id":"https:\/\/poppersschweiz.com\/fr\/produit\/anal-fantasy-ass-kicker-avec-cockring\/#breadcrumb"},"inLanguage":"fr-FR","potentialAction":[{"@type":"ReadAction","target":["https:\/\/poppersschweiz.com\/fr\/produit\/anal-fantasy-ass-kicker-avec-cockring\/"]}]},{"@type":"ImageObject","inLanguage":"fr-FR","@id":"https:\/\/poppersschweiz.com\/fr\/produit\/anal-fantasy-ass-kicker-avec-cockring\/#primaryimage","url":"https:\/\/poppersschweiz.com\/wp-content\/uploads\/2023\/10\/KlikKlak-46.png","contentUrl":"https:\/\/poppersschweiz.com\/wp-content\/uploads\/2023\/10\/KlikKlak-46.png","width":600,"height":600},{"@type":"BreadcrumbList","@id":"https:\/\/poppersschweiz.com\/fr\/produit\/anal-fantasy-ass-kicker-avec-cockring\/#breadcrumb","itemListElement":[{"@type":"ListItem","position":1,"name":"Page d'accueil","item":"https:\/\/poppersschweiz.com\/fr\/"},{"@type":"ListItem","position":2,"name":"Poppers, accessoires pour poppers et plus encore","item":"https:\/\/poppersschweiz.com\/fr\/poppers-accessoires-pour-poppers-et-plus-encore\/"},{"@type":"ListItem","position":3,"name":"Anal Fantasy Ass Kicker avec cockring"}]},{"@type":"WebSite","@id":"https:\/\/poppersschweiz.com\/fr\/#website","url":"https:\/\/poppersschweiz.com\/fr\/","name":"poppersschweiz.com","description":"","potentialAction":[{"@type":"SearchAction","target":{"@type":"EntryPoint","urlTemplate":"https:\/\/poppersschweiz.com\/fr\/?s={search_term_string}"},"query-input":{"@type":"PropertyValueSpecification","valueRequired":true,"valueName":"search_term_string"}}],"inLanguage":"fr-FR"}]},"product_price_amount":"42.50","product_price_currency":"CHF","og_availability":"out of stock","product_availability":"out of stock","product_retailer_item_id":"39309 S","product_condition":"new"},"_links":{"self":[{"href":"https:\/\/poppersschweiz.com\/fr\/wp-json\/wp\/v2\/product\/19476","targetHints":{"allow":["GET"]}}],"collection":[{"href":"https:\/\/poppersschweiz.com\/fr\/wp-json\/wp\/v2\/product"}],"about":[{"href":"https:\/\/poppersschweiz.com\/fr\/wp-json\/wp\/v2\/types\/product"}],"replies":[{"embeddable":true,"href":"https:\/\/poppersschweiz.com\/fr\/wp-json\/wp\/v2\/comments?post=19476"}],"wp:featuredmedia":[{"embeddable":true,"href":"https:\/\/poppersschweiz.com\/fr\/wp-json\/wp\/v2\/media\/19477"}],"wp:attachment":[{"href":"https:\/\/poppersschweiz.com\/fr\/wp-json\/wp\/v2\/media?parent=19476"}],"wp:term":[{"taxonomy":"product_brand","embeddable":true,"href":"https:\/\/poppersschweiz.com\/fr\/wp-json\/wp\/v2\/product_brand?post=19476"},{"taxonomy":"product_cat","embeddable":true,"href":"https:\/\/poppersschweiz.com\/fr\/wp-json\/wp\/v2\/product_cat?post=19476"},{"taxonomy":"product_tag","embeddable":true,"href":"https:\/\/poppersschweiz.com\/fr\/wp-json\/wp\/v2\/product_tag?post=19476"}],"curies":[{"name":"wp","href":"https:\/\/api.w.org\/{rel}","templated":true}]}}