{"id":19531,"date":"2023-11-01T13:07:10","date_gmt":"2023-11-01T12:07:10","guid":{"rendered":"https:\/\/poppersschweiz.com\/product\/pump-worx-extenseur-de-penis-max-width\/"},"modified":"2023-11-01T13:07:10","modified_gmt":"2023-11-01T12:07:10","slug":"pump-worx-extenseur-de-penis-max-width","status":"publish","type":"product","link":"https:\/\/poppersschweiz.com\/fr\/produit\/pump-worx-extenseur-de-penis-max-width\/","title":{"rendered":"Pump Worx Extenseur de p\u00e9nis Max-Width"},"content":{"rendered":"<div>Tu veux renforcer ta virilit\u00e9 et ce sans aide m\u00e9dicale, alors ce Max-Width Penis Enlarger est exactement ce qu&rsquo;il te faut pour atteindre ton objectif. Chaque fois que tu tires sur l&rsquo;arceau de la pompe, la pression augmente et ton p\u00e9nis devient plus grand et plus gros. L&rsquo;ouverture en latex souple entoure compl\u00e8tement ton membre et assure le vide n\u00e9cessaire. Le r\u00e9cipient transparent te permet d&rsquo;observer la progression. Pour plus de s\u00e9curit\u00e9, la pompe est \u00e9quip\u00e9e d&rsquo;une soupape d&rsquo;ouverture rapide qui assure une d\u00e9compression rapide. Apr\u00e8s utilisation, le cylindre doit \u00eatre retir\u00e9 et nettoy\u00e9 avec un Toy Cleaner et de l&rsquo;eau chaude. Avec cockring gratuit.<\/div>\n<div><\/div>\n<div>longueur totale : environ 21 cm<\/div>\n<div>Longueur d&rsquo;insertion : environ 20,5 cm<\/div>\n<div>diam\u00e8tre : environ 7 cm<\/div>\n","protected":false},"excerpt":{"rendered":"<p>Tu veux renforcer ta virilit\u00e9 et ce sans aide m\u00e9dicale, alors ce Max-Width Penis Enlarger est exactement ce qu&rsquo;il te<\/p>\n","protected":false},"featured_media":19532,"comment_status":"open","ping_status":"closed","template":"","meta":{"_acf_changed":false,"_glsr_average":0,"_glsr_ranking":0,"_glsr_reviews":0},"product_brand":[],"product_cat":[544,557],"product_tag":[],"class_list":{"0":"post-19531","1":"product","2":"type-product","3":"status-publish","4":"has-post-thumbnail","6":"product_cat-jouets","7":"product_cat-jouets-de-cock","9":"first","10":"outofstock","11":"taxable","12":"shipping-taxable","13":"purchasable","14":"product-type-simple"},"bundled_by":[],"bundle_stock_status":"outofstock","bundle_stock_quantity":null,"bundle_virtual":false,"bundle_layout":"","bundle_add_to_cart_form_location":"","bundle_editable_in_cart":false,"bundle_sold_individually_context":"","bundle_item_grouping":"","bundle_min_size":"","bundle_max_size":"","bundled_items":[],"bundle_sell_ids":[],"acf":[],"yoast_head":"<!-- This site is optimized with the Yoast SEO plugin v27.2 - https:\/\/yoast.com\/product\/yoast-seo-wordpress\/ -->\n<title>Pump Worx Extenseur de p\u00e9nis Max-Width \u25b7 hier g\u00fcnstig kaufen | poppersschweiz.com<\/title>\n<meta name=\"description\" content=\"Pump Worx Extenseur de p\u00e9nis Max-Width \u25b7 hier g\u00fcnstig online kaufen. Schneller Versand \u2713 Nur Original-Produkte \u2713 Jetzt kaufen &amp; Spa\u00df haben.\" \/>\n<meta name=\"robots\" content=\"index, follow, max-snippet:-1, max-image-preview:large, max-video-preview:-1\" \/>\n<link rel=\"canonical\" href=\"https:\/\/poppersschweiz.com\/fr\/produit\/pump-worx-extenseur-de-penis-max-width\/\" \/>\n<meta property=\"og:locale\" content=\"fr_FR\" \/>\n<meta property=\"og:type\" content=\"article\" \/>\n<meta property=\"og:title\" content=\"Pump Worx Extenseur de p\u00e9nis Max-Width \u25b7 hier g\u00fcnstig kaufen | poppersschweiz.com\" \/>\n<meta property=\"og:description\" content=\"Pump Worx Extenseur de p\u00e9nis Max-Width \u25b7 hier g\u00fcnstig online kaufen. Schneller Versand \u2713 Nur Original-Produkte \u2713 Jetzt kaufen &amp; Spa\u00df haben.\" \/>\n<meta property=\"og:url\" content=\"https:\/\/poppersschweiz.com\/fr\/produit\/pump-worx-extenseur-de-penis-max-width\/\" \/>\n<meta property=\"og:site_name\" content=\"poppersschweiz.com\" \/>\n<meta property=\"og:image\" content=\"https:\/\/poppersschweiz.com\/wp-content\/uploads\/2023\/11\/KlikKlak-73.png\" \/>\n\t<meta property=\"og:image:width\" content=\"600\" \/>\n\t<meta property=\"og:image:height\" content=\"600\" \/>\n\t<meta property=\"og:image:type\" content=\"image\/png\" \/>\n<meta name=\"twitter:card\" content=\"summary_large_image\" \/>\n<meta name=\"twitter:label1\" content=\"Prix\" \/>\n\t<meta name=\"twitter:data1\" content=\"&#067;&#072;&#070;&nbsp;41.00\" \/>\n\t<meta name=\"twitter:label2\" content=\"Disponibilit\u00e9\" \/>\n\t<meta name=\"twitter:data2\" content=\"Rupture de stock\" \/>\n<script type=\"application\/ld+json\" class=\"yoast-schema-graph\">{\"@context\":\"https:\/\/schema.org\",\"@graph\":[{\"@type\":\"WebPage\",\"@id\":\"https:\/\/poppersschweiz.com\/fr\/produit\/pump-worx-extenseur-de-penis-max-width\/\",\"url\":\"https:\/\/poppersschweiz.com\/fr\/produit\/pump-worx-extenseur-de-penis-max-width\/\",\"name\":\"Pump Worx Extenseur de p\u00e9nis Max-Width \u25b7 hier g\u00fcnstig kaufen | poppersschweiz.com\",\"isPartOf\":{\"@id\":\"https:\/\/poppersschweiz.com\/fr\/#website\"},\"primaryImageOfPage\":{\"@id\":\"https:\/\/poppersschweiz.com\/fr\/produit\/pump-worx-extenseur-de-penis-max-width\/#primaryimage\"},\"image\":{\"@id\":\"https:\/\/poppersschweiz.com\/fr\/produit\/pump-worx-extenseur-de-penis-max-width\/#primaryimage\"},\"thumbnailUrl\":\"https:\/\/poppersschweiz.com\/wp-content\/uploads\/2023\/11\/KlikKlak-73.png\",\"datePublished\":\"2023-11-01T12:07:10+00:00\",\"description\":\"Pump Worx Extenseur de p\u00e9nis Max-Width \u25b7 hier g\u00fcnstig online kaufen. Schneller Versand \u2713 Nur Original-Produkte \u2713 Jetzt kaufen & Spa\u00df haben.\",\"breadcrumb\":{\"@id\":\"https:\/\/poppersschweiz.com\/fr\/produit\/pump-worx-extenseur-de-penis-max-width\/#breadcrumb\"},\"inLanguage\":\"fr-FR\",\"potentialAction\":[{\"@type\":\"ReadAction\",\"target\":[\"https:\/\/poppersschweiz.com\/fr\/produit\/pump-worx-extenseur-de-penis-max-width\/\"]}]},{\"@type\":\"ImageObject\",\"inLanguage\":\"fr-FR\",\"@id\":\"https:\/\/poppersschweiz.com\/fr\/produit\/pump-worx-extenseur-de-penis-max-width\/#primaryimage\",\"url\":\"https:\/\/poppersschweiz.com\/wp-content\/uploads\/2023\/11\/KlikKlak-73.png\",\"contentUrl\":\"https:\/\/poppersschweiz.com\/wp-content\/uploads\/2023\/11\/KlikKlak-73.png\",\"width\":600,\"height\":600},{\"@type\":\"BreadcrumbList\",\"@id\":\"https:\/\/poppersschweiz.com\/fr\/produit\/pump-worx-extenseur-de-penis-max-width\/#breadcrumb\",\"itemListElement\":[{\"@type\":\"ListItem\",\"position\":1,\"name\":\"Page d'accueil\",\"item\":\"https:\/\/poppersschweiz.com\/fr\/\"},{\"@type\":\"ListItem\",\"position\":2,\"name\":\"Poppers, accessoires pour poppers et plus encore\",\"item\":\"https:\/\/poppersschweiz.com\/fr\/poppers-accessoires-pour-poppers-et-plus-encore\/\"},{\"@type\":\"ListItem\",\"position\":3,\"name\":\"Pump Worx Extenseur de p\u00e9nis Max-Width\"}]},{\"@type\":\"WebSite\",\"@id\":\"https:\/\/poppersschweiz.com\/fr\/#website\",\"url\":\"https:\/\/poppersschweiz.com\/fr\/\",\"name\":\"poppersschweiz.com\",\"description\":\"\",\"potentialAction\":[{\"@type\":\"SearchAction\",\"target\":{\"@type\":\"EntryPoint\",\"urlTemplate\":\"https:\/\/poppersschweiz.com\/fr\/?s={search_term_string}\"},\"query-input\":{\"@type\":\"PropertyValueSpecification\",\"valueRequired\":true,\"valueName\":\"search_term_string\"}}],\"inLanguage\":\"fr-FR\"}]}<\/script>\n<meta property=\"product:price:amount\" content=\"41.00\" \/>\n<meta property=\"product:price:currency\" content=\"CHF\" \/>\n<meta property=\"og:availability\" content=\"out of stock\" \/>\n<meta property=\"product:availability\" content=\"out of stock\" \/>\n<meta property=\"product:retailer_item_id\" content=\"T-PW-MWPE\" \/>\n<meta property=\"product:condition\" content=\"new\" \/>\n<!-- \/ Yoast SEO plugin. -->","yoast_head_json":{"title":"Pump Worx Extenseur de p\u00e9nis Max-Width \u25b7 hier g\u00fcnstig kaufen | poppersschweiz.com","description":"Pump Worx Extenseur de p\u00e9nis Max-Width \u25b7 hier g\u00fcnstig online kaufen. Schneller Versand \u2713 Nur Original-Produkte \u2713 Jetzt kaufen & Spa\u00df haben.","robots":{"index":"index","follow":"follow","max-snippet":"max-snippet:-1","max-image-preview":"max-image-preview:large","max-video-preview":"max-video-preview:-1"},"canonical":"https:\/\/poppersschweiz.com\/fr\/produit\/pump-worx-extenseur-de-penis-max-width\/","og_locale":"fr_FR","og_type":"article","og_title":"Pump Worx Extenseur de p\u00e9nis Max-Width \u25b7 hier g\u00fcnstig kaufen | poppersschweiz.com","og_description":"Pump Worx Extenseur de p\u00e9nis Max-Width \u25b7 hier g\u00fcnstig online kaufen. Schneller Versand \u2713 Nur Original-Produkte \u2713 Jetzt kaufen & Spa\u00df haben.","og_url":"https:\/\/poppersschweiz.com\/fr\/produit\/pump-worx-extenseur-de-penis-max-width\/","og_site_name":"poppersschweiz.com","og_image":[{"width":600,"height":600,"url":"https:\/\/poppersschweiz.com\/wp-content\/uploads\/2023\/11\/KlikKlak-73.png","type":"image\/png"}],"twitter_card":"summary_large_image","twitter_misc":{"Prix":"&#67;&#72;&#70;&nbsp;41.00","Disponibilit\u00e9":"Rupture de stock"},"schema":{"@context":"https:\/\/schema.org","@graph":[{"@type":"WebPage","@id":"https:\/\/poppersschweiz.com\/fr\/produit\/pump-worx-extenseur-de-penis-max-width\/","url":"https:\/\/poppersschweiz.com\/fr\/produit\/pump-worx-extenseur-de-penis-max-width\/","name":"Pump Worx Extenseur de p\u00e9nis Max-Width \u25b7 hier g\u00fcnstig kaufen | poppersschweiz.com","isPartOf":{"@id":"https:\/\/poppersschweiz.com\/fr\/#website"},"primaryImageOfPage":{"@id":"https:\/\/poppersschweiz.com\/fr\/produit\/pump-worx-extenseur-de-penis-max-width\/#primaryimage"},"image":{"@id":"https:\/\/poppersschweiz.com\/fr\/produit\/pump-worx-extenseur-de-penis-max-width\/#primaryimage"},"thumbnailUrl":"https:\/\/poppersschweiz.com\/wp-content\/uploads\/2023\/11\/KlikKlak-73.png","datePublished":"2023-11-01T12:07:10+00:00","description":"Pump Worx Extenseur de p\u00e9nis Max-Width \u25b7 hier g\u00fcnstig online kaufen. Schneller Versand \u2713 Nur Original-Produkte \u2713 Jetzt kaufen & Spa\u00df haben.","breadcrumb":{"@id":"https:\/\/poppersschweiz.com\/fr\/produit\/pump-worx-extenseur-de-penis-max-width\/#breadcrumb"},"inLanguage":"fr-FR","potentialAction":[{"@type":"ReadAction","target":["https:\/\/poppersschweiz.com\/fr\/produit\/pump-worx-extenseur-de-penis-max-width\/"]}]},{"@type":"ImageObject","inLanguage":"fr-FR","@id":"https:\/\/poppersschweiz.com\/fr\/produit\/pump-worx-extenseur-de-penis-max-width\/#primaryimage","url":"https:\/\/poppersschweiz.com\/wp-content\/uploads\/2023\/11\/KlikKlak-73.png","contentUrl":"https:\/\/poppersschweiz.com\/wp-content\/uploads\/2023\/11\/KlikKlak-73.png","width":600,"height":600},{"@type":"BreadcrumbList","@id":"https:\/\/poppersschweiz.com\/fr\/produit\/pump-worx-extenseur-de-penis-max-width\/#breadcrumb","itemListElement":[{"@type":"ListItem","position":1,"name":"Page d'accueil","item":"https:\/\/poppersschweiz.com\/fr\/"},{"@type":"ListItem","position":2,"name":"Poppers, accessoires pour poppers et plus encore","item":"https:\/\/poppersschweiz.com\/fr\/poppers-accessoires-pour-poppers-et-plus-encore\/"},{"@type":"ListItem","position":3,"name":"Pump Worx Extenseur de p\u00e9nis Max-Width"}]},{"@type":"WebSite","@id":"https:\/\/poppersschweiz.com\/fr\/#website","url":"https:\/\/poppersschweiz.com\/fr\/","name":"poppersschweiz.com","description":"","potentialAction":[{"@type":"SearchAction","target":{"@type":"EntryPoint","urlTemplate":"https:\/\/poppersschweiz.com\/fr\/?s={search_term_string}"},"query-input":{"@type":"PropertyValueSpecification","valueRequired":true,"valueName":"search_term_string"}}],"inLanguage":"fr-FR"}]},"product_price_amount":"41.00","product_price_currency":"CHF","og_availability":"out of stock","product_availability":"out of stock","product_retailer_item_id":"T-PW-MWPE","product_condition":"new"},"_links":{"self":[{"href":"https:\/\/poppersschweiz.com\/fr\/wp-json\/wp\/v2\/product\/19531","targetHints":{"allow":["GET"]}}],"collection":[{"href":"https:\/\/poppersschweiz.com\/fr\/wp-json\/wp\/v2\/product"}],"about":[{"href":"https:\/\/poppersschweiz.com\/fr\/wp-json\/wp\/v2\/types\/product"}],"replies":[{"embeddable":true,"href":"https:\/\/poppersschweiz.com\/fr\/wp-json\/wp\/v2\/comments?post=19531"}],"wp:featuredmedia":[{"embeddable":true,"href":"https:\/\/poppersschweiz.com\/fr\/wp-json\/wp\/v2\/media\/19532"}],"wp:attachment":[{"href":"https:\/\/poppersschweiz.com\/fr\/wp-json\/wp\/v2\/media?parent=19531"}],"wp:term":[{"taxonomy":"product_brand","embeddable":true,"href":"https:\/\/poppersschweiz.com\/fr\/wp-json\/wp\/v2\/product_brand?post=19531"},{"taxonomy":"product_cat","embeddable":true,"href":"https:\/\/poppersschweiz.com\/fr\/wp-json\/wp\/v2\/product_cat?post=19531"},{"taxonomy":"product_tag","embeddable":true,"href":"https:\/\/poppersschweiz.com\/fr\/wp-json\/wp\/v2\/product_tag?post=19531"}],"curies":[{"name":"wp","href":"https:\/\/api.w.org\/{rel}","templated":true}]}}