{"id":19549,"date":"2023-08-27T12:49:15","date_gmt":"2023-08-27T10:49:15","guid":{"rendered":"https:\/\/poppersschweiz.com\/product\/presse-a-testicules-bdsm-extreme\/"},"modified":"2023-08-27T12:49:15","modified_gmt":"2023-08-27T10:49:15","slug":"presse-a-testicules-bdsm-extreme","status":"publish","type":"product","link":"https:\/\/poppersschweiz.com\/fr\/produit\/presse-a-testicules-bdsm-extreme\/","title":{"rendered":"Presse \u00e0 testicules BDSM extr\u00eame"},"content":{"rendered":"<p>Cette presse \u00e0 testicules est le jouet BDSM id\u00e9al pour les jeux de torture contr\u00f4l\u00e9s.<\/p>\n<p><strong>Valeur ajout\u00e9e :<\/strong> La partie sup\u00e9rieure peut \u00e9galement \u00eatre utilis\u00e9e sans la partie inf\u00e9rieure de la presse &#8211; un peu comme un large anneau testiculaire avec suffisamment de surface pour tirer dessus.<\/p>\n<p><strong>Instructions :<\/strong> retirer les \u00e9crous \u00e0 oreilles lat\u00e9raux, faire glisser une poutre en bois, ins\u00e9rer le scrotum, placer la poutre, serrer les \u00e9crous \u00e0 oreilles, ins\u00e9rer la partie inf\u00e9rieure, serrer les \u00e9crous \u00e0 oreilles en alternance jusqu&rsquo;\u00e0 la pression souhait\u00e9e.<\/p>\n<p>Dimensions : L&rsquo;ouverture en forme de citron mesure 50&#215;24 mm lorsqu&rsquo;elle est ferm\u00e9e. Les poutres en bois ont une hauteur d&rsquo;environ 19 mm. La presse a une surface de base de 13,5 x 6 cm et comprime de 6 cm \u00e0 0 cm.<\/p>\n<p>Les bords sont bien arrondis. Le bois est peint en noir et ne se d\u00e9colore pas.<\/p>\n<p>Mat\u00e9riaux : bois, m\u00e9tal<\/p>\n<p>Taille : 13,5 x 6x 3,8 cm<\/p>\n<p>Couleur : Noir<\/p>\n","protected":false},"excerpt":{"rendered":"<p>Cette presse \u00e0 testicules est le jouet BDSM id\u00e9al pour les jeux de torture contr\u00f4l\u00e9s.<\/p>\n","protected":false},"featured_media":19551,"comment_status":"open","ping_status":"closed","template":"","meta":{"_acf_changed":false,"_glsr_average":0,"_glsr_ranking":0,"_glsr_reviews":0},"product_brand":[],"product_cat":[544,553],"product_tag":[799],"class_list":{"0":"post-19549","1":"product","2":"type-product","3":"status-publish","4":"has-post-thumbnail","6":"product_cat-jouets","7":"product_cat-jouets-a-balles","8":"product_tag-presse-a-testicules-bdsm-extreme","10":"first","11":"outofstock","12":"taxable","13":"shipping-taxable","14":"purchasable","15":"product-type-simple"},"bundled_by":[],"bundle_stock_status":"outofstock","bundle_stock_quantity":null,"bundle_virtual":false,"bundle_layout":"","bundle_add_to_cart_form_location":"","bundle_editable_in_cart":false,"bundle_sold_individually_context":"","bundle_item_grouping":"","bundle_min_size":"","bundle_max_size":"","bundled_items":[],"bundle_sell_ids":[],"acf":[],"yoast_head":"<!-- This site is optimized with the Yoast SEO plugin v27.2 - https:\/\/yoast.com\/product\/yoast-seo-wordpress\/ -->\n<title>Presse \u00e0 testicules BDSM extr\u00eame \u25b7 hier g\u00fcnstig kaufen | poppersschweiz.com<\/title>\n<meta name=\"description\" content=\"Presse \u00e0 testicules BDSM extr\u00eame \u25b7 hier g\u00fcnstig online kaufen. Schneller Versand \u2713 Nur Original-Produkte \u2713 Jetzt kaufen &amp; Spa\u00df haben.\" \/>\n<meta name=\"robots\" content=\"index, follow, max-snippet:-1, max-image-preview:large, max-video-preview:-1\" \/>\n<link rel=\"canonical\" href=\"https:\/\/poppersschweiz.com\/fr\/produit\/presse-a-testicules-bdsm-extreme\/\" \/>\n<meta property=\"og:locale\" content=\"fr_FR\" \/>\n<meta property=\"og:type\" content=\"article\" \/>\n<meta property=\"og:title\" content=\"Presse \u00e0 testicules BDSM extr\u00eame \u25b7 hier g\u00fcnstig kaufen | poppersschweiz.com\" \/>\n<meta property=\"og:description\" content=\"Presse \u00e0 testicules BDSM extr\u00eame \u25b7 hier g\u00fcnstig online kaufen. Schneller Versand \u2713 Nur Original-Produkte \u2713 Jetzt kaufen &amp; Spa\u00df haben.\" \/>\n<meta property=\"og:url\" content=\"https:\/\/poppersschweiz.com\/fr\/produit\/presse-a-testicules-bdsm-extreme\/\" \/>\n<meta property=\"og:site_name\" content=\"poppersschweiz.com\" \/>\n<meta property=\"og:image\" content=\"https:\/\/poppersschweiz.com\/wp-content\/uploads\/2023\/08\/KlikKlak-15.png\" \/>\n\t<meta property=\"og:image:width\" content=\"600\" \/>\n\t<meta property=\"og:image:height\" content=\"600\" \/>\n\t<meta property=\"og:image:type\" content=\"image\/png\" \/>\n<meta name=\"twitter:card\" content=\"summary_large_image\" \/>\n<meta name=\"twitter:label1\" content=\"Prix\" \/>\n\t<meta name=\"twitter:data1\" content=\"&#067;&#072;&#070;&nbsp;29.90\" \/>\n\t<meta name=\"twitter:label2\" content=\"Disponibilit\u00e9\" \/>\n\t<meta name=\"twitter:data2\" content=\"Rupture de stock\" \/>\n<script type=\"application\/ld+json\" class=\"yoast-schema-graph\">{\"@context\":\"https:\/\/schema.org\",\"@graph\":[{\"@type\":\"WebPage\",\"@id\":\"https:\/\/poppersschweiz.com\/fr\/produit\/presse-a-testicules-bdsm-extreme\/\",\"url\":\"https:\/\/poppersschweiz.com\/fr\/produit\/presse-a-testicules-bdsm-extreme\/\",\"name\":\"Presse \u00e0 testicules BDSM extr\u00eame \u25b7 hier g\u00fcnstig kaufen | poppersschweiz.com\",\"isPartOf\":{\"@id\":\"https:\/\/poppersschweiz.com\/fr\/#website\"},\"primaryImageOfPage\":{\"@id\":\"https:\/\/poppersschweiz.com\/fr\/produit\/presse-a-testicules-bdsm-extreme\/#primaryimage\"},\"image\":{\"@id\":\"https:\/\/poppersschweiz.com\/fr\/produit\/presse-a-testicules-bdsm-extreme\/#primaryimage\"},\"thumbnailUrl\":\"https:\/\/poppersschweiz.com\/wp-content\/uploads\/2023\/08\/KlikKlak-15.png\",\"datePublished\":\"2023-08-27T10:49:15+00:00\",\"description\":\"Presse \u00e0 testicules BDSM extr\u00eame \u25b7 hier g\u00fcnstig online kaufen. Schneller Versand \u2713 Nur Original-Produkte \u2713 Jetzt kaufen & Spa\u00df haben.\",\"breadcrumb\":{\"@id\":\"https:\/\/poppersschweiz.com\/fr\/produit\/presse-a-testicules-bdsm-extreme\/#breadcrumb\"},\"inLanguage\":\"fr-FR\",\"potentialAction\":[{\"@type\":\"ReadAction\",\"target\":[\"https:\/\/poppersschweiz.com\/fr\/produit\/presse-a-testicules-bdsm-extreme\/\"]}]},{\"@type\":\"ImageObject\",\"inLanguage\":\"fr-FR\",\"@id\":\"https:\/\/poppersschweiz.com\/fr\/produit\/presse-a-testicules-bdsm-extreme\/#primaryimage\",\"url\":\"https:\/\/poppersschweiz.com\/wp-content\/uploads\/2023\/08\/KlikKlak-15.png\",\"contentUrl\":\"https:\/\/poppersschweiz.com\/wp-content\/uploads\/2023\/08\/KlikKlak-15.png\",\"width\":600,\"height\":600,\"caption\":\"Extrem BDSM Hodenpresse\"},{\"@type\":\"BreadcrumbList\",\"@id\":\"https:\/\/poppersschweiz.com\/fr\/produit\/presse-a-testicules-bdsm-extreme\/#breadcrumb\",\"itemListElement\":[{\"@type\":\"ListItem\",\"position\":1,\"name\":\"Page d'accueil\",\"item\":\"https:\/\/poppersschweiz.com\/fr\/\"},{\"@type\":\"ListItem\",\"position\":2,\"name\":\"Poppers, accessoires pour poppers et plus encore\",\"item\":\"https:\/\/poppersschweiz.com\/fr\/poppers-accessoires-pour-poppers-et-plus-encore\/\"},{\"@type\":\"ListItem\",\"position\":3,\"name\":\"Presse \u00e0 testicules BDSM extr\u00eame\"}]},{\"@type\":\"WebSite\",\"@id\":\"https:\/\/poppersschweiz.com\/fr\/#website\",\"url\":\"https:\/\/poppersschweiz.com\/fr\/\",\"name\":\"poppersschweiz.com\",\"description\":\"\",\"potentialAction\":[{\"@type\":\"SearchAction\",\"target\":{\"@type\":\"EntryPoint\",\"urlTemplate\":\"https:\/\/poppersschweiz.com\/fr\/?s={search_term_string}\"},\"query-input\":{\"@type\":\"PropertyValueSpecification\",\"valueRequired\":true,\"valueName\":\"search_term_string\"}}],\"inLanguage\":\"fr-FR\"}]}<\/script>\n<meta property=\"product:price:amount\" content=\"29.90\" \/>\n<meta property=\"product:price:currency\" content=\"CHF\" \/>\n<meta property=\"og:availability\" content=\"out of stock\" \/>\n<meta property=\"product:availability\" content=\"out of stock\" \/>\n<meta property=\"product:retailer_item_id\" content=\"44810\" \/>\n<meta property=\"product:condition\" content=\"new\" \/>\n<!-- \/ Yoast SEO plugin. -->","yoast_head_json":{"title":"Presse \u00e0 testicules BDSM extr\u00eame \u25b7 hier g\u00fcnstig kaufen | poppersschweiz.com","description":"Presse \u00e0 testicules BDSM extr\u00eame \u25b7 hier g\u00fcnstig online kaufen. Schneller Versand \u2713 Nur Original-Produkte \u2713 Jetzt kaufen & Spa\u00df haben.","robots":{"index":"index","follow":"follow","max-snippet":"max-snippet:-1","max-image-preview":"max-image-preview:large","max-video-preview":"max-video-preview:-1"},"canonical":"https:\/\/poppersschweiz.com\/fr\/produit\/presse-a-testicules-bdsm-extreme\/","og_locale":"fr_FR","og_type":"article","og_title":"Presse \u00e0 testicules BDSM extr\u00eame \u25b7 hier g\u00fcnstig kaufen | poppersschweiz.com","og_description":"Presse \u00e0 testicules BDSM extr\u00eame \u25b7 hier g\u00fcnstig online kaufen. Schneller Versand \u2713 Nur Original-Produkte \u2713 Jetzt kaufen & Spa\u00df haben.","og_url":"https:\/\/poppersschweiz.com\/fr\/produit\/presse-a-testicules-bdsm-extreme\/","og_site_name":"poppersschweiz.com","og_image":[{"width":600,"height":600,"url":"https:\/\/poppersschweiz.com\/wp-content\/uploads\/2023\/08\/KlikKlak-15.png","type":"image\/png"}],"twitter_card":"summary_large_image","twitter_misc":{"Prix":"&#67;&#72;&#70;&nbsp;29.90","Disponibilit\u00e9":"Rupture de stock"},"schema":{"@context":"https:\/\/schema.org","@graph":[{"@type":"WebPage","@id":"https:\/\/poppersschweiz.com\/fr\/produit\/presse-a-testicules-bdsm-extreme\/","url":"https:\/\/poppersschweiz.com\/fr\/produit\/presse-a-testicules-bdsm-extreme\/","name":"Presse \u00e0 testicules BDSM extr\u00eame \u25b7 hier g\u00fcnstig kaufen | poppersschweiz.com","isPartOf":{"@id":"https:\/\/poppersschweiz.com\/fr\/#website"},"primaryImageOfPage":{"@id":"https:\/\/poppersschweiz.com\/fr\/produit\/presse-a-testicules-bdsm-extreme\/#primaryimage"},"image":{"@id":"https:\/\/poppersschweiz.com\/fr\/produit\/presse-a-testicules-bdsm-extreme\/#primaryimage"},"thumbnailUrl":"https:\/\/poppersschweiz.com\/wp-content\/uploads\/2023\/08\/KlikKlak-15.png","datePublished":"2023-08-27T10:49:15+00:00","description":"Presse \u00e0 testicules BDSM extr\u00eame \u25b7 hier g\u00fcnstig online kaufen. Schneller Versand \u2713 Nur Original-Produkte \u2713 Jetzt kaufen & Spa\u00df haben.","breadcrumb":{"@id":"https:\/\/poppersschweiz.com\/fr\/produit\/presse-a-testicules-bdsm-extreme\/#breadcrumb"},"inLanguage":"fr-FR","potentialAction":[{"@type":"ReadAction","target":["https:\/\/poppersschweiz.com\/fr\/produit\/presse-a-testicules-bdsm-extreme\/"]}]},{"@type":"ImageObject","inLanguage":"fr-FR","@id":"https:\/\/poppersschweiz.com\/fr\/produit\/presse-a-testicules-bdsm-extreme\/#primaryimage","url":"https:\/\/poppersschweiz.com\/wp-content\/uploads\/2023\/08\/KlikKlak-15.png","contentUrl":"https:\/\/poppersschweiz.com\/wp-content\/uploads\/2023\/08\/KlikKlak-15.png","width":600,"height":600,"caption":"Extrem BDSM Hodenpresse"},{"@type":"BreadcrumbList","@id":"https:\/\/poppersschweiz.com\/fr\/produit\/presse-a-testicules-bdsm-extreme\/#breadcrumb","itemListElement":[{"@type":"ListItem","position":1,"name":"Page d'accueil","item":"https:\/\/poppersschweiz.com\/fr\/"},{"@type":"ListItem","position":2,"name":"Poppers, accessoires pour poppers et plus encore","item":"https:\/\/poppersschweiz.com\/fr\/poppers-accessoires-pour-poppers-et-plus-encore\/"},{"@type":"ListItem","position":3,"name":"Presse \u00e0 testicules BDSM extr\u00eame"}]},{"@type":"WebSite","@id":"https:\/\/poppersschweiz.com\/fr\/#website","url":"https:\/\/poppersschweiz.com\/fr\/","name":"poppersschweiz.com","description":"","potentialAction":[{"@type":"SearchAction","target":{"@type":"EntryPoint","urlTemplate":"https:\/\/poppersschweiz.com\/fr\/?s={search_term_string}"},"query-input":{"@type":"PropertyValueSpecification","valueRequired":true,"valueName":"search_term_string"}}],"inLanguage":"fr-FR"}]},"product_price_amount":"29.90","product_price_currency":"CHF","og_availability":"out of stock","product_availability":"out of stock","product_retailer_item_id":"44810","product_condition":"new"},"_links":{"self":[{"href":"https:\/\/poppersschweiz.com\/fr\/wp-json\/wp\/v2\/product\/19549","targetHints":{"allow":["GET"]}}],"collection":[{"href":"https:\/\/poppersschweiz.com\/fr\/wp-json\/wp\/v2\/product"}],"about":[{"href":"https:\/\/poppersschweiz.com\/fr\/wp-json\/wp\/v2\/types\/product"}],"replies":[{"embeddable":true,"href":"https:\/\/poppersschweiz.com\/fr\/wp-json\/wp\/v2\/comments?post=19549"}],"wp:featuredmedia":[{"embeddable":true,"href":"https:\/\/poppersschweiz.com\/fr\/wp-json\/wp\/v2\/media\/19551"}],"wp:attachment":[{"href":"https:\/\/poppersschweiz.com\/fr\/wp-json\/wp\/v2\/media?parent=19549"}],"wp:term":[{"taxonomy":"product_brand","embeddable":true,"href":"https:\/\/poppersschweiz.com\/fr\/wp-json\/wp\/v2\/product_brand?post=19549"},{"taxonomy":"product_cat","embeddable":true,"href":"https:\/\/poppersschweiz.com\/fr\/wp-json\/wp\/v2\/product_cat?post=19549"},{"taxonomy":"product_tag","embeddable":true,"href":"https:\/\/poppersschweiz.com\/fr\/wp-json\/wp\/v2\/product_tag?post=19549"}],"curies":[{"name":"wp","href":"https:\/\/api.w.org\/{rel}","templated":true}]}}