{"id":19553,"date":"2023-08-27T12:53:56","date_gmt":"2023-08-27T10:53:56","guid":{"rendered":"https:\/\/poppersschweiz.com\/product\/push-xtreme-leather-memphis-snap-strap-ballstretcher-x-large\/"},"modified":"2023-08-27T12:53:56","modified_gmt":"2023-08-27T10:53:56","slug":"push-xtreme-leather-memphis-snap-strap-ballstretcher-x-large","status":"publish","type":"product","link":"https:\/\/poppersschweiz.com\/fr\/produit\/push-xtreme-leather-memphis-snap-strap-ballstretcher-x-large\/","title":{"rendered":"Push Xtreme Leather Memphis Snap Strap Ballstretcher X-large"},"content":{"rendered":"<div>Le <strong>Memphis<\/strong> est un ballstretcher de haute qualit\u00e9 en cuir v\u00e9ritable avec des fermetures \u00e0 pression pour 2 diam\u00e8tres diff\u00e9rents : environ 33 et 40 mm. Il te permet de resserrer ton scrotum de mani\u00e8re individuelle. Les fermetures \u00e0 pression peuvent \u00e9galement \u00eatre clips\u00e9es en diagonale. On obtient ainsi un \u00e9tireur de balle en forme d&rsquo;entonnoir. Cet anneau testiculaire de taille X-Large mesure 6,5 cm de large.<\/div>\n<div><\/div>\n<div>longueur : environ 17 cm<\/div>\n<div>largeur : environ 6,5 cm<\/div>\n<div>Diam\u00e8tre : environ 33 &amp; 40 mm<\/div>\n<div>Mati\u00e8re : cuir v\u00e9ritable<\/div>\n<div>Couleur : Noir<\/div>\n","protected":false},"excerpt":{"rendered":"<p>On obtient ainsi un \u00e9tireur de balle en forme d&rsquo;entonnoir.<\/p>\n","protected":false},"featured_media":19559,"comment_status":"open","ping_status":"closed","template":"","meta":{"_acf_changed":false,"_glsr_average":0,"_glsr_ranking":0,"_glsr_reviews":0},"product_brand":[],"product_cat":[544,553],"product_tag":[812],"class_list":{"0":"post-19553","1":"product","2":"type-product","3":"status-publish","4":"has-post-thumbnail","6":"product_cat-jouets","7":"product_cat-jouets-a-balles","8":"product_tag-push-xtreme-leather-memphis-snap-strap-ballstretcher-x-large-fr","10":"first","11":"instock","12":"taxable","13":"shipping-taxable","14":"purchasable","15":"product-type-simple"},"bundled_by":[],"bundle_stock_status":"instock","bundle_stock_quantity":null,"bundle_virtual":false,"bundle_layout":"","bundle_add_to_cart_form_location":"","bundle_editable_in_cart":false,"bundle_sold_individually_context":"","bundle_item_grouping":"","bundle_min_size":"","bundle_max_size":"","bundled_items":[],"bundle_sell_ids":[],"acf":[],"yoast_head":"<!-- This site is optimized with the Yoast SEO plugin v27.2 - https:\/\/yoast.com\/product\/yoast-seo-wordpress\/ -->\n<title>Push Xtreme Leather Memphis Snap Strap Ballstretcher X-large \u25b7 hier g\u00fcnstig kaufen | poppersschweiz.com<\/title>\n<meta name=\"description\" content=\"Push Xtreme Leather Memphis Snap Strap Ballstretcher X-large \u25b7 hier g\u00fcnstig online kaufen. Schneller Versand \u2713 Nur Original-Produkte \u2713 Jetzt kaufen &amp; Spa\u00df haben.\" \/>\n<meta name=\"robots\" content=\"index, follow, max-snippet:-1, max-image-preview:large, max-video-preview:-1\" \/>\n<link rel=\"canonical\" href=\"https:\/\/poppersschweiz.com\/fr\/produit\/push-xtreme-leather-memphis-snap-strap-ballstretcher-x-large\/\" \/>\n<meta property=\"og:locale\" content=\"fr_FR\" \/>\n<meta property=\"og:type\" content=\"article\" \/>\n<meta property=\"og:title\" content=\"Push Xtreme Leather Memphis Snap Strap Ballstretcher X-large \u25b7 hier g\u00fcnstig kaufen | poppersschweiz.com\" \/>\n<meta property=\"og:description\" content=\"Push Xtreme Leather Memphis Snap Strap Ballstretcher X-large \u25b7 hier g\u00fcnstig online kaufen. Schneller Versand \u2713 Nur Original-Produkte \u2713 Jetzt kaufen &amp; Spa\u00df haben.\" \/>\n<meta property=\"og:url\" content=\"https:\/\/poppersschweiz.com\/fr\/produit\/push-xtreme-leather-memphis-snap-strap-ballstretcher-x-large\/\" \/>\n<meta property=\"og:site_name\" content=\"poppersschweiz.com\" \/>\n<meta property=\"og:image\" content=\"https:\/\/poppersschweiz.com\/wp-content\/uploads\/2023\/08\/KlikKlak-17.png\" \/>\n\t<meta property=\"og:image:width\" content=\"600\" \/>\n\t<meta property=\"og:image:height\" content=\"600\" \/>\n\t<meta property=\"og:image:type\" content=\"image\/png\" \/>\n<meta name=\"twitter:card\" content=\"summary_large_image\" \/>\n<meta name=\"twitter:label1\" content=\"Prix\" \/>\n\t<meta name=\"twitter:data1\" content=\"&#067;&#072;&#070;&nbsp;23.50\" \/>\n\t<meta name=\"twitter:label2\" content=\"Disponibilit\u00e9\" \/>\n\t<meta name=\"twitter:data2\" content=\"En stock\" \/>\n<script type=\"application\/ld+json\" class=\"yoast-schema-graph\">{\"@context\":\"https:\/\/schema.org\",\"@graph\":[{\"@type\":\"WebPage\",\"@id\":\"https:\/\/poppersschweiz.com\/fr\/produit\/push-xtreme-leather-memphis-snap-strap-ballstretcher-x-large\/\",\"url\":\"https:\/\/poppersschweiz.com\/fr\/produit\/push-xtreme-leather-memphis-snap-strap-ballstretcher-x-large\/\",\"name\":\"Push Xtreme Leather Memphis Snap Strap Ballstretcher X-large \u25b7 hier g\u00fcnstig kaufen | poppersschweiz.com\",\"isPartOf\":{\"@id\":\"https:\/\/poppersschweiz.com\/fr\/#website\"},\"primaryImageOfPage\":{\"@id\":\"https:\/\/poppersschweiz.com\/fr\/produit\/push-xtreme-leather-memphis-snap-strap-ballstretcher-x-large\/#primaryimage\"},\"image\":{\"@id\":\"https:\/\/poppersschweiz.com\/fr\/produit\/push-xtreme-leather-memphis-snap-strap-ballstretcher-x-large\/#primaryimage\"},\"thumbnailUrl\":\"https:\/\/poppersschweiz.com\/wp-content\/uploads\/2023\/08\/KlikKlak-17.png\",\"datePublished\":\"2023-08-27T10:53:56+00:00\",\"description\":\"Push Xtreme Leather Memphis Snap Strap Ballstretcher X-large \u25b7 hier g\u00fcnstig online kaufen. Schneller Versand \u2713 Nur Original-Produkte \u2713 Jetzt kaufen & Spa\u00df haben.\",\"breadcrumb\":{\"@id\":\"https:\/\/poppersschweiz.com\/fr\/produit\/push-xtreme-leather-memphis-snap-strap-ballstretcher-x-large\/#breadcrumb\"},\"inLanguage\":\"fr-FR\",\"potentialAction\":[{\"@type\":\"ReadAction\",\"target\":[\"https:\/\/poppersschweiz.com\/fr\/produit\/push-xtreme-leather-memphis-snap-strap-ballstretcher-x-large\/\"]}]},{\"@type\":\"ImageObject\",\"inLanguage\":\"fr-FR\",\"@id\":\"https:\/\/poppersschweiz.com\/fr\/produit\/push-xtreme-leather-memphis-snap-strap-ballstretcher-x-large\/#primaryimage\",\"url\":\"https:\/\/poppersschweiz.com\/wp-content\/uploads\/2023\/08\/KlikKlak-17.png\",\"contentUrl\":\"https:\/\/poppersschweiz.com\/wp-content\/uploads\/2023\/08\/KlikKlak-17.png\",\"width\":600,\"height\":600,\"caption\":\"Push Xtreme Leather Memphis Snap Strap Ballstretcher X-large\"},{\"@type\":\"BreadcrumbList\",\"@id\":\"https:\/\/poppersschweiz.com\/fr\/produit\/push-xtreme-leather-memphis-snap-strap-ballstretcher-x-large\/#breadcrumb\",\"itemListElement\":[{\"@type\":\"ListItem\",\"position\":1,\"name\":\"Page d'accueil\",\"item\":\"https:\/\/poppersschweiz.com\/fr\/\"},{\"@type\":\"ListItem\",\"position\":2,\"name\":\"Poppers, accessoires pour poppers et plus encore\",\"item\":\"https:\/\/poppersschweiz.com\/fr\/poppers-accessoires-pour-poppers-et-plus-encore\/\"},{\"@type\":\"ListItem\",\"position\":3,\"name\":\"Push Xtreme Leather Memphis Snap Strap Ballstretcher X-large\"}]},{\"@type\":\"WebSite\",\"@id\":\"https:\/\/poppersschweiz.com\/fr\/#website\",\"url\":\"https:\/\/poppersschweiz.com\/fr\/\",\"name\":\"poppersschweiz.com\",\"description\":\"\",\"potentialAction\":[{\"@type\":\"SearchAction\",\"target\":{\"@type\":\"EntryPoint\",\"urlTemplate\":\"https:\/\/poppersschweiz.com\/fr\/?s={search_term_string}\"},\"query-input\":{\"@type\":\"PropertyValueSpecification\",\"valueRequired\":true,\"valueName\":\"search_term_string\"}}],\"inLanguage\":\"fr-FR\"}]}<\/script>\n<meta property=\"product:price:amount\" content=\"23.50\" \/>\n<meta property=\"product:price:currency\" content=\"CHF\" \/>\n<meta property=\"og:availability\" content=\"instock\" \/>\n<meta property=\"product:availability\" content=\"instock\" \/>\n<meta property=\"product:retailer_item_id\" content=\"43750\" \/>\n<meta property=\"product:condition\" content=\"new\" \/>\n<!-- \/ Yoast SEO plugin. -->","yoast_head_json":{"title":"Push Xtreme Leather Memphis Snap Strap Ballstretcher X-large \u25b7 hier g\u00fcnstig kaufen | poppersschweiz.com","description":"Push Xtreme Leather Memphis Snap Strap Ballstretcher X-large \u25b7 hier g\u00fcnstig online kaufen. Schneller Versand \u2713 Nur Original-Produkte \u2713 Jetzt kaufen & Spa\u00df haben.","robots":{"index":"index","follow":"follow","max-snippet":"max-snippet:-1","max-image-preview":"max-image-preview:large","max-video-preview":"max-video-preview:-1"},"canonical":"https:\/\/poppersschweiz.com\/fr\/produit\/push-xtreme-leather-memphis-snap-strap-ballstretcher-x-large\/","og_locale":"fr_FR","og_type":"article","og_title":"Push Xtreme Leather Memphis Snap Strap Ballstretcher X-large \u25b7 hier g\u00fcnstig kaufen | poppersschweiz.com","og_description":"Push Xtreme Leather Memphis Snap Strap Ballstretcher X-large \u25b7 hier g\u00fcnstig online kaufen. Schneller Versand \u2713 Nur Original-Produkte \u2713 Jetzt kaufen & Spa\u00df haben.","og_url":"https:\/\/poppersschweiz.com\/fr\/produit\/push-xtreme-leather-memphis-snap-strap-ballstretcher-x-large\/","og_site_name":"poppersschweiz.com","og_image":[{"width":600,"height":600,"url":"https:\/\/poppersschweiz.com\/wp-content\/uploads\/2023\/08\/KlikKlak-17.png","type":"image\/png"}],"twitter_card":"summary_large_image","twitter_misc":{"Prix":"&#67;&#72;&#70;&nbsp;23.50","Disponibilit\u00e9":"En stock"},"schema":{"@context":"https:\/\/schema.org","@graph":[{"@type":"WebPage","@id":"https:\/\/poppersschweiz.com\/fr\/produit\/push-xtreme-leather-memphis-snap-strap-ballstretcher-x-large\/","url":"https:\/\/poppersschweiz.com\/fr\/produit\/push-xtreme-leather-memphis-snap-strap-ballstretcher-x-large\/","name":"Push Xtreme Leather Memphis Snap Strap Ballstretcher X-large \u25b7 hier g\u00fcnstig kaufen | poppersschweiz.com","isPartOf":{"@id":"https:\/\/poppersschweiz.com\/fr\/#website"},"primaryImageOfPage":{"@id":"https:\/\/poppersschweiz.com\/fr\/produit\/push-xtreme-leather-memphis-snap-strap-ballstretcher-x-large\/#primaryimage"},"image":{"@id":"https:\/\/poppersschweiz.com\/fr\/produit\/push-xtreme-leather-memphis-snap-strap-ballstretcher-x-large\/#primaryimage"},"thumbnailUrl":"https:\/\/poppersschweiz.com\/wp-content\/uploads\/2023\/08\/KlikKlak-17.png","datePublished":"2023-08-27T10:53:56+00:00","description":"Push Xtreme Leather Memphis Snap Strap Ballstretcher X-large \u25b7 hier g\u00fcnstig online kaufen. Schneller Versand \u2713 Nur Original-Produkte \u2713 Jetzt kaufen & Spa\u00df haben.","breadcrumb":{"@id":"https:\/\/poppersschweiz.com\/fr\/produit\/push-xtreme-leather-memphis-snap-strap-ballstretcher-x-large\/#breadcrumb"},"inLanguage":"fr-FR","potentialAction":[{"@type":"ReadAction","target":["https:\/\/poppersschweiz.com\/fr\/produit\/push-xtreme-leather-memphis-snap-strap-ballstretcher-x-large\/"]}]},{"@type":"ImageObject","inLanguage":"fr-FR","@id":"https:\/\/poppersschweiz.com\/fr\/produit\/push-xtreme-leather-memphis-snap-strap-ballstretcher-x-large\/#primaryimage","url":"https:\/\/poppersschweiz.com\/wp-content\/uploads\/2023\/08\/KlikKlak-17.png","contentUrl":"https:\/\/poppersschweiz.com\/wp-content\/uploads\/2023\/08\/KlikKlak-17.png","width":600,"height":600,"caption":"Push Xtreme Leather Memphis Snap Strap Ballstretcher X-large"},{"@type":"BreadcrumbList","@id":"https:\/\/poppersschweiz.com\/fr\/produit\/push-xtreme-leather-memphis-snap-strap-ballstretcher-x-large\/#breadcrumb","itemListElement":[{"@type":"ListItem","position":1,"name":"Page d'accueil","item":"https:\/\/poppersschweiz.com\/fr\/"},{"@type":"ListItem","position":2,"name":"Poppers, accessoires pour poppers et plus encore","item":"https:\/\/poppersschweiz.com\/fr\/poppers-accessoires-pour-poppers-et-plus-encore\/"},{"@type":"ListItem","position":3,"name":"Push Xtreme Leather Memphis Snap Strap Ballstretcher X-large"}]},{"@type":"WebSite","@id":"https:\/\/poppersschweiz.com\/fr\/#website","url":"https:\/\/poppersschweiz.com\/fr\/","name":"poppersschweiz.com","description":"","potentialAction":[{"@type":"SearchAction","target":{"@type":"EntryPoint","urlTemplate":"https:\/\/poppersschweiz.com\/fr\/?s={search_term_string}"},"query-input":{"@type":"PropertyValueSpecification","valueRequired":true,"valueName":"search_term_string"}}],"inLanguage":"fr-FR"}]},"product_price_amount":"23.50","product_price_currency":"CHF","og_availability":"instock","product_availability":"instock","product_retailer_item_id":"43750","product_condition":"new"},"_links":{"self":[{"href":"https:\/\/poppersschweiz.com\/fr\/wp-json\/wp\/v2\/product\/19553","targetHints":{"allow":["GET"]}}],"collection":[{"href":"https:\/\/poppersschweiz.com\/fr\/wp-json\/wp\/v2\/product"}],"about":[{"href":"https:\/\/poppersschweiz.com\/fr\/wp-json\/wp\/v2\/types\/product"}],"replies":[{"embeddable":true,"href":"https:\/\/poppersschweiz.com\/fr\/wp-json\/wp\/v2\/comments?post=19553"}],"wp:featuredmedia":[{"embeddable":true,"href":"https:\/\/poppersschweiz.com\/fr\/wp-json\/wp\/v2\/media\/19559"}],"wp:attachment":[{"href":"https:\/\/poppersschweiz.com\/fr\/wp-json\/wp\/v2\/media?parent=19553"}],"wp:term":[{"taxonomy":"product_brand","embeddable":true,"href":"https:\/\/poppersschweiz.com\/fr\/wp-json\/wp\/v2\/product_brand?post=19553"},{"taxonomy":"product_cat","embeddable":true,"href":"https:\/\/poppersschweiz.com\/fr\/wp-json\/wp\/v2\/product_cat?post=19553"},{"taxonomy":"product_tag","embeddable":true,"href":"https:\/\/poppersschweiz.com\/fr\/wp-json\/wp\/v2\/product_tag?post=19553"}],"curies":[{"name":"wp","href":"https:\/\/api.w.org\/{rel}","templated":true}]}}