{"id":19667,"date":"2023-08-15T20:37:24","date_gmt":"2023-08-15T18:37:24","guid":{"rendered":"https:\/\/poppersschweiz.com\/product\/poppers-flip-top-cap-wyffr-ultimate-red-small\/"},"modified":"2023-08-15T20:37:24","modified_gmt":"2023-08-15T18:37:24","slug":"poppers-flip-top-cap-wyffr-ultimate-red-small","status":"publish","type":"product","link":"https:\/\/poppersschweiz.com\/fr\/produit\/poppers-flip-top-cap-wyffr-ultimate-red-small\/","title":{"rendered":"Poppers Flip Top Cap WYFFR Ultimate &#8211; RED Small"},"content":{"rendered":"<p><span style=\"font-weight: 400;\">Le <strong>Flip Top Cap<\/strong> des \u00c9tats-Unis a \u00e9t\u00e9 perfectionn\u00e9 avec beaucoup de passion et nous sommes enfin l&rsquo;une des rares boutiques en ligne de Poppers en Europe \u00e0 pouvoir proposer cette innovation dans notre assortiment. Le flip top cap pr\u00e9sente deux grands avantages. Gr\u00e2ce \u00e0 cet embout, tu peux facilement ouvrir le flacon de poppers d&rsquo;une seule main et le refermer d&rsquo;une seule main. Cela est particuli\u00e8rement utile lorsque l&rsquo;autre main est occup\u00e9e. Pourquoi donc avoir besoin de deux mains pour ouvrir une bouteille alors qu&rsquo;il est possible de le faire tr\u00e8s facilement d&rsquo;une seule main ?  <\/span><\/p>\n<p>&nbsp;<\/p>\n<p><span style=\"font-weight: 400;\">  Le deuxi\u00e8me avantage de ce Flip Top Cap est que tu peux laisser l&#8217;embout en place en permanence, jusqu&rsquo;\u00e0 ce que le biberon soit vide, quelle que soit la position dans laquelle tu stockes le biberon. La fermeture en caoutchouc amovible s\u00e9curise l&#8217;embout pendant le stockage. Comme certaines bouteilles de poppers doivent depuis quelque temps \u00eatre livr\u00e9es avec un bouchon de s\u00e9curit\u00e9 pour les enfants, ce flip top cap te permet d&rsquo;ouvrir les bouteilles tr\u00e8s facilement.  <\/span><\/p>\n<p>&nbsp;<\/p>\n<p><span style=\"font-weight: 400;\">Le <strong>Flip Top Cap RED Small<\/strong> s&rsquo;adapte \u00e0 tous les flacons avec un pas de vis Small, c&rsquo;est-\u00e0-dire <strong>\u00e0 tous les flacons des fabricants Oxymoron, Shelbora et Lockerroom 10ml, 15ml et 30ml.<\/strong> Tu trouveras la taille du filetage Small ou Large dans notre boutique, dans les informations relatives \u00e0 chaque bouteille de poppers.<\/span><\/p>\n","protected":false},"excerpt":{"rendered":"<p><span style=\"font-weight: 400;\">Le <strong>Flip Top Cap RED Small<\/strong> s&rsquo;adapte \u00e0 tous les flacons avec un filetage de taille Small, c&rsquo;est-\u00e0-dire <strong>tous les flacons des fabricants Oxymoron, Shelbora et Lockerroom 10ml, 15ml et 30ml.<\/strong> <\/span><\/p>\n","protected":false},"featured_media":19668,"comment_status":"open","ping_status":"closed","template":"","meta":{"_acf_changed":false,"_glsr_average":0,"_glsr_ranking":0,"_glsr_reviews":0},"product_brand":[],"product_cat":[533,530],"product_tag":[909],"class_list":{"0":"post-19667","1":"product","2":"type-product","3":"status-publish","4":"has-post-thumbnail","6":"product_cat-accessoires-poppers","7":"product_cat-poppers-suisse","8":"product_tag-poppers-flip-top-cap-wyffr-ultimate-red-small-fr","10":"first","11":"instock","12":"taxable","13":"shipping-taxable","14":"purchasable","15":"product-type-simple"},"bundled_by":[],"bundle_stock_status":"instock","bundle_stock_quantity":null,"bundle_virtual":false,"bundle_layout":"","bundle_add_to_cart_form_location":"","bundle_editable_in_cart":false,"bundle_sold_individually_context":"","bundle_item_grouping":"","bundle_min_size":"","bundle_max_size":"","bundled_items":[],"bundle_sell_ids":[],"acf":[],"yoast_head":"<!-- This site is optimized with the Yoast SEO plugin v27.2 - https:\/\/yoast.com\/product\/yoast-seo-wordpress\/ -->\n<title>Poppers Flip Top Cap WYFFR Ultimate - RED Small \u25b7 hier g\u00fcnstig kaufen | poppersschweiz.com<\/title>\n<meta name=\"description\" content=\"Poppers Flip Top Cap WYFFR Ultimate - RED Small \u25b7 hier g\u00fcnstig online kaufen. Schneller Versand \u2713 Nur Original-Produkte \u2713 Jetzt kaufen &amp; Spa\u00df haben.\" \/>\n<meta name=\"robots\" content=\"index, follow, max-snippet:-1, max-image-preview:large, max-video-preview:-1\" \/>\n<link rel=\"canonical\" href=\"https:\/\/poppersschweiz.com\/fr\/produit\/poppers-flip-top-cap-wyffr-ultimate-red-small\/\" \/>\n<meta property=\"og:locale\" content=\"fr_FR\" \/>\n<meta property=\"og:type\" content=\"article\" \/>\n<meta property=\"og:title\" content=\"Poppers Flip Top Cap WYFFR Ultimate - RED Small \u25b7 hier g\u00fcnstig kaufen | poppersschweiz.com\" \/>\n<meta property=\"og:description\" content=\"Poppers Flip Top Cap WYFFR Ultimate - RED Small \u25b7 hier g\u00fcnstig online kaufen. Schneller Versand \u2713 Nur Original-Produkte \u2713 Jetzt kaufen &amp; Spa\u00df haben.\" \/>\n<meta property=\"og:url\" content=\"https:\/\/poppersschweiz.com\/fr\/produit\/poppers-flip-top-cap-wyffr-ultimate-red-small\/\" \/>\n<meta property=\"og:site_name\" content=\"poppersschweiz.com\" \/>\n<meta property=\"og:image\" content=\"https:\/\/poppersschweiz.com\/wp-content\/uploads\/2024\/01\/198.png\" \/>\n\t<meta property=\"og:image:width\" content=\"992\" \/>\n\t<meta property=\"og:image:height\" content=\"1135\" \/>\n\t<meta property=\"og:image:type\" content=\"image\/png\" \/>\n<meta name=\"twitter:card\" content=\"summary_large_image\" \/>\n<meta name=\"twitter:label1\" content=\"Prix\" \/>\n\t<meta name=\"twitter:data1\" content=\"&#067;&#072;&#070;&nbsp;14.90\" \/>\n\t<meta name=\"twitter:label2\" content=\"Disponibilit\u00e9\" \/>\n\t<meta name=\"twitter:data2\" content=\"En stock\" \/>\n<script type=\"application\/ld+json\" class=\"yoast-schema-graph\">{\"@context\":\"https:\/\/schema.org\",\"@graph\":[{\"@type\":\"WebPage\",\"@id\":\"https:\/\/poppersschweiz.com\/fr\/produit\/poppers-flip-top-cap-wyffr-ultimate-red-small\/\",\"url\":\"https:\/\/poppersschweiz.com\/fr\/produit\/poppers-flip-top-cap-wyffr-ultimate-red-small\/\",\"name\":\"Poppers Flip Top Cap WYFFR Ultimate - RED Small \u25b7 hier g\u00fcnstig kaufen | poppersschweiz.com\",\"isPartOf\":{\"@id\":\"https:\/\/poppersschweiz.com\/fr\/#website\"},\"primaryImageOfPage\":{\"@id\":\"https:\/\/poppersschweiz.com\/fr\/produit\/poppers-flip-top-cap-wyffr-ultimate-red-small\/#primaryimage\"},\"image\":{\"@id\":\"https:\/\/poppersschweiz.com\/fr\/produit\/poppers-flip-top-cap-wyffr-ultimate-red-small\/#primaryimage\"},\"thumbnailUrl\":\"https:\/\/poppersschweiz.com\/wp-content\/uploads\/2024\/01\/198.png\",\"datePublished\":\"2023-08-15T18:37:24+00:00\",\"description\":\"Poppers Flip Top Cap WYFFR Ultimate - RED Small \u25b7 hier g\u00fcnstig online kaufen. Schneller Versand \u2713 Nur Original-Produkte \u2713 Jetzt kaufen & Spa\u00df haben.\",\"breadcrumb\":{\"@id\":\"https:\/\/poppersschweiz.com\/fr\/produit\/poppers-flip-top-cap-wyffr-ultimate-red-small\/#breadcrumb\"},\"inLanguage\":\"fr-FR\",\"potentialAction\":[{\"@type\":\"ReadAction\",\"target\":[\"https:\/\/poppersschweiz.com\/fr\/produit\/poppers-flip-top-cap-wyffr-ultimate-red-small\/\"]}]},{\"@type\":\"ImageObject\",\"inLanguage\":\"fr-FR\",\"@id\":\"https:\/\/poppersschweiz.com\/fr\/produit\/poppers-flip-top-cap-wyffr-ultimate-red-small\/#primaryimage\",\"url\":\"https:\/\/poppersschweiz.com\/wp-content\/uploads\/2024\/01\/198.png\",\"contentUrl\":\"https:\/\/poppersschweiz.com\/wp-content\/uploads\/2024\/01\/198.png\",\"width\":992,\"height\":1135},{\"@type\":\"BreadcrumbList\",\"@id\":\"https:\/\/poppersschweiz.com\/fr\/produit\/poppers-flip-top-cap-wyffr-ultimate-red-small\/#breadcrumb\",\"itemListElement\":[{\"@type\":\"ListItem\",\"position\":1,\"name\":\"Page d'accueil\",\"item\":\"https:\/\/poppersschweiz.com\/fr\/\"},{\"@type\":\"ListItem\",\"position\":2,\"name\":\"Poppers, accessoires pour poppers et plus encore\",\"item\":\"https:\/\/poppersschweiz.com\/fr\/poppers-accessoires-pour-poppers-et-plus-encore\/\"},{\"@type\":\"ListItem\",\"position\":3,\"name\":\"Poppers Flip Top Cap WYFFR Ultimate &#8211; RED Small\"}]},{\"@type\":\"WebSite\",\"@id\":\"https:\/\/poppersschweiz.com\/fr\/#website\",\"url\":\"https:\/\/poppersschweiz.com\/fr\/\",\"name\":\"poppersschweiz.com\",\"description\":\"\",\"potentialAction\":[{\"@type\":\"SearchAction\",\"target\":{\"@type\":\"EntryPoint\",\"urlTemplate\":\"https:\/\/poppersschweiz.com\/fr\/?s={search_term_string}\"},\"query-input\":{\"@type\":\"PropertyValueSpecification\",\"valueRequired\":true,\"valueName\":\"search_term_string\"}}],\"inLanguage\":\"fr-FR\"}]}<\/script>\n<meta property=\"product:price:amount\" content=\"14.90\" \/>\n<meta property=\"product:price:currency\" content=\"CHF\" \/>\n<meta property=\"og:availability\" content=\"instock\" \/>\n<meta property=\"product:availability\" content=\"instock\" \/>\n<meta property=\"product:retailer_item_id\" content=\"WYF-SR\" \/>\n<meta property=\"product:condition\" content=\"new\" \/>\n<!-- \/ Yoast SEO plugin. -->","yoast_head_json":{"title":"Poppers Flip Top Cap WYFFR Ultimate - RED Small \u25b7 hier g\u00fcnstig kaufen | poppersschweiz.com","description":"Poppers Flip Top Cap WYFFR Ultimate - RED Small \u25b7 hier g\u00fcnstig online kaufen. Schneller Versand \u2713 Nur Original-Produkte \u2713 Jetzt kaufen & Spa\u00df haben.","robots":{"index":"index","follow":"follow","max-snippet":"max-snippet:-1","max-image-preview":"max-image-preview:large","max-video-preview":"max-video-preview:-1"},"canonical":"https:\/\/poppersschweiz.com\/fr\/produit\/poppers-flip-top-cap-wyffr-ultimate-red-small\/","og_locale":"fr_FR","og_type":"article","og_title":"Poppers Flip Top Cap WYFFR Ultimate - RED Small \u25b7 hier g\u00fcnstig kaufen | poppersschweiz.com","og_description":"Poppers Flip Top Cap WYFFR Ultimate - RED Small \u25b7 hier g\u00fcnstig online kaufen. Schneller Versand \u2713 Nur Original-Produkte \u2713 Jetzt kaufen & Spa\u00df haben.","og_url":"https:\/\/poppersschweiz.com\/fr\/produit\/poppers-flip-top-cap-wyffr-ultimate-red-small\/","og_site_name":"poppersschweiz.com","og_image":[{"width":992,"height":1135,"url":"https:\/\/poppersschweiz.com\/wp-content\/uploads\/2024\/01\/198.png","type":"image\/png"}],"twitter_card":"summary_large_image","twitter_misc":{"Prix":"&#67;&#72;&#70;&nbsp;14.90","Disponibilit\u00e9":"En stock"},"schema":{"@context":"https:\/\/schema.org","@graph":[{"@type":"WebPage","@id":"https:\/\/poppersschweiz.com\/fr\/produit\/poppers-flip-top-cap-wyffr-ultimate-red-small\/","url":"https:\/\/poppersschweiz.com\/fr\/produit\/poppers-flip-top-cap-wyffr-ultimate-red-small\/","name":"Poppers Flip Top Cap WYFFR Ultimate - RED Small \u25b7 hier g\u00fcnstig kaufen | poppersschweiz.com","isPartOf":{"@id":"https:\/\/poppersschweiz.com\/fr\/#website"},"primaryImageOfPage":{"@id":"https:\/\/poppersschweiz.com\/fr\/produit\/poppers-flip-top-cap-wyffr-ultimate-red-small\/#primaryimage"},"image":{"@id":"https:\/\/poppersschweiz.com\/fr\/produit\/poppers-flip-top-cap-wyffr-ultimate-red-small\/#primaryimage"},"thumbnailUrl":"https:\/\/poppersschweiz.com\/wp-content\/uploads\/2024\/01\/198.png","datePublished":"2023-08-15T18:37:24+00:00","description":"Poppers Flip Top Cap WYFFR Ultimate - RED Small \u25b7 hier g\u00fcnstig online kaufen. Schneller Versand \u2713 Nur Original-Produkte \u2713 Jetzt kaufen & Spa\u00df haben.","breadcrumb":{"@id":"https:\/\/poppersschweiz.com\/fr\/produit\/poppers-flip-top-cap-wyffr-ultimate-red-small\/#breadcrumb"},"inLanguage":"fr-FR","potentialAction":[{"@type":"ReadAction","target":["https:\/\/poppersschweiz.com\/fr\/produit\/poppers-flip-top-cap-wyffr-ultimate-red-small\/"]}]},{"@type":"ImageObject","inLanguage":"fr-FR","@id":"https:\/\/poppersschweiz.com\/fr\/produit\/poppers-flip-top-cap-wyffr-ultimate-red-small\/#primaryimage","url":"https:\/\/poppersschweiz.com\/wp-content\/uploads\/2024\/01\/198.png","contentUrl":"https:\/\/poppersschweiz.com\/wp-content\/uploads\/2024\/01\/198.png","width":992,"height":1135},{"@type":"BreadcrumbList","@id":"https:\/\/poppersschweiz.com\/fr\/produit\/poppers-flip-top-cap-wyffr-ultimate-red-small\/#breadcrumb","itemListElement":[{"@type":"ListItem","position":1,"name":"Page d'accueil","item":"https:\/\/poppersschweiz.com\/fr\/"},{"@type":"ListItem","position":2,"name":"Poppers, accessoires pour poppers et plus encore","item":"https:\/\/poppersschweiz.com\/fr\/poppers-accessoires-pour-poppers-et-plus-encore\/"},{"@type":"ListItem","position":3,"name":"Poppers Flip Top Cap WYFFR Ultimate &#8211; RED Small"}]},{"@type":"WebSite","@id":"https:\/\/poppersschweiz.com\/fr\/#website","url":"https:\/\/poppersschweiz.com\/fr\/","name":"poppersschweiz.com","description":"","potentialAction":[{"@type":"SearchAction","target":{"@type":"EntryPoint","urlTemplate":"https:\/\/poppersschweiz.com\/fr\/?s={search_term_string}"},"query-input":{"@type":"PropertyValueSpecification","valueRequired":true,"valueName":"search_term_string"}}],"inLanguage":"fr-FR"}]},"product_price_amount":"14.90","product_price_currency":"CHF","og_availability":"instock","product_availability":"instock","product_retailer_item_id":"WYF-SR","product_condition":"new"},"_links":{"self":[{"href":"https:\/\/poppersschweiz.com\/fr\/wp-json\/wp\/v2\/product\/19667","targetHints":{"allow":["GET"]}}],"collection":[{"href":"https:\/\/poppersschweiz.com\/fr\/wp-json\/wp\/v2\/product"}],"about":[{"href":"https:\/\/poppersschweiz.com\/fr\/wp-json\/wp\/v2\/types\/product"}],"replies":[{"embeddable":true,"href":"https:\/\/poppersschweiz.com\/fr\/wp-json\/wp\/v2\/comments?post=19667"}],"wp:featuredmedia":[{"embeddable":true,"href":"https:\/\/poppersschweiz.com\/fr\/wp-json\/wp\/v2\/media\/19668"}],"wp:attachment":[{"href":"https:\/\/poppersschweiz.com\/fr\/wp-json\/wp\/v2\/media?parent=19667"}],"wp:term":[{"taxonomy":"product_brand","embeddable":true,"href":"https:\/\/poppersschweiz.com\/fr\/wp-json\/wp\/v2\/product_brand?post=19667"},{"taxonomy":"product_cat","embeddable":true,"href":"https:\/\/poppersschweiz.com\/fr\/wp-json\/wp\/v2\/product_cat?post=19667"},{"taxonomy":"product_tag","embeddable":true,"href":"https:\/\/poppersschweiz.com\/fr\/wp-json\/wp\/v2\/product_tag?post=19667"}],"curies":[{"name":"wp","href":"https:\/\/api.w.org\/{rel}","templated":true}]}}