{"id":19674,"date":"2023-08-26T15:47:51","date_gmt":"2023-08-26T13:47:51","guid":{"rendered":"https:\/\/poppersschweiz.com\/product\/j-lube-powder-white-lube-284g\/"},"modified":"2026-02-09T14:04:24","modified_gmt":"2026-02-09T13:04:24","slug":"j-lube-powder-white-lube-284g","status":"publish","type":"product","link":"https:\/\/poppersschweiz.com\/fr\/produit\/j-lube-powder-white-lube-284g\/","title":{"rendered":"J-Lube Powder White Lube 284g"},"content":{"rendered":"<p><strong>J-Lube<\/strong> est une poudre qui se transforme en lubrifiant au contact de l&rsquo;eau. Une bouteille de J-Lube suffit pour <strong>11 litres de lubrifiant.<\/strong> Facile \u00e0 utiliser &#8211; Appliquer sur les mains comme un savon en poudre. Le lubrifiant J peut \u00eatre m\u00e9lang\u00e9 \u00e0 de l&rsquo;eau pour obtenir un lubrifiant liquide. Facile \u00e0 nettoyer &#8211; J-Lube s&rsquo;enl\u00e8ve facilement \u00e0 l&rsquo;eau. Une petite quantit\u00e9 de sel de table, ajout\u00e9e aux mains sous forme de savon en poudre pour les mains, facilite l&rsquo;\u00e9limination de toute trace de lubrifiant.<\/p>\n<p>Ingr\u00e9dients : Poly\u00e9thyl\u00e8ne polym\u00e8re (25%), agent dispersant (75%)<\/p>\n","protected":false},"excerpt":{"rendered":"<p>Une bouteille de <strong>J-Lube suffit pour 11 litres de lubrifiant. <\/strong> <\/p>\n","protected":false},"featured_media":19676,"comment_status":"open","ping_status":"closed","template":"","meta":{"_acf_changed":false,"_glsr_average":0,"_glsr_ranking":0,"_glsr_reviews":0},"product_brand":[],"product_cat":[548,569],"product_tag":[870],"class_list":{"0":"post-19674","1":"product","2":"type-product","3":"status-publish","4":"has-post-thumbnail","6":"product_cat-droguerie","7":"product_cat-lubrifiant","8":"product_tag-j-lube-powder-white-lube-284g-fr","10":"first","11":"instock","12":"taxable","13":"shipping-taxable","14":"purchasable","15":"product-type-simple"},"bundled_by":[],"bundle_stock_status":"instock","bundle_stock_quantity":null,"bundle_virtual":false,"bundle_layout":"","bundle_add_to_cart_form_location":"","bundle_editable_in_cart":false,"bundle_sold_individually_context":"","bundle_item_grouping":"","bundle_min_size":"","bundle_max_size":"","bundled_items":[],"bundle_sell_ids":[],"acf":[],"yoast_head":"<!-- This site is optimized with the Yoast SEO plugin v27.2 - https:\/\/yoast.com\/product\/yoast-seo-wordpress\/ -->\n<title>J-Lube Powder White Lube 284g \u25b7 hier g\u00fcnstig kaufen | poppersschweiz.com<\/title>\n<meta name=\"description\" content=\"J-Lube Powder White Lube 284g \u25b7 hier g\u00fcnstig online kaufen. Schneller Versand \u2713 Nur Original-Produkte \u2713 Jetzt kaufen &amp; Spa\u00df haben.\" \/>\n<meta name=\"robots\" content=\"index, follow, max-snippet:-1, max-image-preview:large, max-video-preview:-1\" \/>\n<link rel=\"canonical\" href=\"https:\/\/poppersschweiz.com\/fr\/produit\/j-lube-powder-white-lube-284g\/\" \/>\n<meta property=\"og:locale\" content=\"fr_FR\" \/>\n<meta property=\"og:type\" content=\"article\" \/>\n<meta property=\"og:title\" content=\"J-Lube Powder White Lube 284g \u25b7 hier g\u00fcnstig kaufen | poppersschweiz.com\" \/>\n<meta property=\"og:description\" content=\"J-Lube Powder White Lube 284g \u25b7 hier g\u00fcnstig online kaufen. Schneller Versand \u2713 Nur Original-Produkte \u2713 Jetzt kaufen &amp; Spa\u00df haben.\" \/>\n<meta property=\"og:url\" content=\"https:\/\/poppersschweiz.com\/fr\/produit\/j-lube-powder-white-lube-284g\/\" \/>\n<meta property=\"og:site_name\" content=\"poppersschweiz.com\" \/>\n<meta property=\"article:modified_time\" content=\"2026-02-09T13:04:24+00:00\" \/>\n<meta property=\"og:image\" content=\"https:\/\/poppersschweiz.com\/wp-content\/uploads\/2023\/08\/j-lube-j-lube-powder-296-ml-10-oz.webp\" \/>\n\t<meta property=\"og:image:width\" content=\"1600\" \/>\n\t<meta property=\"og:image:height\" content=\"2048\" \/>\n\t<meta property=\"og:image:type\" content=\"image\/webp\" \/>\n<meta name=\"twitter:card\" content=\"summary_large_image\" \/>\n<meta name=\"twitter:label1\" content=\"Prix\" \/>\n\t<meta name=\"twitter:data1\" content=\"&#067;&#072;&#070;&nbsp;29.50\" \/>\n\t<meta name=\"twitter:label2\" content=\"Disponibilit\u00e9\" \/>\n\t<meta name=\"twitter:data2\" content=\"En stock\" \/>\n<script type=\"application\/ld+json\" class=\"yoast-schema-graph\">{\"@context\":\"https:\/\/schema.org\",\"@graph\":[{\"@type\":\"WebPage\",\"@id\":\"https:\/\/poppersschweiz.com\/fr\/produit\/j-lube-powder-white-lube-284g\/\",\"url\":\"https:\/\/poppersschweiz.com\/fr\/produit\/j-lube-powder-white-lube-284g\/\",\"name\":\"J-Lube Powder White Lube 284g \u25b7 hier g\u00fcnstig kaufen | poppersschweiz.com\",\"isPartOf\":{\"@id\":\"https:\/\/poppersschweiz.com\/fr\/#website\"},\"primaryImageOfPage\":{\"@id\":\"https:\/\/poppersschweiz.com\/fr\/produit\/j-lube-powder-white-lube-284g\/#primaryimage\"},\"image\":{\"@id\":\"https:\/\/poppersschweiz.com\/fr\/produit\/j-lube-powder-white-lube-284g\/#primaryimage\"},\"thumbnailUrl\":\"https:\/\/poppersschweiz.com\/wp-content\/uploads\/2023\/08\/j-lube-j-lube-powder-296-ml-10-oz.webp\",\"datePublished\":\"2023-08-26T13:47:51+00:00\",\"dateModified\":\"2026-02-09T13:04:24+00:00\",\"description\":\"J-Lube Powder White Lube 284g \u25b7 hier g\u00fcnstig online kaufen. Schneller Versand \u2713 Nur Original-Produkte \u2713 Jetzt kaufen & Spa\u00df haben.\",\"breadcrumb\":{\"@id\":\"https:\/\/poppersschweiz.com\/fr\/produit\/j-lube-powder-white-lube-284g\/#breadcrumb\"},\"inLanguage\":\"fr-FR\",\"potentialAction\":[{\"@type\":\"ReadAction\",\"target\":[\"https:\/\/poppersschweiz.com\/fr\/produit\/j-lube-powder-white-lube-284g\/\"]}]},{\"@type\":\"ImageObject\",\"inLanguage\":\"fr-FR\",\"@id\":\"https:\/\/poppersschweiz.com\/fr\/produit\/j-lube-powder-white-lube-284g\/#primaryimage\",\"url\":\"https:\/\/poppersschweiz.com\/wp-content\/uploads\/2023\/08\/j-lube-j-lube-powder-296-ml-10-oz.webp\",\"contentUrl\":\"https:\/\/poppersschweiz.com\/wp-content\/uploads\/2023\/08\/j-lube-j-lube-powder-296-ml-10-oz.webp\",\"width\":1600,\"height\":2048,\"caption\":\"J-Lube Powder 296 ml. (10 oz.)\"},{\"@type\":\"BreadcrumbList\",\"@id\":\"https:\/\/poppersschweiz.com\/fr\/produit\/j-lube-powder-white-lube-284g\/#breadcrumb\",\"itemListElement\":[{\"@type\":\"ListItem\",\"position\":1,\"name\":\"Page d'accueil\",\"item\":\"https:\/\/poppersschweiz.com\/fr\/\"},{\"@type\":\"ListItem\",\"position\":2,\"name\":\"Poppers, accessoires pour poppers et plus encore\",\"item\":\"https:\/\/poppersschweiz.com\/fr\/poppers-accessoires-pour-poppers-et-plus-encore\/\"},{\"@type\":\"ListItem\",\"position\":3,\"name\":\"J-Lube Powder White Lube 284g\"}]},{\"@type\":\"WebSite\",\"@id\":\"https:\/\/poppersschweiz.com\/fr\/#website\",\"url\":\"https:\/\/poppersschweiz.com\/fr\/\",\"name\":\"poppersschweiz.com\",\"description\":\"\",\"potentialAction\":[{\"@type\":\"SearchAction\",\"target\":{\"@type\":\"EntryPoint\",\"urlTemplate\":\"https:\/\/poppersschweiz.com\/fr\/?s={search_term_string}\"},\"query-input\":{\"@type\":\"PropertyValueSpecification\",\"valueRequired\":true,\"valueName\":\"search_term_string\"}}],\"inLanguage\":\"fr-FR\"}]}<\/script>\n<meta property=\"product:price:amount\" content=\"29.50\" \/>\n<meta property=\"product:price:currency\" content=\"CHF\" \/>\n<meta property=\"og:availability\" content=\"instock\" \/>\n<meta property=\"product:availability\" content=\"instock\" \/>\n<meta property=\"product:retailer_item_id\" content=\"JL-284\" \/>\n<meta property=\"product:condition\" content=\"new\" \/>\n<!-- \/ Yoast SEO plugin. -->","yoast_head_json":{"title":"J-Lube Powder White Lube 284g \u25b7 hier g\u00fcnstig kaufen | poppersschweiz.com","description":"J-Lube Powder White Lube 284g \u25b7 hier g\u00fcnstig online kaufen. Schneller Versand \u2713 Nur Original-Produkte \u2713 Jetzt kaufen & Spa\u00df haben.","robots":{"index":"index","follow":"follow","max-snippet":"max-snippet:-1","max-image-preview":"max-image-preview:large","max-video-preview":"max-video-preview:-1"},"canonical":"https:\/\/poppersschweiz.com\/fr\/produit\/j-lube-powder-white-lube-284g\/","og_locale":"fr_FR","og_type":"article","og_title":"J-Lube Powder White Lube 284g \u25b7 hier g\u00fcnstig kaufen | poppersschweiz.com","og_description":"J-Lube Powder White Lube 284g \u25b7 hier g\u00fcnstig online kaufen. Schneller Versand \u2713 Nur Original-Produkte \u2713 Jetzt kaufen & Spa\u00df haben.","og_url":"https:\/\/poppersschweiz.com\/fr\/produit\/j-lube-powder-white-lube-284g\/","og_site_name":"poppersschweiz.com","article_modified_time":"2026-02-09T13:04:24+00:00","og_image":[{"width":1600,"height":2048,"url":"https:\/\/poppersschweiz.com\/wp-content\/uploads\/2023\/08\/j-lube-j-lube-powder-296-ml-10-oz.webp","type":"image\/webp"}],"twitter_card":"summary_large_image","twitter_misc":{"Prix":"&#67;&#72;&#70;&nbsp;29.50","Disponibilit\u00e9":"En stock"},"schema":{"@context":"https:\/\/schema.org","@graph":[{"@type":"WebPage","@id":"https:\/\/poppersschweiz.com\/fr\/produit\/j-lube-powder-white-lube-284g\/","url":"https:\/\/poppersschweiz.com\/fr\/produit\/j-lube-powder-white-lube-284g\/","name":"J-Lube Powder White Lube 284g \u25b7 hier g\u00fcnstig kaufen | poppersschweiz.com","isPartOf":{"@id":"https:\/\/poppersschweiz.com\/fr\/#website"},"primaryImageOfPage":{"@id":"https:\/\/poppersschweiz.com\/fr\/produit\/j-lube-powder-white-lube-284g\/#primaryimage"},"image":{"@id":"https:\/\/poppersschweiz.com\/fr\/produit\/j-lube-powder-white-lube-284g\/#primaryimage"},"thumbnailUrl":"https:\/\/poppersschweiz.com\/wp-content\/uploads\/2023\/08\/j-lube-j-lube-powder-296-ml-10-oz.webp","datePublished":"2023-08-26T13:47:51+00:00","dateModified":"2026-02-09T13:04:24+00:00","description":"J-Lube Powder White Lube 284g \u25b7 hier g\u00fcnstig online kaufen. Schneller Versand \u2713 Nur Original-Produkte \u2713 Jetzt kaufen & Spa\u00df haben.","breadcrumb":{"@id":"https:\/\/poppersschweiz.com\/fr\/produit\/j-lube-powder-white-lube-284g\/#breadcrumb"},"inLanguage":"fr-FR","potentialAction":[{"@type":"ReadAction","target":["https:\/\/poppersschweiz.com\/fr\/produit\/j-lube-powder-white-lube-284g\/"]}]},{"@type":"ImageObject","inLanguage":"fr-FR","@id":"https:\/\/poppersschweiz.com\/fr\/produit\/j-lube-powder-white-lube-284g\/#primaryimage","url":"https:\/\/poppersschweiz.com\/wp-content\/uploads\/2023\/08\/j-lube-j-lube-powder-296-ml-10-oz.webp","contentUrl":"https:\/\/poppersschweiz.com\/wp-content\/uploads\/2023\/08\/j-lube-j-lube-powder-296-ml-10-oz.webp","width":1600,"height":2048,"caption":"J-Lube Powder 296 ml. (10 oz.)"},{"@type":"BreadcrumbList","@id":"https:\/\/poppersschweiz.com\/fr\/produit\/j-lube-powder-white-lube-284g\/#breadcrumb","itemListElement":[{"@type":"ListItem","position":1,"name":"Page d'accueil","item":"https:\/\/poppersschweiz.com\/fr\/"},{"@type":"ListItem","position":2,"name":"Poppers, accessoires pour poppers et plus encore","item":"https:\/\/poppersschweiz.com\/fr\/poppers-accessoires-pour-poppers-et-plus-encore\/"},{"@type":"ListItem","position":3,"name":"J-Lube Powder White Lube 284g"}]},{"@type":"WebSite","@id":"https:\/\/poppersschweiz.com\/fr\/#website","url":"https:\/\/poppersschweiz.com\/fr\/","name":"poppersschweiz.com","description":"","potentialAction":[{"@type":"SearchAction","target":{"@type":"EntryPoint","urlTemplate":"https:\/\/poppersschweiz.com\/fr\/?s={search_term_string}"},"query-input":{"@type":"PropertyValueSpecification","valueRequired":true,"valueName":"search_term_string"}}],"inLanguage":"fr-FR"}]},"product_price_amount":"29.50","product_price_currency":"CHF","og_availability":"instock","product_availability":"instock","product_retailer_item_id":"JL-284","product_condition":"new"},"_links":{"self":[{"href":"https:\/\/poppersschweiz.com\/fr\/wp-json\/wp\/v2\/product\/19674","targetHints":{"allow":["GET"]}}],"collection":[{"href":"https:\/\/poppersschweiz.com\/fr\/wp-json\/wp\/v2\/product"}],"about":[{"href":"https:\/\/poppersschweiz.com\/fr\/wp-json\/wp\/v2\/types\/product"}],"replies":[{"embeddable":true,"href":"https:\/\/poppersschweiz.com\/fr\/wp-json\/wp\/v2\/comments?post=19674"}],"wp:featuredmedia":[{"embeddable":true,"href":"https:\/\/poppersschweiz.com\/fr\/wp-json\/wp\/v2\/media\/19676"}],"wp:attachment":[{"href":"https:\/\/poppersschweiz.com\/fr\/wp-json\/wp\/v2\/media?parent=19674"}],"wp:term":[{"taxonomy":"product_brand","embeddable":true,"href":"https:\/\/poppersschweiz.com\/fr\/wp-json\/wp\/v2\/product_brand?post=19674"},{"taxonomy":"product_cat","embeddable":true,"href":"https:\/\/poppersschweiz.com\/fr\/wp-json\/wp\/v2\/product_cat?post=19674"},{"taxonomy":"product_tag","embeddable":true,"href":"https:\/\/poppersschweiz.com\/fr\/wp-json\/wp\/v2\/product_tag?post=19674"}],"curies":[{"name":"wp","href":"https:\/\/api.w.org\/{rel}","templated":true}]}}