{"id":19700,"date":"2023-08-26T16:23:27","date_gmt":"2023-08-26T14:23:27","guid":{"rendered":"https:\/\/poppersschweiz.com\/product\/lubrifiant-swiss-navy-pina-colada-118-ml\/"},"modified":"2023-08-26T16:23:27","modified_gmt":"2023-08-26T14:23:27","slug":"lubrifiant-swiss-navy-pina-colada-118-ml","status":"publish","type":"product","link":"https:\/\/poppersschweiz.com\/fr\/produit\/lubrifiant-swiss-navy-pina-colada-118-ml\/","title":{"rendered":"Lubrifiant Swiss Navy Pina Colada &#8211; 118 ml"},"content":{"rendered":"<div>\n<div>SWISS NAVY &#8211; Le standard avec lequel tous les autres doivent se mesurer &#8211; maintenant aussi avec un d\u00e9licat <strong>ar\u00f4me de Pina Colada<\/strong>! Le nouveau gel lubrifiant aromatis\u00e9 de Swiss Navy est disponible dans un flacon de 118 ml et donne un coup de fouet suppl\u00e9mentaire aux rapports sexuels, seul ou avec un partenaire. &#8211; Flacon ergonomique anti-gouttes avec pompe verrouillable &#8211; Syst\u00e8me de pompe pratique qui permet une utilisation tr\u00e8s simple d&rsquo;une seule main &#8211; Lubrification extr\u00eamement longue, ne colle jamais et laisse une sensation soyeuse sur la peau &#8211; Le lubrifiant \u00e0 base d&rsquo;eau est test\u00e9 hypoallerg\u00e9nique, s&rsquo;enl\u00e8ve sans r\u00e9sidus \u00e0 l&rsquo;eau claire et convient \u00e0 tous les jouets.<\/div>\n<\/div>\n<div><\/div>\n<div>\n<div><strong>Fabricant<\/strong>: Swiss Navy<\/div>\n<div><strong>Contenu<\/strong>: 118 ml<\/div>\n<\/div>\n<p>Ingr\u00e9dients : Eau (aqua), glyc\u00e9rine, gomme de cellulose, propyl\u00e8ne glycol, benzoate de sodium, saccharine de sodium, ac\u00e9sulfame de potassium, diazolidinyl ur\u00e9e, flavor (ar\u00f4me), acide citrique, PEG-8, disodium EDTA, potassium sorbate.<\/p>\n","protected":false},"excerpt":{"rendered":"<p>SWISS NAVY &#8211; Le standard avec lequel tous les autres doivent se mesurer &#8211; maintenant aussi avec un <strong>ar\u00f4me<\/strong> d\u00e9licat <strong>de pina colada<\/strong>!<\/p>\n","protected":false},"featured_media":19701,"comment_status":"open","ping_status":"closed","template":"","meta":{"_acf_changed":false,"_glsr_average":0,"_glsr_ranking":0,"_glsr_reviews":0},"product_brand":[],"product_cat":[548,569],"product_tag":[828],"class_list":{"0":"post-19700","1":"product","2":"type-product","3":"status-publish","4":"has-post-thumbnail","6":"product_cat-droguerie","7":"product_cat-lubrifiant","8":"product_tag-lubrifiant-swiss-navy-pina-colada-118-ml","10":"first","11":"outofstock","12":"taxable","13":"shipping-taxable","14":"purchasable","15":"product-type-simple"},"bundled_by":[],"bundle_stock_status":"outofstock","bundle_stock_quantity":null,"bundle_virtual":false,"bundle_layout":"","bundle_add_to_cart_form_location":"","bundle_editable_in_cart":false,"bundle_sold_individually_context":"","bundle_item_grouping":"","bundle_min_size":"","bundle_max_size":"","bundled_items":[],"bundle_sell_ids":[],"acf":[],"yoast_head":"<!-- This site is optimized with the Yoast SEO plugin v27.2 - https:\/\/yoast.com\/product\/yoast-seo-wordpress\/ -->\n<title>Lubrifiant Swiss Navy Pina Colada - 118 ml \u25b7 hier g\u00fcnstig kaufen | poppersschweiz.com<\/title>\n<meta name=\"description\" content=\"Lubrifiant Swiss Navy Pina Colada - 118 ml \u25b7 hier g\u00fcnstig online kaufen. Schneller Versand \u2713 Nur Original-Produkte \u2713 Jetzt kaufen &amp; Spa\u00df haben.\" \/>\n<meta name=\"robots\" content=\"index, follow, max-snippet:-1, max-image-preview:large, max-video-preview:-1\" \/>\n<link rel=\"canonical\" href=\"https:\/\/poppersschweiz.com\/fr\/produit\/lubrifiant-swiss-navy-pina-colada-118-ml\/\" \/>\n<meta property=\"og:locale\" content=\"fr_FR\" \/>\n<meta property=\"og:type\" content=\"article\" \/>\n<meta property=\"og:title\" content=\"Lubrifiant Swiss Navy Pina Colada - 118 ml \u25b7 hier g\u00fcnstig kaufen | poppersschweiz.com\" \/>\n<meta property=\"og:description\" content=\"Lubrifiant Swiss Navy Pina Colada - 118 ml \u25b7 hier g\u00fcnstig online kaufen. Schneller Versand \u2713 Nur Original-Produkte \u2713 Jetzt kaufen &amp; Spa\u00df haben.\" \/>\n<meta property=\"og:url\" content=\"https:\/\/poppersschweiz.com\/fr\/produit\/lubrifiant-swiss-navy-pina-colada-118-ml\/\" \/>\n<meta property=\"og:site_name\" content=\"poppersschweiz.com\" \/>\n<meta property=\"og:image\" content=\"https:\/\/poppersschweiz.com\/wp-content\/uploads\/2023\/08\/KlikKlak-6.png\" \/>\n\t<meta property=\"og:image:width\" content=\"600\" \/>\n\t<meta property=\"og:image:height\" content=\"600\" \/>\n\t<meta property=\"og:image:type\" content=\"image\/png\" \/>\n<meta name=\"twitter:card\" content=\"summary_large_image\" \/>\n<meta name=\"twitter:label1\" content=\"Prix\" \/>\n\t<meta name=\"twitter:data1\" content=\"&#067;&#072;&#070;&nbsp;19.50\" \/>\n\t<meta name=\"twitter:label2\" content=\"Disponibilit\u00e9\" \/>\n\t<meta name=\"twitter:data2\" content=\"Rupture de stock\" \/>\n<script type=\"application\/ld+json\" class=\"yoast-schema-graph\">{\"@context\":\"https:\/\/schema.org\",\"@graph\":[{\"@type\":\"WebPage\",\"@id\":\"https:\/\/poppersschweiz.com\/fr\/produit\/lubrifiant-swiss-navy-pina-colada-118-ml\/\",\"url\":\"https:\/\/poppersschweiz.com\/fr\/produit\/lubrifiant-swiss-navy-pina-colada-118-ml\/\",\"name\":\"Lubrifiant Swiss Navy Pina Colada - 118 ml \u25b7 hier g\u00fcnstig kaufen | poppersschweiz.com\",\"isPartOf\":{\"@id\":\"https:\/\/poppersschweiz.com\/fr\/#website\"},\"primaryImageOfPage\":{\"@id\":\"https:\/\/poppersschweiz.com\/fr\/produit\/lubrifiant-swiss-navy-pina-colada-118-ml\/#primaryimage\"},\"image\":{\"@id\":\"https:\/\/poppersschweiz.com\/fr\/produit\/lubrifiant-swiss-navy-pina-colada-118-ml\/#primaryimage\"},\"thumbnailUrl\":\"https:\/\/poppersschweiz.com\/wp-content\/uploads\/2023\/08\/KlikKlak-6.png\",\"datePublished\":\"2023-08-26T14:23:27+00:00\",\"description\":\"Lubrifiant Swiss Navy Pina Colada - 118 ml \u25b7 hier g\u00fcnstig online kaufen. Schneller Versand \u2713 Nur Original-Produkte \u2713 Jetzt kaufen & Spa\u00df haben.\",\"breadcrumb\":{\"@id\":\"https:\/\/poppersschweiz.com\/fr\/produit\/lubrifiant-swiss-navy-pina-colada-118-ml\/#breadcrumb\"},\"inLanguage\":\"fr-FR\",\"potentialAction\":[{\"@type\":\"ReadAction\",\"target\":[\"https:\/\/poppersschweiz.com\/fr\/produit\/lubrifiant-swiss-navy-pina-colada-118-ml\/\"]}]},{\"@type\":\"ImageObject\",\"inLanguage\":\"fr-FR\",\"@id\":\"https:\/\/poppersschweiz.com\/fr\/produit\/lubrifiant-swiss-navy-pina-colada-118-ml\/#primaryimage\",\"url\":\"https:\/\/poppersschweiz.com\/wp-content\/uploads\/2023\/08\/KlikKlak-6.png\",\"contentUrl\":\"https:\/\/poppersschweiz.com\/wp-content\/uploads\/2023\/08\/KlikKlak-6.png\",\"width\":600,\"height\":600,\"caption\":\"Swiss Navy Pina Colada Lube - 118 ml\"},{\"@type\":\"BreadcrumbList\",\"@id\":\"https:\/\/poppersschweiz.com\/fr\/produit\/lubrifiant-swiss-navy-pina-colada-118-ml\/#breadcrumb\",\"itemListElement\":[{\"@type\":\"ListItem\",\"position\":1,\"name\":\"Page d'accueil\",\"item\":\"https:\/\/poppersschweiz.com\/fr\/\"},{\"@type\":\"ListItem\",\"position\":2,\"name\":\"Poppers, accessoires pour poppers et plus encore\",\"item\":\"https:\/\/poppersschweiz.com\/fr\/poppers-accessoires-pour-poppers-et-plus-encore\/\"},{\"@type\":\"ListItem\",\"position\":3,\"name\":\"Lubrifiant Swiss Navy Pina Colada &#8211; 118 ml\"}]},{\"@type\":\"WebSite\",\"@id\":\"https:\/\/poppersschweiz.com\/fr\/#website\",\"url\":\"https:\/\/poppersschweiz.com\/fr\/\",\"name\":\"poppersschweiz.com\",\"description\":\"\",\"potentialAction\":[{\"@type\":\"SearchAction\",\"target\":{\"@type\":\"EntryPoint\",\"urlTemplate\":\"https:\/\/poppersschweiz.com\/fr\/?s={search_term_string}\"},\"query-input\":{\"@type\":\"PropertyValueSpecification\",\"valueRequired\":true,\"valueName\":\"search_term_string\"}}],\"inLanguage\":\"fr-FR\"}]}<\/script>\n<meta property=\"product:price:amount\" content=\"19.50\" \/>\n<meta property=\"product:price:currency\" content=\"CHF\" \/>\n<meta property=\"og:availability\" content=\"out of stock\" \/>\n<meta property=\"product:availability\" content=\"out of stock\" \/>\n<meta property=\"product:retailer_item_id\" content=\"SN-PC118\" \/>\n<meta property=\"product:condition\" content=\"new\" \/>\n<!-- \/ Yoast SEO plugin. -->","yoast_head_json":{"title":"Lubrifiant Swiss Navy Pina Colada - 118 ml \u25b7 hier g\u00fcnstig kaufen | poppersschweiz.com","description":"Lubrifiant Swiss Navy Pina Colada - 118 ml \u25b7 hier g\u00fcnstig online kaufen. Schneller Versand \u2713 Nur Original-Produkte \u2713 Jetzt kaufen & Spa\u00df haben.","robots":{"index":"index","follow":"follow","max-snippet":"max-snippet:-1","max-image-preview":"max-image-preview:large","max-video-preview":"max-video-preview:-1"},"canonical":"https:\/\/poppersschweiz.com\/fr\/produit\/lubrifiant-swiss-navy-pina-colada-118-ml\/","og_locale":"fr_FR","og_type":"article","og_title":"Lubrifiant Swiss Navy Pina Colada - 118 ml \u25b7 hier g\u00fcnstig kaufen | poppersschweiz.com","og_description":"Lubrifiant Swiss Navy Pina Colada - 118 ml \u25b7 hier g\u00fcnstig online kaufen. Schneller Versand \u2713 Nur Original-Produkte \u2713 Jetzt kaufen & Spa\u00df haben.","og_url":"https:\/\/poppersschweiz.com\/fr\/produit\/lubrifiant-swiss-navy-pina-colada-118-ml\/","og_site_name":"poppersschweiz.com","og_image":[{"width":600,"height":600,"url":"https:\/\/poppersschweiz.com\/wp-content\/uploads\/2023\/08\/KlikKlak-6.png","type":"image\/png"}],"twitter_card":"summary_large_image","twitter_misc":{"Prix":"&#67;&#72;&#70;&nbsp;19.50","Disponibilit\u00e9":"Rupture de stock"},"schema":{"@context":"https:\/\/schema.org","@graph":[{"@type":"WebPage","@id":"https:\/\/poppersschweiz.com\/fr\/produit\/lubrifiant-swiss-navy-pina-colada-118-ml\/","url":"https:\/\/poppersschweiz.com\/fr\/produit\/lubrifiant-swiss-navy-pina-colada-118-ml\/","name":"Lubrifiant Swiss Navy Pina Colada - 118 ml \u25b7 hier g\u00fcnstig kaufen | poppersschweiz.com","isPartOf":{"@id":"https:\/\/poppersschweiz.com\/fr\/#website"},"primaryImageOfPage":{"@id":"https:\/\/poppersschweiz.com\/fr\/produit\/lubrifiant-swiss-navy-pina-colada-118-ml\/#primaryimage"},"image":{"@id":"https:\/\/poppersschweiz.com\/fr\/produit\/lubrifiant-swiss-navy-pina-colada-118-ml\/#primaryimage"},"thumbnailUrl":"https:\/\/poppersschweiz.com\/wp-content\/uploads\/2023\/08\/KlikKlak-6.png","datePublished":"2023-08-26T14:23:27+00:00","description":"Lubrifiant Swiss Navy Pina Colada - 118 ml \u25b7 hier g\u00fcnstig online kaufen. Schneller Versand \u2713 Nur Original-Produkte \u2713 Jetzt kaufen & Spa\u00df haben.","breadcrumb":{"@id":"https:\/\/poppersschweiz.com\/fr\/produit\/lubrifiant-swiss-navy-pina-colada-118-ml\/#breadcrumb"},"inLanguage":"fr-FR","potentialAction":[{"@type":"ReadAction","target":["https:\/\/poppersschweiz.com\/fr\/produit\/lubrifiant-swiss-navy-pina-colada-118-ml\/"]}]},{"@type":"ImageObject","inLanguage":"fr-FR","@id":"https:\/\/poppersschweiz.com\/fr\/produit\/lubrifiant-swiss-navy-pina-colada-118-ml\/#primaryimage","url":"https:\/\/poppersschweiz.com\/wp-content\/uploads\/2023\/08\/KlikKlak-6.png","contentUrl":"https:\/\/poppersschweiz.com\/wp-content\/uploads\/2023\/08\/KlikKlak-6.png","width":600,"height":600,"caption":"Swiss Navy Pina Colada Lube - 118 ml"},{"@type":"BreadcrumbList","@id":"https:\/\/poppersschweiz.com\/fr\/produit\/lubrifiant-swiss-navy-pina-colada-118-ml\/#breadcrumb","itemListElement":[{"@type":"ListItem","position":1,"name":"Page d'accueil","item":"https:\/\/poppersschweiz.com\/fr\/"},{"@type":"ListItem","position":2,"name":"Poppers, accessoires pour poppers et plus encore","item":"https:\/\/poppersschweiz.com\/fr\/poppers-accessoires-pour-poppers-et-plus-encore\/"},{"@type":"ListItem","position":3,"name":"Lubrifiant Swiss Navy Pina Colada &#8211; 118 ml"}]},{"@type":"WebSite","@id":"https:\/\/poppersschweiz.com\/fr\/#website","url":"https:\/\/poppersschweiz.com\/fr\/","name":"poppersschweiz.com","description":"","potentialAction":[{"@type":"SearchAction","target":{"@type":"EntryPoint","urlTemplate":"https:\/\/poppersschweiz.com\/fr\/?s={search_term_string}"},"query-input":{"@type":"PropertyValueSpecification","valueRequired":true,"valueName":"search_term_string"}}],"inLanguage":"fr-FR"}]},"product_price_amount":"19.50","product_price_currency":"CHF","og_availability":"out of stock","product_availability":"out of stock","product_retailer_item_id":"SN-PC118","product_condition":"new"},"_links":{"self":[{"href":"https:\/\/poppersschweiz.com\/fr\/wp-json\/wp\/v2\/product\/19700","targetHints":{"allow":["GET"]}}],"collection":[{"href":"https:\/\/poppersschweiz.com\/fr\/wp-json\/wp\/v2\/product"}],"about":[{"href":"https:\/\/poppersschweiz.com\/fr\/wp-json\/wp\/v2\/types\/product"}],"replies":[{"embeddable":true,"href":"https:\/\/poppersschweiz.com\/fr\/wp-json\/wp\/v2\/comments?post=19700"}],"wp:featuredmedia":[{"embeddable":true,"href":"https:\/\/poppersschweiz.com\/fr\/wp-json\/wp\/v2\/media\/19701"}],"wp:attachment":[{"href":"https:\/\/poppersschweiz.com\/fr\/wp-json\/wp\/v2\/media?parent=19700"}],"wp:term":[{"taxonomy":"product_brand","embeddable":true,"href":"https:\/\/poppersschweiz.com\/fr\/wp-json\/wp\/v2\/product_brand?post=19700"},{"taxonomy":"product_cat","embeddable":true,"href":"https:\/\/poppersschweiz.com\/fr\/wp-json\/wp\/v2\/product_cat?post=19700"},{"taxonomy":"product_tag","embeddable":true,"href":"https:\/\/poppersschweiz.com\/fr\/wp-json\/wp\/v2\/product_tag?post=19700"}],"curies":[{"name":"wp","href":"https:\/\/api.w.org\/{rel}","templated":true}]}}