{"id":19702,"date":"2023-08-26T16:47:11","date_gmt":"2023-08-26T14:47:11","guid":{"rendered":"https:\/\/poppersschweiz.com\/product\/locker-room-travel-pro-set-douche-anale-2go\/"},"modified":"2023-08-26T16:47:11","modified_gmt":"2023-08-26T14:47:11","slug":"locker-room-travel-pro-set-douche-anale-2go","status":"publish","type":"product","link":"https:\/\/poppersschweiz.com\/fr\/produit\/locker-room-travel-pro-set-douche-anale-2go\/","title":{"rendered":"Locker Room \u00ab\u00a0Travel Pro\u00a0\u00bb Set Douche anale 2go"},"content":{"rendered":"<p>Notre kit de douche Sport Fucker offre tout ce dont tu as besoin pour te nettoyer. Le kit Sport Fucker contient notre tuyau en acier inoxydable de 180 cm fabriqu\u00e9 sur mesure. Nous fournissons \u00e9galement notre inverseur de douche anti-fuite 100% en acier inoxydable. Enfin, nous te proposons un choix de buses de 15 cm \u00e0 45 cm en silicone pur platine. Cet embout de nettoyage s&rsquo;adapte sans effort \u00e0 ton corps. Assure-toi de s\u00e9parer ce syst\u00e8me de ta douche \u00e0 la maison lorsque tu es en d\u00e9placement, afin de pouvoir l&#8217;emporter dans n&rsquo;importe quelle ville o\u00f9 tu souhaites jouer.<\/p>\n<p><strong>Le kit contient tout<\/strong> ce dont tu as besoin pour d\u00e9buter : <strong>Flexible de douche, inverseur et sac de transport<\/strong>.<\/p>\n","protected":false},"excerpt":{"rendered":"<p><strong>Le kit contient tout<\/strong> ce dont tu as besoin pour d\u00e9buter : <strong>Flexible de douche, inverseur et sac de transport<\/strong>.<\/p>\n","protected":false},"featured_media":19703,"comment_status":"open","ping_status":"closed","template":"","meta":{"_acf_changed":false,"_glsr_average":0,"_glsr_ranking":0,"_glsr_reviews":0},"product_brand":[],"product_cat":[573,548],"product_tag":[825],"class_list":{"0":"post-19702","1":"product","2":"type-product","3":"status-publish","4":"has-post-thumbnail","6":"product_cat-douches-anales","7":"product_cat-droguerie","8":"product_tag-locker-room-travel-pro-set-douche-anale-2go","10":"first","11":"outofstock","12":"sale","13":"taxable","14":"shipping-taxable","15":"purchasable","16":"product-type-simple"},"bundled_by":[],"bundle_stock_status":"outofstock","bundle_stock_quantity":null,"bundle_virtual":false,"bundle_layout":"","bundle_add_to_cart_form_location":"","bundle_editable_in_cart":false,"bundle_sold_individually_context":"","bundle_item_grouping":"","bundle_min_size":"","bundle_max_size":"","bundled_items":[],"bundle_sell_ids":[],"acf":[],"yoast_head":"<!-- This site is optimized with the Yoast SEO plugin v27.2 - https:\/\/yoast.com\/product\/yoast-seo-wordpress\/ -->\n<title>Locker Room &quot;Travel Pro&quot; Set Douche anale 2go \u25b7 hier g\u00fcnstig kaufen | poppersschweiz.com<\/title>\n<meta name=\"description\" content=\"Locker Room &quot;Travel Pro&quot; Set Douche anale 2go \u25b7 hier g\u00fcnstig online kaufen. Schneller Versand \u2713 Nur Original-Produkte \u2713 Jetzt kaufen &amp; Spa\u00df haben.\" \/>\n<meta name=\"robots\" content=\"index, follow, max-snippet:-1, max-image-preview:large, max-video-preview:-1\" \/>\n<link rel=\"canonical\" href=\"https:\/\/poppersschweiz.com\/fr\/produit\/locker-room-travel-pro-set-douche-anale-2go\/\" \/>\n<meta property=\"og:locale\" content=\"fr_FR\" \/>\n<meta property=\"og:type\" content=\"article\" \/>\n<meta property=\"og:title\" content=\"Locker Room &quot;Travel Pro&quot; Set Douche anale 2go \u25b7 hier g\u00fcnstig kaufen | poppersschweiz.com\" \/>\n<meta property=\"og:description\" content=\"Locker Room &quot;Travel Pro&quot; Set Douche anale 2go \u25b7 hier g\u00fcnstig online kaufen. Schneller Versand \u2713 Nur Original-Produkte \u2713 Jetzt kaufen &amp; Spa\u00df haben.\" \/>\n<meta property=\"og:url\" content=\"https:\/\/poppersschweiz.com\/fr\/produit\/locker-room-travel-pro-set-douche-anale-2go\/\" \/>\n<meta property=\"og:site_name\" content=\"poppersschweiz.com\" \/>\n<meta property=\"og:image\" content=\"https:\/\/poppersschweiz.com\/wp-content\/uploads\/2023\/08\/t1.webp\" \/>\n\t<meta property=\"og:image:width\" content=\"1600\" \/>\n\t<meta property=\"og:image:height\" content=\"2048\" \/>\n\t<meta property=\"og:image:type\" content=\"image\/webp\" \/>\n<meta name=\"twitter:card\" content=\"summary_large_image\" \/>\n<meta name=\"twitter:label1\" content=\"Prix\" \/>\n\t<meta name=\"twitter:data1\" content=\"&#067;&#072;&#070;&nbsp;99.90\" \/>\n\t<meta name=\"twitter:label2\" content=\"Disponibilit\u00e9\" \/>\n\t<meta name=\"twitter:data2\" content=\"Rupture de stock\" \/>\n<script type=\"application\/ld+json\" class=\"yoast-schema-graph\">{\"@context\":\"https:\/\/schema.org\",\"@graph\":[{\"@type\":\"WebPage\",\"@id\":\"https:\/\/poppersschweiz.com\/fr\/produit\/locker-room-travel-pro-set-douche-anale-2go\/\",\"url\":\"https:\/\/poppersschweiz.com\/fr\/produit\/locker-room-travel-pro-set-douche-anale-2go\/\",\"name\":\"Locker Room \\\"Travel Pro\\\" Set Douche anale 2go \u25b7 hier g\u00fcnstig kaufen | poppersschweiz.com\",\"isPartOf\":{\"@id\":\"https:\/\/poppersschweiz.com\/fr\/#website\"},\"primaryImageOfPage\":{\"@id\":\"https:\/\/poppersschweiz.com\/fr\/produit\/locker-room-travel-pro-set-douche-anale-2go\/#primaryimage\"},\"image\":{\"@id\":\"https:\/\/poppersschweiz.com\/fr\/produit\/locker-room-travel-pro-set-douche-anale-2go\/#primaryimage\"},\"thumbnailUrl\":\"https:\/\/poppersschweiz.com\/wp-content\/uploads\/2023\/08\/t1.webp\",\"datePublished\":\"2023-08-26T14:47:11+00:00\",\"description\":\"Locker Room \\\"Travel Pro\\\" Set Douche anale 2go \u25b7 hier g\u00fcnstig online kaufen. Schneller Versand \u2713 Nur Original-Produkte \u2713 Jetzt kaufen & Spa\u00df haben.\",\"breadcrumb\":{\"@id\":\"https:\/\/poppersschweiz.com\/fr\/produit\/locker-room-travel-pro-set-douche-anale-2go\/#breadcrumb\"},\"inLanguage\":\"fr-FR\",\"potentialAction\":[{\"@type\":\"ReadAction\",\"target\":[\"https:\/\/poppersschweiz.com\/fr\/produit\/locker-room-travel-pro-set-douche-anale-2go\/\"]}]},{\"@type\":\"ImageObject\",\"inLanguage\":\"fr-FR\",\"@id\":\"https:\/\/poppersschweiz.com\/fr\/produit\/locker-room-travel-pro-set-douche-anale-2go\/#primaryimage\",\"url\":\"https:\/\/poppersschweiz.com\/wp-content\/uploads\/2023\/08\/t1.webp\",\"contentUrl\":\"https:\/\/poppersschweiz.com\/wp-content\/uploads\/2023\/08\/t1.webp\",\"width\":1600,\"height\":2048,\"caption\":\"Locker Room \\\"Travel Pro\\\" Set Anal Dusche 2go\"},{\"@type\":\"BreadcrumbList\",\"@id\":\"https:\/\/poppersschweiz.com\/fr\/produit\/locker-room-travel-pro-set-douche-anale-2go\/#breadcrumb\",\"itemListElement\":[{\"@type\":\"ListItem\",\"position\":1,\"name\":\"Page d'accueil\",\"item\":\"https:\/\/poppersschweiz.com\/fr\/\"},{\"@type\":\"ListItem\",\"position\":2,\"name\":\"Poppers, accessoires pour poppers et plus encore\",\"item\":\"https:\/\/poppersschweiz.com\/fr\/poppers-accessoires-pour-poppers-et-plus-encore\/\"},{\"@type\":\"ListItem\",\"position\":3,\"name\":\"Locker Room \u00ab\u00a0Travel Pro\u00a0\u00bb Set Douche anale 2go\"}]},{\"@type\":\"WebSite\",\"@id\":\"https:\/\/poppersschweiz.com\/fr\/#website\",\"url\":\"https:\/\/poppersschweiz.com\/fr\/\",\"name\":\"poppersschweiz.com\",\"description\":\"\",\"potentialAction\":[{\"@type\":\"SearchAction\",\"target\":{\"@type\":\"EntryPoint\",\"urlTemplate\":\"https:\/\/poppersschweiz.com\/fr\/?s={search_term_string}\"},\"query-input\":{\"@type\":\"PropertyValueSpecification\",\"valueRequired\":true,\"valueName\":\"search_term_string\"}}],\"inLanguage\":\"fr-FR\"}]}<\/script>\n<meta property=\"product:price:amount\" content=\"99.90\" \/>\n<meta property=\"product:price:currency\" content=\"CHF\" \/>\n<meta property=\"og:availability\" content=\"out of stock\" \/>\n<meta property=\"product:availability\" content=\"out of stock\" \/>\n<meta property=\"product:retailer_item_id\" content=\"SF-TRAVEL\" \/>\n<meta property=\"product:condition\" content=\"new\" \/>\n<!-- \/ Yoast SEO plugin. -->","yoast_head_json":{"title":"Locker Room \"Travel Pro\" Set Douche anale 2go \u25b7 hier g\u00fcnstig kaufen | poppersschweiz.com","description":"Locker Room \"Travel Pro\" Set Douche anale 2go \u25b7 hier g\u00fcnstig online kaufen. Schneller Versand \u2713 Nur Original-Produkte \u2713 Jetzt kaufen & Spa\u00df haben.","robots":{"index":"index","follow":"follow","max-snippet":"max-snippet:-1","max-image-preview":"max-image-preview:large","max-video-preview":"max-video-preview:-1"},"canonical":"https:\/\/poppersschweiz.com\/fr\/produit\/locker-room-travel-pro-set-douche-anale-2go\/","og_locale":"fr_FR","og_type":"article","og_title":"Locker Room \"Travel Pro\" Set Douche anale 2go \u25b7 hier g\u00fcnstig kaufen | poppersschweiz.com","og_description":"Locker Room \"Travel Pro\" Set Douche anale 2go \u25b7 hier g\u00fcnstig online kaufen. Schneller Versand \u2713 Nur Original-Produkte \u2713 Jetzt kaufen & Spa\u00df haben.","og_url":"https:\/\/poppersschweiz.com\/fr\/produit\/locker-room-travel-pro-set-douche-anale-2go\/","og_site_name":"poppersschweiz.com","og_image":[{"width":1600,"height":2048,"url":"https:\/\/poppersschweiz.com\/wp-content\/uploads\/2023\/08\/t1.webp","type":"image\/webp"}],"twitter_card":"summary_large_image","twitter_misc":{"Prix":"&#67;&#72;&#70;&nbsp;99.90","Disponibilit\u00e9":"Rupture de stock"},"schema":{"@context":"https:\/\/schema.org","@graph":[{"@type":"WebPage","@id":"https:\/\/poppersschweiz.com\/fr\/produit\/locker-room-travel-pro-set-douche-anale-2go\/","url":"https:\/\/poppersschweiz.com\/fr\/produit\/locker-room-travel-pro-set-douche-anale-2go\/","name":"Locker Room \"Travel Pro\" Set Douche anale 2go \u25b7 hier g\u00fcnstig kaufen | poppersschweiz.com","isPartOf":{"@id":"https:\/\/poppersschweiz.com\/fr\/#website"},"primaryImageOfPage":{"@id":"https:\/\/poppersschweiz.com\/fr\/produit\/locker-room-travel-pro-set-douche-anale-2go\/#primaryimage"},"image":{"@id":"https:\/\/poppersschweiz.com\/fr\/produit\/locker-room-travel-pro-set-douche-anale-2go\/#primaryimage"},"thumbnailUrl":"https:\/\/poppersschweiz.com\/wp-content\/uploads\/2023\/08\/t1.webp","datePublished":"2023-08-26T14:47:11+00:00","description":"Locker Room \"Travel Pro\" Set Douche anale 2go \u25b7 hier g\u00fcnstig online kaufen. Schneller Versand \u2713 Nur Original-Produkte \u2713 Jetzt kaufen & Spa\u00df haben.","breadcrumb":{"@id":"https:\/\/poppersschweiz.com\/fr\/produit\/locker-room-travel-pro-set-douche-anale-2go\/#breadcrumb"},"inLanguage":"fr-FR","potentialAction":[{"@type":"ReadAction","target":["https:\/\/poppersschweiz.com\/fr\/produit\/locker-room-travel-pro-set-douche-anale-2go\/"]}]},{"@type":"ImageObject","inLanguage":"fr-FR","@id":"https:\/\/poppersschweiz.com\/fr\/produit\/locker-room-travel-pro-set-douche-anale-2go\/#primaryimage","url":"https:\/\/poppersschweiz.com\/wp-content\/uploads\/2023\/08\/t1.webp","contentUrl":"https:\/\/poppersschweiz.com\/wp-content\/uploads\/2023\/08\/t1.webp","width":1600,"height":2048,"caption":"Locker Room \"Travel Pro\" Set Anal Dusche 2go"},{"@type":"BreadcrumbList","@id":"https:\/\/poppersschweiz.com\/fr\/produit\/locker-room-travel-pro-set-douche-anale-2go\/#breadcrumb","itemListElement":[{"@type":"ListItem","position":1,"name":"Page d'accueil","item":"https:\/\/poppersschweiz.com\/fr\/"},{"@type":"ListItem","position":2,"name":"Poppers, accessoires pour poppers et plus encore","item":"https:\/\/poppersschweiz.com\/fr\/poppers-accessoires-pour-poppers-et-plus-encore\/"},{"@type":"ListItem","position":3,"name":"Locker Room \u00ab\u00a0Travel Pro\u00a0\u00bb Set Douche anale 2go"}]},{"@type":"WebSite","@id":"https:\/\/poppersschweiz.com\/fr\/#website","url":"https:\/\/poppersschweiz.com\/fr\/","name":"poppersschweiz.com","description":"","potentialAction":[{"@type":"SearchAction","target":{"@type":"EntryPoint","urlTemplate":"https:\/\/poppersschweiz.com\/fr\/?s={search_term_string}"},"query-input":{"@type":"PropertyValueSpecification","valueRequired":true,"valueName":"search_term_string"}}],"inLanguage":"fr-FR"}]},"product_price_amount":"99.90","product_price_currency":"CHF","og_availability":"out of stock","product_availability":"out of stock","product_retailer_item_id":"SF-TRAVEL","product_condition":"new"},"_links":{"self":[{"href":"https:\/\/poppersschweiz.com\/fr\/wp-json\/wp\/v2\/product\/19702","targetHints":{"allow":["GET"]}}],"collection":[{"href":"https:\/\/poppersschweiz.com\/fr\/wp-json\/wp\/v2\/product"}],"about":[{"href":"https:\/\/poppersschweiz.com\/fr\/wp-json\/wp\/v2\/types\/product"}],"replies":[{"embeddable":true,"href":"https:\/\/poppersschweiz.com\/fr\/wp-json\/wp\/v2\/comments?post=19702"}],"wp:featuredmedia":[{"embeddable":true,"href":"https:\/\/poppersschweiz.com\/fr\/wp-json\/wp\/v2\/media\/19703"}],"wp:attachment":[{"href":"https:\/\/poppersschweiz.com\/fr\/wp-json\/wp\/v2\/media?parent=19702"}],"wp:term":[{"taxonomy":"product_brand","embeddable":true,"href":"https:\/\/poppersschweiz.com\/fr\/wp-json\/wp\/v2\/product_brand?post=19702"},{"taxonomy":"product_cat","embeddable":true,"href":"https:\/\/poppersschweiz.com\/fr\/wp-json\/wp\/v2\/product_cat?post=19702"},{"taxonomy":"product_tag","embeddable":true,"href":"https:\/\/poppersschweiz.com\/fr\/wp-json\/wp\/v2\/product_tag?post=19702"}],"curies":[{"name":"wp","href":"https:\/\/api.w.org\/{rel}","templated":true}]}}