{"id":19845,"date":"2023-09-03T20:22:54","date_gmt":"2023-09-03T18:22:54","guid":{"rendered":"https:\/\/poppersschweiz.com\/product\/amnesia-420-poppers-24ml\/"},"modified":"2026-03-16T10:11:16","modified_gmt":"2026-03-16T09:11:16","slug":"amnesia-420-poppers-24ml","status":"publish","type":"product","link":"https:\/\/poppersschweiz.com\/fr\/produit\/amnesia-420-poppers-24ml\/","title":{"rendered":"AMNESIA 420 Poppers 24ml"},"content":{"rendered":"<p><span style=\"font-weight: 400;\"><strong>AMNESIA 420 Poppers 24ml<\/strong> est sur le march\u00e9 depuis 2023 et contient l&rsquo;ancien vrai pentylnitrite. Ce poppers porte bien le symbole 420 et une feuille de chanvre sur l&rsquo;\u00e9tiquette, mais la bouteille ne contient pas de produit \u00e0 base de chanvre. Les poppers ne sont pas des drogues ni des stup\u00e9fiants. Mais ce poppers te fait aussi oublier tout ce qui t&rsquo;entoure pour que tu puisses baiser comme s&rsquo;il n&rsquo;y avait pas de lendemain. AMNESIA 420 Poppers est \u00e9galement disponible en flacon de 10 ml.<\/span><\/p>\n","protected":false},"excerpt":{"rendered":"<p>Ingr\u00e9dient : nitrite de pentyle &#8211; vente \u00e0 partir de 18 ans &#8211; non destin\u00e9 \u00e0 la consommation humaine<\/p>\n","protected":false},"featured_media":24673,"comment_status":"open","ping_status":"closed","template":"","meta":{"_acf_changed":false,"_glsr_average":0,"_glsr_ranking":0,"_glsr_reviews":0},"product_brand":[],"product_cat":[531,530],"product_tag":[736],"class_list":{"0":"post-19845","1":"product","2":"type-product","3":"status-publish","4":"has-post-thumbnail","6":"product_cat-grandes-bouteilles-de-poppers","7":"product_cat-poppers-suisse","8":"product_tag-amnesia-420-poppers-24ml-fr","10":"first","11":"instock","12":"taxable","13":"shipping-taxable","14":"purchasable","15":"product-type-simple"},"bundled_by":[],"bundle_stock_status":"instock","bundle_stock_quantity":null,"bundle_virtual":false,"bundle_layout":"","bundle_add_to_cart_form_location":"","bundle_editable_in_cart":false,"bundle_sold_individually_context":"","bundle_item_grouping":"","bundle_min_size":"","bundle_max_size":"","bundled_items":[],"bundle_sell_ids":[],"acf":[],"yoast_head":"<!-- This site is optimized with the Yoast SEO plugin v27.2 - https:\/\/yoast.com\/product\/yoast-seo-wordpress\/ -->\n<title>AMNESIA 420 Poppers 24ml \u25b7 hier g\u00fcnstig kaufen | poppersschweiz.com<\/title>\n<meta name=\"description\" content=\"AMNESIA 420 Poppers 24ml \u25b7 hier g\u00fcnstig online kaufen. Schneller Versand \u2713 Nur Original-Produkte \u2713 Jetzt kaufen &amp; Spa\u00df haben.\" \/>\n<meta name=\"robots\" content=\"index, follow, max-snippet:-1, max-image-preview:large, max-video-preview:-1\" \/>\n<link rel=\"canonical\" href=\"https:\/\/poppersschweiz.com\/fr\/produit\/amnesia-420-poppers-24ml\/\" \/>\n<meta property=\"og:locale\" content=\"fr_FR\" \/>\n<meta property=\"og:type\" content=\"article\" \/>\n<meta property=\"og:title\" content=\"AMNESIA 420 Poppers 24ml \u25b7 hier g\u00fcnstig kaufen | poppersschweiz.com\" \/>\n<meta property=\"og:description\" content=\"AMNESIA 420 Poppers 24ml \u25b7 hier g\u00fcnstig online kaufen. Schneller Versand \u2713 Nur Original-Produkte \u2713 Jetzt kaufen &amp; Spa\u00df haben.\" \/>\n<meta property=\"og:url\" content=\"https:\/\/poppersschweiz.com\/fr\/produit\/amnesia-420-poppers-24ml\/\" \/>\n<meta property=\"og:site_name\" content=\"poppersschweiz.com\" \/>\n<meta property=\"article:modified_time\" content=\"2026-03-16T09:11:16+00:00\" \/>\n<meta property=\"og:image\" content=\"https:\/\/poppersschweiz.com\/wp-content\/uploads\/2024\/01\/amnesia_poppers_24ml1.png\" \/>\n\t<meta property=\"og:image:width\" content=\"600\" \/>\n\t<meta property=\"og:image:height\" content=\"600\" \/>\n\t<meta property=\"og:image:type\" content=\"image\/png\" \/>\n<meta name=\"twitter:card\" content=\"summary_large_image\" \/>\n<meta name=\"twitter:label1\" content=\"Prix\" \/>\n\t<meta name=\"twitter:data1\" content=\"&#067;&#072;&#070;&nbsp;12.90\" \/>\n\t<meta name=\"twitter:label2\" content=\"Disponibilit\u00e9\" \/>\n\t<meta name=\"twitter:data2\" content=\"En stock\" \/>\n<script type=\"application\/ld+json\" class=\"yoast-schema-graph\">{\"@context\":\"https:\/\/schema.org\",\"@graph\":[{\"@type\":\"WebPage\",\"@id\":\"https:\/\/poppersschweiz.com\/fr\/produit\/amnesia-420-poppers-24ml\/\",\"url\":\"https:\/\/poppersschweiz.com\/fr\/produit\/amnesia-420-poppers-24ml\/\",\"name\":\"AMNESIA 420 Poppers 24ml \u25b7 hier g\u00fcnstig kaufen | poppersschweiz.com\",\"isPartOf\":{\"@id\":\"https:\/\/poppersschweiz.com\/fr\/#website\"},\"primaryImageOfPage\":{\"@id\":\"https:\/\/poppersschweiz.com\/fr\/produit\/amnesia-420-poppers-24ml\/#primaryimage\"},\"image\":{\"@id\":\"https:\/\/poppersschweiz.com\/fr\/produit\/amnesia-420-poppers-24ml\/#primaryimage\"},\"thumbnailUrl\":\"https:\/\/poppersschweiz.com\/wp-content\/uploads\/2023\/09\/AMNESIA-420-Poppers-24ml.png\",\"datePublished\":\"2023-09-03T18:22:54+00:00\",\"dateModified\":\"2026-03-16T09:11:16+00:00\",\"description\":\"AMNESIA 420 Poppers 24ml \u25b7 hier g\u00fcnstig online kaufen. Schneller Versand \u2713 Nur Original-Produkte \u2713 Jetzt kaufen & Spa\u00df haben.\",\"breadcrumb\":{\"@id\":\"https:\/\/poppersschweiz.com\/fr\/produit\/amnesia-420-poppers-24ml\/#breadcrumb\"},\"inLanguage\":\"fr-FR\",\"potentialAction\":[{\"@type\":\"ReadAction\",\"target\":[\"https:\/\/poppersschweiz.com\/fr\/produit\/amnesia-420-poppers-24ml\/\"]}]},{\"@type\":\"ImageObject\",\"inLanguage\":\"fr-FR\",\"@id\":\"https:\/\/poppersschweiz.com\/fr\/produit\/amnesia-420-poppers-24ml\/#primaryimage\",\"url\":\"https:\/\/poppersschweiz.com\/wp-content\/uploads\/2023\/09\/AMNESIA-420-Poppers-24ml.png\",\"contentUrl\":\"https:\/\/poppersschweiz.com\/wp-content\/uploads\/2023\/09\/AMNESIA-420-Poppers-24ml.png\",\"width\":600,\"height\":600,\"caption\":\"AMNESIA 420 Poppers 24ml\"},{\"@type\":\"BreadcrumbList\",\"@id\":\"https:\/\/poppersschweiz.com\/fr\/produit\/amnesia-420-poppers-24ml\/#breadcrumb\",\"itemListElement\":[{\"@type\":\"ListItem\",\"position\":1,\"name\":\"Page d'accueil\",\"item\":\"https:\/\/poppersschweiz.com\/fr\/\"},{\"@type\":\"ListItem\",\"position\":2,\"name\":\"Poppers, accessoires pour poppers et plus encore\",\"item\":\"https:\/\/poppersschweiz.com\/fr\/poppers-accessoires-pour-poppers-et-plus-encore\/\"},{\"@type\":\"ListItem\",\"position\":3,\"name\":\"AMNESIA 420 Poppers 24ml\"}]},{\"@type\":\"WebSite\",\"@id\":\"https:\/\/poppersschweiz.com\/fr\/#website\",\"url\":\"https:\/\/poppersschweiz.com\/fr\/\",\"name\":\"poppersschweiz.com\",\"description\":\"\",\"potentialAction\":[{\"@type\":\"SearchAction\",\"target\":{\"@type\":\"EntryPoint\",\"urlTemplate\":\"https:\/\/poppersschweiz.com\/fr\/?s={search_term_string}\"},\"query-input\":{\"@type\":\"PropertyValueSpecification\",\"valueRequired\":true,\"valueName\":\"search_term_string\"}}],\"inLanguage\":\"fr-FR\"}]}<\/script>\n<meta property=\"product:price:amount\" content=\"12.90\" \/>\n<meta property=\"product:price:currency\" content=\"CHF\" \/>\n<meta property=\"og:availability\" content=\"instock\" \/>\n<meta property=\"product:availability\" content=\"instock\" \/>\n<meta property=\"product:retailer_item_id\" content=\"AMN24\" \/>\n<meta property=\"product:condition\" content=\"new\" \/>\n<!-- \/ Yoast SEO plugin. -->","yoast_head_json":{"title":"AMNESIA 420 Poppers 24ml \u25b7 hier g\u00fcnstig kaufen | poppersschweiz.com","description":"AMNESIA 420 Poppers 24ml \u25b7 hier g\u00fcnstig online kaufen. Schneller Versand \u2713 Nur Original-Produkte \u2713 Jetzt kaufen & Spa\u00df haben.","robots":{"index":"index","follow":"follow","max-snippet":"max-snippet:-1","max-image-preview":"max-image-preview:large","max-video-preview":"max-video-preview:-1"},"canonical":"https:\/\/poppersschweiz.com\/fr\/produit\/amnesia-420-poppers-24ml\/","og_locale":"fr_FR","og_type":"article","og_title":"AMNESIA 420 Poppers 24ml \u25b7 hier g\u00fcnstig kaufen | poppersschweiz.com","og_description":"AMNESIA 420 Poppers 24ml \u25b7 hier g\u00fcnstig online kaufen. Schneller Versand \u2713 Nur Original-Produkte \u2713 Jetzt kaufen & Spa\u00df haben.","og_url":"https:\/\/poppersschweiz.com\/fr\/produit\/amnesia-420-poppers-24ml\/","og_site_name":"poppersschweiz.com","article_modified_time":"2026-03-16T09:11:16+00:00","og_image":[{"width":600,"height":600,"url":"https:\/\/poppersschweiz.com\/wp-content\/uploads\/2024\/01\/amnesia_poppers_24ml1.png","type":"image\/png"}],"twitter_card":"summary_large_image","twitter_misc":{"Prix":"&#67;&#72;&#70;&nbsp;12.90","Disponibilit\u00e9":"En stock"},"schema":{"@context":"https:\/\/schema.org","@graph":[{"@type":"WebPage","@id":"https:\/\/poppersschweiz.com\/fr\/produit\/amnesia-420-poppers-24ml\/","url":"https:\/\/poppersschweiz.com\/fr\/produit\/amnesia-420-poppers-24ml\/","name":"AMNESIA 420 Poppers 24ml \u25b7 hier g\u00fcnstig kaufen | poppersschweiz.com","isPartOf":{"@id":"https:\/\/poppersschweiz.com\/fr\/#website"},"primaryImageOfPage":{"@id":"https:\/\/poppersschweiz.com\/fr\/produit\/amnesia-420-poppers-24ml\/#primaryimage"},"image":{"@id":"https:\/\/poppersschweiz.com\/fr\/produit\/amnesia-420-poppers-24ml\/#primaryimage"},"thumbnailUrl":"https:\/\/poppersschweiz.com\/wp-content\/uploads\/2023\/09\/AMNESIA-420-Poppers-24ml.png","datePublished":"2023-09-03T18:22:54+00:00","dateModified":"2026-03-16T09:11:16+00:00","description":"AMNESIA 420 Poppers 24ml \u25b7 hier g\u00fcnstig online kaufen. Schneller Versand \u2713 Nur Original-Produkte \u2713 Jetzt kaufen & Spa\u00df haben.","breadcrumb":{"@id":"https:\/\/poppersschweiz.com\/fr\/produit\/amnesia-420-poppers-24ml\/#breadcrumb"},"inLanguage":"fr-FR","potentialAction":[{"@type":"ReadAction","target":["https:\/\/poppersschweiz.com\/fr\/produit\/amnesia-420-poppers-24ml\/"]}]},{"@type":"ImageObject","inLanguage":"fr-FR","@id":"https:\/\/poppersschweiz.com\/fr\/produit\/amnesia-420-poppers-24ml\/#primaryimage","url":"https:\/\/poppersschweiz.com\/wp-content\/uploads\/2023\/09\/AMNESIA-420-Poppers-24ml.png","contentUrl":"https:\/\/poppersschweiz.com\/wp-content\/uploads\/2023\/09\/AMNESIA-420-Poppers-24ml.png","width":600,"height":600,"caption":"AMNESIA 420 Poppers 24ml"},{"@type":"BreadcrumbList","@id":"https:\/\/poppersschweiz.com\/fr\/produit\/amnesia-420-poppers-24ml\/#breadcrumb","itemListElement":[{"@type":"ListItem","position":1,"name":"Page d'accueil","item":"https:\/\/poppersschweiz.com\/fr\/"},{"@type":"ListItem","position":2,"name":"Poppers, accessoires pour poppers et plus encore","item":"https:\/\/poppersschweiz.com\/fr\/poppers-accessoires-pour-poppers-et-plus-encore\/"},{"@type":"ListItem","position":3,"name":"AMNESIA 420 Poppers 24ml"}]},{"@type":"WebSite","@id":"https:\/\/poppersschweiz.com\/fr\/#website","url":"https:\/\/poppersschweiz.com\/fr\/","name":"poppersschweiz.com","description":"","potentialAction":[{"@type":"SearchAction","target":{"@type":"EntryPoint","urlTemplate":"https:\/\/poppersschweiz.com\/fr\/?s={search_term_string}"},"query-input":{"@type":"PropertyValueSpecification","valueRequired":true,"valueName":"search_term_string"}}],"inLanguage":"fr-FR"}]},"product_price_amount":"12.90","product_price_currency":"CHF","og_availability":"instock","product_availability":"instock","product_retailer_item_id":"AMN24","product_condition":"new"},"_links":{"self":[{"href":"https:\/\/poppersschweiz.com\/fr\/wp-json\/wp\/v2\/product\/19845","targetHints":{"allow":["GET"]}}],"collection":[{"href":"https:\/\/poppersschweiz.com\/fr\/wp-json\/wp\/v2\/product"}],"about":[{"href":"https:\/\/poppersschweiz.com\/fr\/wp-json\/wp\/v2\/types\/product"}],"replies":[{"embeddable":true,"href":"https:\/\/poppersschweiz.com\/fr\/wp-json\/wp\/v2\/comments?post=19845"}],"wp:featuredmedia":[{"embeddable":true,"href":"https:\/\/poppersschweiz.com\/fr\/wp-json\/wp\/v2\/media\/24673"}],"wp:attachment":[{"href":"https:\/\/poppersschweiz.com\/fr\/wp-json\/wp\/v2\/media?parent=19845"}],"wp:term":[{"taxonomy":"product_brand","embeddable":true,"href":"https:\/\/poppersschweiz.com\/fr\/wp-json\/wp\/v2\/product_brand?post=19845"},{"taxonomy":"product_cat","embeddable":true,"href":"https:\/\/poppersschweiz.com\/fr\/wp-json\/wp\/v2\/product_cat?post=19845"},{"taxonomy":"product_tag","embeddable":true,"href":"https:\/\/poppersschweiz.com\/fr\/wp-json\/wp\/v2\/product_tag?post=19845"}],"curies":[{"name":"wp","href":"https:\/\/api.w.org\/{rel}","templated":true}]}}