{"id":19929,"date":"2023-10-27T15:56:44","date_gmt":"2023-10-27T13:56:44","guid":{"rendered":"https:\/\/poppersschweiz.com\/product\/plug-anal-fantaisie-avec-telecommande\/"},"modified":"2023-10-27T15:56:44","modified_gmt":"2023-10-27T13:56:44","slug":"plug-anal-fantaisie-avec-telecommande","status":"publish","type":"product","link":"https:\/\/poppersschweiz.com\/fr\/produit\/plug-anal-fantaisie-avec-telecommande\/","title":{"rendered":"Plug anal fantaisie avec t\u00e9l\u00e9commande"},"content":{"rendered":"<div>Le Remote Control Silikon Plug est id\u00e9al pour les d\u00e9butants et est facile \u00e0 ins\u00e9rer gr\u00e2ce \u00e0 sa pointe arrondie. Gr\u00e2ce \u00e0 ses 10 modes de vibration de diff\u00e9rentes puissances, tu fais l&rsquo;exp\u00e9rience de la p\u00e9n\u00e9tration anale \u00e0 un nouveau niveau.<\/div>\n<div><\/div>\n<div>Le silicone hygi\u00e9nique ne contient pas de phtalates et se nettoie facilement sous l&rsquo;eau courante avec du savon ou du Toy Cleaner. Le plug est \u00e9tanche.<\/div>\n<div>Pour que tu puisses profiter longtemps de ton nouveau jouet, nous te recommandons d&rsquo;utiliser un lubrifiant \u00e0 base d&rsquo;eau.<\/div>\n<div><\/div>\n<ul>\n<li>pointe arrondie pour une insertion facile<\/li>\n<li>10 niveaux de vibration<\/li>\n<li>t\u00e9l\u00e9commande sans fil pour une utilisation facile<\/li>\n<li>silicone premium sans phtalates<\/li>\n<\/ul>\n<div><\/div>\n<div>Longueur : environ 10 cm<br \/>\nLongueur ins\u00e9rable : environ 8.5 cm<br \/>\nDiam\u00e8tre : environ 1.4 &#8211; 3.5 cm<br \/>\nPile : rechargeable par USB (c\u00e2ble fourni)<br \/>\nMat\u00e9riau : silicone<br \/>\nCouleur : noir<\/div>\n","protected":false},"excerpt":{"rendered":"<p>Le Remote Control Silikon Plug est id\u00e9al pour les d\u00e9butants et est facile \u00e0 ins\u00e9rer gr\u00e2ce \u00e0 sa pointe arrondie.<\/p>\n","protected":false},"featured_media":19931,"comment_status":"open","ping_status":"closed","template":"","meta":{"_acf_changed":false,"_glsr_average":0,"_glsr_ranking":0,"_glsr_reviews":0},"product_brand":[],"product_cat":[556,544],"product_tag":[],"class_list":{"0":"post-19929","1":"product","2":"type-product","3":"status-publish","4":"has-post-thumbnail","6":"product_cat-godemiches-anaux","7":"product_cat-jouets","9":"first","10":"outofstock","11":"taxable","12":"shipping-taxable","13":"purchasable","14":"product-type-simple"},"bundled_by":[],"bundle_stock_status":"outofstock","bundle_stock_quantity":null,"bundle_virtual":false,"bundle_layout":"","bundle_add_to_cart_form_location":"","bundle_editable_in_cart":false,"bundle_sold_individually_context":"","bundle_item_grouping":"","bundle_min_size":"","bundle_max_size":"","bundled_items":[],"bundle_sell_ids":[],"acf":[],"yoast_head":"<!-- This site is optimized with the Yoast SEO plugin v27.2 - https:\/\/yoast.com\/product\/yoast-seo-wordpress\/ -->\n<title>Plug anal fantaisie avec t\u00e9l\u00e9commande \u25b7 hier g\u00fcnstig kaufen | poppersschweiz.com<\/title>\n<meta name=\"description\" content=\"Plug anal fantaisie avec t\u00e9l\u00e9commande \u25b7 hier g\u00fcnstig online kaufen. Schneller Versand \u2713 Nur Original-Produkte \u2713 Jetzt kaufen &amp; Spa\u00df haben.\" \/>\n<meta name=\"robots\" content=\"index, follow, max-snippet:-1, max-image-preview:large, max-video-preview:-1\" \/>\n<link rel=\"canonical\" href=\"https:\/\/poppersschweiz.com\/fr\/produit\/plug-anal-fantaisie-avec-telecommande\/\" \/>\n<meta property=\"og:locale\" content=\"fr_FR\" \/>\n<meta property=\"og:type\" content=\"article\" \/>\n<meta property=\"og:title\" content=\"Plug anal fantaisie avec t\u00e9l\u00e9commande \u25b7 hier g\u00fcnstig kaufen | poppersschweiz.com\" \/>\n<meta property=\"og:description\" content=\"Plug anal fantaisie avec t\u00e9l\u00e9commande \u25b7 hier g\u00fcnstig online kaufen. Schneller Versand \u2713 Nur Original-Produkte \u2713 Jetzt kaufen &amp; Spa\u00df haben.\" \/>\n<meta property=\"og:url\" content=\"https:\/\/poppersschweiz.com\/fr\/produit\/plug-anal-fantaisie-avec-telecommande\/\" \/>\n<meta property=\"og:site_name\" content=\"poppersschweiz.com\" \/>\n<meta property=\"og:image\" content=\"https:\/\/poppersschweiz.com\/wp-content\/uploads\/2023\/10\/KlikKlak-55.png\" \/>\n\t<meta property=\"og:image:width\" content=\"600\" \/>\n\t<meta property=\"og:image:height\" content=\"600\" \/>\n\t<meta property=\"og:image:type\" content=\"image\/png\" \/>\n<meta name=\"twitter:card\" content=\"summary_large_image\" \/>\n<meta name=\"twitter:label1\" content=\"Prix\" \/>\n\t<meta name=\"twitter:data1\" content=\"&#067;&#072;&#070;&nbsp;69.50\" \/>\n\t<meta name=\"twitter:label2\" content=\"Disponibilit\u00e9\" \/>\n\t<meta name=\"twitter:data2\" content=\"Rupture de stock\" \/>\n<script type=\"application\/ld+json\" class=\"yoast-schema-graph\">{\"@context\":\"https:\/\/schema.org\",\"@graph\":[{\"@type\":\"WebPage\",\"@id\":\"https:\/\/poppersschweiz.com\/fr\/produit\/plug-anal-fantaisie-avec-telecommande\/\",\"url\":\"https:\/\/poppersschweiz.com\/fr\/produit\/plug-anal-fantaisie-avec-telecommande\/\",\"name\":\"Plug anal fantaisie avec t\u00e9l\u00e9commande \u25b7 hier g\u00fcnstig kaufen | poppersschweiz.com\",\"isPartOf\":{\"@id\":\"https:\/\/poppersschweiz.com\/fr\/#website\"},\"primaryImageOfPage\":{\"@id\":\"https:\/\/poppersschweiz.com\/fr\/produit\/plug-anal-fantaisie-avec-telecommande\/#primaryimage\"},\"image\":{\"@id\":\"https:\/\/poppersschweiz.com\/fr\/produit\/plug-anal-fantaisie-avec-telecommande\/#primaryimage\"},\"thumbnailUrl\":\"https:\/\/poppersschweiz.com\/wp-content\/uploads\/2023\/10\/KlikKlak-55.png\",\"datePublished\":\"2023-10-27T13:56:44+00:00\",\"description\":\"Plug anal fantaisie avec t\u00e9l\u00e9commande \u25b7 hier g\u00fcnstig online kaufen. Schneller Versand \u2713 Nur Original-Produkte \u2713 Jetzt kaufen & Spa\u00df haben.\",\"breadcrumb\":{\"@id\":\"https:\/\/poppersschweiz.com\/fr\/produit\/plug-anal-fantaisie-avec-telecommande\/#breadcrumb\"},\"inLanguage\":\"fr-FR\",\"potentialAction\":[{\"@type\":\"ReadAction\",\"target\":[\"https:\/\/poppersschweiz.com\/fr\/produit\/plug-anal-fantaisie-avec-telecommande\/\"]}]},{\"@type\":\"ImageObject\",\"inLanguage\":\"fr-FR\",\"@id\":\"https:\/\/poppersschweiz.com\/fr\/produit\/plug-anal-fantaisie-avec-telecommande\/#primaryimage\",\"url\":\"https:\/\/poppersschweiz.com\/wp-content\/uploads\/2023\/10\/KlikKlak-55.png\",\"contentUrl\":\"https:\/\/poppersschweiz.com\/wp-content\/uploads\/2023\/10\/KlikKlak-55.png\",\"width\":600,\"height\":600},{\"@type\":\"BreadcrumbList\",\"@id\":\"https:\/\/poppersschweiz.com\/fr\/produit\/plug-anal-fantaisie-avec-telecommande\/#breadcrumb\",\"itemListElement\":[{\"@type\":\"ListItem\",\"position\":1,\"name\":\"Page d'accueil\",\"item\":\"https:\/\/poppersschweiz.com\/fr\/\"},{\"@type\":\"ListItem\",\"position\":2,\"name\":\"Poppers, accessoires pour poppers et plus encore\",\"item\":\"https:\/\/poppersschweiz.com\/fr\/poppers-accessoires-pour-poppers-et-plus-encore\/\"},{\"@type\":\"ListItem\",\"position\":3,\"name\":\"Plug anal fantaisie avec t\u00e9l\u00e9commande\"}]},{\"@type\":\"WebSite\",\"@id\":\"https:\/\/poppersschweiz.com\/fr\/#website\",\"url\":\"https:\/\/poppersschweiz.com\/fr\/\",\"name\":\"poppersschweiz.com\",\"description\":\"\",\"potentialAction\":[{\"@type\":\"SearchAction\",\"target\":{\"@type\":\"EntryPoint\",\"urlTemplate\":\"https:\/\/poppersschweiz.com\/fr\/?s={search_term_string}\"},\"query-input\":{\"@type\":\"PropertyValueSpecification\",\"valueRequired\":true,\"valueName\":\"search_term_string\"}}],\"inLanguage\":\"fr-FR\"}]}<\/script>\n<meta property=\"product:price:amount\" content=\"69.50\" \/>\n<meta property=\"product:price:currency\" content=\"CHF\" \/>\n<meta property=\"og:availability\" content=\"out of stock\" \/>\n<meta property=\"product:availability\" content=\"out of stock\" \/>\n<meta property=\"product:retailer_item_id\" content=\"T-AF-RCP\" \/>\n<meta property=\"product:condition\" content=\"new\" \/>\n<!-- \/ Yoast SEO plugin. -->","yoast_head_json":{"title":"Plug anal fantaisie avec t\u00e9l\u00e9commande \u25b7 hier g\u00fcnstig kaufen | poppersschweiz.com","description":"Plug anal fantaisie avec t\u00e9l\u00e9commande \u25b7 hier g\u00fcnstig online kaufen. Schneller Versand \u2713 Nur Original-Produkte \u2713 Jetzt kaufen & Spa\u00df haben.","robots":{"index":"index","follow":"follow","max-snippet":"max-snippet:-1","max-image-preview":"max-image-preview:large","max-video-preview":"max-video-preview:-1"},"canonical":"https:\/\/poppersschweiz.com\/fr\/produit\/plug-anal-fantaisie-avec-telecommande\/","og_locale":"fr_FR","og_type":"article","og_title":"Plug anal fantaisie avec t\u00e9l\u00e9commande \u25b7 hier g\u00fcnstig kaufen | poppersschweiz.com","og_description":"Plug anal fantaisie avec t\u00e9l\u00e9commande \u25b7 hier g\u00fcnstig online kaufen. Schneller Versand \u2713 Nur Original-Produkte \u2713 Jetzt kaufen & Spa\u00df haben.","og_url":"https:\/\/poppersschweiz.com\/fr\/produit\/plug-anal-fantaisie-avec-telecommande\/","og_site_name":"poppersschweiz.com","og_image":[{"width":600,"height":600,"url":"https:\/\/poppersschweiz.com\/wp-content\/uploads\/2023\/10\/KlikKlak-55.png","type":"image\/png"}],"twitter_card":"summary_large_image","twitter_misc":{"Prix":"&#67;&#72;&#70;&nbsp;69.50","Disponibilit\u00e9":"Rupture de stock"},"schema":{"@context":"https:\/\/schema.org","@graph":[{"@type":"WebPage","@id":"https:\/\/poppersschweiz.com\/fr\/produit\/plug-anal-fantaisie-avec-telecommande\/","url":"https:\/\/poppersschweiz.com\/fr\/produit\/plug-anal-fantaisie-avec-telecommande\/","name":"Plug anal fantaisie avec t\u00e9l\u00e9commande \u25b7 hier g\u00fcnstig kaufen | poppersschweiz.com","isPartOf":{"@id":"https:\/\/poppersschweiz.com\/fr\/#website"},"primaryImageOfPage":{"@id":"https:\/\/poppersschweiz.com\/fr\/produit\/plug-anal-fantaisie-avec-telecommande\/#primaryimage"},"image":{"@id":"https:\/\/poppersschweiz.com\/fr\/produit\/plug-anal-fantaisie-avec-telecommande\/#primaryimage"},"thumbnailUrl":"https:\/\/poppersschweiz.com\/wp-content\/uploads\/2023\/10\/KlikKlak-55.png","datePublished":"2023-10-27T13:56:44+00:00","description":"Plug anal fantaisie avec t\u00e9l\u00e9commande \u25b7 hier g\u00fcnstig online kaufen. Schneller Versand \u2713 Nur Original-Produkte \u2713 Jetzt kaufen & Spa\u00df haben.","breadcrumb":{"@id":"https:\/\/poppersschweiz.com\/fr\/produit\/plug-anal-fantaisie-avec-telecommande\/#breadcrumb"},"inLanguage":"fr-FR","potentialAction":[{"@type":"ReadAction","target":["https:\/\/poppersschweiz.com\/fr\/produit\/plug-anal-fantaisie-avec-telecommande\/"]}]},{"@type":"ImageObject","inLanguage":"fr-FR","@id":"https:\/\/poppersschweiz.com\/fr\/produit\/plug-anal-fantaisie-avec-telecommande\/#primaryimage","url":"https:\/\/poppersschweiz.com\/wp-content\/uploads\/2023\/10\/KlikKlak-55.png","contentUrl":"https:\/\/poppersschweiz.com\/wp-content\/uploads\/2023\/10\/KlikKlak-55.png","width":600,"height":600},{"@type":"BreadcrumbList","@id":"https:\/\/poppersschweiz.com\/fr\/produit\/plug-anal-fantaisie-avec-telecommande\/#breadcrumb","itemListElement":[{"@type":"ListItem","position":1,"name":"Page d'accueil","item":"https:\/\/poppersschweiz.com\/fr\/"},{"@type":"ListItem","position":2,"name":"Poppers, accessoires pour poppers et plus encore","item":"https:\/\/poppersschweiz.com\/fr\/poppers-accessoires-pour-poppers-et-plus-encore\/"},{"@type":"ListItem","position":3,"name":"Plug anal fantaisie avec t\u00e9l\u00e9commande"}]},{"@type":"WebSite","@id":"https:\/\/poppersschweiz.com\/fr\/#website","url":"https:\/\/poppersschweiz.com\/fr\/","name":"poppersschweiz.com","description":"","potentialAction":[{"@type":"SearchAction","target":{"@type":"EntryPoint","urlTemplate":"https:\/\/poppersschweiz.com\/fr\/?s={search_term_string}"},"query-input":{"@type":"PropertyValueSpecification","valueRequired":true,"valueName":"search_term_string"}}],"inLanguage":"fr-FR"}]},"product_price_amount":"69.50","product_price_currency":"CHF","og_availability":"out of stock","product_availability":"out of stock","product_retailer_item_id":"T-AF-RCP","product_condition":"new"},"_links":{"self":[{"href":"https:\/\/poppersschweiz.com\/fr\/wp-json\/wp\/v2\/product\/19929","targetHints":{"allow":["GET"]}}],"collection":[{"href":"https:\/\/poppersschweiz.com\/fr\/wp-json\/wp\/v2\/product"}],"about":[{"href":"https:\/\/poppersschweiz.com\/fr\/wp-json\/wp\/v2\/types\/product"}],"replies":[{"embeddable":true,"href":"https:\/\/poppersschweiz.com\/fr\/wp-json\/wp\/v2\/comments?post=19929"}],"wp:featuredmedia":[{"embeddable":true,"href":"https:\/\/poppersschweiz.com\/fr\/wp-json\/wp\/v2\/media\/19931"}],"wp:attachment":[{"href":"https:\/\/poppersschweiz.com\/fr\/wp-json\/wp\/v2\/media?parent=19929"}],"wp:term":[{"taxonomy":"product_brand","embeddable":true,"href":"https:\/\/poppersschweiz.com\/fr\/wp-json\/wp\/v2\/product_brand?post=19929"},{"taxonomy":"product_cat","embeddable":true,"href":"https:\/\/poppersschweiz.com\/fr\/wp-json\/wp\/v2\/product_cat?post=19929"},{"taxonomy":"product_tag","embeddable":true,"href":"https:\/\/poppersschweiz.com\/fr\/wp-json\/wp\/v2\/product_tag?post=19929"}],"curies":[{"name":"wp","href":"https:\/\/api.w.org\/{rel}","templated":true}]}}