{"id":19960,"date":"2023-08-05T19:18:08","date_gmt":"2023-08-05T17:18:08","guid":{"rendered":"https:\/\/poppersschweiz.com\/product\/pump-jogger-furtif\/"},"modified":"2023-08-05T19:18:08","modified_gmt":"2023-08-05T17:18:08","slug":"pump-jogger-furtif","status":"publish","type":"product","link":"https:\/\/poppersschweiz.com\/fr\/produit\/pump-jogger-furtif\/","title":{"rendered":"PUMP ! Jogger furtif"},"content":{"rendered":"<div>\n<p>Tellement chaud : jogging \u00e0 la coupe pr\u00e8s du corps avec poches int\u00e9gr\u00e9es dans un contraste de couleurs cool. En coton l\u00e9ger et particuli\u00e8rement souple.<\/p>\n<\/div>\n<p>&nbsp;<\/p>\n<div><strong>Mati\u00e8re :<\/strong> 72% coton, 18% nylon, 10% \u00e9lasthanne<\/div>\n<p>&nbsp;<\/p>\n<div><\/div>\n<div><strong>Tour de hanches :<\/strong><\/div>\n<div>S : 71 &#8211; 76 cm<br \/>\nM : 76 &#8211; 81 cm<br \/>\nL : 81 &#8211; 86 cm<br \/>\nXL : 88 &#8211; 91 cm<\/div>\n","protected":false},"excerpt":{"rendered":"<p><strong>PUMP !<\/strong>  Tellement chaud : jogging \u00e0 la coupe pr\u00e8s du corps avec poches int\u00e9gr\u00e9es dans un contraste de couleurs cool.<\/p>\n","protected":false},"featured_media":19961,"comment_status":"open","ping_status":"closed","template":"","meta":{"_acf_changed":false,"_glsr_average":0,"_glsr_ranking":0,"_glsr_reviews":0},"product_brand":[],"product_cat":[563,549],"product_tag":[1052],"class_list":{"0":"post-19960","1":"product","2":"type-product","3":"status-publish","4":"has-post-thumbnail","6":"product_cat-boxer-fr","7":"product_cat-sous-vetements","8":"product_tag-pump-cruise-boxer-fr","10":"first","11":"instock","12":"taxable","13":"shipping-taxable","14":"purchasable","15":"product-type-variable","16":"has-default-attributes"},"bundled_by":[],"bundle_stock_status":"instock","bundle_stock_quantity":null,"bundle_virtual":false,"bundle_layout":"","bundle_add_to_cart_form_location":"","bundle_editable_in_cart":false,"bundle_sold_individually_context":"","bundle_item_grouping":"","bundle_min_size":"","bundle_max_size":"","bundled_items":[],"bundle_sell_ids":[],"acf":[],"yoast_head":"<!-- This site is optimized with the Yoast SEO plugin v27.2 - https:\/\/yoast.com\/product\/yoast-seo-wordpress\/ -->\n<title>PUMP ! Jogger furtif \u25b7 hier g\u00fcnstig kaufen | poppersschweiz.com<\/title>\n<meta name=\"description\" content=\"PUMP ! Jogger furtif \u25b7 hier g\u00fcnstig online kaufen. Schneller Versand \u2713 Nur Original-Produkte \u2713 Jetzt kaufen &amp; Spa\u00df haben.\" \/>\n<meta name=\"robots\" content=\"index, follow, max-snippet:-1, max-image-preview:large, max-video-preview:-1\" \/>\n<link rel=\"canonical\" href=\"https:\/\/poppersschweiz.com\/fr\/produit\/pump-jogger-furtif\/\" \/>\n<meta property=\"og:locale\" content=\"fr_FR\" \/>\n<meta property=\"og:type\" content=\"article\" \/>\n<meta property=\"og:title\" content=\"PUMP ! Jogger furtif \u25b7 hier g\u00fcnstig kaufen | poppersschweiz.com\" \/>\n<meta property=\"og:description\" content=\"PUMP ! Jogger furtif \u25b7 hier g\u00fcnstig online kaufen. Schneller Versand \u2713 Nur Original-Produkte \u2713 Jetzt kaufen &amp; Spa\u00df haben.\" \/>\n<meta property=\"og:url\" content=\"https:\/\/poppersschweiz.com\/fr\/produit\/pump-jogger-furtif\/\" \/>\n<meta property=\"og:site_name\" content=\"poppersschweiz.com\" \/>\n<meta property=\"og:image\" content=\"https:\/\/poppersschweiz.com\/wp-content\/uploads\/2023\/08\/11057-1-2x-e1691255984431.jpg\" \/>\n\t<meta property=\"og:image:width\" content=\"752\" \/>\n\t<meta property=\"og:image:height\" content=\"629\" \/>\n\t<meta property=\"og:image:type\" content=\"image\/jpeg\" \/>\n<meta name=\"twitter:card\" content=\"summary_large_image\" \/>\n<meta name=\"twitter:label1\" content=\"Disponibilit\u00e9\" \/>\n\t<meta name=\"twitter:data1\" content=\"En stock\" \/>\n<script type=\"application\/ld+json\" class=\"yoast-schema-graph\">{\"@context\":\"https:\/\/schema.org\",\"@graph\":[{\"@type\":\"WebPage\",\"@id\":\"https:\/\/poppersschweiz.com\/fr\/produit\/pump-jogger-furtif\/\",\"url\":\"https:\/\/poppersschweiz.com\/fr\/produit\/pump-jogger-furtif\/\",\"name\":\"PUMP ! Jogger furtif \u25b7 hier g\u00fcnstig kaufen | poppersschweiz.com\",\"isPartOf\":{\"@id\":\"https:\/\/poppersschweiz.com\/fr\/#website\"},\"primaryImageOfPage\":{\"@id\":\"https:\/\/poppersschweiz.com\/fr\/produit\/pump-jogger-furtif\/#primaryimage\"},\"image\":{\"@id\":\"https:\/\/poppersschweiz.com\/fr\/produit\/pump-jogger-furtif\/#primaryimage\"},\"thumbnailUrl\":\"https:\/\/poppersschweiz.com\/wp-content\/uploads\/2023\/08\/11057-1-2x-e1691255984431.jpg\",\"datePublished\":\"2023-08-05T17:18:08+00:00\",\"description\":\"PUMP ! Jogger furtif \u25b7 hier g\u00fcnstig online kaufen. Schneller Versand \u2713 Nur Original-Produkte \u2713 Jetzt kaufen & Spa\u00df haben.\",\"breadcrumb\":{\"@id\":\"https:\/\/poppersschweiz.com\/fr\/produit\/pump-jogger-furtif\/#breadcrumb\"},\"inLanguage\":\"fr-FR\",\"potentialAction\":[{\"@type\":\"ReadAction\",\"target\":[\"https:\/\/poppersschweiz.com\/fr\/produit\/pump-jogger-furtif\/\"]}]},{\"@type\":\"ImageObject\",\"inLanguage\":\"fr-FR\",\"@id\":\"https:\/\/poppersschweiz.com\/fr\/produit\/pump-jogger-furtif\/#primaryimage\",\"url\":\"https:\/\/poppersschweiz.com\/wp-content\/uploads\/2023\/08\/11057-1-2x-e1691255984431.jpg\",\"contentUrl\":\"https:\/\/poppersschweiz.com\/wp-content\/uploads\/2023\/08\/11057-1-2x-e1691255984431.jpg\",\"width\":752,\"height\":629,\"caption\":\"PUMP! Stealth Jogger\"},{\"@type\":\"BreadcrumbList\",\"@id\":\"https:\/\/poppersschweiz.com\/fr\/produit\/pump-jogger-furtif\/#breadcrumb\",\"itemListElement\":[{\"@type\":\"ListItem\",\"position\":1,\"name\":\"Page d'accueil\",\"item\":\"https:\/\/poppersschweiz.com\/fr\/\"},{\"@type\":\"ListItem\",\"position\":2,\"name\":\"Poppers, accessoires pour poppers et plus encore\",\"item\":\"https:\/\/poppersschweiz.com\/fr\/poppers-accessoires-pour-poppers-et-plus-encore\/\"},{\"@type\":\"ListItem\",\"position\":3,\"name\":\"PUMP ! Jogger furtif\"}]},{\"@type\":\"WebSite\",\"@id\":\"https:\/\/poppersschweiz.com\/fr\/#website\",\"url\":\"https:\/\/poppersschweiz.com\/fr\/\",\"name\":\"poppersschweiz.com\",\"description\":\"\",\"potentialAction\":[{\"@type\":\"SearchAction\",\"target\":{\"@type\":\"EntryPoint\",\"urlTemplate\":\"https:\/\/poppersschweiz.com\/fr\/?s={search_term_string}\"},\"query-input\":{\"@type\":\"PropertyValueSpecification\",\"valueRequired\":true,\"valueName\":\"search_term_string\"}}],\"inLanguage\":\"fr-FR\"}]}<\/script>\n<meta property=\"og:availability\" content=\"instock\" \/>\n<meta property=\"product:availability\" content=\"instock\" \/>\n<meta property=\"product:retailer_item_id\" content=\"11057\" \/>\n<meta property=\"product:condition\" content=\"new\" \/>\n<!-- \/ Yoast SEO plugin. -->","yoast_head_json":{"title":"PUMP ! Jogger furtif \u25b7 hier g\u00fcnstig kaufen | poppersschweiz.com","description":"PUMP ! Jogger furtif \u25b7 hier g\u00fcnstig online kaufen. Schneller Versand \u2713 Nur Original-Produkte \u2713 Jetzt kaufen & Spa\u00df haben.","robots":{"index":"index","follow":"follow","max-snippet":"max-snippet:-1","max-image-preview":"max-image-preview:large","max-video-preview":"max-video-preview:-1"},"canonical":"https:\/\/poppersschweiz.com\/fr\/produit\/pump-jogger-furtif\/","og_locale":"fr_FR","og_type":"article","og_title":"PUMP ! Jogger furtif \u25b7 hier g\u00fcnstig kaufen | poppersschweiz.com","og_description":"PUMP ! Jogger furtif \u25b7 hier g\u00fcnstig online kaufen. Schneller Versand \u2713 Nur Original-Produkte \u2713 Jetzt kaufen & Spa\u00df haben.","og_url":"https:\/\/poppersschweiz.com\/fr\/produit\/pump-jogger-furtif\/","og_site_name":"poppersschweiz.com","og_image":[{"width":752,"height":629,"url":"https:\/\/poppersschweiz.com\/wp-content\/uploads\/2023\/08\/11057-1-2x-e1691255984431.jpg","type":"image\/jpeg"}],"twitter_card":"summary_large_image","twitter_misc":{"Disponibilit\u00e9":"En stock"},"schema":{"@context":"https:\/\/schema.org","@graph":[{"@type":"WebPage","@id":"https:\/\/poppersschweiz.com\/fr\/produit\/pump-jogger-furtif\/","url":"https:\/\/poppersschweiz.com\/fr\/produit\/pump-jogger-furtif\/","name":"PUMP ! Jogger furtif \u25b7 hier g\u00fcnstig kaufen | poppersschweiz.com","isPartOf":{"@id":"https:\/\/poppersschweiz.com\/fr\/#website"},"primaryImageOfPage":{"@id":"https:\/\/poppersschweiz.com\/fr\/produit\/pump-jogger-furtif\/#primaryimage"},"image":{"@id":"https:\/\/poppersschweiz.com\/fr\/produit\/pump-jogger-furtif\/#primaryimage"},"thumbnailUrl":"https:\/\/poppersschweiz.com\/wp-content\/uploads\/2023\/08\/11057-1-2x-e1691255984431.jpg","datePublished":"2023-08-05T17:18:08+00:00","description":"PUMP ! Jogger furtif \u25b7 hier g\u00fcnstig online kaufen. Schneller Versand \u2713 Nur Original-Produkte \u2713 Jetzt kaufen & Spa\u00df haben.","breadcrumb":{"@id":"https:\/\/poppersschweiz.com\/fr\/produit\/pump-jogger-furtif\/#breadcrumb"},"inLanguage":"fr-FR","potentialAction":[{"@type":"ReadAction","target":["https:\/\/poppersschweiz.com\/fr\/produit\/pump-jogger-furtif\/"]}]},{"@type":"ImageObject","inLanguage":"fr-FR","@id":"https:\/\/poppersschweiz.com\/fr\/produit\/pump-jogger-furtif\/#primaryimage","url":"https:\/\/poppersschweiz.com\/wp-content\/uploads\/2023\/08\/11057-1-2x-e1691255984431.jpg","contentUrl":"https:\/\/poppersschweiz.com\/wp-content\/uploads\/2023\/08\/11057-1-2x-e1691255984431.jpg","width":752,"height":629,"caption":"PUMP! Stealth Jogger"},{"@type":"BreadcrumbList","@id":"https:\/\/poppersschweiz.com\/fr\/produit\/pump-jogger-furtif\/#breadcrumb","itemListElement":[{"@type":"ListItem","position":1,"name":"Page d'accueil","item":"https:\/\/poppersschweiz.com\/fr\/"},{"@type":"ListItem","position":2,"name":"Poppers, accessoires pour poppers et plus encore","item":"https:\/\/poppersschweiz.com\/fr\/poppers-accessoires-pour-poppers-et-plus-encore\/"},{"@type":"ListItem","position":3,"name":"PUMP ! Jogger furtif"}]},{"@type":"WebSite","@id":"https:\/\/poppersschweiz.com\/fr\/#website","url":"https:\/\/poppersschweiz.com\/fr\/","name":"poppersschweiz.com","description":"","potentialAction":[{"@type":"SearchAction","target":{"@type":"EntryPoint","urlTemplate":"https:\/\/poppersschweiz.com\/fr\/?s={search_term_string}"},"query-input":{"@type":"PropertyValueSpecification","valueRequired":true,"valueName":"search_term_string"}}],"inLanguage":"fr-FR"}]},"og_availability":"instock","product_availability":"instock","product_retailer_item_id":"11057","product_condition":"new"},"_links":{"self":[{"href":"https:\/\/poppersschweiz.com\/fr\/wp-json\/wp\/v2\/product\/19960","targetHints":{"allow":["GET"]}}],"collection":[{"href":"https:\/\/poppersschweiz.com\/fr\/wp-json\/wp\/v2\/product"}],"about":[{"href":"https:\/\/poppersschweiz.com\/fr\/wp-json\/wp\/v2\/types\/product"}],"replies":[{"embeddable":true,"href":"https:\/\/poppersschweiz.com\/fr\/wp-json\/wp\/v2\/comments?post=19960"}],"wp:featuredmedia":[{"embeddable":true,"href":"https:\/\/poppersschweiz.com\/fr\/wp-json\/wp\/v2\/media\/19961"}],"wp:attachment":[{"href":"https:\/\/poppersschweiz.com\/fr\/wp-json\/wp\/v2\/media?parent=19960"}],"wp:term":[{"taxonomy":"product_brand","embeddable":true,"href":"https:\/\/poppersschweiz.com\/fr\/wp-json\/wp\/v2\/product_brand?post=19960"},{"taxonomy":"product_cat","embeddable":true,"href":"https:\/\/poppersschweiz.com\/fr\/wp-json\/wp\/v2\/product_cat?post=19960"},{"taxonomy":"product_tag","embeddable":true,"href":"https:\/\/poppersschweiz.com\/fr\/wp-json\/wp\/v2\/product_tag?post=19960"}],"curies":[{"name":"wp","href":"https:\/\/api.w.org\/{rel}","templated":true}]}}