{"id":20015,"date":"2023-08-05T19:41:27","date_gmt":"2023-08-05T17:41:27","guid":{"rendered":"https:\/\/poppersschweiz.com\/product\/andrew-christian-show-it-sports-mesh-boxer\/"},"modified":"2023-08-05T19:41:27","modified_gmt":"2023-08-05T17:41:27","slug":"andrew-christian-show-it-sports-mesh-boxer","status":"publish","type":"product","link":"https:\/\/poppersschweiz.com\/fr\/produit\/andrew-christian-show-it-sports-mesh-boxer\/","title":{"rendered":"Andrew Christian SHOW-IT Sports Mesh Boxer"},"content":{"rendered":"<div>\n<p>Si tu l&rsquo;as, montre-le ! L&rsquo;\u00e9poustouflant nouveau cale\u00e7on SHOW-IT\u00ae Sports est l\u00e0 pour que toi et ton paquet ayez l&rsquo;air optimal. D\u00e9clin\u00e9 en deux coloris s\u00e9duisants, ce style super flatteur fera des merveilles avec ses d\u00e9tails en maille \u00e9poustouflants. Les bonnets int\u00e9rieurs en forme de fer \u00e0 cheval de SHOW-IT\u00ae sont doubl\u00e9s d&rsquo;un caoutchouc doux et contribuent jusqu&rsquo;\u00e0 3,8 cm \u00e0 la mesure frontale d&rsquo;un homme, offrant la plus grande am\u00e9lioration naturelle de tous les sous-v\u00eatements de notre ligne. Que tu aimes frimer ou simplement profiter de la vue, tu as besoin de cette paire dans ta vie.<\/p>\n<\/div>\n<p>&nbsp;<\/p>\n<div><strong>Mati\u00e8re :<\/strong> 93 % coton, 7 % spandex<\/div>\n<p>&nbsp;<\/p>\n<div><\/div>\n<div><strong>Tour de hanches :<\/strong><\/div>\n<div>XS : 66 &#8211; 71 cm<br \/>\nS : 71 &#8211; 76 cm<br \/>\nM : 76 &#8211; 81 cm<br \/>\nL : 81 &#8211; 86 cm<br \/>\nXL : 86 &#8211; 91 cm<\/div>\n","protected":false},"excerpt":{"rendered":"<p>Si tu l&rsquo;as, montre-le !<\/p>\n","protected":false},"featured_media":20019,"comment_status":"open","ping_status":"closed","template":"","meta":{"_acf_changed":false,"_glsr_average":0,"_glsr_ranking":0,"_glsr_reviews":0},"product_brand":[],"product_cat":[563,549],"product_tag":[1054],"class_list":{"0":"post-20015","1":"product","2":"type-product","3":"status-publish","4":"has-post-thumbnail","6":"product_cat-boxer-fr","7":"product_cat-sous-vetements","8":"product_tag-andrew-christian-show-it-sports-mesh-boxer-fr","10":"first","11":"instock","12":"taxable","13":"shipping-taxable","14":"purchasable","15":"product-type-variable","16":"has-default-attributes"},"bundled_by":[],"bundle_stock_status":"instock","bundle_stock_quantity":null,"bundle_virtual":false,"bundle_layout":"","bundle_add_to_cart_form_location":"","bundle_editable_in_cart":false,"bundle_sold_individually_context":"","bundle_item_grouping":"","bundle_min_size":"","bundle_max_size":"","bundled_items":[],"bundle_sell_ids":[],"acf":[],"yoast_head":"<!-- This site is optimized with the Yoast SEO plugin v27.2 - https:\/\/yoast.com\/product\/yoast-seo-wordpress\/ -->\n<title>Andrew Christian SHOW-IT Sports Mesh Boxer \u25b7 hier g\u00fcnstig kaufen | poppersschweiz.com<\/title>\n<meta name=\"description\" content=\"Andrew Christian SHOW-IT Sports Mesh Boxer \u25b7 hier g\u00fcnstig online kaufen. Schneller Versand \u2713 Nur Original-Produkte \u2713 Jetzt kaufen &amp; Spa\u00df haben.\" \/>\n<meta name=\"robots\" content=\"index, follow, max-snippet:-1, max-image-preview:large, max-video-preview:-1\" \/>\n<link rel=\"canonical\" href=\"https:\/\/poppersschweiz.com\/fr\/produit\/andrew-christian-show-it-sports-mesh-boxer\/\" \/>\n<meta property=\"og:locale\" content=\"fr_FR\" \/>\n<meta property=\"og:type\" content=\"article\" \/>\n<meta property=\"og:title\" content=\"Andrew Christian SHOW-IT Sports Mesh Boxer \u25b7 hier g\u00fcnstig kaufen | poppersschweiz.com\" \/>\n<meta property=\"og:description\" content=\"Andrew Christian SHOW-IT Sports Mesh Boxer \u25b7 hier g\u00fcnstig online kaufen. Schneller Versand \u2713 Nur Original-Produkte \u2713 Jetzt kaufen &amp; Spa\u00df haben.\" \/>\n<meta property=\"og:url\" content=\"https:\/\/poppersschweiz.com\/fr\/produit\/andrew-christian-show-it-sports-mesh-boxer\/\" \/>\n<meta property=\"og:site_name\" content=\"poppersschweiz.com\" \/>\n<meta property=\"og:image\" content=\"https:\/\/poppersschweiz.com\/wp-content\/uploads\/2023\/08\/92866-boxer-red-blue-06-33.jpg\" \/>\n\t<meta property=\"og:image:width\" content=\"554\" \/>\n\t<meta property=\"og:image:height\" content=\"666\" \/>\n\t<meta property=\"og:image:type\" content=\"image\/jpeg\" \/>\n<meta name=\"twitter:card\" content=\"summary_large_image\" \/>\n<meta name=\"twitter:label1\" content=\"Disponibilit\u00e9\" \/>\n\t<meta name=\"twitter:data1\" content=\"En stock\" \/>\n<script type=\"application\/ld+json\" class=\"yoast-schema-graph\">{\"@context\":\"https:\/\/schema.org\",\"@graph\":[{\"@type\":\"WebPage\",\"@id\":\"https:\/\/poppersschweiz.com\/fr\/produit\/andrew-christian-show-it-sports-mesh-boxer\/\",\"url\":\"https:\/\/poppersschweiz.com\/fr\/produit\/andrew-christian-show-it-sports-mesh-boxer\/\",\"name\":\"Andrew Christian SHOW-IT Sports Mesh Boxer \u25b7 hier g\u00fcnstig kaufen | poppersschweiz.com\",\"isPartOf\":{\"@id\":\"https:\/\/poppersschweiz.com\/fr\/#website\"},\"primaryImageOfPage\":{\"@id\":\"https:\/\/poppersschweiz.com\/fr\/produit\/andrew-christian-show-it-sports-mesh-boxer\/#primaryimage\"},\"image\":{\"@id\":\"https:\/\/poppersschweiz.com\/fr\/produit\/andrew-christian-show-it-sports-mesh-boxer\/#primaryimage\"},\"thumbnailUrl\":\"https:\/\/poppersschweiz.com\/wp-content\/uploads\/2023\/08\/92866-boxer-red-blue-06-33.jpg\",\"datePublished\":\"2023-08-05T17:41:27+00:00\",\"description\":\"Andrew Christian SHOW-IT Sports Mesh Boxer \u25b7 hier g\u00fcnstig online kaufen. Schneller Versand \u2713 Nur Original-Produkte \u2713 Jetzt kaufen & Spa\u00df haben.\",\"breadcrumb\":{\"@id\":\"https:\/\/poppersschweiz.com\/fr\/produit\/andrew-christian-show-it-sports-mesh-boxer\/#breadcrumb\"},\"inLanguage\":\"fr-FR\",\"potentialAction\":[{\"@type\":\"ReadAction\",\"target\":[\"https:\/\/poppersschweiz.com\/fr\/produit\/andrew-christian-show-it-sports-mesh-boxer\/\"]}]},{\"@type\":\"ImageObject\",\"inLanguage\":\"fr-FR\",\"@id\":\"https:\/\/poppersschweiz.com\/fr\/produit\/andrew-christian-show-it-sports-mesh-boxer\/#primaryimage\",\"url\":\"https:\/\/poppersschweiz.com\/wp-content\/uploads\/2023\/08\/92866-boxer-red-blue-06-33.jpg\",\"contentUrl\":\"https:\/\/poppersschweiz.com\/wp-content\/uploads\/2023\/08\/92866-boxer-red-blue-06-33.jpg\",\"width\":554,\"height\":666,\"caption\":\"Andrew Christian SHOW-IT Sports Mesh Boxer\"},{\"@type\":\"BreadcrumbList\",\"@id\":\"https:\/\/poppersschweiz.com\/fr\/produit\/andrew-christian-show-it-sports-mesh-boxer\/#breadcrumb\",\"itemListElement\":[{\"@type\":\"ListItem\",\"position\":1,\"name\":\"Page d'accueil\",\"item\":\"https:\/\/poppersschweiz.com\/fr\/\"},{\"@type\":\"ListItem\",\"position\":2,\"name\":\"Poppers, accessoires pour poppers et plus encore\",\"item\":\"https:\/\/poppersschweiz.com\/fr\/poppers-accessoires-pour-poppers-et-plus-encore\/\"},{\"@type\":\"ListItem\",\"position\":3,\"name\":\"Andrew Christian SHOW-IT Sports Mesh Boxer\"}]},{\"@type\":\"WebSite\",\"@id\":\"https:\/\/poppersschweiz.com\/fr\/#website\",\"url\":\"https:\/\/poppersschweiz.com\/fr\/\",\"name\":\"poppersschweiz.com\",\"description\":\"\",\"potentialAction\":[{\"@type\":\"SearchAction\",\"target\":{\"@type\":\"EntryPoint\",\"urlTemplate\":\"https:\/\/poppersschweiz.com\/fr\/?s={search_term_string}\"},\"query-input\":{\"@type\":\"PropertyValueSpecification\",\"valueRequired\":true,\"valueName\":\"search_term_string\"}}],\"inLanguage\":\"fr-FR\"}]}<\/script>\n<meta property=\"og:availability\" content=\"instock\" \/>\n<meta property=\"product:availability\" content=\"instock\" \/>\n<meta property=\"product:retailer_item_id\" content=\"92866\" \/>\n<meta property=\"product:condition\" content=\"new\" \/>\n<!-- \/ Yoast SEO plugin. -->","yoast_head_json":{"title":"Andrew Christian SHOW-IT Sports Mesh Boxer \u25b7 hier g\u00fcnstig kaufen | poppersschweiz.com","description":"Andrew Christian SHOW-IT Sports Mesh Boxer \u25b7 hier g\u00fcnstig online kaufen. Schneller Versand \u2713 Nur Original-Produkte \u2713 Jetzt kaufen & Spa\u00df haben.","robots":{"index":"index","follow":"follow","max-snippet":"max-snippet:-1","max-image-preview":"max-image-preview:large","max-video-preview":"max-video-preview:-1"},"canonical":"https:\/\/poppersschweiz.com\/fr\/produit\/andrew-christian-show-it-sports-mesh-boxer\/","og_locale":"fr_FR","og_type":"article","og_title":"Andrew Christian SHOW-IT Sports Mesh Boxer \u25b7 hier g\u00fcnstig kaufen | poppersschweiz.com","og_description":"Andrew Christian SHOW-IT Sports Mesh Boxer \u25b7 hier g\u00fcnstig online kaufen. Schneller Versand \u2713 Nur Original-Produkte \u2713 Jetzt kaufen & Spa\u00df haben.","og_url":"https:\/\/poppersschweiz.com\/fr\/produit\/andrew-christian-show-it-sports-mesh-boxer\/","og_site_name":"poppersschweiz.com","og_image":[{"width":554,"height":666,"url":"https:\/\/poppersschweiz.com\/wp-content\/uploads\/2023\/08\/92866-boxer-red-blue-06-33.jpg","type":"image\/jpeg"}],"twitter_card":"summary_large_image","twitter_misc":{"Disponibilit\u00e9":"En stock"},"schema":{"@context":"https:\/\/schema.org","@graph":[{"@type":"WebPage","@id":"https:\/\/poppersschweiz.com\/fr\/produit\/andrew-christian-show-it-sports-mesh-boxer\/","url":"https:\/\/poppersschweiz.com\/fr\/produit\/andrew-christian-show-it-sports-mesh-boxer\/","name":"Andrew Christian SHOW-IT Sports Mesh Boxer \u25b7 hier g\u00fcnstig kaufen | poppersschweiz.com","isPartOf":{"@id":"https:\/\/poppersschweiz.com\/fr\/#website"},"primaryImageOfPage":{"@id":"https:\/\/poppersschweiz.com\/fr\/produit\/andrew-christian-show-it-sports-mesh-boxer\/#primaryimage"},"image":{"@id":"https:\/\/poppersschweiz.com\/fr\/produit\/andrew-christian-show-it-sports-mesh-boxer\/#primaryimage"},"thumbnailUrl":"https:\/\/poppersschweiz.com\/wp-content\/uploads\/2023\/08\/92866-boxer-red-blue-06-33.jpg","datePublished":"2023-08-05T17:41:27+00:00","description":"Andrew Christian SHOW-IT Sports Mesh Boxer \u25b7 hier g\u00fcnstig online kaufen. Schneller Versand \u2713 Nur Original-Produkte \u2713 Jetzt kaufen & Spa\u00df haben.","breadcrumb":{"@id":"https:\/\/poppersschweiz.com\/fr\/produit\/andrew-christian-show-it-sports-mesh-boxer\/#breadcrumb"},"inLanguage":"fr-FR","potentialAction":[{"@type":"ReadAction","target":["https:\/\/poppersschweiz.com\/fr\/produit\/andrew-christian-show-it-sports-mesh-boxer\/"]}]},{"@type":"ImageObject","inLanguage":"fr-FR","@id":"https:\/\/poppersschweiz.com\/fr\/produit\/andrew-christian-show-it-sports-mesh-boxer\/#primaryimage","url":"https:\/\/poppersschweiz.com\/wp-content\/uploads\/2023\/08\/92866-boxer-red-blue-06-33.jpg","contentUrl":"https:\/\/poppersschweiz.com\/wp-content\/uploads\/2023\/08\/92866-boxer-red-blue-06-33.jpg","width":554,"height":666,"caption":"Andrew Christian SHOW-IT Sports Mesh Boxer"},{"@type":"BreadcrumbList","@id":"https:\/\/poppersschweiz.com\/fr\/produit\/andrew-christian-show-it-sports-mesh-boxer\/#breadcrumb","itemListElement":[{"@type":"ListItem","position":1,"name":"Page d'accueil","item":"https:\/\/poppersschweiz.com\/fr\/"},{"@type":"ListItem","position":2,"name":"Poppers, accessoires pour poppers et plus encore","item":"https:\/\/poppersschweiz.com\/fr\/poppers-accessoires-pour-poppers-et-plus-encore\/"},{"@type":"ListItem","position":3,"name":"Andrew Christian SHOW-IT Sports Mesh Boxer"}]},{"@type":"WebSite","@id":"https:\/\/poppersschweiz.com\/fr\/#website","url":"https:\/\/poppersschweiz.com\/fr\/","name":"poppersschweiz.com","description":"","potentialAction":[{"@type":"SearchAction","target":{"@type":"EntryPoint","urlTemplate":"https:\/\/poppersschweiz.com\/fr\/?s={search_term_string}"},"query-input":{"@type":"PropertyValueSpecification","valueRequired":true,"valueName":"search_term_string"}}],"inLanguage":"fr-FR"}]},"og_availability":"instock","product_availability":"instock","product_retailer_item_id":"92866","product_condition":"new"},"_links":{"self":[{"href":"https:\/\/poppersschweiz.com\/fr\/wp-json\/wp\/v2\/product\/20015","targetHints":{"allow":["GET"]}}],"collection":[{"href":"https:\/\/poppersschweiz.com\/fr\/wp-json\/wp\/v2\/product"}],"about":[{"href":"https:\/\/poppersschweiz.com\/fr\/wp-json\/wp\/v2\/types\/product"}],"replies":[{"embeddable":true,"href":"https:\/\/poppersschweiz.com\/fr\/wp-json\/wp\/v2\/comments?post=20015"}],"wp:featuredmedia":[{"embeddable":true,"href":"https:\/\/poppersschweiz.com\/fr\/wp-json\/wp\/v2\/media\/20019"}],"wp:attachment":[{"href":"https:\/\/poppersschweiz.com\/fr\/wp-json\/wp\/v2\/media?parent=20015"}],"wp:term":[{"taxonomy":"product_brand","embeddable":true,"href":"https:\/\/poppersschweiz.com\/fr\/wp-json\/wp\/v2\/product_brand?post=20015"},{"taxonomy":"product_cat","embeddable":true,"href":"https:\/\/poppersschweiz.com\/fr\/wp-json\/wp\/v2\/product_cat?post=20015"},{"taxonomy":"product_tag","embeddable":true,"href":"https:\/\/poppersschweiz.com\/fr\/wp-json\/wp\/v2\/product_tag?post=20015"}],"curies":[{"name":"wp","href":"https:\/\/api.w.org\/{rel}","templated":true}]}}