{"id":20291,"date":"2023-08-06T17:09:45","date_gmt":"2023-08-06T15:09:45","guid":{"rendered":"https:\/\/poppersschweiz.com\/product\/jockstrap-addicted-trois-pack-sailor-push-up\/"},"modified":"2023-08-06T17:09:45","modified_gmt":"2023-08-06T15:09:45","slug":"jockstrap-addicted-trois-pack-sailor-push-up","status":"publish","type":"product","link":"https:\/\/poppersschweiz.com\/fr\/produit\/jockstrap-addicted-trois-pack-sailor-push-up\/","title":{"rendered":"Jockstrap ADDICTED Trois Pack Sailor Push up"},"content":{"rendered":"<p>Sexy pack de 3 pour un usage quotidien. Jockstrap \u00e0 la coupe tr\u00e8s confortable en maille l\u00e9g\u00e8re avec fonction push up.<\/p>\n<div><\/div>\n<div><strong>Mati\u00e8re :<\/strong> 80% polyester, 10% \u00e9lasthanne, 10% coton<\/div>\n<p>&nbsp;<\/p>\n<div><\/div>\n<div><strong>Tour de hanches :<\/strong><\/div>\n<div>S : 70-75 CM<\/div>\n<div>M : 75-80 CM<\/div>\n<div>L : 80-85 CM<\/div>\n<div>XL : 85-90 CM<\/div>\n<div>XXL : 90-95 CM<\/div>\n<div>XXXL : 95-100 CM<\/div>\n","protected":false},"excerpt":{"rendered":"<p><strong>Sexy pack de 3<\/strong> pour un usage quotidien. Jockstrap \u00e0 la coupe tr\u00e8s confortable en maille l\u00e9g\u00e8re avec fonction push up.<\/p>\n","protected":false},"featured_media":20303,"comment_status":"open","ping_status":"closed","template":"","meta":{"_acf_changed":false,"_glsr_average":0,"_glsr_ranking":0,"_glsr_reviews":0},"product_brand":[],"product_cat":[565,567,549],"product_tag":[934],"class_list":{"0":"post-20291","1":"product","2":"type-product","3":"status-publish","4":"has-post-thumbnail","6":"product_cat-jocks-fr","7":"product_cat-packs-de-valeur","8":"product_cat-sous-vetements","9":"product_tag-jockstrap-addicted-trois-pack-sailor-push-up","11":"first","12":"instock","13":"taxable","14":"shipping-taxable","15":"purchasable","16":"product-type-variable","17":"has-default-attributes"},"bundled_by":[],"bundle_stock_status":"instock","bundle_stock_quantity":null,"bundle_virtual":false,"bundle_layout":"","bundle_add_to_cart_form_location":"","bundle_editable_in_cart":false,"bundle_sold_individually_context":"","bundle_item_grouping":"","bundle_min_size":"","bundle_max_size":"","bundled_items":[],"bundle_sell_ids":[],"acf":[],"yoast_head":"<!-- This site is optimized with the Yoast SEO plugin v27.2 - https:\/\/yoast.com\/product\/yoast-seo-wordpress\/ -->\n<title>Jockstrap ADDICTED Trois Pack Sailor Push up \u25b7 hier g\u00fcnstig kaufen | poppersschweiz.com<\/title>\n<meta name=\"description\" content=\"Jockstrap ADDICTED Trois Pack Sailor Push up \u25b7 hier g\u00fcnstig online kaufen. Schneller Versand \u2713 Nur Original-Produkte \u2713 Jetzt kaufen &amp; Spa\u00df haben.\" \/>\n<meta name=\"robots\" content=\"index, follow, max-snippet:-1, max-image-preview:large, max-video-preview:-1\" \/>\n<link rel=\"canonical\" href=\"https:\/\/poppersschweiz.com\/fr\/produit\/jockstrap-addicted-trois-pack-sailor-push-up\/\" \/>\n<meta property=\"og:locale\" content=\"fr_FR\" \/>\n<meta property=\"og:type\" content=\"article\" \/>\n<meta property=\"og:title\" content=\"Jockstrap ADDICTED Trois Pack Sailor Push up \u25b7 hier g\u00fcnstig kaufen | poppersschweiz.com\" \/>\n<meta property=\"og:description\" content=\"Jockstrap ADDICTED Trois Pack Sailor Push up \u25b7 hier g\u00fcnstig online kaufen. Schneller Versand \u2713 Nur Original-Produkte \u2713 Jetzt kaufen &amp; Spa\u00df haben.\" \/>\n<meta property=\"og:url\" content=\"https:\/\/poppersschweiz.com\/fr\/produit\/jockstrap-addicted-trois-pack-sailor-push-up\/\" \/>\n<meta property=\"og:site_name\" content=\"poppersschweiz.com\" \/>\n<meta property=\"og:image\" content=\"https:\/\/poppersschweiz.com\/wp-content\/uploads\/2023\/08\/ad966p-3-pack-sailor-jock.jpg\" \/>\n\t<meta property=\"og:image:width\" content=\"1000\" \/>\n\t<meta property=\"og:image:height\" content=\"1000\" \/>\n\t<meta property=\"og:image:type\" content=\"image\/jpeg\" \/>\n<meta name=\"twitter:card\" content=\"summary_large_image\" \/>\n<meta name=\"twitter:label1\" content=\"Disponibilit\u00e9\" \/>\n\t<meta name=\"twitter:data1\" content=\"En stock\" \/>\n<script type=\"application\/ld+json\" class=\"yoast-schema-graph\">{\"@context\":\"https:\/\/schema.org\",\"@graph\":[{\"@type\":\"WebPage\",\"@id\":\"https:\/\/poppersschweiz.com\/fr\/produit\/jockstrap-addicted-trois-pack-sailor-push-up\/\",\"url\":\"https:\/\/poppersschweiz.com\/fr\/produit\/jockstrap-addicted-trois-pack-sailor-push-up\/\",\"name\":\"Jockstrap ADDICTED Trois Pack Sailor Push up \u25b7 hier g\u00fcnstig kaufen | poppersschweiz.com\",\"isPartOf\":{\"@id\":\"https:\/\/poppersschweiz.com\/fr\/#website\"},\"primaryImageOfPage\":{\"@id\":\"https:\/\/poppersschweiz.com\/fr\/produit\/jockstrap-addicted-trois-pack-sailor-push-up\/#primaryimage\"},\"image\":{\"@id\":\"https:\/\/poppersschweiz.com\/fr\/produit\/jockstrap-addicted-trois-pack-sailor-push-up\/#primaryimage\"},\"thumbnailUrl\":\"https:\/\/poppersschweiz.com\/wp-content\/uploads\/2023\/08\/ad966p-3-pack-sailor-jock.jpg\",\"datePublished\":\"2023-08-06T15:09:45+00:00\",\"description\":\"Jockstrap ADDICTED Trois Pack Sailor Push up \u25b7 hier g\u00fcnstig online kaufen. Schneller Versand \u2713 Nur Original-Produkte \u2713 Jetzt kaufen & Spa\u00df haben.\",\"breadcrumb\":{\"@id\":\"https:\/\/poppersschweiz.com\/fr\/produit\/jockstrap-addicted-trois-pack-sailor-push-up\/#breadcrumb\"},\"inLanguage\":\"fr-FR\",\"potentialAction\":[{\"@type\":\"ReadAction\",\"target\":[\"https:\/\/poppersschweiz.com\/fr\/produit\/jockstrap-addicted-trois-pack-sailor-push-up\/\"]}]},{\"@type\":\"ImageObject\",\"inLanguage\":\"fr-FR\",\"@id\":\"https:\/\/poppersschweiz.com\/fr\/produit\/jockstrap-addicted-trois-pack-sailor-push-up\/#primaryimage\",\"url\":\"https:\/\/poppersschweiz.com\/wp-content\/uploads\/2023\/08\/ad966p-3-pack-sailor-jock.jpg\",\"contentUrl\":\"https:\/\/poppersschweiz.com\/wp-content\/uploads\/2023\/08\/ad966p-3-pack-sailor-jock.jpg\",\"width\":1000,\"height\":1000,\"caption\":\"ADDICTED Three Pack Sailor Push up Jockstrap\"},{\"@type\":\"BreadcrumbList\",\"@id\":\"https:\/\/poppersschweiz.com\/fr\/produit\/jockstrap-addicted-trois-pack-sailor-push-up\/#breadcrumb\",\"itemListElement\":[{\"@type\":\"ListItem\",\"position\":1,\"name\":\"Page d'accueil\",\"item\":\"https:\/\/poppersschweiz.com\/fr\/\"},{\"@type\":\"ListItem\",\"position\":2,\"name\":\"Poppers, accessoires pour poppers et plus encore\",\"item\":\"https:\/\/poppersschweiz.com\/fr\/poppers-accessoires-pour-poppers-et-plus-encore\/\"},{\"@type\":\"ListItem\",\"position\":3,\"name\":\"Jockstrap ADDICTED Trois Pack Sailor Push up\"}]},{\"@type\":\"WebSite\",\"@id\":\"https:\/\/poppersschweiz.com\/fr\/#website\",\"url\":\"https:\/\/poppersschweiz.com\/fr\/\",\"name\":\"poppersschweiz.com\",\"description\":\"\",\"potentialAction\":[{\"@type\":\"SearchAction\",\"target\":{\"@type\":\"EntryPoint\",\"urlTemplate\":\"https:\/\/poppersschweiz.com\/fr\/?s={search_term_string}\"},\"query-input\":{\"@type\":\"PropertyValueSpecification\",\"valueRequired\":true,\"valueName\":\"search_term_string\"}}],\"inLanguage\":\"fr-FR\"}]}<\/script>\n<meta property=\"og:availability\" content=\"instock\" \/>\n<meta property=\"product:availability\" content=\"instock\" \/>\n<meta property=\"product:retailer_item_id\" content=\"AD966\" \/>\n<meta property=\"product:condition\" content=\"new\" \/>\n<!-- \/ Yoast SEO plugin. -->","yoast_head_json":{"title":"Jockstrap ADDICTED Trois Pack Sailor Push up \u25b7 hier g\u00fcnstig kaufen | poppersschweiz.com","description":"Jockstrap ADDICTED Trois Pack Sailor Push up \u25b7 hier g\u00fcnstig online kaufen. Schneller Versand \u2713 Nur Original-Produkte \u2713 Jetzt kaufen & Spa\u00df haben.","robots":{"index":"index","follow":"follow","max-snippet":"max-snippet:-1","max-image-preview":"max-image-preview:large","max-video-preview":"max-video-preview:-1"},"canonical":"https:\/\/poppersschweiz.com\/fr\/produit\/jockstrap-addicted-trois-pack-sailor-push-up\/","og_locale":"fr_FR","og_type":"article","og_title":"Jockstrap ADDICTED Trois Pack Sailor Push up \u25b7 hier g\u00fcnstig kaufen | poppersschweiz.com","og_description":"Jockstrap ADDICTED Trois Pack Sailor Push up \u25b7 hier g\u00fcnstig online kaufen. Schneller Versand \u2713 Nur Original-Produkte \u2713 Jetzt kaufen & Spa\u00df haben.","og_url":"https:\/\/poppersschweiz.com\/fr\/produit\/jockstrap-addicted-trois-pack-sailor-push-up\/","og_site_name":"poppersschweiz.com","og_image":[{"width":1000,"height":1000,"url":"https:\/\/poppersschweiz.com\/wp-content\/uploads\/2023\/08\/ad966p-3-pack-sailor-jock.jpg","type":"image\/jpeg"}],"twitter_card":"summary_large_image","twitter_misc":{"Disponibilit\u00e9":"En stock"},"schema":{"@context":"https:\/\/schema.org","@graph":[{"@type":"WebPage","@id":"https:\/\/poppersschweiz.com\/fr\/produit\/jockstrap-addicted-trois-pack-sailor-push-up\/","url":"https:\/\/poppersschweiz.com\/fr\/produit\/jockstrap-addicted-trois-pack-sailor-push-up\/","name":"Jockstrap ADDICTED Trois Pack Sailor Push up \u25b7 hier g\u00fcnstig kaufen | poppersschweiz.com","isPartOf":{"@id":"https:\/\/poppersschweiz.com\/fr\/#website"},"primaryImageOfPage":{"@id":"https:\/\/poppersschweiz.com\/fr\/produit\/jockstrap-addicted-trois-pack-sailor-push-up\/#primaryimage"},"image":{"@id":"https:\/\/poppersschweiz.com\/fr\/produit\/jockstrap-addicted-trois-pack-sailor-push-up\/#primaryimage"},"thumbnailUrl":"https:\/\/poppersschweiz.com\/wp-content\/uploads\/2023\/08\/ad966p-3-pack-sailor-jock.jpg","datePublished":"2023-08-06T15:09:45+00:00","description":"Jockstrap ADDICTED Trois Pack Sailor Push up \u25b7 hier g\u00fcnstig online kaufen. Schneller Versand \u2713 Nur Original-Produkte \u2713 Jetzt kaufen & Spa\u00df haben.","breadcrumb":{"@id":"https:\/\/poppersschweiz.com\/fr\/produit\/jockstrap-addicted-trois-pack-sailor-push-up\/#breadcrumb"},"inLanguage":"fr-FR","potentialAction":[{"@type":"ReadAction","target":["https:\/\/poppersschweiz.com\/fr\/produit\/jockstrap-addicted-trois-pack-sailor-push-up\/"]}]},{"@type":"ImageObject","inLanguage":"fr-FR","@id":"https:\/\/poppersschweiz.com\/fr\/produit\/jockstrap-addicted-trois-pack-sailor-push-up\/#primaryimage","url":"https:\/\/poppersschweiz.com\/wp-content\/uploads\/2023\/08\/ad966p-3-pack-sailor-jock.jpg","contentUrl":"https:\/\/poppersschweiz.com\/wp-content\/uploads\/2023\/08\/ad966p-3-pack-sailor-jock.jpg","width":1000,"height":1000,"caption":"ADDICTED Three Pack Sailor Push up Jockstrap"},{"@type":"BreadcrumbList","@id":"https:\/\/poppersschweiz.com\/fr\/produit\/jockstrap-addicted-trois-pack-sailor-push-up\/#breadcrumb","itemListElement":[{"@type":"ListItem","position":1,"name":"Page d'accueil","item":"https:\/\/poppersschweiz.com\/fr\/"},{"@type":"ListItem","position":2,"name":"Poppers, accessoires pour poppers et plus encore","item":"https:\/\/poppersschweiz.com\/fr\/poppers-accessoires-pour-poppers-et-plus-encore\/"},{"@type":"ListItem","position":3,"name":"Jockstrap ADDICTED Trois Pack Sailor Push up"}]},{"@type":"WebSite","@id":"https:\/\/poppersschweiz.com\/fr\/#website","url":"https:\/\/poppersschweiz.com\/fr\/","name":"poppersschweiz.com","description":"","potentialAction":[{"@type":"SearchAction","target":{"@type":"EntryPoint","urlTemplate":"https:\/\/poppersschweiz.com\/fr\/?s={search_term_string}"},"query-input":{"@type":"PropertyValueSpecification","valueRequired":true,"valueName":"search_term_string"}}],"inLanguage":"fr-FR"}]},"og_availability":"instock","product_availability":"instock","product_retailer_item_id":"AD966","product_condition":"new"},"_links":{"self":[{"href":"https:\/\/poppersschweiz.com\/fr\/wp-json\/wp\/v2\/product\/20291","targetHints":{"allow":["GET"]}}],"collection":[{"href":"https:\/\/poppersschweiz.com\/fr\/wp-json\/wp\/v2\/product"}],"about":[{"href":"https:\/\/poppersschweiz.com\/fr\/wp-json\/wp\/v2\/types\/product"}],"replies":[{"embeddable":true,"href":"https:\/\/poppersschweiz.com\/fr\/wp-json\/wp\/v2\/comments?post=20291"}],"wp:featuredmedia":[{"embeddable":true,"href":"https:\/\/poppersschweiz.com\/fr\/wp-json\/wp\/v2\/media\/20303"}],"wp:attachment":[{"href":"https:\/\/poppersschweiz.com\/fr\/wp-json\/wp\/v2\/media?parent=20291"}],"wp:term":[{"taxonomy":"product_brand","embeddable":true,"href":"https:\/\/poppersschweiz.com\/fr\/wp-json\/wp\/v2\/product_brand?post=20291"},{"taxonomy":"product_cat","embeddable":true,"href":"https:\/\/poppersschweiz.com\/fr\/wp-json\/wp\/v2\/product_cat?post=20291"},{"taxonomy":"product_tag","embeddable":true,"href":"https:\/\/poppersschweiz.com\/fr\/wp-json\/wp\/v2\/product_tag?post=20291"}],"curies":[{"name":"wp","href":"https:\/\/api.w.org\/{rel}","templated":true}]}}