{"id":20407,"date":"2023-08-06T17:37:35","date_gmt":"2023-08-06T15:37:35","guid":{"rendered":"https:\/\/poppersschweiz.com\/product\/andrew-christian-jock-retro-frame-noir\/"},"modified":"2023-08-06T17:37:35","modified_gmt":"2023-08-06T15:37:35","slug":"andrew-christian-jock-retro-frame-noir","status":"publish","type":"product","link":"https:\/\/poppersschweiz.com\/fr\/produit\/andrew-christian-jock-retro-frame-noir\/","title":{"rendered":"Andrew Christian Jock R\u00e9tro Frame Noir"},"content":{"rendered":"<div>\n<p>Le vintage rencontre la modernit\u00e9 dans le charmant nouveau sous-v\u00eatement ALMOST NAKED\u00ae Retro Frame Jock ! En trois combinaisons de couleurs sexy, ce design r\u00e9tro combine les meilleurs \u00e9l\u00e9ments d&rsquo;autrefois avec les tendances de design les plus en vogue aujourd&rsquo;hui. Et gr\u00e2ce \u00e0 notre ceinture amincissante et \u00e0 la poche ALMOST NAKED\u00ae int\u00e9gr\u00e9e, tu auras l&rsquo;impression de ne rien porter du tout ! Nous avons pratiquement \u00e9limin\u00e9 le collage, l&rsquo;\u00e9crasement, le r\u00e9ajustement, la transpiration et le frottement. Ton paquet tombe naturellement dans la poche anatomiquement correcte, pour un port vraiment agr\u00e9able et unique. Tu vas adorer l&rsquo;allure et les sensations que tu auras dans cette paire !<\/p>\n<\/div>\n<p>&nbsp;<\/p>\n<div><strong>Mati\u00e8re :<\/strong> 91% polyester, 9% spandex<\/div>\n<p>&nbsp;<\/p>\n<div><\/div>\n<div><strong>Tour de hanches :<\/strong><\/div>\n<div>XS : 66 &#8211; 71 cm<br \/>\nS : 71 &#8211; 76 cm<br \/>\nM : 76 &#8211; 81 cm<br \/>\nL : 81 &#8211; 86 cm<br \/>\nXL : 86 &#8211; 91 cm<\/div>\n","protected":false},"excerpt":{"rendered":"<p>Tu vas adorer l&rsquo;allure et les sensations que tu auras dans cette paire !<\/p>\n","protected":false},"featured_media":20409,"comment_status":"open","ping_status":"closed","template":"","meta":{"_acf_changed":false,"_glsr_average":0,"_glsr_ranking":0,"_glsr_reviews":0},"product_brand":[],"product_cat":[565,549],"product_tag":[954],"class_list":{"0":"post-20407","1":"product","2":"type-product","3":"status-publish","4":"has-post-thumbnail","6":"product_cat-jocks-fr","7":"product_cat-sous-vetements","8":"product_tag-andrew-christian-jock-retro-frame-noir","10":"first","11":"outofstock","12":"taxable","13":"shipping-taxable","14":"purchasable","15":"product-type-variable","16":"has-default-attributes"},"bundled_by":[],"bundle_stock_status":"outofstock","bundle_stock_quantity":null,"bundle_virtual":false,"bundle_layout":"","bundle_add_to_cart_form_location":"","bundle_editable_in_cart":false,"bundle_sold_individually_context":"","bundle_item_grouping":"","bundle_min_size":"","bundle_max_size":"","bundled_items":[],"bundle_sell_ids":[],"acf":[],"yoast_head":"<!-- This site is optimized with the Yoast SEO plugin v27.2 - https:\/\/yoast.com\/product\/yoast-seo-wordpress\/ -->\n<title>Andrew Christian Jock R\u00e9tro Frame Noir \u25b7 hier g\u00fcnstig kaufen | poppersschweiz.com<\/title>\n<meta name=\"description\" content=\"Andrew Christian Jock R\u00e9tro Frame Noir \u25b7 hier g\u00fcnstig online kaufen. Schneller Versand \u2713 Nur Original-Produkte \u2713 Jetzt kaufen &amp; Spa\u00df haben.\" \/>\n<meta name=\"robots\" content=\"index, follow, max-snippet:-1, max-image-preview:large, max-video-preview:-1\" \/>\n<link rel=\"canonical\" href=\"https:\/\/poppersschweiz.com\/fr\/produit\/andrew-christian-jock-retro-frame-noir\/\" \/>\n<meta property=\"og:locale\" content=\"fr_FR\" \/>\n<meta property=\"og:type\" content=\"article\" \/>\n<meta property=\"og:title\" content=\"Andrew Christian Jock R\u00e9tro Frame Noir \u25b7 hier g\u00fcnstig kaufen | poppersschweiz.com\" \/>\n<meta property=\"og:description\" content=\"Andrew Christian Jock R\u00e9tro Frame Noir \u25b7 hier g\u00fcnstig online kaufen. Schneller Versand \u2713 Nur Original-Produkte \u2713 Jetzt kaufen &amp; Spa\u00df haben.\" \/>\n<meta property=\"og:url\" content=\"https:\/\/poppersschweiz.com\/fr\/produit\/andrew-christian-jock-retro-frame-noir\/\" \/>\n<meta property=\"og:site_name\" content=\"poppersschweiz.com\" \/>\n<meta property=\"og:image\" content=\"https:\/\/poppersschweiz.com\/wp-content\/uploads\/2023\/08\/92832-jock-black-06.jpg\" \/>\n\t<meta property=\"og:image:width\" content=\"554\" \/>\n\t<meta property=\"og:image:height\" content=\"666\" \/>\n\t<meta property=\"og:image:type\" content=\"image\/jpeg\" \/>\n<meta name=\"twitter:card\" content=\"summary_large_image\" \/>\n<meta name=\"twitter:label1\" content=\"Disponibilit\u00e9\" \/>\n\t<meta name=\"twitter:data1\" content=\"Rupture de stock\" \/>\n<script type=\"application\/ld+json\" class=\"yoast-schema-graph\">{\"@context\":\"https:\/\/schema.org\",\"@graph\":[{\"@type\":\"WebPage\",\"@id\":\"https:\/\/poppersschweiz.com\/fr\/produit\/andrew-christian-jock-retro-frame-noir\/\",\"url\":\"https:\/\/poppersschweiz.com\/fr\/produit\/andrew-christian-jock-retro-frame-noir\/\",\"name\":\"Andrew Christian Jock R\u00e9tro Frame Noir \u25b7 hier g\u00fcnstig kaufen | poppersschweiz.com\",\"isPartOf\":{\"@id\":\"https:\/\/poppersschweiz.com\/fr\/#website\"},\"primaryImageOfPage\":{\"@id\":\"https:\/\/poppersschweiz.com\/fr\/produit\/andrew-christian-jock-retro-frame-noir\/#primaryimage\"},\"image\":{\"@id\":\"https:\/\/poppersschweiz.com\/fr\/produit\/andrew-christian-jock-retro-frame-noir\/#primaryimage\"},\"thumbnailUrl\":\"https:\/\/poppersschweiz.com\/wp-content\/uploads\/2023\/08\/92832-jock-black-06.jpg\",\"datePublished\":\"2023-08-06T15:37:35+00:00\",\"description\":\"Andrew Christian Jock R\u00e9tro Frame Noir \u25b7 hier g\u00fcnstig online kaufen. Schneller Versand \u2713 Nur Original-Produkte \u2713 Jetzt kaufen & Spa\u00df haben.\",\"breadcrumb\":{\"@id\":\"https:\/\/poppersschweiz.com\/fr\/produit\/andrew-christian-jock-retro-frame-noir\/#breadcrumb\"},\"inLanguage\":\"fr-FR\",\"potentialAction\":[{\"@type\":\"ReadAction\",\"target\":[\"https:\/\/poppersschweiz.com\/fr\/produit\/andrew-christian-jock-retro-frame-noir\/\"]}]},{\"@type\":\"ImageObject\",\"inLanguage\":\"fr-FR\",\"@id\":\"https:\/\/poppersschweiz.com\/fr\/produit\/andrew-christian-jock-retro-frame-noir\/#primaryimage\",\"url\":\"https:\/\/poppersschweiz.com\/wp-content\/uploads\/2023\/08\/92832-jock-black-06.jpg\",\"contentUrl\":\"https:\/\/poppersschweiz.com\/wp-content\/uploads\/2023\/08\/92832-jock-black-06.jpg\",\"width\":554,\"height\":666,\"caption\":\"Andrew Christian Retro Frame Jock Black\"},{\"@type\":\"BreadcrumbList\",\"@id\":\"https:\/\/poppersschweiz.com\/fr\/produit\/andrew-christian-jock-retro-frame-noir\/#breadcrumb\",\"itemListElement\":[{\"@type\":\"ListItem\",\"position\":1,\"name\":\"Page d'accueil\",\"item\":\"https:\/\/poppersschweiz.com\/fr\/\"},{\"@type\":\"ListItem\",\"position\":2,\"name\":\"Poppers, accessoires pour poppers et plus encore\",\"item\":\"https:\/\/poppersschweiz.com\/fr\/poppers-accessoires-pour-poppers-et-plus-encore\/\"},{\"@type\":\"ListItem\",\"position\":3,\"name\":\"Andrew Christian Jock R\u00e9tro Frame Noir\"}]},{\"@type\":\"WebSite\",\"@id\":\"https:\/\/poppersschweiz.com\/fr\/#website\",\"url\":\"https:\/\/poppersschweiz.com\/fr\/\",\"name\":\"poppersschweiz.com\",\"description\":\"\",\"potentialAction\":[{\"@type\":\"SearchAction\",\"target\":{\"@type\":\"EntryPoint\",\"urlTemplate\":\"https:\/\/poppersschweiz.com\/fr\/?s={search_term_string}\"},\"query-input\":{\"@type\":\"PropertyValueSpecification\",\"valueRequired\":true,\"valueName\":\"search_term_string\"}}],\"inLanguage\":\"fr-FR\"}]}<\/script>\n<meta property=\"og:availability\" content=\"out of stock\" \/>\n<meta property=\"product:availability\" content=\"out of stock\" \/>\n<meta property=\"product:retailer_item_id\" content=\"92832-BLK\" \/>\n<meta property=\"product:condition\" content=\"new\" \/>\n<!-- \/ Yoast SEO plugin. -->","yoast_head_json":{"title":"Andrew Christian Jock R\u00e9tro Frame Noir \u25b7 hier g\u00fcnstig kaufen | poppersschweiz.com","description":"Andrew Christian Jock R\u00e9tro Frame Noir \u25b7 hier g\u00fcnstig online kaufen. Schneller Versand \u2713 Nur Original-Produkte \u2713 Jetzt kaufen & Spa\u00df haben.","robots":{"index":"index","follow":"follow","max-snippet":"max-snippet:-1","max-image-preview":"max-image-preview:large","max-video-preview":"max-video-preview:-1"},"canonical":"https:\/\/poppersschweiz.com\/fr\/produit\/andrew-christian-jock-retro-frame-noir\/","og_locale":"fr_FR","og_type":"article","og_title":"Andrew Christian Jock R\u00e9tro Frame Noir \u25b7 hier g\u00fcnstig kaufen | poppersschweiz.com","og_description":"Andrew Christian Jock R\u00e9tro Frame Noir \u25b7 hier g\u00fcnstig online kaufen. Schneller Versand \u2713 Nur Original-Produkte \u2713 Jetzt kaufen & Spa\u00df haben.","og_url":"https:\/\/poppersschweiz.com\/fr\/produit\/andrew-christian-jock-retro-frame-noir\/","og_site_name":"poppersschweiz.com","og_image":[{"width":554,"height":666,"url":"https:\/\/poppersschweiz.com\/wp-content\/uploads\/2023\/08\/92832-jock-black-06.jpg","type":"image\/jpeg"}],"twitter_card":"summary_large_image","twitter_misc":{"Disponibilit\u00e9":"Rupture de stock"},"schema":{"@context":"https:\/\/schema.org","@graph":[{"@type":"WebPage","@id":"https:\/\/poppersschweiz.com\/fr\/produit\/andrew-christian-jock-retro-frame-noir\/","url":"https:\/\/poppersschweiz.com\/fr\/produit\/andrew-christian-jock-retro-frame-noir\/","name":"Andrew Christian Jock R\u00e9tro Frame Noir \u25b7 hier g\u00fcnstig kaufen | poppersschweiz.com","isPartOf":{"@id":"https:\/\/poppersschweiz.com\/fr\/#website"},"primaryImageOfPage":{"@id":"https:\/\/poppersschweiz.com\/fr\/produit\/andrew-christian-jock-retro-frame-noir\/#primaryimage"},"image":{"@id":"https:\/\/poppersschweiz.com\/fr\/produit\/andrew-christian-jock-retro-frame-noir\/#primaryimage"},"thumbnailUrl":"https:\/\/poppersschweiz.com\/wp-content\/uploads\/2023\/08\/92832-jock-black-06.jpg","datePublished":"2023-08-06T15:37:35+00:00","description":"Andrew Christian Jock R\u00e9tro Frame Noir \u25b7 hier g\u00fcnstig online kaufen. Schneller Versand \u2713 Nur Original-Produkte \u2713 Jetzt kaufen & Spa\u00df haben.","breadcrumb":{"@id":"https:\/\/poppersschweiz.com\/fr\/produit\/andrew-christian-jock-retro-frame-noir\/#breadcrumb"},"inLanguage":"fr-FR","potentialAction":[{"@type":"ReadAction","target":["https:\/\/poppersschweiz.com\/fr\/produit\/andrew-christian-jock-retro-frame-noir\/"]}]},{"@type":"ImageObject","inLanguage":"fr-FR","@id":"https:\/\/poppersschweiz.com\/fr\/produit\/andrew-christian-jock-retro-frame-noir\/#primaryimage","url":"https:\/\/poppersschweiz.com\/wp-content\/uploads\/2023\/08\/92832-jock-black-06.jpg","contentUrl":"https:\/\/poppersschweiz.com\/wp-content\/uploads\/2023\/08\/92832-jock-black-06.jpg","width":554,"height":666,"caption":"Andrew Christian Retro Frame Jock Black"},{"@type":"BreadcrumbList","@id":"https:\/\/poppersschweiz.com\/fr\/produit\/andrew-christian-jock-retro-frame-noir\/#breadcrumb","itemListElement":[{"@type":"ListItem","position":1,"name":"Page d'accueil","item":"https:\/\/poppersschweiz.com\/fr\/"},{"@type":"ListItem","position":2,"name":"Poppers, accessoires pour poppers et plus encore","item":"https:\/\/poppersschweiz.com\/fr\/poppers-accessoires-pour-poppers-et-plus-encore\/"},{"@type":"ListItem","position":3,"name":"Andrew Christian Jock R\u00e9tro Frame Noir"}]},{"@type":"WebSite","@id":"https:\/\/poppersschweiz.com\/fr\/#website","url":"https:\/\/poppersschweiz.com\/fr\/","name":"poppersschweiz.com","description":"","potentialAction":[{"@type":"SearchAction","target":{"@type":"EntryPoint","urlTemplate":"https:\/\/poppersschweiz.com\/fr\/?s={search_term_string}"},"query-input":{"@type":"PropertyValueSpecification","valueRequired":true,"valueName":"search_term_string"}}],"inLanguage":"fr-FR"}]},"og_availability":"out of stock","product_availability":"out of stock","product_retailer_item_id":"92832-BLK","product_condition":"new"},"_links":{"self":[{"href":"https:\/\/poppersschweiz.com\/fr\/wp-json\/wp\/v2\/product\/20407","targetHints":{"allow":["GET"]}}],"collection":[{"href":"https:\/\/poppersschweiz.com\/fr\/wp-json\/wp\/v2\/product"}],"about":[{"href":"https:\/\/poppersschweiz.com\/fr\/wp-json\/wp\/v2\/types\/product"}],"replies":[{"embeddable":true,"href":"https:\/\/poppersschweiz.com\/fr\/wp-json\/wp\/v2\/comments?post=20407"}],"wp:featuredmedia":[{"embeddable":true,"href":"https:\/\/poppersschweiz.com\/fr\/wp-json\/wp\/v2\/media\/20409"}],"wp:attachment":[{"href":"https:\/\/poppersschweiz.com\/fr\/wp-json\/wp\/v2\/media?parent=20407"}],"wp:term":[{"taxonomy":"product_brand","embeddable":true,"href":"https:\/\/poppersschweiz.com\/fr\/wp-json\/wp\/v2\/product_brand?post=20407"},{"taxonomy":"product_cat","embeddable":true,"href":"https:\/\/poppersschweiz.com\/fr\/wp-json\/wp\/v2\/product_cat?post=20407"},{"taxonomy":"product_tag","embeddable":true,"href":"https:\/\/poppersschweiz.com\/fr\/wp-json\/wp\/v2\/product_tag?post=20407"}],"curies":[{"name":"wp","href":"https:\/\/api.w.org\/{rel}","templated":true}]}}