{"id":20625,"date":"2023-02-19T10:18:01","date_gmt":"2023-02-19T09:18:01","guid":{"rendered":"https:\/\/poppersschweiz.com\/product\/fist-fuel-poppers-24ml\/"},"modified":"2025-09-15T14:07:35","modified_gmt":"2025-09-15T12:07:35","slug":"fist-fuel-poppers-24ml","status":"publish","type":"product","link":"https:\/\/poppersschweiz.com\/fr\/produit\/fist-fuel-poppers-24ml\/","title":{"rendered":"Fist Fuel Poppers 24ml"},"content":{"rendered":"<p>Notre Fist Fuel Poppers 24ml est bas\u00e9 sur le pentylnitrite original et est ton carburant pour des sessions de FF d\u00e9lirantes. La version Ultra Strong de Fist Fuel ouvre la voie \u00e0 tous les poings pour un plaisir intense. D&rsquo;ailleurs, nous vendons aussi l&rsquo;Anal Fist Lube dans notre boutique.<\/p>\n","protected":false},"excerpt":{"rendered":"<p>Ingr\u00e9dient : nitrite de pentyle &#8211; vente \u00e0 partir de 18 ans &#8211; non destin\u00e9 \u00e0 la consommation humaine<\/p>\n","protected":false},"featured_media":20626,"comment_status":"open","ping_status":"closed","template":"","meta":{"_acf_changed":false,"_glsr_average":0,"_glsr_ranking":0,"_glsr_reviews":0},"product_brand":[],"product_cat":[531,530],"product_tag":[],"class_list":{"0":"post-20625","1":"product","2":"type-product","3":"status-publish","4":"has-post-thumbnail","6":"product_cat-grandes-bouteilles-de-poppers","7":"product_cat-poppers-suisse","9":"first","10":"instock","11":"featured","12":"taxable","13":"shipping-taxable","14":"purchasable","15":"product-type-simple"},"bundled_by":[],"bundle_stock_status":"instock","bundle_stock_quantity":null,"bundle_virtual":false,"bundle_layout":"","bundle_add_to_cart_form_location":"","bundle_editable_in_cart":false,"bundle_sold_individually_context":"","bundle_item_grouping":"","bundle_min_size":"","bundle_max_size":"","bundled_items":[],"bundle_sell_ids":[],"acf":[],"yoast_head":"<!-- This site is optimized with the Yoast SEO plugin v27.2 - https:\/\/yoast.com\/product\/yoast-seo-wordpress\/ -->\n<title>Fist Fuel Poppers 24ml \u25b7 hier g\u00fcnstig kaufen | poppersschweiz.com<\/title>\n<meta name=\"description\" content=\"Fist Fuel Poppers 24ml \u25b7 hier g\u00fcnstig online kaufen. Schneller Versand \u2713 Nur Original-Produkte \u2713 Jetzt kaufen &amp; Spa\u00df haben.\" \/>\n<meta name=\"robots\" content=\"index, follow, max-snippet:-1, max-image-preview:large, max-video-preview:-1\" \/>\n<link rel=\"canonical\" href=\"https:\/\/poppersschweiz.com\/fr\/produit\/fist-fuel-poppers-24ml\/\" \/>\n<meta property=\"og:locale\" content=\"fr_FR\" \/>\n<meta property=\"og:type\" content=\"article\" \/>\n<meta property=\"og:title\" content=\"Fist Fuel Poppers 24ml \u25b7 hier g\u00fcnstig kaufen | poppersschweiz.com\" \/>\n<meta property=\"og:description\" content=\"Fist Fuel Poppers 24ml \u25b7 hier g\u00fcnstig online kaufen. Schneller Versand \u2713 Nur Original-Produkte \u2713 Jetzt kaufen &amp; Spa\u00df haben.\" \/>\n<meta property=\"og:url\" content=\"https:\/\/poppersschweiz.com\/fr\/produit\/fist-fuel-poppers-24ml\/\" \/>\n<meta property=\"og:site_name\" content=\"poppersschweiz.com\" \/>\n<meta property=\"article:modified_time\" content=\"2025-09-15T12:07:35+00:00\" \/>\n<meta property=\"og:image\" content=\"https:\/\/poppersschweiz.com\/wp-content\/uploads\/2024\/01\/Ashampoo_Snap_Sunday-February-19-2023_10h18m59s.png\" \/>\n\t<meta property=\"og:image:width\" content=\"988\" \/>\n\t<meta property=\"og:image:height\" content=\"1138\" \/>\n\t<meta property=\"og:image:type\" content=\"image\/png\" \/>\n<meta name=\"twitter:card\" content=\"summary_large_image\" \/>\n<meta name=\"twitter:label1\" content=\"Prix\" \/>\n\t<meta name=\"twitter:data1\" content=\"&#067;&#072;&#070;&nbsp;10.90\" \/>\n\t<meta name=\"twitter:label2\" content=\"Disponibilit\u00e9\" \/>\n\t<meta name=\"twitter:data2\" content=\"En stock\" \/>\n<script type=\"application\/ld+json\" class=\"yoast-schema-graph\">{\"@context\":\"https:\/\/schema.org\",\"@graph\":[{\"@type\":\"WebPage\",\"@id\":\"https:\/\/poppersschweiz.com\/fr\/produit\/fist-fuel-poppers-24ml\/\",\"url\":\"https:\/\/poppersschweiz.com\/fr\/produit\/fist-fuel-poppers-24ml\/\",\"name\":\"Fist Fuel Poppers 24ml \u25b7 hier g\u00fcnstig kaufen | poppersschweiz.com\",\"isPartOf\":{\"@id\":\"https:\/\/poppersschweiz.com\/fr\/#website\"},\"primaryImageOfPage\":{\"@id\":\"https:\/\/poppersschweiz.com\/fr\/produit\/fist-fuel-poppers-24ml\/#primaryimage\"},\"image\":{\"@id\":\"https:\/\/poppersschweiz.com\/fr\/produit\/fist-fuel-poppers-24ml\/#primaryimage\"},\"thumbnailUrl\":\"https:\/\/poppersschweiz.com\/wp-content\/uploads\/2024\/01\/Ashampoo_Snap_Sunday-February-19-2023_10h18m59s.png\",\"datePublished\":\"2023-02-19T09:18:01+00:00\",\"dateModified\":\"2025-09-15T12:07:35+00:00\",\"description\":\"Fist Fuel Poppers 24ml \u25b7 hier g\u00fcnstig online kaufen. Schneller Versand \u2713 Nur Original-Produkte \u2713 Jetzt kaufen & Spa\u00df haben.\",\"breadcrumb\":{\"@id\":\"https:\/\/poppersschweiz.com\/fr\/produit\/fist-fuel-poppers-24ml\/#breadcrumb\"},\"inLanguage\":\"fr-FR\",\"potentialAction\":[{\"@type\":\"ReadAction\",\"target\":[\"https:\/\/poppersschweiz.com\/fr\/produit\/fist-fuel-poppers-24ml\/\"]}]},{\"@type\":\"ImageObject\",\"inLanguage\":\"fr-FR\",\"@id\":\"https:\/\/poppersschweiz.com\/fr\/produit\/fist-fuel-poppers-24ml\/#primaryimage\",\"url\":\"https:\/\/poppersschweiz.com\/wp-content\/uploads\/2024\/01\/Ashampoo_Snap_Sunday-February-19-2023_10h18m59s.png\",\"contentUrl\":\"https:\/\/poppersschweiz.com\/wp-content\/uploads\/2024\/01\/Ashampoo_Snap_Sunday-February-19-2023_10h18m59s.png\",\"width\":988,\"height\":1138},{\"@type\":\"BreadcrumbList\",\"@id\":\"https:\/\/poppersschweiz.com\/fr\/produit\/fist-fuel-poppers-24ml\/#breadcrumb\",\"itemListElement\":[{\"@type\":\"ListItem\",\"position\":1,\"name\":\"Page d'accueil\",\"item\":\"https:\/\/poppersschweiz.com\/fr\/\"},{\"@type\":\"ListItem\",\"position\":2,\"name\":\"Poppers, accessoires pour poppers et plus encore\",\"item\":\"https:\/\/poppersschweiz.com\/fr\/poppers-accessoires-pour-poppers-et-plus-encore\/\"},{\"@type\":\"ListItem\",\"position\":3,\"name\":\"Fist Fuel Poppers 24ml\"}]},{\"@type\":\"WebSite\",\"@id\":\"https:\/\/poppersschweiz.com\/fr\/#website\",\"url\":\"https:\/\/poppersschweiz.com\/fr\/\",\"name\":\"poppersschweiz.com\",\"description\":\"\",\"potentialAction\":[{\"@type\":\"SearchAction\",\"target\":{\"@type\":\"EntryPoint\",\"urlTemplate\":\"https:\/\/poppersschweiz.com\/fr\/?s={search_term_string}\"},\"query-input\":{\"@type\":\"PropertyValueSpecification\",\"valueRequired\":true,\"valueName\":\"search_term_string\"}}],\"inLanguage\":\"fr-FR\"}]}<\/script>\n<meta property=\"product:price:amount\" content=\"10.90\" \/>\n<meta property=\"product:price:currency\" content=\"CHF\" \/>\n<meta property=\"og:availability\" content=\"instock\" \/>\n<meta property=\"product:availability\" content=\"instock\" \/>\n<meta property=\"product:retailer_item_id\" content=\"FF24\" \/>\n<meta property=\"product:condition\" content=\"new\" \/>\n<!-- \/ Yoast SEO plugin. -->","yoast_head_json":{"title":"Fist Fuel Poppers 24ml \u25b7 hier g\u00fcnstig kaufen | poppersschweiz.com","description":"Fist Fuel Poppers 24ml \u25b7 hier g\u00fcnstig online kaufen. Schneller Versand \u2713 Nur Original-Produkte \u2713 Jetzt kaufen & Spa\u00df haben.","robots":{"index":"index","follow":"follow","max-snippet":"max-snippet:-1","max-image-preview":"max-image-preview:large","max-video-preview":"max-video-preview:-1"},"canonical":"https:\/\/poppersschweiz.com\/fr\/produit\/fist-fuel-poppers-24ml\/","og_locale":"fr_FR","og_type":"article","og_title":"Fist Fuel Poppers 24ml \u25b7 hier g\u00fcnstig kaufen | poppersschweiz.com","og_description":"Fist Fuel Poppers 24ml \u25b7 hier g\u00fcnstig online kaufen. Schneller Versand \u2713 Nur Original-Produkte \u2713 Jetzt kaufen & Spa\u00df haben.","og_url":"https:\/\/poppersschweiz.com\/fr\/produit\/fist-fuel-poppers-24ml\/","og_site_name":"poppersschweiz.com","article_modified_time":"2025-09-15T12:07:35+00:00","og_image":[{"width":988,"height":1138,"url":"https:\/\/poppersschweiz.com\/wp-content\/uploads\/2024\/01\/Ashampoo_Snap_Sunday-February-19-2023_10h18m59s.png","type":"image\/png"}],"twitter_card":"summary_large_image","twitter_misc":{"Prix":"&#67;&#72;&#70;&nbsp;10.90","Disponibilit\u00e9":"En stock"},"schema":{"@context":"https:\/\/schema.org","@graph":[{"@type":"WebPage","@id":"https:\/\/poppersschweiz.com\/fr\/produit\/fist-fuel-poppers-24ml\/","url":"https:\/\/poppersschweiz.com\/fr\/produit\/fist-fuel-poppers-24ml\/","name":"Fist Fuel Poppers 24ml \u25b7 hier g\u00fcnstig kaufen | poppersschweiz.com","isPartOf":{"@id":"https:\/\/poppersschweiz.com\/fr\/#website"},"primaryImageOfPage":{"@id":"https:\/\/poppersschweiz.com\/fr\/produit\/fist-fuel-poppers-24ml\/#primaryimage"},"image":{"@id":"https:\/\/poppersschweiz.com\/fr\/produit\/fist-fuel-poppers-24ml\/#primaryimage"},"thumbnailUrl":"https:\/\/poppersschweiz.com\/wp-content\/uploads\/2024\/01\/Ashampoo_Snap_Sunday-February-19-2023_10h18m59s.png","datePublished":"2023-02-19T09:18:01+00:00","dateModified":"2025-09-15T12:07:35+00:00","description":"Fist Fuel Poppers 24ml \u25b7 hier g\u00fcnstig online kaufen. Schneller Versand \u2713 Nur Original-Produkte \u2713 Jetzt kaufen & Spa\u00df haben.","breadcrumb":{"@id":"https:\/\/poppersschweiz.com\/fr\/produit\/fist-fuel-poppers-24ml\/#breadcrumb"},"inLanguage":"fr-FR","potentialAction":[{"@type":"ReadAction","target":["https:\/\/poppersschweiz.com\/fr\/produit\/fist-fuel-poppers-24ml\/"]}]},{"@type":"ImageObject","inLanguage":"fr-FR","@id":"https:\/\/poppersschweiz.com\/fr\/produit\/fist-fuel-poppers-24ml\/#primaryimage","url":"https:\/\/poppersschweiz.com\/wp-content\/uploads\/2024\/01\/Ashampoo_Snap_Sunday-February-19-2023_10h18m59s.png","contentUrl":"https:\/\/poppersschweiz.com\/wp-content\/uploads\/2024\/01\/Ashampoo_Snap_Sunday-February-19-2023_10h18m59s.png","width":988,"height":1138},{"@type":"BreadcrumbList","@id":"https:\/\/poppersschweiz.com\/fr\/produit\/fist-fuel-poppers-24ml\/#breadcrumb","itemListElement":[{"@type":"ListItem","position":1,"name":"Page d'accueil","item":"https:\/\/poppersschweiz.com\/fr\/"},{"@type":"ListItem","position":2,"name":"Poppers, accessoires pour poppers et plus encore","item":"https:\/\/poppersschweiz.com\/fr\/poppers-accessoires-pour-poppers-et-plus-encore\/"},{"@type":"ListItem","position":3,"name":"Fist Fuel Poppers 24ml"}]},{"@type":"WebSite","@id":"https:\/\/poppersschweiz.com\/fr\/#website","url":"https:\/\/poppersschweiz.com\/fr\/","name":"poppersschweiz.com","description":"","potentialAction":[{"@type":"SearchAction","target":{"@type":"EntryPoint","urlTemplate":"https:\/\/poppersschweiz.com\/fr\/?s={search_term_string}"},"query-input":{"@type":"PropertyValueSpecification","valueRequired":true,"valueName":"search_term_string"}}],"inLanguage":"fr-FR"}]},"product_price_amount":"10.90","product_price_currency":"CHF","og_availability":"instock","product_availability":"instock","product_retailer_item_id":"FF24","product_condition":"new"},"_links":{"self":[{"href":"https:\/\/poppersschweiz.com\/fr\/wp-json\/wp\/v2\/product\/20625","targetHints":{"allow":["GET"]}}],"collection":[{"href":"https:\/\/poppersschweiz.com\/fr\/wp-json\/wp\/v2\/product"}],"about":[{"href":"https:\/\/poppersschweiz.com\/fr\/wp-json\/wp\/v2\/types\/product"}],"replies":[{"embeddable":true,"href":"https:\/\/poppersschweiz.com\/fr\/wp-json\/wp\/v2\/comments?post=20625"}],"wp:featuredmedia":[{"embeddable":true,"href":"https:\/\/poppersschweiz.com\/fr\/wp-json\/wp\/v2\/media\/20626"}],"wp:attachment":[{"href":"https:\/\/poppersschweiz.com\/fr\/wp-json\/wp\/v2\/media?parent=20625"}],"wp:term":[{"taxonomy":"product_brand","embeddable":true,"href":"https:\/\/poppersschweiz.com\/fr\/wp-json\/wp\/v2\/product_brand?post=20625"},{"taxonomy":"product_cat","embeddable":true,"href":"https:\/\/poppersschweiz.com\/fr\/wp-json\/wp\/v2\/product_cat?post=20625"},{"taxonomy":"product_tag","embeddable":true,"href":"https:\/\/poppersschweiz.com\/fr\/wp-json\/wp\/v2\/product_tag?post=20625"}],"curies":[{"name":"wp","href":"https:\/\/api.w.org\/{rel}","templated":true}]}}