{"id":20628,"date":"2023-02-19T10:04:01","date_gmt":"2023-02-19T09:04:01","guid":{"rendered":"https:\/\/poppersschweiz.com\/product\/rush-fire-poppers-10ml\/"},"modified":"2025-09-04T03:15:37","modified_gmt":"2025-09-04T01:15:37","slug":"rush-fire-poppers-10ml","status":"publish","type":"product","link":"https:\/\/poppersschweiz.com\/fr\/produit\/rush-fire-poppers-10ml\/","title":{"rendered":"Rush Fire Poppers 10ml"},"content":{"rendered":"<p><span style=\"font-weight: 400;\">Rush Fire Poppers 10ml est bas\u00e9 sur le nitrite de pentyle original. Il semble plus fort que le Rush Original, mais il n&rsquo;est pas aussi fort que le Rush Ultra Strong. La marque Rush est la marque de poppers la plus vendue au monde. R\u00e9veille toi aussi le feu en toi avec le Rush Fire Poppers 10ml longue dur\u00e9e et vis des moments intenses, puissants et enflamm\u00e9s.<\/span><\/p>\n","protected":false},"excerpt":{"rendered":"<p>Ingr\u00e9dient : nitrite de pentyle &#8211; vente \u00e0 partir de 18 ans &#8211; non destin\u00e9 \u00e0 la consommation humaine<\/p>\n","protected":false},"featured_media":20631,"comment_status":"open","ping_status":"closed","template":"","meta":{"_acf_changed":false,"_glsr_average":0,"_glsr_ranking":0,"_glsr_reviews":0},"product_brand":[],"product_cat":[532,530,541],"product_tag":[],"class_list":{"0":"post-20628","1":"product","2":"type-product","3":"status-publish","4":"has-post-thumbnail","6":"product_cat-petites-bouteilles-de-poppers","7":"product_cat-poppers-suisse","8":"product_cat-rush-poppers-fr","10":"first","11":"instock","12":"taxable","13":"shipping-taxable","14":"purchasable","15":"product-type-simple"},"bundled_by":[],"bundle_stock_status":"instock","bundle_stock_quantity":null,"bundle_virtual":false,"bundle_layout":"","bundle_add_to_cart_form_location":"","bundle_editable_in_cart":false,"bundle_sold_individually_context":"","bundle_item_grouping":"","bundle_min_size":"","bundle_max_size":"","bundled_items":[],"bundle_sell_ids":[],"acf":[],"yoast_head":"<!-- This site is optimized with the Yoast SEO plugin v27.4 - https:\/\/yoast.com\/product\/yoast-seo-wordpress\/ -->\n<title>Rush Fire Poppers 10ml \u25b7 hier g\u00fcnstig kaufen | poppersschweiz.com<\/title>\n<meta name=\"description\" content=\"Rush Fire Poppers 10ml \u25b7 hier g\u00fcnstig online kaufen. Schneller Versand \u2713 Nur Original-Produkte \u2713 Jetzt kaufen &amp; Spa\u00df haben.\" \/>\n<meta name=\"robots\" content=\"index, follow, max-snippet:-1, max-image-preview:large, max-video-preview:-1\" \/>\n<link rel=\"canonical\" href=\"https:\/\/poppersschweiz.com\/fr\/produit\/rush-fire-poppers-10ml\/\" \/>\n<meta property=\"og:locale\" content=\"fr_FR\" \/>\n<meta property=\"og:type\" content=\"article\" \/>\n<meta property=\"og:title\" content=\"Rush Fire Poppers 10ml \u25b7 hier g\u00fcnstig kaufen | poppersschweiz.com\" \/>\n<meta property=\"og:description\" content=\"Rush Fire Poppers 10ml \u25b7 hier g\u00fcnstig online kaufen. Schneller Versand \u2713 Nur Original-Produkte \u2713 Jetzt kaufen &amp; Spa\u00df haben.\" \/>\n<meta property=\"og:url\" content=\"https:\/\/poppersschweiz.com\/fr\/produit\/rush-fire-poppers-10ml\/\" \/>\n<meta property=\"og:site_name\" content=\"poppersschweiz.com\" \/>\n<meta property=\"article:modified_time\" content=\"2025-09-04T01:15:37+00:00\" \/>\n<meta property=\"og:image\" content=\"https:\/\/poppersschweiz.com\/wp-content\/uploads\/2024\/01\/rush_fire_poppers_10ml_front.png\" \/>\n\t<meta property=\"og:image:width\" content=\"1004\" \/>\n\t<meta property=\"og:image:height\" content=\"1140\" \/>\n\t<meta property=\"og:image:type\" content=\"image\/png\" \/>\n<meta name=\"twitter:card\" content=\"summary_large_image\" \/>\n<meta name=\"twitter:label1\" content=\"Prix\" \/>\n\t<meta name=\"twitter:data1\" content=\"&#067;&#072;&#070;&nbsp;8.90\" \/>\n\t<meta name=\"twitter:label2\" content=\"Disponibilit\u00e9\" \/>\n\t<meta name=\"twitter:data2\" content=\"En stock\" \/>\n<script type=\"application\/ld+json\" class=\"yoast-schema-graph\">{\"@context\":\"https:\\\/\\\/schema.org\",\"@graph\":[{\"@type\":\"WebPage\",\"@id\":\"https:\\\/\\\/poppersschweiz.com\\\/fr\\\/produit\\\/rush-fire-poppers-10ml\\\/\",\"url\":\"https:\\\/\\\/poppersschweiz.com\\\/fr\\\/produit\\\/rush-fire-poppers-10ml\\\/\",\"name\":\"Rush Fire Poppers 10ml \u25b7 hier g\u00fcnstig kaufen | poppersschweiz.com\",\"isPartOf\":{\"@id\":\"https:\\\/\\\/poppersschweiz.com\\\/fr\\\/#website\"},\"primaryImageOfPage\":{\"@id\":\"https:\\\/\\\/poppersschweiz.com\\\/fr\\\/produit\\\/rush-fire-poppers-10ml\\\/#primaryimage\"},\"image\":{\"@id\":\"https:\\\/\\\/poppersschweiz.com\\\/fr\\\/produit\\\/rush-fire-poppers-10ml\\\/#primaryimage\"},\"thumbnailUrl\":\"https:\\\/\\\/poppersschweiz.com\\\/wp-content\\\/uploads\\\/2024\\\/01\\\/rush_fire_poppers_10ml_front.png\",\"datePublished\":\"2023-02-19T09:04:01+00:00\",\"dateModified\":\"2025-09-04T01:15:37+00:00\",\"description\":\"Rush Fire Poppers 10ml \u25b7 hier g\u00fcnstig online kaufen. Schneller Versand \u2713 Nur Original-Produkte \u2713 Jetzt kaufen & Spa\u00df haben.\",\"breadcrumb\":{\"@id\":\"https:\\\/\\\/poppersschweiz.com\\\/fr\\\/produit\\\/rush-fire-poppers-10ml\\\/#breadcrumb\"},\"inLanguage\":\"fr-FR\",\"potentialAction\":[{\"@type\":\"ReadAction\",\"target\":[\"https:\\\/\\\/poppersschweiz.com\\\/fr\\\/produit\\\/rush-fire-poppers-10ml\\\/\"]}]},{\"@type\":\"ImageObject\",\"inLanguage\":\"fr-FR\",\"@id\":\"https:\\\/\\\/poppersschweiz.com\\\/fr\\\/produit\\\/rush-fire-poppers-10ml\\\/#primaryimage\",\"url\":\"https:\\\/\\\/poppersschweiz.com\\\/wp-content\\\/uploads\\\/2024\\\/01\\\/rush_fire_poppers_10ml_front.png\",\"contentUrl\":\"https:\\\/\\\/poppersschweiz.com\\\/wp-content\\\/uploads\\\/2024\\\/01\\\/rush_fire_poppers_10ml_front.png\",\"width\":1004,\"height\":1140},{\"@type\":\"BreadcrumbList\",\"@id\":\"https:\\\/\\\/poppersschweiz.com\\\/fr\\\/produit\\\/rush-fire-poppers-10ml\\\/#breadcrumb\",\"itemListElement\":[{\"@type\":\"ListItem\",\"position\":1,\"name\":\"Page d'accueil\",\"item\":\"https:\\\/\\\/poppersschweiz.com\\\/fr\\\/\"},{\"@type\":\"ListItem\",\"position\":2,\"name\":\"Poppers, accessoires pour poppers et plus encore\",\"item\":\"https:\\\/\\\/poppersschweiz.com\\\/fr\\\/poppers-accessoires-pour-poppers-et-plus-encore\\\/\"},{\"@type\":\"ListItem\",\"position\":3,\"name\":\"Rush Fire Poppers 10ml\"}]},{\"@type\":\"WebSite\",\"@id\":\"https:\\\/\\\/poppersschweiz.com\\\/fr\\\/#website\",\"url\":\"https:\\\/\\\/poppersschweiz.com\\\/fr\\\/\",\"name\":\"poppersschweiz.com\",\"description\":\"\",\"potentialAction\":[{\"@type\":\"SearchAction\",\"target\":{\"@type\":\"EntryPoint\",\"urlTemplate\":\"https:\\\/\\\/poppersschweiz.com\\\/fr\\\/?s={search_term_string}\"},\"query-input\":{\"@type\":\"PropertyValueSpecification\",\"valueRequired\":true,\"valueName\":\"search_term_string\"}}],\"inLanguage\":\"fr-FR\"}]}<\/script>\n<meta property=\"product:price:amount\" content=\"8.90\" \/>\n<meta property=\"product:price:currency\" content=\"CHF\" \/>\n<meta property=\"og:availability\" content=\"instock\" \/>\n<meta property=\"product:availability\" content=\"instock\" \/>\n<meta property=\"product:retailer_item_id\" content=\"RFI10\" \/>\n<meta property=\"product:condition\" content=\"new\" \/>\n<!-- \/ Yoast SEO plugin. -->","yoast_head_json":{"title":"Rush Fire Poppers 10ml \u25b7 hier g\u00fcnstig kaufen | poppersschweiz.com","description":"Rush Fire Poppers 10ml \u25b7 hier g\u00fcnstig online kaufen. Schneller Versand \u2713 Nur Original-Produkte \u2713 Jetzt kaufen & Spa\u00df haben.","robots":{"index":"index","follow":"follow","max-snippet":"max-snippet:-1","max-image-preview":"max-image-preview:large","max-video-preview":"max-video-preview:-1"},"canonical":"https:\/\/poppersschweiz.com\/fr\/produit\/rush-fire-poppers-10ml\/","og_locale":"fr_FR","og_type":"article","og_title":"Rush Fire Poppers 10ml \u25b7 hier g\u00fcnstig kaufen | poppersschweiz.com","og_description":"Rush Fire Poppers 10ml \u25b7 hier g\u00fcnstig online kaufen. Schneller Versand \u2713 Nur Original-Produkte \u2713 Jetzt kaufen & Spa\u00df haben.","og_url":"https:\/\/poppersschweiz.com\/fr\/produit\/rush-fire-poppers-10ml\/","og_site_name":"poppersschweiz.com","article_modified_time":"2025-09-04T01:15:37+00:00","og_image":[{"width":1004,"height":1140,"url":"https:\/\/poppersschweiz.com\/wp-content\/uploads\/2024\/01\/rush_fire_poppers_10ml_front.png","type":"image\/png"}],"twitter_card":"summary_large_image","twitter_misc":{"Prix":"&#67;&#72;&#70;&nbsp;8.90","Disponibilit\u00e9":"En stock"},"schema":{"@context":"https:\/\/schema.org","@graph":[{"@type":"WebPage","@id":"https:\/\/poppersschweiz.com\/fr\/produit\/rush-fire-poppers-10ml\/","url":"https:\/\/poppersschweiz.com\/fr\/produit\/rush-fire-poppers-10ml\/","name":"Rush Fire Poppers 10ml \u25b7 hier g\u00fcnstig kaufen | poppersschweiz.com","isPartOf":{"@id":"https:\/\/poppersschweiz.com\/fr\/#website"},"primaryImageOfPage":{"@id":"https:\/\/poppersschweiz.com\/fr\/produit\/rush-fire-poppers-10ml\/#primaryimage"},"image":{"@id":"https:\/\/poppersschweiz.com\/fr\/produit\/rush-fire-poppers-10ml\/#primaryimage"},"thumbnailUrl":"https:\/\/poppersschweiz.com\/wp-content\/uploads\/2024\/01\/rush_fire_poppers_10ml_front.png","datePublished":"2023-02-19T09:04:01+00:00","dateModified":"2025-09-04T01:15:37+00:00","description":"Rush Fire Poppers 10ml \u25b7 hier g\u00fcnstig online kaufen. Schneller Versand \u2713 Nur Original-Produkte \u2713 Jetzt kaufen & Spa\u00df haben.","breadcrumb":{"@id":"https:\/\/poppersschweiz.com\/fr\/produit\/rush-fire-poppers-10ml\/#breadcrumb"},"inLanguage":"fr-FR","potentialAction":[{"@type":"ReadAction","target":["https:\/\/poppersschweiz.com\/fr\/produit\/rush-fire-poppers-10ml\/"]}]},{"@type":"ImageObject","inLanguage":"fr-FR","@id":"https:\/\/poppersschweiz.com\/fr\/produit\/rush-fire-poppers-10ml\/#primaryimage","url":"https:\/\/poppersschweiz.com\/wp-content\/uploads\/2024\/01\/rush_fire_poppers_10ml_front.png","contentUrl":"https:\/\/poppersschweiz.com\/wp-content\/uploads\/2024\/01\/rush_fire_poppers_10ml_front.png","width":1004,"height":1140},{"@type":"BreadcrumbList","@id":"https:\/\/poppersschweiz.com\/fr\/produit\/rush-fire-poppers-10ml\/#breadcrumb","itemListElement":[{"@type":"ListItem","position":1,"name":"Page d'accueil","item":"https:\/\/poppersschweiz.com\/fr\/"},{"@type":"ListItem","position":2,"name":"Poppers, accessoires pour poppers et plus encore","item":"https:\/\/poppersschweiz.com\/fr\/poppers-accessoires-pour-poppers-et-plus-encore\/"},{"@type":"ListItem","position":3,"name":"Rush Fire Poppers 10ml"}]},{"@type":"WebSite","@id":"https:\/\/poppersschweiz.com\/fr\/#website","url":"https:\/\/poppersschweiz.com\/fr\/","name":"poppersschweiz.com","description":"","potentialAction":[{"@type":"SearchAction","target":{"@type":"EntryPoint","urlTemplate":"https:\/\/poppersschweiz.com\/fr\/?s={search_term_string}"},"query-input":{"@type":"PropertyValueSpecification","valueRequired":true,"valueName":"search_term_string"}}],"inLanguage":"fr-FR"}]},"product_price_amount":"8.90","product_price_currency":"CHF","og_availability":"instock","product_availability":"instock","product_retailer_item_id":"RFI10","product_condition":"new"},"_links":{"self":[{"href":"https:\/\/poppersschweiz.com\/fr\/wp-json\/wp\/v2\/product\/20628","targetHints":{"allow":["GET"]}}],"collection":[{"href":"https:\/\/poppersschweiz.com\/fr\/wp-json\/wp\/v2\/product"}],"about":[{"href":"https:\/\/poppersschweiz.com\/fr\/wp-json\/wp\/v2\/types\/product"}],"replies":[{"embeddable":true,"href":"https:\/\/poppersschweiz.com\/fr\/wp-json\/wp\/v2\/comments?post=20628"}],"wp:featuredmedia":[{"embeddable":true,"href":"https:\/\/poppersschweiz.com\/fr\/wp-json\/wp\/v2\/media\/20631"}],"wp:attachment":[{"href":"https:\/\/poppersschweiz.com\/fr\/wp-json\/wp\/v2\/media?parent=20628"}],"wp:term":[{"taxonomy":"product_brand","embeddable":true,"href":"https:\/\/poppersschweiz.com\/fr\/wp-json\/wp\/v2\/product_brand?post=20628"},{"taxonomy":"product_cat","embeddable":true,"href":"https:\/\/poppersschweiz.com\/fr\/wp-json\/wp\/v2\/product_cat?post=20628"},{"taxonomy":"product_tag","embeddable":true,"href":"https:\/\/poppersschweiz.com\/fr\/wp-json\/wp\/v2\/product_tag?post=20628"}],"curies":[{"name":"wp","href":"https:\/\/api.w.org\/{rel}","templated":true}]}}