{"id":20780,"date":"2023-02-25T10:54:41","date_gmt":"2023-02-25T09:54:41","guid":{"rendered":"https:\/\/poppersschweiz.com\/product\/banger-station-xtrm-large-round-poppers-bottle\/"},"modified":"2023-02-25T10:54:41","modified_gmt":"2023-02-25T09:54:41","slug":"banger-station-xtrm-large-round-poppers-bottle","status":"publish","type":"product","link":"https:\/\/poppersschweiz.com\/fr\/produit\/banger-station-xtrm-large-round-poppers-bottle\/","title":{"rendered":"Banger Station XTRM &#8211; Large Round Poppers Bottle"},"content":{"rendered":"<p>La Banger Station de XTRM fait passer le confort de la consommation de poppers \u00e0 un niveau sup\u00e9rieur. Avec cette invention innovante, tu \u00e9tonneras d\u00e9finitivement tes amis. Gr\u00e2ce \u00e0 la Banger Station, personne ne cherche la bouteille de poppers apr\u00e8s que les choses se soient emball\u00e9es et que tu aies voulu tirer une nouvelle fois sur le poppers. Dans toutes les positions imaginables, toi et ton (tes) partenaire(s) avez acc\u00e8s au poppers gr\u00e2ce au tuyau d&rsquo;un m\u00e8tre de long, tandis que le biberon reste bien en place dans la station. Le double sniffer (12 cm) fix\u00e9 au tuyau est tr\u00e8s confortable dans la main. La station dispose de picots sur sa face inf\u00e9rieure pour qu&rsquo;elle soit antid\u00e9rapante. Si tu veux jouer la carte de la s\u00e9curit\u00e9, tu peux m\u00eame visser la station de mani\u00e8re fixe gr\u00e2ce aux trous de vis pr\u00e9vus \u00e0 cet effet.<\/p>\n<p>Voici comment commencer : tu ouvres le bouchon de la bouteille de poppers et tu places la bouteille dans la Banger Station. Maintenant, tu visses l&#8217;embout de la bouteille sur la bouteille et tu ins\u00e8res le tuyau fourni sur l&#8217;embout. Pour finir, il te suffit de tourner la molette de l&#8217;embout et c&rsquo;est parti. Apr\u00e8s la session, tu devrais refermer la molette. Si tu n&rsquo;utilises pas la Banger Station pendant plus de 24 heures, nous te recommandons de retirer le flacon de poppers de la station et de le fermer avec le bouchon du fabricant.<\/p>\n<p><strong>Accessoire 1<\/strong>: tu peux acheter des inserts individuels rouges pour les trois autres formes de bouteilles de poppers, afin que toutes tes bouteilles de poppers s&rsquo;adaptent parfaitement \u00e0 la Banger Station.<\/p>\n<p><strong>Accessoire 2<\/strong>: tu peux monter un deuxi\u00e8me tuyau sur la Banger Station. Tu peux l&rsquo;acheter s\u00e9par\u00e9ment comme accessoire. Tant que le deuxi\u00e8me tuyau n&rsquo;est pas branch\u00e9 sur la station, le raccord reste \u00e9tanche gr\u00e2ce \u00e0 un capuchon d&rsquo;\u00e9tanch\u00e9it\u00e9.<\/p>\n<p><strong>Contenu de la livraison<\/strong>: Banger Station, insert rouge pour la taille de bouteille choisie, embout de bouteille avec deux raccords, capuchon d&rsquo;\u00e9tanch\u00e9it\u00e9 pour le deuxi\u00e8me raccord, tuyau (1m) avec le double sniffer fix\u00e9.<\/p>\n<p>&nbsp;<\/p>\n<p>La Banger Station de XTRM a sa place, \u00e0 notre avis, dans chaque chambre \u00e0 coucher, chaque salle de jeux et chaque cave \u00e0 f\u00e9tiches. Plus jamais de bouteilles de poppers qui fuient ou qui se renversent ! Le confort \u00e0 l&rsquo;\u00e9tat pur.<\/p>\n<p>&nbsp;<\/p>\n<p><strong>Tailles des bouteilles<\/strong><\/p>\n<p>Small Poppers : toutes les bouteilles rondes de 10ml<br \/>\n-Large Round Poppers : toutes les bouteilles rondes de 30ml de Lockerroom<br \/>\n-Oval Poppers : toutes les bouteilles ovales de Shelbora 24\/25\/30ml<br \/>\n-Large Square Poppers : toutes les bouteilles carr\u00e9es de Lockerroom 25ml (Retro Line)<\/p>\n<p><iframe loading=\"lazy\" title=\"How to use the XTRM Banger Station\" width=\"1130\" height=\"636\" src=\"https:\/\/www.youtube.com\/embed\/srsSB6PNJTU?feature=oembed\" frameborder=\"0\" allow=\"accelerometer; autoplay; clipboard-write; encrypted-media; gyroscope; picture-in-picture; web-share\" referrerpolicy=\"strict-origin-when-cross-origin\" allowfullscreen><\/iframe><\/p>\n","protected":false},"excerpt":{"rendered":"<p>Pour un coup de pouce suppl\u00e9mentaire<\/p>\n","protected":false},"featured_media":20783,"comment_status":"open","ping_status":"closed","template":"","meta":{"_acf_changed":false,"_glsr_average":0,"_glsr_ranking":0,"_glsr_reviews":0},"product_brand":[],"product_cat":[533,530],"product_tag":[],"class_list":{"0":"post-20780","1":"product","2":"type-product","3":"status-publish","4":"has-post-thumbnail","6":"product_cat-accessoires-poppers","7":"product_cat-poppers-suisse","9":"first","10":"instock","11":"taxable","12":"shipping-taxable","13":"purchasable","14":"product-type-simple"},"bundled_by":[],"bundle_stock_status":"instock","bundle_stock_quantity":null,"bundle_virtual":false,"bundle_layout":"","bundle_add_to_cart_form_location":"","bundle_editable_in_cart":false,"bundle_sold_individually_context":"","bundle_item_grouping":"","bundle_min_size":"","bundle_max_size":"","bundled_items":[],"bundle_sell_ids":[],"acf":[],"yoast_head":"<!-- This site is optimized with the Yoast SEO plugin v27.2 - https:\/\/yoast.com\/product\/yoast-seo-wordpress\/ -->\n<title>Banger Station XTRM - Large Round Poppers Bottle \u25b7 hier g\u00fcnstig kaufen | poppersschweiz.com<\/title>\n<meta name=\"description\" content=\"Banger Station XTRM - Large Round Poppers Bottle \u25b7 hier g\u00fcnstig online kaufen. Schneller Versand \u2713 Nur Original-Produkte \u2713 Jetzt kaufen &amp; Spa\u00df haben.\" \/>\n<meta name=\"robots\" content=\"index, follow, max-snippet:-1, max-image-preview:large, max-video-preview:-1\" \/>\n<link rel=\"canonical\" href=\"https:\/\/poppersschweiz.com\/fr\/produit\/banger-station-xtrm-large-round-poppers-bottle\/\" \/>\n<meta property=\"og:locale\" content=\"fr_FR\" \/>\n<meta property=\"og:type\" content=\"article\" \/>\n<meta property=\"og:title\" content=\"Banger Station XTRM - Large Round Poppers Bottle \u25b7 hier g\u00fcnstig kaufen | poppersschweiz.com\" \/>\n<meta property=\"og:description\" content=\"Banger Station XTRM - Large Round Poppers Bottle \u25b7 hier g\u00fcnstig online kaufen. Schneller Versand \u2713 Nur Original-Produkte \u2713 Jetzt kaufen &amp; Spa\u00df haben.\" \/>\n<meta property=\"og:url\" content=\"https:\/\/poppersschweiz.com\/fr\/produit\/banger-station-xtrm-large-round-poppers-bottle\/\" \/>\n<meta property=\"og:site_name\" content=\"poppersschweiz.com\" \/>\n<meta property=\"og:image\" content=\"https:\/\/poppersschweiz.com\/wp-content\/uploads\/2024\/01\/Ashampoo_Snap_Saturday-February-25-2023_10h56m44s.png\" \/>\n\t<meta property=\"og:image:width\" content=\"827\" \/>\n\t<meta property=\"og:image:height\" content=\"845\" \/>\n\t<meta property=\"og:image:type\" content=\"image\/png\" \/>\n<meta name=\"twitter:card\" content=\"summary_large_image\" \/>\n<meta name=\"twitter:label1\" content=\"Prix\" \/>\n\t<meta name=\"twitter:data1\" content=\"&#067;&#072;&#070;&nbsp;87.90\" \/>\n\t<meta name=\"twitter:label2\" content=\"Disponibilit\u00e9\" \/>\n\t<meta name=\"twitter:data2\" content=\"En stock\" \/>\n<script type=\"application\/ld+json\" class=\"yoast-schema-graph\">{\"@context\":\"https:\/\/schema.org\",\"@graph\":[{\"@type\":\"WebPage\",\"@id\":\"https:\/\/poppersschweiz.com\/fr\/produit\/banger-station-xtrm-large-round-poppers-bottle\/\",\"url\":\"https:\/\/poppersschweiz.com\/fr\/produit\/banger-station-xtrm-large-round-poppers-bottle\/\",\"name\":\"Banger Station XTRM - Large Round Poppers Bottle \u25b7 hier g\u00fcnstig kaufen | poppersschweiz.com\",\"isPartOf\":{\"@id\":\"https:\/\/poppersschweiz.com\/fr\/#website\"},\"primaryImageOfPage\":{\"@id\":\"https:\/\/poppersschweiz.com\/fr\/produit\/banger-station-xtrm-large-round-poppers-bottle\/#primaryimage\"},\"image\":{\"@id\":\"https:\/\/poppersschweiz.com\/fr\/produit\/banger-station-xtrm-large-round-poppers-bottle\/#primaryimage\"},\"thumbnailUrl\":\"https:\/\/poppersschweiz.com\/wp-content\/uploads\/2024\/01\/Ashampoo_Snap_Saturday-February-25-2023_10h56m44s.png\",\"datePublished\":\"2023-02-25T09:54:41+00:00\",\"description\":\"Banger Station XTRM - Large Round Poppers Bottle \u25b7 hier g\u00fcnstig online kaufen. Schneller Versand \u2713 Nur Original-Produkte \u2713 Jetzt kaufen & Spa\u00df haben.\",\"breadcrumb\":{\"@id\":\"https:\/\/poppersschweiz.com\/fr\/produit\/banger-station-xtrm-large-round-poppers-bottle\/#breadcrumb\"},\"inLanguage\":\"fr-FR\",\"potentialAction\":[{\"@type\":\"ReadAction\",\"target\":[\"https:\/\/poppersschweiz.com\/fr\/produit\/banger-station-xtrm-large-round-poppers-bottle\/\"]}]},{\"@type\":\"ImageObject\",\"inLanguage\":\"fr-FR\",\"@id\":\"https:\/\/poppersschweiz.com\/fr\/produit\/banger-station-xtrm-large-round-poppers-bottle\/#primaryimage\",\"url\":\"https:\/\/poppersschweiz.com\/wp-content\/uploads\/2024\/01\/Ashampoo_Snap_Saturday-February-25-2023_10h56m44s.png\",\"contentUrl\":\"https:\/\/poppersschweiz.com\/wp-content\/uploads\/2024\/01\/Ashampoo_Snap_Saturday-February-25-2023_10h56m44s.png\",\"width\":827,\"height\":845},{\"@type\":\"BreadcrumbList\",\"@id\":\"https:\/\/poppersschweiz.com\/fr\/produit\/banger-station-xtrm-large-round-poppers-bottle\/#breadcrumb\",\"itemListElement\":[{\"@type\":\"ListItem\",\"position\":1,\"name\":\"Page d'accueil\",\"item\":\"https:\/\/poppersschweiz.com\/fr\/\"},{\"@type\":\"ListItem\",\"position\":2,\"name\":\"Poppers, accessoires pour poppers et plus encore\",\"item\":\"https:\/\/poppersschweiz.com\/fr\/poppers-accessoires-pour-poppers-et-plus-encore\/\"},{\"@type\":\"ListItem\",\"position\":3,\"name\":\"Banger Station XTRM &#8211; Large Round Poppers Bottle\"}]},{\"@type\":\"WebSite\",\"@id\":\"https:\/\/poppersschweiz.com\/fr\/#website\",\"url\":\"https:\/\/poppersschweiz.com\/fr\/\",\"name\":\"poppersschweiz.com\",\"description\":\"\",\"potentialAction\":[{\"@type\":\"SearchAction\",\"target\":{\"@type\":\"EntryPoint\",\"urlTemplate\":\"https:\/\/poppersschweiz.com\/fr\/?s={search_term_string}\"},\"query-input\":{\"@type\":\"PropertyValueSpecification\",\"valueRequired\":true,\"valueName\":\"search_term_string\"}}],\"inLanguage\":\"fr-FR\"}]}<\/script>\n<meta property=\"product:price:amount\" content=\"87.90\" \/>\n<meta property=\"product:price:currency\" content=\"CHF\" \/>\n<meta property=\"og:availability\" content=\"instock\" \/>\n<meta property=\"product:availability\" content=\"instock\" \/>\n<meta property=\"product:retailer_item_id\" content=\"XTRM-BS-R30\" \/>\n<meta property=\"product:condition\" content=\"new\" \/>\n<!-- \/ Yoast SEO plugin. -->","yoast_head_json":{"title":"Banger Station XTRM - Large Round Poppers Bottle \u25b7 hier g\u00fcnstig kaufen | poppersschweiz.com","description":"Banger Station XTRM - Large Round Poppers Bottle \u25b7 hier g\u00fcnstig online kaufen. Schneller Versand \u2713 Nur Original-Produkte \u2713 Jetzt kaufen & Spa\u00df haben.","robots":{"index":"index","follow":"follow","max-snippet":"max-snippet:-1","max-image-preview":"max-image-preview:large","max-video-preview":"max-video-preview:-1"},"canonical":"https:\/\/poppersschweiz.com\/fr\/produit\/banger-station-xtrm-large-round-poppers-bottle\/","og_locale":"fr_FR","og_type":"article","og_title":"Banger Station XTRM - Large Round Poppers Bottle \u25b7 hier g\u00fcnstig kaufen | poppersschweiz.com","og_description":"Banger Station XTRM - Large Round Poppers Bottle \u25b7 hier g\u00fcnstig online kaufen. Schneller Versand \u2713 Nur Original-Produkte \u2713 Jetzt kaufen & Spa\u00df haben.","og_url":"https:\/\/poppersschweiz.com\/fr\/produit\/banger-station-xtrm-large-round-poppers-bottle\/","og_site_name":"poppersschweiz.com","og_image":[{"width":827,"height":845,"url":"https:\/\/poppersschweiz.com\/wp-content\/uploads\/2024\/01\/Ashampoo_Snap_Saturday-February-25-2023_10h56m44s.png","type":"image\/png"}],"twitter_card":"summary_large_image","twitter_misc":{"Prix":"&#67;&#72;&#70;&nbsp;87.90","Disponibilit\u00e9":"En stock"},"schema":{"@context":"https:\/\/schema.org","@graph":[{"@type":"WebPage","@id":"https:\/\/poppersschweiz.com\/fr\/produit\/banger-station-xtrm-large-round-poppers-bottle\/","url":"https:\/\/poppersschweiz.com\/fr\/produit\/banger-station-xtrm-large-round-poppers-bottle\/","name":"Banger Station XTRM - Large Round Poppers Bottle \u25b7 hier g\u00fcnstig kaufen | poppersschweiz.com","isPartOf":{"@id":"https:\/\/poppersschweiz.com\/fr\/#website"},"primaryImageOfPage":{"@id":"https:\/\/poppersschweiz.com\/fr\/produit\/banger-station-xtrm-large-round-poppers-bottle\/#primaryimage"},"image":{"@id":"https:\/\/poppersschweiz.com\/fr\/produit\/banger-station-xtrm-large-round-poppers-bottle\/#primaryimage"},"thumbnailUrl":"https:\/\/poppersschweiz.com\/wp-content\/uploads\/2024\/01\/Ashampoo_Snap_Saturday-February-25-2023_10h56m44s.png","datePublished":"2023-02-25T09:54:41+00:00","description":"Banger Station XTRM - Large Round Poppers Bottle \u25b7 hier g\u00fcnstig online kaufen. Schneller Versand \u2713 Nur Original-Produkte \u2713 Jetzt kaufen & Spa\u00df haben.","breadcrumb":{"@id":"https:\/\/poppersschweiz.com\/fr\/produit\/banger-station-xtrm-large-round-poppers-bottle\/#breadcrumb"},"inLanguage":"fr-FR","potentialAction":[{"@type":"ReadAction","target":["https:\/\/poppersschweiz.com\/fr\/produit\/banger-station-xtrm-large-round-poppers-bottle\/"]}]},{"@type":"ImageObject","inLanguage":"fr-FR","@id":"https:\/\/poppersschweiz.com\/fr\/produit\/banger-station-xtrm-large-round-poppers-bottle\/#primaryimage","url":"https:\/\/poppersschweiz.com\/wp-content\/uploads\/2024\/01\/Ashampoo_Snap_Saturday-February-25-2023_10h56m44s.png","contentUrl":"https:\/\/poppersschweiz.com\/wp-content\/uploads\/2024\/01\/Ashampoo_Snap_Saturday-February-25-2023_10h56m44s.png","width":827,"height":845},{"@type":"BreadcrumbList","@id":"https:\/\/poppersschweiz.com\/fr\/produit\/banger-station-xtrm-large-round-poppers-bottle\/#breadcrumb","itemListElement":[{"@type":"ListItem","position":1,"name":"Page d'accueil","item":"https:\/\/poppersschweiz.com\/fr\/"},{"@type":"ListItem","position":2,"name":"Poppers, accessoires pour poppers et plus encore","item":"https:\/\/poppersschweiz.com\/fr\/poppers-accessoires-pour-poppers-et-plus-encore\/"},{"@type":"ListItem","position":3,"name":"Banger Station XTRM &#8211; Large Round Poppers Bottle"}]},{"@type":"WebSite","@id":"https:\/\/poppersschweiz.com\/fr\/#website","url":"https:\/\/poppersschweiz.com\/fr\/","name":"poppersschweiz.com","description":"","potentialAction":[{"@type":"SearchAction","target":{"@type":"EntryPoint","urlTemplate":"https:\/\/poppersschweiz.com\/fr\/?s={search_term_string}"},"query-input":{"@type":"PropertyValueSpecification","valueRequired":true,"valueName":"search_term_string"}}],"inLanguage":"fr-FR"}]},"product_price_amount":"87.90","product_price_currency":"CHF","og_availability":"instock","product_availability":"instock","product_retailer_item_id":"XTRM-BS-R30","product_condition":"new"},"_links":{"self":[{"href":"https:\/\/poppersschweiz.com\/fr\/wp-json\/wp\/v2\/product\/20780","targetHints":{"allow":["GET"]}}],"collection":[{"href":"https:\/\/poppersschweiz.com\/fr\/wp-json\/wp\/v2\/product"}],"about":[{"href":"https:\/\/poppersschweiz.com\/fr\/wp-json\/wp\/v2\/types\/product"}],"replies":[{"embeddable":true,"href":"https:\/\/poppersschweiz.com\/fr\/wp-json\/wp\/v2\/comments?post=20780"}],"wp:featuredmedia":[{"embeddable":true,"href":"https:\/\/poppersschweiz.com\/fr\/wp-json\/wp\/v2\/media\/20783"}],"wp:attachment":[{"href":"https:\/\/poppersschweiz.com\/fr\/wp-json\/wp\/v2\/media?parent=20780"}],"wp:term":[{"taxonomy":"product_brand","embeddable":true,"href":"https:\/\/poppersschweiz.com\/fr\/wp-json\/wp\/v2\/product_brand?post=20780"},{"taxonomy":"product_cat","embeddable":true,"href":"https:\/\/poppersschweiz.com\/fr\/wp-json\/wp\/v2\/product_cat?post=20780"},{"taxonomy":"product_tag","embeddable":true,"href":"https:\/\/poppersschweiz.com\/fr\/wp-json\/wp\/v2\/product_tag?post=20780"}],"curies":[{"name":"wp","href":"https:\/\/api.w.org\/{rel}","templated":true}]}}