{"id":20896,"date":"2023-03-19T14:00:35","date_gmt":"2023-03-19T13:00:35","guid":{"rendered":"https:\/\/poppersschweiz.com\/product\/spray-anal-xtrm-play-harder-30ml\/"},"modified":"2025-03-10T14:41:32","modified_gmt":"2025-03-10T13:41:32","slug":"spray-anal-xtrm-play-harder-30ml","status":"publish","type":"product","link":"https:\/\/poppersschweiz.com\/fr\/produit\/spray-anal-xtrm-play-harder-30ml\/","title":{"rendered":"Spray anal XTRM Play Harder 30ml"},"content":{"rendered":"<p>Le <strong>spray anal Play Harder<\/strong> de XTRM est un produit sp\u00e9cial si tu as des probl\u00e8mes lors de ton premier rapport sexuel anal. Il t&rsquo;aide aussi si tu r\u00e9agis l\u00e9g\u00e8rement \u00e0 la douleur ou si tu veux vivre un sexe anal profond tr\u00e8s intense. Le spray anal t&rsquo;aide en outre \u00e0 introduire des godemich\u00e9s plus gros ou \u00e0 <strong>r\u00e9duire la douleur<\/strong> initiale lors du fisting afin d&rsquo;obtenir la plus grande dilatation possible. Le spray n&rsquo;a qu&rsquo;un <strong>effet<\/strong> local <strong>sur la douleur<\/strong> et vous permet de ne pas vous crisper au moment crucial sur le rectum.<\/p>\n<p><strong>Utilisation :<\/strong> Il te suffit de vaporiser <strong>1 \u00e0 2 fois<\/strong> sur ton anus et d&rsquo;attendre une minute avant de commencer. Le spray XTRM Anal Play Harder permet <strong>75 utilisations<\/strong>. Le spray de haute qualit\u00e9 de la marque XTRM est fabriqu\u00e9 en Allemagne et se glisse facilement dans ta poche ou dans tes bagages.<\/p>\n<p>Ingr\u00e9dients : Aqua, Glycerin, Laureth-9, PEG-9, Caprylic\/Capric, Glycerides, Methyl Lactate, Lactic Acid, Eugenia Caryophyllus, Sodium Benzoate, Potassium Sorbate, Eugenol.<\/p>\n","protected":false},"excerpt":{"rendered":"<p>Le <strong>spray anal Play Harder 30ml<\/strong> t&rsquo;aidera si tu veux vivre un sexe anal profond et tr\u00e8s intense.<\/p>\n","protected":false},"featured_media":20897,"comment_status":"open","ping_status":"closed","template":"","meta":{"_acf_changed":false,"_glsr_average":0,"_glsr_ranking":0,"_glsr_reviews":0},"product_brand":[],"product_cat":[548,578],"product_tag":[],"class_list":{"0":"post-20896","1":"product","2":"type-product","3":"status-publish","4":"has-post-thumbnail","6":"product_cat-droguerie","7":"product_cat-helpers-fr","9":"first","10":"instock","11":"taxable","12":"shipping-taxable","13":"purchasable","14":"product-type-simple"},"bundled_by":[],"bundle_stock_status":"instock","bundle_stock_quantity":null,"bundle_virtual":false,"bundle_layout":"","bundle_add_to_cart_form_location":"","bundle_editable_in_cart":false,"bundle_sold_individually_context":"","bundle_item_grouping":"","bundle_min_size":"","bundle_max_size":"","bundled_items":[],"bundle_sell_ids":[],"acf":[],"yoast_head":"<!-- This site is optimized with the Yoast SEO plugin v27.2 - https:\/\/yoast.com\/product\/yoast-seo-wordpress\/ -->\n<title>Spray anal XTRM Play Harder 30ml \u25b7 hier g\u00fcnstig kaufen | poppersschweiz.com<\/title>\n<meta name=\"description\" content=\"Spray anal XTRM Play Harder 30ml \u25b7 hier g\u00fcnstig online kaufen. Schneller Versand \u2713 Nur Original-Produkte \u2713 Jetzt kaufen &amp; Spa\u00df haben.\" \/>\n<meta name=\"robots\" content=\"index, follow, max-snippet:-1, max-image-preview:large, max-video-preview:-1\" \/>\n<link rel=\"canonical\" href=\"https:\/\/poppersschweiz.com\/fr\/produit\/spray-anal-xtrm-play-harder-30ml\/\" \/>\n<meta property=\"og:locale\" content=\"fr_FR\" \/>\n<meta property=\"og:type\" content=\"article\" \/>\n<meta property=\"og:title\" content=\"Spray anal XTRM Play Harder 30ml \u25b7 hier g\u00fcnstig kaufen | poppersschweiz.com\" \/>\n<meta property=\"og:description\" content=\"Spray anal XTRM Play Harder 30ml \u25b7 hier g\u00fcnstig online kaufen. Schneller Versand \u2713 Nur Original-Produkte \u2713 Jetzt kaufen &amp; Spa\u00df haben.\" \/>\n<meta property=\"og:url\" content=\"https:\/\/poppersschweiz.com\/fr\/produit\/spray-anal-xtrm-play-harder-30ml\/\" \/>\n<meta property=\"og:site_name\" content=\"poppersschweiz.com\" \/>\n<meta property=\"article:modified_time\" content=\"2025-03-10T13:41:32+00:00\" \/>\n<meta property=\"og:image\" content=\"https:\/\/poppersschweiz.com\/wp-content\/uploads\/2023\/03\/Anal-Spray-XTRM-Play-Harder-30ml.png\" \/>\n\t<meta property=\"og:image:width\" content=\"600\" \/>\n\t<meta property=\"og:image:height\" content=\"600\" \/>\n\t<meta property=\"og:image:type\" content=\"image\/png\" \/>\n<meta name=\"twitter:card\" content=\"summary_large_image\" \/>\n<meta name=\"twitter:label1\" content=\"Prix\" \/>\n\t<meta name=\"twitter:data1\" content=\"&#067;&#072;&#070;&nbsp;23.90\" \/>\n\t<meta name=\"twitter:label2\" content=\"Disponibilit\u00e9\" \/>\n\t<meta name=\"twitter:data2\" content=\"En stock\" \/>\n<script type=\"application\/ld+json\" class=\"yoast-schema-graph\">{\"@context\":\"https:\/\/schema.org\",\"@graph\":[{\"@type\":\"WebPage\",\"@id\":\"https:\/\/poppersschweiz.com\/fr\/produit\/spray-anal-xtrm-play-harder-30ml\/\",\"url\":\"https:\/\/poppersschweiz.com\/fr\/produit\/spray-anal-xtrm-play-harder-30ml\/\",\"name\":\"Spray anal XTRM Play Harder 30ml \u25b7 hier g\u00fcnstig kaufen | poppersschweiz.com\",\"isPartOf\":{\"@id\":\"https:\/\/poppersschweiz.com\/fr\/#website\"},\"primaryImageOfPage\":{\"@id\":\"https:\/\/poppersschweiz.com\/fr\/produit\/spray-anal-xtrm-play-harder-30ml\/#primaryimage\"},\"image\":{\"@id\":\"https:\/\/poppersschweiz.com\/fr\/produit\/spray-anal-xtrm-play-harder-30ml\/#primaryimage\"},\"thumbnailUrl\":\"https:\/\/poppersschweiz.com\/wp-content\/uploads\/2023\/03\/Anal-Spray-XTRM-Play-Harder-30ml.png\",\"datePublished\":\"2023-03-19T13:00:35+00:00\",\"dateModified\":\"2025-03-10T13:41:32+00:00\",\"description\":\"Spray anal XTRM Play Harder 30ml \u25b7 hier g\u00fcnstig online kaufen. Schneller Versand \u2713 Nur Original-Produkte \u2713 Jetzt kaufen & Spa\u00df haben.\",\"breadcrumb\":{\"@id\":\"https:\/\/poppersschweiz.com\/fr\/produit\/spray-anal-xtrm-play-harder-30ml\/#breadcrumb\"},\"inLanguage\":\"fr-FR\",\"potentialAction\":[{\"@type\":\"ReadAction\",\"target\":[\"https:\/\/poppersschweiz.com\/fr\/produit\/spray-anal-xtrm-play-harder-30ml\/\"]}]},{\"@type\":\"ImageObject\",\"inLanguage\":\"fr-FR\",\"@id\":\"https:\/\/poppersschweiz.com\/fr\/produit\/spray-anal-xtrm-play-harder-30ml\/#primaryimage\",\"url\":\"https:\/\/poppersschweiz.com\/wp-content\/uploads\/2023\/03\/Anal-Spray-XTRM-Play-Harder-30ml.png\",\"contentUrl\":\"https:\/\/poppersschweiz.com\/wp-content\/uploads\/2023\/03\/Anal-Spray-XTRM-Play-Harder-30ml.png\",\"width\":600,\"height\":600,\"caption\":\"Anal Spray XTRM Play Harder 30ml\"},{\"@type\":\"BreadcrumbList\",\"@id\":\"https:\/\/poppersschweiz.com\/fr\/produit\/spray-anal-xtrm-play-harder-30ml\/#breadcrumb\",\"itemListElement\":[{\"@type\":\"ListItem\",\"position\":1,\"name\":\"Page d'accueil\",\"item\":\"https:\/\/poppersschweiz.com\/fr\/\"},{\"@type\":\"ListItem\",\"position\":2,\"name\":\"Poppers, accessoires pour poppers et plus encore\",\"item\":\"https:\/\/poppersschweiz.com\/fr\/poppers-accessoires-pour-poppers-et-plus-encore\/\"},{\"@type\":\"ListItem\",\"position\":3,\"name\":\"Spray anal XTRM Play Harder 30ml\"}]},{\"@type\":\"WebSite\",\"@id\":\"https:\/\/poppersschweiz.com\/fr\/#website\",\"url\":\"https:\/\/poppersschweiz.com\/fr\/\",\"name\":\"poppersschweiz.com\",\"description\":\"\",\"potentialAction\":[{\"@type\":\"SearchAction\",\"target\":{\"@type\":\"EntryPoint\",\"urlTemplate\":\"https:\/\/poppersschweiz.com\/fr\/?s={search_term_string}\"},\"query-input\":{\"@type\":\"PropertyValueSpecification\",\"valueRequired\":true,\"valueName\":\"search_term_string\"}}],\"inLanguage\":\"fr-FR\"}]}<\/script>\n<meta property=\"product:price:amount\" content=\"23.90\" \/>\n<meta property=\"product:price:currency\" content=\"CHF\" \/>\n<meta property=\"og:availability\" content=\"instock\" \/>\n<meta property=\"product:availability\" content=\"instock\" \/>\n<meta property=\"product:retailer_item_id\" content=\"XTRM-AS30\" \/>\n<meta property=\"product:condition\" content=\"new\" \/>\n<!-- \/ Yoast SEO plugin. -->","yoast_head_json":{"title":"Spray anal XTRM Play Harder 30ml \u25b7 hier g\u00fcnstig kaufen | poppersschweiz.com","description":"Spray anal XTRM Play Harder 30ml \u25b7 hier g\u00fcnstig online kaufen. Schneller Versand \u2713 Nur Original-Produkte \u2713 Jetzt kaufen & Spa\u00df haben.","robots":{"index":"index","follow":"follow","max-snippet":"max-snippet:-1","max-image-preview":"max-image-preview:large","max-video-preview":"max-video-preview:-1"},"canonical":"https:\/\/poppersschweiz.com\/fr\/produit\/spray-anal-xtrm-play-harder-30ml\/","og_locale":"fr_FR","og_type":"article","og_title":"Spray anal XTRM Play Harder 30ml \u25b7 hier g\u00fcnstig kaufen | poppersschweiz.com","og_description":"Spray anal XTRM Play Harder 30ml \u25b7 hier g\u00fcnstig online kaufen. Schneller Versand \u2713 Nur Original-Produkte \u2713 Jetzt kaufen & Spa\u00df haben.","og_url":"https:\/\/poppersschweiz.com\/fr\/produit\/spray-anal-xtrm-play-harder-30ml\/","og_site_name":"poppersschweiz.com","article_modified_time":"2025-03-10T13:41:32+00:00","og_image":[{"width":600,"height":600,"url":"https:\/\/poppersschweiz.com\/wp-content\/uploads\/2023\/03\/Anal-Spray-XTRM-Play-Harder-30ml.png","type":"image\/png"}],"twitter_card":"summary_large_image","twitter_misc":{"Prix":"&#67;&#72;&#70;&nbsp;23.90","Disponibilit\u00e9":"En stock"},"schema":{"@context":"https:\/\/schema.org","@graph":[{"@type":"WebPage","@id":"https:\/\/poppersschweiz.com\/fr\/produit\/spray-anal-xtrm-play-harder-30ml\/","url":"https:\/\/poppersschweiz.com\/fr\/produit\/spray-anal-xtrm-play-harder-30ml\/","name":"Spray anal XTRM Play Harder 30ml \u25b7 hier g\u00fcnstig kaufen | poppersschweiz.com","isPartOf":{"@id":"https:\/\/poppersschweiz.com\/fr\/#website"},"primaryImageOfPage":{"@id":"https:\/\/poppersschweiz.com\/fr\/produit\/spray-anal-xtrm-play-harder-30ml\/#primaryimage"},"image":{"@id":"https:\/\/poppersschweiz.com\/fr\/produit\/spray-anal-xtrm-play-harder-30ml\/#primaryimage"},"thumbnailUrl":"https:\/\/poppersschweiz.com\/wp-content\/uploads\/2023\/03\/Anal-Spray-XTRM-Play-Harder-30ml.png","datePublished":"2023-03-19T13:00:35+00:00","dateModified":"2025-03-10T13:41:32+00:00","description":"Spray anal XTRM Play Harder 30ml \u25b7 hier g\u00fcnstig online kaufen. Schneller Versand \u2713 Nur Original-Produkte \u2713 Jetzt kaufen & Spa\u00df haben.","breadcrumb":{"@id":"https:\/\/poppersschweiz.com\/fr\/produit\/spray-anal-xtrm-play-harder-30ml\/#breadcrumb"},"inLanguage":"fr-FR","potentialAction":[{"@type":"ReadAction","target":["https:\/\/poppersschweiz.com\/fr\/produit\/spray-anal-xtrm-play-harder-30ml\/"]}]},{"@type":"ImageObject","inLanguage":"fr-FR","@id":"https:\/\/poppersschweiz.com\/fr\/produit\/spray-anal-xtrm-play-harder-30ml\/#primaryimage","url":"https:\/\/poppersschweiz.com\/wp-content\/uploads\/2023\/03\/Anal-Spray-XTRM-Play-Harder-30ml.png","contentUrl":"https:\/\/poppersschweiz.com\/wp-content\/uploads\/2023\/03\/Anal-Spray-XTRM-Play-Harder-30ml.png","width":600,"height":600,"caption":"Anal Spray XTRM Play Harder 30ml"},{"@type":"BreadcrumbList","@id":"https:\/\/poppersschweiz.com\/fr\/produit\/spray-anal-xtrm-play-harder-30ml\/#breadcrumb","itemListElement":[{"@type":"ListItem","position":1,"name":"Page d'accueil","item":"https:\/\/poppersschweiz.com\/fr\/"},{"@type":"ListItem","position":2,"name":"Poppers, accessoires pour poppers et plus encore","item":"https:\/\/poppersschweiz.com\/fr\/poppers-accessoires-pour-poppers-et-plus-encore\/"},{"@type":"ListItem","position":3,"name":"Spray anal XTRM Play Harder 30ml"}]},{"@type":"WebSite","@id":"https:\/\/poppersschweiz.com\/fr\/#website","url":"https:\/\/poppersschweiz.com\/fr\/","name":"poppersschweiz.com","description":"","potentialAction":[{"@type":"SearchAction","target":{"@type":"EntryPoint","urlTemplate":"https:\/\/poppersschweiz.com\/fr\/?s={search_term_string}"},"query-input":{"@type":"PropertyValueSpecification","valueRequired":true,"valueName":"search_term_string"}}],"inLanguage":"fr-FR"}]},"product_price_amount":"23.90","product_price_currency":"CHF","og_availability":"instock","product_availability":"instock","product_retailer_item_id":"XTRM-AS30","product_condition":"new"},"_links":{"self":[{"href":"https:\/\/poppersschweiz.com\/fr\/wp-json\/wp\/v2\/product\/20896","targetHints":{"allow":["GET"]}}],"collection":[{"href":"https:\/\/poppersschweiz.com\/fr\/wp-json\/wp\/v2\/product"}],"about":[{"href":"https:\/\/poppersschweiz.com\/fr\/wp-json\/wp\/v2\/types\/product"}],"replies":[{"embeddable":true,"href":"https:\/\/poppersschweiz.com\/fr\/wp-json\/wp\/v2\/comments?post=20896"}],"wp:featuredmedia":[{"embeddable":true,"href":"https:\/\/poppersschweiz.com\/fr\/wp-json\/wp\/v2\/media\/20897"}],"wp:attachment":[{"href":"https:\/\/poppersschweiz.com\/fr\/wp-json\/wp\/v2\/media?parent=20896"}],"wp:term":[{"taxonomy":"product_brand","embeddable":true,"href":"https:\/\/poppersschweiz.com\/fr\/wp-json\/wp\/v2\/product_brand?post=20896"},{"taxonomy":"product_cat","embeddable":true,"href":"https:\/\/poppersschweiz.com\/fr\/wp-json\/wp\/v2\/product_cat?post=20896"},{"taxonomy":"product_tag","embeddable":true,"href":"https:\/\/poppersschweiz.com\/fr\/wp-json\/wp\/v2\/product_tag?post=20896"}],"curies":[{"name":"wp","href":"https:\/\/api.w.org\/{rel}","templated":true}]}}