{"id":20904,"date":"2023-03-19T14:08:15","date_gmt":"2023-03-19T13:08:15","guid":{"rendered":"https:\/\/poppersschweiz.com\/product\/creme-damelioration-pour-hommes-swiss-navy-max-size-10ml\/"},"modified":"2023-03-19T14:08:15","modified_gmt":"2023-03-19T13:08:15","slug":"creme-damelioration-pour-hommes-swiss-navy-max-size-10ml","status":"publish","type":"product","link":"https:\/\/poppersschweiz.com\/fr\/produit\/creme-damelioration-pour-hommes-swiss-navy-max-size-10ml\/","title":{"rendered":"Cr\u00e8me d&rsquo;am\u00e9lioration pour hommes Swiss Navy Max Size 10ml"},"content":{"rendered":"<p>La <strong>Swiss Navy Max Size Male Enhancement Cream<\/strong> est un stimulant <strong>naturel de l&rsquo;\u00e9rection masculine<\/strong> qui dilate consid\u00e9rablement les vaisseaux sanguins et les capillaires. Max Size s&rsquo;applique directement sur le p\u00e9nis. L&rsquo;effet se fait sentir en quelques minutes, avec une <strong>sensation de chaleur<\/strong> et de l\u00e9gers picotements. <strong>Max Size<\/strong> favorise une \u00e9rection ferme, forte et durable et contribue \u00e0 am\u00e9liorer les performances sexuelles et \u00e0 augmenter le plaisir des hommes. L&rsquo;herbe naturelle a \u00e9t\u00e9 \u00e9tudi\u00e9e pendant des ann\u00e9es en Tha\u00eflande et est trait\u00e9e par Swiss Navy aux \u00c9tats-Unis pour l&rsquo;administration transdermique.<\/p>\n<p>Swiss Navy Max Size Cream est le seul m\u00e9dicament topique contre l&rsquo;impuissance contenant du Butea Superba, un inhibiteur naturel de la PDE-5 bien document\u00e9 et brevet\u00e9. N&rsquo;h\u00e9site pas \u00e0 essayer ce traitement topique pour l&rsquo;impuissance masculine, qui t&rsquo;aidera \u00e0 avoir un <strong>plus gros p\u00e9nis<\/strong> et une <strong>\u00e9rection plus ferme et plus longue<\/strong>. Les exp\u00e9riences montrent une augmentation de l&rsquo;endurance sexuelle et une am\u00e9lioration des <strong>performances masculines<\/strong>. C&rsquo;est ce que nous avons toujours voulu vivre.<\/p>\n<p>Le format de 10 ml est id\u00e9al pour les d\u00e9placements, que ce soit en croisi\u00e8re, en club ou dans des situations quotidiennes p\u00e9tillantes. Il trouve facilement sa place dans une poche de pantalon, une sacoche d&rsquo;ordinateur portable, une trousse de toilette ou dans la bo\u00eete \u00e0 gants d&rsquo;une voiture.<\/p>\n<p>Ingr\u00e9dients : Butea Superba botanical extract infused in purified water, propylene glycol, dimethicone, polysorbate-80, glycerine, carbomer, aloe vera gel, menthol, peppermint oil, niacin, diazolidinyl urea\/iodopropynyl butylcarbamate, tromethamine.<\/p>\n","protected":false},"excerpt":{"rendered":"<p>La <strong>cr\u00e8me<\/strong> Swiss Navy Max Size <strong>Male Enhancement<\/strong> est un <strong>stimulant naturel de l&rsquo;\u00e9rection masculine<\/strong> qui dilate consid\u00e9rablement les vaisseaux sanguins et les capillaires.<\/p>\n<p><img decoding=\"async\" class=\" lazyloaded\" src=\"https:\/\/cdn.shopify.com\/s\/files\/1\/0610\/5743\/3814\/t\/24\/assets\/Iicon_heart.png?v=81456369610648958251666278309\" alt=\"\ud83d\udc95\" data-src=\"https:\/\/cdn.shopify.com\/s\/files\/1\/0610\/5743\/3814\/t\/24\/assets\/Iicon_heart.png?v=81456369610648958251666278309\"> Le format de 10 ml est id\u00e9al pour les d\u00e9placements, que ce soit en croisi\u00e8re, en club ou dans des situations quotidiennes p\u00e9tillantes.<br \/>\n<img decoding=\"async\" class=\" lazyloaded\" src=\"https:\/\/cdn.shopify.com\/s\/files\/1\/0610\/5743\/3814\/t\/24\/assets\/Iicon_heart.png?v=81456369610648958251666278309\" alt=\"\ud83d\udc95\" data-src=\"https:\/\/cdn.shopify.com\/s\/files\/1\/0610\/5743\/3814\/t\/24\/assets\/Iicon_heart.png?v=81456369610648958251666278309\"> Il trouve facilement sa place dans une poche de pantalon, une sacoche d&rsquo;ordinateur portable, une trousse de toilette ou dans la bo\u00eete \u00e0 gants d&rsquo;une voiture.<\/p>\n","protected":false},"featured_media":20905,"comment_status":"open","ping_status":"closed","template":"","meta":{"_acf_changed":false,"_glsr_average":0,"_glsr_ranking":0,"_glsr_reviews":0},"product_brand":[],"product_cat":[548,578],"product_tag":[],"class_list":{"0":"post-20904","1":"product","2":"type-product","3":"status-publish","4":"has-post-thumbnail","6":"product_cat-droguerie","7":"product_cat-helpers-fr","9":"first","10":"instock","11":"taxable","12":"shipping-taxable","13":"purchasable","14":"product-type-simple"},"bundled_by":[],"bundle_stock_status":"instock","bundle_stock_quantity":null,"bundle_virtual":false,"bundle_layout":"","bundle_add_to_cart_form_location":"","bundle_editable_in_cart":false,"bundle_sold_individually_context":"","bundle_item_grouping":"","bundle_min_size":"","bundle_max_size":"","bundled_items":[],"bundle_sell_ids":[],"acf":[],"yoast_head":"<!-- This site is optimized with the Yoast SEO plugin v27.2 - https:\/\/yoast.com\/product\/yoast-seo-wordpress\/ -->\n<title>Cr\u00e8me d&#039;am\u00e9lioration pour hommes Swiss Navy Max Size 10ml \u25b7 hier g\u00fcnstig kaufen | poppersschweiz.com<\/title>\n<meta name=\"description\" content=\"Cr\u00e8me d&#039;am\u00e9lioration pour hommes Swiss Navy Max Size 10ml \u25b7 hier g\u00fcnstig online kaufen. Schneller Versand \u2713 Nur Original-Produkte \u2713 Jetzt kaufen &amp; Spa\u00df haben.\" \/>\n<meta name=\"robots\" content=\"index, follow, max-snippet:-1, max-image-preview:large, max-video-preview:-1\" \/>\n<link rel=\"canonical\" href=\"https:\/\/poppersschweiz.com\/fr\/produit\/creme-damelioration-pour-hommes-swiss-navy-max-size-10ml\/\" \/>\n<meta property=\"og:locale\" content=\"fr_FR\" \/>\n<meta property=\"og:type\" content=\"article\" \/>\n<meta property=\"og:title\" content=\"Cr\u00e8me d&#039;am\u00e9lioration pour hommes Swiss Navy Max Size 10ml \u25b7 hier g\u00fcnstig kaufen | poppersschweiz.com\" \/>\n<meta property=\"og:description\" content=\"Cr\u00e8me d&#039;am\u00e9lioration pour hommes Swiss Navy Max Size 10ml \u25b7 hier g\u00fcnstig online kaufen. Schneller Versand \u2713 Nur Original-Produkte \u2713 Jetzt kaufen &amp; Spa\u00df haben.\" \/>\n<meta property=\"og:url\" content=\"https:\/\/poppersschweiz.com\/fr\/produit\/creme-damelioration-pour-hommes-swiss-navy-max-size-10ml\/\" \/>\n<meta property=\"og:site_name\" content=\"poppersschweiz.com\" \/>\n<meta property=\"og:image\" content=\"https:\/\/poppersschweiz.com\/wp-content\/uploads\/2023\/03\/Ashampoo_Snap_Sunday-March-19-2023_14h9m7s.png\" \/>\n\t<meta property=\"og:image:width\" content=\"941\" \/>\n\t<meta property=\"og:image:height\" content=\"1135\" \/>\n\t<meta property=\"og:image:type\" content=\"image\/png\" \/>\n<meta name=\"twitter:card\" content=\"summary_large_image\" \/>\n<meta name=\"twitter:label1\" content=\"Prix\" \/>\n\t<meta name=\"twitter:data1\" content=\"&#067;&#072;&#070;&nbsp;12.90\" \/>\n\t<meta name=\"twitter:label2\" content=\"Disponibilit\u00e9\" \/>\n\t<meta name=\"twitter:data2\" content=\"En stock\" \/>\n<script type=\"application\/ld+json\" class=\"yoast-schema-graph\">{\"@context\":\"https:\/\/schema.org\",\"@graph\":[{\"@type\":\"WebPage\",\"@id\":\"https:\/\/poppersschweiz.com\/fr\/produit\/creme-damelioration-pour-hommes-swiss-navy-max-size-10ml\/\",\"url\":\"https:\/\/poppersschweiz.com\/fr\/produit\/creme-damelioration-pour-hommes-swiss-navy-max-size-10ml\/\",\"name\":\"Cr\u00e8me d'am\u00e9lioration pour hommes Swiss Navy Max Size 10ml \u25b7 hier g\u00fcnstig kaufen | poppersschweiz.com\",\"isPartOf\":{\"@id\":\"https:\/\/poppersschweiz.com\/fr\/#website\"},\"primaryImageOfPage\":{\"@id\":\"https:\/\/poppersschweiz.com\/fr\/produit\/creme-damelioration-pour-hommes-swiss-navy-max-size-10ml\/#primaryimage\"},\"image\":{\"@id\":\"https:\/\/poppersschweiz.com\/fr\/produit\/creme-damelioration-pour-hommes-swiss-navy-max-size-10ml\/#primaryimage\"},\"thumbnailUrl\":\"https:\/\/poppersschweiz.com\/wp-content\/uploads\/2023\/03\/Ashampoo_Snap_Sunday-March-19-2023_14h9m7s.png\",\"datePublished\":\"2023-03-19T13:08:15+00:00\",\"description\":\"Cr\u00e8me d'am\u00e9lioration pour hommes Swiss Navy Max Size 10ml \u25b7 hier g\u00fcnstig online kaufen. Schneller Versand \u2713 Nur Original-Produkte \u2713 Jetzt kaufen & Spa\u00df haben.\",\"breadcrumb\":{\"@id\":\"https:\/\/poppersschweiz.com\/fr\/produit\/creme-damelioration-pour-hommes-swiss-navy-max-size-10ml\/#breadcrumb\"},\"inLanguage\":\"fr-FR\",\"potentialAction\":[{\"@type\":\"ReadAction\",\"target\":[\"https:\/\/poppersschweiz.com\/fr\/produit\/creme-damelioration-pour-hommes-swiss-navy-max-size-10ml\/\"]}]},{\"@type\":\"ImageObject\",\"inLanguage\":\"fr-FR\",\"@id\":\"https:\/\/poppersschweiz.com\/fr\/produit\/creme-damelioration-pour-hommes-swiss-navy-max-size-10ml\/#primaryimage\",\"url\":\"https:\/\/poppersschweiz.com\/wp-content\/uploads\/2023\/03\/Ashampoo_Snap_Sunday-March-19-2023_14h9m7s.png\",\"contentUrl\":\"https:\/\/poppersschweiz.com\/wp-content\/uploads\/2023\/03\/Ashampoo_Snap_Sunday-March-19-2023_14h9m7s.png\",\"width\":941,\"height\":1135,\"caption\":\"Swiss Navy Max Size Male Enhancement Cream 10ml\"},{\"@type\":\"BreadcrumbList\",\"@id\":\"https:\/\/poppersschweiz.com\/fr\/produit\/creme-damelioration-pour-hommes-swiss-navy-max-size-10ml\/#breadcrumb\",\"itemListElement\":[{\"@type\":\"ListItem\",\"position\":1,\"name\":\"Page d'accueil\",\"item\":\"https:\/\/poppersschweiz.com\/fr\/\"},{\"@type\":\"ListItem\",\"position\":2,\"name\":\"Poppers, accessoires pour poppers et plus encore\",\"item\":\"https:\/\/poppersschweiz.com\/fr\/poppers-accessoires-pour-poppers-et-plus-encore\/\"},{\"@type\":\"ListItem\",\"position\":3,\"name\":\"Cr\u00e8me d&rsquo;am\u00e9lioration pour hommes Swiss Navy Max Size 10ml\"}]},{\"@type\":\"WebSite\",\"@id\":\"https:\/\/poppersschweiz.com\/fr\/#website\",\"url\":\"https:\/\/poppersschweiz.com\/fr\/\",\"name\":\"poppersschweiz.com\",\"description\":\"\",\"potentialAction\":[{\"@type\":\"SearchAction\",\"target\":{\"@type\":\"EntryPoint\",\"urlTemplate\":\"https:\/\/poppersschweiz.com\/fr\/?s={search_term_string}\"},\"query-input\":{\"@type\":\"PropertyValueSpecification\",\"valueRequired\":true,\"valueName\":\"search_term_string\"}}],\"inLanguage\":\"fr-FR\"}]}<\/script>\n<meta property=\"product:price:amount\" content=\"12.90\" \/>\n<meta property=\"product:price:currency\" content=\"CHF\" \/>\n<meta property=\"og:availability\" content=\"instock\" \/>\n<meta property=\"product:availability\" content=\"instock\" \/>\n<meta property=\"product:retailer_item_id\" content=\"SN-MS10\" \/>\n<meta property=\"product:condition\" content=\"new\" \/>\n<!-- \/ Yoast SEO plugin. -->","yoast_head_json":{"title":"Cr\u00e8me d'am\u00e9lioration pour hommes Swiss Navy Max Size 10ml \u25b7 hier g\u00fcnstig kaufen | poppersschweiz.com","description":"Cr\u00e8me d'am\u00e9lioration pour hommes Swiss Navy Max Size 10ml \u25b7 hier g\u00fcnstig online kaufen. Schneller Versand \u2713 Nur Original-Produkte \u2713 Jetzt kaufen & Spa\u00df haben.","robots":{"index":"index","follow":"follow","max-snippet":"max-snippet:-1","max-image-preview":"max-image-preview:large","max-video-preview":"max-video-preview:-1"},"canonical":"https:\/\/poppersschweiz.com\/fr\/produit\/creme-damelioration-pour-hommes-swiss-navy-max-size-10ml\/","og_locale":"fr_FR","og_type":"article","og_title":"Cr\u00e8me d'am\u00e9lioration pour hommes Swiss Navy Max Size 10ml \u25b7 hier g\u00fcnstig kaufen | poppersschweiz.com","og_description":"Cr\u00e8me d'am\u00e9lioration pour hommes Swiss Navy Max Size 10ml \u25b7 hier g\u00fcnstig online kaufen. Schneller Versand \u2713 Nur Original-Produkte \u2713 Jetzt kaufen & Spa\u00df haben.","og_url":"https:\/\/poppersschweiz.com\/fr\/produit\/creme-damelioration-pour-hommes-swiss-navy-max-size-10ml\/","og_site_name":"poppersschweiz.com","og_image":[{"width":941,"height":1135,"url":"https:\/\/poppersschweiz.com\/wp-content\/uploads\/2023\/03\/Ashampoo_Snap_Sunday-March-19-2023_14h9m7s.png","type":"image\/png"}],"twitter_card":"summary_large_image","twitter_misc":{"Prix":"&#67;&#72;&#70;&nbsp;12.90","Disponibilit\u00e9":"En stock"},"schema":{"@context":"https:\/\/schema.org","@graph":[{"@type":"WebPage","@id":"https:\/\/poppersschweiz.com\/fr\/produit\/creme-damelioration-pour-hommes-swiss-navy-max-size-10ml\/","url":"https:\/\/poppersschweiz.com\/fr\/produit\/creme-damelioration-pour-hommes-swiss-navy-max-size-10ml\/","name":"Cr\u00e8me d'am\u00e9lioration pour hommes Swiss Navy Max Size 10ml \u25b7 hier g\u00fcnstig kaufen | poppersschweiz.com","isPartOf":{"@id":"https:\/\/poppersschweiz.com\/fr\/#website"},"primaryImageOfPage":{"@id":"https:\/\/poppersschweiz.com\/fr\/produit\/creme-damelioration-pour-hommes-swiss-navy-max-size-10ml\/#primaryimage"},"image":{"@id":"https:\/\/poppersschweiz.com\/fr\/produit\/creme-damelioration-pour-hommes-swiss-navy-max-size-10ml\/#primaryimage"},"thumbnailUrl":"https:\/\/poppersschweiz.com\/wp-content\/uploads\/2023\/03\/Ashampoo_Snap_Sunday-March-19-2023_14h9m7s.png","datePublished":"2023-03-19T13:08:15+00:00","description":"Cr\u00e8me d'am\u00e9lioration pour hommes Swiss Navy Max Size 10ml \u25b7 hier g\u00fcnstig online kaufen. Schneller Versand \u2713 Nur Original-Produkte \u2713 Jetzt kaufen & Spa\u00df haben.","breadcrumb":{"@id":"https:\/\/poppersschweiz.com\/fr\/produit\/creme-damelioration-pour-hommes-swiss-navy-max-size-10ml\/#breadcrumb"},"inLanguage":"fr-FR","potentialAction":[{"@type":"ReadAction","target":["https:\/\/poppersschweiz.com\/fr\/produit\/creme-damelioration-pour-hommes-swiss-navy-max-size-10ml\/"]}]},{"@type":"ImageObject","inLanguage":"fr-FR","@id":"https:\/\/poppersschweiz.com\/fr\/produit\/creme-damelioration-pour-hommes-swiss-navy-max-size-10ml\/#primaryimage","url":"https:\/\/poppersschweiz.com\/wp-content\/uploads\/2023\/03\/Ashampoo_Snap_Sunday-March-19-2023_14h9m7s.png","contentUrl":"https:\/\/poppersschweiz.com\/wp-content\/uploads\/2023\/03\/Ashampoo_Snap_Sunday-March-19-2023_14h9m7s.png","width":941,"height":1135,"caption":"Swiss Navy Max Size Male Enhancement Cream 10ml"},{"@type":"BreadcrumbList","@id":"https:\/\/poppersschweiz.com\/fr\/produit\/creme-damelioration-pour-hommes-swiss-navy-max-size-10ml\/#breadcrumb","itemListElement":[{"@type":"ListItem","position":1,"name":"Page d'accueil","item":"https:\/\/poppersschweiz.com\/fr\/"},{"@type":"ListItem","position":2,"name":"Poppers, accessoires pour poppers et plus encore","item":"https:\/\/poppersschweiz.com\/fr\/poppers-accessoires-pour-poppers-et-plus-encore\/"},{"@type":"ListItem","position":3,"name":"Cr\u00e8me d&rsquo;am\u00e9lioration pour hommes Swiss Navy Max Size 10ml"}]},{"@type":"WebSite","@id":"https:\/\/poppersschweiz.com\/fr\/#website","url":"https:\/\/poppersschweiz.com\/fr\/","name":"poppersschweiz.com","description":"","potentialAction":[{"@type":"SearchAction","target":{"@type":"EntryPoint","urlTemplate":"https:\/\/poppersschweiz.com\/fr\/?s={search_term_string}"},"query-input":{"@type":"PropertyValueSpecification","valueRequired":true,"valueName":"search_term_string"}}],"inLanguage":"fr-FR"}]},"product_price_amount":"12.90","product_price_currency":"CHF","og_availability":"instock","product_availability":"instock","product_retailer_item_id":"SN-MS10","product_condition":"new"},"_links":{"self":[{"href":"https:\/\/poppersschweiz.com\/fr\/wp-json\/wp\/v2\/product\/20904","targetHints":{"allow":["GET"]}}],"collection":[{"href":"https:\/\/poppersschweiz.com\/fr\/wp-json\/wp\/v2\/product"}],"about":[{"href":"https:\/\/poppersschweiz.com\/fr\/wp-json\/wp\/v2\/types\/product"}],"replies":[{"embeddable":true,"href":"https:\/\/poppersschweiz.com\/fr\/wp-json\/wp\/v2\/comments?post=20904"}],"wp:featuredmedia":[{"embeddable":true,"href":"https:\/\/poppersschweiz.com\/fr\/wp-json\/wp\/v2\/media\/20905"}],"wp:attachment":[{"href":"https:\/\/poppersschweiz.com\/fr\/wp-json\/wp\/v2\/media?parent=20904"}],"wp:term":[{"taxonomy":"product_brand","embeddable":true,"href":"https:\/\/poppersschweiz.com\/fr\/wp-json\/wp\/v2\/product_brand?post=20904"},{"taxonomy":"product_cat","embeddable":true,"href":"https:\/\/poppersschweiz.com\/fr\/wp-json\/wp\/v2\/product_cat?post=20904"},{"taxonomy":"product_tag","embeddable":true,"href":"https:\/\/poppersschweiz.com\/fr\/wp-json\/wp\/v2\/product_tag?post=20904"}],"curies":[{"name":"wp","href":"https:\/\/api.w.org\/{rel}","templated":true}]}}