{"id":20921,"date":"2023-03-19T16:21:39","date_gmt":"2023-03-19T15:21:39","guid":{"rendered":"https:\/\/poppersschweiz.com\/product\/lubrifiant-euroglider-superlube-a-base-deau-200ml\/"},"modified":"2023-03-19T16:21:39","modified_gmt":"2023-03-19T15:21:39","slug":"lubrifiant-euroglider-superlube-a-base-deau-200ml","status":"publish","type":"product","link":"https:\/\/poppersschweiz.com\/fr\/produit\/lubrifiant-euroglider-superlube-a-base-deau-200ml\/","title":{"rendered":"Lubrifiant Euroglider Superlube \u00e0 base d&rsquo;eau 200ml"},"content":{"rendered":"<p>Le gel lubrifiant <strong>Euroglider Superlube 200ml<\/strong> est \u00e0 base d&rsquo;<strong>eau<\/strong>. Convient pour plus de plaisir lors des rapports sexuels vaginaux, anaux et oraux. \u00c9galement parfait pour l&rsquo;utilisation de sextoys et pour les massages intimes. Euroglider Superlube est incolore, non gras et inodore. Il est tr\u00e8s facile \u00e0 essuyer et \u00e0 nettoyer.<\/p>\n<p><strong>Ingr\u00e9dients<\/strong>: Eau d\u00e9ionis\u00e9e, Hydroxy\u00e9thylcellulose, Glyc\u00e9rine naturelle, Monopropyl\u00e8ne glycol, M\u00e9thyl, Hydroxybenzoate, Acide citrique<\/p>\n","protected":false},"excerpt":{"rendered":"<p>Le gel lubrifiant Euroglider Superlube 200ml est \u00e0 base d&rsquo;eau.<\/p>\n<p>&nbsp;<\/p>\n","protected":false},"featured_media":20924,"comment_status":"open","ping_status":"closed","template":"","meta":{"_acf_changed":false,"_glsr_average":0,"_glsr_ranking":0,"_glsr_reviews":0},"product_brand":[],"product_cat":[548,569],"product_tag":[],"class_list":{"0":"post-20921","1":"product","2":"type-product","3":"status-publish","4":"has-post-thumbnail","6":"product_cat-droguerie","7":"product_cat-lubrifiant","9":"first","10":"instock","11":"taxable","12":"shipping-taxable","13":"purchasable","14":"product-type-simple"},"bundled_by":[],"bundle_stock_status":"instock","bundle_stock_quantity":null,"bundle_virtual":false,"bundle_layout":"","bundle_add_to_cart_form_location":"","bundle_editable_in_cart":false,"bundle_sold_individually_context":"","bundle_item_grouping":"","bundle_min_size":"","bundle_max_size":"","bundled_items":[],"bundle_sell_ids":[],"acf":[],"yoast_head":"<!-- This site is optimized with the Yoast SEO plugin v27.2 - https:\/\/yoast.com\/product\/yoast-seo-wordpress\/ -->\n<title>Lubrifiant Euroglider Superlube \u00e0 base d&#039;eau 200ml \u25b7 hier g\u00fcnstig kaufen | poppersschweiz.com<\/title>\n<meta name=\"description\" content=\"Lubrifiant Euroglider Superlube \u00e0 base d&#039;eau 200ml \u25b7 hier g\u00fcnstig online kaufen. Schneller Versand \u2713 Nur Original-Produkte \u2713 Jetzt kaufen &amp; Spa\u00df haben.\" \/>\n<meta name=\"robots\" content=\"index, follow, max-snippet:-1, max-image-preview:large, max-video-preview:-1\" \/>\n<link rel=\"canonical\" href=\"https:\/\/poppersschweiz.com\/fr\/produit\/lubrifiant-euroglider-superlube-a-base-deau-200ml\/\" \/>\n<meta property=\"og:locale\" content=\"fr_FR\" \/>\n<meta property=\"og:type\" content=\"article\" \/>\n<meta property=\"og:title\" content=\"Lubrifiant Euroglider Superlube \u00e0 base d&#039;eau 200ml \u25b7 hier g\u00fcnstig kaufen | poppersschweiz.com\" \/>\n<meta property=\"og:description\" content=\"Lubrifiant Euroglider Superlube \u00e0 base d&#039;eau 200ml \u25b7 hier g\u00fcnstig online kaufen. Schneller Versand \u2713 Nur Original-Produkte \u2713 Jetzt kaufen &amp; Spa\u00df haben.\" \/>\n<meta property=\"og:url\" content=\"https:\/\/poppersschweiz.com\/fr\/produit\/lubrifiant-euroglider-superlube-a-base-deau-200ml\/\" \/>\n<meta property=\"og:site_name\" content=\"poppersschweiz.com\" \/>\n<meta property=\"og:image\" content=\"https:\/\/poppersschweiz.com\/wp-content\/uploads\/2023\/03\/Design-ohne-Titel-50.png\" \/>\n\t<meta property=\"og:image:width\" content=\"992\" \/>\n\t<meta property=\"og:image:height\" content=\"1135\" \/>\n\t<meta property=\"og:image:type\" content=\"image\/png\" \/>\n<meta name=\"twitter:card\" content=\"summary_large_image\" \/>\n<meta name=\"twitter:label1\" content=\"Prix\" \/>\n\t<meta name=\"twitter:data1\" content=\"&#067;&#072;&#070;&nbsp;10.90\" \/>\n\t<meta name=\"twitter:label2\" content=\"Disponibilit\u00e9\" \/>\n\t<meta name=\"twitter:data2\" content=\"En stock\" \/>\n<script type=\"application\/ld+json\" class=\"yoast-schema-graph\">{\"@context\":\"https:\/\/schema.org\",\"@graph\":[{\"@type\":\"WebPage\",\"@id\":\"https:\/\/poppersschweiz.com\/fr\/produit\/lubrifiant-euroglider-superlube-a-base-deau-200ml\/\",\"url\":\"https:\/\/poppersschweiz.com\/fr\/produit\/lubrifiant-euroglider-superlube-a-base-deau-200ml\/\",\"name\":\"Lubrifiant Euroglider Superlube \u00e0 base d'eau 200ml \u25b7 hier g\u00fcnstig kaufen | poppersschweiz.com\",\"isPartOf\":{\"@id\":\"https:\/\/poppersschweiz.com\/fr\/#website\"},\"primaryImageOfPage\":{\"@id\":\"https:\/\/poppersschweiz.com\/fr\/produit\/lubrifiant-euroglider-superlube-a-base-deau-200ml\/#primaryimage\"},\"image\":{\"@id\":\"https:\/\/poppersschweiz.com\/fr\/produit\/lubrifiant-euroglider-superlube-a-base-deau-200ml\/#primaryimage\"},\"thumbnailUrl\":\"https:\/\/poppersschweiz.com\/wp-content\/uploads\/2023\/03\/Design-ohne-Titel-50.png\",\"datePublished\":\"2023-03-19T15:21:39+00:00\",\"description\":\"Lubrifiant Euroglider Superlube \u00e0 base d'eau 200ml \u25b7 hier g\u00fcnstig online kaufen. Schneller Versand \u2713 Nur Original-Produkte \u2713 Jetzt kaufen & Spa\u00df haben.\",\"breadcrumb\":{\"@id\":\"https:\/\/poppersschweiz.com\/fr\/produit\/lubrifiant-euroglider-superlube-a-base-deau-200ml\/#breadcrumb\"},\"inLanguage\":\"fr-FR\",\"potentialAction\":[{\"@type\":\"ReadAction\",\"target\":[\"https:\/\/poppersschweiz.com\/fr\/produit\/lubrifiant-euroglider-superlube-a-base-deau-200ml\/\"]}]},{\"@type\":\"ImageObject\",\"inLanguage\":\"fr-FR\",\"@id\":\"https:\/\/poppersschweiz.com\/fr\/produit\/lubrifiant-euroglider-superlube-a-base-deau-200ml\/#primaryimage\",\"url\":\"https:\/\/poppersschweiz.com\/wp-content\/uploads\/2023\/03\/Design-ohne-Titel-50.png\",\"contentUrl\":\"https:\/\/poppersschweiz.com\/wp-content\/uploads\/2023\/03\/Design-ohne-Titel-50.png\",\"width\":992,\"height\":1135,\"caption\":\"Gleitmittel Euroglider Superlube Wasserbasis 200ml\"},{\"@type\":\"BreadcrumbList\",\"@id\":\"https:\/\/poppersschweiz.com\/fr\/produit\/lubrifiant-euroglider-superlube-a-base-deau-200ml\/#breadcrumb\",\"itemListElement\":[{\"@type\":\"ListItem\",\"position\":1,\"name\":\"Page d'accueil\",\"item\":\"https:\/\/poppersschweiz.com\/fr\/\"},{\"@type\":\"ListItem\",\"position\":2,\"name\":\"Poppers, accessoires pour poppers et plus encore\",\"item\":\"https:\/\/poppersschweiz.com\/fr\/poppers-accessoires-pour-poppers-et-plus-encore\/\"},{\"@type\":\"ListItem\",\"position\":3,\"name\":\"Lubrifiant Euroglider Superlube \u00e0 base d&rsquo;eau 200ml\"}]},{\"@type\":\"WebSite\",\"@id\":\"https:\/\/poppersschweiz.com\/fr\/#website\",\"url\":\"https:\/\/poppersschweiz.com\/fr\/\",\"name\":\"poppersschweiz.com\",\"description\":\"\",\"potentialAction\":[{\"@type\":\"SearchAction\",\"target\":{\"@type\":\"EntryPoint\",\"urlTemplate\":\"https:\/\/poppersschweiz.com\/fr\/?s={search_term_string}\"},\"query-input\":{\"@type\":\"PropertyValueSpecification\",\"valueRequired\":true,\"valueName\":\"search_term_string\"}}],\"inLanguage\":\"fr-FR\"}]}<\/script>\n<meta property=\"product:price:amount\" content=\"10.90\" \/>\n<meta property=\"product:price:currency\" content=\"CHF\" \/>\n<meta property=\"og:availability\" content=\"instock\" \/>\n<meta property=\"product:availability\" content=\"instock\" \/>\n<meta property=\"product:retailer_item_id\" content=\"EG200\" \/>\n<meta property=\"product:condition\" content=\"new\" \/>\n<!-- \/ Yoast SEO plugin. -->","yoast_head_json":{"title":"Lubrifiant Euroglider Superlube \u00e0 base d'eau 200ml \u25b7 hier g\u00fcnstig kaufen | poppersschweiz.com","description":"Lubrifiant Euroglider Superlube \u00e0 base d'eau 200ml \u25b7 hier g\u00fcnstig online kaufen. Schneller Versand \u2713 Nur Original-Produkte \u2713 Jetzt kaufen & Spa\u00df haben.","robots":{"index":"index","follow":"follow","max-snippet":"max-snippet:-1","max-image-preview":"max-image-preview:large","max-video-preview":"max-video-preview:-1"},"canonical":"https:\/\/poppersschweiz.com\/fr\/produit\/lubrifiant-euroglider-superlube-a-base-deau-200ml\/","og_locale":"fr_FR","og_type":"article","og_title":"Lubrifiant Euroglider Superlube \u00e0 base d'eau 200ml \u25b7 hier g\u00fcnstig kaufen | poppersschweiz.com","og_description":"Lubrifiant Euroglider Superlube \u00e0 base d'eau 200ml \u25b7 hier g\u00fcnstig online kaufen. Schneller Versand \u2713 Nur Original-Produkte \u2713 Jetzt kaufen & Spa\u00df haben.","og_url":"https:\/\/poppersschweiz.com\/fr\/produit\/lubrifiant-euroglider-superlube-a-base-deau-200ml\/","og_site_name":"poppersschweiz.com","og_image":[{"width":992,"height":1135,"url":"https:\/\/poppersschweiz.com\/wp-content\/uploads\/2023\/03\/Design-ohne-Titel-50.png","type":"image\/png"}],"twitter_card":"summary_large_image","twitter_misc":{"Prix":"&#67;&#72;&#70;&nbsp;10.90","Disponibilit\u00e9":"En stock"},"schema":{"@context":"https:\/\/schema.org","@graph":[{"@type":"WebPage","@id":"https:\/\/poppersschweiz.com\/fr\/produit\/lubrifiant-euroglider-superlube-a-base-deau-200ml\/","url":"https:\/\/poppersschweiz.com\/fr\/produit\/lubrifiant-euroglider-superlube-a-base-deau-200ml\/","name":"Lubrifiant Euroglider Superlube \u00e0 base d'eau 200ml \u25b7 hier g\u00fcnstig kaufen | poppersschweiz.com","isPartOf":{"@id":"https:\/\/poppersschweiz.com\/fr\/#website"},"primaryImageOfPage":{"@id":"https:\/\/poppersschweiz.com\/fr\/produit\/lubrifiant-euroglider-superlube-a-base-deau-200ml\/#primaryimage"},"image":{"@id":"https:\/\/poppersschweiz.com\/fr\/produit\/lubrifiant-euroglider-superlube-a-base-deau-200ml\/#primaryimage"},"thumbnailUrl":"https:\/\/poppersschweiz.com\/wp-content\/uploads\/2023\/03\/Design-ohne-Titel-50.png","datePublished":"2023-03-19T15:21:39+00:00","description":"Lubrifiant Euroglider Superlube \u00e0 base d'eau 200ml \u25b7 hier g\u00fcnstig online kaufen. Schneller Versand \u2713 Nur Original-Produkte \u2713 Jetzt kaufen & Spa\u00df haben.","breadcrumb":{"@id":"https:\/\/poppersschweiz.com\/fr\/produit\/lubrifiant-euroglider-superlube-a-base-deau-200ml\/#breadcrumb"},"inLanguage":"fr-FR","potentialAction":[{"@type":"ReadAction","target":["https:\/\/poppersschweiz.com\/fr\/produit\/lubrifiant-euroglider-superlube-a-base-deau-200ml\/"]}]},{"@type":"ImageObject","inLanguage":"fr-FR","@id":"https:\/\/poppersschweiz.com\/fr\/produit\/lubrifiant-euroglider-superlube-a-base-deau-200ml\/#primaryimage","url":"https:\/\/poppersschweiz.com\/wp-content\/uploads\/2023\/03\/Design-ohne-Titel-50.png","contentUrl":"https:\/\/poppersschweiz.com\/wp-content\/uploads\/2023\/03\/Design-ohne-Titel-50.png","width":992,"height":1135,"caption":"Gleitmittel Euroglider Superlube Wasserbasis 200ml"},{"@type":"BreadcrumbList","@id":"https:\/\/poppersschweiz.com\/fr\/produit\/lubrifiant-euroglider-superlube-a-base-deau-200ml\/#breadcrumb","itemListElement":[{"@type":"ListItem","position":1,"name":"Page d'accueil","item":"https:\/\/poppersschweiz.com\/fr\/"},{"@type":"ListItem","position":2,"name":"Poppers, accessoires pour poppers et plus encore","item":"https:\/\/poppersschweiz.com\/fr\/poppers-accessoires-pour-poppers-et-plus-encore\/"},{"@type":"ListItem","position":3,"name":"Lubrifiant Euroglider Superlube \u00e0 base d&rsquo;eau 200ml"}]},{"@type":"WebSite","@id":"https:\/\/poppersschweiz.com\/fr\/#website","url":"https:\/\/poppersschweiz.com\/fr\/","name":"poppersschweiz.com","description":"","potentialAction":[{"@type":"SearchAction","target":{"@type":"EntryPoint","urlTemplate":"https:\/\/poppersschweiz.com\/fr\/?s={search_term_string}"},"query-input":{"@type":"PropertyValueSpecification","valueRequired":true,"valueName":"search_term_string"}}],"inLanguage":"fr-FR"}]},"product_price_amount":"10.90","product_price_currency":"CHF","og_availability":"instock","product_availability":"instock","product_retailer_item_id":"EG200","product_condition":"new"},"_links":{"self":[{"href":"https:\/\/poppersschweiz.com\/fr\/wp-json\/wp\/v2\/product\/20921","targetHints":{"allow":["GET"]}}],"collection":[{"href":"https:\/\/poppersschweiz.com\/fr\/wp-json\/wp\/v2\/product"}],"about":[{"href":"https:\/\/poppersschweiz.com\/fr\/wp-json\/wp\/v2\/types\/product"}],"replies":[{"embeddable":true,"href":"https:\/\/poppersschweiz.com\/fr\/wp-json\/wp\/v2\/comments?post=20921"}],"wp:featuredmedia":[{"embeddable":true,"href":"https:\/\/poppersschweiz.com\/fr\/wp-json\/wp\/v2\/media\/20924"}],"wp:attachment":[{"href":"https:\/\/poppersschweiz.com\/fr\/wp-json\/wp\/v2\/media?parent=20921"}],"wp:term":[{"taxonomy":"product_brand","embeddable":true,"href":"https:\/\/poppersschweiz.com\/fr\/wp-json\/wp\/v2\/product_brand?post=20921"},{"taxonomy":"product_cat","embeddable":true,"href":"https:\/\/poppersschweiz.com\/fr\/wp-json\/wp\/v2\/product_cat?post=20921"},{"taxonomy":"product_tag","embeddable":true,"href":"https:\/\/poppersschweiz.com\/fr\/wp-json\/wp\/v2\/product_tag?post=20921"}],"curies":[{"name":"wp","href":"https:\/\/api.w.org\/{rel}","templated":true}]}}