{"id":20927,"date":"2023-03-19T16:26:16","date_gmt":"2023-03-19T15:26:16","guid":{"rendered":"https:\/\/poppersschweiz.com\/product\/lubrifiant-heros-a-base-de-silicone-500ml\/"},"modified":"2023-03-19T16:26:16","modified_gmt":"2023-03-19T15:26:16","slug":"lubrifiant-heros-a-base-de-silicone-500ml","status":"publish","type":"product","link":"https:\/\/poppersschweiz.com\/fr\/produit\/lubrifiant-heros-a-base-de-silicone-500ml\/","title":{"rendered":"Lubrifiant Heros \u00e0 base de silicone 500ml"},"content":{"rendered":"<p>Le lubrifiant <strong>Heros 500ml<\/strong> est \u00e0 base de silicone. Les lubrifiants \u00e0 base de silicone sont certes un peu plus chers, mais ils offrent quelques avantages essentiels. HEROS dispose d&rsquo;un pouvoir lubrifiant extra-long, car les mol\u00e9cules de silicone restent plus longtemps sur la peau. Ainsi, tu n&rsquo;as pas besoin d&rsquo;en remettre \u00e0 chaque fois. HEROS est en outre particuli\u00e8rement <strong>bien tol\u00e9r\u00e9 par la peau, ne contient pas d&rsquo;huile et est compatible avec les pr\u00e9servatifs en latex.<\/strong> Gr\u00e2ce \u00e0 sa tr\u00e8s bonne lubrification, tu peux aussi utiliser HEROS pour le <strong>massage<\/strong>. Compar\u00e9 aux autres lubrifiants \u00e0 base de silicone, HEROS est super concentr\u00e9. Essaye HEROS et laisse un avis sur le produit sur cette page. Le lubrifiant HEROS est disponible chez nous en bouteilles de 200 ml et 500 ml.<\/p>\n<p><strong>Ingr\u00e9dients<\/strong>: Cyclopentasiloxane, Dimethicone<\/p>\n","protected":false},"excerpt":{"rendered":"<p>Le lubrifiant <strong>Heros 500ml<\/strong> est \u00e0 base de silicone.<\/p>\n<p>&nbsp;<\/p>\n","protected":false},"featured_media":24784,"comment_status":"open","ping_status":"closed","template":"","meta":{"_acf_changed":false,"_glsr_average":0,"_glsr_ranking":0,"_glsr_reviews":0},"product_brand":[],"product_cat":[548,569],"product_tag":[],"class_list":{"0":"post-20927","1":"product","2":"type-product","3":"status-publish","4":"has-post-thumbnail","6":"product_cat-droguerie","7":"product_cat-lubrifiant","9":"first","10":"instock","11":"taxable","12":"shipping-taxable","13":"purchasable","14":"product-type-simple"},"bundled_by":[],"bundle_stock_status":"instock","bundle_stock_quantity":null,"bundle_virtual":false,"bundle_layout":"","bundle_add_to_cart_form_location":"","bundle_editable_in_cart":false,"bundle_sold_individually_context":"","bundle_item_grouping":"","bundle_min_size":"","bundle_max_size":"","bundled_items":[],"bundle_sell_ids":[],"acf":[],"yoast_head":"<!-- This site is optimized with the Yoast SEO plugin v27.2 - https:\/\/yoast.com\/product\/yoast-seo-wordpress\/ -->\n<title>Lubrifiant Heros \u00e0 base de silicone 500ml \u25b7 hier g\u00fcnstig kaufen | poppersschweiz.com<\/title>\n<meta name=\"description\" content=\"Lubrifiant Heros \u00e0 base de silicone 500ml \u25b7 hier g\u00fcnstig online kaufen. Schneller Versand \u2713 Nur Original-Produkte \u2713 Jetzt kaufen &amp; Spa\u00df haben.\" \/>\n<meta name=\"robots\" content=\"index, follow, max-snippet:-1, max-image-preview:large, max-video-preview:-1\" \/>\n<link rel=\"canonical\" href=\"https:\/\/poppersschweiz.com\/fr\/produit\/lubrifiant-heros-a-base-de-silicone-500ml\/\" \/>\n<meta property=\"og:locale\" content=\"fr_FR\" \/>\n<meta property=\"og:type\" content=\"article\" \/>\n<meta property=\"og:title\" content=\"Lubrifiant Heros \u00e0 base de silicone 500ml \u25b7 hier g\u00fcnstig kaufen | poppersschweiz.com\" \/>\n<meta property=\"og:description\" content=\"Lubrifiant Heros \u00e0 base de silicone 500ml \u25b7 hier g\u00fcnstig online kaufen. Schneller Versand \u2713 Nur Original-Produkte \u2713 Jetzt kaufen &amp; Spa\u00df haben.\" \/>\n<meta property=\"og:url\" content=\"https:\/\/poppersschweiz.com\/fr\/produit\/lubrifiant-heros-a-base-de-silicone-500ml\/\" \/>\n<meta property=\"og:site_name\" content=\"poppersschweiz.com\" \/>\n<meta property=\"og:image\" content=\"https:\/\/poppersschweiz.com\/wp-content\/uploads\/2023\/03\/Gleitmittel-Heros-silikonbasis-500ml.png\" \/>\n\t<meta property=\"og:image:width\" content=\"600\" \/>\n\t<meta property=\"og:image:height\" content=\"600\" \/>\n\t<meta property=\"og:image:type\" content=\"image\/png\" \/>\n<meta name=\"twitter:card\" content=\"summary_large_image\" \/>\n<meta name=\"twitter:label1\" content=\"Prix\" \/>\n\t<meta name=\"twitter:data1\" content=\"&#067;&#072;&#070;&nbsp;25.50\" \/>\n\t<meta name=\"twitter:label2\" content=\"Disponibilit\u00e9\" \/>\n\t<meta name=\"twitter:data2\" content=\"En stock\" \/>\n<script type=\"application\/ld+json\" class=\"yoast-schema-graph\">{\"@context\":\"https:\/\/schema.org\",\"@graph\":[{\"@type\":\"WebPage\",\"@id\":\"https:\/\/poppersschweiz.com\/fr\/produit\/lubrifiant-heros-a-base-de-silicone-500ml\/\",\"url\":\"https:\/\/poppersschweiz.com\/fr\/produit\/lubrifiant-heros-a-base-de-silicone-500ml\/\",\"name\":\"Lubrifiant Heros \u00e0 base de silicone 500ml \u25b7 hier g\u00fcnstig kaufen | poppersschweiz.com\",\"isPartOf\":{\"@id\":\"https:\/\/poppersschweiz.com\/fr\/#website\"},\"primaryImageOfPage\":{\"@id\":\"https:\/\/poppersschweiz.com\/fr\/produit\/lubrifiant-heros-a-base-de-silicone-500ml\/#primaryimage\"},\"image\":{\"@id\":\"https:\/\/poppersschweiz.com\/fr\/produit\/lubrifiant-heros-a-base-de-silicone-500ml\/#primaryimage\"},\"thumbnailUrl\":\"https:\/\/poppersschweiz.com\/wp-content\/uploads\/2023\/03\/Heros-Lubricant-Silicone-500ml.png\",\"datePublished\":\"2023-03-19T15:26:16+00:00\",\"description\":\"Lubrifiant Heros \u00e0 base de silicone 500ml \u25b7 hier g\u00fcnstig online kaufen. Schneller Versand \u2713 Nur Original-Produkte \u2713 Jetzt kaufen & Spa\u00df haben.\",\"breadcrumb\":{\"@id\":\"https:\/\/poppersschweiz.com\/fr\/produit\/lubrifiant-heros-a-base-de-silicone-500ml\/#breadcrumb\"},\"inLanguage\":\"fr-FR\",\"potentialAction\":[{\"@type\":\"ReadAction\",\"target\":[\"https:\/\/poppersschweiz.com\/fr\/produit\/lubrifiant-heros-a-base-de-silicone-500ml\/\"]}]},{\"@type\":\"ImageObject\",\"inLanguage\":\"fr-FR\",\"@id\":\"https:\/\/poppersschweiz.com\/fr\/produit\/lubrifiant-heros-a-base-de-silicone-500ml\/#primaryimage\",\"url\":\"https:\/\/poppersschweiz.com\/wp-content\/uploads\/2023\/03\/Heros-Lubricant-Silicone-500ml.png\",\"contentUrl\":\"https:\/\/poppersschweiz.com\/wp-content\/uploads\/2023\/03\/Heros-Lubricant-Silicone-500ml.png\",\"width\":600,\"height\":600,\"caption\":\"Gleitmittel Heros silikonbasis 500ml\"},{\"@type\":\"BreadcrumbList\",\"@id\":\"https:\/\/poppersschweiz.com\/fr\/produit\/lubrifiant-heros-a-base-de-silicone-500ml\/#breadcrumb\",\"itemListElement\":[{\"@type\":\"ListItem\",\"position\":1,\"name\":\"Page d'accueil\",\"item\":\"https:\/\/poppersschweiz.com\/fr\/\"},{\"@type\":\"ListItem\",\"position\":2,\"name\":\"Poppers, accessoires pour poppers et plus encore\",\"item\":\"https:\/\/poppersschweiz.com\/fr\/poppers-accessoires-pour-poppers-et-plus-encore\/\"},{\"@type\":\"ListItem\",\"position\":3,\"name\":\"Lubrifiant Heros \u00e0 base de silicone 500ml\"}]},{\"@type\":\"WebSite\",\"@id\":\"https:\/\/poppersschweiz.com\/fr\/#website\",\"url\":\"https:\/\/poppersschweiz.com\/fr\/\",\"name\":\"poppersschweiz.com\",\"description\":\"\",\"potentialAction\":[{\"@type\":\"SearchAction\",\"target\":{\"@type\":\"EntryPoint\",\"urlTemplate\":\"https:\/\/poppersschweiz.com\/fr\/?s={search_term_string}\"},\"query-input\":{\"@type\":\"PropertyValueSpecification\",\"valueRequired\":true,\"valueName\":\"search_term_string\"}}],\"inLanguage\":\"fr-FR\"}]}<\/script>\n<meta property=\"product:price:amount\" content=\"25.50\" \/>\n<meta property=\"product:price:currency\" content=\"CHF\" \/>\n<meta property=\"og:availability\" content=\"instock\" \/>\n<meta property=\"product:availability\" content=\"instock\" \/>\n<meta property=\"product:retailer_item_id\" content=\"HE500\" \/>\n<meta property=\"product:condition\" content=\"new\" \/>\n<!-- \/ Yoast SEO plugin. -->","yoast_head_json":{"title":"Lubrifiant Heros \u00e0 base de silicone 500ml \u25b7 hier g\u00fcnstig kaufen | poppersschweiz.com","description":"Lubrifiant Heros \u00e0 base de silicone 500ml \u25b7 hier g\u00fcnstig online kaufen. Schneller Versand \u2713 Nur Original-Produkte \u2713 Jetzt kaufen & Spa\u00df haben.","robots":{"index":"index","follow":"follow","max-snippet":"max-snippet:-1","max-image-preview":"max-image-preview:large","max-video-preview":"max-video-preview:-1"},"canonical":"https:\/\/poppersschweiz.com\/fr\/produit\/lubrifiant-heros-a-base-de-silicone-500ml\/","og_locale":"fr_FR","og_type":"article","og_title":"Lubrifiant Heros \u00e0 base de silicone 500ml \u25b7 hier g\u00fcnstig kaufen | poppersschweiz.com","og_description":"Lubrifiant Heros \u00e0 base de silicone 500ml \u25b7 hier g\u00fcnstig online kaufen. Schneller Versand \u2713 Nur Original-Produkte \u2713 Jetzt kaufen & Spa\u00df haben.","og_url":"https:\/\/poppersschweiz.com\/fr\/produit\/lubrifiant-heros-a-base-de-silicone-500ml\/","og_site_name":"poppersschweiz.com","og_image":[{"width":600,"height":600,"url":"https:\/\/poppersschweiz.com\/wp-content\/uploads\/2023\/03\/Gleitmittel-Heros-silikonbasis-500ml.png","type":"image\/png"}],"twitter_card":"summary_large_image","twitter_misc":{"Prix":"&#67;&#72;&#70;&nbsp;25.50","Disponibilit\u00e9":"En stock"},"schema":{"@context":"https:\/\/schema.org","@graph":[{"@type":"WebPage","@id":"https:\/\/poppersschweiz.com\/fr\/produit\/lubrifiant-heros-a-base-de-silicone-500ml\/","url":"https:\/\/poppersschweiz.com\/fr\/produit\/lubrifiant-heros-a-base-de-silicone-500ml\/","name":"Lubrifiant Heros \u00e0 base de silicone 500ml \u25b7 hier g\u00fcnstig kaufen | poppersschweiz.com","isPartOf":{"@id":"https:\/\/poppersschweiz.com\/fr\/#website"},"primaryImageOfPage":{"@id":"https:\/\/poppersschweiz.com\/fr\/produit\/lubrifiant-heros-a-base-de-silicone-500ml\/#primaryimage"},"image":{"@id":"https:\/\/poppersschweiz.com\/fr\/produit\/lubrifiant-heros-a-base-de-silicone-500ml\/#primaryimage"},"thumbnailUrl":"https:\/\/poppersschweiz.com\/wp-content\/uploads\/2023\/03\/Heros-Lubricant-Silicone-500ml.png","datePublished":"2023-03-19T15:26:16+00:00","description":"Lubrifiant Heros \u00e0 base de silicone 500ml \u25b7 hier g\u00fcnstig online kaufen. Schneller Versand \u2713 Nur Original-Produkte \u2713 Jetzt kaufen & Spa\u00df haben.","breadcrumb":{"@id":"https:\/\/poppersschweiz.com\/fr\/produit\/lubrifiant-heros-a-base-de-silicone-500ml\/#breadcrumb"},"inLanguage":"fr-FR","potentialAction":[{"@type":"ReadAction","target":["https:\/\/poppersschweiz.com\/fr\/produit\/lubrifiant-heros-a-base-de-silicone-500ml\/"]}]},{"@type":"ImageObject","inLanguage":"fr-FR","@id":"https:\/\/poppersschweiz.com\/fr\/produit\/lubrifiant-heros-a-base-de-silicone-500ml\/#primaryimage","url":"https:\/\/poppersschweiz.com\/wp-content\/uploads\/2023\/03\/Heros-Lubricant-Silicone-500ml.png","contentUrl":"https:\/\/poppersschweiz.com\/wp-content\/uploads\/2023\/03\/Heros-Lubricant-Silicone-500ml.png","width":600,"height":600,"caption":"Gleitmittel Heros silikonbasis 500ml"},{"@type":"BreadcrumbList","@id":"https:\/\/poppersschweiz.com\/fr\/produit\/lubrifiant-heros-a-base-de-silicone-500ml\/#breadcrumb","itemListElement":[{"@type":"ListItem","position":1,"name":"Page d'accueil","item":"https:\/\/poppersschweiz.com\/fr\/"},{"@type":"ListItem","position":2,"name":"Poppers, accessoires pour poppers et plus encore","item":"https:\/\/poppersschweiz.com\/fr\/poppers-accessoires-pour-poppers-et-plus-encore\/"},{"@type":"ListItem","position":3,"name":"Lubrifiant Heros \u00e0 base de silicone 500ml"}]},{"@type":"WebSite","@id":"https:\/\/poppersschweiz.com\/fr\/#website","url":"https:\/\/poppersschweiz.com\/fr\/","name":"poppersschweiz.com","description":"","potentialAction":[{"@type":"SearchAction","target":{"@type":"EntryPoint","urlTemplate":"https:\/\/poppersschweiz.com\/fr\/?s={search_term_string}"},"query-input":{"@type":"PropertyValueSpecification","valueRequired":true,"valueName":"search_term_string"}}],"inLanguage":"fr-FR"}]},"product_price_amount":"25.50","product_price_currency":"CHF","og_availability":"instock","product_availability":"instock","product_retailer_item_id":"HE500","product_condition":"new"},"_links":{"self":[{"href":"https:\/\/poppersschweiz.com\/fr\/wp-json\/wp\/v2\/product\/20927","targetHints":{"allow":["GET"]}}],"collection":[{"href":"https:\/\/poppersschweiz.com\/fr\/wp-json\/wp\/v2\/product"}],"about":[{"href":"https:\/\/poppersschweiz.com\/fr\/wp-json\/wp\/v2\/types\/product"}],"replies":[{"embeddable":true,"href":"https:\/\/poppersschweiz.com\/fr\/wp-json\/wp\/v2\/comments?post=20927"}],"wp:featuredmedia":[{"embeddable":true,"href":"https:\/\/poppersschweiz.com\/fr\/wp-json\/wp\/v2\/media\/24784"}],"wp:attachment":[{"href":"https:\/\/poppersschweiz.com\/fr\/wp-json\/wp\/v2\/media?parent=20927"}],"wp:term":[{"taxonomy":"product_brand","embeddable":true,"href":"https:\/\/poppersschweiz.com\/fr\/wp-json\/wp\/v2\/product_brand?post=20927"},{"taxonomy":"product_cat","embeddable":true,"href":"https:\/\/poppersschweiz.com\/fr\/wp-json\/wp\/v2\/product_cat?post=20927"},{"taxonomy":"product_tag","embeddable":true,"href":"https:\/\/poppersschweiz.com\/fr\/wp-json\/wp\/v2\/product_tag?post=20927"}],"curies":[{"name":"wp","href":"https:\/\/api.w.org\/{rel}","templated":true}]}}