{"id":21054,"date":"2023-08-03T17:35:19","date_gmt":"2023-08-03T15:35:19","guid":{"rendered":"https:\/\/poppersschweiz.com\/product\/tenga-masturbateur-original-vacuum-cup\/"},"modified":"2023-08-03T17:35:19","modified_gmt":"2023-08-03T15:35:19","slug":"tenga-masturbateur-original-vacuum-cup","status":"publish","type":"product","link":"https:\/\/poppersschweiz.com\/fr\/produit\/tenga-masturbateur-original-vacuum-cup\/","title":{"rendered":"Tenga &#8211; Masturbateur Original Vacuum Cup"},"content":{"rendered":"<div>Le <strong>masturbateur Tenga<\/strong> donne la sensation d&rsquo;une <strong>fellation intense<\/strong>. Le masturbateur japonais Tenga &#8211; Original Vacuum Cup, avec sa forme parfaitement incurv\u00e9e, produit un effet de succion \u00e9poustouflant gr\u00e2ce \u00e0 sa valve sp\u00e9ciale. En fermant la valve avec le doigt, il est possible de r\u00e9gler le vide g\u00e9n\u00e9r\u00e9 et donc la puissance d&rsquo;aspiration. Le bruit de succion typique qui en r\u00e9sulte te donne l&rsquo;impression <strong>de vivre une v\u00e9ritable fellation<\/strong>. Avec plusieurs millions d&rsquo;unit\u00e9s vendues, le masturbateur Tenga &#8211; Original Vacuum Cup est le masturbateur le plus vendu dans la r\u00e9gion asiatique.<\/div>\n<div><\/div>\n<div>longueur : 15,5 cm<\/div>\n<div>Couleur : rouge<\/div>\n<div>Compatible avec le Tenga Cup Vaccum Controller<\/div>\n","protected":false},"excerpt":{"rendered":"<p>Le <strong>masturbateur Tenga<\/strong> donne la sensation d&rsquo;une <strong>fellation intense<\/strong>. Le bruit de succion typique qui en r\u00e9sulte te donne l&rsquo;impression <strong>de vivre une v\u00e9ritable fellation<\/strong>.<\/p>\n","protected":false},"featured_media":21056,"comment_status":"open","ping_status":"closed","template":"","meta":{"_acf_changed":false,"_glsr_average":0,"_glsr_ranking":0,"_glsr_reviews":0},"product_brand":[],"product_cat":[544,560],"product_tag":[680,681],"class_list":{"0":"post-21054","1":"product","2":"type-product","3":"status-publish","4":"has-post-thumbnail","6":"product_cat-jouets","7":"product_cat-masturbateurs","8":"product_tag-colt-hand-job-stroker-fr","9":"product_tag-tenga-masturbateur-original-vacuum-cup","11":"first","12":"instock","13":"taxable","14":"shipping-taxable","15":"purchasable","16":"product-type-simple"},"bundled_by":[],"bundle_stock_status":"instock","bundle_stock_quantity":null,"bundle_virtual":false,"bundle_layout":"","bundle_add_to_cart_form_location":"","bundle_editable_in_cart":false,"bundle_sold_individually_context":"","bundle_item_grouping":"","bundle_min_size":"","bundle_max_size":"","bundled_items":[],"bundle_sell_ids":[],"acf":[],"yoast_head":"<!-- This site is optimized with the Yoast SEO plugin v27.2 - https:\/\/yoast.com\/product\/yoast-seo-wordpress\/ -->\n<title>Tenga - Masturbateur Original Vacuum Cup \u25b7 hier g\u00fcnstig kaufen | poppersschweiz.com<\/title>\n<meta name=\"description\" content=\"Tenga - Masturbateur Original Vacuum Cup \u25b7 hier g\u00fcnstig online kaufen. Schneller Versand \u2713 Nur Original-Produkte \u2713 Jetzt kaufen &amp; Spa\u00df haben.\" \/>\n<meta name=\"robots\" content=\"index, follow, max-snippet:-1, max-image-preview:large, max-video-preview:-1\" \/>\n<link rel=\"canonical\" href=\"https:\/\/poppersschweiz.com\/fr\/produit\/tenga-masturbateur-original-vacuum-cup\/\" \/>\n<meta property=\"og:locale\" content=\"fr_FR\" \/>\n<meta property=\"og:type\" content=\"article\" \/>\n<meta property=\"og:title\" content=\"Tenga - Masturbateur Original Vacuum Cup \u25b7 hier g\u00fcnstig kaufen | poppersschweiz.com\" \/>\n<meta property=\"og:description\" content=\"Tenga - Masturbateur Original Vacuum Cup \u25b7 hier g\u00fcnstig online kaufen. Schneller Versand \u2713 Nur Original-Produkte \u2713 Jetzt kaufen &amp; Spa\u00df haben.\" \/>\n<meta property=\"og:url\" content=\"https:\/\/poppersschweiz.com\/fr\/produit\/tenga-masturbateur-original-vacuum-cup\/\" \/>\n<meta property=\"og:site_name\" content=\"poppersschweiz.com\" \/>\n<meta property=\"og:image\" content=\"https:\/\/poppersschweiz.com\/wp-content\/uploads\/2023\/08\/Tenga-Original-Vacuum-Cup1.jpg\" \/>\n\t<meta property=\"og:image:width\" content=\"961\" \/>\n\t<meta property=\"og:image:height\" content=\"1123\" \/>\n\t<meta property=\"og:image:type\" content=\"image\/jpeg\" \/>\n<meta name=\"twitter:card\" content=\"summary_large_image\" \/>\n<meta name=\"twitter:label1\" content=\"Prix\" \/>\n\t<meta name=\"twitter:data1\" content=\"&#067;&#072;&#070;&nbsp;19.90\" \/>\n\t<meta name=\"twitter:label2\" content=\"Disponibilit\u00e9\" \/>\n\t<meta name=\"twitter:data2\" content=\"En stock\" \/>\n<script type=\"application\/ld+json\" class=\"yoast-schema-graph\">{\"@context\":\"https:\/\/schema.org\",\"@graph\":[{\"@type\":\"WebPage\",\"@id\":\"https:\/\/poppersschweiz.com\/fr\/produit\/tenga-masturbateur-original-vacuum-cup\/\",\"url\":\"https:\/\/poppersschweiz.com\/fr\/produit\/tenga-masturbateur-original-vacuum-cup\/\",\"name\":\"Tenga - Masturbateur Original Vacuum Cup \u25b7 hier g\u00fcnstig kaufen | poppersschweiz.com\",\"isPartOf\":{\"@id\":\"https:\/\/poppersschweiz.com\/fr\/#website\"},\"primaryImageOfPage\":{\"@id\":\"https:\/\/poppersschweiz.com\/fr\/produit\/tenga-masturbateur-original-vacuum-cup\/#primaryimage\"},\"image\":{\"@id\":\"https:\/\/poppersschweiz.com\/fr\/produit\/tenga-masturbateur-original-vacuum-cup\/#primaryimage\"},\"thumbnailUrl\":\"https:\/\/poppersschweiz.com\/wp-content\/uploads\/2023\/08\/Tenga-Original-Vacuum-Cup1.jpg\",\"datePublished\":\"2023-08-03T15:35:19+00:00\",\"description\":\"Tenga - Masturbateur Original Vacuum Cup \u25b7 hier g\u00fcnstig online kaufen. Schneller Versand \u2713 Nur Original-Produkte \u2713 Jetzt kaufen & Spa\u00df haben.\",\"breadcrumb\":{\"@id\":\"https:\/\/poppersschweiz.com\/fr\/produit\/tenga-masturbateur-original-vacuum-cup\/#breadcrumb\"},\"inLanguage\":\"fr-FR\",\"potentialAction\":[{\"@type\":\"ReadAction\",\"target\":[\"https:\/\/poppersschweiz.com\/fr\/produit\/tenga-masturbateur-original-vacuum-cup\/\"]}]},{\"@type\":\"ImageObject\",\"inLanguage\":\"fr-FR\",\"@id\":\"https:\/\/poppersschweiz.com\/fr\/produit\/tenga-masturbateur-original-vacuum-cup\/#primaryimage\",\"url\":\"https:\/\/poppersschweiz.com\/wp-content\/uploads\/2023\/08\/Tenga-Original-Vacuum-Cup1.jpg\",\"contentUrl\":\"https:\/\/poppersschweiz.com\/wp-content\/uploads\/2023\/08\/Tenga-Original-Vacuum-Cup1.jpg\",\"width\":961,\"height\":1123,\"caption\":\"Tenga - Original Vacuum Cup Masturbator\"},{\"@type\":\"BreadcrumbList\",\"@id\":\"https:\/\/poppersschweiz.com\/fr\/produit\/tenga-masturbateur-original-vacuum-cup\/#breadcrumb\",\"itemListElement\":[{\"@type\":\"ListItem\",\"position\":1,\"name\":\"Page d'accueil\",\"item\":\"https:\/\/poppersschweiz.com\/fr\/\"},{\"@type\":\"ListItem\",\"position\":2,\"name\":\"Poppers, accessoires pour poppers et plus encore\",\"item\":\"https:\/\/poppersschweiz.com\/fr\/poppers-accessoires-pour-poppers-et-plus-encore\/\"},{\"@type\":\"ListItem\",\"position\":3,\"name\":\"Tenga &#8211; Masturbateur Original Vacuum Cup\"}]},{\"@type\":\"WebSite\",\"@id\":\"https:\/\/poppersschweiz.com\/fr\/#website\",\"url\":\"https:\/\/poppersschweiz.com\/fr\/\",\"name\":\"poppersschweiz.com\",\"description\":\"\",\"potentialAction\":[{\"@type\":\"SearchAction\",\"target\":{\"@type\":\"EntryPoint\",\"urlTemplate\":\"https:\/\/poppersschweiz.com\/fr\/?s={search_term_string}\"},\"query-input\":{\"@type\":\"PropertyValueSpecification\",\"valueRequired\":true,\"valueName\":\"search_term_string\"}}],\"inLanguage\":\"fr-FR\"}]}<\/script>\n<meta property=\"product:price:amount\" content=\"19.90\" \/>\n<meta property=\"product:price:currency\" content=\"CHF\" \/>\n<meta property=\"og:availability\" content=\"instock\" \/>\n<meta property=\"product:availability\" content=\"instock\" \/>\n<meta property=\"product:retailer_item_id\" content=\"T-T-OVC\" \/>\n<meta property=\"product:condition\" content=\"new\" \/>\n<!-- \/ Yoast SEO plugin. -->","yoast_head_json":{"title":"Tenga - Masturbateur Original Vacuum Cup \u25b7 hier g\u00fcnstig kaufen | poppersschweiz.com","description":"Tenga - Masturbateur Original Vacuum Cup \u25b7 hier g\u00fcnstig online kaufen. Schneller Versand \u2713 Nur Original-Produkte \u2713 Jetzt kaufen & Spa\u00df haben.","robots":{"index":"index","follow":"follow","max-snippet":"max-snippet:-1","max-image-preview":"max-image-preview:large","max-video-preview":"max-video-preview:-1"},"canonical":"https:\/\/poppersschweiz.com\/fr\/produit\/tenga-masturbateur-original-vacuum-cup\/","og_locale":"fr_FR","og_type":"article","og_title":"Tenga - Masturbateur Original Vacuum Cup \u25b7 hier g\u00fcnstig kaufen | poppersschweiz.com","og_description":"Tenga - Masturbateur Original Vacuum Cup \u25b7 hier g\u00fcnstig online kaufen. Schneller Versand \u2713 Nur Original-Produkte \u2713 Jetzt kaufen & Spa\u00df haben.","og_url":"https:\/\/poppersschweiz.com\/fr\/produit\/tenga-masturbateur-original-vacuum-cup\/","og_site_name":"poppersschweiz.com","og_image":[{"width":961,"height":1123,"url":"https:\/\/poppersschweiz.com\/wp-content\/uploads\/2023\/08\/Tenga-Original-Vacuum-Cup1.jpg","type":"image\/jpeg"}],"twitter_card":"summary_large_image","twitter_misc":{"Prix":"&#67;&#72;&#70;&nbsp;19.90","Disponibilit\u00e9":"En stock"},"schema":{"@context":"https:\/\/schema.org","@graph":[{"@type":"WebPage","@id":"https:\/\/poppersschweiz.com\/fr\/produit\/tenga-masturbateur-original-vacuum-cup\/","url":"https:\/\/poppersschweiz.com\/fr\/produit\/tenga-masturbateur-original-vacuum-cup\/","name":"Tenga - Masturbateur Original Vacuum Cup \u25b7 hier g\u00fcnstig kaufen | poppersschweiz.com","isPartOf":{"@id":"https:\/\/poppersschweiz.com\/fr\/#website"},"primaryImageOfPage":{"@id":"https:\/\/poppersschweiz.com\/fr\/produit\/tenga-masturbateur-original-vacuum-cup\/#primaryimage"},"image":{"@id":"https:\/\/poppersschweiz.com\/fr\/produit\/tenga-masturbateur-original-vacuum-cup\/#primaryimage"},"thumbnailUrl":"https:\/\/poppersschweiz.com\/wp-content\/uploads\/2023\/08\/Tenga-Original-Vacuum-Cup1.jpg","datePublished":"2023-08-03T15:35:19+00:00","description":"Tenga - Masturbateur Original Vacuum Cup \u25b7 hier g\u00fcnstig online kaufen. Schneller Versand \u2713 Nur Original-Produkte \u2713 Jetzt kaufen & Spa\u00df haben.","breadcrumb":{"@id":"https:\/\/poppersschweiz.com\/fr\/produit\/tenga-masturbateur-original-vacuum-cup\/#breadcrumb"},"inLanguage":"fr-FR","potentialAction":[{"@type":"ReadAction","target":["https:\/\/poppersschweiz.com\/fr\/produit\/tenga-masturbateur-original-vacuum-cup\/"]}]},{"@type":"ImageObject","inLanguage":"fr-FR","@id":"https:\/\/poppersschweiz.com\/fr\/produit\/tenga-masturbateur-original-vacuum-cup\/#primaryimage","url":"https:\/\/poppersschweiz.com\/wp-content\/uploads\/2023\/08\/Tenga-Original-Vacuum-Cup1.jpg","contentUrl":"https:\/\/poppersschweiz.com\/wp-content\/uploads\/2023\/08\/Tenga-Original-Vacuum-Cup1.jpg","width":961,"height":1123,"caption":"Tenga - Original Vacuum Cup Masturbator"},{"@type":"BreadcrumbList","@id":"https:\/\/poppersschweiz.com\/fr\/produit\/tenga-masturbateur-original-vacuum-cup\/#breadcrumb","itemListElement":[{"@type":"ListItem","position":1,"name":"Page d'accueil","item":"https:\/\/poppersschweiz.com\/fr\/"},{"@type":"ListItem","position":2,"name":"Poppers, accessoires pour poppers et plus encore","item":"https:\/\/poppersschweiz.com\/fr\/poppers-accessoires-pour-poppers-et-plus-encore\/"},{"@type":"ListItem","position":3,"name":"Tenga &#8211; Masturbateur Original Vacuum Cup"}]},{"@type":"WebSite","@id":"https:\/\/poppersschweiz.com\/fr\/#website","url":"https:\/\/poppersschweiz.com\/fr\/","name":"poppersschweiz.com","description":"","potentialAction":[{"@type":"SearchAction","target":{"@type":"EntryPoint","urlTemplate":"https:\/\/poppersschweiz.com\/fr\/?s={search_term_string}"},"query-input":{"@type":"PropertyValueSpecification","valueRequired":true,"valueName":"search_term_string"}}],"inLanguage":"fr-FR"}]},"product_price_amount":"19.90","product_price_currency":"CHF","og_availability":"instock","product_availability":"instock","product_retailer_item_id":"T-T-OVC","product_condition":"new"},"_links":{"self":[{"href":"https:\/\/poppersschweiz.com\/fr\/wp-json\/wp\/v2\/product\/21054","targetHints":{"allow":["GET"]}}],"collection":[{"href":"https:\/\/poppersschweiz.com\/fr\/wp-json\/wp\/v2\/product"}],"about":[{"href":"https:\/\/poppersschweiz.com\/fr\/wp-json\/wp\/v2\/types\/product"}],"replies":[{"embeddable":true,"href":"https:\/\/poppersschweiz.com\/fr\/wp-json\/wp\/v2\/comments?post=21054"}],"wp:featuredmedia":[{"embeddable":true,"href":"https:\/\/poppersschweiz.com\/fr\/wp-json\/wp\/v2\/media\/21056"}],"wp:attachment":[{"href":"https:\/\/poppersschweiz.com\/fr\/wp-json\/wp\/v2\/media?parent=21054"}],"wp:term":[{"taxonomy":"product_brand","embeddable":true,"href":"https:\/\/poppersschweiz.com\/fr\/wp-json\/wp\/v2\/product_brand?post=21054"},{"taxonomy":"product_cat","embeddable":true,"href":"https:\/\/poppersschweiz.com\/fr\/wp-json\/wp\/v2\/product_cat?post=21054"},{"taxonomy":"product_tag","embeddable":true,"href":"https:\/\/poppersschweiz.com\/fr\/wp-json\/wp\/v2\/product_tag?post=21054"}],"curies":[{"name":"wp","href":"https:\/\/api.w.org\/{rel}","templated":true}]}}